{"id":8957,"date":"2025-11-08T11:53:43","date_gmt":"2025-11-08T11:53:43","guid":{"rendered":"https:\/\/gambling6.com\/kasiino\/kust-leida-parima-kvaliteediga-online-slotimange\/"},"modified":"2025-11-12T17:04:19","modified_gmt":"2025-11-12T17:04:19","slug":"kust-leida-parima-kvaliteediga-online-slotimange","status":"publish","type":"page","link":"https:\/\/gambling6.com\/et\/kasiino\/kust-leida-parima-kvaliteediga-online-slotimange\/","title":{"rendered":"Kust leida parima kvaliteediga online slotim\u00e4nge"},"content":{"rendered":"<h2>Kvaliteetsed online-slotikasiinod<\/h2>\n<p>Kui r\u00e4\u00e4kida online-kasiinodest, siis slotim\u00e4ngud on tavaliselt valiku, m\u00e4ngijate arvu ja jackpotide poolest esikohal. Loomulikult on v\u00e4ga lihtne m\u00f5ista, miks online-slotikam\u00e4ngud on nii populaarsed, ja vaid \u00fche lihtsa s\u00fcmbolite keerutusega on igal m\u00e4ngijal potentsiaal v\u00f5ita suuri auhindu, isegi miljoneid dollareid. Tegelikult on slotim\u00e4ngud online-kasiinodes nii populaarsed, et m\u00f5ned online-kasiinod pakuvad just nende m\u00e4ngude jaoks spetsiaalseid boonuseid, kuna m\u00e4ngijad liituvad ainult erinevate slotim\u00e4ngude m\u00e4ngimiseks ja nad pole millestki muust huvitatud. Kuna online-slotikate parim strateegia on rohkem m\u00e4ngida, tulevad need boonused kiiresti kasuks. <\/p>\n<h2>Kasiinom\u00e4ngude tarkvara pakkujad<\/h2>\n<p><img loading=\"lazy\" decoding=\"async\" class=\"size-full wp-image-400 alignright\" src=\"https:\/\/gambling6.com\/wp-content\/uploads\/2013\/12\/mobile-gambling-150x150.jpg\" alt=\"veebip\u00f5hine m\u00e4nguautomaat\" width=\"150\" height=\"150\" \/>Iga online-kasiinot haldab tarkvaraarendaja ja on \u00fcsna palju ettev\u00f5tteid, kes on endale nime teinud, pakkudes internetis parimaid kasiinom\u00e4nge. Kui te ei tea, millist slotitarkvara valida, j\u00e4rgige linki ja see viib teid kahe populaarseima nime juurde selles valdkonnas.<\/p>\n<h2>Parimate slotim\u00e4ngude m\u00e4ngimine internetis<\/h2>\n<p>Graafika ja funktsioonid v\u00f5ivad tarkvarast olenevalt v\u00e4ga erineda, seega on alati hea m\u00f5te vaadata mitut valikut ja vaadata, milline teile k\u00f5ige meeldivam tundub. Teades, kuidas m\u00f5ned konkreetse tarkvaraarendaja m\u00e4ngud v\u00e4lja n\u00e4evad, on teil uue online-kasiinoga liitumise otsimine palju lihtsam. Kuigi m\u00f5nel saidil on m\u00f5ned unikaalsed m\u00e4ngud, mis on spetsiaalselt k\u00f5nealuse online-kasiino jaoks loodud, on k\u00f5igil sama tarkvarapakkuja saitidel peaaegu samad m\u00e4ngud. Klientide rahulolu tagamiseks pakuvad m\u00f5ned online-kasiinod m\u00e4nge mitmelt tarkvarapakkujalt ja seda on alati tore n\u00e4ha.<\/p>\n<h3>Online slotim\u00e4ngud<\/h3>\n<p>Kuna nii palju online-kasiinosid pakub slotim\u00e4nge erinevatelt pakkujatelt, v\u00f5ib olla v\u00e4ga raske teada, millised neist on t\u00f5epoolest parimad. See garanteerib iga kord suurep\u00e4rase m\u00e4ngukogemuse. Vaadake seda valikut, mida peetakse n\u00fc\u00fcd interneti parimate slotim\u00e4ngudega kasiinoks, kuna see pakub peaaegu k\u00f5ike. Siin loetletud sait v\u00f5ib muutuda, kui ilmub parem valik, kuid praegu on parim sait slotim\u00e4ngude m\u00e4ngimiseks 888 Casino. 888 on \u00fcks online-hasartm\u00e4ngude liidreid, kus on suur spordiennustus, realistlik pokkerituba ja suur kasiino.<\/p>\n<p>Mis teeb 888 Casinost nii suurep\u00e4rase koha slotim\u00e4ngude m\u00e4ngimiseks, on see, et neil on pikk nimekiri valikutest, kus on pealkirju Playtechilt, IGT-lt, Microgamingilt ja m\u00f5nedelt nende endilt. Uuel m\u00e4ngijal kulub mitu p\u00e4eva, et k\u00f5ik saadaolevad m\u00e4ngud l\u00e4bi vaadata, ja erinevad stiilid garanteerivad, et tal ei hakka kunagi igav.<\/p>\n<p><a href=\"https:\/\/ic.aff-handler.com\/C\/45871?sr=1064399&amp;anid=\" rel=\"nofollow\"><img loading=\"lazy\" decoding=\"async\" class=\"aligncenter\" src=\"https:\/\/ic.aff-handler.com\/I\/45871?sr=1064399&amp;anid=\" width=\"725\" height=\"93\" \/><\/a><\/p>\n<p>Muidugi ei seisne suurep\u00e4rane online-kasiino ainult pakutavates m\u00e4ngudes; kogu saidi oluliseks pidamiseks peavad olema mitmed tegurid tugevad. V\u00f5ib-olla k\u00f5ige olulisem on turvalisus, kuna finantstehingud on online-hasartm\u00e4ngude suur osa ja online-kasiino peaks garanteerima, et k\u00f5ik on iga kord turvaline.<\/p>\n<p>Ja kui olete USA elanik, siis USA seadusandlus takistab teil 888 kasiinoga liitumist. USA m\u00e4nguritele on h\u00e4id alternatiive v\u00e4he, kuid meie saame soovitada BetOnline kasiinot k\u00f5igi teie online-hasartm\u00e4ngude jaoks. Kl\u00f5psake alloleval ribareklaamil, et k\u00fclastada BetOnlineCasinot \u2013 te ei pea pettuma!<\/p>\n<p><a class=\"thirstylink\" title=\"Betonline casino et\" href=\"https:\/\/gambling6.com\/go\/betonline-casino-en\/\" target=\"_blank\" rel=\"nofollow noopener\"><img loading=\"lazy\" decoding=\"async\" class=\" wp-image-7875 aligncenter\" src=\"https:\/\/gambling6.com\/wp-content\/uploads\/2025\/10\/BOL_AQC_banner_468x60_FS1_casino-300x38.gif\" alt=\"BetOnline casino\" width=\"553\" height=\"70\" \/><\/a><\/p>\n<p>Seet\u00f5ttu on alati hea vaadata arvustusi ja n\u00e4ha, millised online-kasiinod on usaldusv\u00e4\u00e4rsed ja millised on tuntud v\u00e4ljamaksete probleemide poolest. Kuna me r\u00e4\u00e4gime rahast, on boonused ja kampaaniad viimastel aastatel muutunud v\u00e4ga oluliseks ning need on tavaliselt esimene asi, mida uus m\u00e4ngija vaatab. On v\u00e4ga tavaline, et tipptasemel online-kasiinod pakuvad sissemakse summa alusel tervitusboonuseid ja slotim\u00e4ngude boonused on m\u00e4ngu populaarsuse t\u00f5ttu k\u00f5ige levinumad.<\/p>\n","protected":false},"excerpt":{"rendered":"<p>Kvaliteetsed online-slotikasiinod Kui r\u00e4\u00e4kida online-kasiinodest, siis slotim\u00e4ngud on tavaliselt valiku, m\u00e4ngijate arvu ja jackpotide poolest esikohal. Loomulikult on v\u00e4ga lihtne m\u00f5ista, miks online-slotikam\u00e4ngud on nii populaarsed, ja vaid \u00fche lihtsa s\u00fcmbolite keerutusega on igal m\u00e4ngijal potentsiaal v\u00f5ita suuri auhindu, isegi miljoneid dollareid. Tegelikult on slotim\u00e4ngud online-kasiinodes nii populaarsed, et m\u00f5ned online-kasiinod pakuvad just nende m\u00e4ngude [&hellip;]<\/p>\n","protected":false},"author":1,"featured_media":0,"parent":8284,"menu_order":47,"comment_status":"closed","ping_status":"closed","template":"","meta":{"footnotes":""},"class_list":["post-8957","page","type-page","status-publish","hentry"],"yoast_head":"<!-- This site is optimized with the Yoast SEO plugin v27.4 - https:\/\/yoast.com\/product\/yoast-seo-wordpress\/ -->\n<title>Tippkvaliteediga online-m\u00e4nguautomaadid<\/title>\n<meta name=\"description\" content=\"Parimad slotim\u00e4ngud ja m\u00e4nguautomaadid internetis. Leia siit parima kvaliteediga slotimasinad!\" \/>\n<meta name=\"robots\" content=\"index, follow, max-snippet:-1, max-image-preview:large, max-video-preview:-1\" \/>\n<link rel=\"canonical\" href=\"https:\/\/gambling6.com\/et\/kasiino\/kust-leida-parima-kvaliteediga-online-slotimange\/\" \/>\n<meta property=\"og:locale\" content=\"et_EE\" \/>\n<meta property=\"og:type\" content=\"article\" \/>\n<meta property=\"og:title\" content=\"Tippkvaliteediga online-m\u00e4nguautomaadid\" \/>\n<meta property=\"og:description\" content=\"Parimad slotim\u00e4ngud ja m\u00e4nguautomaadid internetis. Leia siit parima kvaliteediga slotimasinad!\" \/>\n<meta property=\"og:url\" content=\"https:\/\/gambling6.com\/et\/kasiino\/kust-leida-parima-kvaliteediga-online-slotimange\/\" \/>\n<meta property=\"og:site_name\" content=\"Gambling6\" \/>\n<meta property=\"article:modified_time\" content=\"2025-11-12T17:04:19+00:00\" \/>\n<meta property=\"og:image\" content=\"https:\/\/gambling6.com\/wp-content\/uploads\/2013\/12\/mobile-gambling-150x150.jpg\" \/>\n\t<meta property=\"og:image:width\" content=\"150\" \/>\n\t<meta property=\"og:image:height\" content=\"150\" \/>\n\t<meta property=\"og:image:type\" content=\"image\/jpeg\" \/>\n<meta name=\"twitter:card\" content=\"summary_large_image\" \/>\n<meta name=\"twitter:label1\" content=\"Est. reading time\" \/>\n\t<meta name=\"twitter:data1\" content=\"3 minutit\" \/>\n<script type=\"application\/ld+json\" class=\"yoast-schema-graph\">{\"@context\":\"https:\\\/\\\/schema.org\",\"@graph\":[{\"@type\":\"WebPage\",\"@id\":\"https:\\\/\\\/gambling6.com\\\/et\\\/kasiino\\\/kust-leida-parima-kvaliteediga-online-slotimange\\\/\",\"url\":\"https:\\\/\\\/gambling6.com\\\/et\\\/kasiino\\\/kust-leida-parima-kvaliteediga-online-slotimange\\\/\",\"name\":\"Tippkvaliteediga online-m\u00e4nguautomaadid\",\"isPartOf\":{\"@id\":\"https:\\\/\\\/gambling6.com\\\/et\\\/#website\"},\"primaryImageOfPage\":{\"@id\":\"https:\\\/\\\/gambling6.com\\\/et\\\/kasiino\\\/kust-leida-parima-kvaliteediga-online-slotimange\\\/#primaryimage\"},\"image\":{\"@id\":\"https:\\\/\\\/gambling6.com\\\/et\\\/kasiino\\\/kust-leida-parima-kvaliteediga-online-slotimange\\\/#primaryimage\"},\"thumbnailUrl\":\"https:\\\/\\\/gambling6.com\\\/wp-content\\\/uploads\\\/2013\\\/12\\\/mobile-gambling-150x150.jpg\",\"datePublished\":\"2025-11-08T11:53:43+00:00\",\"dateModified\":\"2025-11-12T17:04:19+00:00\",\"description\":\"Parimad slotim\u00e4ngud ja m\u00e4nguautomaadid internetis. Leia siit parima kvaliteediga slotimasinad!\",\"breadcrumb\":{\"@id\":\"https:\\\/\\\/gambling6.com\\\/et\\\/kasiino\\\/kust-leida-parima-kvaliteediga-online-slotimange\\\/#breadcrumb\"},\"inLanguage\":\"et\",\"potentialAction\":[{\"@type\":\"ReadAction\",\"target\":[\"https:\\\/\\\/gambling6.com\\\/et\\\/kasiino\\\/kust-leida-parima-kvaliteediga-online-slotimange\\\/\"]}]},{\"@type\":\"ImageObject\",\"inLanguage\":\"et\",\"@id\":\"https:\\\/\\\/gambling6.com\\\/et\\\/kasiino\\\/kust-leida-parima-kvaliteediga-online-slotimange\\\/#primaryimage\",\"url\":\"https:\\\/\\\/gambling6.com\\\/wp-content\\\/uploads\\\/2013\\\/12\\\/mobile-gambling-150x150.jpg\",\"contentUrl\":\"https:\\\/\\\/gambling6.com\\\/wp-content\\\/uploads\\\/2013\\\/12\\\/mobile-gambling-150x150.jpg\"},{\"@type\":\"BreadcrumbList\",\"@id\":\"https:\\\/\\\/gambling6.com\\\/et\\\/kasiino\\\/kust-leida-parima-kvaliteediga-online-slotimange\\\/#breadcrumb\",\"itemListElement\":[{\"@type\":\"ListItem\",\"position\":1,\"name\":\"Home\",\"item\":\"https:\\\/\\\/gambling6.com\\\/et\\\/home\\\/\"},{\"@type\":\"ListItem\",\"position\":2,\"name\":\"Kasiino\",\"item\":\"https:\\\/\\\/gambling6.com\\\/et\\\/get-started-with-online-gambling\\\/\"},{\"@type\":\"ListItem\",\"position\":3,\"name\":\"Kust leida parima kvaliteediga online slotim\u00e4nge\"}]},{\"@type\":\"WebSite\",\"@id\":\"https:\\\/\\\/gambling6.com\\\/et\\\/#website\",\"url\":\"https:\\\/\\\/gambling6.com\\\/et\\\/\",\"name\":\"Gambling6\",\"description\":\"\",\"potentialAction\":[{\"@type\":\"SearchAction\",\"target\":{\"@type\":\"EntryPoint\",\"urlTemplate\":\"https:\\\/\\\/gambling6.com\\\/et\\\/?s={search_term_string}\"},\"query-input\":{\"@type\":\"PropertyValueSpecification\",\"valueRequired\":true,\"valueName\":\"search_term_string\"}}],\"inLanguage\":\"et\"}]}<\/script>\n<!-- \/ Yoast SEO plugin. -->","yoast_head_json":{"title":"Tippkvaliteediga online-m\u00e4nguautomaadid","description":"Parimad slotim\u00e4ngud ja m\u00e4nguautomaadid internetis. Leia siit parima kvaliteediga slotimasinad!","robots":{"index":"index","follow":"follow","max-snippet":"max-snippet:-1","max-image-preview":"max-image-preview:large","max-video-preview":"max-video-preview:-1"},"canonical":"https:\/\/gambling6.com\/et\/kasiino\/kust-leida-parima-kvaliteediga-online-slotimange\/","og_locale":"et_EE","og_type":"article","og_title":"Tippkvaliteediga online-m\u00e4nguautomaadid","og_description":"Parimad slotim\u00e4ngud ja m\u00e4nguautomaadid internetis. Leia siit parima kvaliteediga slotimasinad!","og_url":"https:\/\/gambling6.com\/et\/kasiino\/kust-leida-parima-kvaliteediga-online-slotimange\/","og_site_name":"Gambling6","article_modified_time":"2025-11-12T17:04:19+00:00","og_image":[{"width":150,"height":150,"url":"https:\/\/gambling6.com\/wp-content\/uploads\/2013\/12\/mobile-gambling-150x150.jpg","type":"image\/jpeg"}],"twitter_card":"summary_large_image","twitter_misc":{"Est. reading time":"3 minutit"},"schema":{"@context":"https:\/\/schema.org","@graph":[{"@type":"WebPage","@id":"https:\/\/gambling6.com\/et\/kasiino\/kust-leida-parima-kvaliteediga-online-slotimange\/","url":"https:\/\/gambling6.com\/et\/kasiino\/kust-leida-parima-kvaliteediga-online-slotimange\/","name":"Tippkvaliteediga online-m\u00e4nguautomaadid","isPartOf":{"@id":"https:\/\/gambling6.com\/et\/#website"},"primaryImageOfPage":{"@id":"https:\/\/gambling6.com\/et\/kasiino\/kust-leida-parima-kvaliteediga-online-slotimange\/#primaryimage"},"image":{"@id":"https:\/\/gambling6.com\/et\/kasiino\/kust-leida-parima-kvaliteediga-online-slotimange\/#primaryimage"},"thumbnailUrl":"https:\/\/gambling6.com\/wp-content\/uploads\/2013\/12\/mobile-gambling-150x150.jpg","datePublished":"2025-11-08T11:53:43+00:00","dateModified":"2025-11-12T17:04:19+00:00","description":"Parimad slotim\u00e4ngud ja m\u00e4nguautomaadid internetis. Leia siit parima kvaliteediga slotimasinad!","breadcrumb":{"@id":"https:\/\/gambling6.com\/et\/kasiino\/kust-leida-parima-kvaliteediga-online-slotimange\/#breadcrumb"},"inLanguage":"et","potentialAction":[{"@type":"ReadAction","target":["https:\/\/gambling6.com\/et\/kasiino\/kust-leida-parima-kvaliteediga-online-slotimange\/"]}]},{"@type":"ImageObject","inLanguage":"et","@id":"https:\/\/gambling6.com\/et\/kasiino\/kust-leida-parima-kvaliteediga-online-slotimange\/#primaryimage","url":"https:\/\/gambling6.com\/wp-content\/uploads\/2013\/12\/mobile-gambling-150x150.jpg","contentUrl":"https:\/\/gambling6.com\/wp-content\/uploads\/2013\/12\/mobile-gambling-150x150.jpg"},{"@type":"BreadcrumbList","@id":"https:\/\/gambling6.com\/et\/kasiino\/kust-leida-parima-kvaliteediga-online-slotimange\/#breadcrumb","itemListElement":[{"@type":"ListItem","position":1,"name":"Home","item":"https:\/\/gambling6.com\/et\/home\/"},{"@type":"ListItem","position":2,"name":"Kasiino","item":"https:\/\/gambling6.com\/et\/get-started-with-online-gambling\/"},{"@type":"ListItem","position":3,"name":"Kust leida parima kvaliteediga online slotim\u00e4nge"}]},{"@type":"WebSite","@id":"https:\/\/gambling6.com\/et\/#website","url":"https:\/\/gambling6.com\/et\/","name":"Gambling6","description":"","potentialAction":[{"@type":"SearchAction","target":{"@type":"EntryPoint","urlTemplate":"https:\/\/gambling6.com\/et\/?s={search_term_string}"},"query-input":{"@type":"PropertyValueSpecification","valueRequired":true,"valueName":"search_term_string"}}],"inLanguage":"et"}]}},"_links":{"self":[{"href":"https:\/\/gambling6.com\/et\/wp-json\/wp\/v2\/pages\/8957","targetHints":{"allow":["GET"]}}],"collection":[{"href":"https:\/\/gambling6.com\/et\/wp-json\/wp\/v2\/pages"}],"about":[{"href":"https:\/\/gambling6.com\/et\/wp-json\/wp\/v2\/types\/page"}],"author":[{"embeddable":true,"href":"https:\/\/gambling6.com\/et\/wp-json\/wp\/v2\/users\/1"}],"replies":[{"embeddable":true,"href":"https:\/\/gambling6.com\/et\/wp-json\/wp\/v2\/comments?post=8957"}],"version-history":[{"count":1,"href":"https:\/\/gambling6.com\/et\/wp-json\/wp\/v2\/pages\/8957\/revisions"}],"predecessor-version":[{"id":10693,"href":"https:\/\/gambling6.com\/et\/wp-json\/wp\/v2\/pages\/8957\/revisions\/10693"}],"up":[{"embeddable":true,"href":"https:\/\/gambling6.com\/et\/wp-json\/wp\/v2\/pages\/8284"}],"wp:attachment":[{"href":"https:\/\/gambling6.com\/et\/wp-json\/wp\/v2\/media?parent=8957"}],"curies":[{"name":"wp","href":"https:\/\/api.w.org\/{rel}","templated":true}]}}