{"id":8985,"date":"2025-11-08T12:40:42","date_gmt":"2025-11-08T12:40:42","guid":{"rendered":"https:\/\/gambling6.com\/kasiino\/moned-kasiinomangud-on-tegelikult-tasuta\/"},"modified":"2025-11-15T09:26:55","modified_gmt":"2025-11-15T09:26:55","slug":"moned-kasiinomangud-on-tegelikult-tasuta","status":"publish","type":"page","link":"https:\/\/gambling6.com\/et\/kasiino\/moned-kasiinomangud-on-tegelikult-tasuta\/","title":{"rendered":"M\u00f5ned kasiinom\u00e4ngud on tegelikult tasuta!"},"content":{"rendered":"<h2>Miks kasiinod pakuvad tasuta m\u00e4nge<\/h2>\n<p>Internetitehnoloogia tulekuga on enamik <a href=\"http:\/\/gambling6.com\/wp-content\/uploads\/2013\/12\/img_116.png\"><img loading=\"lazy\" decoding=\"async\" class=\"alignright size-full wp-image-638 alignleft size-full wp-image-238\" style=\"margin: 5px; float: left;\" src=\"http:\/\/gambling6.com\/wp-content\/uploads\/2013\/12\/img_116.png\" alt=\"fre2 kasiinom\u00e4ngud\" width=\"219\" height=\"151\" \/><\/a>kasiinof\u00e4nne hakanud kasiinom\u00e4nge m\u00e4ngima oma kodu mugavusest. Veebikasiinod pakuvad rohkem eeliseid kui tavalised kasiinod. Veebim\u00e4ngude m\u00e4ngimine pakub mitte ainult mugavust, vaid v\u00f5imaldab ka m\u00e4ngida oma lemmikm\u00e4nge ilma raha riskimata. Veebikasiinod seisavad silmitsi tiheda konkurentsiga, seega pakuvad nad tasuta m\u00e4nge, et julgustada uusi m\u00e4ngijaid liikmeks astuma. Neid tasuta m\u00e4nge saad m\u00e4ngida seni, kuni lihvid oma oskusi ja saad eksperdiks.<\/p>\n<h2>Mida oodata tasuta m\u00e4nge pakkuvate kasiinode valimisel<\/h2>\n<p>K\u00f5ige olulisem asi, mida pead tegema <strong>kasiino<\/strong>m\u00e4ngude tasuta m\u00e4ngimiseks, on otsida head veebisaiti, mis pakub laia valikut tasuta m\u00e4nge. Veendu, et veebisait on usaldusv\u00e4\u00e4rne ja hea mainega. Sinu online-m\u00e4nguseiklus algab konto avamisega. Online-kasiinod n\u00f5uavad, et esitaksid isikuandmeid, nagu nimi, vanus, aadress ja e-posti aadress. Parimad kasiinod p\u00fc\u00fcavad pakkuda turvalist ja mugavat keskkonda, kus saad tundide kaupa oma lemmikm\u00e4nge nautida. Kui oled oma konto veebisaidil registreerinud, saad valida l\u00f5busa ja p\u00e4risraha re\u017eiimi vahel. Saad valida l\u00f5busa v\u00f5i tasuta raha re\u017eiimi, et proovida erinevaid m\u00e4nge ilma oma rahakotist raha kulutamata.<\/p>\n<h2>Kas tasuta m\u00e4ngude m\u00e4ngimisel on mingeid riske?<\/h2>\n<p>Tasuta <strong>kasiino<\/strong>m\u00e4ngude m\u00e4ngimisel pole mingeid riske, kui oled usaldusv\u00e4\u00e4rse veebisaidi valimisel hoolikas. Kasiinod astuvad k\u00f5ik vajalikud sammud, et pakkuda teile meeldivat m\u00e4ngukogemust, et saaksite m\u00e4ngu t\u00f5eliseks m\u00e4ngijaks.<\/p>\n<p>Kui soovite kasiinom\u00e4nge tasuta proovida, m\u00e4ngides samal ajal p\u00e4risraha eest, on meil teile suurep\u00e4rane soovitus. 888 kasiino annab teile m\u00e4ngimiseks 20 eurot ilma isikliku sissemakseta. Ja kui otsustate hiljem lisaraha sisse maksta, saate oma esimese sissemakse pealt ikkagi kuni 1500 euro suuruse boonuse. <a href=\"https:\/\/ic.aff-handler.com\/C\/45871?sr=1064399&amp;anid=\" rel=\"nofollow\"><img loading=\"lazy\" decoding=\"async\" class=\"aligncenter\" src=\"https:\/\/ic.aff-handler.com\/I\/45871?sr=1064399&amp;anid=\" width=\"594\" height=\"77\" \/><\/a><br \/>\n<strong>Kas on mingeid piiranguid?<\/strong><\/p>\n<p>Veebikasiinod lubavad tavaliselt m\u00e4nge m\u00e4ngida teatud arv kordi ja teatud aja jooksul. Tasuta m\u00e4ngude m\u00e4ngimisel v\u00f5ivad olla teatud piirangud. Kasiinod ei pruugi lubada teil k\u00f5iki oma veebisaidil olevaid m\u00e4nge tasuta m\u00e4ngida. Enamik kasiinosid n\u00f5uab, et teeksite oma panuse teatud arvu kordi, enne kui saate v\u00f5idetud raha v\u00e4lja v\u00f5tta.<\/p>\n<h2>Kust leida tasuta kasiinom\u00e4nge<\/h2>\n<p>Paljud veebisaidid lubavad teil m\u00e4ngida tasuta <strong>kasiino<\/strong>m\u00e4nge. Parim koht tasuta m\u00e4ngude m\u00e4ngimiseks on sait, mis ei n\u00f5ua teilt tarkvara allalaadimist. See v\u00f5imaldab teil m\u00e4nge koheselt m\u00e4ngida, kl\u00f5psates oma lemmikm\u00e4ngul. Saate kontrollida, kas sait pakub laia valikut tasuta m\u00e4nge, n\u00e4iteks tasuta lauam\u00e4nge, slotim\u00e4nge, bingot, videopokkerit ja muid m\u00e4nge, et teil niipea igav ei hakkaks.<\/p>\n<p>Tasuta <strong>kasiino<\/strong>m\u00e4ngud pakuvad teile v\u00f5imalust testida mis tahes uut programmi, tehnikat v\u00f5i strateegiat ja kinnitada, kas see t\u00f6\u00f6tab teie jaoks p\u00e4ris online-m\u00e4ngukeskkonnas. Kuna te ei kaota raha, ei tunne te m\u00e4ngimise ajal mingit survet.<\/p>\n","protected":false},"excerpt":{"rendered":"<p>Miks kasiinod pakuvad tasuta m\u00e4nge Internetitehnoloogia tulekuga on enamik kasiinof\u00e4nne hakanud kasiinom\u00e4nge m\u00e4ngima oma kodu mugavusest. Veebikasiinod pakuvad rohkem eeliseid kui tavalised kasiinod. Veebim\u00e4ngude m\u00e4ngimine pakub mitte ainult mugavust, vaid v\u00f5imaldab ka m\u00e4ngida oma lemmikm\u00e4nge ilma raha riskimata. Veebikasiinod seisavad silmitsi tiheda konkurentsiga, seega pakuvad nad tasuta m\u00e4nge, et julgustada uusi m\u00e4ngijaid liikmeks astuma. Neid [&hellip;]<\/p>\n","protected":false},"author":1,"featured_media":8986,"parent":8284,"menu_order":53,"comment_status":"closed","ping_status":"closed","template":"","meta":{"footnotes":""},"class_list":["post-8985","page","type-page","status-publish","has-post-thumbnail","hentry"],"yoast_head":"<!-- This site is optimized with the Yoast SEO plugin v27.4 - https:\/\/yoast.com\/product\/yoast-seo-wordpress\/ -->\n<title>M\u00e4ngi tasuta online kasiinom\u00e4nge<\/title>\n<meta name=\"description\" content=\"Tasuta kasiinom\u00e4ngude m\u00e4ngimine on v\u00e4ga l\u00f5bus. M\u00f5nede oluliste asjade tundmine tasuta kasiinom\u00e4ngude kohta aitab teid.\" \/>\n<meta name=\"robots\" content=\"index, follow, max-snippet:-1, max-image-preview:large, max-video-preview:-1\" \/>\n<link rel=\"canonical\" href=\"https:\/\/gambling6.com\/et\/kasiino\/moned-kasiinomangud-on-tegelikult-tasuta\/\" \/>\n<meta property=\"og:locale\" content=\"et_EE\" \/>\n<meta property=\"og:type\" content=\"article\" \/>\n<meta property=\"og:title\" content=\"M\u00e4ngi tasuta online kasiinom\u00e4nge\" \/>\n<meta property=\"og:description\" content=\"Tasuta kasiinom\u00e4ngude m\u00e4ngimine on v\u00e4ga l\u00f5bus. M\u00f5nede oluliste asjade tundmine tasuta kasiinom\u00e4ngude kohta aitab teid.\" \/>\n<meta property=\"og:url\" content=\"https:\/\/gambling6.com\/et\/kasiino\/moned-kasiinomangud-on-tegelikult-tasuta\/\" \/>\n<meta property=\"og:site_name\" content=\"Gambling6\" \/>\n<meta property=\"article:modified_time\" content=\"2025-11-15T09:26:55+00:00\" \/>\n<meta property=\"og:image\" content=\"https:\/\/gambling6.com\/wp-content\/uploads\/2013\/12\/img_116.png\" \/>\n\t<meta property=\"og:image:width\" content=\"270\" \/>\n\t<meta property=\"og:image:height\" content=\"186\" \/>\n\t<meta property=\"og:image:type\" content=\"image\/png\" \/>\n<meta name=\"twitter:card\" content=\"summary_large_image\" \/>\n<meta name=\"twitter:label1\" content=\"Est. reading time\" \/>\n\t<meta name=\"twitter:data1\" content=\"2 minutit\" \/>\n<script type=\"application\/ld+json\" class=\"yoast-schema-graph\">{\"@context\":\"https:\\\/\\\/schema.org\",\"@graph\":[{\"@type\":\"WebPage\",\"@id\":\"https:\\\/\\\/gambling6.com\\\/et\\\/kasiino\\\/moned-kasiinomangud-on-tegelikult-tasuta\\\/\",\"url\":\"https:\\\/\\\/gambling6.com\\\/et\\\/kasiino\\\/moned-kasiinomangud-on-tegelikult-tasuta\\\/\",\"name\":\"M\u00e4ngi tasuta online kasiinom\u00e4nge\",\"isPartOf\":{\"@id\":\"https:\\\/\\\/gambling6.com\\\/et\\\/#website\"},\"primaryImageOfPage\":{\"@id\":\"https:\\\/\\\/gambling6.com\\\/et\\\/kasiino\\\/moned-kasiinomangud-on-tegelikult-tasuta\\\/#primaryimage\"},\"image\":{\"@id\":\"https:\\\/\\\/gambling6.com\\\/et\\\/kasiino\\\/moned-kasiinomangud-on-tegelikult-tasuta\\\/#primaryimage\"},\"thumbnailUrl\":\"https:\\\/\\\/gambling6.com\\\/wp-content\\\/uploads\\\/2013\\\/12\\\/img_116.png\",\"datePublished\":\"2025-11-08T12:40:42+00:00\",\"dateModified\":\"2025-11-15T09:26:55+00:00\",\"description\":\"Tasuta kasiinom\u00e4ngude m\u00e4ngimine on v\u00e4ga l\u00f5bus. M\u00f5nede oluliste asjade tundmine tasuta kasiinom\u00e4ngude kohta aitab teid.\",\"breadcrumb\":{\"@id\":\"https:\\\/\\\/gambling6.com\\\/et\\\/kasiino\\\/moned-kasiinomangud-on-tegelikult-tasuta\\\/#breadcrumb\"},\"inLanguage\":\"et\",\"potentialAction\":[{\"@type\":\"ReadAction\",\"target\":[\"https:\\\/\\\/gambling6.com\\\/et\\\/kasiino\\\/moned-kasiinomangud-on-tegelikult-tasuta\\\/\"]}]},{\"@type\":\"ImageObject\",\"inLanguage\":\"et\",\"@id\":\"https:\\\/\\\/gambling6.com\\\/et\\\/kasiino\\\/moned-kasiinomangud-on-tegelikult-tasuta\\\/#primaryimage\",\"url\":\"https:\\\/\\\/gambling6.com\\\/wp-content\\\/uploads\\\/2013\\\/12\\\/img_116.png\",\"contentUrl\":\"https:\\\/\\\/gambling6.com\\\/wp-content\\\/uploads\\\/2013\\\/12\\\/img_116.png\",\"width\":270,\"height\":186,\"caption\":\"fre2 casino games\"},{\"@type\":\"BreadcrumbList\",\"@id\":\"https:\\\/\\\/gambling6.com\\\/et\\\/kasiino\\\/moned-kasiinomangud-on-tegelikult-tasuta\\\/#breadcrumb\",\"itemListElement\":[{\"@type\":\"ListItem\",\"position\":1,\"name\":\"Home\",\"item\":\"https:\\\/\\\/gambling6.com\\\/et\\\/home\\\/\"},{\"@type\":\"ListItem\",\"position\":2,\"name\":\"Kasiino\",\"item\":\"https:\\\/\\\/gambling6.com\\\/et\\\/get-started-with-online-gambling\\\/\"},{\"@type\":\"ListItem\",\"position\":3,\"name\":\"M\u00f5ned kasiinom\u00e4ngud on tegelikult tasuta!\"}]},{\"@type\":\"WebSite\",\"@id\":\"https:\\\/\\\/gambling6.com\\\/et\\\/#website\",\"url\":\"https:\\\/\\\/gambling6.com\\\/et\\\/\",\"name\":\"Gambling6\",\"description\":\"\",\"potentialAction\":[{\"@type\":\"SearchAction\",\"target\":{\"@type\":\"EntryPoint\",\"urlTemplate\":\"https:\\\/\\\/gambling6.com\\\/et\\\/?s={search_term_string}\"},\"query-input\":{\"@type\":\"PropertyValueSpecification\",\"valueRequired\":true,\"valueName\":\"search_term_string\"}}],\"inLanguage\":\"et\"}]}<\/script>\n<!-- \/ Yoast SEO plugin. -->","yoast_head_json":{"title":"M\u00e4ngi tasuta online kasiinom\u00e4nge","description":"Tasuta kasiinom\u00e4ngude m\u00e4ngimine on v\u00e4ga l\u00f5bus. M\u00f5nede oluliste asjade tundmine tasuta kasiinom\u00e4ngude kohta aitab teid.","robots":{"index":"index","follow":"follow","max-snippet":"max-snippet:-1","max-image-preview":"max-image-preview:large","max-video-preview":"max-video-preview:-1"},"canonical":"https:\/\/gambling6.com\/et\/kasiino\/moned-kasiinomangud-on-tegelikult-tasuta\/","og_locale":"et_EE","og_type":"article","og_title":"M\u00e4ngi tasuta online kasiinom\u00e4nge","og_description":"Tasuta kasiinom\u00e4ngude m\u00e4ngimine on v\u00e4ga l\u00f5bus. M\u00f5nede oluliste asjade tundmine tasuta kasiinom\u00e4ngude kohta aitab teid.","og_url":"https:\/\/gambling6.com\/et\/kasiino\/moned-kasiinomangud-on-tegelikult-tasuta\/","og_site_name":"Gambling6","article_modified_time":"2025-11-15T09:26:55+00:00","og_image":[{"width":270,"height":186,"url":"https:\/\/gambling6.com\/wp-content\/uploads\/2013\/12\/img_116.png","type":"image\/png"}],"twitter_card":"summary_large_image","twitter_misc":{"Est. reading time":"2 minutit"},"schema":{"@context":"https:\/\/schema.org","@graph":[{"@type":"WebPage","@id":"https:\/\/gambling6.com\/et\/kasiino\/moned-kasiinomangud-on-tegelikult-tasuta\/","url":"https:\/\/gambling6.com\/et\/kasiino\/moned-kasiinomangud-on-tegelikult-tasuta\/","name":"M\u00e4ngi tasuta online kasiinom\u00e4nge","isPartOf":{"@id":"https:\/\/gambling6.com\/et\/#website"},"primaryImageOfPage":{"@id":"https:\/\/gambling6.com\/et\/kasiino\/moned-kasiinomangud-on-tegelikult-tasuta\/#primaryimage"},"image":{"@id":"https:\/\/gambling6.com\/et\/kasiino\/moned-kasiinomangud-on-tegelikult-tasuta\/#primaryimage"},"thumbnailUrl":"https:\/\/gambling6.com\/wp-content\/uploads\/2013\/12\/img_116.png","datePublished":"2025-11-08T12:40:42+00:00","dateModified":"2025-11-15T09:26:55+00:00","description":"Tasuta kasiinom\u00e4ngude m\u00e4ngimine on v\u00e4ga l\u00f5bus. M\u00f5nede oluliste asjade tundmine tasuta kasiinom\u00e4ngude kohta aitab teid.","breadcrumb":{"@id":"https:\/\/gambling6.com\/et\/kasiino\/moned-kasiinomangud-on-tegelikult-tasuta\/#breadcrumb"},"inLanguage":"et","potentialAction":[{"@type":"ReadAction","target":["https:\/\/gambling6.com\/et\/kasiino\/moned-kasiinomangud-on-tegelikult-tasuta\/"]}]},{"@type":"ImageObject","inLanguage":"et","@id":"https:\/\/gambling6.com\/et\/kasiino\/moned-kasiinomangud-on-tegelikult-tasuta\/#primaryimage","url":"https:\/\/gambling6.com\/wp-content\/uploads\/2013\/12\/img_116.png","contentUrl":"https:\/\/gambling6.com\/wp-content\/uploads\/2013\/12\/img_116.png","width":270,"height":186,"caption":"fre2 casino games"},{"@type":"BreadcrumbList","@id":"https:\/\/gambling6.com\/et\/kasiino\/moned-kasiinomangud-on-tegelikult-tasuta\/#breadcrumb","itemListElement":[{"@type":"ListItem","position":1,"name":"Home","item":"https:\/\/gambling6.com\/et\/home\/"},{"@type":"ListItem","position":2,"name":"Kasiino","item":"https:\/\/gambling6.com\/et\/get-started-with-online-gambling\/"},{"@type":"ListItem","position":3,"name":"M\u00f5ned kasiinom\u00e4ngud on tegelikult tasuta!"}]},{"@type":"WebSite","@id":"https:\/\/gambling6.com\/et\/#website","url":"https:\/\/gambling6.com\/et\/","name":"Gambling6","description":"","potentialAction":[{"@type":"SearchAction","target":{"@type":"EntryPoint","urlTemplate":"https:\/\/gambling6.com\/et\/?s={search_term_string}"},"query-input":{"@type":"PropertyValueSpecification","valueRequired":true,"valueName":"search_term_string"}}],"inLanguage":"et"}]}},"_links":{"self":[{"href":"https:\/\/gambling6.com\/et\/wp-json\/wp\/v2\/pages\/8985","targetHints":{"allow":["GET"]}}],"collection":[{"href":"https:\/\/gambling6.com\/et\/wp-json\/wp\/v2\/pages"}],"about":[{"href":"https:\/\/gambling6.com\/et\/wp-json\/wp\/v2\/types\/page"}],"author":[{"embeddable":true,"href":"https:\/\/gambling6.com\/et\/wp-json\/wp\/v2\/users\/1"}],"replies":[{"embeddable":true,"href":"https:\/\/gambling6.com\/et\/wp-json\/wp\/v2\/comments?post=8985"}],"version-history":[{"count":1,"href":"https:\/\/gambling6.com\/et\/wp-json\/wp\/v2\/pages\/8985\/revisions"}],"predecessor-version":[{"id":10876,"href":"https:\/\/gambling6.com\/et\/wp-json\/wp\/v2\/pages\/8985\/revisions\/10876"}],"up":[{"embeddable":true,"href":"https:\/\/gambling6.com\/et\/wp-json\/wp\/v2\/pages\/8284"}],"wp:featuredmedia":[{"embeddable":true,"href":"https:\/\/gambling6.com\/et\/wp-json\/wp\/v2\/media\/8986"}],"wp:attachment":[{"href":"https:\/\/gambling6.com\/et\/wp-json\/wp\/v2\/media?parent=8985"}],"curies":[{"name":"wp","href":"https:\/\/api.w.org\/{rel}","templated":true}]}}