{"id":9028,"date":"2025-11-08T13:29:39","date_gmt":"2025-11-08T13:29:39","guid":{"rendered":"https:\/\/gambling6.com\/kasiino\/online-kasiinode-rahamangud-peene-kirja-moistmine\/"},"modified":"2025-11-15T09:04:06","modified_gmt":"2025-11-15T09:04:06","slug":"online-kasiinode-rahamangud-peene-kirja-moistmine","status":"publish","type":"page","link":"https:\/\/gambling6.com\/et\/kasiino\/online-kasiinode-rahamangud-peene-kirja-moistmine\/","title":{"rendered":"Online-kasiinode raham\u00e4ngud: peene kirja m\u00f5istmine"},"content":{"rendered":"<h2>Veebikasiinode tingimustega tutvumine<\/h2>\n<p><img loading=\"lazy\" decoding=\"async\" class=\"alignright size-full wp-image-62 alignleft size-full wp-image-64\" style=\"margin: 5px; float: left;\" title=\"casino fine print\" src=\"http:\/\/gambling6.com\/wp-content\/uploads\/2013\/12\/casino-fine-print.jpg\" alt=\"casino fine print terms conditions\" width=\"168\" height=\"147\" \/><span style=\"box-sizing: border-box; margin: 0px; padding: 0px;\">Kui registreerute <strong>veebip\u00f5hises rahalises kasiinos<\/strong>, peate n\u00f5ustuma kasutajalepinguga, mis sisaldab veebikasiino tingimusi, mida peate j\u00e4rgima.<\/span> M\u00f5ned neist tingimustest on seotud kasiino pangandusprotsessidega, teised aga v\u00f5ivad puudutada panustamist, m\u00e4nge ja boonuseid.<\/p>\n<p>Enne nende tingimustega n\u00f5ustumist on oluline nende m\u00f5ju p\u00f5hjalikult m\u00f5ista ja nendest aru saada. Raha \u00fclekandmine kasiinosse ja kasiinost on ehk k\u00f5ige olulisem funktsioon, mis m\u00e4ngijat m\u00f5jutab. Seet\u00f5ttu on oluline olla teadlik sellest, millega t\u00e4pselt kasiino tingimustega n\u00f5ustudes tegelete. Selles artiklis p\u00fc\u00fcame lihtsustada juriidilist keelt, et selgitada, mida need tingimused endaga kaasa toovad. M\u00e4ngija peab kasutajalepinguga n\u00f5ustudes v\u00f5tma teatud kohustusi. Samuti peab ta andma teatud garantiid.<\/p>\n<p>\u00dcldiselt v\u00f5ib \u00f6elda, et m\u00f5ned online-kasiinod lisavad oma peenes kirjas l\u00f5ike, millel v\u00f5ivad m\u00e4ngijatele olla v\u00e4ga negatiivsed tagaj\u00e4rjed. Nad eeldavad, et keegi ei loe kogu peent kirja. Seet\u00f5ttu soovitame teil j\u00e4\u00e4da kasiinode juurde, mis on reguleeritud, millel on hea maine ja seega \u00f5iglased tingimused.<\/p>\n<p>BetOnline Casino on \u00fcks neist kasiinodest. Nende peenes kirjas pole \u00fcllatusi. Nad kajastavad seda, et hiljutiste USA regulatsioonide t\u00f5ttu pole sisse- ja v\u00e4ljamakseprotsess enam nii lihtne kui varem. Kuid praeguses olukorras on nende tingimused endiselt \u00f5iglased.<\/p>\n<p><a class=\"thirstylink\" title=\"Betonline casino et\" href=\"https:\/\/gambling6.com\/go\/betonline-casino-en\/\" target=\"_blank\" rel=\"nofollow noopener\"><img loading=\"lazy\" decoding=\"async\" class=\" wp-image-7875 aligncenter\" src=\"https:\/\/gambling6.com\/wp-content\/uploads\/2025\/10\/BOL_AQC_banner_468x60_FS1_casino-300x38.gif\" alt=\"BetOnline'i kasiino\" width=\"498\" height=\"63\" \/><\/a><\/p>\n<h2>Mida kasiino peenes kirjas m\u00e4ngijalt tavaliselt n\u00f5uab<\/h2>\n<p>Kasiino ootab m\u00e4ngijalt ka kinnitust, et ta on panustamiseks kasutatavate vahendite seaduslik omanik. Teisis\u00f5nu, ta ei saa oma konto rahastamiseks kasutada krediitkaarti, mis ei kuulu talle. Samuti kontrollitakse tema krediitkaarti enne v\u00e4ljamaksete tegemist. Samamoodi ei saa ta kasutada muid maksev\u00f5imalusi, mis ei ole tema nimel.<\/p>\n<p>Lepingu rikkumised, olgu need seotud pangatoimingute v\u00f5i panustamisega, m\u00f5jutavad esmalt m\u00e4ngija kontot. Kui konto on peatatud, v\u00f5ib rahaline kasiino vaidlusalused rahalised vahendid kinni pidada; enamasti peab ta kinni k\u00f5ik rahalised vahendid, sealhulgas boonused, sissemaksed ja tagasimaksed, ilma igasuguse vahet tegemata. See on koosk\u00f5las teie poolt kokkulepitud tingimustega.<\/p>\n<p>Kui m\u00e4ngija on kasiinole v\u00f5lgu raha, v\u00f5ib kasiino teha k\u00f5ik endast oleneva, et summa sisse n\u00f5uda, sealhulgas kaasata inkassofirmasid. M\u00f5nel online-kasiinol on ranged eeskirjad passiivsete kontode osas. \u00dcks mu s\u00f5ber \u00f5ppis seda valusalt. Ta oli registreerunud \u00fches online-kasiinos ja m\u00e4nginud seal m\u00f5nda aega, v\u00f5ites korraliku summa. Ta vahetas teise kasiinosse, plaanides l\u00fchikese aja p\u00e4rast esimesse naasta. Kui ta j\u00e4rgmisel korral oma kontot kontrollis, ei leidnud ta sealt mingit saldot. Klienditeenindusega \u00fchendust v\u00f5ttes \u00f6eldi talle, et tema raha on kaotatud, kuna ta polnud kasiinos m\u00e4nginud rohkem kui 6 kuud. See on muidugi m\u00f5nev\u00f5rra ebatavaline ja isegi kui see teiega juhtus, saaksite probleemi lahendada l\u00fchikese e-kirjaga klienditeenindusele.<\/p>\n<h2>Mida tuleks ette n\u00e4ha<\/h2>\n<p>Sellegipoolest, kui otsustate oma online-kasiinos m\u00e4ngimise l\u00f5petada, v\u00f5tke kindlasti v\u00e4lja kogu oma kasiinokontolt raha, olenemata sellest, kui l\u00fchike paus on. Kontrollige, kas v\u00e4ljamaksetelt v\u00f5etakse tasusid. Kui v\u00e4ljamaksete eest v\u00f5etakse kindlaksm\u00e4\u00e4ratud tasu, v\u00f5iksite kogu oma raha korraga v\u00e4lja v\u00f5tta, mitte teha mitu v\u00e4ljamakset. \u00c4rge v\u00f5tke raha v\u00e4lja, kui plaanite l\u00fchikese aja p\u00e4rast uuesti sissemakset teha \u2013 nii kaotate raha. <strong>V\u00f5rrelge erinevaid saadaolevaid raha t\u00f6\u00f6tlemise v\u00f5imalusi \u2013 m\u00f5ned on madalamate, teised k\u00f5rgemate tasudega!<\/strong><\/p>\n<p>Boonuste ja kasiinopakkumistega on seotud ka teisi tingimusi. \u00dcldiselt on need kasiinoboonuse vabastamiseks vajalikud abik\u00f5lblikkuse tingimused ja panustamisn\u00f5uded. Enne kasiinoboonuste vastuv\u00f5tmist on hea tava need n\u00f5uded l\u00e4bi lugeda ja neist aru saada. Samamoodi peavad m\u00e4ngijad enne mis tahes online-kasiinos registreerumist lugema l\u00e4bi tingimused ning m\u00f5istma peenes kirjas olevat sisu ja p\u00e4risraha kasiinode KKK-d, et hiljem mitte tarbetute probleemidega kokku puutuda. Tavaliselt on online-kasiinodel terve leht p\u00fchendatud l\u00f5ppkasutaja lepingutele ja teieEsimene \u00fclesanne peaks olema need hoolikalt l\u00e4bi lugeda enne kasiinoga liitumist.<\/p>\n","protected":false},"excerpt":{"rendered":"<p>Veebikasiinode tingimustega tutvumine Kui registreerute veebip\u00f5hises rahalises kasiinos, peate n\u00f5ustuma kasutajalepinguga, mis sisaldab veebikasiino tingimusi, mida peate j\u00e4rgima. M\u00f5ned neist tingimustest on seotud kasiino pangandusprotsessidega, teised aga v\u00f5ivad puudutada panustamist, m\u00e4nge ja boonuseid. Enne nende tingimustega n\u00f5ustumist on oluline nende m\u00f5ju p\u00f5hjalikult m\u00f5ista ja nendest aru saada. Raha \u00fclekandmine kasiinosse ja kasiinost on ehk k\u00f5ige [&hellip;]<\/p>\n","protected":false},"author":1,"featured_media":9029,"parent":8284,"menu_order":68,"comment_status":"closed","ping_status":"closed","template":"","meta":{"footnotes":""},"class_list":["post-9028","page","type-page","status-publish","has-post-thumbnail","hentry"],"yoast_head":"<!-- This site is optimized with the Yoast SEO plugin v27.4 - https:\/\/yoast.com\/product\/yoast-seo-wordpress\/ -->\n<title>Mida kasiino tingimustes silmas pidada<\/title>\n<meta name=\"description\" content=\"Veebikasiinode tingimused peenes kirjas \u2013 mida oodata ja mida mitte\" \/>\n<meta name=\"robots\" content=\"index, follow, max-snippet:-1, max-image-preview:large, max-video-preview:-1\" \/>\n<link rel=\"canonical\" href=\"https:\/\/gambling6.com\/et\/kasiino\/online-kasiinode-rahamangud-peene-kirja-moistmine\/\" \/>\n<meta property=\"og:locale\" content=\"et_EE\" \/>\n<meta property=\"og:type\" content=\"article\" \/>\n<meta property=\"og:title\" content=\"Mida kasiino tingimustes silmas pidada\" \/>\n<meta property=\"og:description\" content=\"Veebikasiinode tingimused peenes kirjas \u2013 mida oodata ja mida mitte\" \/>\n<meta property=\"og:url\" content=\"https:\/\/gambling6.com\/et\/kasiino\/online-kasiinode-rahamangud-peene-kirja-moistmine\/\" \/>\n<meta property=\"og:site_name\" content=\"Gambling6\" \/>\n<meta property=\"article:modified_time\" content=\"2025-11-15T09:04:06+00:00\" \/>\n<meta property=\"og:image\" content=\"https:\/\/gambling6.com\/wp-content\/uploads\/2013\/12\/casino-fine-print.jpg\" \/>\n\t<meta property=\"og:image:width\" content=\"200\" \/>\n\t<meta property=\"og:image:height\" content=\"175\" \/>\n\t<meta property=\"og:image:type\" content=\"image\/jpeg\" \/>\n<meta name=\"twitter:card\" content=\"summary_large_image\" \/>\n<meta name=\"twitter:label1\" content=\"Est. reading time\" \/>\n\t<meta name=\"twitter:data1\" content=\"3 minutit\" \/>\n<script type=\"application\/ld+json\" class=\"yoast-schema-graph\">{\"@context\":\"https:\\\/\\\/schema.org\",\"@graph\":[{\"@type\":\"WebPage\",\"@id\":\"https:\\\/\\\/gambling6.com\\\/et\\\/kasiino\\\/online-kasiinode-rahamangud-peene-kirja-moistmine\\\/\",\"url\":\"https:\\\/\\\/gambling6.com\\\/et\\\/kasiino\\\/online-kasiinode-rahamangud-peene-kirja-moistmine\\\/\",\"name\":\"Mida kasiino tingimustes silmas pidada\",\"isPartOf\":{\"@id\":\"https:\\\/\\\/gambling6.com\\\/et\\\/#website\"},\"primaryImageOfPage\":{\"@id\":\"https:\\\/\\\/gambling6.com\\\/et\\\/kasiino\\\/online-kasiinode-rahamangud-peene-kirja-moistmine\\\/#primaryimage\"},\"image\":{\"@id\":\"https:\\\/\\\/gambling6.com\\\/et\\\/kasiino\\\/online-kasiinode-rahamangud-peene-kirja-moistmine\\\/#primaryimage\"},\"thumbnailUrl\":\"https:\\\/\\\/gambling6.com\\\/wp-content\\\/uploads\\\/2013\\\/12\\\/casino-fine-print.jpg\",\"datePublished\":\"2025-11-08T13:29:39+00:00\",\"dateModified\":\"2025-11-15T09:04:06+00:00\",\"description\":\"Veebikasiinode tingimused peenes kirjas \u2013 mida oodata ja mida mitte\",\"breadcrumb\":{\"@id\":\"https:\\\/\\\/gambling6.com\\\/et\\\/kasiino\\\/online-kasiinode-rahamangud-peene-kirja-moistmine\\\/#breadcrumb\"},\"inLanguage\":\"et\",\"potentialAction\":[{\"@type\":\"ReadAction\",\"target\":[\"https:\\\/\\\/gambling6.com\\\/et\\\/kasiino\\\/online-kasiinode-rahamangud-peene-kirja-moistmine\\\/\"]}]},{\"@type\":\"ImageObject\",\"inLanguage\":\"et\",\"@id\":\"https:\\\/\\\/gambling6.com\\\/et\\\/kasiino\\\/online-kasiinode-rahamangud-peene-kirja-moistmine\\\/#primaryimage\",\"url\":\"https:\\\/\\\/gambling6.com\\\/wp-content\\\/uploads\\\/2013\\\/12\\\/casino-fine-print.jpg\",\"contentUrl\":\"https:\\\/\\\/gambling6.com\\\/wp-content\\\/uploads\\\/2013\\\/12\\\/casino-fine-print.jpg\",\"width\":200,\"height\":175,\"caption\":\"casino fine print\"},{\"@type\":\"BreadcrumbList\",\"@id\":\"https:\\\/\\\/gambling6.com\\\/et\\\/kasiino\\\/online-kasiinode-rahamangud-peene-kirja-moistmine\\\/#breadcrumb\",\"itemListElement\":[{\"@type\":\"ListItem\",\"position\":1,\"name\":\"Home\",\"item\":\"https:\\\/\\\/gambling6.com\\\/et\\\/home\\\/\"},{\"@type\":\"ListItem\",\"position\":2,\"name\":\"Kasiino\",\"item\":\"https:\\\/\\\/gambling6.com\\\/et\\\/get-started-with-online-gambling\\\/\"},{\"@type\":\"ListItem\",\"position\":3,\"name\":\"Online-kasiinode raham\u00e4ngud: peene kirja m\u00f5istmine\"}]},{\"@type\":\"WebSite\",\"@id\":\"https:\\\/\\\/gambling6.com\\\/et\\\/#website\",\"url\":\"https:\\\/\\\/gambling6.com\\\/et\\\/\",\"name\":\"Gambling6\",\"description\":\"\",\"potentialAction\":[{\"@type\":\"SearchAction\",\"target\":{\"@type\":\"EntryPoint\",\"urlTemplate\":\"https:\\\/\\\/gambling6.com\\\/et\\\/?s={search_term_string}\"},\"query-input\":{\"@type\":\"PropertyValueSpecification\",\"valueRequired\":true,\"valueName\":\"search_term_string\"}}],\"inLanguage\":\"et\"}]}<\/script>\n<!-- \/ Yoast SEO plugin. -->","yoast_head_json":{"title":"Mida kasiino tingimustes silmas pidada","description":"Veebikasiinode tingimused peenes kirjas \u2013 mida oodata ja mida mitte","robots":{"index":"index","follow":"follow","max-snippet":"max-snippet:-1","max-image-preview":"max-image-preview:large","max-video-preview":"max-video-preview:-1"},"canonical":"https:\/\/gambling6.com\/et\/kasiino\/online-kasiinode-rahamangud-peene-kirja-moistmine\/","og_locale":"et_EE","og_type":"article","og_title":"Mida kasiino tingimustes silmas pidada","og_description":"Veebikasiinode tingimused peenes kirjas \u2013 mida oodata ja mida mitte","og_url":"https:\/\/gambling6.com\/et\/kasiino\/online-kasiinode-rahamangud-peene-kirja-moistmine\/","og_site_name":"Gambling6","article_modified_time":"2025-11-15T09:04:06+00:00","og_image":[{"width":200,"height":175,"url":"https:\/\/gambling6.com\/wp-content\/uploads\/2013\/12\/casino-fine-print.jpg","type":"image\/jpeg"}],"twitter_card":"summary_large_image","twitter_misc":{"Est. reading time":"3 minutit"},"schema":{"@context":"https:\/\/schema.org","@graph":[{"@type":"WebPage","@id":"https:\/\/gambling6.com\/et\/kasiino\/online-kasiinode-rahamangud-peene-kirja-moistmine\/","url":"https:\/\/gambling6.com\/et\/kasiino\/online-kasiinode-rahamangud-peene-kirja-moistmine\/","name":"Mida kasiino tingimustes silmas pidada","isPartOf":{"@id":"https:\/\/gambling6.com\/et\/#website"},"primaryImageOfPage":{"@id":"https:\/\/gambling6.com\/et\/kasiino\/online-kasiinode-rahamangud-peene-kirja-moistmine\/#primaryimage"},"image":{"@id":"https:\/\/gambling6.com\/et\/kasiino\/online-kasiinode-rahamangud-peene-kirja-moistmine\/#primaryimage"},"thumbnailUrl":"https:\/\/gambling6.com\/wp-content\/uploads\/2013\/12\/casino-fine-print.jpg","datePublished":"2025-11-08T13:29:39+00:00","dateModified":"2025-11-15T09:04:06+00:00","description":"Veebikasiinode tingimused peenes kirjas \u2013 mida oodata ja mida mitte","breadcrumb":{"@id":"https:\/\/gambling6.com\/et\/kasiino\/online-kasiinode-rahamangud-peene-kirja-moistmine\/#breadcrumb"},"inLanguage":"et","potentialAction":[{"@type":"ReadAction","target":["https:\/\/gambling6.com\/et\/kasiino\/online-kasiinode-rahamangud-peene-kirja-moistmine\/"]}]},{"@type":"ImageObject","inLanguage":"et","@id":"https:\/\/gambling6.com\/et\/kasiino\/online-kasiinode-rahamangud-peene-kirja-moistmine\/#primaryimage","url":"https:\/\/gambling6.com\/wp-content\/uploads\/2013\/12\/casino-fine-print.jpg","contentUrl":"https:\/\/gambling6.com\/wp-content\/uploads\/2013\/12\/casino-fine-print.jpg","width":200,"height":175,"caption":"casino fine print"},{"@type":"BreadcrumbList","@id":"https:\/\/gambling6.com\/et\/kasiino\/online-kasiinode-rahamangud-peene-kirja-moistmine\/#breadcrumb","itemListElement":[{"@type":"ListItem","position":1,"name":"Home","item":"https:\/\/gambling6.com\/et\/home\/"},{"@type":"ListItem","position":2,"name":"Kasiino","item":"https:\/\/gambling6.com\/et\/get-started-with-online-gambling\/"},{"@type":"ListItem","position":3,"name":"Online-kasiinode raham\u00e4ngud: peene kirja m\u00f5istmine"}]},{"@type":"WebSite","@id":"https:\/\/gambling6.com\/et\/#website","url":"https:\/\/gambling6.com\/et\/","name":"Gambling6","description":"","potentialAction":[{"@type":"SearchAction","target":{"@type":"EntryPoint","urlTemplate":"https:\/\/gambling6.com\/et\/?s={search_term_string}"},"query-input":{"@type":"PropertyValueSpecification","valueRequired":true,"valueName":"search_term_string"}}],"inLanguage":"et"}]}},"_links":{"self":[{"href":"https:\/\/gambling6.com\/et\/wp-json\/wp\/v2\/pages\/9028","targetHints":{"allow":["GET"]}}],"collection":[{"href":"https:\/\/gambling6.com\/et\/wp-json\/wp\/v2\/pages"}],"about":[{"href":"https:\/\/gambling6.com\/et\/wp-json\/wp\/v2\/types\/page"}],"author":[{"embeddable":true,"href":"https:\/\/gambling6.com\/et\/wp-json\/wp\/v2\/users\/1"}],"replies":[{"embeddable":true,"href":"https:\/\/gambling6.com\/et\/wp-json\/wp\/v2\/comments?post=9028"}],"version-history":[{"count":1,"href":"https:\/\/gambling6.com\/et\/wp-json\/wp\/v2\/pages\/9028\/revisions"}],"predecessor-version":[{"id":10856,"href":"https:\/\/gambling6.com\/et\/wp-json\/wp\/v2\/pages\/9028\/revisions\/10856"}],"up":[{"embeddable":true,"href":"https:\/\/gambling6.com\/et\/wp-json\/wp\/v2\/pages\/8284"}],"wp:featuredmedia":[{"embeddable":true,"href":"https:\/\/gambling6.com\/et\/wp-json\/wp\/v2\/media\/9029"}],"wp:attachment":[{"href":"https:\/\/gambling6.com\/et\/wp-json\/wp\/v2\/media?parent=9028"}],"curies":[{"name":"wp","href":"https:\/\/api.w.org\/{rel}","templated":true}]}}