{"id":9073,"date":"2025-11-08T14:27:05","date_gmt":"2025-11-08T14:27:05","guid":{"rendered":"https:\/\/gambling6.com\/spordiennustuse-napunaited-teie-online-ennustuse-juhend\/"},"modified":"2025-11-12T19:16:32","modified_gmt":"2025-11-12T19:16:32","slug":"spordiennustuse-napunaited-teie-online-ennustuse-juhend","status":"publish","type":"page","link":"https:\/\/gambling6.com\/et\/spordikihlvedude\/spordiennustuse-napunaited-teie-online-ennustuse-juhend\/","title":{"rendered":"Spordiennustuse n\u00e4pun\u00e4ited \u2013 teie online-ennustuse juhend"},"content":{"rendered":"<h2>T\u00e4ielik juhend online-kihlvedude maailma!<\/h2>\n<p>Juba inimkonna algusaegadest peale on hasartm\u00e4ngud olnud meie olemuses. Kui internet nurga tagant v\u00e4lja ilmus, oli loomulik, et hasartm\u00e4ngusaidid ilmusid. Kui need tekkisid, nautisid nad tohutut edu ja online-hasartm\u00e4ngud on n\u00fc\u00fcdseks \u00fcks populaarsemaid tegevusi maailmas.<\/p>\n<p>Oletame, et soovite hakata m\u00e4ngima online-hasartm\u00e4nge. Sellisel juhul peaksite teadma, et konto registreerimine mis tahes suuremal online-hasartm\u00e4ngude veebisaidil v\u00f5tab vaid paar minutit, p\u00e4rast mida saate m\u00e4ngida mida iganes soovite, alates online-kasiinom\u00e4ngudest kuni online-pokkerini v\u00f5i isegi panustada spordi- v\u00f5i finantssaitidele.<\/p>\n<p><img loading=\"lazy\" decoding=\"async\" class=\"size-medium wp-image-3057 alignright\" src=\"https:\/\/gambling6.com\/wp-content\/uploads\/2022\/04\/soccermoney-300x200.jpg\" alt=\"online-kihlvedude juhend\" width=\"300\" height=\"200\" srcset=\"https:\/\/gambling6.com\/wp-content\/uploads\/2022\/04\/soccermoney-300x200.jpg 300w, https:\/\/gambling6.com\/wp-content\/uploads\/2022\/04\/soccermoney.jpg 424w\" sizes=\"auto, (max-width: 300px) 100vw, 300px\" \/>Online-kihlvedude kohta r\u00e4\u00e4kides peaksite teadma, et kui soovite liituda online-hasartm\u00e4ngude veebisaidiga, mis ei n\u00f5ua teilt uue m\u00e4ngu \u00f5ppimist (mis kehtib k\u00f5ige kohta alates online-pokkerist kuni online-kasiinom\u00e4ngudeni), on online-kihlvedud ideaalne lahendus. Te juba teate reegleid \u2013 k\u00f5ik, mida peate tegema, on \u00f5igesti \u00e4ra arvata professionaalse spordi m\u00e4ngu tulemus ja ongi k\u00f5ik. Kui teil on \u00f5igus, saate raha. Kui eksite, saate uuesti proovida.<\/p>\n<p>Oletame, et te pole online-kihlvedusid seni avastanud. Oleks rumal, kui hakkaksite m\u00e4ngima ilma midagi teadmata t\u00f6\u00f6stusest, spordist v\u00f5i isegi online-hasartm\u00e4ngude saitidest, millega soovite liituda. Seep\u00e4rast on olemas saite, mille ainus eesm\u00e4rk on tuua teid l\u00e4hemale teie lemmik-online-hasartm\u00e4ngudele, pakkudes teile v\u00f5imalikult palju teadmisi.<\/p>\n<p><strong>BetOnline<\/strong> on \u00fcks parimaid online-kihlvedude saite maailmas. V\u00f5idus\u00f5iduennustustest spordiennustuste ja finantsennustusteni \u2013 k\u00f5ik need on siin v\u00e4ga detailselt esitatud ja algaja saab \u00f5ppida k\u00f5ike, mida teadma peab, kulutades vaid paar minutit teid huvitavas osas.<\/p>\n<p><a class=\"thirstylink\" title=\"Betonline sports en\" href=\"https:\/\/gambling6.com\/go\/betonline-sports-en\/\" target=\"_blank\" rel=\"nofollow noopener\">Liitu miljonite spordiennustuse f\u00e4nnidega \u00fcle maailma meie lemmik spordiennustuse saidil Betonline, j\u00e4rgides seda linki.<\/a><\/p>\n<p>N\u00e4iteks kui soovite hakata v\u00f5idus\u00f5itudele panustama, peaksite tutvuma v\u00f5idus\u00f5iduennustuste sektsiooniga, mis pakub teile k\u00f5ike online-v\u00f5idus\u00f5idu kohta \u2013 koerav\u00f5idus\u00f5idust iidsete hobuste v\u00f5iduajamisteni v\u00f5i isegi uuemate spordialadeni nagu NASCAR v\u00f5i Vormel 1 v\u00f5idus\u00f5it, BetOnline on seal, et pakkuda teile k\u00f5ike, mida v\u00f5iksite teada iga sellise spordiala kohta.<\/p>\n<p>Kokkuv\u00f5ttes, kui soovite hakata spordile panustama, peaksite proovima BetOnline&#8217;i, mis on \u00fcks parimaid online-hasartm\u00e4ngude saite. Nad viivad sind selle valdkonna kohta mitte midagi teadmatusest selleni, et teenid sellega tohutult raha!<\/p>\n","protected":false},"excerpt":{"rendered":"<p>T\u00e4ielik juhend online-kihlvedude maailma! Juba inimkonna algusaegadest peale on hasartm\u00e4ngud olnud meie olemuses. Kui internet nurga tagant v\u00e4lja ilmus, oli loomulik, et hasartm\u00e4ngusaidid ilmusid. Kui need tekkisid, nautisid nad tohutut edu ja online-hasartm\u00e4ngud on n\u00fc\u00fcdseks \u00fcks populaarsemaid tegevusi maailmas. Oletame, et soovite hakata m\u00e4ngima online-hasartm\u00e4nge. Sellisel juhul peaksite teadma, et konto registreerimine mis tahes suuremal [&hellip;]<\/p>\n","protected":false},"author":1,"featured_media":0,"parent":9206,"menu_order":14,"comment_status":"closed","ping_status":"closed","template":"","meta":{"footnotes":""},"class_list":["post-9073","page","type-page","status-publish","hentry"],"yoast_head":"<!-- This site is optimized with the Yoast SEO plugin v27.4 - https:\/\/yoast.com\/product\/yoast-seo-wordpress\/ -->\n<title>Juhend ja n\u00e4pun\u00e4ited spordiennustuseks veebis<\/title>\n<meta name=\"description\" content=\"Alusta veebis panustamist juba t\u00e4na. K\u00fclasta BetOnline&#039;i, et saada t\u00e4ielik valik panustamisv\u00f5imalusi, aga ka online-pokkeri ja -kasiino m\u00e4nge \u00fchel veebisaidil.\" \/>\n<meta name=\"robots\" content=\"index, follow, max-snippet:-1, max-image-preview:large, max-video-preview:-1\" \/>\n<link rel=\"canonical\" href=\"https:\/\/gambling6.com\/et\/spordikihlvedude\/spordiennustuse-napunaited-teie-online-ennustuse-juhend\/\" \/>\n<meta property=\"og:locale\" content=\"et_EE\" \/>\n<meta property=\"og:type\" content=\"article\" \/>\n<meta property=\"og:title\" content=\"Juhend ja n\u00e4pun\u00e4ited spordiennustuseks veebis\" \/>\n<meta property=\"og:description\" content=\"Alusta veebis panustamist juba t\u00e4na. K\u00fclasta BetOnline&#039;i, et saada t\u00e4ielik valik panustamisv\u00f5imalusi, aga ka online-pokkeri ja -kasiino m\u00e4nge \u00fchel veebisaidil.\" \/>\n<meta property=\"og:url\" content=\"https:\/\/gambling6.com\/et\/spordikihlvedude\/spordiennustuse-napunaited-teie-online-ennustuse-juhend\/\" \/>\n<meta property=\"og:site_name\" content=\"Gambling6\" \/>\n<meta property=\"article:modified_time\" content=\"2025-11-12T19:16:32+00:00\" \/>\n<meta property=\"og:image\" content=\"https:\/\/gambling6.com\/wp-content\/uploads\/2022\/04\/soccermoney.jpg\" \/>\n\t<meta property=\"og:image:width\" content=\"424\" \/>\n\t<meta property=\"og:image:height\" content=\"283\" \/>\n\t<meta property=\"og:image:type\" content=\"image\/jpeg\" \/>\n<meta name=\"twitter:card\" content=\"summary_large_image\" \/>\n<meta name=\"twitter:label1\" content=\"Est. reading time\" \/>\n\t<meta name=\"twitter:data1\" content=\"2 minutit\" \/>\n<script type=\"application\/ld+json\" class=\"yoast-schema-graph\">{\"@context\":\"https:\\\/\\\/schema.org\",\"@graph\":[{\"@type\":\"WebPage\",\"@id\":\"https:\\\/\\\/gambling6.com\\\/et\\\/spordikihlvedude\\\/spordiennustuse-napunaited-teie-online-ennustuse-juhend\\\/\",\"url\":\"https:\\\/\\\/gambling6.com\\\/et\\\/spordikihlvedude\\\/spordiennustuse-napunaited-teie-online-ennustuse-juhend\\\/\",\"name\":\"Juhend ja n\u00e4pun\u00e4ited spordiennustuseks veebis\",\"isPartOf\":{\"@id\":\"https:\\\/\\\/gambling6.com\\\/et\\\/#website\"},\"primaryImageOfPage\":{\"@id\":\"https:\\\/\\\/gambling6.com\\\/et\\\/spordikihlvedude\\\/spordiennustuse-napunaited-teie-online-ennustuse-juhend\\\/#primaryimage\"},\"image\":{\"@id\":\"https:\\\/\\\/gambling6.com\\\/et\\\/spordikihlvedude\\\/spordiennustuse-napunaited-teie-online-ennustuse-juhend\\\/#primaryimage\"},\"thumbnailUrl\":\"https:\\\/\\\/gambling6.com\\\/wp-content\\\/uploads\\\/2022\\\/04\\\/soccermoney-300x200.jpg\",\"datePublished\":\"2025-11-08T14:27:05+00:00\",\"dateModified\":\"2025-11-12T19:16:32+00:00\",\"description\":\"Alusta veebis panustamist juba t\u00e4na. K\u00fclasta BetOnline'i, et saada t\u00e4ielik valik panustamisv\u00f5imalusi, aga ka online-pokkeri ja -kasiino m\u00e4nge \u00fchel veebisaidil.\",\"breadcrumb\":{\"@id\":\"https:\\\/\\\/gambling6.com\\\/et\\\/spordikihlvedude\\\/spordiennustuse-napunaited-teie-online-ennustuse-juhend\\\/#breadcrumb\"},\"inLanguage\":\"et\",\"potentialAction\":[{\"@type\":\"ReadAction\",\"target\":[\"https:\\\/\\\/gambling6.com\\\/et\\\/spordikihlvedude\\\/spordiennustuse-napunaited-teie-online-ennustuse-juhend\\\/\"]}]},{\"@type\":\"ImageObject\",\"inLanguage\":\"et\",\"@id\":\"https:\\\/\\\/gambling6.com\\\/et\\\/spordikihlvedude\\\/spordiennustuse-napunaited-teie-online-ennustuse-juhend\\\/#primaryimage\",\"url\":\"https:\\\/\\\/gambling6.com\\\/wp-content\\\/uploads\\\/2022\\\/04\\\/soccermoney-300x200.jpg\",\"contentUrl\":\"https:\\\/\\\/gambling6.com\\\/wp-content\\\/uploads\\\/2022\\\/04\\\/soccermoney-300x200.jpg\"},{\"@type\":\"BreadcrumbList\",\"@id\":\"https:\\\/\\\/gambling6.com\\\/et\\\/spordikihlvedude\\\/spordiennustuse-napunaited-teie-online-ennustuse-juhend\\\/#breadcrumb\",\"itemListElement\":[{\"@type\":\"ListItem\",\"position\":1,\"name\":\"Home\",\"item\":\"https:\\\/\\\/gambling6.com\\\/et\\\/home\\\/\"},{\"@type\":\"ListItem\",\"position\":2,\"name\":\"Spordikihlvedude\",\"item\":\"https:\\\/\\\/gambling6.com\\\/et\\\/introduction-to-online-sportsbetting\\\/\"},{\"@type\":\"ListItem\",\"position\":3,\"name\":\"Spordiennustuse n\u00e4pun\u00e4ited \u2013 teie online-ennustuse juhend\"}]},{\"@type\":\"WebSite\",\"@id\":\"https:\\\/\\\/gambling6.com\\\/et\\\/#website\",\"url\":\"https:\\\/\\\/gambling6.com\\\/et\\\/\",\"name\":\"Gambling6\",\"description\":\"\",\"potentialAction\":[{\"@type\":\"SearchAction\",\"target\":{\"@type\":\"EntryPoint\",\"urlTemplate\":\"https:\\\/\\\/gambling6.com\\\/et\\\/?s={search_term_string}\"},\"query-input\":{\"@type\":\"PropertyValueSpecification\",\"valueRequired\":true,\"valueName\":\"search_term_string\"}}],\"inLanguage\":\"et\"}]}<\/script>\n<!-- \/ Yoast SEO plugin. -->","yoast_head_json":{"title":"Juhend ja n\u00e4pun\u00e4ited spordiennustuseks veebis","description":"Alusta veebis panustamist juba t\u00e4na. K\u00fclasta BetOnline'i, et saada t\u00e4ielik valik panustamisv\u00f5imalusi, aga ka online-pokkeri ja -kasiino m\u00e4nge \u00fchel veebisaidil.","robots":{"index":"index","follow":"follow","max-snippet":"max-snippet:-1","max-image-preview":"max-image-preview:large","max-video-preview":"max-video-preview:-1"},"canonical":"https:\/\/gambling6.com\/et\/spordikihlvedude\/spordiennustuse-napunaited-teie-online-ennustuse-juhend\/","og_locale":"et_EE","og_type":"article","og_title":"Juhend ja n\u00e4pun\u00e4ited spordiennustuseks veebis","og_description":"Alusta veebis panustamist juba t\u00e4na. K\u00fclasta BetOnline'i, et saada t\u00e4ielik valik panustamisv\u00f5imalusi, aga ka online-pokkeri ja -kasiino m\u00e4nge \u00fchel veebisaidil.","og_url":"https:\/\/gambling6.com\/et\/spordikihlvedude\/spordiennustuse-napunaited-teie-online-ennustuse-juhend\/","og_site_name":"Gambling6","article_modified_time":"2025-11-12T19:16:32+00:00","og_image":[{"width":424,"height":283,"url":"https:\/\/gambling6.com\/wp-content\/uploads\/2022\/04\/soccermoney.jpg","type":"image\/jpeg"}],"twitter_card":"summary_large_image","twitter_misc":{"Est. reading time":"2 minutit"},"schema":{"@context":"https:\/\/schema.org","@graph":[{"@type":"WebPage","@id":"https:\/\/gambling6.com\/et\/spordikihlvedude\/spordiennustuse-napunaited-teie-online-ennustuse-juhend\/","url":"https:\/\/gambling6.com\/et\/spordikihlvedude\/spordiennustuse-napunaited-teie-online-ennustuse-juhend\/","name":"Juhend ja n\u00e4pun\u00e4ited spordiennustuseks veebis","isPartOf":{"@id":"https:\/\/gambling6.com\/et\/#website"},"primaryImageOfPage":{"@id":"https:\/\/gambling6.com\/et\/spordikihlvedude\/spordiennustuse-napunaited-teie-online-ennustuse-juhend\/#primaryimage"},"image":{"@id":"https:\/\/gambling6.com\/et\/spordikihlvedude\/spordiennustuse-napunaited-teie-online-ennustuse-juhend\/#primaryimage"},"thumbnailUrl":"https:\/\/gambling6.com\/wp-content\/uploads\/2022\/04\/soccermoney-300x200.jpg","datePublished":"2025-11-08T14:27:05+00:00","dateModified":"2025-11-12T19:16:32+00:00","description":"Alusta veebis panustamist juba t\u00e4na. K\u00fclasta BetOnline'i, et saada t\u00e4ielik valik panustamisv\u00f5imalusi, aga ka online-pokkeri ja -kasiino m\u00e4nge \u00fchel veebisaidil.","breadcrumb":{"@id":"https:\/\/gambling6.com\/et\/spordikihlvedude\/spordiennustuse-napunaited-teie-online-ennustuse-juhend\/#breadcrumb"},"inLanguage":"et","potentialAction":[{"@type":"ReadAction","target":["https:\/\/gambling6.com\/et\/spordikihlvedude\/spordiennustuse-napunaited-teie-online-ennustuse-juhend\/"]}]},{"@type":"ImageObject","inLanguage":"et","@id":"https:\/\/gambling6.com\/et\/spordikihlvedude\/spordiennustuse-napunaited-teie-online-ennustuse-juhend\/#primaryimage","url":"https:\/\/gambling6.com\/wp-content\/uploads\/2022\/04\/soccermoney-300x200.jpg","contentUrl":"https:\/\/gambling6.com\/wp-content\/uploads\/2022\/04\/soccermoney-300x200.jpg"},{"@type":"BreadcrumbList","@id":"https:\/\/gambling6.com\/et\/spordikihlvedude\/spordiennustuse-napunaited-teie-online-ennustuse-juhend\/#breadcrumb","itemListElement":[{"@type":"ListItem","position":1,"name":"Home","item":"https:\/\/gambling6.com\/et\/home\/"},{"@type":"ListItem","position":2,"name":"Spordikihlvedude","item":"https:\/\/gambling6.com\/et\/introduction-to-online-sportsbetting\/"},{"@type":"ListItem","position":3,"name":"Spordiennustuse n\u00e4pun\u00e4ited \u2013 teie online-ennustuse juhend"}]},{"@type":"WebSite","@id":"https:\/\/gambling6.com\/et\/#website","url":"https:\/\/gambling6.com\/et\/","name":"Gambling6","description":"","potentialAction":[{"@type":"SearchAction","target":{"@type":"EntryPoint","urlTemplate":"https:\/\/gambling6.com\/et\/?s={search_term_string}"},"query-input":{"@type":"PropertyValueSpecification","valueRequired":true,"valueName":"search_term_string"}}],"inLanguage":"et"}]}},"_links":{"self":[{"href":"https:\/\/gambling6.com\/et\/wp-json\/wp\/v2\/pages\/9073","targetHints":{"allow":["GET"]}}],"collection":[{"href":"https:\/\/gambling6.com\/et\/wp-json\/wp\/v2\/pages"}],"about":[{"href":"https:\/\/gambling6.com\/et\/wp-json\/wp\/v2\/types\/page"}],"author":[{"embeddable":true,"href":"https:\/\/gambling6.com\/et\/wp-json\/wp\/v2\/users\/1"}],"replies":[{"embeddable":true,"href":"https:\/\/gambling6.com\/et\/wp-json\/wp\/v2\/comments?post=9073"}],"version-history":[{"count":1,"href":"https:\/\/gambling6.com\/et\/wp-json\/wp\/v2\/pages\/9073\/revisions"}],"predecessor-version":[{"id":9208,"href":"https:\/\/gambling6.com\/et\/wp-json\/wp\/v2\/pages\/9073\/revisions\/9208"}],"up":[{"embeddable":true,"href":"https:\/\/gambling6.com\/et\/wp-json\/wp\/v2\/pages\/9206"}],"wp:attachment":[{"href":"https:\/\/gambling6.com\/et\/wp-json\/wp\/v2\/media?parent=9073"}],"curies":[{"name":"wp","href":"https:\/\/api.w.org\/{rel}","templated":true}]}}