{"id":9141,"date":"2025-11-10T10:21:18","date_gmt":"2025-11-10T10:21:18","guid":{"rendered":"https:\/\/gambling6.com\/hankige-powerballi-loterii-piletid-veebis\/"},"modified":"2025-11-15T08:44:06","modified_gmt":"2025-11-15T08:44:06","slug":"hankige-powerballi-loterii-piletid-veebis","status":"publish","type":"page","link":"https:\/\/gambling6.com\/et\/hankige-powerballi-loterii-piletid-veebis\/","title":{"rendered":"Hankige Powerballi loterii piletid veebis"},"content":{"rendered":"<h2>M\u00e4ngi Powerballi loteriid veebis.<\/h2>\n<p>Powerballi loterii on tuntud \u00fcle maailma uskumatute jackpotide poolest. V\u00e4ga regulaarselt leiad jackpotte, mis \u00fcletavad 100 miljonit dollarit. <strong>Jackpoti kasv on eksponentsiaalne, kuna Powerballi loterii pileteid saab osta veebist.<\/strong> Powerballi m\u00e4ngimine veebis on lihtne ja mugavalt kodust lahkumata, vaja l\u00e4heb vaid arvutit ja interneti\u00fchendust.<\/p>\n<h2>Powerballi piletid veebis, lihtne nagu 1-2-3<\/h2>\n<p>Powerballi loterii veebis m\u00e4ngimiseks peate minema meie partneri <a class=\"thirstylink\" title=\"Redfoxlotto\" href=\"https:\/\/gambling6.com\/go\/redfoxlotto\/\" target=\"_blank\" rel=\"nofollow noopener\">RedFoxLotto (k\u00fclastamiseks kl\u00f5psake siin)<\/a> lehele ja looma konto. Konto avamine on lihtne ja saate Powerballi loteriid m\u00e4ngima hakata minutitega. J\u00e4rgmine samm oleks minna piletiosasse, kus saate vormi abil valida viis p\u00f5hinumbrit.<\/p>\n<p>Kui see on tehtud, valite \u00fche Powerballi boonusnumbri. <strong>Jackpoti v\u00f5itmiseks peate loositud pallidega sobima oma viis p\u00f5hinumbrit ja Powerballi numbri.<\/strong> Pole vaja karta, et kui te neid ei sobi, v\u00f5ite osaleda \u00fche \u00fclej\u00e4\u00e4nud seitsme auhinnataseme v\u00f5itmisel.<\/p>\n<h2>Powerballi piletim\u00fc\u00fck veebis kasvab h\u00fcppeliselt<\/h2>\n<p><img loading=\"lazy\" decoding=\"async\" class=\"size-medium wp-image-1533 alignright\" src=\"https:\/\/gambling6.com\/wp-content\/uploads\/2022\/04\/2_ticket_powerball_au2-1-163x300.jpg\" alt=\"Powerballi pilet\" width=\"163\" height=\"300\" srcset=\"https:\/\/gambling6.com\/wp-content\/uploads\/2022\/04\/2_ticket_powerball_au2-1-163x300.jpg 163w, https:\/\/gambling6.com\/wp-content\/uploads\/2022\/04\/2_ticket_powerball_au2-1.jpg 250w\" sizes=\"auto, (max-width: 163px) 100vw, 163px\" \/>Viimase kahe aasta jooksul on Powerball USA piletim\u00fc\u00fck kasvanud v\u00e4ga kiiresti, kahekordistudes sel perioodil aasta-aastalt. <strong>Jackpotide suurus koos piletite veebist ostmise lihtsusega on olnud peamiseks t\u00f5ukej\u00f5uks, miks kasv on olnud nii m\u00e4rkimisv\u00e4\u00e4rne.<\/strong> Kui minevik on mingi n\u00e4itaja tulevasest m\u00fc\u00fcgist, siis v\u00f5ime eeldada jackpotide suuruse kasvu l\u00e4hiaastatel.<\/p>\n<h2>Lotom\u00e4ngude arv kasvab \u00fcle maailma.<\/h2>\n<p>V\u00e4lja arvatud Mega Millions, mis hoiab loto jackpotide suuruse rekordit, oleme viimase aasta jooksul n\u00e4inud rekordilisi jackpotte enamikus veebis m\u00e4ngitud loteriides. Puuduvad m\u00e4rgid selle kohta, et need rekordilised jackpotid niipea vaibuksid. Tegelikult v\u00f5ime eeldada, et rekordid purunevad korduvalt, kuna inimesed tungivad oma arvutitesse, kui uudised jackpotidest j\u00f5uavad k\u00f5rgele tasemele.<\/p>\n<h2>Kontrollige Powerballi v\u00f5idunumbreid veebis.<\/h2>\n<p>Kui ostate pileteid, veenduge, et v\u00f5tate aega tulemuste kontrollimiseks veebip\u00f5hise andmebaasi t\u00f6\u00f6riista abil. Igal aastal j\u00e4\u00e4b palju auhindu v\u00e4lja v\u00f5tmata, sest kui inimesed kuulevad, et jackpotid on v\u00f5idetud piirkonnas, kus nad ei ela, v\u00f5i asutuses, kust nad piletit ei ostnud, viskavad nad pileti \u00e4ra ega kontrolli, kas nad on v\u00f5itnud teistel auhinnatasemetel.<\/p>\n<p>Palun \u00e4rge tehke viga, et viskate raha pr\u00fcgikasti v\u00f5i j\u00e4tate selle n\u00e4htamatult oma rahakotile vedelema. Te v\u00e4\u00e4rite kogu raha, mille olete v\u00f5itnud. M\u00e4ngige Powerballi loteriid veebis juba t\u00e4na ja teist v\u00f5ib saada maailma j\u00e4rgmine multimiljon\u00e4r.<\/p>\n<table style=\"width: 500px;\" border=\"1\" cellspacing=\"5\" cellpadding=\"5\" align=\"center\">\n<tbody>\n<tr>\n<td colspan=\"3\" align=\"center\">2013. aasta k\u00fcmme suurimat jackpotti<\/td>\n<\/tr>\n<tr>\n<td>Loosimine<\/td>\n<td align=\"center\">Kuup\u00e4ev<\/td>\n<td align=\"center\">Jackpot (USD)<\/td>\n<\/tr>\n<tr>\n<td>Powerball &#8211; USA<\/td>\n<td align=\"center\">18. mai 2013<\/td>\n<td align=\"right\">590 500 000 dollarit<\/td>\n<\/tr>\n<tr>\n<td>Powerball &#8211; USA<\/td>\n<td align=\"center\">7. august 2013<\/td>\n<td align=\"right\">448 400 000 dollarit<\/td>\n<\/tr>\n<tr>\n<td>Powerball &#8211; USA<\/td>\n<td align=\"center\">18. september 2013<\/td>\n<td align=\"right\">399 400 000 dollarit<\/td>\n<\/tr>\n<tr>\n<td>Powerball &#8211; USA<\/td>\n<td align=\"center\">23. m\u00e4rts 2013<\/td>\n<td align=\"right\">338 300 000 dollarit<\/td>\n<\/tr>\n<tr>\n<td>Powerball &#8211; USA<\/td>\n<td align=\"center\">6. veebruar 2013<\/td>\n<td align=\"right\">217 000 000 dollarit<\/td>\n<\/tr>\n<tr>\n<td>Powerball &#8211; USA<\/td>\n<td align=\"center\">23. okt 2013<\/td>\n<td align=\"right\">213 400 000 dollarit<\/td>\n<\/tr>\n<tr>\n<td>Powerball &#8211; USA<\/td>\n<td align=\"center\">22. juuni 2013<\/td>\n<td align=\"right\">131 500 000 dollarit<\/td>\n<\/tr>\n<tr>\n<td>Powerball &#8211; USA<\/td>\n<td align=\"center\">16. nov 2013<\/td>\n<td align=\"right\">130 300 000 dollarit<\/td>\n<\/tr>\n<tr>\n<td>Powerball &#8211; USA<\/td>\n<td align=\"center\">11. dets 2013<\/td>\n<td align=\"right\">122 900 000 dollarit<\/td>\n<\/tr>\n<tr>\n<td>Powerball &#8211; USA<\/td>\n<td align=\"center\">25. detsember 2013<\/td>\n<td align=\"right\">74 000 000 dollarit<\/td>\n<\/tr>\n<\/tbody>\n<\/table>\n<table style=\"width: 500px;\" border=\"1\" cellspacing=\"5\" cellpadding=\"5\" align=\"center\">\n<tbody>\n<tr>\n<td colspan=\"3\" align=\"center\">Powerballi loto &#8211; USA auhinnatasemed<\/td>\n<\/tr>\n<tr>\n<td>Auhind<\/td>\n<td align=\"center\">Mat\u0161id<\/td>\n<td align=\"center\">Koefitsiendid<\/td>\n<\/tr>\n<tr>\n<td>1. koht (peav\u00f5it)<\/td>\n<td align=\"center\">5 + 1<\/td>\n<td align=\"right\">175 223 510 : 1<\/td>\n<\/tr>\n<tr>\n<td>2. koht<\/td>\n<td align=\"center\">5<\/td>\n<td align=\"right\">5 153 633 : 1<\/td>\n<\/tr>\n<tr>\n<td>3.<\/td>\n<td align=\"center\">4 + 1<\/td>\n<td align=\"right\">648 976 : 1<\/td>\n<\/tr>\n<tr>\n<td>4.<\/td>\n<td align=\"center\">4<\/td>\n<td align=\"right\">19 087 : 1<\/td>\n<\/tr>\n<tr>\n<td>5.<\/td>\n<td align=\"cente\">3 + 1<\/td>\n<td align=\"right\">12 245:1<\/td>\n<\/tr>\n<tr>\n<td>6.<\/td>\n<td align=\"center\">3<\/td>\n<td align=\"right\">360:1<\/td>\n<\/tr>\n<tr>\n<td>7.<\/td>\n<td align=\"center\">2 + 1<\/td>\n<td align=\"right\">706:1<\/td>\n<\/tr>\n<tr>\n<td>8.<\/td>\n<td align=\"center\">1 + 1<\/td>\n<td align=\"right\">111:1<\/td>\n<\/tr>\n<tr>\n<td>9.<\/td>\n<td align=\"center\">0 + 1<\/td>\n<td align=\"right\">55: 1<\/td>\n<\/tr>\n<\/tbody>\n<\/table>\n","protected":false},"excerpt":{"rendered":"<p>M\u00e4ngi Powerballi loteriid veebis. Powerballi loterii on tuntud \u00fcle maailma uskumatute jackpotide poolest. V\u00e4ga regulaarselt leiad jackpotte, mis \u00fcletavad 100 miljonit dollarit. Jackpoti kasv on eksponentsiaalne, kuna Powerballi loterii pileteid saab osta veebist. Powerballi m\u00e4ngimine veebis on lihtne ja mugavalt kodust lahkumata, vaja l\u00e4heb vaid arvutit ja interneti\u00fchendust. Powerballi piletid veebis, lihtne nagu 1-2-3 Powerballi [&hellip;]<\/p>\n","protected":false},"author":1,"featured_media":0,"parent":0,"menu_order":4,"comment_status":"closed","ping_status":"closed","template":"","meta":{"footnotes":""},"class_list":["post-9141","page","type-page","status-publish","hentry"],"yoast_head":"<!-- This site is optimized with the Yoast SEO plugin v27.4 - https:\/\/yoast.com\/product\/yoast-seo-wordpress\/ -->\n<title>Osta Powerballi loterii pileteid veebis<\/title>\n<meta name=\"description\" content=\"Hankige oma Powerballi loterii USA piletid juba t\u00e4na veebist.\" \/>\n<meta name=\"robots\" content=\"index, follow, max-snippet:-1, max-image-preview:large, max-video-preview:-1\" \/>\n<link rel=\"canonical\" href=\"https:\/\/gambling6.com\/et\/hankige-powerballi-loterii-piletid-veebis\/\" \/>\n<meta property=\"og:locale\" content=\"et_EE\" \/>\n<meta property=\"og:type\" content=\"article\" \/>\n<meta property=\"og:title\" content=\"Osta Powerballi loterii pileteid veebis\" \/>\n<meta property=\"og:description\" content=\"Hankige oma Powerballi loterii USA piletid juba t\u00e4na veebist.\" \/>\n<meta property=\"og:url\" content=\"https:\/\/gambling6.com\/et\/hankige-powerballi-loterii-piletid-veebis\/\" \/>\n<meta property=\"og:site_name\" content=\"Gambling6\" \/>\n<meta property=\"article:modified_time\" content=\"2025-11-15T08:44:06+00:00\" \/>\n<meta property=\"og:image\" content=\"https:\/\/gambling6.com\/wp-content\/uploads\/2022\/04\/2_ticket_powerball_au2-1.jpg\" \/>\n\t<meta property=\"og:image:width\" content=\"250\" \/>\n\t<meta property=\"og:image:height\" content=\"460\" \/>\n\t<meta property=\"og:image:type\" content=\"image\/jpeg\" \/>\n<meta name=\"twitter:card\" content=\"summary_large_image\" \/>\n<meta name=\"twitter:label1\" content=\"Est. reading time\" \/>\n\t<meta name=\"twitter:data1\" content=\"2 minutit\" \/>\n<script type=\"application\/ld+json\" class=\"yoast-schema-graph\">{\"@context\":\"https:\\\/\\\/schema.org\",\"@graph\":[{\"@type\":\"WebPage\",\"@id\":\"https:\\\/\\\/gambling6.com\\\/et\\\/hankige-powerballi-loterii-piletid-veebis\\\/\",\"url\":\"https:\\\/\\\/gambling6.com\\\/et\\\/hankige-powerballi-loterii-piletid-veebis\\\/\",\"name\":\"Osta Powerballi loterii pileteid veebis\",\"isPartOf\":{\"@id\":\"https:\\\/\\\/gambling6.com\\\/et\\\/#website\"},\"primaryImageOfPage\":{\"@id\":\"https:\\\/\\\/gambling6.com\\\/et\\\/hankige-powerballi-loterii-piletid-veebis\\\/#primaryimage\"},\"image\":{\"@id\":\"https:\\\/\\\/gambling6.com\\\/et\\\/hankige-powerballi-loterii-piletid-veebis\\\/#primaryimage\"},\"thumbnailUrl\":\"https:\\\/\\\/gambling6.com\\\/wp-content\\\/uploads\\\/2022\\\/04\\\/2_ticket_powerball_au2-1-163x300.jpg\",\"datePublished\":\"2025-11-10T10:21:18+00:00\",\"dateModified\":\"2025-11-15T08:44:06+00:00\",\"description\":\"Hankige oma Powerballi loterii USA piletid juba t\u00e4na veebist.\",\"breadcrumb\":{\"@id\":\"https:\\\/\\\/gambling6.com\\\/et\\\/hankige-powerballi-loterii-piletid-veebis\\\/#breadcrumb\"},\"inLanguage\":\"et\",\"potentialAction\":[{\"@type\":\"ReadAction\",\"target\":[\"https:\\\/\\\/gambling6.com\\\/et\\\/hankige-powerballi-loterii-piletid-veebis\\\/\"]}]},{\"@type\":\"ImageObject\",\"inLanguage\":\"et\",\"@id\":\"https:\\\/\\\/gambling6.com\\\/et\\\/hankige-powerballi-loterii-piletid-veebis\\\/#primaryimage\",\"url\":\"https:\\\/\\\/gambling6.com\\\/wp-content\\\/uploads\\\/2022\\\/04\\\/2_ticket_powerball_au2-1-163x300.jpg\",\"contentUrl\":\"https:\\\/\\\/gambling6.com\\\/wp-content\\\/uploads\\\/2022\\\/04\\\/2_ticket_powerball_au2-1-163x300.jpg\"},{\"@type\":\"BreadcrumbList\",\"@id\":\"https:\\\/\\\/gambling6.com\\\/et\\\/hankige-powerballi-loterii-piletid-veebis\\\/#breadcrumb\",\"itemListElement\":[{\"@type\":\"ListItem\",\"position\":1,\"name\":\"Home\",\"item\":\"https:\\\/\\\/gambling6.com\\\/et\\\/home\\\/\"},{\"@type\":\"ListItem\",\"position\":2,\"name\":\"Hankige Powerballi loterii piletid veebis\"}]},{\"@type\":\"WebSite\",\"@id\":\"https:\\\/\\\/gambling6.com\\\/et\\\/#website\",\"url\":\"https:\\\/\\\/gambling6.com\\\/et\\\/\",\"name\":\"Gambling6\",\"description\":\"\",\"potentialAction\":[{\"@type\":\"SearchAction\",\"target\":{\"@type\":\"EntryPoint\",\"urlTemplate\":\"https:\\\/\\\/gambling6.com\\\/et\\\/?s={search_term_string}\"},\"query-input\":{\"@type\":\"PropertyValueSpecification\",\"valueRequired\":true,\"valueName\":\"search_term_string\"}}],\"inLanguage\":\"et\"}]}<\/script>\n<!-- \/ Yoast SEO plugin. -->","yoast_head_json":{"title":"Osta Powerballi loterii pileteid veebis","description":"Hankige oma Powerballi loterii USA piletid juba t\u00e4na veebist.","robots":{"index":"index","follow":"follow","max-snippet":"max-snippet:-1","max-image-preview":"max-image-preview:large","max-video-preview":"max-video-preview:-1"},"canonical":"https:\/\/gambling6.com\/et\/hankige-powerballi-loterii-piletid-veebis\/","og_locale":"et_EE","og_type":"article","og_title":"Osta Powerballi loterii pileteid veebis","og_description":"Hankige oma Powerballi loterii USA piletid juba t\u00e4na veebist.","og_url":"https:\/\/gambling6.com\/et\/hankige-powerballi-loterii-piletid-veebis\/","og_site_name":"Gambling6","article_modified_time":"2025-11-15T08:44:06+00:00","og_image":[{"width":250,"height":460,"url":"https:\/\/gambling6.com\/wp-content\/uploads\/2022\/04\/2_ticket_powerball_au2-1.jpg","type":"image\/jpeg"}],"twitter_card":"summary_large_image","twitter_misc":{"Est. reading time":"2 minutit"},"schema":{"@context":"https:\/\/schema.org","@graph":[{"@type":"WebPage","@id":"https:\/\/gambling6.com\/et\/hankige-powerballi-loterii-piletid-veebis\/","url":"https:\/\/gambling6.com\/et\/hankige-powerballi-loterii-piletid-veebis\/","name":"Osta Powerballi loterii pileteid veebis","isPartOf":{"@id":"https:\/\/gambling6.com\/et\/#website"},"primaryImageOfPage":{"@id":"https:\/\/gambling6.com\/et\/hankige-powerballi-loterii-piletid-veebis\/#primaryimage"},"image":{"@id":"https:\/\/gambling6.com\/et\/hankige-powerballi-loterii-piletid-veebis\/#primaryimage"},"thumbnailUrl":"https:\/\/gambling6.com\/wp-content\/uploads\/2022\/04\/2_ticket_powerball_au2-1-163x300.jpg","datePublished":"2025-11-10T10:21:18+00:00","dateModified":"2025-11-15T08:44:06+00:00","description":"Hankige oma Powerballi loterii USA piletid juba t\u00e4na veebist.","breadcrumb":{"@id":"https:\/\/gambling6.com\/et\/hankige-powerballi-loterii-piletid-veebis\/#breadcrumb"},"inLanguage":"et","potentialAction":[{"@type":"ReadAction","target":["https:\/\/gambling6.com\/et\/hankige-powerballi-loterii-piletid-veebis\/"]}]},{"@type":"ImageObject","inLanguage":"et","@id":"https:\/\/gambling6.com\/et\/hankige-powerballi-loterii-piletid-veebis\/#primaryimage","url":"https:\/\/gambling6.com\/wp-content\/uploads\/2022\/04\/2_ticket_powerball_au2-1-163x300.jpg","contentUrl":"https:\/\/gambling6.com\/wp-content\/uploads\/2022\/04\/2_ticket_powerball_au2-1-163x300.jpg"},{"@type":"BreadcrumbList","@id":"https:\/\/gambling6.com\/et\/hankige-powerballi-loterii-piletid-veebis\/#breadcrumb","itemListElement":[{"@type":"ListItem","position":1,"name":"Home","item":"https:\/\/gambling6.com\/et\/home\/"},{"@type":"ListItem","position":2,"name":"Hankige Powerballi loterii piletid veebis"}]},{"@type":"WebSite","@id":"https:\/\/gambling6.com\/et\/#website","url":"https:\/\/gambling6.com\/et\/","name":"Gambling6","description":"","potentialAction":[{"@type":"SearchAction","target":{"@type":"EntryPoint","urlTemplate":"https:\/\/gambling6.com\/et\/?s={search_term_string}"},"query-input":{"@type":"PropertyValueSpecification","valueRequired":true,"valueName":"search_term_string"}}],"inLanguage":"et"}]}},"_links":{"self":[{"href":"https:\/\/gambling6.com\/et\/wp-json\/wp\/v2\/pages\/9141","targetHints":{"allow":["GET"]}}],"collection":[{"href":"https:\/\/gambling6.com\/et\/wp-json\/wp\/v2\/pages"}],"about":[{"href":"https:\/\/gambling6.com\/et\/wp-json\/wp\/v2\/types\/page"}],"author":[{"embeddable":true,"href":"https:\/\/gambling6.com\/et\/wp-json\/wp\/v2\/users\/1"}],"replies":[{"embeddable":true,"href":"https:\/\/gambling6.com\/et\/wp-json\/wp\/v2\/comments?post=9141"}],"version-history":[{"count":2,"href":"https:\/\/gambling6.com\/et\/wp-json\/wp\/v2\/pages\/9141\/revisions"}],"predecessor-version":[{"id":10846,"href":"https:\/\/gambling6.com\/et\/wp-json\/wp\/v2\/pages\/9141\/revisions\/10846"}],"wp:attachment":[{"href":"https:\/\/gambling6.com\/et\/wp-json\/wp\/v2\/media?parent=9141"}],"curies":[{"name":"wp","href":"https:\/\/api.w.org\/{rel}","templated":true}]}}