{"id":9206,"date":"2025-11-10T11:28:57","date_gmt":"2025-11-10T11:28:57","guid":{"rendered":"https:\/\/gambling6.com\/spordikihlvedude\/"},"modified":"2025-11-10T11:28:57","modified_gmt":"2025-11-10T11:28:57","slug":"spordikihlvedude","status":"publish","type":"page","link":"https:\/\/gambling6.com\/et\/spordikihlvedude\/","title":{"rendered":"Spordikihlvedude"},"content":{"rendered":"<h2>Spordiennustuse p\u00f5hit\u00f5ed<\/h2>\n<p>Spordiennustus, mis on termin, mis tekib lihtsalt kirjeldavate s\u00f5nade endi \u00fchendamisest, on professionaalsete ja amat\u00f6\u00f6rspordi tulemuste ennustamine koos tulemusele panuse tegemisega. <strong>Spordiennustus on termin, mida kasutatakse koha kirjeldamiseks, kus osaletakse spordiennustuses.<\/strong> \u00dcldiselt ei ole see tegevus USA-s seaduslik. P\u00f5him\u00f5tteliselt on Ameerikas ainult neli viiek\u00fcmnest osariigist, kus spordiennustus ja spordiennustused on 100% seaduslikud. Siis tuli internet.<\/p>\n<h2>Miljonid osalevad iga p\u00e4ev spordiennustuses<\/h2>\n<p>Iga p\u00e4ev k\u00fclastavad miljonid inimesed tuhandeid veebisaite, et teha panuseid mis tahes spordialale. Kuid <strong>see sissejuhatus online-spordiennustusse n\u00e4itab teile, et see on enamat kui lihtsalt kursivahe teadmine ja panuse tegemine meeskonnale,<\/strong> keda soovite v\u00f5ita. M\u00e4ngule panustamine mitte ainult ei muuda selle vaatamist huvitavamaks, vaid spordiennustuse kunst v\u00f5ib \u00f5igesti tehes teenida palju raha. Kui see on uus ettev\u00f5tmine kellelegi, kellel pole spordiennustuses kogemusi, peate teadma spordiennustuse p\u00f5hit\u00f5desid ja p\u00f5him\u00f5tteid, et te ei peaks tegevuse alguses segadusse sattuma.<\/p>\n<h2>Online-spordiennustuse terminoloogia<\/h2>\n<p>Esiteks<strong> peate tutvuma m\u00f5ne spordiennustuses kasutatava terminoloogiaga<\/strong>. &#8220;<a href=\"http:\/\/en.wikipedia.org\/wiki\/Handicapping\" target=\"_blank\" rel=\"noopener\">Handicap<\/a>&#8221; on esimene termin, mida tutvustan; see t\u00e4hendab \u00fchele meeskonnale v\u00f5i isikule teise ees eelise andmist, pikendades teise l\u00f6\u00f6ke, v\u00e4ravaid, touchdown&#8217;e v\u00f5i lihtsalt punkte, et anda vastasele parem v\u00f5imalus oma m\u00e4ngutasemega v\u00f5rdsustada. Oletame n\u00e4iteks, et ma kavatsen m\u00e4ngida Michael Jordaniga \u00fcks-\u00fchele korvpalli ja v\u00f5itjaks saab see, kes esimesena kogub 21 punkti. Ma v\u00f5in saada 18-punktilise edumaa, mis t\u00e4hendaks, et tal on 18-punktiline h\u00e4ndik\u00e4pp. V\u00f5itmiseks peab ta enne minu poolt 3 punkti kogumist koguma 21 punkti. H\u00e4ndik\u00e4pi v\u00f5i &#8220;punktivahe&#8221; n\u00e4iteid, nagu neid ka nimetatakse, on palju. Selle p\u00f5him\u00f5tte m\u00f5istmine on \u00fcks v\u00f5tmeid heade panuste m\u00f5istmiseks online-spordiennustuses.<\/p>\n<h2>Tunne oma online-spordiennustust<\/h2>\n<p><strong>Spordiennustus, olgu see siis online- v\u00f5i live-spordiennustus, toimub tavaliselt nn &#8220;spordiennustuses&#8221;.<\/strong> &#8220;Kihlveokontor&#8221; on asutus, mis v\u00f5tab vastu panuseid, ja kihlveokontor on isik, kes tavaliselt m\u00e4\u00e4rab leviku konkreetsele asutusele. &#8220;V\u00e4ljalaske&#8221; m\u00e4\u00e4ramise protsess, erinevalt &#8220;paarisraha&#8221; (1:1 koefitsiendiga panus), v\u00f5ib olla v\u00e4ga keeruline ja v\u00f5ib spordiennustuses erineda. <\/p>\n<h2>Betonline Sportsbook \u2013 v\u00f5tab vastu USA spordif\u00e4nne<\/h2>\n<p>Kui oled spordiennustuseks valmis, pead leidma hea mainega online-kasiino v\u00f5i spordiennustuse saidi, kus saad oma panuseid teha. <a class=\"thirstylink\" title=\"Betonline casino en\" href=\"https:\/\/gambling6.com\/go\/betonline-casino-en\/\" target=\"_blank\" rel=\"nofollow noopener\">V\u00f5id vaadata Betonline sportsbooki<\/a>, see on tuntud online-kasiino, millel on maine uskumatu turvalisuse poolest. Nad pakuvad palju erinevaid sisse- ja v\u00e4ljamaksemeetodeid ning peaksid leidma viisi, kuidas nendega oma isiklikele vajadustele vastavat suhelda.<\/p>\n<p>Teine suurep\u00e4rane alternatiiv on 888 Casino \u2013 nende spordiennustuse osakond on \u00fcks parimaid turul. Lisaks sellele on neil ka suurep\u00e4rane pokkerituba, absoluutselt parimad kasiinom\u00e4ngud ja isegi sellised asjad nagu bingo ja kraapimispiletid.<\/p>\n<p>888 ainus miinus on see, et nad ei v\u00f5ta vastu kliente Ameerika \u00dchendriikidest. Aga kui sa elad teises riigis, siis peaksid kindlasti <a class=\"thirstylink\" title=\"888 casino en\" href=\"https:\/\/gambling6.com\/go\/888-casino-en\/\" target=\"_blank\" rel=\"nofollow noopener\">k\u00fclastama 888 kasiino veebisaiti \u2013 lihtsalt j\u00e4rgi seda linki.<\/a><\/p>\n<p>Proovi vett, aga sul on veebis spordiennustuse kohta veel palju \u00f5ppida. Me j\u00e4tkame selle saidi v\u00e4rskendamist, et saaksid \u00f5ppida koefitsientide ja tegurite kohta, mis m\u00f5jutavad teatud s\u00fcndmuste tulemusi.<strong> Kui soovid saada spordiennustuse teema eksperdiks<\/strong>, oled \u00f5iges kohas. Istu maha, sea end mugavalt sisse ja oota p\u00f5nevusega veebis spordiennustusega l\u00f5butsemist.<\/p>\n","protected":false},"excerpt":{"rendered":"<p>Spordiennustuse p\u00f5hit\u00f5ed Spordiennustus, mis on termin, mis tekib lihtsalt kirjeldavate s\u00f5nade endi \u00fchendamisest, on professionaalsete ja amat\u00f6\u00f6rspordi tulemuste ennustamine koos tulemusele panuse tegemisega. Spordiennustus on termin, mida kasutatakse koha kirjeldamiseks, kus osaletakse spordiennustuses. \u00dcldiselt ei ole see tegevus USA-s seaduslik. P\u00f5him\u00f5tteliselt on Ameerikas ainult neli viiek\u00fcmnest osariigist, kus spordiennustus ja spordiennustused on 100% seaduslikud. Siis [&hellip;]<\/p>\n","protected":false},"author":1,"featured_media":0,"parent":0,"menu_order":4,"comment_status":"closed","ping_status":"closed","template":"","meta":{"footnotes":""},"class_list":["post-9206","page","type-page","status-publish","hentry"],"yoast_head":"<!-- This site is optimized with the Yoast SEO plugin v27.3 - https:\/\/yoast.com\/product\/yoast-seo-wordpress\/ -->\n<title>Sissejuhatus online-spordiennustusse<\/title>\n<meta name=\"description\" content=\"Tutvuge veebip\u00f5hises spordiennustuses kasutatava terminoloogiaga.\" \/>\n<meta name=\"robots\" content=\"index, follow, max-snippet:-1, max-image-preview:large, max-video-preview:-1\" \/>\n<link rel=\"canonical\" href=\"https:\/\/gambling6.com\/et\/spordikihlvedude\/\" \/>\n<meta property=\"og:locale\" content=\"et_EE\" \/>\n<meta property=\"og:type\" content=\"article\" \/>\n<meta property=\"og:title\" content=\"Sissejuhatus online-spordiennustusse\" \/>\n<meta property=\"og:description\" content=\"Tutvuge veebip\u00f5hises spordiennustuses kasutatava terminoloogiaga.\" \/>\n<meta property=\"og:url\" content=\"https:\/\/gambling6.com\/et\/spordikihlvedude\/\" \/>\n<meta property=\"og:site_name\" content=\"Gambling6\" \/>\n<meta name=\"twitter:card\" content=\"summary_large_image\" \/>\n<meta name=\"twitter:label1\" content=\"Est. reading time\" \/>\n\t<meta name=\"twitter:data1\" content=\"3 minutit\" \/>\n<script type=\"application\/ld+json\" class=\"yoast-schema-graph\">{\"@context\":\"https:\\\/\\\/schema.org\",\"@graph\":[{\"@type\":\"WebPage\",\"@id\":\"https:\\\/\\\/gambling6.com\\\/et\\\/spordikihlvedude\\\/\",\"url\":\"https:\\\/\\\/gambling6.com\\\/et\\\/spordikihlvedude\\\/\",\"name\":\"Sissejuhatus online-spordiennustusse\",\"isPartOf\":{\"@id\":\"https:\\\/\\\/gambling6.com\\\/et\\\/#website\"},\"datePublished\":\"2025-11-10T11:28:57+00:00\",\"description\":\"Tutvuge veebip\u00f5hises spordiennustuses kasutatava terminoloogiaga.\",\"breadcrumb\":{\"@id\":\"https:\\\/\\\/gambling6.com\\\/et\\\/spordikihlvedude\\\/#breadcrumb\"},\"inLanguage\":\"et\",\"potentialAction\":[{\"@type\":\"ReadAction\",\"target\":[\"https:\\\/\\\/gambling6.com\\\/et\\\/spordikihlvedude\\\/\"]}]},{\"@type\":\"BreadcrumbList\",\"@id\":\"https:\\\/\\\/gambling6.com\\\/et\\\/spordikihlvedude\\\/#breadcrumb\",\"itemListElement\":[{\"@type\":\"ListItem\",\"position\":1,\"name\":\"Home\",\"item\":\"https:\\\/\\\/gambling6.com\\\/et\\\/home\\\/\"},{\"@type\":\"ListItem\",\"position\":2,\"name\":\"Spordikihlvedude\"}]},{\"@type\":\"WebSite\",\"@id\":\"https:\\\/\\\/gambling6.com\\\/et\\\/#website\",\"url\":\"https:\\\/\\\/gambling6.com\\\/et\\\/\",\"name\":\"Gambling6\",\"description\":\"\",\"potentialAction\":[{\"@type\":\"SearchAction\",\"target\":{\"@type\":\"EntryPoint\",\"urlTemplate\":\"https:\\\/\\\/gambling6.com\\\/et\\\/?s={search_term_string}\"},\"query-input\":{\"@type\":\"PropertyValueSpecification\",\"valueRequired\":true,\"valueName\":\"search_term_string\"}}],\"inLanguage\":\"et\"}]}<\/script>\n<!-- \/ Yoast SEO plugin. -->","yoast_head_json":{"title":"Sissejuhatus online-spordiennustusse","description":"Tutvuge veebip\u00f5hises spordiennustuses kasutatava terminoloogiaga.","robots":{"index":"index","follow":"follow","max-snippet":"max-snippet:-1","max-image-preview":"max-image-preview:large","max-video-preview":"max-video-preview:-1"},"canonical":"https:\/\/gambling6.com\/et\/spordikihlvedude\/","og_locale":"et_EE","og_type":"article","og_title":"Sissejuhatus online-spordiennustusse","og_description":"Tutvuge veebip\u00f5hises spordiennustuses kasutatava terminoloogiaga.","og_url":"https:\/\/gambling6.com\/et\/spordikihlvedude\/","og_site_name":"Gambling6","twitter_card":"summary_large_image","twitter_misc":{"Est. reading time":"3 minutit"},"schema":{"@context":"https:\/\/schema.org","@graph":[{"@type":"WebPage","@id":"https:\/\/gambling6.com\/et\/spordikihlvedude\/","url":"https:\/\/gambling6.com\/et\/spordikihlvedude\/","name":"Sissejuhatus online-spordiennustusse","isPartOf":{"@id":"https:\/\/gambling6.com\/et\/#website"},"datePublished":"2025-11-10T11:28:57+00:00","description":"Tutvuge veebip\u00f5hises spordiennustuses kasutatava terminoloogiaga.","breadcrumb":{"@id":"https:\/\/gambling6.com\/et\/spordikihlvedude\/#breadcrumb"},"inLanguage":"et","potentialAction":[{"@type":"ReadAction","target":["https:\/\/gambling6.com\/et\/spordikihlvedude\/"]}]},{"@type":"BreadcrumbList","@id":"https:\/\/gambling6.com\/et\/spordikihlvedude\/#breadcrumb","itemListElement":[{"@type":"ListItem","position":1,"name":"Home","item":"https:\/\/gambling6.com\/et\/home\/"},{"@type":"ListItem","position":2,"name":"Spordikihlvedude"}]},{"@type":"WebSite","@id":"https:\/\/gambling6.com\/et\/#website","url":"https:\/\/gambling6.com\/et\/","name":"Gambling6","description":"","potentialAction":[{"@type":"SearchAction","target":{"@type":"EntryPoint","urlTemplate":"https:\/\/gambling6.com\/et\/?s={search_term_string}"},"query-input":{"@type":"PropertyValueSpecification","valueRequired":true,"valueName":"search_term_string"}}],"inLanguage":"et"}]}},"_links":{"self":[{"href":"https:\/\/gambling6.com\/et\/wp-json\/wp\/v2\/pages\/9206","targetHints":{"allow":["GET"]}}],"collection":[{"href":"https:\/\/gambling6.com\/et\/wp-json\/wp\/v2\/pages"}],"about":[{"href":"https:\/\/gambling6.com\/et\/wp-json\/wp\/v2\/types\/page"}],"author":[{"embeddable":true,"href":"https:\/\/gambling6.com\/et\/wp-json\/wp\/v2\/users\/1"}],"replies":[{"embeddable":true,"href":"https:\/\/gambling6.com\/et\/wp-json\/wp\/v2\/comments?post=9206"}],"version-history":[{"count":0,"href":"https:\/\/gambling6.com\/et\/wp-json\/wp\/v2\/pages\/9206\/revisions"}],"wp:attachment":[{"href":"https:\/\/gambling6.com\/et\/wp-json\/wp\/v2\/media?parent=9206"}],"curies":[{"name":"wp","href":"https:\/\/api.w.org\/{rel}","templated":true}]}}