{"id":9277,"date":"2025-11-10T13:01:04","date_gmt":"2025-11-10T13:01:04","guid":{"rendered":"https:\/\/gambling6.com\/loterii\/"},"modified":"2025-11-15T11:39:16","modified_gmt":"2025-11-15T11:39:16","slug":"loterii","status":"publish","type":"page","link":"https:\/\/gambling6.com\/et\/loterii\/","title":{"rendered":"Loterii"},"content":{"rendered":"<h2>Lotto l\u00e4heb rahvusvaheliseks ja internetti.<\/h2>\n<p>Kuigi seda peetakse suurep\u00e4raseks meelelahutusvormiks, on rahvusvaheliste loteriipiletite ostmisest saanud ka suur \u00e4ri. Hasartm\u00e4ngud \u00fcldiselt on plahvatuslikult kasvanud osaliselt t\u00e4nu suurep\u00e4rasele meediakajastusele, mida pokker on saanud, ja t\u00e4iendavat edu on seostatud internetiga. <strong>Rahvusvaheliste loteriide m\u00e4ngimine ja piletite ostmine internetist on kiirendanud jackpotide kasvu<\/strong> ja paljud inimesed on n\u00fc\u00fcd teinud RedFoxLotto m\u00e4ngimise osaks oma sissetulekuplaanist.<\/p>\n<h2>Internet muudab loteriipiletite ostmise lihtsaks.<\/h2>\n<p>Internet on meie elu mitmel moel muutnud; see on kindlasti teinud maailma palju v\u00e4iksemaks. Paljudes riikides \u00fcle maailma m\u00e4ngitakse iga p\u00e4ev sadu loteriisid. Enamik riiklikke loosimisi, sealhulgas suuremate jackpotidega loosimisi, on tehtud k\u00e4ttesaadavaks inimestele, kes ostavad loteriipileteid rahvusvaheliselt. <strong>Suured \u00fclemaailmsed loteriid, n\u00e4iteks Mega Millions Ameerika \u00dchendriikides ja Powerball nii USA-s kui ka Austraalias, v\u00f5imaldavad piletite ostmist veebis meie partneri RedFoxLotto kaudu.<\/strong><img loading=\"lazy\" decoding=\"async\" class=\" alignright size-full wp-image-437\" style=\"margin: 10px; border: 5px none #ffffff; float: right;\" src=\"http:\/\/gambling6.com\/wp-content\/uploads\/2013\/12\/International-Community-150x150.jpg\" alt=\"Rahvusvahelised loteriid internetis\" width=\"150\" height=\"150\" \/><\/p>\n<h2>Osta loteriipileteid \u00f6\u00f6p\u00e4evaringselt<\/h2>\n<p>T\u00e4nap\u00e4eva tehnoloogilises maailmas saame osta paljude rahvusvaheliste loteriide pileteid \u00f6\u00f6p\u00e4evaringselt, 365 p\u00e4eva n\u00e4dalas. Interneti abil saame neid pileteid osta ilma loteriijaamadesse jooksmata v\u00f5i j\u00e4rjekorras seismata. Me v\u00f5tame aega teie numbrite valimiseks ja kasutame selleks teile k\u00e4ttesaadavaid erinevaid t\u00f6\u00f6riistu. Rahvusvaheliste loteriide m\u00e4ngimise lihtsus on t\u00f5stnud jackpotid ja mitmetasandilised auhinnad rekordtasemele. Auhinnatasemed on pannud paljusid looma ettev\u00f5tte, m\u00e4ngides RedFoxLotto veebis.<\/p>\n<h2>Loteriipiletite ostmine veebis on turvaline.<\/h2>\n<p>Meie partneri RedFoxLottoga on rahvusvaheliste loteriide piletite ostmine turvaline ja lihtne. Esiteks peate avama konto. Konto avamisel palutakse teil esitada isikuandmeid. Sisestage kindlasti oma konto jaoks ajakohane ja \u00f5ige teave, et saaksime teie isikut suure jackpoti v\u00f5itmisel kontrollida. Sisestatud ja saadetud teave on kaitstud 256-bitise kr\u00fcptimisega ning turvaline hostimine tagab, et see hoitakse privaatsena ja seda kasutatakse ainult veebisaidil kirjeldatud eesm\u00e4rkidel.<\/p>\n<h2>RedFoxLotto v\u00f5itmiseks m\u00f5eldud internetipanga meetodid<\/h2>\n<p>Piletite ostmiseks saate kasutada selliseid kaarte nagu Visa, MasterCard ja Visa deebet. Saadaval on mitu muud makseviisi, n\u00e4iteks panga\u00fclekanded ja kr\u00fcptomaksed. Aga kui teil on m\u00e4rkimisv\u00e4\u00e4rne v\u00f5it, peate esitama pangakonto andmed, et teie v\u00f5idud saaks teile \u00fcle kanda. Turvaline keskkond teeb sellest ideaalse valiku rahvusvaheliste loteriide m\u00e4ngimiseks ja v\u00f5itude k\u00e4ttesaamiseks.<\/p>\n<h2>Loteriipiletite ostmisel veebis on eeliseid.<\/h2>\n<p>Teine loteriipiletite ostmise eelis veebis on see, et saadaval on palju t\u00f6\u00f6riistu, mis aitavad teil anal\u00fc\u00fcsida numbreid enamiku suurte rahvusvaheliste loosimiste jaoks. Veebip\u00f5hised loteriit\u00f6\u00f6riistad v\u00f5imaldavad teil vaadata k\u00f5ige sagedasemaid numbreid, k\u00f5ige haruldasemaid numbreid ja loosimiste ajalugu loteriide jaoks kogu maailmas. See teave annab teile piletite ostmisel eelise ja v\u00f5ib teie pangakontot mitmetasandiliste v\u00f5itudega t\u00e4iendada.<\/p>\n<p>RedFoxLotto m\u00e4ngimine v\u00f5ib olla l\u00f5bus ja tulus. Alustage rahvusvaheliste loteriide m\u00e4ngimist juba t\u00e4na. <a class=\"thirstylink\" title=\"Redfoxlotto\" href=\"https:\/\/gambling6.com\/go\/redfoxlotto\/\" target=\"_blank\" rel=\"nofollow noopener\">Rahvusvaheliste loteriipiletite ostmiseks veebis k\u00fclastage meie partnerit RedFoxLotto.<\/a><\/p>\n<h2>Kas peate olema elanik, et m\u00e4ngida rahvusvahelises loteriis?<\/h2>\n<p>Lihtne vastus on: ei, te ei pea! Kui olete lugenud internetist v\u00f5i ajalehest artikleid inimestest, kes on v\u00f5itnud mitme miljoni dollari suuruseid jackpote, olete ehk m\u00f5elnud: &#8220;Miks ma ei v\u00f5iks \u00fchte neist loteriidest proovida?&#8221; N\u00fc\u00fcd pole enam probleem, et te ei ela riigis, kus jackpot-loterii loositakse.<\/p>\n<p>Saate pileti igale loteriijackpotile, mida soovite v\u00f5ita, kuna need on veebis saadaval k\u00f5igile maailmas. See veebisait aitab teil osta veebipileti k\u00f5ige olulisematele rahvusvahelistele jackpottidele. Ja protseduur ei saaks olla lihtsam. Kl\u00f5psake \u00fclaltoodud lingil ja valige loterii. Teid suunatakse lehele, kus saate ise valida oma lemmiknumbrid selle loterii jaoks v\u00f5i lasta arvutil need juhuslikult valida.<\/p>\n<p>Seej\u00e4rel maksate veebis, kasutades teile k\u00f5ige mugavamat makseviisi. Nende makseviiside hulka kuuluvad populaarsed ja turvalised e-rahakoti lahendused nagu Skrill ja isegi kr\u00fcptovaluuta. Loomulikult saate valida ka k\u00f5ige populaarsema valiku: krediitkaardiga maksmise.<\/p>\n<p><strong>Mis edasi saab \u2013 kuidas ma saan oma veebilotopileti k\u00e4tte?<\/strong> See toimib nagu kullerteenus \u2013 teie veebilotopilet saabPiletid ostetakse teie nimele, seej\u00e4rel skaneeritakse ja laaditakse teie kontole \u00fcles.<\/p>\n<p>Te peate vaid maha istuma ja loosimist ootama, oma numbreid kontrollima ja n\u00e4gema, kui palju olete v\u00f5itnud. Kui v\u00f5idate alla 2000 euro, kantakse raha teie kliendikontole. Suuremate summade puhul n\u00f5uavad RedFoxLotto eeskirjad, et t\u00e4idaksite veebisaidi pakutava taotlusvormi. Nad edastavad selle teie nimel vastavale loteriikomisjonile ja enne kui arugi saate, on teie t\u0161ekk posti teel! <a class=\"thirstylink\" title=\"Redfoxlotto\" href=\"https:\/\/gambling6.com\/go\/redfoxlotto\/\" target=\"_blank\" rel=\"nofollow noopener\">Ostke loteriipileteid juba t\u00e4na RedFoxLottos!<\/a><\/p>\n<p>&nbsp;<\/p>\n","protected":false},"excerpt":{"rendered":"<p>Lotto l\u00e4heb rahvusvaheliseks ja internetti. Kuigi seda peetakse suurep\u00e4raseks meelelahutusvormiks, on rahvusvaheliste loteriipiletite ostmisest saanud ka suur \u00e4ri. Hasartm\u00e4ngud \u00fcldiselt on plahvatuslikult kasvanud osaliselt t\u00e4nu suurep\u00e4rasele meediakajastusele, mida pokker on saanud, ja t\u00e4iendavat edu on seostatud internetiga. Rahvusvaheliste loteriide m\u00e4ngimine ja piletite ostmine internetist on kiirendanud jackpotide kasvu ja paljud inimesed on n\u00fc\u00fcd teinud RedFoxLotto [&hellip;]<\/p>\n","protected":false},"author":1,"featured_media":9279,"parent":0,"menu_order":8,"comment_status":"closed","ping_status":"closed","template":"","meta":{"footnotes":""},"class_list":["post-9277","page","type-page","status-publish","has-post-thumbnail","hentry"],"yoast_head":"<!-- This site is optimized with the Yoast SEO plugin v27.4 - https:\/\/yoast.com\/product\/yoast-seo-wordpress\/ -->\n<title>Rahvusvaheliste lotopiletite ostmine veebis<\/title>\n<meta name=\"description\" content=\"Rahvusvaheliste loteriide piletite ostmine veebis on lihtne. Pole t\u00e4htis, kus sa elad, osale \u00fcksk\u00f5ik millises maailma parimas loteriis.\" \/>\n<meta name=\"robots\" content=\"index, follow, max-snippet:-1, max-image-preview:large, max-video-preview:-1\" \/>\n<link rel=\"canonical\" href=\"https:\/\/gambling6.com\/et\/loterii\/\" \/>\n<meta property=\"og:locale\" content=\"et_EE\" \/>\n<meta property=\"og:type\" content=\"article\" \/>\n<meta property=\"og:title\" content=\"Rahvusvaheliste lotopiletite ostmine veebis\" \/>\n<meta property=\"og:description\" content=\"Rahvusvaheliste loteriide piletite ostmine veebis on lihtne. Pole t\u00e4htis, kus sa elad, osale \u00fcksk\u00f5ik millises maailma parimas loteriis.\" \/>\n<meta property=\"og:url\" content=\"https:\/\/gambling6.com\/et\/loterii\/\" \/>\n<meta property=\"og:site_name\" content=\"Gambling6\" \/>\n<meta property=\"article:modified_time\" content=\"2025-11-15T11:39:16+00:00\" \/>\n<meta property=\"og:image\" content=\"https:\/\/gambling6.com\/wp-content\/uploads\/2013\/12\/International-Community-150x150.jpg\" \/>\n\t<meta property=\"og:image:width\" content=\"150\" \/>\n\t<meta property=\"og:image:height\" content=\"150\" \/>\n\t<meta property=\"og:image:type\" content=\"image\/jpeg\" \/>\n<meta name=\"twitter:card\" content=\"summary_large_image\" \/>\n<meta name=\"twitter:label1\" content=\"Est. reading time\" \/>\n\t<meta name=\"twitter:data1\" content=\"3 minutit\" \/>\n<script type=\"application\/ld+json\" class=\"yoast-schema-graph\">{\"@context\":\"https:\\\/\\\/schema.org\",\"@graph\":[{\"@type\":\"WebPage\",\"@id\":\"https:\\\/\\\/gambling6.com\\\/et\\\/loterii\\\/\",\"url\":\"https:\\\/\\\/gambling6.com\\\/et\\\/loterii\\\/\",\"name\":\"Rahvusvaheliste lotopiletite ostmine veebis\",\"isPartOf\":{\"@id\":\"https:\\\/\\\/gambling6.com\\\/et\\\/#website\"},\"primaryImageOfPage\":{\"@id\":\"https:\\\/\\\/gambling6.com\\\/et\\\/loterii\\\/#primaryimage\"},\"image\":{\"@id\":\"https:\\\/\\\/gambling6.com\\\/et\\\/loterii\\\/#primaryimage\"},\"thumbnailUrl\":\"https:\\\/\\\/gambling6.com\\\/wp-content\\\/uploads\\\/2013\\\/12\\\/International-Community-150x150.jpg\",\"datePublished\":\"2025-11-10T13:01:04+00:00\",\"dateModified\":\"2025-11-15T11:39:16+00:00\",\"description\":\"Rahvusvaheliste loteriide piletite ostmine veebis on lihtne. Pole t\u00e4htis, kus sa elad, osale \u00fcksk\u00f5ik millises maailma parimas loteriis.\",\"breadcrumb\":{\"@id\":\"https:\\\/\\\/gambling6.com\\\/et\\\/loterii\\\/#breadcrumb\"},\"inLanguage\":\"et\",\"potentialAction\":[{\"@type\":\"ReadAction\",\"target\":[\"https:\\\/\\\/gambling6.com\\\/et\\\/loterii\\\/\"]}]},{\"@type\":\"ImageObject\",\"inLanguage\":\"et\",\"@id\":\"https:\\\/\\\/gambling6.com\\\/et\\\/loterii\\\/#primaryimage\",\"url\":\"https:\\\/\\\/gambling6.com\\\/wp-content\\\/uploads\\\/2013\\\/12\\\/International-Community-150x150.jpg\",\"contentUrl\":\"https:\\\/\\\/gambling6.com\\\/wp-content\\\/uploads\\\/2013\\\/12\\\/International-Community-150x150.jpg\",\"width\":150,\"height\":150,\"caption\":\"International Lotteries Online\"},{\"@type\":\"BreadcrumbList\",\"@id\":\"https:\\\/\\\/gambling6.com\\\/et\\\/loterii\\\/#breadcrumb\",\"itemListElement\":[{\"@type\":\"ListItem\",\"position\":1,\"name\":\"Home\",\"item\":\"https:\\\/\\\/gambling6.com\\\/et\\\/home\\\/\"},{\"@type\":\"ListItem\",\"position\":2,\"name\":\"Loterii\"}]},{\"@type\":\"WebSite\",\"@id\":\"https:\\\/\\\/gambling6.com\\\/et\\\/#website\",\"url\":\"https:\\\/\\\/gambling6.com\\\/et\\\/\",\"name\":\"Gambling6\",\"description\":\"\",\"potentialAction\":[{\"@type\":\"SearchAction\",\"target\":{\"@type\":\"EntryPoint\",\"urlTemplate\":\"https:\\\/\\\/gambling6.com\\\/et\\\/?s={search_term_string}\"},\"query-input\":{\"@type\":\"PropertyValueSpecification\",\"valueRequired\":true,\"valueName\":\"search_term_string\"}}],\"inLanguage\":\"et\"}]}<\/script>\n<!-- \/ Yoast SEO plugin. -->","yoast_head_json":{"title":"Rahvusvaheliste lotopiletite ostmine veebis","description":"Rahvusvaheliste loteriide piletite ostmine veebis on lihtne. Pole t\u00e4htis, kus sa elad, osale \u00fcksk\u00f5ik millises maailma parimas loteriis.","robots":{"index":"index","follow":"follow","max-snippet":"max-snippet:-1","max-image-preview":"max-image-preview:large","max-video-preview":"max-video-preview:-1"},"canonical":"https:\/\/gambling6.com\/et\/loterii\/","og_locale":"et_EE","og_type":"article","og_title":"Rahvusvaheliste lotopiletite ostmine veebis","og_description":"Rahvusvaheliste loteriide piletite ostmine veebis on lihtne. Pole t\u00e4htis, kus sa elad, osale \u00fcksk\u00f5ik millises maailma parimas loteriis.","og_url":"https:\/\/gambling6.com\/et\/loterii\/","og_site_name":"Gambling6","article_modified_time":"2025-11-15T11:39:16+00:00","og_image":[{"width":150,"height":150,"url":"https:\/\/gambling6.com\/wp-content\/uploads\/2013\/12\/International-Community-150x150.jpg","type":"image\/jpeg"}],"twitter_card":"summary_large_image","twitter_misc":{"Est. reading time":"3 minutit"},"schema":{"@context":"https:\/\/schema.org","@graph":[{"@type":"WebPage","@id":"https:\/\/gambling6.com\/et\/loterii\/","url":"https:\/\/gambling6.com\/et\/loterii\/","name":"Rahvusvaheliste lotopiletite ostmine veebis","isPartOf":{"@id":"https:\/\/gambling6.com\/et\/#website"},"primaryImageOfPage":{"@id":"https:\/\/gambling6.com\/et\/loterii\/#primaryimage"},"image":{"@id":"https:\/\/gambling6.com\/et\/loterii\/#primaryimage"},"thumbnailUrl":"https:\/\/gambling6.com\/wp-content\/uploads\/2013\/12\/International-Community-150x150.jpg","datePublished":"2025-11-10T13:01:04+00:00","dateModified":"2025-11-15T11:39:16+00:00","description":"Rahvusvaheliste loteriide piletite ostmine veebis on lihtne. Pole t\u00e4htis, kus sa elad, osale \u00fcksk\u00f5ik millises maailma parimas loteriis.","breadcrumb":{"@id":"https:\/\/gambling6.com\/et\/loterii\/#breadcrumb"},"inLanguage":"et","potentialAction":[{"@type":"ReadAction","target":["https:\/\/gambling6.com\/et\/loterii\/"]}]},{"@type":"ImageObject","inLanguage":"et","@id":"https:\/\/gambling6.com\/et\/loterii\/#primaryimage","url":"https:\/\/gambling6.com\/wp-content\/uploads\/2013\/12\/International-Community-150x150.jpg","contentUrl":"https:\/\/gambling6.com\/wp-content\/uploads\/2013\/12\/International-Community-150x150.jpg","width":150,"height":150,"caption":"International Lotteries Online"},{"@type":"BreadcrumbList","@id":"https:\/\/gambling6.com\/et\/loterii\/#breadcrumb","itemListElement":[{"@type":"ListItem","position":1,"name":"Home","item":"https:\/\/gambling6.com\/et\/home\/"},{"@type":"ListItem","position":2,"name":"Loterii"}]},{"@type":"WebSite","@id":"https:\/\/gambling6.com\/et\/#website","url":"https:\/\/gambling6.com\/et\/","name":"Gambling6","description":"","potentialAction":[{"@type":"SearchAction","target":{"@type":"EntryPoint","urlTemplate":"https:\/\/gambling6.com\/et\/?s={search_term_string}"},"query-input":{"@type":"PropertyValueSpecification","valueRequired":true,"valueName":"search_term_string"}}],"inLanguage":"et"}]}},"_links":{"self":[{"href":"https:\/\/gambling6.com\/et\/wp-json\/wp\/v2\/pages\/9277","targetHints":{"allow":["GET"]}}],"collection":[{"href":"https:\/\/gambling6.com\/et\/wp-json\/wp\/v2\/pages"}],"about":[{"href":"https:\/\/gambling6.com\/et\/wp-json\/wp\/v2\/types\/page"}],"author":[{"embeddable":true,"href":"https:\/\/gambling6.com\/et\/wp-json\/wp\/v2\/users\/1"}],"replies":[{"embeddable":true,"href":"https:\/\/gambling6.com\/et\/wp-json\/wp\/v2\/comments?post=9277"}],"version-history":[{"count":2,"href":"https:\/\/gambling6.com\/et\/wp-json\/wp\/v2\/pages\/9277\/revisions"}],"predecessor-version":[{"id":10955,"href":"https:\/\/gambling6.com\/et\/wp-json\/wp\/v2\/pages\/9277\/revisions\/10955"}],"wp:featuredmedia":[{"embeddable":true,"href":"https:\/\/gambling6.com\/et\/wp-json\/wp\/v2\/media\/9279"}],"wp:attachment":[{"href":"https:\/\/gambling6.com\/et\/wp-json\/wp\/v2\/media?parent=9277"}],"curies":[{"name":"wp","href":"https:\/\/api.w.org\/{rel}","templated":true}]}}