{"id":9339,"date":"2025-11-10T20:32:41","date_gmt":"2025-11-10T20:32:41","guid":{"rendered":"https:\/\/gambling6.com\/loterii\/hankige-mega-millionsi-loterii-piletid-veebis\/"},"modified":"2025-11-10T20:32:41","modified_gmt":"2025-11-10T20:32:41","slug":"hankige-mega-millionsi-loterii-piletid-veebis","status":"publish","type":"page","link":"https:\/\/gambling6.com\/et\/loterii\/hankige-mega-millionsi-loterii-piletid-veebis\/","title":{"rendered":"Hankige Mega Millionsi loterii piletid veebis"},"content":{"rendered":"<h2>Mega Millionsi loteriipileteid saab osta k\u00f5ikjalt maailmast<\/h2>\n<p>Uskumatu arv inimesi ostab iga p\u00e4ev loteriipileteid nii P\u00f5hja-Ameerikas kui ka kogu maailmas. Enamik loteriiosalejaid teab h\u00e4sti, et nende v\u00f5imalused jackpotti v\u00f5ita on v\u00e4ga v\u00e4ikesed. <strong>Ometi, kuna on v\u00f5imalik\u00a0<\/strong><span style=\"box-sizing: border-box; margin: 0px; padding: 0px;\"><strong>osta Mega Millionsi loteriipileteid veebis, jooksevad inimesed iga p\u00e4ev oma arvutite juurde<\/strong>, logivad sisse meie partneri RedFoxLotto.com lehele ja ostavad pileteid<\/span>hiiglaslikule USA-s asuvale Mega Millionsi loteriile.<img loading=\"lazy\" decoding=\"async\" class=\" alignright wp-image-544\" style=\"margin: 10px; border: 5px solid #ffffff; float: right;\" src=\"http:\/\/gambling6.com\/wp-content\/uploads\/2013\/12\/get-mega-millions-tickets-online.png\" alt=\"oma Megamillionsi piletid veebis\" width=\"297\" height=\"163\" srcset=\"https:\/\/gambling6.com\/wp-content\/uploads\/2013\/12\/get-mega-millions-tickets-online.png 388w, https:\/\/gambling6.com\/wp-content\/uploads\/2013\/12\/get-mega-millions-tickets-online-300x165.png 300w\" sizes=\"auto, (max-width: 297px) 100vw, 297px\" \/><\/p>\n<h2>V\u00f5itmiseks peate oma piletid veebist ostma.<\/h2>\n<p>Paljud inimesed eelistavad pigem v\u00e4ikest v\u00f5iduv\u00f5imalust kui mitte \u00fchtegi. Nagu \u00f6eldakse: &#8220;ilma piletita ei saa v\u00f5ita&#8221;. See fraas j\u00e4\u00e4b paljudele meelde ja kuna lotopildid neid iga p\u00e4ev \u00fcle ujutavad, ostavad nad suure t\u00f5en\u00e4osusega piletid veebist. Internet on v\u00f5imaldanud inimestel \u00fcle maailma osta pileteid igale loosimisele. Kuna Mega Millions on \u00fcks suurimaid loosimisi maailmas, on lihtsalt loogiline, et inimesed kogunevad veebist pileteid ostma.<\/p>\n<p>Pileti saamiseks <a class=\"thirstylink\" title=\"Redfoxlotto\" href=\"https:\/\/gambling6.com\/go\/redfoxlotto\/\" target=\"_blank\" rel=\"nofollow noopener\">kl\u00f5psake siin, et k\u00fclastada RedFoxLotto.com-i<\/a>, mis on suurep\u00e4rane loteriipiletite kullerteenus, kust saate osta loteriipileteid k\u00f5ige suurematele jackpottidele \u00fcle kogu maailma.<\/p>\n<h2>Veebiostjaid ootavad elumuutvad v\u00f5imalused.<\/h2>\n<p>Oluline on m\u00e4rkida, et inimesed ostavad Mega Millionsi loterii pileteid veebist, et proovida oma elu muuta. Kui nad kuulevad tulemusi, et paar Tunkhannockis Pennsylvanias on v\u00f5itnud peaauhinna, on nad pettunud ega kontrolli oma pileteid isegi.<\/p>\n<h2>Mega Millionsi ja Powerballi piletid veebis on k\u00f5ige populaarsemad.<\/h2>\n<p>Kaks USA loteriid, nimelt Megamillions ja Powerball, on t\u00f5epoolest maailma suurimad jackpotte toovad loteriid. Seega pole \u00fcllatav, et nende kahe hiiglase piletim\u00fc\u00fck internetis t\u00f5useb iga n\u00e4dalaga uutesse k\u00f5rgustesse. Mega Millionsi piletite ostmine internetist on regulaarselt viinud jackpotid erakordsetele tasemetele.<\/p>\n<h2>H\u00e4mmastavad Mega Millionsi jackpotid 2013. aastal l\u00e4henesid rekordile<\/h2>\n<table style=\"width: 500px;\" border=\"1\" cellspacing=\"5\" cellpadding=\"5\" align=\"center\">\n<tbody>\n<tr>\n<td colspan=\"3\" align=\"center\">Viis suurimat jackpotti 2013. aastal<\/td>\n<\/tr>\n<tr>\n<td>Loosimine<\/td>\n<td align=\"center\">Kuup\u00e4ev<\/td>\n<td align=\"center\">Jackpot (USD)<\/td>\n<\/tr>\n<tr>\n<td>Mega Millions &#8211; USA<\/td>\n<td align=\"center\">17. dets 2013<\/td>\n<td align=\"right\">636 000 000 dollarit<\/td>\n<\/tr>\n<tr>\n<td>Mega Millions &#8211; USA<\/td>\n<td align=\"center\">17. mai 2013<\/td>\n<td align=\"right\">190 000 000 dollarit<\/td>\n<\/tr>\n<tr>\n<td>Mega Millions &#8211; USA<\/td>\n<td align=\"center\">1. okt 2013<\/td>\n<td align=\"right\">189 000 000 dollarit<\/td>\n<\/tr>\n<tr>\n<td>Mega Millions &#8211; USA<\/td>\n<td align=\"center\">25. jaan 2013<\/td>\n<td align=\"right\">89 000 000 dollarit<\/td>\n<\/tr>\n<tr>\n<td>Mega Millions &#8211; USA<\/td>\n<td align=\"center\">5. juuli 2013<\/td>\n<td align=\"right\">79 000 000 dollarit<\/td>\n<\/tr>\n<\/tbody>\n<\/table>\n<h2>\u00a0Mega Millionsi veebipileti v\u00f5itmiseks on palju auhindu omanikud<\/h2>\n<table style=\"width: 500px;\" border=\"1\" cellspacing=\"5\" cellpadding=\"5\" align=\"center\">\n<tbody>\n<tr>\n<td colspan=\"3\" align=\"center\">Mega Millionsi loterii auhinnaastmed<\/td>\n<\/tr>\n<tr>\n<td>Auhind<\/td>\n<td align=\"center\">Mat\u0161id<\/td>\n<td align=\"center\">Koefitsiendid<\/td>\n<\/tr>\n<tr>\n<td>1. koht (peav\u00f5it)<\/td>\n<td align=\"center\">5 + 1<\/td>\n<td align=\"right\">175 711 538 : 1<\/td>\n<\/tr>\n<tr>\n<td>2. koht<\/td>\n<td align=\"center\">5<\/td>\n<td align=\"right\">3 904 701 : 1<\/td>\n<\/tr>\n<tr>\n<td>3.<\/td>\n<td align=\"center\">4 + 1<\/td>\n<td align=\"right\">689 065 : 1<\/td>\n<\/tr>\n<tr>\n<td>4.<\/td>\n<td align=\"center\">4<\/td>\n<td align=\"right\">15 313 \u200b\u200b: 1<\/td>\n<\/tr>\n<tr>\n<td>5.<\/td>\n<td align=\"center\">3 + 1<\/td>\n<td align=\"right\">13 781 : 1<\/td>\n<\/tr>\n<tr>\n<td>6.<\/td>\n<td align=\"center\">2 + 1<\/td>\n<td align=\"right\">844 : 1<\/td>\n<\/tr>\n<tr>\n<td>7.<\/td>\n<td align=\"center\">3<\/td>\n<td align=\"right\">360 : 1<\/td>\n<\/tr>\n<tr>\n<td>8.<\/td>\n<td align=\"center\">1 + 1<\/td>\n<td align=\"right\">141 : 1<\/td>\n<\/tr>\n<tr>\n<td>9.<\/td>\n<td align=\"center\">0 + 1<\/td>\n<td align=\"right\">75 : 1<\/td>\n<\/tr>\n<\/tbody>\n<\/table>\n<p style=\"text-align: center;\"><strong>M\u00e4ngi Mega Millionsi juba t\u00e4na oma veebipiletitega ja su unistused v\u00f5ivad t\u00e4ituda!<\/strong><\/p>\n","protected":false},"excerpt":{"rendered":"<p>Mega Millionsi loteriipileteid saab osta k\u00f5ikjalt maailmast Uskumatu arv inimesi ostab iga p\u00e4ev loteriipileteid nii P\u00f5hja-Ameerikas kui ka kogu maailmas. Enamik loteriiosalejaid teab h\u00e4sti, et nende v\u00f5imalused jackpotti v\u00f5ita on v\u00e4ga v\u00e4ikesed. Ometi, kuna on v\u00f5imalik\u00a0osta Mega Millionsi loteriipileteid veebis, jooksevad inimesed iga p\u00e4ev oma arvutite juurde, logivad sisse meie partneri RedFoxLotto.com lehele ja ostavad [&hellip;]<\/p>\n","protected":false},"author":1,"featured_media":9340,"parent":9277,"menu_order":13,"comment_status":"closed","ping_status":"closed","template":"","meta":{"footnotes":""},"class_list":["post-9339","page","type-page","status-publish","has-post-thumbnail","hentry"],"yoast_head":"<!-- This site is optimized with the Yoast SEO plugin v27.3 - https:\/\/yoast.com\/product\/yoast-seo-wordpress\/ -->\n<title>Osta Mega Millionsi loteriipileteid veebis<\/title>\n<meta name=\"description\" content=\"V\u00f5ida suurelt, hankides Mega Millionsi loterii piletid veebis.\" \/>\n<meta name=\"robots\" content=\"index, follow, max-snippet:-1, max-image-preview:large, max-video-preview:-1\" \/>\n<link rel=\"canonical\" href=\"https:\/\/gambling6.com\/et\/loterii\/hankige-mega-millionsi-loterii-piletid-veebis\/\" \/>\n<meta property=\"og:locale\" content=\"et_EE\" \/>\n<meta property=\"og:type\" content=\"article\" \/>\n<meta property=\"og:title\" content=\"Osta Mega Millionsi loteriipileteid veebis\" \/>\n<meta property=\"og:description\" content=\"V\u00f5ida suurelt, hankides Mega Millionsi loterii piletid veebis.\" \/>\n<meta property=\"og:url\" content=\"https:\/\/gambling6.com\/et\/loterii\/hankige-mega-millionsi-loterii-piletid-veebis\/\" \/>\n<meta property=\"og:site_name\" content=\"Gambling6\" \/>\n<meta property=\"og:image\" content=\"https:\/\/gambling6.com\/wp-content\/uploads\/2013\/12\/get-mega-millions-tickets-online.png\" \/>\n\t<meta property=\"og:image:width\" content=\"388\" \/>\n\t<meta property=\"og:image:height\" content=\"213\" \/>\n\t<meta property=\"og:image:type\" content=\"image\/png\" \/>\n<meta name=\"twitter:card\" content=\"summary_large_image\" \/>\n<meta name=\"twitter:label1\" content=\"Est. reading time\" \/>\n\t<meta name=\"twitter:data1\" content=\"2 minutit\" \/>\n<script type=\"application\/ld+json\" class=\"yoast-schema-graph\">{\"@context\":\"https:\\\/\\\/schema.org\",\"@graph\":[{\"@type\":\"WebPage\",\"@id\":\"https:\\\/\\\/gambling6.com\\\/et\\\/loterii\\\/hankige-mega-millionsi-loterii-piletid-veebis\\\/\",\"url\":\"https:\\\/\\\/gambling6.com\\\/et\\\/loterii\\\/hankige-mega-millionsi-loterii-piletid-veebis\\\/\",\"name\":\"Osta Mega Millionsi loteriipileteid veebis\",\"isPartOf\":{\"@id\":\"https:\\\/\\\/gambling6.com\\\/et\\\/#website\"},\"primaryImageOfPage\":{\"@id\":\"https:\\\/\\\/gambling6.com\\\/et\\\/loterii\\\/hankige-mega-millionsi-loterii-piletid-veebis\\\/#primaryimage\"},\"image\":{\"@id\":\"https:\\\/\\\/gambling6.com\\\/et\\\/loterii\\\/hankige-mega-millionsi-loterii-piletid-veebis\\\/#primaryimage\"},\"thumbnailUrl\":\"https:\\\/\\\/gambling6.com\\\/wp-content\\\/uploads\\\/2013\\\/12\\\/get-mega-millions-tickets-online.png\",\"datePublished\":\"2025-11-10T20:32:41+00:00\",\"description\":\"V\u00f5ida suurelt, hankides Mega Millionsi loterii piletid veebis.\",\"breadcrumb\":{\"@id\":\"https:\\\/\\\/gambling6.com\\\/et\\\/loterii\\\/hankige-mega-millionsi-loterii-piletid-veebis\\\/#breadcrumb\"},\"inLanguage\":\"et\",\"potentialAction\":[{\"@type\":\"ReadAction\",\"target\":[\"https:\\\/\\\/gambling6.com\\\/et\\\/loterii\\\/hankige-mega-millionsi-loterii-piletid-veebis\\\/\"]}]},{\"@type\":\"ImageObject\",\"inLanguage\":\"et\",\"@id\":\"https:\\\/\\\/gambling6.com\\\/et\\\/loterii\\\/hankige-mega-millionsi-loterii-piletid-veebis\\\/#primaryimage\",\"url\":\"https:\\\/\\\/gambling6.com\\\/wp-content\\\/uploads\\\/2013\\\/12\\\/get-mega-millions-tickets-online.png\",\"contentUrl\":\"https:\\\/\\\/gambling6.com\\\/wp-content\\\/uploads\\\/2013\\\/12\\\/get-mega-millions-tickets-online.png\",\"width\":388,\"height\":213,\"caption\":\"your Megamillions tickets online\"},{\"@type\":\"BreadcrumbList\",\"@id\":\"https:\\\/\\\/gambling6.com\\\/et\\\/loterii\\\/hankige-mega-millionsi-loterii-piletid-veebis\\\/#breadcrumb\",\"itemListElement\":[{\"@type\":\"ListItem\",\"position\":1,\"name\":\"Home\",\"item\":\"https:\\\/\\\/gambling6.com\\\/et\\\/home\\\/\"},{\"@type\":\"ListItem\",\"position\":2,\"name\":\"Loterii\",\"item\":\"https:\\\/\\\/gambling6.com\\\/et\\\/loterii\\\/\"},{\"@type\":\"ListItem\",\"position\":3,\"name\":\"Hankige Mega Millionsi loterii piletid veebis\"}]},{\"@type\":\"WebSite\",\"@id\":\"https:\\\/\\\/gambling6.com\\\/et\\\/#website\",\"url\":\"https:\\\/\\\/gambling6.com\\\/et\\\/\",\"name\":\"Gambling6\",\"description\":\"\",\"potentialAction\":[{\"@type\":\"SearchAction\",\"target\":{\"@type\":\"EntryPoint\",\"urlTemplate\":\"https:\\\/\\\/gambling6.com\\\/et\\\/?s={search_term_string}\"},\"query-input\":{\"@type\":\"PropertyValueSpecification\",\"valueRequired\":true,\"valueName\":\"search_term_string\"}}],\"inLanguage\":\"et\"}]}<\/script>\n<!-- \/ Yoast SEO plugin. -->","yoast_head_json":{"title":"Osta Mega Millionsi loteriipileteid veebis","description":"V\u00f5ida suurelt, hankides Mega Millionsi loterii piletid veebis.","robots":{"index":"index","follow":"follow","max-snippet":"max-snippet:-1","max-image-preview":"max-image-preview:large","max-video-preview":"max-video-preview:-1"},"canonical":"https:\/\/gambling6.com\/et\/loterii\/hankige-mega-millionsi-loterii-piletid-veebis\/","og_locale":"et_EE","og_type":"article","og_title":"Osta Mega Millionsi loteriipileteid veebis","og_description":"V\u00f5ida suurelt, hankides Mega Millionsi loterii piletid veebis.","og_url":"https:\/\/gambling6.com\/et\/loterii\/hankige-mega-millionsi-loterii-piletid-veebis\/","og_site_name":"Gambling6","og_image":[{"width":388,"height":213,"url":"https:\/\/gambling6.com\/wp-content\/uploads\/2013\/12\/get-mega-millions-tickets-online.png","type":"image\/png"}],"twitter_card":"summary_large_image","twitter_misc":{"Est. reading time":"2 minutit"},"schema":{"@context":"https:\/\/schema.org","@graph":[{"@type":"WebPage","@id":"https:\/\/gambling6.com\/et\/loterii\/hankige-mega-millionsi-loterii-piletid-veebis\/","url":"https:\/\/gambling6.com\/et\/loterii\/hankige-mega-millionsi-loterii-piletid-veebis\/","name":"Osta Mega Millionsi loteriipileteid veebis","isPartOf":{"@id":"https:\/\/gambling6.com\/et\/#website"},"primaryImageOfPage":{"@id":"https:\/\/gambling6.com\/et\/loterii\/hankige-mega-millionsi-loterii-piletid-veebis\/#primaryimage"},"image":{"@id":"https:\/\/gambling6.com\/et\/loterii\/hankige-mega-millionsi-loterii-piletid-veebis\/#primaryimage"},"thumbnailUrl":"https:\/\/gambling6.com\/wp-content\/uploads\/2013\/12\/get-mega-millions-tickets-online.png","datePublished":"2025-11-10T20:32:41+00:00","description":"V\u00f5ida suurelt, hankides Mega Millionsi loterii piletid veebis.","breadcrumb":{"@id":"https:\/\/gambling6.com\/et\/loterii\/hankige-mega-millionsi-loterii-piletid-veebis\/#breadcrumb"},"inLanguage":"et","potentialAction":[{"@type":"ReadAction","target":["https:\/\/gambling6.com\/et\/loterii\/hankige-mega-millionsi-loterii-piletid-veebis\/"]}]},{"@type":"ImageObject","inLanguage":"et","@id":"https:\/\/gambling6.com\/et\/loterii\/hankige-mega-millionsi-loterii-piletid-veebis\/#primaryimage","url":"https:\/\/gambling6.com\/wp-content\/uploads\/2013\/12\/get-mega-millions-tickets-online.png","contentUrl":"https:\/\/gambling6.com\/wp-content\/uploads\/2013\/12\/get-mega-millions-tickets-online.png","width":388,"height":213,"caption":"your Megamillions tickets online"},{"@type":"BreadcrumbList","@id":"https:\/\/gambling6.com\/et\/loterii\/hankige-mega-millionsi-loterii-piletid-veebis\/#breadcrumb","itemListElement":[{"@type":"ListItem","position":1,"name":"Home","item":"https:\/\/gambling6.com\/et\/home\/"},{"@type":"ListItem","position":2,"name":"Loterii","item":"https:\/\/gambling6.com\/et\/loterii\/"},{"@type":"ListItem","position":3,"name":"Hankige Mega Millionsi loterii piletid veebis"}]},{"@type":"WebSite","@id":"https:\/\/gambling6.com\/et\/#website","url":"https:\/\/gambling6.com\/et\/","name":"Gambling6","description":"","potentialAction":[{"@type":"SearchAction","target":{"@type":"EntryPoint","urlTemplate":"https:\/\/gambling6.com\/et\/?s={search_term_string}"},"query-input":{"@type":"PropertyValueSpecification","valueRequired":true,"valueName":"search_term_string"}}],"inLanguage":"et"}]}},"_links":{"self":[{"href":"https:\/\/gambling6.com\/et\/wp-json\/wp\/v2\/pages\/9339","targetHints":{"allow":["GET"]}}],"collection":[{"href":"https:\/\/gambling6.com\/et\/wp-json\/wp\/v2\/pages"}],"about":[{"href":"https:\/\/gambling6.com\/et\/wp-json\/wp\/v2\/types\/page"}],"author":[{"embeddable":true,"href":"https:\/\/gambling6.com\/et\/wp-json\/wp\/v2\/users\/1"}],"replies":[{"embeddable":true,"href":"https:\/\/gambling6.com\/et\/wp-json\/wp\/v2\/comments?post=9339"}],"version-history":[{"count":0,"href":"https:\/\/gambling6.com\/et\/wp-json\/wp\/v2\/pages\/9339\/revisions"}],"up":[{"embeddable":true,"href":"https:\/\/gambling6.com\/et\/wp-json\/wp\/v2\/pages\/9277"}],"wp:featuredmedia":[{"embeddable":true,"href":"https:\/\/gambling6.com\/et\/wp-json\/wp\/v2\/media\/9340"}],"wp:attachment":[{"href":"https:\/\/gambling6.com\/et\/wp-json\/wp\/v2\/media?parent=9339"}],"curies":[{"name":"wp","href":"https:\/\/api.w.org\/{rel}","templated":true}]}}