{"id":9382,"date":"2025-11-10T21:25:02","date_gmt":"2025-11-10T21:25:02","guid":{"rendered":"https:\/\/gambling6.com\/loterii\/kuidas-ma-saan-osta-euromillionsi-loterii-pileteid-veebis-valjaspool-euroopat\/"},"modified":"2025-11-12T18:43:25","modified_gmt":"2025-11-12T18:43:25","slug":"kuidas-ma-saan-osta-euromillionsi-loterii-pileteid-veebis-valjaspool-euroopat","status":"publish","type":"page","link":"https:\/\/gambling6.com\/et\/loterii\/kuidas-ma-saan-osta-euromillionsi-loterii-pileteid-veebis-valjaspool-euroopat\/","title":{"rendered":"Kuidas ma saan osta Euromillionsi loterii pileteid veebis v\u00e4ljaspool Euroopat?"},"content":{"rendered":"<h2>Euro Millions<\/h2>\n<p>Kuna m\u00e4ngus on 185 miljonit eurot ja tavap\u00e4rane <span style=\"box-sizing: border-box; margin: 0px; padding: 0px;\">v\u00f5imalus v\u00f5ita \u00fcle 100 miljoni euro, <strong>kihutavad inimesed oma arvutite taha, et osta EuroMillionsi loterii pileteid<\/strong><\/span><strong>.<\/strong> Euromillionsi m\u00e4ngitakse 9 riigis \u00fcle Euroopa ja eelmisel aastal maksti auhindu \u00fcle 2,5 miljardi dollari. Miks te ei tahaks seda jackpotti v\u00f5ita? K\u00f5ik, mida peate tegema, on k\u00fclastada meie partnerit RedFoxLotto ja hankida oma veebipiletid. RedFoxLotto m\u00e4ngimine pole kunagi varem nii lihtne olnud.<\/p>\n<p><strong>Euromillionsi loterii pileteid saate osta veebist kaks korda n\u00e4dalas<\/strong> ja seda tehes on teil v\u00f5imalus v\u00f5ita kuni 13 erinevat auhinnataset. Piletite ostmiseks veebis valige 5 p\u00f5hinumbrit vahemikus 1 kuni 50. Teiseks on kaks \u00f5nnet\u00e4he numbrit, m\u00f5lemad vahemikus 1 kuni 11, mis loositakse eraldi masinast. Peaauhinna jackpoti saamiseks peate tabama k\u00f5ik seitse numbrit.<\/p>\n<h2>Miks m\u00e4ngida Euromillionsi loteriid veebis?<\/h2>\n<p><img loading=\"lazy\" decoding=\"async\" class=\" wp-image-1437 alignright\" src=\"https:\/\/gambling6.com\/wp-content\/uploads\/2022\/04\/2_ticket_euromillions-112x300.jpg\" alt=\"EuroMillions pilet\" width=\"99\" height=\"265\" srcset=\"https:\/\/gambling6.com\/wp-content\/uploads\/2022\/04\/2_ticket_euromillions-112x300.jpg 112w, https:\/\/gambling6.com\/wp-content\/uploads\/2022\/04\/2_ticket_euromillions.jpg 200w\" sizes=\"auto, (max-width: 99px) 100vw, 99px\" \/>Loteriipalavik Euroopas v\u00f5ib \u2013 ja ongi \u2013 saavutanud epideemilise taseme. Selleks seisavad inimesed igal n\u00e4dalal j\u00e4rjekorras, et m\u00e4ngida Euroopa suurimat loteriid, millel on \u00fcks kolmest maailma suurimast jackpotist. Euromillionsi loterii sai alguse 2004. aastal ja seda m\u00e4ngitakse Belgias, Prantsusmaal, Iirimaal, Austrias, Luksemburgis, Hispaanias, Portugalis, \u0160veitsis ja \u00dchendkuningriigis. \u0160oti paar v\u00f5itis 2011. aasta juulis ajaloo suurima jackpoti, saades 185 miljonit eurot.<\/p>\n<p>Lisaks k\u00f5igile Euroopa m\u00e4ngijatele eespool nimetatud riikides ostavad miljonid inimesed igal n\u00e4dalal pileteid veebist. EuroMillionsi loterii piletite saamine veebis on v\u00e4ga lihtne: k\u00fclastage meie partnerit RedFoxLotto. EuroMillionsi loterii peaauhinna jackpoti v\u00f5itmise t\u00f5en\u00e4osus on 1:116 531 800. \u00dclej\u00e4\u00e4nud 13 auhinnatasemel osalemiseks on aga \u00fcldine v\u00f5iduv\u00f5imalus \u00fcks:1:13.<\/p>\n<p>Taas kord leiate, et EuroMillionsi loterii on \u00fcks p\u00f5nevamaid m\u00e4nge kogu maailmas. <span style=\"box-sizing: border-box; margin: 0px; padding: 0px;\">V\u00f5tke aega, et <a href=\"https:\/\/gambling6.com\/go\/redfoxlotto-en\/\" target=\"_blank\" rel=\"noopener\">k\u00fclastada RedFoxLottot juba t\u00e4na, j\u00e4rgides seda linki<\/a>, avades konto ja alustades selle hiiglasliku Euroopa loterii m\u00e4ngimist.<\/span> Oleme kindlad, et teil on hea meel, et seda tegite. EuroMillionsi ja teiste populaarsete loteriide pileteid on lihtne veebis hankida.<\/p>\n<table style=\"width: 500px;\" border=\"1\" cellspacing=\"5\" cellpadding=\"5\" align=\"center\">\n<tbody>\n<tr>\n<td colspan=\"3\" align=\"center\">Viis suurimat jackpotti 2013. aastal<\/td>\n<\/tr>\n<tr>\n<td>Loosimine<\/td>\n<td align=\"center\">Kuup\u00e4ev<\/td>\n<td align=\"center\">Jackpot (USD)<\/td>\n<\/tr>\n<tr>\n<td>Euro Millions &#8211; Euroopa<\/td>\n<td align=\"center\">25. juuni 2013<\/td>\n<td align=\"right\">260 129 094 dollarit<\/td>\n<\/tr>\n<tr>\n<td>Euro Millions &#8211; Euroopa<\/td>\n<td align=\"center\">15. november 2013<\/td>\n<td align=\"right\">137 000 000 dollarit<\/td>\n<\/tr>\n<tr>\n<td>Euro Millions &#8211; Euroopa<\/td>\n<td align=\"center\">28. mai 2013<\/td>\n<td align=\"right\">132 676 542 dollarit<\/td>\n<\/tr>\n<tr>\n<td>Euro Millions &#8211; Euroopa<\/td>\n<td align=\"center\">25. juuni 2013<\/td>\n<td align=\"right\">131 636 203 dollarit<\/td>\n<\/tr>\n<tr>\n<td>Euro Millions &#8211; Euroopa<\/td>\n<td align=\"center\">23. august 2013<\/td>\n<td align=\"right\">131 628 767 dollarit<\/td>\n<\/tr>\n<\/tbody>\n<\/table>\n<p>&nbsp;<\/p>\n<table style=\"width: 500px;\" border=\"1\" cellspacing=\"5\" cellpadding=\"5\" align=\"center\">\n<tbody>\n<tr>\n<td colspan=\"3\" align=\"center\">Euro Millionsi auhinnatasemed<\/td>\n<\/tr>\n<tr>\n<td>Auhind<\/td>\n<td align=\"center\">Mat\u0161id<\/td>\n<td align=\"center\">Koefitsiendid<\/td>\n<\/tr>\n<tr>\n<td>1. koht (peav\u00f5it)<\/td>\n<td align=\"center\">5 + 2<\/td>\n<td align=\"right\">116 531 800 : 1<\/td>\n<\/tr>\n<tr>\n<td>2. koht<\/td>\n<td align=\"center\">5 + 1<\/td>\n<td align=\"right\">6 473 989 : 1<\/td>\n<\/tr>\n<tr>\n<td>3.<\/td>\n<td align=\"center\">5.<\/td>\n<td align=\"right\">3 236 994 : 1<\/td>\n<\/tr>\n<tr>\n<td>4.<\/td>\n<td align=\"center\">4 + 2<\/td>\n<td align=\"right\">517 919 : 1<\/td>\n<\/tr>\n<tr>\n<td>5.<\/td>\n<td align=\"center\">4 + 1<\/td>\n<td align=\"right\">28 773 : 1<\/td>\n<\/tr>\n<tr>\n<td>6.<\/td>\n<td align=\"center\">4.<\/td>\n<td align=\"right\">14 387 : 1<\/td>\n<\/tr>\n<tr>\n<td>7.<\/td>\n<td align=\"center\">3 + 2<\/td>\n<td align=\"right\">11 771 : 1<\/td>\n<\/tr>\n<tr>\n<td>8.<\/td>\n<td align=\"center\">2 + 2<\/td>\n<td align=\"right\">821 : 1<\/td>\n<\/tr>\n<tr>\n<td>9.<\/td>\n<td align=\"center\">3 + 1<\/td>\n<td align=\"right\">654 : 1<\/td>\n<\/tr>\n<tr>\n<td>10.<\/td>\n<td align=\"center\">3<\/td>\n<td align=\"right\">327 : 1<\/td>\n<\/tr>\n<tr>\n<td>11.<\/td>\n<td align=\"center\">1 + 2<\/td>\n<td align=\"right\">156 : 1<\/td>\n<\/tr>\n<tr>\n<td>12.<\/td>\n<td align=\"center\">2 + 1<\/td>\n<td align=\"right\">46 : 1<\/td>\n<\/tr>\n<tr>\n<td>13.<\/td>\n<td align=\"center\">2<\/td>\n<td align=\"right\">23 : 1<\/td>\n<\/tr>\n<\/tbody>\n<\/table>\n","protected":false},"excerpt":{"rendered":"<p>Euro Millions Kuna m\u00e4ngus on 185 miljonit eurot ja tavap\u00e4rane v\u00f5imalus v\u00f5ita \u00fcle 100 miljoni euro, kihutavad inimesed oma arvutite taha, et osta EuroMillionsi loterii pileteid. Euromillionsi m\u00e4ngitakse 9 riigis \u00fcle Euroopa ja eelmisel aastal maksti auhindu \u00fcle 2,5 miljardi dollari. Miks te ei tahaks seda jackpotti v\u00f5ita? K\u00f5ik, mida peate tegema, on k\u00fclastada meie [&hellip;]<\/p>\n","protected":false},"author":1,"featured_media":0,"parent":9277,"menu_order":2,"comment_status":"closed","ping_status":"closed","template":"","meta":{"footnotes":""},"class_list":["post-9382","page","type-page","status-publish","hentry"],"yoast_head":"<!-- This site is optimized with the Yoast SEO plugin v27.4 - https:\/\/yoast.com\/product\/yoast-seo-wordpress\/ -->\n<title>Osta Euromillionsi loterii pileteid veebis<\/title>\n<meta name=\"description\" content=\"Hankige oma Euroopa suurima loto Euromillionsi ja Euromillions UK piletid kindlasti usaldusv\u00e4\u00e4rselt pakkujalt, n\u00e4iteks RedFoxLotto.com.\" \/>\n<meta name=\"robots\" content=\"index, follow, max-snippet:-1, max-image-preview:large, max-video-preview:-1\" \/>\n<link rel=\"canonical\" href=\"https:\/\/gambling6.com\/et\/loterii\/kuidas-ma-saan-osta-euromillionsi-loterii-pileteid-veebis-valjaspool-euroopat\/\" \/>\n<meta property=\"og:locale\" content=\"et_EE\" \/>\n<meta property=\"og:type\" content=\"article\" \/>\n<meta property=\"og:title\" content=\"Osta Euromillionsi loterii pileteid veebis\" \/>\n<meta property=\"og:description\" content=\"Hankige oma Euroopa suurima loto Euromillionsi ja Euromillions UK piletid kindlasti usaldusv\u00e4\u00e4rselt pakkujalt, n\u00e4iteks RedFoxLotto.com.\" \/>\n<meta property=\"og:url\" content=\"https:\/\/gambling6.com\/et\/loterii\/kuidas-ma-saan-osta-euromillionsi-loterii-pileteid-veebis-valjaspool-euroopat\/\" \/>\n<meta property=\"og:site_name\" content=\"Gambling6\" \/>\n<meta property=\"article:modified_time\" content=\"2025-11-12T18:43:25+00:00\" \/>\n<meta property=\"og:image\" content=\"https:\/\/gambling6.com\/wp-content\/uploads\/2022\/04\/2_ticket_euromillions.jpg\" \/>\n\t<meta property=\"og:image:width\" content=\"200\" \/>\n\t<meta property=\"og:image:height\" content=\"534\" \/>\n\t<meta property=\"og:image:type\" content=\"image\/jpeg\" \/>\n<meta name=\"twitter:card\" content=\"summary_large_image\" \/>\n<meta name=\"twitter:label1\" content=\"Est. reading time\" \/>\n\t<meta name=\"twitter:data1\" content=\"2 minutit\" \/>\n<script type=\"application\/ld+json\" class=\"yoast-schema-graph\">{\"@context\":\"https:\\\/\\\/schema.org\",\"@graph\":[{\"@type\":\"WebPage\",\"@id\":\"https:\\\/\\\/gambling6.com\\\/et\\\/loterii\\\/kuidas-ma-saan-osta-euromillionsi-loterii-pileteid-veebis-valjaspool-euroopat\\\/\",\"url\":\"https:\\\/\\\/gambling6.com\\\/et\\\/loterii\\\/kuidas-ma-saan-osta-euromillionsi-loterii-pileteid-veebis-valjaspool-euroopat\\\/\",\"name\":\"Osta Euromillionsi loterii pileteid veebis\",\"isPartOf\":{\"@id\":\"https:\\\/\\\/gambling6.com\\\/et\\\/#website\"},\"primaryImageOfPage\":{\"@id\":\"https:\\\/\\\/gambling6.com\\\/et\\\/loterii\\\/kuidas-ma-saan-osta-euromillionsi-loterii-pileteid-veebis-valjaspool-euroopat\\\/#primaryimage\"},\"image\":{\"@id\":\"https:\\\/\\\/gambling6.com\\\/et\\\/loterii\\\/kuidas-ma-saan-osta-euromillionsi-loterii-pileteid-veebis-valjaspool-euroopat\\\/#primaryimage\"},\"thumbnailUrl\":\"https:\\\/\\\/gambling6.com\\\/wp-content\\\/uploads\\\/2022\\\/04\\\/2_ticket_euromillions-112x300.jpg\",\"datePublished\":\"2025-11-10T21:25:02+00:00\",\"dateModified\":\"2025-11-12T18:43:25+00:00\",\"description\":\"Hankige oma Euroopa suurima loto Euromillionsi ja Euromillions UK piletid kindlasti usaldusv\u00e4\u00e4rselt pakkujalt, n\u00e4iteks RedFoxLotto.com.\",\"breadcrumb\":{\"@id\":\"https:\\\/\\\/gambling6.com\\\/et\\\/loterii\\\/kuidas-ma-saan-osta-euromillionsi-loterii-pileteid-veebis-valjaspool-euroopat\\\/#breadcrumb\"},\"inLanguage\":\"et\",\"potentialAction\":[{\"@type\":\"ReadAction\",\"target\":[\"https:\\\/\\\/gambling6.com\\\/et\\\/loterii\\\/kuidas-ma-saan-osta-euromillionsi-loterii-pileteid-veebis-valjaspool-euroopat\\\/\"]}]},{\"@type\":\"ImageObject\",\"inLanguage\":\"et\",\"@id\":\"https:\\\/\\\/gambling6.com\\\/et\\\/loterii\\\/kuidas-ma-saan-osta-euromillionsi-loterii-pileteid-veebis-valjaspool-euroopat\\\/#primaryimage\",\"url\":\"https:\\\/\\\/gambling6.com\\\/wp-content\\\/uploads\\\/2022\\\/04\\\/2_ticket_euromillions-112x300.jpg\",\"contentUrl\":\"https:\\\/\\\/gambling6.com\\\/wp-content\\\/uploads\\\/2022\\\/04\\\/2_ticket_euromillions-112x300.jpg\"},{\"@type\":\"BreadcrumbList\",\"@id\":\"https:\\\/\\\/gambling6.com\\\/et\\\/loterii\\\/kuidas-ma-saan-osta-euromillionsi-loterii-pileteid-veebis-valjaspool-euroopat\\\/#breadcrumb\",\"itemListElement\":[{\"@type\":\"ListItem\",\"position\":1,\"name\":\"Home\",\"item\":\"https:\\\/\\\/gambling6.com\\\/et\\\/home\\\/\"},{\"@type\":\"ListItem\",\"position\":2,\"name\":\"Loterii\",\"item\":\"https:\\\/\\\/gambling6.com\\\/et\\\/loterii\\\/\"},{\"@type\":\"ListItem\",\"position\":3,\"name\":\"Kuidas ma saan osta Euromillionsi loterii pileteid veebis v\u00e4ljaspool Euroopat?\"}]},{\"@type\":\"WebSite\",\"@id\":\"https:\\\/\\\/gambling6.com\\\/et\\\/#website\",\"url\":\"https:\\\/\\\/gambling6.com\\\/et\\\/\",\"name\":\"Gambling6\",\"description\":\"\",\"potentialAction\":[{\"@type\":\"SearchAction\",\"target\":{\"@type\":\"EntryPoint\",\"urlTemplate\":\"https:\\\/\\\/gambling6.com\\\/et\\\/?s={search_term_string}\"},\"query-input\":{\"@type\":\"PropertyValueSpecification\",\"valueRequired\":true,\"valueName\":\"search_term_string\"}}],\"inLanguage\":\"et\"}]}<\/script>\n<!-- \/ Yoast SEO plugin. -->","yoast_head_json":{"title":"Osta Euromillionsi loterii pileteid veebis","description":"Hankige oma Euroopa suurima loto Euromillionsi ja Euromillions UK piletid kindlasti usaldusv\u00e4\u00e4rselt pakkujalt, n\u00e4iteks RedFoxLotto.com.","robots":{"index":"index","follow":"follow","max-snippet":"max-snippet:-1","max-image-preview":"max-image-preview:large","max-video-preview":"max-video-preview:-1"},"canonical":"https:\/\/gambling6.com\/et\/loterii\/kuidas-ma-saan-osta-euromillionsi-loterii-pileteid-veebis-valjaspool-euroopat\/","og_locale":"et_EE","og_type":"article","og_title":"Osta Euromillionsi loterii pileteid veebis","og_description":"Hankige oma Euroopa suurima loto Euromillionsi ja Euromillions UK piletid kindlasti usaldusv\u00e4\u00e4rselt pakkujalt, n\u00e4iteks RedFoxLotto.com.","og_url":"https:\/\/gambling6.com\/et\/loterii\/kuidas-ma-saan-osta-euromillionsi-loterii-pileteid-veebis-valjaspool-euroopat\/","og_site_name":"Gambling6","article_modified_time":"2025-11-12T18:43:25+00:00","og_image":[{"width":200,"height":534,"url":"https:\/\/gambling6.com\/wp-content\/uploads\/2022\/04\/2_ticket_euromillions.jpg","type":"image\/jpeg"}],"twitter_card":"summary_large_image","twitter_misc":{"Est. reading time":"2 minutit"},"schema":{"@context":"https:\/\/schema.org","@graph":[{"@type":"WebPage","@id":"https:\/\/gambling6.com\/et\/loterii\/kuidas-ma-saan-osta-euromillionsi-loterii-pileteid-veebis-valjaspool-euroopat\/","url":"https:\/\/gambling6.com\/et\/loterii\/kuidas-ma-saan-osta-euromillionsi-loterii-pileteid-veebis-valjaspool-euroopat\/","name":"Osta Euromillionsi loterii pileteid veebis","isPartOf":{"@id":"https:\/\/gambling6.com\/et\/#website"},"primaryImageOfPage":{"@id":"https:\/\/gambling6.com\/et\/loterii\/kuidas-ma-saan-osta-euromillionsi-loterii-pileteid-veebis-valjaspool-euroopat\/#primaryimage"},"image":{"@id":"https:\/\/gambling6.com\/et\/loterii\/kuidas-ma-saan-osta-euromillionsi-loterii-pileteid-veebis-valjaspool-euroopat\/#primaryimage"},"thumbnailUrl":"https:\/\/gambling6.com\/wp-content\/uploads\/2022\/04\/2_ticket_euromillions-112x300.jpg","datePublished":"2025-11-10T21:25:02+00:00","dateModified":"2025-11-12T18:43:25+00:00","description":"Hankige oma Euroopa suurima loto Euromillionsi ja Euromillions UK piletid kindlasti usaldusv\u00e4\u00e4rselt pakkujalt, n\u00e4iteks RedFoxLotto.com.","breadcrumb":{"@id":"https:\/\/gambling6.com\/et\/loterii\/kuidas-ma-saan-osta-euromillionsi-loterii-pileteid-veebis-valjaspool-euroopat\/#breadcrumb"},"inLanguage":"et","potentialAction":[{"@type":"ReadAction","target":["https:\/\/gambling6.com\/et\/loterii\/kuidas-ma-saan-osta-euromillionsi-loterii-pileteid-veebis-valjaspool-euroopat\/"]}]},{"@type":"ImageObject","inLanguage":"et","@id":"https:\/\/gambling6.com\/et\/loterii\/kuidas-ma-saan-osta-euromillionsi-loterii-pileteid-veebis-valjaspool-euroopat\/#primaryimage","url":"https:\/\/gambling6.com\/wp-content\/uploads\/2022\/04\/2_ticket_euromillions-112x300.jpg","contentUrl":"https:\/\/gambling6.com\/wp-content\/uploads\/2022\/04\/2_ticket_euromillions-112x300.jpg"},{"@type":"BreadcrumbList","@id":"https:\/\/gambling6.com\/et\/loterii\/kuidas-ma-saan-osta-euromillionsi-loterii-pileteid-veebis-valjaspool-euroopat\/#breadcrumb","itemListElement":[{"@type":"ListItem","position":1,"name":"Home","item":"https:\/\/gambling6.com\/et\/home\/"},{"@type":"ListItem","position":2,"name":"Loterii","item":"https:\/\/gambling6.com\/et\/loterii\/"},{"@type":"ListItem","position":3,"name":"Kuidas ma saan osta Euromillionsi loterii pileteid veebis v\u00e4ljaspool Euroopat?"}]},{"@type":"WebSite","@id":"https:\/\/gambling6.com\/et\/#website","url":"https:\/\/gambling6.com\/et\/","name":"Gambling6","description":"","potentialAction":[{"@type":"SearchAction","target":{"@type":"EntryPoint","urlTemplate":"https:\/\/gambling6.com\/et\/?s={search_term_string}"},"query-input":{"@type":"PropertyValueSpecification","valueRequired":true,"valueName":"search_term_string"}}],"inLanguage":"et"}]}},"_links":{"self":[{"href":"https:\/\/gambling6.com\/et\/wp-json\/wp\/v2\/pages\/9382","targetHints":{"allow":["GET"]}}],"collection":[{"href":"https:\/\/gambling6.com\/et\/wp-json\/wp\/v2\/pages"}],"about":[{"href":"https:\/\/gambling6.com\/et\/wp-json\/wp\/v2\/types\/page"}],"author":[{"embeddable":true,"href":"https:\/\/gambling6.com\/et\/wp-json\/wp\/v2\/users\/1"}],"replies":[{"embeddable":true,"href":"https:\/\/gambling6.com\/et\/wp-json\/wp\/v2\/comments?post=9382"}],"version-history":[{"count":1,"href":"https:\/\/gambling6.com\/et\/wp-json\/wp\/v2\/pages\/9382\/revisions"}],"predecessor-version":[{"id":10759,"href":"https:\/\/gambling6.com\/et\/wp-json\/wp\/v2\/pages\/9382\/revisions\/10759"}],"up":[{"embeddable":true,"href":"https:\/\/gambling6.com\/et\/wp-json\/wp\/v2\/pages\/9277"}],"wp:attachment":[{"href":"https:\/\/gambling6.com\/et\/wp-json\/wp\/v2\/media?parent=9382"}],"curies":[{"name":"wp","href":"https:\/\/api.w.org\/{rel}","templated":true}]}}