{"id":9421,"date":"2025-11-11T02:23:34","date_gmt":"2025-11-11T02:23:34","guid":{"rendered":"https:\/\/gambling6.com\/loterii\/hankige-new-yorgi-loterii-piletid-veebis\/"},"modified":"2025-11-11T02:23:34","modified_gmt":"2025-11-11T02:23:34","slug":"hankige-new-yorgi-loterii-piletid-veebis","status":"publish","type":"page","link":"https:\/\/gambling6.com\/et\/loterii\/hankige-new-yorgi-loterii-piletid-veebis\/","title":{"rendered":"Hankige New Yorgi loterii piletid veebis"},"content":{"rendered":"<h2>New Yorgi loterii veebis<\/h2>\n<p>Jackpotidega, mis algavad 3 miljonist dollarist, on New Yorgi loterii loosimise p\u00e4eval sama suur kui linn ise. Teie teadmiseks, minimaalne jackpot on palju suurem kui enamikul, <strong>seega kaaluge otsuse langetamisel New Yorgi loterii piletite ostmist veebis<\/strong>.<\/p>\n<p>Kui jackpotti ei v\u00f5ideta, v\u00f5ite oodata \u00fcmberp\u00f6\u00f6ratavaid jackpotte, mis sageli eskaleeruvad 10-kohaliseks. Tegelikult on New Yorgi loterii rekordiline jackpot 58 miljonit dollarit. <strong>V\u00f5imalusega osta oma piletid veebis v\u00f5ite osaleda j\u00e4rgmises rekordilises jackpotis.<\/strong><\/p>\n<h2>New Yorgi loterii loositakse kaks korda n\u00e4dalas.<\/h2>\n<p>Jackpot on alati miljoneid dollareid loosimisel, mis toimub kaks korda n\u00e4dalas New Yorgis. On ainult loogiline, et \u00fches maailma suurimas linnas on jackpot-loterii, mis algab kui \u00fcks maailma suurimaid. Igal n\u00e4dalal seisavad miljonid New Yorgi elanikud j\u00e4rjekorras, et osta pileteid sellele elumuutvale loteriile. <b>Kui saate pileteid osta veebist, ei pea te j\u00e4rjekorras seisma.<\/b><\/p>\n<p>New Yorgi loterii, mis on \u00fcks USA vanimaid loteriisid ja asutati 1967. aastal, on kogunud heategevuslikeks eesm\u00e4rkideks kogu maailmas ligi 40 miljardit dollarit. 2004. aastal sai \u00fcks piletiomanik taskusse lausa 58 miljonit dollarit, mis oli tol ajal \u00fcks USA ajaloo suurimaid loteriiv\u00f5ite.<\/p>\n<p>New Yorgi loteriid on lihtne m\u00e4ngida. See 6\/59 stiilis loto n\u00f5uab, et valiksite kuus numbrit vahemikus 1 kuni 59 koos lisanumbriga.<strong> Jackpoti v\u00f5itmiseks peate tabama kuus p\u00f5hinumbrit ja teie v\u00f5iduv\u00f5imalus on umbes 1 45 miljonist.<\/strong> Viie, nelja v\u00f5i kolme numbri tabamisega saate osaleda \u00fchel viiest lisav\u00f5idust, mis on saadaval iga n\u00e4dala kolmap\u00e4eval ja laup\u00e4eval toimuval loosimisel.<\/p>\n<p>New Yorgi loterii on m\u00e4ng, mida k\u00f5ik tahavad m\u00e4ngida, ja n\u00fc\u00fcd <span style=\"box-sizing: border-box; margin: 0px; padding: 0px;\">saate <a href=\"https:\/\/gambling6.com\/go\/redfoxlotto-en\/\" target=\"_blank\" rel=\"noopener\">oma piletid veebist meie partneri RedFoxLotto kaudu, kasutades<\/a><\/span><a class=\"thirstylink\" title=\"RedFoxLotto en\" href=\"https:\/\/gambling6.com\/go\/redfoxlotto-en\/\" target=\"_blank\" rel=\"nofollow noopener\">\u00a0seda linki.<\/a><\/p>\n<table style=\"width: 500px;\" border=\"1\" cellspacing=\"5\" cellpadding=\"5\" align=\"center\">\n<tbody>\n<tr>\n<td colspan=\"3\" align=\"center\">Viis suurimat jackpotti 2013. aastal<\/td>\n<\/tr>\n<tr>\n<td>Loosimine<\/td>\n<td align=\"center\">Kuup\u00e4ev<\/td>\n<td align=\"center\">Jackpot (USD)<\/td>\n<\/tr>\n<tr>\n<td>New Yorgi loto &#8211; USA<\/td>\n<td align=\"center\">10. apr. 2013<\/td>\n<td align=\"right\">26 500 000 dollarit<\/td>\n<\/tr>\n<tr>\n<td>New Yorgi loto &#8211; USA<\/td>\n<td align=\"center\">29. juuni 2013<\/td>\n<td align=\"right\">10 700 000 dollarit<\/td>\n<\/tr>\n<tr>\n<td>New Yorgi loto &#8211; USA<\/td>\n<td align=\"center\">4. september 2013<\/td>\n<td align=\"right\">7 100 000 dollarit<\/td>\n<\/tr>\n<tr>\n<td>New Yorgi loto &#8211; USA<\/td>\n<td align=\"center\">6. november 2013<\/td>\n<td align=\"right\">6 200 000 dollarit<\/td>\n<\/tr>\n<tr>\n<td>New Yorgi loto &#8211; USA<\/td>\n<td align=\"center\">23. november 2013<\/td>\n<td align=\"right\">3 200 000 dollarit<\/td>\n<\/tr>\n<\/tbody>\n<\/table>\n<p>&nbsp;<\/p>\n<table style=\"width: 500px;\" border=\"1\" cellspacing=\"5\" cellpadding=\"5\" align=\"center\">\n<tbody>\n<tr>\n<td colspan=\"3\" align=\"center\">New Yorgi loto &#8211; USA auhinnatasemed<\/td>\n<\/tr>\n<tr>\n<td>Auhind<\/td>\n<td align=\"center\">Mat\u0161id<\/td>\n<td align=\"center\">Koefitsiendid<\/td>\n<\/tr>\n<tr>\n<td>1. koht (peav\u00f5it)<\/td>\n<td align=\"center\">6<\/td>\n<td align=\"right\">45 057 474 : 1<\/td>\n<\/tr>\n<tr>\n<td>2. koht<\/td>\n<td align=\"center\">5 + 1<\/td>\n<td align=\"right\">7 509 579 : 1<\/td>\n<\/tr>\n<tr>\n<td>3. koht<\/td>\n<td align=\"center\">5<\/td>\n<td align=\"right\">141 690 : 1<\/td>\n<\/tr>\n<tr>\n<td>4. koht<\/td>\n<td align=\"center\">4<\/td>\n<td align=\"right\">2180 : 1<\/td>\n<\/tr>\n<tr>\n<td>5. koht<\/td>\n<td align=\"center\">3<\/td>\n<td align=\"right\">96 : 1<\/td>\n<\/tr>\n<\/tbody>\n<\/table>\n","protected":false},"excerpt":{"rendered":"<p>New Yorgi loterii veebis Jackpotidega, mis algavad 3 miljonist dollarist, on New Yorgi loterii loosimise p\u00e4eval sama suur kui linn ise. Teie teadmiseks, minimaalne jackpot on palju suurem kui enamikul, seega kaaluge otsuse langetamisel New Yorgi loterii piletite ostmist veebis. Kui jackpotti ei v\u00f5ideta, v\u00f5ite oodata \u00fcmberp\u00f6\u00f6ratavaid jackpotte, mis sageli eskaleeruvad 10-kohaliseks. Tegelikult on New [&hellip;]<\/p>\n","protected":false},"author":1,"featured_media":0,"parent":9277,"menu_order":12,"comment_status":"closed","ping_status":"closed","template":"","meta":{"footnotes":""},"class_list":["post-9421","page","type-page","status-publish","hentry"],"yoast_head":"<!-- This site is optimized with the Yoast SEO plugin v27.5 - https:\/\/yoast.com\/product\/yoast-seo-wordpress\/ -->\n<title>Osta New Yorgi loterii pileteid veebis<\/title>\n<meta name=\"description\" content=\"Saa kohe miljon\u00e4riks, hankides New Yorgi loto piletid veebist.\" \/>\n<meta name=\"robots\" content=\"index, follow, max-snippet:-1, max-image-preview:large, max-video-preview:-1\" \/>\n<link rel=\"canonical\" href=\"https:\/\/gambling6.com\/et\/loterii\/hankige-new-yorgi-loterii-piletid-veebis\/\" \/>\n<meta property=\"og:locale\" content=\"et_EE\" \/>\n<meta property=\"og:type\" content=\"article\" \/>\n<meta property=\"og:title\" content=\"Osta New Yorgi loterii pileteid veebis\" \/>\n<meta property=\"og:description\" content=\"Saa kohe miljon\u00e4riks, hankides New Yorgi loto piletid veebist.\" \/>\n<meta property=\"og:url\" content=\"https:\/\/gambling6.com\/et\/loterii\/hankige-new-yorgi-loterii-piletid-veebis\/\" \/>\n<meta property=\"og:site_name\" content=\"Gambling6\" \/>\n<meta name=\"twitter:card\" content=\"summary_large_image\" \/>\n<meta name=\"twitter:label1\" content=\"Est. reading time\" \/>\n\t<meta name=\"twitter:data1\" content=\"2 minutit\" \/>\n<script type=\"application\/ld+json\" class=\"yoast-schema-graph\">{\"@context\":\"https:\\\/\\\/schema.org\",\"@graph\":[{\"@type\":\"WebPage\",\"@id\":\"https:\\\/\\\/gambling6.com\\\/et\\\/loterii\\\/hankige-new-yorgi-loterii-piletid-veebis\\\/\",\"url\":\"https:\\\/\\\/gambling6.com\\\/et\\\/loterii\\\/hankige-new-yorgi-loterii-piletid-veebis\\\/\",\"name\":\"Osta New Yorgi loterii pileteid veebis\",\"isPartOf\":{\"@id\":\"https:\\\/\\\/gambling6.com\\\/et\\\/#website\"},\"datePublished\":\"2025-11-11T02:23:34+00:00\",\"description\":\"Saa kohe miljon\u00e4riks, hankides New Yorgi loto piletid veebist.\",\"breadcrumb\":{\"@id\":\"https:\\\/\\\/gambling6.com\\\/et\\\/loterii\\\/hankige-new-yorgi-loterii-piletid-veebis\\\/#breadcrumb\"},\"inLanguage\":\"et\",\"potentialAction\":[{\"@type\":\"ReadAction\",\"target\":[\"https:\\\/\\\/gambling6.com\\\/et\\\/loterii\\\/hankige-new-yorgi-loterii-piletid-veebis\\\/\"]}]},{\"@type\":\"BreadcrumbList\",\"@id\":\"https:\\\/\\\/gambling6.com\\\/et\\\/loterii\\\/hankige-new-yorgi-loterii-piletid-veebis\\\/#breadcrumb\",\"itemListElement\":[{\"@type\":\"ListItem\",\"position\":1,\"name\":\"Home\",\"item\":\"https:\\\/\\\/gambling6.com\\\/et\\\/home\\\/\"},{\"@type\":\"ListItem\",\"position\":2,\"name\":\"Loterii\",\"item\":\"https:\\\/\\\/gambling6.com\\\/et\\\/loterii\\\/\"},{\"@type\":\"ListItem\",\"position\":3,\"name\":\"Hankige New Yorgi loterii piletid veebis\"}]},{\"@type\":\"WebSite\",\"@id\":\"https:\\\/\\\/gambling6.com\\\/et\\\/#website\",\"url\":\"https:\\\/\\\/gambling6.com\\\/et\\\/\",\"name\":\"Gambling6\",\"description\":\"\",\"potentialAction\":[{\"@type\":\"SearchAction\",\"target\":{\"@type\":\"EntryPoint\",\"urlTemplate\":\"https:\\\/\\\/gambling6.com\\\/et\\\/?s={search_term_string}\"},\"query-input\":{\"@type\":\"PropertyValueSpecification\",\"valueRequired\":true,\"valueName\":\"search_term_string\"}}],\"inLanguage\":\"et\"}]}<\/script>\n<!-- \/ Yoast SEO plugin. -->","yoast_head_json":{"title":"Osta New Yorgi loterii pileteid veebis","description":"Saa kohe miljon\u00e4riks, hankides New Yorgi loto piletid veebist.","robots":{"index":"index","follow":"follow","max-snippet":"max-snippet:-1","max-image-preview":"max-image-preview:large","max-video-preview":"max-video-preview:-1"},"canonical":"https:\/\/gambling6.com\/et\/loterii\/hankige-new-yorgi-loterii-piletid-veebis\/","og_locale":"et_EE","og_type":"article","og_title":"Osta New Yorgi loterii pileteid veebis","og_description":"Saa kohe miljon\u00e4riks, hankides New Yorgi loto piletid veebist.","og_url":"https:\/\/gambling6.com\/et\/loterii\/hankige-new-yorgi-loterii-piletid-veebis\/","og_site_name":"Gambling6","twitter_card":"summary_large_image","twitter_misc":{"Est. reading time":"2 minutit"},"schema":{"@context":"https:\/\/schema.org","@graph":[{"@type":"WebPage","@id":"https:\/\/gambling6.com\/et\/loterii\/hankige-new-yorgi-loterii-piletid-veebis\/","url":"https:\/\/gambling6.com\/et\/loterii\/hankige-new-yorgi-loterii-piletid-veebis\/","name":"Osta New Yorgi loterii pileteid veebis","isPartOf":{"@id":"https:\/\/gambling6.com\/et\/#website"},"datePublished":"2025-11-11T02:23:34+00:00","description":"Saa kohe miljon\u00e4riks, hankides New Yorgi loto piletid veebist.","breadcrumb":{"@id":"https:\/\/gambling6.com\/et\/loterii\/hankige-new-yorgi-loterii-piletid-veebis\/#breadcrumb"},"inLanguage":"et","potentialAction":[{"@type":"ReadAction","target":["https:\/\/gambling6.com\/et\/loterii\/hankige-new-yorgi-loterii-piletid-veebis\/"]}]},{"@type":"BreadcrumbList","@id":"https:\/\/gambling6.com\/et\/loterii\/hankige-new-yorgi-loterii-piletid-veebis\/#breadcrumb","itemListElement":[{"@type":"ListItem","position":1,"name":"Home","item":"https:\/\/gambling6.com\/et\/home\/"},{"@type":"ListItem","position":2,"name":"Loterii","item":"https:\/\/gambling6.com\/et\/loterii\/"},{"@type":"ListItem","position":3,"name":"Hankige New Yorgi loterii piletid veebis"}]},{"@type":"WebSite","@id":"https:\/\/gambling6.com\/et\/#website","url":"https:\/\/gambling6.com\/et\/","name":"Gambling6","description":"","potentialAction":[{"@type":"SearchAction","target":{"@type":"EntryPoint","urlTemplate":"https:\/\/gambling6.com\/et\/?s={search_term_string}"},"query-input":{"@type":"PropertyValueSpecification","valueRequired":true,"valueName":"search_term_string"}}],"inLanguage":"et"}]}},"_links":{"self":[{"href":"https:\/\/gambling6.com\/et\/wp-json\/wp\/v2\/pages\/9421","targetHints":{"allow":["GET"]}}],"collection":[{"href":"https:\/\/gambling6.com\/et\/wp-json\/wp\/v2\/pages"}],"about":[{"href":"https:\/\/gambling6.com\/et\/wp-json\/wp\/v2\/types\/page"}],"author":[{"embeddable":true,"href":"https:\/\/gambling6.com\/et\/wp-json\/wp\/v2\/users\/1"}],"replies":[{"embeddable":true,"href":"https:\/\/gambling6.com\/et\/wp-json\/wp\/v2\/comments?post=9421"}],"version-history":[{"count":0,"href":"https:\/\/gambling6.com\/et\/wp-json\/wp\/v2\/pages\/9421\/revisions"}],"up":[{"embeddable":true,"href":"https:\/\/gambling6.com\/et\/wp-json\/wp\/v2\/pages\/9277"}],"wp:attachment":[{"href":"https:\/\/gambling6.com\/et\/wp-json\/wp\/v2\/media?parent=9421"}],"curies":[{"name":"wp","href":"https:\/\/api.w.org\/{rel}","templated":true}]}}