{"id":9472,"date":"2025-11-11T03:20:32","date_gmt":"2025-11-11T03:20:32","guid":{"rendered":"https:\/\/gambling6.com\/loterii\/osale-kanada-6-49-lotos\/"},"modified":"2025-11-11T03:20:32","modified_gmt":"2025-11-11T03:20:32","slug":"osale-kanada-6-49-lotos","status":"publish","type":"page","link":"https:\/\/gambling6.com\/et\/loterii\/osale-kanada-6-49-lotos\/","title":{"rendered":"Osale Kanada 6\/49 lotos"},"content":{"rendered":"<h2>Kanada Lotto 6\/49<\/h2>\n<p>Alates 1982. aastast on Kanadas talvel kaks asja garanteeritud. Esimene asi, millele v\u00f5isite loota, oli see, et CBC-s sai vaadata Kanada hoki\u00f5htut. Teine asi, mida v\u00f5isite ennustada, oli see, et kellestki saab Lotto 6\/49 m\u00e4ngides miljon\u00e4r. T\u00e4nap\u00e4eval v\u00f5ite ikka veel loota laup\u00e4eva\u00f5htusele loosimisele. <strong>Suur erinevus t\u00e4nap\u00e4eval on see, et Kanada Lotto 6\/49 loosimisele saab pileteid osta veebist.<\/strong> V\u00f5tke aega, et <a class=\"thirstylink\" title=\"Redfoxlotto\" href=\"https:\/\/gambling6.com\/go\/redfoxlotto\/\" target=\"_blank\" rel=\"nofollow noopener\">osta oma piletid veebist juba t\u00e4na meie partnerilt RedFoxLotto.com.<\/a><img loading=\"lazy\" decoding=\"async\" class=\" alignright size-full wp-image-562\" style=\"margin: 10px; border: 5px solid #ffffff; float: right;\" src=\"http:\/\/gambling6.com\/wp-content\/uploads\/2013\/12\/get-online-649-lotto-tickets.png\" alt=\"Lotto 6\/49 Kanada\" width=\"300\" height=\"190\" \/><\/p>\n<p>Kanada Lotto 6\/49 peaauhinna v\u00f5itmise t\u00f5en\u00e4osus on 13 983 816:1. Auhinna v\u00f5itmise t\u00f5en\u00e4osus on umbes \u00fcks 32-st. Veebipiletite saamiseks valige k\u00f5igepealt kuus p\u00f5hipalli vahemikus 1 kuni 49. <strong>Jackpoti osa saamiseks peate \u00f5igesti tabama k\u00f5ik kuus loositud numbrit<\/strong>. Teise auhinna saamiseks valige viis p\u00f5hinumbrit ja boonusnumber \u00f5igesti. Loosimised toimuvad laup\u00e4eva ja kolmap\u00e4eva \u00f5htul Kanadas umbes kell 19.10 EST. Auhinnataset on kuus ja kui keegi jackpotti ei v\u00f5ida, kantakse see j\u00e4rgmisse m\u00e4ngu, kuni keegi l\u00f5puks v\u00f5idab. <\/p>\n<h2>M\u00e4ngi Lotto 6\/49 veebipiletitega hiiglaslike jackpotide nimel<\/h2>\n<table style=\"width: 500px;\" border=\"1\" cellspacing=\"5\" cellpadding=\"5\" align=\"center\">\n<tbody>\n<tr>\n<td colspan=\"3\" align=\"center\">Viis suurimat jackpotti 2013. aastal<\/td>\n<\/tr>\n<tr>\n<td>Loosimine<\/td>\n<td align=\"center\">Kuup\u00e4ev<\/td>\n<td align=\"center\">Jackpot (USD)<\/td>\n<\/tr>\n<tr>\n<td>Lotto 6\/49 &#8211; Kanada<\/td>\n<td align=\"center\">13. apr. 2013<\/td>\n<td align=\"right\">58 974 913 $<\/td>\n<\/tr>\n<tr>\n<td>Lotto 6\/49 &#8211; Kanada<\/td>\n<td align=\"center\">12. okt. 2013<\/td>\n<td align=\"right\">37 200 000 dollarit<\/td>\n<\/tr>\n<tr>\n<td>Lotto 6\/49 &#8211; Kanada<\/td>\n<td align=\"center\">30. okt. 2013<\/td>\n<td align=\"right\">18 807 390 dollarit<\/td>\n<\/tr>\n<tr>\n<td>Lotto 6\/49 &#8211; Kanada<\/td>\n<td align=\"center\">6. juuli 2013<\/td>\n<td align=\"right\">18 351 756 dollarit<\/td>\n<\/tr>\n<tr>\n<td>Lotto 6\/49 &#8211; Kanada<\/td>\n<td align=\"center\">4. dets. 2013<\/td>\n<td align=\"right\">17 670 000 dollarit<\/td>\n<\/tr>\n<\/tbody>\n<\/table>\n<h2>V\u00f5ida saab mitmel auhinnatasemel veebip\u00f5histe loteriipiletitega<\/h2>\n<p>V\u00f5imalus v\u00f5ita seitsmel erineval auhinnatasemel avab teile tohutu hulga v\u00f5imalusi raha teenimiseks, ostes Lotto 6\/49 veebipileteid. Paljud inimesed unustavad tegelikult k\u00f5ik need lisatasemed, millel saab auhindu v\u00f5ita. P\u00e4rast piletite ostmist on oluline neid kontrollida, et n\u00e4ha, kas olete midagi v\u00f5itnud.<\/p>\n<p>On fakt, et paljud inimesed ostavad igal n\u00e4dalal pileteid ja ei kontrolli, kas nad on midagi v\u00f5itnud, p\u00e4rast seda, kui on kuulnud, et keegi teine \u200b\u200bostis pileti teisest kohast ja v\u00f5itis jackpoti. <b>Nii lihtne kui on osta Lotto 6\/49 pileteid veebis, on sama lihtne oma pileteid veebis kontrollida.<\/b> Saadaval on palju t\u00f6\u00f6riistu, mis aitavad teil otsida paljudest andmebaasidest maailma suurimate loteriide kohta.<\/p>\n<table style=\"width: 500px;\" border=\"1\" cellspacing=\"5\" cellpadding=\"5\" align=\"center\">\n<tbody>\n<tr>\n<td colspan=\"3\" align=\"center\">Lotto 6\/49 &#8211; Kanada auhinnatasemed<\/td>\n<\/tr>\n<tr>\n<td>Auhind<\/td>\n<td align=\"center\">Mat\u0161id<\/td>\n<td align=\"center\">Koefitsiendid<\/td>\n<\/tr>\n<tr>\n<td>1. koht (peav\u00f5it)<\/td>\n<td align=\"center\">6<\/td>\n<td align=\"right\">13 983 816 : 1<\/td>\n<\/tr>\n<tr>\n<td>2. koht<\/td>\n<td align=\"center\">5 + 1<\/td>\n<td align=\"right\">2 330 636 : 1<\/td>\n<\/tr>\n<tr>\n<td>3. koht<\/td>\n<td align=\"center\">5<\/td>\n<td align=\"right\">55 492 : 1<\/td>\n<\/tr>\n<tr>\n<td>4. koht<\/td>\n<td align=\"center\">4<\/td>\n<td align=\"right\">1033 : 1<\/td>\n<\/tr>\n<tr>\n<td>5. koht<\/td>\n<td align=\"center\">3<\/td>\n<td align=\"right\">57 : 1<\/td>\n<\/tr>\n<tr>\n<td>6. koht<\/td>\n<td align=\"center\">2 + 1<\/td>\n<td align=\"right\">81 : 1<\/td>\n<\/tr>\n<tr>\n<td>7. koht<\/td>\n<td align=\"center\">2<\/td>\n<td align=\"right\">8 : 1<\/td>\n<\/tr>\n<\/tbody>\n<\/table>\n<p style=\"text-align: center;\"><strong>M\u00e4ngi Kanada loteriid 6\/49 veebis ja naudi miljon\u00e4riks saamise vabadust!<\/strong><\/p>\n","protected":false},"excerpt":{"rendered":"<p>Kanada Lotto 6\/49 Alates 1982. aastast on Kanadas talvel kaks asja garanteeritud. Esimene asi, millele v\u00f5isite loota, oli see, et CBC-s sai vaadata Kanada hoki\u00f5htut. Teine asi, mida v\u00f5isite ennustada, oli see, et kellestki saab Lotto 6\/49 m\u00e4ngides miljon\u00e4r. T\u00e4nap\u00e4eval v\u00f5ite ikka veel loota laup\u00e4eva\u00f5htusele loosimisele. Suur erinevus t\u00e4nap\u00e4eval on see, et Kanada Lotto 6\/49 [&hellip;]<\/p>\n","protected":false},"author":1,"featured_media":9473,"parent":9277,"menu_order":5,"comment_status":"closed","ping_status":"closed","template":"","meta":{"footnotes":""},"class_list":["post-9472","page","type-page","status-publish","has-post-thumbnail","hentry"],"yoast_head":"<!-- This site is optimized with the Yoast SEO plugin v27.4 - https:\/\/yoast.com\/product\/yoast-seo-wordpress\/ -->\n<title>Hankige Kanada 6\/49 loterii piletid veebis<\/title>\n<meta name=\"description\" content=\"Kanadas on n\u00fc\u00fcd lihtne Lotto 6\/49 pileteid veebist osta.\" \/>\n<meta name=\"robots\" content=\"index, follow, max-snippet:-1, max-image-preview:large, max-video-preview:-1\" \/>\n<link rel=\"canonical\" href=\"https:\/\/gambling6.com\/et\/loterii\/osale-kanada-6-49-lotos\/\" \/>\n<meta property=\"og:locale\" content=\"et_EE\" \/>\n<meta property=\"og:type\" content=\"article\" \/>\n<meta property=\"og:title\" content=\"Hankige Kanada 6\/49 loterii piletid veebis\" \/>\n<meta property=\"og:description\" content=\"Kanadas on n\u00fc\u00fcd lihtne Lotto 6\/49 pileteid veebist osta.\" \/>\n<meta property=\"og:url\" content=\"https:\/\/gambling6.com\/et\/loterii\/osale-kanada-6-49-lotos\/\" \/>\n<meta property=\"og:site_name\" content=\"Gambling6\" \/>\n<meta property=\"og:image\" content=\"https:\/\/gambling6.com\/wp-content\/uploads\/2013\/12\/get-online-649-lotto-tickets.png\" \/>\n\t<meta property=\"og:image:width\" content=\"300\" \/>\n\t<meta property=\"og:image:height\" content=\"190\" \/>\n\t<meta property=\"og:image:type\" content=\"image\/png\" \/>\n<meta name=\"twitter:card\" content=\"summary_large_image\" \/>\n<meta name=\"twitter:label1\" content=\"Est. reading time\" \/>\n\t<meta name=\"twitter:data1\" content=\"2 minutit\" \/>\n<script type=\"application\/ld+json\" class=\"yoast-schema-graph\">{\"@context\":\"https:\\\/\\\/schema.org\",\"@graph\":[{\"@type\":\"WebPage\",\"@id\":\"https:\\\/\\\/gambling6.com\\\/et\\\/loterii\\\/osale-kanada-6-49-lotos\\\/\",\"url\":\"https:\\\/\\\/gambling6.com\\\/et\\\/loterii\\\/osale-kanada-6-49-lotos\\\/\",\"name\":\"Hankige Kanada 6\\\/49 loterii piletid veebis\",\"isPartOf\":{\"@id\":\"https:\\\/\\\/gambling6.com\\\/et\\\/#website\"},\"primaryImageOfPage\":{\"@id\":\"https:\\\/\\\/gambling6.com\\\/et\\\/loterii\\\/osale-kanada-6-49-lotos\\\/#primaryimage\"},\"image\":{\"@id\":\"https:\\\/\\\/gambling6.com\\\/et\\\/loterii\\\/osale-kanada-6-49-lotos\\\/#primaryimage\"},\"thumbnailUrl\":\"https:\\\/\\\/gambling6.com\\\/wp-content\\\/uploads\\\/2013\\\/12\\\/get-online-649-lotto-tickets.png\",\"datePublished\":\"2025-11-11T03:20:32+00:00\",\"description\":\"Kanadas on n\u00fc\u00fcd lihtne Lotto 6\\\/49 pileteid veebist osta.\",\"breadcrumb\":{\"@id\":\"https:\\\/\\\/gambling6.com\\\/et\\\/loterii\\\/osale-kanada-6-49-lotos\\\/#breadcrumb\"},\"inLanguage\":\"et\",\"potentialAction\":[{\"@type\":\"ReadAction\",\"target\":[\"https:\\\/\\\/gambling6.com\\\/et\\\/loterii\\\/osale-kanada-6-49-lotos\\\/\"]}]},{\"@type\":\"ImageObject\",\"inLanguage\":\"et\",\"@id\":\"https:\\\/\\\/gambling6.com\\\/et\\\/loterii\\\/osale-kanada-6-49-lotos\\\/#primaryimage\",\"url\":\"https:\\\/\\\/gambling6.com\\\/wp-content\\\/uploads\\\/2013\\\/12\\\/get-online-649-lotto-tickets.png\",\"contentUrl\":\"https:\\\/\\\/gambling6.com\\\/wp-content\\\/uploads\\\/2013\\\/12\\\/get-online-649-lotto-tickets.png\",\"width\":300,\"height\":190,\"caption\":\"Lotto 6\\\/49 Canada\"},{\"@type\":\"BreadcrumbList\",\"@id\":\"https:\\\/\\\/gambling6.com\\\/et\\\/loterii\\\/osale-kanada-6-49-lotos\\\/#breadcrumb\",\"itemListElement\":[{\"@type\":\"ListItem\",\"position\":1,\"name\":\"Home\",\"item\":\"https:\\\/\\\/gambling6.com\\\/et\\\/home\\\/\"},{\"@type\":\"ListItem\",\"position\":2,\"name\":\"Loterii\",\"item\":\"https:\\\/\\\/gambling6.com\\\/et\\\/loterii\\\/\"},{\"@type\":\"ListItem\",\"position\":3,\"name\":\"Osale Kanada 6\\\/49 lotos\"}]},{\"@type\":\"WebSite\",\"@id\":\"https:\\\/\\\/gambling6.com\\\/et\\\/#website\",\"url\":\"https:\\\/\\\/gambling6.com\\\/et\\\/\",\"name\":\"Gambling6\",\"description\":\"\",\"potentialAction\":[{\"@type\":\"SearchAction\",\"target\":{\"@type\":\"EntryPoint\",\"urlTemplate\":\"https:\\\/\\\/gambling6.com\\\/et\\\/?s={search_term_string}\"},\"query-input\":{\"@type\":\"PropertyValueSpecification\",\"valueRequired\":true,\"valueName\":\"search_term_string\"}}],\"inLanguage\":\"et\"}]}<\/script>\n<!-- \/ Yoast SEO plugin. -->","yoast_head_json":{"title":"Hankige Kanada 6\/49 loterii piletid veebis","description":"Kanadas on n\u00fc\u00fcd lihtne Lotto 6\/49 pileteid veebist osta.","robots":{"index":"index","follow":"follow","max-snippet":"max-snippet:-1","max-image-preview":"max-image-preview:large","max-video-preview":"max-video-preview:-1"},"canonical":"https:\/\/gambling6.com\/et\/loterii\/osale-kanada-6-49-lotos\/","og_locale":"et_EE","og_type":"article","og_title":"Hankige Kanada 6\/49 loterii piletid veebis","og_description":"Kanadas on n\u00fc\u00fcd lihtne Lotto 6\/49 pileteid veebist osta.","og_url":"https:\/\/gambling6.com\/et\/loterii\/osale-kanada-6-49-lotos\/","og_site_name":"Gambling6","og_image":[{"width":300,"height":190,"url":"https:\/\/gambling6.com\/wp-content\/uploads\/2013\/12\/get-online-649-lotto-tickets.png","type":"image\/png"}],"twitter_card":"summary_large_image","twitter_misc":{"Est. reading time":"2 minutit"},"schema":{"@context":"https:\/\/schema.org","@graph":[{"@type":"WebPage","@id":"https:\/\/gambling6.com\/et\/loterii\/osale-kanada-6-49-lotos\/","url":"https:\/\/gambling6.com\/et\/loterii\/osale-kanada-6-49-lotos\/","name":"Hankige Kanada 6\/49 loterii piletid veebis","isPartOf":{"@id":"https:\/\/gambling6.com\/et\/#website"},"primaryImageOfPage":{"@id":"https:\/\/gambling6.com\/et\/loterii\/osale-kanada-6-49-lotos\/#primaryimage"},"image":{"@id":"https:\/\/gambling6.com\/et\/loterii\/osale-kanada-6-49-lotos\/#primaryimage"},"thumbnailUrl":"https:\/\/gambling6.com\/wp-content\/uploads\/2013\/12\/get-online-649-lotto-tickets.png","datePublished":"2025-11-11T03:20:32+00:00","description":"Kanadas on n\u00fc\u00fcd lihtne Lotto 6\/49 pileteid veebist osta.","breadcrumb":{"@id":"https:\/\/gambling6.com\/et\/loterii\/osale-kanada-6-49-lotos\/#breadcrumb"},"inLanguage":"et","potentialAction":[{"@type":"ReadAction","target":["https:\/\/gambling6.com\/et\/loterii\/osale-kanada-6-49-lotos\/"]}]},{"@type":"ImageObject","inLanguage":"et","@id":"https:\/\/gambling6.com\/et\/loterii\/osale-kanada-6-49-lotos\/#primaryimage","url":"https:\/\/gambling6.com\/wp-content\/uploads\/2013\/12\/get-online-649-lotto-tickets.png","contentUrl":"https:\/\/gambling6.com\/wp-content\/uploads\/2013\/12\/get-online-649-lotto-tickets.png","width":300,"height":190,"caption":"Lotto 6\/49 Canada"},{"@type":"BreadcrumbList","@id":"https:\/\/gambling6.com\/et\/loterii\/osale-kanada-6-49-lotos\/#breadcrumb","itemListElement":[{"@type":"ListItem","position":1,"name":"Home","item":"https:\/\/gambling6.com\/et\/home\/"},{"@type":"ListItem","position":2,"name":"Loterii","item":"https:\/\/gambling6.com\/et\/loterii\/"},{"@type":"ListItem","position":3,"name":"Osale Kanada 6\/49 lotos"}]},{"@type":"WebSite","@id":"https:\/\/gambling6.com\/et\/#website","url":"https:\/\/gambling6.com\/et\/","name":"Gambling6","description":"","potentialAction":[{"@type":"SearchAction","target":{"@type":"EntryPoint","urlTemplate":"https:\/\/gambling6.com\/et\/?s={search_term_string}"},"query-input":{"@type":"PropertyValueSpecification","valueRequired":true,"valueName":"search_term_string"}}],"inLanguage":"et"}]}},"_links":{"self":[{"href":"https:\/\/gambling6.com\/et\/wp-json\/wp\/v2\/pages\/9472","targetHints":{"allow":["GET"]}}],"collection":[{"href":"https:\/\/gambling6.com\/et\/wp-json\/wp\/v2\/pages"}],"about":[{"href":"https:\/\/gambling6.com\/et\/wp-json\/wp\/v2\/types\/page"}],"author":[{"embeddable":true,"href":"https:\/\/gambling6.com\/et\/wp-json\/wp\/v2\/users\/1"}],"replies":[{"embeddable":true,"href":"https:\/\/gambling6.com\/et\/wp-json\/wp\/v2\/comments?post=9472"}],"version-history":[{"count":0,"href":"https:\/\/gambling6.com\/et\/wp-json\/wp\/v2\/pages\/9472\/revisions"}],"up":[{"embeddable":true,"href":"https:\/\/gambling6.com\/et\/wp-json\/wp\/v2\/pages\/9277"}],"wp:featuredmedia":[{"embeddable":true,"href":"https:\/\/gambling6.com\/et\/wp-json\/wp\/v2\/media\/9473"}],"wp:attachment":[{"href":"https:\/\/gambling6.com\/et\/wp-json\/wp\/v2\/media?parent=9472"}],"curies":[{"name":"wp","href":"https:\/\/api.w.org\/{rel}","templated":true}]}}