{"id":9619,"date":"2025-11-11T08:06:05","date_gmt":"2025-11-11T08:06:05","guid":{"rendered":"https:\/\/gambling6.com\/loterii\/osta-florida-loterii-pileteid-veebis\/"},"modified":"2025-11-11T08:06:05","modified_gmt":"2025-11-11T08:06:05","slug":"osta-florida-loterii-pileteid-veebis","status":"publish","type":"page","link":"https:\/\/gambling6.com\/et\/loterii\/osta-florida-loterii-pileteid-veebis\/","title":{"rendered":"Osta Florida loterii pileteid veebis"},"content":{"rendered":"<h2>Florida Lotto<\/h2>\n<p>Kuum osariik, kuum loterii! Florida elanikud n\u00f5ustuksid kindlasti, et nende loterii on kohustuslik igal kolmap\u00e4eval ja laup\u00e4eval. Florida loterii, mille jackpotid algavad 2 miljonist dollarist ja ulatuvad \u00fcsna sageli \u00fcle 10 miljoni ja rohkem, on muutunud lumelindude ja veebiloteriifanaatikute seas uskumatult populaarseks. <strong>Florida loterii piletite veebist hankimine on lihtsam kui Floridasse reisimine nende ostmiseks.<\/strong><\/p>\n<p>Kuigi jackpoti v\u00f5itmise t\u00f5en\u00e4osus on \u00fcks 22 957 480-st,<strong> on teil parem kui 1 67-st v\u00f5imalus v\u00f5ita \u00fcks neljast astmest saadaolevatest auhindadest<\/strong>. Kuna auhinnatasemeid on ainult neli, on rahasummad suuremad kui enamikus teistes loteriides. Siiski pole jackpoti v\u00f5itmine v\u00e4listatud. Rekordiline jackpot oli veidi \u00fcle 106 miljoni dollari; see oli v\u00f5itmise ajal \u00fcks suurimaid jackpote Ameerika ajaloos. <\/p>\n<h2>Florida Lotto toetab haridust<\/h2>\n<p>1988. aastal loodi Florida osariigi hariduse rahastamiseks Florida Lotto. Selle eesm\u00e4rgi nimel on kogutud palju raha ja t\u00e4nu veebim\u00fc\u00fcgi lisandumisele on Florida Lotto jackpotid kiiresti kasvanud. Seda n\u00e4itab 1990. aasta rekordiline jackpot 106 miljonit dollarit. <strong>Selle rekordilise jackpoti v\u00f5itsid kuus erinevat v\u00f5itjat, kellel k\u00f5igil olid piletil need numbrid.<\/strong><\/p>\n<p>Selle loterii m\u00e4ngimiseks peate valima kuus numbrit vahemikus 1 kuni 53. Jackpoti v\u00f5itmiseks peate lihtsalt k\u00f5ik kuus numbrit \u00f5igesti tabama. Kui jackpoti ei v\u00f5ideta, kantakse see j\u00e4rgmisele loosimisele. Veebipileti omanikuna on teil v\u00f5imalus v\u00f5ita neli erinevat auhinnataset, mis v\u00f5ivad teile ka suuri rahasummasid tuua.<\/p>\n<p>V\u00f5ib-olla ei talu te Florida kuuma kliimat. Sellegipoolest saate kindlasti <a class=\"thirstylink\" title=\"TheLotter en\" href=\"https:\/\/gambling6.com\/go\/thelotter-en\/\" target=\"_blank\" rel=\"nofollow noopener\"><strong>kasutada v\u00f5imalust hankida Florida Lotto piletid veebist, k\u00fclastades meie partnerit TheLotter<\/strong>.<\/a><\/p>\n<p>&nbsp;<\/p>\n<table style=\"width: 500px;\" border=\"1\" cellspacing=\"5\" cellpadding=\"5\" align=\"center\">\n<tbody>\n<tr>\n<td colspan=\"3\" align=\"center\">2013. aasta suurimad jackpotid<\/td>\n<\/tr>\n<tr>\n<td>Loosimine<\/td>\n<td align=\"center\">Kuup\u00e4ev<\/td>\n<td align=\"center\">Jackpot (USD)<\/td>\n<\/tr>\n<tr>\n<td>Florida Lotto &#8211; USA<\/td>\n<td align=\"center\">24. august 2013<\/td>\n<td align=\"right\">58 000 000 dollarit<\/td>\n<\/tr>\n<tr>\n<td>Florida Lotto &#8211; USA<\/td>\n<td align=\"center\">18. detsember 2013<\/td>\n<td align=\"right\">46 000 000 dollarit<\/td>\n<\/tr>\n<\/tbody>\n<\/table>\n<table style=\"width: 500px;\" border=\"1\" cellspacing=\"5\" cellpadding=\"5\" align=\"center\">\n<tbody>\n<tr>\n<td colspan=\"3\" align=\"center\">Florida Lotto &#8211; USA auhinnatasemed<\/td>\n<\/tr>\n<tr>\n<td>Auhind<\/td>\n<td align=\"center\">Mat\u0161id<\/td>\n<td align=\"center\">Koefitsiendid<\/td>\n<\/tr>\n<tr>\n<td>1. koht (peav\u00f5it)<\/td>\n<td align=\"center\">6<\/td>\n<td align=\"right\">22 957 480 : 1<\/td>\n<\/tr>\n<tr>\n<td>2. koht<\/td>\n<td align=\"center\">5<\/td>\n<td align=\"right\">81 410 : 1<\/td>\n<\/tr>\n<tr>\n<td>3. koht<\/td>\n<td align=\"center\">4<\/td>\n<td align=\"right\">1416 : 1<\/td>\n<\/tr>\n<tr>\n<td>4.<\/td>\n<td align=\"center\">3<\/td>\n<td align=\"right\">71 : 1<\/td>\n<\/tr>\n<\/tbody>\n<\/table>\n","protected":false},"excerpt":{"rendered":"<p>Florida Lotto Kuum osariik, kuum loterii! Florida elanikud n\u00f5ustuksid kindlasti, et nende loterii on kohustuslik igal kolmap\u00e4eval ja laup\u00e4eval. Florida loterii, mille jackpotid algavad 2 miljonist dollarist ja ulatuvad \u00fcsna sageli \u00fcle 10 miljoni ja rohkem, on muutunud lumelindude ja veebiloteriifanaatikute seas uskumatult populaarseks. Florida loterii piletite veebist hankimine on lihtsam kui Floridasse reisimine nende [&hellip;]<\/p>\n","protected":false},"author":1,"featured_media":0,"parent":9277,"menu_order":11,"comment_status":"closed","ping_status":"closed","template":"","meta":{"footnotes":""},"class_list":["post-9619","page","type-page","status-publish","hentry"],"yoast_head":"<!-- This site is optimized with the Yoast SEO plugin v27.3 - https:\/\/yoast.com\/product\/yoast-seo-wordpress\/ -->\n<title>Hankige Florida loterii piletid veebis<\/title>\n<meta name=\"description\" content=\"Osale Florida lotos ja v\u00f5ida kuumus, hankides piletid veebist.\" \/>\n<meta name=\"robots\" content=\"index, follow, max-snippet:-1, max-image-preview:large, max-video-preview:-1\" \/>\n<link rel=\"canonical\" href=\"https:\/\/gambling6.com\/et\/loterii\/osta-florida-loterii-pileteid-veebis\/\" \/>\n<meta property=\"og:locale\" content=\"et_EE\" \/>\n<meta property=\"og:type\" content=\"article\" \/>\n<meta property=\"og:title\" content=\"Hankige Florida loterii piletid veebis\" \/>\n<meta property=\"og:description\" content=\"Osale Florida lotos ja v\u00f5ida kuumus, hankides piletid veebist.\" \/>\n<meta property=\"og:url\" content=\"https:\/\/gambling6.com\/et\/loterii\/osta-florida-loterii-pileteid-veebis\/\" \/>\n<meta property=\"og:site_name\" content=\"Gambling6\" \/>\n<meta name=\"twitter:card\" content=\"summary_large_image\" \/>\n<meta name=\"twitter:label1\" content=\"Est. reading time\" \/>\n\t<meta name=\"twitter:data1\" content=\"1 minut\" \/>\n<script type=\"application\/ld+json\" class=\"yoast-schema-graph\">{\"@context\":\"https:\\\/\\\/schema.org\",\"@graph\":[{\"@type\":\"WebPage\",\"@id\":\"https:\\\/\\\/gambling6.com\\\/et\\\/loterii\\\/osta-florida-loterii-pileteid-veebis\\\/\",\"url\":\"https:\\\/\\\/gambling6.com\\\/et\\\/loterii\\\/osta-florida-loterii-pileteid-veebis\\\/\",\"name\":\"Hankige Florida loterii piletid veebis\",\"isPartOf\":{\"@id\":\"https:\\\/\\\/gambling6.com\\\/et\\\/#website\"},\"datePublished\":\"2025-11-11T08:06:05+00:00\",\"description\":\"Osale Florida lotos ja v\u00f5ida kuumus, hankides piletid veebist.\",\"breadcrumb\":{\"@id\":\"https:\\\/\\\/gambling6.com\\\/et\\\/loterii\\\/osta-florida-loterii-pileteid-veebis\\\/#breadcrumb\"},\"inLanguage\":\"et\",\"potentialAction\":[{\"@type\":\"ReadAction\",\"target\":[\"https:\\\/\\\/gambling6.com\\\/et\\\/loterii\\\/osta-florida-loterii-pileteid-veebis\\\/\"]}]},{\"@type\":\"BreadcrumbList\",\"@id\":\"https:\\\/\\\/gambling6.com\\\/et\\\/loterii\\\/osta-florida-loterii-pileteid-veebis\\\/#breadcrumb\",\"itemListElement\":[{\"@type\":\"ListItem\",\"position\":1,\"name\":\"Home\",\"item\":\"https:\\\/\\\/gambling6.com\\\/et\\\/home\\\/\"},{\"@type\":\"ListItem\",\"position\":2,\"name\":\"Loterii\",\"item\":\"https:\\\/\\\/gambling6.com\\\/et\\\/loterii\\\/\"},{\"@type\":\"ListItem\",\"position\":3,\"name\":\"Osta Florida loterii pileteid veebis\"}]},{\"@type\":\"WebSite\",\"@id\":\"https:\\\/\\\/gambling6.com\\\/et\\\/#website\",\"url\":\"https:\\\/\\\/gambling6.com\\\/et\\\/\",\"name\":\"Gambling6\",\"description\":\"\",\"potentialAction\":[{\"@type\":\"SearchAction\",\"target\":{\"@type\":\"EntryPoint\",\"urlTemplate\":\"https:\\\/\\\/gambling6.com\\\/et\\\/?s={search_term_string}\"},\"query-input\":{\"@type\":\"PropertyValueSpecification\",\"valueRequired\":true,\"valueName\":\"search_term_string\"}}],\"inLanguage\":\"et\"}]}<\/script>\n<!-- \/ Yoast SEO plugin. -->","yoast_head_json":{"title":"Hankige Florida loterii piletid veebis","description":"Osale Florida lotos ja v\u00f5ida kuumus, hankides piletid veebist.","robots":{"index":"index","follow":"follow","max-snippet":"max-snippet:-1","max-image-preview":"max-image-preview:large","max-video-preview":"max-video-preview:-1"},"canonical":"https:\/\/gambling6.com\/et\/loterii\/osta-florida-loterii-pileteid-veebis\/","og_locale":"et_EE","og_type":"article","og_title":"Hankige Florida loterii piletid veebis","og_description":"Osale Florida lotos ja v\u00f5ida kuumus, hankides piletid veebist.","og_url":"https:\/\/gambling6.com\/et\/loterii\/osta-florida-loterii-pileteid-veebis\/","og_site_name":"Gambling6","twitter_card":"summary_large_image","twitter_misc":{"Est. reading time":"1 minut"},"schema":{"@context":"https:\/\/schema.org","@graph":[{"@type":"WebPage","@id":"https:\/\/gambling6.com\/et\/loterii\/osta-florida-loterii-pileteid-veebis\/","url":"https:\/\/gambling6.com\/et\/loterii\/osta-florida-loterii-pileteid-veebis\/","name":"Hankige Florida loterii piletid veebis","isPartOf":{"@id":"https:\/\/gambling6.com\/et\/#website"},"datePublished":"2025-11-11T08:06:05+00:00","description":"Osale Florida lotos ja v\u00f5ida kuumus, hankides piletid veebist.","breadcrumb":{"@id":"https:\/\/gambling6.com\/et\/loterii\/osta-florida-loterii-pileteid-veebis\/#breadcrumb"},"inLanguage":"et","potentialAction":[{"@type":"ReadAction","target":["https:\/\/gambling6.com\/et\/loterii\/osta-florida-loterii-pileteid-veebis\/"]}]},{"@type":"BreadcrumbList","@id":"https:\/\/gambling6.com\/et\/loterii\/osta-florida-loterii-pileteid-veebis\/#breadcrumb","itemListElement":[{"@type":"ListItem","position":1,"name":"Home","item":"https:\/\/gambling6.com\/et\/home\/"},{"@type":"ListItem","position":2,"name":"Loterii","item":"https:\/\/gambling6.com\/et\/loterii\/"},{"@type":"ListItem","position":3,"name":"Osta Florida loterii pileteid veebis"}]},{"@type":"WebSite","@id":"https:\/\/gambling6.com\/et\/#website","url":"https:\/\/gambling6.com\/et\/","name":"Gambling6","description":"","potentialAction":[{"@type":"SearchAction","target":{"@type":"EntryPoint","urlTemplate":"https:\/\/gambling6.com\/et\/?s={search_term_string}"},"query-input":{"@type":"PropertyValueSpecification","valueRequired":true,"valueName":"search_term_string"}}],"inLanguage":"et"}]}},"_links":{"self":[{"href":"https:\/\/gambling6.com\/et\/wp-json\/wp\/v2\/pages\/9619","targetHints":{"allow":["GET"]}}],"collection":[{"href":"https:\/\/gambling6.com\/et\/wp-json\/wp\/v2\/pages"}],"about":[{"href":"https:\/\/gambling6.com\/et\/wp-json\/wp\/v2\/types\/page"}],"author":[{"embeddable":true,"href":"https:\/\/gambling6.com\/et\/wp-json\/wp\/v2\/users\/1"}],"replies":[{"embeddable":true,"href":"https:\/\/gambling6.com\/et\/wp-json\/wp\/v2\/comments?post=9619"}],"version-history":[{"count":0,"href":"https:\/\/gambling6.com\/et\/wp-json\/wp\/v2\/pages\/9619\/revisions"}],"up":[{"embeddable":true,"href":"https:\/\/gambling6.com\/et\/wp-json\/wp\/v2\/pages\/9277"}],"wp:attachment":[{"href":"https:\/\/gambling6.com\/et\/wp-json\/wp\/v2\/media?parent=9619"}],"curies":[{"name":"wp","href":"https:\/\/api.w.org\/{rel}","templated":true}]}}