{"id":9632,"date":"2025-11-11T08:33:49","date_gmt":"2025-11-11T08:33:49","guid":{"rendered":"https:\/\/gambling6.com\/loterii\/hankige-eurojackpoti-loterii-piletid-veebis\/"},"modified":"2025-11-11T08:33:49","modified_gmt":"2025-11-11T08:33:49","slug":"hankige-eurojackpoti-loterii-piletid-veebis","status":"publish","type":"page","link":"https:\/\/gambling6.com\/et\/loterii\/hankige-eurojackpoti-loterii-piletid-veebis\/","title":{"rendered":"Hankige Eurojackpoti loterii piletid veebis"},"content":{"rendered":"<h2>Eurojackpoti loterii<\/h2>\n<p>Saate osta Eurojackpoti pileteid veebist ja saada \u00fcle\u00f6\u00f6 miljon\u00e4riks. Internet on n\u00fc\u00fcd v\u00f5imaldanud m\u00e4ngida Eurojackpoti ja paljusid teisi Euroopa loteriisid veebis. Seda saate teha, ostes pileteid veebist mugavast toolis, kus aega veedate kodus. Enam pole vaja nurgapealsesse poodi ega loteriikioskidesse joosta, hankige oma Eurojackpoti piletid veebist.<img loading=\"lazy\" decoding=\"async\" class=\"alignright wp-image-552 \" style=\"margin: 10px; border: 5px solid #ffffff; float: right;\" src=\"https:\/\/gambling6.com\/wp-content\/uploads\/2013\/12\/play-euro-jackpot-online.jpg\" alt=\"osta eurojackpoti pileteid veebist\" width=\"240\" height=\"218\" \/><\/p>\n<p>Kui soovite saada \u00fcheks miljonitest inimestest, kes soovivad v\u00f5ita suuri jackpote, peate vaid valima veebis oma seitse numbrit ja raha v\u00e4lja v\u00f5tma, kasutades \u00fchte paljudest mugavatest makseviisidest. Lotopiletite ostmine veebist pole kunagi olnud lihtsam. Euroopa nurkades saate osta pileteid veebis mitmetele suurtele jackpot-loteriidele.<\/p>\n<h2>Ostke Eurojackpoti pileteid veebis igast riigist<\/h2>\n<p>Piletite ostmisel veebis piire ei ole. Olenemata sellest, kas olete Kuubal v\u00f5i Hiinas, saate oma pileteid osta internetist kiirelt, s\u00f5bralikult ja turvalises keskkonnas meie partneri RedFoxLotto abil. <a class=\"thirstylink\" title=\"RedFoxLotto en\" href=\"https:\/\/gambling6.com\/go\/redfoxlotto-en\/\" target=\"_blank\" rel=\"nofollow noopener\">Registreeruge siin, logige sisse oma kontole<\/a>, valige numbrid, makske ja oodake, et oma piletit loosimise tulemustega v\u00f5rrelda.<\/p>\n<p>RedFoxLotto ei saa aktsepteerida USA-s elavaid lotopilete; selle asemel peaksid USA m\u00e4ngijad proovima TheLotterit, mis on veel \u00fcks v\u00f5imalus rahvusvaheliste lotopiletite ostmiseks.<br \/>\n<a href=\"https:\/\/smarturl.it\/theBig_Play?tl_affid=8190&amp;tl_bannerid=6cc3afab\" target=\"_self\" rel=\"noopener\"><img loading=\"lazy\" decoding=\"async\" class=\"aligncenter\" title=\"\" src=\"\/\/www.thelotter-affiliates.com\/accounts\/default1\/banners\/6cc3afab.gif\" alt=\"\" width=\"468\" height=\"60\" \/><\/a><\/p>\n<h2>Suured auhinnad Eurojackpoti veebipiletitega<\/h2>\n<table style=\"width: 500px;\" border=\"1\" cellspacing=\"5\" cellpadding=\"5\" align=\"center\">\n<tbody>\n<tr>\n<td colspan=\"3\" align=\"center\">Viis suurimat jackpotti 2013. aastal<\/td>\n<\/tr>\n<tr>\n<td>Loosimine<\/td>\n<td align=\"center\">Kuup\u00e4ev<\/td>\n<td align=\"center\">Jackpot (USD)<\/td>\n<\/tr>\n<tr>\n<td>Euro Jackpot &#8211; Euroopa<\/td>\n<td align=\"center\">12. apr. 2013<\/td>\n<td align=\"right\">63 128 694 $<\/td>\n<\/tr>\n<tr>\n<td>Euro Jackpot &#8211; Euroopa<\/td>\n<td align=\"center\">19. juuli 2013<\/td>\n<td align=\"right\">56 886 414 $<\/td>\n<\/tr>\n<tr>\n<td>Euro Jackpot &#8211; Euroopa<\/td>\n<td align=\"center\">25. jaanuar 2013<\/td>\n<td align=\"right\">40 470 680 $<\/td>\n<\/tr>\n<tr>\n<td>Euro Jackpot &#8211; Euroopa<\/td>\n<td align=\"center\">27. september 2013<\/td>\n<td align=\"right\">29 122 090 $<\/td>\n<\/tr>\n<tr>\n<td>Euro Jackpot &#8211; Euroopa<\/td>\n<td align=\"center\">7. detsember 2013<\/td>\n<td align=\"right\">28 770 000 $<\/td>\n<\/tr>\n<\/tbody>\n<\/table>\n<h2>\u00a0Kaksteist v\u00f5imalust v\u00f5ita oma online-Eurojackpotiga piletid<\/h2>\n<table style=\"width: 500px;\" border=\"1\" cellspacing=\"5\" cellpadding=\"5\" align=\"center\">\n<tbody>\n<tr>\n<td colspan=\"3\" align=\"center\">Eurojackpoti auhinnaastmed<\/td>\n<\/tr>\n<tr>\n<td>Auhind<\/td>\n<td align=\"center\">Mat\u0161id<\/td>\n<td align=\"center\">Koefitsiendid<\/td>\n<\/tr>\n<tr>\n<td>1. koht (peav\u00f5it)<\/td>\n<td align=\"center\">5 + 2<\/td>\n<td align=\"right\">59 325 280 : 1<\/td>\n<\/tr>\n<tr>\n<td>2. koht<\/td>\n<td align=\"center\">5 + 1<\/td>\n<td align=\"right\">4 943 773 : 1<\/td>\n<\/tr>\n<tr>\n<td>3.<\/td>\n<td align=\"center\">5<\/td>\n<td align=\"right\">3 955 019 : 1<\/td>\n<\/tr>\n<tr>\n<td>4.<\/td>\n<td align=\"center\">4 + 2<\/td>\n<td align=\"right\">263 668 : 1<\/td>\n<\/tr>\n<tr>\n<td>5.<\/td>\n<td align=\"center\">4 + 1<\/td>\n<td align=\"right\">21 972 : 1<\/td>\n<\/tr>\n<tr>\n<td>6.<\/td>\n<td align=\"center\">4<\/td>\n<td align=\"right\">17 578 : 1<\/td>\n<\/tr>\n<tr>\n<td>7.<\/td>\n<td align=\"center\">3 + 2<\/td>\n<td align=\"right\">5992 : 1<\/td>\n<\/tr>\n<tr>\n<td>8.<\/td>\n<td align=\"center\">3 + 1<\/td>\n<td align=\"right\">499 : 1<\/td>\n<\/tr>\n<tr>\n<td>9.<\/td>\n<td align=\"center\">2 + 2<\/td>\n<td align=\"right\">418 : 1<\/td>\n<\/tr>\n<tr>\n<td>10.<\/td>\n<td align=\"center\">3<\/td>\n<td align=\"right\">399 : 1<\/td>\n<\/tr>\n<tr>\n<td>11.<\/td>\n<td align=\"center\">1 + 2<\/td>\n<td align=\"right\">80 : 1<\/td>\n<\/tr>\n<tr>\n<td>12.<\/td>\n<td align=\"center\">2 + 1<\/td>\n<td align=\"right\">35 : 1<\/td>\n<\/tr>\n<\/tbody>\n<\/table>\n<p style=\"text-align: center;\"><strong>\u00c4ra l\u00fckka oma v\u00f5imalust miljon\u00e4riks saada edasi. Registreeru, et osta Eurojackpoti piletid veebis juba t\u00e4na.<\/strong><\/p>\n","protected":false},"excerpt":{"rendered":"<p>Eurojackpoti loterii Saate osta Eurojackpoti pileteid veebist ja saada \u00fcle\u00f6\u00f6 miljon\u00e4riks. Internet on n\u00fc\u00fcd v\u00f5imaldanud m\u00e4ngida Eurojackpoti ja paljusid teisi Euroopa loteriisid veebis. Seda saate teha, ostes pileteid veebist mugavast toolis, kus aega veedate kodus. Enam pole vaja nurgapealsesse poodi ega loteriikioskidesse joosta, hankige oma Eurojackpoti piletid veebist. Kui soovite saada \u00fcheks miljonitest inimestest, kes [&hellip;]<\/p>\n","protected":false},"author":1,"featured_media":9517,"parent":9277,"menu_order":10,"comment_status":"closed","ping_status":"closed","template":"","meta":{"footnotes":""},"class_list":["post-9632","page","type-page","status-publish","has-post-thumbnail","hentry"],"yoast_head":"<!-- This site is optimized with the Yoast SEO plugin v27.4 - https:\/\/yoast.com\/product\/yoast-seo-wordpress\/ -->\n<title>Osta Eurojackpoti loterii pileteid veebis<\/title>\n<meta name=\"description\" content=\"Eurojackpoti m\u00e4ngides on veebist lotopiletite ostmisel v\u00f5imalik v\u00f5ita palju raha.\" \/>\n<meta name=\"robots\" content=\"index, follow, max-snippet:-1, max-image-preview:large, max-video-preview:-1\" \/>\n<link rel=\"canonical\" href=\"https:\/\/gambling6.com\/et\/loterii\/hankige-eurojackpoti-loterii-piletid-veebis\/\" \/>\n<meta property=\"og:locale\" content=\"et_EE\" \/>\n<meta property=\"og:type\" content=\"article\" \/>\n<meta property=\"og:title\" content=\"Osta Eurojackpoti loterii pileteid veebis\" \/>\n<meta property=\"og:description\" content=\"Eurojackpoti m\u00e4ngides on veebist lotopiletite ostmisel v\u00f5imalik v\u00f5ita palju raha.\" \/>\n<meta property=\"og:url\" content=\"https:\/\/gambling6.com\/et\/loterii\/hankige-eurojackpoti-loterii-piletid-veebis\/\" \/>\n<meta property=\"og:site_name\" content=\"Gambling6\" \/>\n<meta property=\"og:image\" content=\"https:\/\/gambling6.com\/wp-content\/uploads\/2013\/12\/play-euro-jackpot-online.jpg\" \/>\n\t<meta property=\"og:image:width\" content=\"285\" \/>\n\t<meta property=\"og:image:height\" content=\"259\" \/>\n\t<meta property=\"og:image:type\" content=\"image\/jpeg\" \/>\n<meta name=\"twitter:card\" content=\"summary_large_image\" \/>\n<meta name=\"twitter:label1\" content=\"Est. reading time\" \/>\n\t<meta name=\"twitter:data1\" content=\"1 minut\" \/>\n<script type=\"application\/ld+json\" class=\"yoast-schema-graph\">{\"@context\":\"https:\\\/\\\/schema.org\",\"@graph\":[{\"@type\":\"WebPage\",\"@id\":\"https:\\\/\\\/gambling6.com\\\/et\\\/loterii\\\/hankige-eurojackpoti-loterii-piletid-veebis\\\/\",\"url\":\"https:\\\/\\\/gambling6.com\\\/et\\\/loterii\\\/hankige-eurojackpoti-loterii-piletid-veebis\\\/\",\"name\":\"Osta Eurojackpoti loterii pileteid veebis\",\"isPartOf\":{\"@id\":\"https:\\\/\\\/gambling6.com\\\/et\\\/#website\"},\"primaryImageOfPage\":{\"@id\":\"https:\\\/\\\/gambling6.com\\\/et\\\/loterii\\\/hankige-eurojackpoti-loterii-piletid-veebis\\\/#primaryimage\"},\"image\":{\"@id\":\"https:\\\/\\\/gambling6.com\\\/et\\\/loterii\\\/hankige-eurojackpoti-loterii-piletid-veebis\\\/#primaryimage\"},\"thumbnailUrl\":\"https:\\\/\\\/gambling6.com\\\/wp-content\\\/uploads\\\/2013\\\/12\\\/play-euro-jackpot-online.jpg\",\"datePublished\":\"2025-11-11T08:33:49+00:00\",\"description\":\"Eurojackpoti m\u00e4ngides on veebist lotopiletite ostmisel v\u00f5imalik v\u00f5ita palju raha.\",\"breadcrumb\":{\"@id\":\"https:\\\/\\\/gambling6.com\\\/et\\\/loterii\\\/hankige-eurojackpoti-loterii-piletid-veebis\\\/#breadcrumb\"},\"inLanguage\":\"et\",\"potentialAction\":[{\"@type\":\"ReadAction\",\"target\":[\"https:\\\/\\\/gambling6.com\\\/et\\\/loterii\\\/hankige-eurojackpoti-loterii-piletid-veebis\\\/\"]}]},{\"@type\":\"ImageObject\",\"inLanguage\":\"et\",\"@id\":\"https:\\\/\\\/gambling6.com\\\/et\\\/loterii\\\/hankige-eurojackpoti-loterii-piletid-veebis\\\/#primaryimage\",\"url\":\"https:\\\/\\\/gambling6.com\\\/wp-content\\\/uploads\\\/2013\\\/12\\\/play-euro-jackpot-online.jpg\",\"contentUrl\":\"https:\\\/\\\/gambling6.com\\\/wp-content\\\/uploads\\\/2013\\\/12\\\/play-euro-jackpot-online.jpg\",\"width\":285,\"height\":259},{\"@type\":\"BreadcrumbList\",\"@id\":\"https:\\\/\\\/gambling6.com\\\/et\\\/loterii\\\/hankige-eurojackpoti-loterii-piletid-veebis\\\/#breadcrumb\",\"itemListElement\":[{\"@type\":\"ListItem\",\"position\":1,\"name\":\"Home\",\"item\":\"https:\\\/\\\/gambling6.com\\\/et\\\/home\\\/\"},{\"@type\":\"ListItem\",\"position\":2,\"name\":\"Loterii\",\"item\":\"https:\\\/\\\/gambling6.com\\\/et\\\/loterii\\\/\"},{\"@type\":\"ListItem\",\"position\":3,\"name\":\"Hankige Eurojackpoti loterii piletid veebis\"}]},{\"@type\":\"WebSite\",\"@id\":\"https:\\\/\\\/gambling6.com\\\/et\\\/#website\",\"url\":\"https:\\\/\\\/gambling6.com\\\/et\\\/\",\"name\":\"Gambling6\",\"description\":\"\",\"potentialAction\":[{\"@type\":\"SearchAction\",\"target\":{\"@type\":\"EntryPoint\",\"urlTemplate\":\"https:\\\/\\\/gambling6.com\\\/et\\\/?s={search_term_string}\"},\"query-input\":{\"@type\":\"PropertyValueSpecification\",\"valueRequired\":true,\"valueName\":\"search_term_string\"}}],\"inLanguage\":\"et\"}]}<\/script>\n<!-- \/ Yoast SEO plugin. -->","yoast_head_json":{"title":"Osta Eurojackpoti loterii pileteid veebis","description":"Eurojackpoti m\u00e4ngides on veebist lotopiletite ostmisel v\u00f5imalik v\u00f5ita palju raha.","robots":{"index":"index","follow":"follow","max-snippet":"max-snippet:-1","max-image-preview":"max-image-preview:large","max-video-preview":"max-video-preview:-1"},"canonical":"https:\/\/gambling6.com\/et\/loterii\/hankige-eurojackpoti-loterii-piletid-veebis\/","og_locale":"et_EE","og_type":"article","og_title":"Osta Eurojackpoti loterii pileteid veebis","og_description":"Eurojackpoti m\u00e4ngides on veebist lotopiletite ostmisel v\u00f5imalik v\u00f5ita palju raha.","og_url":"https:\/\/gambling6.com\/et\/loterii\/hankige-eurojackpoti-loterii-piletid-veebis\/","og_site_name":"Gambling6","og_image":[{"width":285,"height":259,"url":"https:\/\/gambling6.com\/wp-content\/uploads\/2013\/12\/play-euro-jackpot-online.jpg","type":"image\/jpeg"}],"twitter_card":"summary_large_image","twitter_misc":{"Est. reading time":"1 minut"},"schema":{"@context":"https:\/\/schema.org","@graph":[{"@type":"WebPage","@id":"https:\/\/gambling6.com\/et\/loterii\/hankige-eurojackpoti-loterii-piletid-veebis\/","url":"https:\/\/gambling6.com\/et\/loterii\/hankige-eurojackpoti-loterii-piletid-veebis\/","name":"Osta Eurojackpoti loterii pileteid veebis","isPartOf":{"@id":"https:\/\/gambling6.com\/et\/#website"},"primaryImageOfPage":{"@id":"https:\/\/gambling6.com\/et\/loterii\/hankige-eurojackpoti-loterii-piletid-veebis\/#primaryimage"},"image":{"@id":"https:\/\/gambling6.com\/et\/loterii\/hankige-eurojackpoti-loterii-piletid-veebis\/#primaryimage"},"thumbnailUrl":"https:\/\/gambling6.com\/wp-content\/uploads\/2013\/12\/play-euro-jackpot-online.jpg","datePublished":"2025-11-11T08:33:49+00:00","description":"Eurojackpoti m\u00e4ngides on veebist lotopiletite ostmisel v\u00f5imalik v\u00f5ita palju raha.","breadcrumb":{"@id":"https:\/\/gambling6.com\/et\/loterii\/hankige-eurojackpoti-loterii-piletid-veebis\/#breadcrumb"},"inLanguage":"et","potentialAction":[{"@type":"ReadAction","target":["https:\/\/gambling6.com\/et\/loterii\/hankige-eurojackpoti-loterii-piletid-veebis\/"]}]},{"@type":"ImageObject","inLanguage":"et","@id":"https:\/\/gambling6.com\/et\/loterii\/hankige-eurojackpoti-loterii-piletid-veebis\/#primaryimage","url":"https:\/\/gambling6.com\/wp-content\/uploads\/2013\/12\/play-euro-jackpot-online.jpg","contentUrl":"https:\/\/gambling6.com\/wp-content\/uploads\/2013\/12\/play-euro-jackpot-online.jpg","width":285,"height":259},{"@type":"BreadcrumbList","@id":"https:\/\/gambling6.com\/et\/loterii\/hankige-eurojackpoti-loterii-piletid-veebis\/#breadcrumb","itemListElement":[{"@type":"ListItem","position":1,"name":"Home","item":"https:\/\/gambling6.com\/et\/home\/"},{"@type":"ListItem","position":2,"name":"Loterii","item":"https:\/\/gambling6.com\/et\/loterii\/"},{"@type":"ListItem","position":3,"name":"Hankige Eurojackpoti loterii piletid veebis"}]},{"@type":"WebSite","@id":"https:\/\/gambling6.com\/et\/#website","url":"https:\/\/gambling6.com\/et\/","name":"Gambling6","description":"","potentialAction":[{"@type":"SearchAction","target":{"@type":"EntryPoint","urlTemplate":"https:\/\/gambling6.com\/et\/?s={search_term_string}"},"query-input":{"@type":"PropertyValueSpecification","valueRequired":true,"valueName":"search_term_string"}}],"inLanguage":"et"}]}},"_links":{"self":[{"href":"https:\/\/gambling6.com\/et\/wp-json\/wp\/v2\/pages\/9632","targetHints":{"allow":["GET"]}}],"collection":[{"href":"https:\/\/gambling6.com\/et\/wp-json\/wp\/v2\/pages"}],"about":[{"href":"https:\/\/gambling6.com\/et\/wp-json\/wp\/v2\/types\/page"}],"author":[{"embeddable":true,"href":"https:\/\/gambling6.com\/et\/wp-json\/wp\/v2\/users\/1"}],"replies":[{"embeddable":true,"href":"https:\/\/gambling6.com\/et\/wp-json\/wp\/v2\/comments?post=9632"}],"version-history":[{"count":0,"href":"https:\/\/gambling6.com\/et\/wp-json\/wp\/v2\/pages\/9632\/revisions"}],"up":[{"embeddable":true,"href":"https:\/\/gambling6.com\/et\/wp-json\/wp\/v2\/pages\/9277"}],"wp:featuredmedia":[{"embeddable":true,"href":"https:\/\/gambling6.com\/et\/wp-json\/wp\/v2\/media\/9517"}],"wp:attachment":[{"href":"https:\/\/gambling6.com\/et\/wp-json\/wp\/v2\/media?parent=9632"}],"curies":[{"name":"wp","href":"https:\/\/api.w.org\/{rel}","templated":true}]}}