{"id":9648,"date":"2025-11-11T09:05:06","date_gmt":"2025-11-11T09:05:06","guid":{"rendered":"https:\/\/gambling6.com\/loterii\/hankige-el-gordo-loteriipileteid-koikjalt\/"},"modified":"2025-11-15T11:25:30","modified_gmt":"2025-11-15T11:25:30","slug":"hankige-el-gordo-loteriipileteid-koikjalt","status":"publish","type":"page","link":"https:\/\/gambling6.com\/et\/loterii\/hankige-el-gordo-loteriipileteid-koikjalt\/","title":{"rendered":"Hankige El Gordo loteriipileteid k\u00f5ikjalt"},"content":{"rendered":"<h2>El Gordo loterii piletite ostmine veebis on lihtne.<\/h2>\n<p><img loading=\"lazy\" decoding=\"async\" class=\" wp-image-1569 alignright\" src=\"https:\/\/gambling6.com\/wp-content\/uploads\/2022\/04\/2_ticket_spanish_lottery.jpg\" alt=\"paks pilet\" width=\"200\" height=\"274\" \/>Euroopas on El Gordo loterii tohutu ja seda m\u00e4ngivad nii Hispaanias kui ka rahvusvaheliselt inimesed. Igal n\u00e4dalal v\u00f5ib oodata minimaalset jackpotti umbes 6,5 miljonit eurot. P\u00fchap\u00e4eval toimub ainult \u00fcks loosimine n\u00e4dalas ja inimesed on igal n\u00e4dalal j\u00e4rjekorras m\u00e4ngimas. Jackpot v\u00f5ib koguneda kuni 26 miljoni euroni. Kui aga toimub sagedane v\u00f5idusummade \u00fclekandmine (mitte jackpot), v\u00f5ib see m\u00f5nikord ulatuda kuni 35 miljoni euroni, kui eelmiste n\u00e4dalate piletid on \u00fcle kantud.<\/p>\n<h2>Eurooplased ostavad loteriipileteid veebis igal n\u00e4dalal.<\/h2>\n<p>Euroopa on j\u00e4\u00e4nud kasvavaks loteriitulu allikaks; Igal n\u00e4dalal seisavad miljonid m\u00e4ngijad sellel mandril loteriim\u00e4ngu j\u00e4rjekorras. El Gordo loterii veebipiletite saamiseks peate k\u00fclastama meie partneri RedFoxLotto lehte, logima sisse oma kontole ja seej\u00e4rel otsustama, kas soovite kasutada kiirvalikuid v\u00f5i valida oma numbrid ise. Kui valite oma numbrid ise, peate valima viis p\u00f5hinumbrit ja \u00fche boonusnumbri.<\/p>\n<h2>Eurooplased ostavad p\u00fchap\u00e4evaseks loosimiseks pileteid veebist.<\/h2>\n<p>El Gordot, tuntud kui Hispaania 6\/49 loterii, ei tohiks segi ajada El Gordo j\u00f5ululoteriiga. See populaarne igan\u00e4dalane loterii loositakse p\u00fchap\u00e4eviti. El Gordo loterii veebipiletite ostmisel pidage meeles, et auhinna v\u00f5itmise v\u00f5imalus on 1\/10. Seda seet\u00f5ttu, et lisaks jackpoti v\u00f5itmisele on seitse erinevat auhinnataset.<\/p>\n<h2>Piletite ostmisele kulutatakse iga kuu miljoneid dollareid.<\/h2>\n<p>Eurooplased on viimastel aastatel loteriipiletite p\u00e4rast hulluks l\u00e4inud. P\u00f5hja-Ameerika j\u00e4rel teisel kohal kulutavad eurooplased piletitele igal aastal sadu miljoneid dollareid. N\u00fc\u00fcd, kui \u00fclemaailmsete loteriide pileteid on v\u00f5imalik osta veebist, on m\u00fc\u00fck dramaatiliselt kasvanud. Kui soovite osta pileteid eelseisvale El Gordo loteriile, <a class=\"thirstylink\" title=\"Redfoxlotto\" href=\"https:\/\/gambling6.com\/go\/redfoxlotto\/\" target=\"_blank\" rel=\"nofollow noopener\">k\u00fclastage lihtsalt meie partnerit RedFoxLotto<\/a>, registreerige konto ja v\u00f5ite olla teel \u00fcle\u00f6\u00f6 multimiljon\u00e4riks saamise poole.<\/p>\n<table style=\"width: 500px;\" border=\"1\" cellspacing=\"5\" cellpadding=\"5\" align=\"center\">\n<tbody>\n<tr>\n<td colspan=\"3\" align=\"center\">2013. aasta suurimad jackpotid<\/td>\n<\/tr>\n<tr>\n<td>Loosimine<\/td>\n<td align=\"center\">Kuup\u00e4ev<\/td>\n<td align=\"center\">Jackpot (USD)<\/td>\n<\/tr>\n<tr>\n<td>El Gordo &#8211; Hispaania<\/td>\n<td align=\"center\">13. okt 2013<\/td>\n<td align=\"right\">13 327 360 $<\/td>\n<\/tr>\n<tr>\n<td>El Gordo &#8211; Hispaania<\/td>\n<td align=\"center\">4. aug 2013<\/td>\n<td align=\"right\">10 275 000 dollarit<\/td>\n<\/tr>\n<tr>\n<td>El Gordo &#8211; Hispaania<\/td>\n<td align=\"center\">16. juuni 2013<\/td>\n<td align=\"right\">9 590 000 dollarit<\/td>\n<\/tr>\n<tr>\n<td>El Gordo &#8211; Hispaania<\/td>\n<td align=\"center\">23. juuni 2013<\/td>\n<td align=\"right\">6 850 000 dollarit<\/td>\n<\/tr>\n<\/tbody>\n<\/table>\n<table style=\"width: 500px;\" border=\"1\" cellspacing=\"5\" cellpadding=\"5\" align=\"center\">\n<tbody>\n<tr>\n<td colspan=\"3\" align=\"center\">El Gordo Lotto &#8211; Hispaania 6\/49 auhinnatasemed<\/td>\n<\/tr>\n<tr>\n<td>Auhind<\/td>\n<td align=\"center\">Mat\u0161id<\/td>\n<td align=\"center\">Koefitsiendid<\/td>\n<\/tr>\n<tr>\n<td>1. koht (peav\u00f5it)<\/td>\n<td align=\"center\">5 + 1<\/td>\n<td align=\"right\">31 625 100 : 1<\/td>\n<\/tr>\n<tr>\n<td>2. koht<\/td>\n<td align=\"center\">5<\/td>\n<td align=\"right\">3 513 900 : 1<\/td>\n<\/tr>\n<tr>\n<td>3.<\/td>\n<td align=\"center\">4 + 1<\/td>\n<td align=\"right\">129 082 : 1<\/td>\n<\/tr>\n<tr>\n<td>4.<\/td>\n<td align=\"center\">4<\/td>\n<td align=\"right\">14 342 : 1<\/td>\n<\/tr>\n<tr>\n<td>5.<\/td>\n<td align=\"center\">3 + 1<\/td>\n<td align=\"right\">2689 : 1<\/td>\n<\/tr>\n<tr>\n<td>6.<\/td>\n<td align=\"center\">3<\/td>\n<td align=\"right\">299 : 1<\/td>\n<\/tr>\n<tr>\n<td>7.<\/td>\n<td align=\"center\">2 + 1<\/td>\n<td align=\"right\">172 : 1<\/td>\n<\/tr>\n<tr>\n<td>8.<\/td>\n<td align=\"center\">2<\/td>\n<td align=\"right\">19 : 1<\/td>\n<\/tr>\n<tr>\n<td>9.<\/td>\n<td align=\"center\">0 + 1<\/td>\n<td align=\"right\">10 : 1<\/td>\n<\/tr>\n<\/tbody>\n<\/table>\n","protected":false},"excerpt":{"rendered":"<p>El Gordo loterii piletite ostmine veebis on lihtne. Euroopas on El Gordo loterii tohutu ja seda m\u00e4ngivad nii Hispaanias kui ka rahvusvaheliselt inimesed. Igal n\u00e4dalal v\u00f5ib oodata minimaalset jackpotti umbes 6,5 miljonit eurot. P\u00fchap\u00e4eval toimub ainult \u00fcks loosimine n\u00e4dalas ja inimesed on igal n\u00e4dalal j\u00e4rjekorras m\u00e4ngimas. Jackpot v\u00f5ib koguneda kuni 26 miljoni euroni. Kui aga [&hellip;]<\/p>\n","protected":false},"author":1,"featured_media":0,"parent":9277,"menu_order":3,"comment_status":"closed","ping_status":"closed","template":"","meta":{"footnotes":""},"class_list":["post-9648","page","type-page","status-publish","hentry"],"yoast_head":"<!-- This site is optimized with the Yoast SEO plugin v27.4 - https:\/\/yoast.com\/product\/yoast-seo-wordpress\/ -->\n<title>Osta El Gordo loterii pileteid veebis<\/title>\n<meta name=\"description\" content=\"Saa miljon\u00e4riks, kui hangid El Gordo loterii piletid veebist.\" \/>\n<meta name=\"robots\" content=\"index, follow, max-snippet:-1, max-image-preview:large, max-video-preview:-1\" \/>\n<link rel=\"canonical\" href=\"https:\/\/gambling6.com\/et\/loterii\/hankige-el-gordo-loteriipileteid-koikjalt\/\" \/>\n<meta property=\"og:locale\" content=\"et_EE\" \/>\n<meta property=\"og:type\" content=\"article\" \/>\n<meta property=\"og:title\" content=\"Osta El Gordo loterii pileteid veebis\" \/>\n<meta property=\"og:description\" content=\"Saa miljon\u00e4riks, kui hangid El Gordo loterii piletid veebist.\" \/>\n<meta property=\"og:url\" content=\"https:\/\/gambling6.com\/et\/loterii\/hankige-el-gordo-loteriipileteid-koikjalt\/\" \/>\n<meta property=\"og:site_name\" content=\"Gambling6\" \/>\n<meta property=\"article:modified_time\" content=\"2025-11-15T11:25:30+00:00\" \/>\n<meta property=\"og:image\" content=\"https:\/\/gambling6.com\/wp-content\/uploads\/2022\/04\/2_ticket_spanish_lottery.jpg\" \/>\n\t<meta property=\"og:image:width\" content=\"219\" \/>\n\t<meta property=\"og:image:height\" content=\"300\" \/>\n\t<meta property=\"og:image:type\" content=\"image\/jpeg\" \/>\n<meta name=\"twitter:card\" content=\"summary_large_image\" \/>\n<meta name=\"twitter:label1\" content=\"Est. reading time\" \/>\n\t<meta name=\"twitter:data1\" content=\"2 minutit\" \/>\n<script type=\"application\/ld+json\" class=\"yoast-schema-graph\">{\"@context\":\"https:\\\/\\\/schema.org\",\"@graph\":[{\"@type\":\"WebPage\",\"@id\":\"https:\\\/\\\/gambling6.com\\\/et\\\/loterii\\\/hankige-el-gordo-loteriipileteid-koikjalt\\\/\",\"url\":\"https:\\\/\\\/gambling6.com\\\/et\\\/loterii\\\/hankige-el-gordo-loteriipileteid-koikjalt\\\/\",\"name\":\"Osta El Gordo loterii pileteid veebis\",\"isPartOf\":{\"@id\":\"https:\\\/\\\/gambling6.com\\\/et\\\/#website\"},\"primaryImageOfPage\":{\"@id\":\"https:\\\/\\\/gambling6.com\\\/et\\\/loterii\\\/hankige-el-gordo-loteriipileteid-koikjalt\\\/#primaryimage\"},\"image\":{\"@id\":\"https:\\\/\\\/gambling6.com\\\/et\\\/loterii\\\/hankige-el-gordo-loteriipileteid-koikjalt\\\/#primaryimage\"},\"thumbnailUrl\":\"https:\\\/\\\/gambling6.com\\\/wp-content\\\/uploads\\\/2022\\\/04\\\/2_ticket_spanish_lottery.jpg\",\"datePublished\":\"2025-11-11T09:05:06+00:00\",\"dateModified\":\"2025-11-15T11:25:30+00:00\",\"description\":\"Saa miljon\u00e4riks, kui hangid El Gordo loterii piletid veebist.\",\"breadcrumb\":{\"@id\":\"https:\\\/\\\/gambling6.com\\\/et\\\/loterii\\\/hankige-el-gordo-loteriipileteid-koikjalt\\\/#breadcrumb\"},\"inLanguage\":\"et\",\"potentialAction\":[{\"@type\":\"ReadAction\",\"target\":[\"https:\\\/\\\/gambling6.com\\\/et\\\/loterii\\\/hankige-el-gordo-loteriipileteid-koikjalt\\\/\"]}]},{\"@type\":\"ImageObject\",\"inLanguage\":\"et\",\"@id\":\"https:\\\/\\\/gambling6.com\\\/et\\\/loterii\\\/hankige-el-gordo-loteriipileteid-koikjalt\\\/#primaryimage\",\"url\":\"https:\\\/\\\/gambling6.com\\\/wp-content\\\/uploads\\\/2022\\\/04\\\/2_ticket_spanish_lottery.jpg\",\"contentUrl\":\"https:\\\/\\\/gambling6.com\\\/wp-content\\\/uploads\\\/2022\\\/04\\\/2_ticket_spanish_lottery.jpg\"},{\"@type\":\"BreadcrumbList\",\"@id\":\"https:\\\/\\\/gambling6.com\\\/et\\\/loterii\\\/hankige-el-gordo-loteriipileteid-koikjalt\\\/#breadcrumb\",\"itemListElement\":[{\"@type\":\"ListItem\",\"position\":1,\"name\":\"Home\",\"item\":\"https:\\\/\\\/gambling6.com\\\/et\\\/home\\\/\"},{\"@type\":\"ListItem\",\"position\":2,\"name\":\"Loterii\",\"item\":\"https:\\\/\\\/gambling6.com\\\/et\\\/loterii\\\/\"},{\"@type\":\"ListItem\",\"position\":3,\"name\":\"Hankige El Gordo loteriipileteid k\u00f5ikjalt\"}]},{\"@type\":\"WebSite\",\"@id\":\"https:\\\/\\\/gambling6.com\\\/et\\\/#website\",\"url\":\"https:\\\/\\\/gambling6.com\\\/et\\\/\",\"name\":\"Gambling6\",\"description\":\"\",\"potentialAction\":[{\"@type\":\"SearchAction\",\"target\":{\"@type\":\"EntryPoint\",\"urlTemplate\":\"https:\\\/\\\/gambling6.com\\\/et\\\/?s={search_term_string}\"},\"query-input\":{\"@type\":\"PropertyValueSpecification\",\"valueRequired\":true,\"valueName\":\"search_term_string\"}}],\"inLanguage\":\"et\"}]}<\/script>\n<!-- \/ Yoast SEO plugin. -->","yoast_head_json":{"title":"Osta El Gordo loterii pileteid veebis","description":"Saa miljon\u00e4riks, kui hangid El Gordo loterii piletid veebist.","robots":{"index":"index","follow":"follow","max-snippet":"max-snippet:-1","max-image-preview":"max-image-preview:large","max-video-preview":"max-video-preview:-1"},"canonical":"https:\/\/gambling6.com\/et\/loterii\/hankige-el-gordo-loteriipileteid-koikjalt\/","og_locale":"et_EE","og_type":"article","og_title":"Osta El Gordo loterii pileteid veebis","og_description":"Saa miljon\u00e4riks, kui hangid El Gordo loterii piletid veebist.","og_url":"https:\/\/gambling6.com\/et\/loterii\/hankige-el-gordo-loteriipileteid-koikjalt\/","og_site_name":"Gambling6","article_modified_time":"2025-11-15T11:25:30+00:00","og_image":[{"width":219,"height":300,"url":"https:\/\/gambling6.com\/wp-content\/uploads\/2022\/04\/2_ticket_spanish_lottery.jpg","type":"image\/jpeg"}],"twitter_card":"summary_large_image","twitter_misc":{"Est. reading time":"2 minutit"},"schema":{"@context":"https:\/\/schema.org","@graph":[{"@type":"WebPage","@id":"https:\/\/gambling6.com\/et\/loterii\/hankige-el-gordo-loteriipileteid-koikjalt\/","url":"https:\/\/gambling6.com\/et\/loterii\/hankige-el-gordo-loteriipileteid-koikjalt\/","name":"Osta El Gordo loterii pileteid veebis","isPartOf":{"@id":"https:\/\/gambling6.com\/et\/#website"},"primaryImageOfPage":{"@id":"https:\/\/gambling6.com\/et\/loterii\/hankige-el-gordo-loteriipileteid-koikjalt\/#primaryimage"},"image":{"@id":"https:\/\/gambling6.com\/et\/loterii\/hankige-el-gordo-loteriipileteid-koikjalt\/#primaryimage"},"thumbnailUrl":"https:\/\/gambling6.com\/wp-content\/uploads\/2022\/04\/2_ticket_spanish_lottery.jpg","datePublished":"2025-11-11T09:05:06+00:00","dateModified":"2025-11-15T11:25:30+00:00","description":"Saa miljon\u00e4riks, kui hangid El Gordo loterii piletid veebist.","breadcrumb":{"@id":"https:\/\/gambling6.com\/et\/loterii\/hankige-el-gordo-loteriipileteid-koikjalt\/#breadcrumb"},"inLanguage":"et","potentialAction":[{"@type":"ReadAction","target":["https:\/\/gambling6.com\/et\/loterii\/hankige-el-gordo-loteriipileteid-koikjalt\/"]}]},{"@type":"ImageObject","inLanguage":"et","@id":"https:\/\/gambling6.com\/et\/loterii\/hankige-el-gordo-loteriipileteid-koikjalt\/#primaryimage","url":"https:\/\/gambling6.com\/wp-content\/uploads\/2022\/04\/2_ticket_spanish_lottery.jpg","contentUrl":"https:\/\/gambling6.com\/wp-content\/uploads\/2022\/04\/2_ticket_spanish_lottery.jpg"},{"@type":"BreadcrumbList","@id":"https:\/\/gambling6.com\/et\/loterii\/hankige-el-gordo-loteriipileteid-koikjalt\/#breadcrumb","itemListElement":[{"@type":"ListItem","position":1,"name":"Home","item":"https:\/\/gambling6.com\/et\/home\/"},{"@type":"ListItem","position":2,"name":"Loterii","item":"https:\/\/gambling6.com\/et\/loterii\/"},{"@type":"ListItem","position":3,"name":"Hankige El Gordo loteriipileteid k\u00f5ikjalt"}]},{"@type":"WebSite","@id":"https:\/\/gambling6.com\/et\/#website","url":"https:\/\/gambling6.com\/et\/","name":"Gambling6","description":"","potentialAction":[{"@type":"SearchAction","target":{"@type":"EntryPoint","urlTemplate":"https:\/\/gambling6.com\/et\/?s={search_term_string}"},"query-input":{"@type":"PropertyValueSpecification","valueRequired":true,"valueName":"search_term_string"}}],"inLanguage":"et"}]}},"_links":{"self":[{"href":"https:\/\/gambling6.com\/et\/wp-json\/wp\/v2\/pages\/9648","targetHints":{"allow":["GET"]}}],"collection":[{"href":"https:\/\/gambling6.com\/et\/wp-json\/wp\/v2\/pages"}],"about":[{"href":"https:\/\/gambling6.com\/et\/wp-json\/wp\/v2\/types\/page"}],"author":[{"embeddable":true,"href":"https:\/\/gambling6.com\/et\/wp-json\/wp\/v2\/users\/1"}],"replies":[{"embeddable":true,"href":"https:\/\/gambling6.com\/et\/wp-json\/wp\/v2\/comments?post=9648"}],"version-history":[{"count":1,"href":"https:\/\/gambling6.com\/et\/wp-json\/wp\/v2\/pages\/9648\/revisions"}],"predecessor-version":[{"id":10944,"href":"https:\/\/gambling6.com\/et\/wp-json\/wp\/v2\/pages\/9648\/revisions\/10944"}],"up":[{"embeddable":true,"href":"https:\/\/gambling6.com\/et\/wp-json\/wp\/v2\/pages\/9277"}],"wp:attachment":[{"href":"https:\/\/gambling6.com\/et\/wp-json\/wp\/v2\/media?parent=9648"}],"curies":[{"name":"wp","href":"https:\/\/api.w.org\/{rel}","templated":true}]}}