{"id":9666,"date":"2025-11-11T09:28:05","date_gmt":"2025-11-11T09:28:05","guid":{"rendered":"https:\/\/gambling6.com\/loterii\/hankige-austraalia-loterii-piletid-veebis\/"},"modified":"2025-11-11T09:28:05","modified_gmt":"2025-11-11T09:28:05","slug":"hankige-austraalia-loterii-piletid-veebis","status":"publish","type":"page","link":"https:\/\/gambling6.com\/et\/loterii\/hankige-austraalia-loterii-piletid-veebis\/","title":{"rendered":"Hankige Austraalia loterii piletid veebis"},"content":{"rendered":"<h2>Austraalia loterii<\/h2>\n<p>Igal n\u00e4dalal, teisip\u00e4eval ja neljap\u00e4eval, toimub Austraalias kaks v\u00e4ga p\u00f5nevat loteriid. Powerballi ja Oz Lotto pileteid saab osta veebist. Austraalia loterii piletite ostmine veebist on sama lihtne kui \u201ej\u00e4rjekordse kreveti Barbie peale viskamine\u201c. Inimesed m\u00e4ngivad neid loteriisid regulaarselt k\u00f5rgete jackpottide nimel, mis on 50 miljonit dollarit ja rohkem.<\/p>\n<p>M\u00f5lema jackpoti koefitsiendid on nende suurust arvestades \u00fcsna soodsad ja piletite veebist ostmise v\u00f5imalusega t\u00f5usevad need \u00fcsna kiiresti. \u00dclemaailmselt on need jackpotid viimastel aastatel populaarsust kogunud. Kuulete nendest loosimistest iga p\u00e4ev rohkem uudistes.<\/p>\n<h2>Oz Lotto veebipiletid on turvalised ja turvalised.<\/h2>\n<p>Saate turvaliselt valida oma 7 numbrit ja loosimist oodata. Meie partner <a class=\"thirstylink\" title=\"Redfoxlotto\" href=\"https:\/\/gambling6.com\/go\/redfoxlotto\/\" target=\"_blank\" rel=\"nofollow noopener\">RedFoxLotto.com<\/a> v\u00f5tab k\u00f5ik lotopiletite ostmisega seotud mured \u00e4ra, nii et peate lihtsalt istuma ja ootama, et v\u00f5ita.<\/p>\n<p>USA m\u00e4ngijad, <span style=\"box-sizing: border-box; margin: 0px; padding: 0px;\">kes soovivad osaleda ja osta Powerballi v\u00f5i m\u00f5ne muu Austraalia loterii pileti veebist, peaksid valima meie teise soovituse: <a href=\"https:\/\/gambling6.com\/go\/thelotter-en\/\" target=\"_blank\" rel=\"noopener\">TheLotter. Nende veebisaidi k\u00fclastamiseks kl\u00f5psake siin<\/a><\/span><a class=\"thirstylink\" title=\"TheLotter en\" href=\"https:\/\/gambling6.com\/go\/thelotter-en\/\" target=\"_blank\" rel=\"nofollow noopener\">\u00a0.<\/a><\/p>\n<h2>Suured jackpotid Powerball Australia veebipiletitega<\/h2>\n<table style=\"width: 500px;\" border=\"1\" cellspacing=\"5\" cellpadding=\"5\" align=\"center\">\n<tbody>\n<tr>\n<td colspan=\"3\" align=\"center\">Viis suurimat jackpotti 2013. aastal<\/td>\n<\/tr>\n<tr>\n<td>Loosimine<\/td>\n<td align=\"center\">Kuup\u00e4ev<\/td>\n<td align=\"center\">Jackpot (USD)<\/td>\n<\/tr>\n<tr>\n<td>Powerball &#8211; Austraalia<\/td>\n<td align=\"center\">2. mai 2013<\/td>\n<td align=\"right\">55 229 291 dollarit<\/td>\n<\/tr>\n<tr>\n<td>Powerball &#8211; Austraalia<\/td>\n<td align=\"center\">18. juuli 2013<\/td>\n<td align=\"right\">26 700 000 dollarit<\/td>\n<\/tr>\n<tr>\n<td>Powerball &#8211; Austraalia<\/td>\n<td align=\"center\">19. september 2013<\/td>\n<td align=\"right\">26 700 000 dollarit<\/td>\n<\/tr>\n<tr>\n<td>Powerball &#8211; Austraalia<\/td>\n<td align=\"center\">24. oktoober 2013<\/td>\n<td align=\"right\">26 700 000 dollarit<\/td>\n<\/tr>\n<tr>\n<td>Powerball &#8211; Austraalia<\/td>\n<td align=\"center\">3. jaanuar 2013<\/td>\n<td align=\"right\">22 250 000 dollarit<\/td>\n<\/tr>\n<\/tbody>\n<\/table>\n<h2>\u00a0Kaheksa auhinnataset Austraalia Powerballi veebipiletil ostjad<\/h2>\n<table style=\"width: 500px;\" border=\"1\" cellspacing=\"5\" cellpadding=\"5\" align=\"center\">\n<tbody>\n<tr>\n<td colspan=\"3\" align=\"center\">Powerball Lotto &#8211; Austraalia auhinnatasemed<\/td>\n<\/tr>\n<tr>\n<td>Auhind<\/td>\n<td align=\"center\">Mat\u0161id<\/td>\n<td align=\"center\">Koefitsiendid<\/td>\n<\/tr>\n<tr>\n<td>1. koht (peav\u00f5it)<\/td>\n<td align=\"center\">6 + 1<\/td>\n<td align=\"right\">76 767 600 : 1<\/td>\n<\/tr>\n<tr>\n<td>2. koht<\/td>\n<td align=\"center\">6<\/td>\n<td align=\"right\">4 040 400 : 1<\/td>\n<\/tr>\n<tr>\n<td>3.<\/td>\n<td align=\"center\">5 + 1<\/td>\n<td align=\"right\">376 312 : 1<\/td>\n<\/tr>\n<tr>\n<td>4.<\/td>\n<td align=\"center\">5<\/td>\n<td align=\"right\">19 806 : 1<\/td>\n<\/tr>\n<tr>\n<td>5.<\/td>\n<td align=\"center\">4 + 1<\/td>\n<td align=\"right\">9123 : 1<\/td>\n<\/tr>\n<tr>\n<td>6.<\/td>\n<td align=\"center\">3 + 1<\/td>\n<td align=\"right\">641 : 1<\/td>\n<\/tr>\n<tr>\n<td>7. koht<\/td>\n<td align=\"center\">4<\/td>\n<td align=\"right\">480 : 1<\/td>\n<\/tr>\n<tr>\n<td>8. koht<\/td>\n<td align=\"center\">2 + 1<\/td>\n<td align=\"right\">110 : 1<\/td>\n<\/tr>\n<\/tbody>\n<\/table>\n<h2>\u00a0Oz Lotto veebipiletite omanikud saavad suurelt rahaks teha<\/h2>\n<table style=\"width: 500px;\" border=\"1\" cellspacing=\"5\" cellpadding=\"5\" align=\"center\">\n<tbody>\n<tr>\n<td colspan=\"3\" align=\"center\">Viis suurimat jackpotti 2013. aastal<\/td>\n<\/tr>\n<tr>\n<td>Loosimine<\/td>\n<td align=\"center\">Kuup\u00e4ev<\/td>\n<td align=\"center\">Jackpot (USD)<\/td>\n<\/tr>\n<tr>\n<td>Oz Lotto &#8211; Austraalia<\/td>\n<td align=\"center\">17. dets 2013<\/td>\n<td align=\"right\">62 300 000 dollarit<\/td>\n<\/tr>\n<tr>\n<td>Oz Lotto &#8211; Austraalia<\/td>\n<td align=\"center\">2. juuli 2013<\/td>\n<td align=\"right\">44 500 000 dollarit<\/td>\n<\/tr>\n<tr>\n<td>Oz Lotto &#8211; Austraalia<\/td>\n<td align=\"center\">30. apr. 2013<\/td>\n<td align=\"right\">26 700 000 dollarit<\/td>\n<\/tr>\n<tr>\n<td>Oz Lotto &#8211; Austraalia<\/td>\n<td align=\"center\">29. jaan. 2013<\/td>\n<td align=\"right\">20 296 484 dollarit<\/td>\n<\/tr>\n<tr>\n<td>Oz Lotto &#8211; Austraalia<\/td>\n<td align=\"center\">3. sept. 2013<\/td>\n<td align=\"right\">19 790 620 dollarit<\/td>\n<\/tr>\n<\/tbody>\n<\/table>\n<h2>\u00a0Kontrollige pileteid veebis, et n\u00e4ha, kas m\u00f5ni vaste on olemas maksa<\/h2>\n<table style=\"width: 500px;\" border=\"1\" cellspacing=\"5\" cellpadding=\"5\" align=\"center\">\n<tbody>\n<tr>\n<td colspan=\"3\" align=\"center\">Oz Lotto &#8211; Austraalia auhinnatasemed<\/td>\n<\/tr>\n<tr>\n<td>Auhind<\/td>\n<td align=\"center\">Mat\u0161id<\/td>\n<td align=\"center\">Koefitsiendid<\/td>\n<\/tr>\n<tr>\n<td>1. koht (peav\u00f5it)<\/td>\n<td align=\"center\">7<\/td>\n<td align=\"right\">45 379 620 : 1<\/td>\n<\/tr>\n<tr>\n<td>2. koht<\/td>\n<td align=\"center\">6 + 1<\/td>\n<td align=\"right\">3 241 401 : 1<\/td>\n<\/tr>\n<tr>\n<td>3.<\/td>\n<td align=\"center\">6<\/td>\n<td align=\"right\">180 078 : 1<\/td>\n<\/tr>\n<tr>\n<td>4.<\/td>\n<td align=\"center\">5 + 1<\/td>\n<td align=\"right\">29 602 : 1<\/td>\n<\/tr>\n<tr>\n<td>5.<\/td>\n<td align=\"center\">5<\/td>\n<td align=\"right\">3430 : 1<\/td>\n<\/tr>\n<tr>\n<td>6.<\/td>\n<td align=\"center\">4<\/td>\n<td align=\"right\">154 : 1<\/td>\n<\/tr>\n<tr>\n<td>7.<\/td>\n<td align=\"center\">3 + 1<\/td>\n<td align=\"right\">55 : 1<\/td>\n<\/tr>\n<\/tbody>\n<\/table>\n","protected":false},"excerpt":{"rendered":"<p>Austraalia loterii Igal n\u00e4dalal, teisip\u00e4eval ja neljap\u00e4eval, toimub Austraalias kaks v\u00e4ga p\u00f5nevat loteriid. Powerballi ja Oz Lotto pileteid saab osta veebist. Austraalia loterii piletite ostmine veebist on sama lihtne kui \u201ej\u00e4rjekordse kreveti Barbie peale viskamine\u201c. Inimesed m\u00e4ngivad neid loteriisid regulaarselt k\u00f5rgete jackpottide nimel, mis on 50 miljonit dollarit ja rohkem. M\u00f5lema jackpoti koefitsiendid on nende [&hellip;]<\/p>\n","protected":false},"author":1,"featured_media":0,"parent":9277,"menu_order":9,"comment_status":"closed","ping_status":"closed","template":"","meta":{"footnotes":""},"class_list":["post-9666","page","type-page","status-publish","hentry"],"yoast_head":"<!-- This site is optimized with the Yoast SEO plugin v27.6 - https:\/\/yoast.com\/product\/yoast-seo-wordpress\/ -->\n<title>Osta Austraalia loterii pileteid veebis<\/title>\n<meta name=\"description\" content=\"Austraalia loteriipiletite ostmine veebist viib elevuse uuele tasemele.\" \/>\n<meta name=\"robots\" content=\"index, follow, max-snippet:-1, max-image-preview:large, max-video-preview:-1\" \/>\n<link rel=\"canonical\" href=\"https:\/\/gambling6.com\/et\/loterii\/hankige-austraalia-loterii-piletid-veebis\/\" \/>\n<meta property=\"og:locale\" content=\"et_EE\" \/>\n<meta property=\"og:type\" content=\"article\" \/>\n<meta property=\"og:title\" content=\"Osta Austraalia loterii pileteid veebis\" \/>\n<meta property=\"og:description\" content=\"Austraalia loteriipiletite ostmine veebist viib elevuse uuele tasemele.\" \/>\n<meta property=\"og:url\" content=\"https:\/\/gambling6.com\/et\/loterii\/hankige-austraalia-loterii-piletid-veebis\/\" \/>\n<meta property=\"og:site_name\" content=\"Gambling6\" \/>\n<meta name=\"twitter:card\" content=\"summary_large_image\" \/>\n<meta name=\"twitter:label1\" content=\"Est. reading time\" \/>\n\t<meta name=\"twitter:data1\" content=\"1 minut\" \/>\n<script type=\"application\/ld+json\" class=\"yoast-schema-graph\">{\"@context\":\"https:\\\/\\\/schema.org\",\"@graph\":[{\"@type\":\"WebPage\",\"@id\":\"https:\\\/\\\/gambling6.com\\\/et\\\/loterii\\\/hankige-austraalia-loterii-piletid-veebis\\\/\",\"url\":\"https:\\\/\\\/gambling6.com\\\/et\\\/loterii\\\/hankige-austraalia-loterii-piletid-veebis\\\/\",\"name\":\"Osta Austraalia loterii pileteid veebis\",\"isPartOf\":{\"@id\":\"https:\\\/\\\/gambling6.com\\\/et\\\/#website\"},\"datePublished\":\"2025-11-11T09:28:05+00:00\",\"description\":\"Austraalia loteriipiletite ostmine veebist viib elevuse uuele tasemele.\",\"breadcrumb\":{\"@id\":\"https:\\\/\\\/gambling6.com\\\/et\\\/loterii\\\/hankige-austraalia-loterii-piletid-veebis\\\/#breadcrumb\"},\"inLanguage\":\"et\",\"potentialAction\":[{\"@type\":\"ReadAction\",\"target\":[\"https:\\\/\\\/gambling6.com\\\/et\\\/loterii\\\/hankige-austraalia-loterii-piletid-veebis\\\/\"]}]},{\"@type\":\"BreadcrumbList\",\"@id\":\"https:\\\/\\\/gambling6.com\\\/et\\\/loterii\\\/hankige-austraalia-loterii-piletid-veebis\\\/#breadcrumb\",\"itemListElement\":[{\"@type\":\"ListItem\",\"position\":1,\"name\":\"Home\",\"item\":\"https:\\\/\\\/gambling6.com\\\/et\\\/home\\\/\"},{\"@type\":\"ListItem\",\"position\":2,\"name\":\"Loterii\",\"item\":\"https:\\\/\\\/gambling6.com\\\/et\\\/loterii\\\/\"},{\"@type\":\"ListItem\",\"position\":3,\"name\":\"Hankige Austraalia loterii piletid veebis\"}]},{\"@type\":\"WebSite\",\"@id\":\"https:\\\/\\\/gambling6.com\\\/et\\\/#website\",\"url\":\"https:\\\/\\\/gambling6.com\\\/et\\\/\",\"name\":\"Gambling6\",\"description\":\"\",\"potentialAction\":[{\"@type\":\"SearchAction\",\"target\":{\"@type\":\"EntryPoint\",\"urlTemplate\":\"https:\\\/\\\/gambling6.com\\\/et\\\/?s={search_term_string}\"},\"query-input\":{\"@type\":\"PropertyValueSpecification\",\"valueRequired\":true,\"valueName\":\"search_term_string\"}}],\"inLanguage\":\"et\"}]}<\/script>\n<!-- \/ Yoast SEO plugin. -->","yoast_head_json":{"title":"Osta Austraalia loterii pileteid veebis","description":"Austraalia loteriipiletite ostmine veebist viib elevuse uuele tasemele.","robots":{"index":"index","follow":"follow","max-snippet":"max-snippet:-1","max-image-preview":"max-image-preview:large","max-video-preview":"max-video-preview:-1"},"canonical":"https:\/\/gambling6.com\/et\/loterii\/hankige-austraalia-loterii-piletid-veebis\/","og_locale":"et_EE","og_type":"article","og_title":"Osta Austraalia loterii pileteid veebis","og_description":"Austraalia loteriipiletite ostmine veebist viib elevuse uuele tasemele.","og_url":"https:\/\/gambling6.com\/et\/loterii\/hankige-austraalia-loterii-piletid-veebis\/","og_site_name":"Gambling6","twitter_card":"summary_large_image","twitter_misc":{"Est. reading time":"1 minut"},"schema":{"@context":"https:\/\/schema.org","@graph":[{"@type":"WebPage","@id":"https:\/\/gambling6.com\/et\/loterii\/hankige-austraalia-loterii-piletid-veebis\/","url":"https:\/\/gambling6.com\/et\/loterii\/hankige-austraalia-loterii-piletid-veebis\/","name":"Osta Austraalia loterii pileteid veebis","isPartOf":{"@id":"https:\/\/gambling6.com\/et\/#website"},"datePublished":"2025-11-11T09:28:05+00:00","description":"Austraalia loteriipiletite ostmine veebist viib elevuse uuele tasemele.","breadcrumb":{"@id":"https:\/\/gambling6.com\/et\/loterii\/hankige-austraalia-loterii-piletid-veebis\/#breadcrumb"},"inLanguage":"et","potentialAction":[{"@type":"ReadAction","target":["https:\/\/gambling6.com\/et\/loterii\/hankige-austraalia-loterii-piletid-veebis\/"]}]},{"@type":"BreadcrumbList","@id":"https:\/\/gambling6.com\/et\/loterii\/hankige-austraalia-loterii-piletid-veebis\/#breadcrumb","itemListElement":[{"@type":"ListItem","position":1,"name":"Home","item":"https:\/\/gambling6.com\/et\/home\/"},{"@type":"ListItem","position":2,"name":"Loterii","item":"https:\/\/gambling6.com\/et\/loterii\/"},{"@type":"ListItem","position":3,"name":"Hankige Austraalia loterii piletid veebis"}]},{"@type":"WebSite","@id":"https:\/\/gambling6.com\/et\/#website","url":"https:\/\/gambling6.com\/et\/","name":"Gambling6","description":"","potentialAction":[{"@type":"SearchAction","target":{"@type":"EntryPoint","urlTemplate":"https:\/\/gambling6.com\/et\/?s={search_term_string}"},"query-input":{"@type":"PropertyValueSpecification","valueRequired":true,"valueName":"search_term_string"}}],"inLanguage":"et"}]}},"_links":{"self":[{"href":"https:\/\/gambling6.com\/et\/wp-json\/wp\/v2\/pages\/9666","targetHints":{"allow":["GET"]}}],"collection":[{"href":"https:\/\/gambling6.com\/et\/wp-json\/wp\/v2\/pages"}],"about":[{"href":"https:\/\/gambling6.com\/et\/wp-json\/wp\/v2\/types\/page"}],"author":[{"embeddable":true,"href":"https:\/\/gambling6.com\/et\/wp-json\/wp\/v2\/users\/1"}],"replies":[{"embeddable":true,"href":"https:\/\/gambling6.com\/et\/wp-json\/wp\/v2\/comments?post=9666"}],"version-history":[{"count":0,"href":"https:\/\/gambling6.com\/et\/wp-json\/wp\/v2\/pages\/9666\/revisions"}],"up":[{"embeddable":true,"href":"https:\/\/gambling6.com\/et\/wp-json\/wp\/v2\/pages\/9277"}],"wp:attachment":[{"href":"https:\/\/gambling6.com\/et\/wp-json\/wp\/v2\/media?parent=9666"}],"curies":[{"name":"wp","href":"https:\/\/api.w.org\/{rel}","templated":true}]}}