{"id":9681,"date":"2025-11-11T09:55:12","date_gmt":"2025-11-11T09:55:12","guid":{"rendered":"https:\/\/gambling6.com\/loterii\/hankige-mega-sena-loterii-piletid-veebis\/"},"modified":"2025-11-11T09:55:12","modified_gmt":"2025-11-11T09:55:12","slug":"hankige-mega-sena-loterii-piletid-veebis","status":"publish","type":"page","link":"https:\/\/gambling6.com\/et\/loterii\/hankige-mega-sena-loterii-piletid-veebis\/","title":{"rendered":"Hankige Mega Sena loterii piletid veebis"},"content":{"rendered":"<h2>Mega Sena loterii<\/h2>\n<p>Brasiilia Mega Sena loterii garanteeritud minimaalse peav\u00f5iduga 1,1 miljonit dollarit meelitab kaks korda n\u00e4dalas kohale tohutu f\u00e4nnibaasi. V\u00f5imalusega osta Mega Sena loterii pileteid veebis, t\u00f5usevad jackpotid sageli palju k\u00f5rgemale.<strong>Riigis, mis on kogu maailmas tuntud oma kaunite naiste poolest randades ja l\u00f5butsemise poolest, lisab Brasiilia riiklik Mega-Sena loterii elevust jackpotidega, mis v\u00f5ivad ulatuda 35 miljoni dollarini.<\/p>\n<p><strong>Nagu poleks 35 miljonist dollarist veel k\u00fcllalt, toimub uusaasta\u00f6\u00f6l eriline loosimine, kus garanteeritud jackpot on 200 miljonit dollarit.<\/strong><\/p>\n<p>Mega-Sena loterii, mida peetakse Brasiilias kaks korda n\u00e4dalas, on L\u00f5una-Ameerika suurim ja seda saab osta veebist. Brasiilia elanikud koos paljude veebim\u00e4ngijatega kogunevad kaks korda n\u00e4dalas selle lihtsa loterii pileteid ostma. <\/p>\n<h2>Mega-Sena loterii m\u00e4ngimine veebis.<\/h2>\n<p>Selles loteriis osalemiseks peate vaid valima kuus numbrit vahemikus 1 kuni 60 ja ootama loosimist. Jackpoti saamiseks peate vaid tabama kuus numbrit \u00f5igesti. <strong>Veebim\u00e4ngijana on j\u00e4rgmine samm lennata Brasiiliasse<\/strong>, saada oma jackpot ja vallutada rand k\u00f5igi oma \u00e4sja leitud s\u00f5pradega.<\/p>\n<p>Mega Sena v\u00f5itmise t\u00f5en\u00e4osus veebipiletitega on umbes 50 000 000:1. Mega Sena piletite ostmisel veebis on v\u00f5imalik v\u00f5ita ka teise v\u00f5i kolmanda astme auhindu, mis on sageli m\u00e4rkimisv\u00e4\u00e4rsed. <a class=\"thirstylink\" title=\"Redfoxlotto\" href=\"https:\/\/gambling6.com\/go\/redfoxlotto\/\" target=\"_blank\" rel=\"nofollow noopener\">Kl\u00f5psake siin, et k\u00fclastada meie partneri RedFoxlotto lehte ja hankida veebist Mega Sena loterii piletid.<\/a><\/p>\n<table style=\"width: 500px;\" border=\"1\" cellspacing=\"5\" cellpadding=\"5\" align=\"center\">\n<tbody>\n<tr>\n<td colspan=\"3\" align=\"center\">Viis suurimat jackpotti 2013. aastal<\/td>\n<\/tr>\n<tr>\n<td>Loosimine<\/td>\n<td align=\"center\">Kuup\u00e4ev<\/td>\n<td align=\"center\">Jackpot (USD)<\/td>\n<\/tr>\n<tr>\n<td>Mega-Sena &#8211; Ladina-Ameerika<\/td>\n<td align=\"center\">6. november 2013<\/td>\n<td align=\"right\">34 615 000 dollarit<\/td>\n<\/tr>\n<tr>\n<td>Mega-Sena &#8211; Ladina-Ameerika<\/td>\n<td align=\"center\">1. juuni 2013<\/td>\n<td align=\"right\">18 505 745 dollarit<\/td>\n<\/tr>\n<tr>\n<td>Mega-Sena &#8211; Ladina-Ameerika<\/td>\n<td align=\"center\">3. juuli 2013<\/td>\n<td align=\"right\">18 205 319 dollarit<\/td>\n<\/tr>\n<tr>\n<td>Mega-Sena &#8211; Ladina-Ameerika<\/td>\n<td align=\"center\">31. august 2013<\/td>\n<td align=\"right\">13 760 000 dollarit<\/td>\n<\/tr>\n<tr>\n<td>Mega-Sena &#8211; Ladina-Ameerika<\/td>\n<td align=\"center\">14. august 2013<\/td>\n<td align=\"right\">10 884 923 dollarit<\/td>\n<\/tr>\n<\/tbody>\n<\/table>\n<p>&nbsp;<\/p>\n<table style=\"width: 500px;\" border=\"1\" cellspacing=\"5\" cellpadding=\"5\" align=\"center\">\n<tbody>\n<tr>\n<td colspan=\"3\" align=\"center\">Mega-Sena loterii &#8211; Brasiilia auhinnatasemed<\/td>\n<\/tr>\n<tr>\n<td>Auhind<\/td>\n<td align=\"center\">Mat\u0161id<\/td>\n<td align=\"center\">Koefitsiendid<\/td>\n<\/tr>\n<tr>\n<td>1. koht (peav\u00f5it)<\/td>\n<td align=\"center\">6<\/td>\n<td align=\"right\">50 063 856 : 1<\/td>\n<\/tr>\n<tr>\n<td>2. koht<\/td>\n<td align=\"center\">5<\/td>\n<td align=\"right\">154 518 : 1<\/td>\n<\/tr>\n<tr>\n<td>3.<\/td>\n<td align=\"center\">4<\/td>\n<td align=\"right\">2332 : 1<\/td>\n<\/tr>\n<\/tbody>\n<\/table>\n","protected":false},"excerpt":{"rendered":"<p>Mega Sena loterii Brasiilia Mega Sena loterii garanteeritud minimaalse peav\u00f5iduga 1,1 miljonit dollarit meelitab kaks korda n\u00e4dalas kohale tohutu f\u00e4nnibaasi. V\u00f5imalusega osta Mega Sena loterii pileteid veebis, t\u00f5usevad jackpotid sageli palju k\u00f5rgemale.Riigis, mis on kogu maailmas tuntud oma kaunite naiste poolest randades ja l\u00f5butsemise poolest, lisab Brasiilia riiklik Mega-Sena loterii elevust jackpotidega, mis v\u00f5ivad ulatuda [&hellip;]<\/p>\n","protected":false},"author":1,"featured_media":0,"parent":9277,"menu_order":8,"comment_status":"closed","ping_status":"closed","template":"","meta":{"footnotes":""},"class_list":["post-9681","page","type-page","status-publish","hentry"],"yoast_head":"<!-- This site is optimized with the Yoast SEO plugin v27.4 - https:\/\/yoast.com\/product\/yoast-seo-wordpress\/ -->\n<title>Buy Online Tickets for Mega Sena Lottery<\/title>\n<meta name=\"description\" content=\"Siit saate teada, kuidas saate Brasiilia Mega-Sena loterii pileteid veebist osta.\" \/>\n<meta name=\"robots\" content=\"index, follow, max-snippet:-1, max-image-preview:large, max-video-preview:-1\" \/>\n<link rel=\"canonical\" href=\"https:\/\/gambling6.com\/et\/loterii\/hankige-mega-sena-loterii-piletid-veebis\/\" \/>\n<meta property=\"og:locale\" content=\"et_EE\" \/>\n<meta property=\"og:type\" content=\"article\" \/>\n<meta property=\"og:title\" content=\"Buy Online Tickets for Mega Sena Lottery\" \/>\n<meta property=\"og:description\" content=\"Siit saate teada, kuidas saate Brasiilia Mega-Sena loterii pileteid veebist osta.\" \/>\n<meta property=\"og:url\" content=\"https:\/\/gambling6.com\/et\/loterii\/hankige-mega-sena-loterii-piletid-veebis\/\" \/>\n<meta property=\"og:site_name\" content=\"Gambling6\" \/>\n<meta name=\"twitter:card\" content=\"summary_large_image\" \/>\n<meta name=\"twitter:label1\" content=\"Est. reading time\" \/>\n\t<meta name=\"twitter:data1\" content=\"1 minut\" \/>\n<script type=\"application\/ld+json\" class=\"yoast-schema-graph\">{\"@context\":\"https:\\\/\\\/schema.org\",\"@graph\":[{\"@type\":\"WebPage\",\"@id\":\"https:\\\/\\\/gambling6.com\\\/et\\\/loterii\\\/hankige-mega-sena-loterii-piletid-veebis\\\/\",\"url\":\"https:\\\/\\\/gambling6.com\\\/et\\\/loterii\\\/hankige-mega-sena-loterii-piletid-veebis\\\/\",\"name\":\"Buy Online Tickets for Mega Sena Lottery\",\"isPartOf\":{\"@id\":\"https:\\\/\\\/gambling6.com\\\/et\\\/#website\"},\"datePublished\":\"2025-11-11T09:55:12+00:00\",\"description\":\"Siit saate teada, kuidas saate Brasiilia Mega-Sena loterii pileteid veebist osta.\",\"breadcrumb\":{\"@id\":\"https:\\\/\\\/gambling6.com\\\/et\\\/loterii\\\/hankige-mega-sena-loterii-piletid-veebis\\\/#breadcrumb\"},\"inLanguage\":\"et\",\"potentialAction\":[{\"@type\":\"ReadAction\",\"target\":[\"https:\\\/\\\/gambling6.com\\\/et\\\/loterii\\\/hankige-mega-sena-loterii-piletid-veebis\\\/\"]}]},{\"@type\":\"BreadcrumbList\",\"@id\":\"https:\\\/\\\/gambling6.com\\\/et\\\/loterii\\\/hankige-mega-sena-loterii-piletid-veebis\\\/#breadcrumb\",\"itemListElement\":[{\"@type\":\"ListItem\",\"position\":1,\"name\":\"Home\",\"item\":\"https:\\\/\\\/gambling6.com\\\/et\\\/home\\\/\"},{\"@type\":\"ListItem\",\"position\":2,\"name\":\"Loterii\",\"item\":\"https:\\\/\\\/gambling6.com\\\/et\\\/loterii\\\/\"},{\"@type\":\"ListItem\",\"position\":3,\"name\":\"Hankige Mega Sena loterii piletid veebis\"}]},{\"@type\":\"WebSite\",\"@id\":\"https:\\\/\\\/gambling6.com\\\/et\\\/#website\",\"url\":\"https:\\\/\\\/gambling6.com\\\/et\\\/\",\"name\":\"Gambling6\",\"description\":\"\",\"potentialAction\":[{\"@type\":\"SearchAction\",\"target\":{\"@type\":\"EntryPoint\",\"urlTemplate\":\"https:\\\/\\\/gambling6.com\\\/et\\\/?s={search_term_string}\"},\"query-input\":{\"@type\":\"PropertyValueSpecification\",\"valueRequired\":true,\"valueName\":\"search_term_string\"}}],\"inLanguage\":\"et\"}]}<\/script>\n<!-- \/ Yoast SEO plugin. -->","yoast_head_json":{"title":"Buy Online Tickets for Mega Sena Lottery","description":"Siit saate teada, kuidas saate Brasiilia Mega-Sena loterii pileteid veebist osta.","robots":{"index":"index","follow":"follow","max-snippet":"max-snippet:-1","max-image-preview":"max-image-preview:large","max-video-preview":"max-video-preview:-1"},"canonical":"https:\/\/gambling6.com\/et\/loterii\/hankige-mega-sena-loterii-piletid-veebis\/","og_locale":"et_EE","og_type":"article","og_title":"Buy Online Tickets for Mega Sena Lottery","og_description":"Siit saate teada, kuidas saate Brasiilia Mega-Sena loterii pileteid veebist osta.","og_url":"https:\/\/gambling6.com\/et\/loterii\/hankige-mega-sena-loterii-piletid-veebis\/","og_site_name":"Gambling6","twitter_card":"summary_large_image","twitter_misc":{"Est. reading time":"1 minut"},"schema":{"@context":"https:\/\/schema.org","@graph":[{"@type":"WebPage","@id":"https:\/\/gambling6.com\/et\/loterii\/hankige-mega-sena-loterii-piletid-veebis\/","url":"https:\/\/gambling6.com\/et\/loterii\/hankige-mega-sena-loterii-piletid-veebis\/","name":"Buy Online Tickets for Mega Sena Lottery","isPartOf":{"@id":"https:\/\/gambling6.com\/et\/#website"},"datePublished":"2025-11-11T09:55:12+00:00","description":"Siit saate teada, kuidas saate Brasiilia Mega-Sena loterii pileteid veebist osta.","breadcrumb":{"@id":"https:\/\/gambling6.com\/et\/loterii\/hankige-mega-sena-loterii-piletid-veebis\/#breadcrumb"},"inLanguage":"et","potentialAction":[{"@type":"ReadAction","target":["https:\/\/gambling6.com\/et\/loterii\/hankige-mega-sena-loterii-piletid-veebis\/"]}]},{"@type":"BreadcrumbList","@id":"https:\/\/gambling6.com\/et\/loterii\/hankige-mega-sena-loterii-piletid-veebis\/#breadcrumb","itemListElement":[{"@type":"ListItem","position":1,"name":"Home","item":"https:\/\/gambling6.com\/et\/home\/"},{"@type":"ListItem","position":2,"name":"Loterii","item":"https:\/\/gambling6.com\/et\/loterii\/"},{"@type":"ListItem","position":3,"name":"Hankige Mega Sena loterii piletid veebis"}]},{"@type":"WebSite","@id":"https:\/\/gambling6.com\/et\/#website","url":"https:\/\/gambling6.com\/et\/","name":"Gambling6","description":"","potentialAction":[{"@type":"SearchAction","target":{"@type":"EntryPoint","urlTemplate":"https:\/\/gambling6.com\/et\/?s={search_term_string}"},"query-input":{"@type":"PropertyValueSpecification","valueRequired":true,"valueName":"search_term_string"}}],"inLanguage":"et"}]}},"_links":{"self":[{"href":"https:\/\/gambling6.com\/et\/wp-json\/wp\/v2\/pages\/9681","targetHints":{"allow":["GET"]}}],"collection":[{"href":"https:\/\/gambling6.com\/et\/wp-json\/wp\/v2\/pages"}],"about":[{"href":"https:\/\/gambling6.com\/et\/wp-json\/wp\/v2\/types\/page"}],"author":[{"embeddable":true,"href":"https:\/\/gambling6.com\/et\/wp-json\/wp\/v2\/users\/1"}],"replies":[{"embeddable":true,"href":"https:\/\/gambling6.com\/et\/wp-json\/wp\/v2\/comments?post=9681"}],"version-history":[{"count":0,"href":"https:\/\/gambling6.com\/et\/wp-json\/wp\/v2\/pages\/9681\/revisions"}],"up":[{"embeddable":true,"href":"https:\/\/gambling6.com\/et\/wp-json\/wp\/v2\/pages\/9277"}],"wp:attachment":[{"href":"https:\/\/gambling6.com\/et\/wp-json\/wp\/v2\/media?parent=9681"}],"curies":[{"name":"wp","href":"https:\/\/api.w.org\/{rel}","templated":true}]}}