{"id":9702,"date":"2025-11-11T10:26:07","date_gmt":"2025-11-11T10:26:07","guid":{"rendered":"https:\/\/gambling6.com\/loterii\/hankige-uhendkuningriigi-riikliku-loterii-piletid-veebis\/"},"modified":"2025-11-15T10:42:38","modified_gmt":"2025-11-15T10:42:38","slug":"hankige-uhendkuningriigi-riikliku-loterii-piletid-veebis","status":"publish","type":"page","link":"https:\/\/gambling6.com\/et\/loterii\/hankige-uhendkuningriigi-riikliku-loterii-piletid-veebis\/","title":{"rendered":"Hankige \u00dchendkuningriigi riikliku loterii piletid veebis"},"content":{"rendered":"<h2>\u00dchendkuningriigi riikliku loterii piletid internetis<\/h2>\n<p><strong style=\"background-color: initial;\">\u00dchendkuningriigi riikliku loterii veebipileti omamine annab teile liikme Suurbritannia lemmikloteriil.<\/strong><span style=\"background-color: initial;\"> Piletim\u00fc\u00fck nii veebis kui ka kohapeal ulatub umbes 50 000 000 loosimise kohta. Piletiga on teil 1:56 v\u00f5imalus v\u00f5ita 25 naela, mis on \u00dchendkuningriigi riikliku loterii algtaseme auhind.<\/span><\/p>\n<p>Selle loterii m\u00e4ngimiseks peate valima kuus p\u00f5hinumbrit vahemikus \u00fcks kuni 49. Jackpoti v\u00f5itmiseks peate lihtsalt tabama kuus numbrit. <strong>\u00dchendkuningriigi riikliku loterii v\u00f5iduv\u00f5imalus on umbes 1:14 miljonit.<\/strong> Need v\u00f5imalused on palju paremad kui Euromillionsi v\u00f5itmine; Tegelikult on teil umbes 10 korda suurem t\u00f5en\u00e4osus rahaks teha.<\/p>\n<p>Igal kolmap\u00e4eval ja laup\u00e4eval piletim\u00fc\u00fck kasvab h\u00fcppeliselt, kuna\u00a0<span style=\"box-sizing: border-box; margin: 0px; padding: 0px;\">kohalikud britid ja\u00a0<strong>rahvusvahelised online-loteriim\u00e4ngijad ostavad pileteid, et v\u00f5ita<\/strong><\/span><strong>jackpot<\/strong>, mis peaaegu alati \u00fcletab 5 miljonit naela. Kuigi 45% piletim\u00fc\u00fcgist on garanteeritud auhinnafondi, on alates selle loterii loomisest 1994. aastal annetatud \u00fcle 42 miljardi naela v\u00e4\u00e4rt eesm\u00e4rkidele nii \u00dchendkuningriigis kui ka v\u00e4lismaal.<\/p>\n<p><img loading=\"lazy\" decoding=\"async\" class=\"size-medium wp-image-1371 alignright\" src=\"https:\/\/gambling6.com\/wp-content\/uploads\/2022\/04\/2_ticket_uk_lottery-192x300.jpg\" alt=\"\u00dchendkuningriigi loteriipilet\" width=\"192\" height=\"300\" srcset=\"https:\/\/gambling6.com\/wp-content\/uploads\/2022\/04\/2_ticket_uk_lottery-192x300.jpg 192w, https:\/\/gambling6.com\/wp-content\/uploads\/2022\/04\/2_ticket_uk_lottery.jpg 564w\" sizes=\"auto, (max-width: 192px) 100vw, 192px\" \/>Kui see loterii loositakse laup\u00e4eviti ja kolmap\u00e4eviti Londonis, on piletitega publik \u00fcsna suur. Inimesed kogunevad kohalikesse pubidesse teleka juurde lootuses v\u00f5ita 5 miljonit naela. Lisaks, kui jackpotti ei v\u00f5ideta, kantakse see j\u00e4rgmisele loosimisele. <a class=\"thirstylink\" title=\"RedFoxLotto en\" href=\"https:\/\/gambling6.com\/go\/redfoxlotto-en\/\" target=\"_blank\" rel=\"nofollow noopener\">Hankige oma veebipilet ja v\u00f5imalus v\u00f5ita \u00dchendkuningriigi riikliku loterii auhind, k\u00fclastades meie partneri RedFoxLotto lehte.<\/a><\/p>\n<table style=\"width: 500px;\" border=\"1\" cellspacing=\"5\" cellpadding=\"5\" align=\"center\">\n<tbody>\n<tr>\n<td colspan=\"3\" align=\"center\">Viis suurimat jackpotti 2013. aastal<\/td>\n<\/tr>\n<tr>\n<td>Loosimine<\/td>\n<td align=\"center\">Kuup\u00e4ev<\/td>\n<td align=\"center\">Jackpot (USD)<\/td>\n<\/tr>\n<tr>\n<td>Riiklik loterii &#8211; \u00dchendkuningriik<\/td>\n<td align=\"center\">5. okt. 2013<\/td>\n<td style=\"text-align: center;\" align=\"right\">16 500 000 dollarit<\/td>\n<\/tr>\n<tr>\n<td>Riiklik Loto &#8211; \u00dchendkuningriik<\/td>\n<td align=\"center\">12. okt. 2013<\/td>\n<td align=\"right\">16 500 000 dollarit<\/td>\n<\/tr>\n<tr>\n<td>Riiklik Loto &#8211; \u00dchendkuningriik<\/td>\n<td align=\"center\">18. sept. 2013<\/td>\n<td align=\"right\">14 025 000 dollarit<\/td>\n<\/tr>\n<tr>\n<td>Riiklik Loto &#8211; \u00dchendkuningriik<\/td>\n<td align=\"center\">18. dets. 2013<\/td>\n<td align=\"right\">13 173 600 dollarit<\/td>\n<\/tr>\n<tr>\n<td>Riiklik Loto &#8211; \u00dchendkuningriik<\/td>\n<td align=\"center\">2. november 2013<\/td>\n<td align=\"right\">13 134 000 dollarit<\/td>\n<\/tr>\n<\/tbody>\n<\/table>\n<p>&nbsp;<\/p>\n<table style=\"width: 500px;\" border=\"1\" cellspacing=\"5\" cellpadding=\"5\" align=\"center\">\n<tbody>\n<tr>\n<td colspan=\"3\" align=\"center\">\u00dchendkuningriigi riikliku loterii auhindade astmed<\/td>\n<\/tr>\n<tr>\n<td>Auhind<\/td>\n<td align=\"center\">Mat\u0161id<\/td>\n<td align=\"center\">Koefitsiendid<\/td>\n<\/tr>\n<tr>\n<td>1. koht (peav\u00f5it)<\/td>\n<td style=\"text-align: center;\" align=\"center\">6<\/td>\n<td align=\"right\">13 983 816 : 1<\/td>\n<\/tr>\n<tr>\n<td>2.<\/td>\n<td align=\"center\">5 + 1<\/td>\n<td align=\"right\">2 330 636 : 1<\/td>\n<\/tr>\n<tr>\n<td>3.<\/td>\n<td align=\"center\">5<\/td>\n<td align=\"right\">55 492 : 1<\/td>\n<\/tr>\n<tr>\n<td>4.<\/td>\n<td align=\"center\">4<\/td>\n<td align=\"right\">1033 : 1<\/td>\n<\/tr>\n<tr>\n<td>5.<\/td>\n<td align=\"center\">3<\/td>\n<td align=\"right\">57 : 1<\/td>\n<\/tr>\n<\/tbody>\n<\/table>\n","protected":false},"excerpt":{"rendered":"<p>\u00dchendkuningriigi riikliku loterii piletid internetis \u00dchendkuningriigi riikliku loterii veebipileti omamine annab teile liikme Suurbritannia lemmikloteriil. Piletim\u00fc\u00fck nii veebis kui ka kohapeal ulatub umbes 50 000 000 loosimise kohta. Piletiga on teil 1:56 v\u00f5imalus v\u00f5ita 25 naela, mis on \u00dchendkuningriigi riikliku loterii algtaseme auhind. Selle loterii m\u00e4ngimiseks peate valima kuus p\u00f5hinumbrit vahemikus \u00fcks kuni 49. Jackpoti [&hellip;]<\/p>\n","protected":false},"author":1,"featured_media":0,"parent":9277,"menu_order":6,"comment_status":"closed","ping_status":"closed","template":"","meta":{"footnotes":""},"class_list":["post-9702","page","type-page","status-publish","hentry"],"yoast_head":"<!-- This site is optimized with the Yoast SEO plugin v27.6 - https:\/\/yoast.com\/product\/yoast-seo-wordpress\/ -->\n<title>Osta \u00dchendkuningriigi riikliku loterii pileteid veebis<\/title>\n<meta name=\"description\" content=\"Osale \u00dchendkuningriigi riiklikus loteriis, hankides piletid veebist.\" \/>\n<meta name=\"robots\" content=\"index, follow, max-snippet:-1, max-image-preview:large, max-video-preview:-1\" \/>\n<link rel=\"canonical\" href=\"https:\/\/gambling6.com\/et\/loterii\/hankige-uhendkuningriigi-riikliku-loterii-piletid-veebis\/\" \/>\n<meta property=\"og:locale\" content=\"et_EE\" \/>\n<meta property=\"og:type\" content=\"article\" \/>\n<meta property=\"og:title\" content=\"Osta \u00dchendkuningriigi riikliku loterii pileteid veebis\" \/>\n<meta property=\"og:description\" content=\"Osale \u00dchendkuningriigi riiklikus loteriis, hankides piletid veebist.\" \/>\n<meta property=\"og:url\" content=\"https:\/\/gambling6.com\/et\/loterii\/hankige-uhendkuningriigi-riikliku-loterii-piletid-veebis\/\" \/>\n<meta property=\"og:site_name\" content=\"Gambling6\" \/>\n<meta property=\"article:modified_time\" content=\"2025-11-15T10:42:38+00:00\" \/>\n<meta property=\"og:image\" content=\"https:\/\/gambling6.com\/wp-content\/uploads\/2022\/04\/2_ticket_uk_lottery.jpg\" \/>\n\t<meta property=\"og:image:width\" content=\"564\" \/>\n\t<meta property=\"og:image:height\" content=\"883\" \/>\n\t<meta property=\"og:image:type\" content=\"image\/jpeg\" \/>\n<meta name=\"twitter:card\" content=\"summary_large_image\" \/>\n<meta name=\"twitter:label1\" content=\"Est. reading time\" \/>\n\t<meta name=\"twitter:data1\" content=\"1 minut\" \/>\n<script type=\"application\/ld+json\" class=\"yoast-schema-graph\">{\"@context\":\"https:\\\/\\\/schema.org\",\"@graph\":[{\"@type\":\"WebPage\",\"@id\":\"https:\\\/\\\/gambling6.com\\\/et\\\/loterii\\\/hankige-uhendkuningriigi-riikliku-loterii-piletid-veebis\\\/\",\"url\":\"https:\\\/\\\/gambling6.com\\\/et\\\/loterii\\\/hankige-uhendkuningriigi-riikliku-loterii-piletid-veebis\\\/\",\"name\":\"Osta \u00dchendkuningriigi riikliku loterii pileteid veebis\",\"isPartOf\":{\"@id\":\"https:\\\/\\\/gambling6.com\\\/et\\\/#website\"},\"primaryImageOfPage\":{\"@id\":\"https:\\\/\\\/gambling6.com\\\/et\\\/loterii\\\/hankige-uhendkuningriigi-riikliku-loterii-piletid-veebis\\\/#primaryimage\"},\"image\":{\"@id\":\"https:\\\/\\\/gambling6.com\\\/et\\\/loterii\\\/hankige-uhendkuningriigi-riikliku-loterii-piletid-veebis\\\/#primaryimage\"},\"thumbnailUrl\":\"https:\\\/\\\/gambling6.com\\\/wp-content\\\/uploads\\\/2022\\\/04\\\/2_ticket_uk_lottery-192x300.jpg\",\"datePublished\":\"2025-11-11T10:26:07+00:00\",\"dateModified\":\"2025-11-15T10:42:38+00:00\",\"description\":\"Osale \u00dchendkuningriigi riiklikus loteriis, hankides piletid veebist.\",\"breadcrumb\":{\"@id\":\"https:\\\/\\\/gambling6.com\\\/et\\\/loterii\\\/hankige-uhendkuningriigi-riikliku-loterii-piletid-veebis\\\/#breadcrumb\"},\"inLanguage\":\"et\",\"potentialAction\":[{\"@type\":\"ReadAction\",\"target\":[\"https:\\\/\\\/gambling6.com\\\/et\\\/loterii\\\/hankige-uhendkuningriigi-riikliku-loterii-piletid-veebis\\\/\"]}]},{\"@type\":\"ImageObject\",\"inLanguage\":\"et\",\"@id\":\"https:\\\/\\\/gambling6.com\\\/et\\\/loterii\\\/hankige-uhendkuningriigi-riikliku-loterii-piletid-veebis\\\/#primaryimage\",\"url\":\"https:\\\/\\\/gambling6.com\\\/wp-content\\\/uploads\\\/2022\\\/04\\\/2_ticket_uk_lottery-192x300.jpg\",\"contentUrl\":\"https:\\\/\\\/gambling6.com\\\/wp-content\\\/uploads\\\/2022\\\/04\\\/2_ticket_uk_lottery-192x300.jpg\"},{\"@type\":\"BreadcrumbList\",\"@id\":\"https:\\\/\\\/gambling6.com\\\/et\\\/loterii\\\/hankige-uhendkuningriigi-riikliku-loterii-piletid-veebis\\\/#breadcrumb\",\"itemListElement\":[{\"@type\":\"ListItem\",\"position\":1,\"name\":\"Home\",\"item\":\"https:\\\/\\\/gambling6.com\\\/et\\\/home\\\/\"},{\"@type\":\"ListItem\",\"position\":2,\"name\":\"Loterii\",\"item\":\"https:\\\/\\\/gambling6.com\\\/et\\\/loterii\\\/\"},{\"@type\":\"ListItem\",\"position\":3,\"name\":\"Hankige \u00dchendkuningriigi riikliku loterii piletid veebis\"}]},{\"@type\":\"WebSite\",\"@id\":\"https:\\\/\\\/gambling6.com\\\/et\\\/#website\",\"url\":\"https:\\\/\\\/gambling6.com\\\/et\\\/\",\"name\":\"Gambling6\",\"description\":\"\",\"potentialAction\":[{\"@type\":\"SearchAction\",\"target\":{\"@type\":\"EntryPoint\",\"urlTemplate\":\"https:\\\/\\\/gambling6.com\\\/et\\\/?s={search_term_string}\"},\"query-input\":{\"@type\":\"PropertyValueSpecification\",\"valueRequired\":true,\"valueName\":\"search_term_string\"}}],\"inLanguage\":\"et\"}]}<\/script>\n<!-- \/ Yoast SEO plugin. -->","yoast_head_json":{"title":"Osta \u00dchendkuningriigi riikliku loterii pileteid veebis","description":"Osale \u00dchendkuningriigi riiklikus loteriis, hankides piletid veebist.","robots":{"index":"index","follow":"follow","max-snippet":"max-snippet:-1","max-image-preview":"max-image-preview:large","max-video-preview":"max-video-preview:-1"},"canonical":"https:\/\/gambling6.com\/et\/loterii\/hankige-uhendkuningriigi-riikliku-loterii-piletid-veebis\/","og_locale":"et_EE","og_type":"article","og_title":"Osta \u00dchendkuningriigi riikliku loterii pileteid veebis","og_description":"Osale \u00dchendkuningriigi riiklikus loteriis, hankides piletid veebist.","og_url":"https:\/\/gambling6.com\/et\/loterii\/hankige-uhendkuningriigi-riikliku-loterii-piletid-veebis\/","og_site_name":"Gambling6","article_modified_time":"2025-11-15T10:42:38+00:00","og_image":[{"width":564,"height":883,"url":"https:\/\/gambling6.com\/wp-content\/uploads\/2022\/04\/2_ticket_uk_lottery.jpg","type":"image\/jpeg"}],"twitter_card":"summary_large_image","twitter_misc":{"Est. reading time":"1 minut"},"schema":{"@context":"https:\/\/schema.org","@graph":[{"@type":"WebPage","@id":"https:\/\/gambling6.com\/et\/loterii\/hankige-uhendkuningriigi-riikliku-loterii-piletid-veebis\/","url":"https:\/\/gambling6.com\/et\/loterii\/hankige-uhendkuningriigi-riikliku-loterii-piletid-veebis\/","name":"Osta \u00dchendkuningriigi riikliku loterii pileteid veebis","isPartOf":{"@id":"https:\/\/gambling6.com\/et\/#website"},"primaryImageOfPage":{"@id":"https:\/\/gambling6.com\/et\/loterii\/hankige-uhendkuningriigi-riikliku-loterii-piletid-veebis\/#primaryimage"},"image":{"@id":"https:\/\/gambling6.com\/et\/loterii\/hankige-uhendkuningriigi-riikliku-loterii-piletid-veebis\/#primaryimage"},"thumbnailUrl":"https:\/\/gambling6.com\/wp-content\/uploads\/2022\/04\/2_ticket_uk_lottery-192x300.jpg","datePublished":"2025-11-11T10:26:07+00:00","dateModified":"2025-11-15T10:42:38+00:00","description":"Osale \u00dchendkuningriigi riiklikus loteriis, hankides piletid veebist.","breadcrumb":{"@id":"https:\/\/gambling6.com\/et\/loterii\/hankige-uhendkuningriigi-riikliku-loterii-piletid-veebis\/#breadcrumb"},"inLanguage":"et","potentialAction":[{"@type":"ReadAction","target":["https:\/\/gambling6.com\/et\/loterii\/hankige-uhendkuningriigi-riikliku-loterii-piletid-veebis\/"]}]},{"@type":"ImageObject","inLanguage":"et","@id":"https:\/\/gambling6.com\/et\/loterii\/hankige-uhendkuningriigi-riikliku-loterii-piletid-veebis\/#primaryimage","url":"https:\/\/gambling6.com\/wp-content\/uploads\/2022\/04\/2_ticket_uk_lottery-192x300.jpg","contentUrl":"https:\/\/gambling6.com\/wp-content\/uploads\/2022\/04\/2_ticket_uk_lottery-192x300.jpg"},{"@type":"BreadcrumbList","@id":"https:\/\/gambling6.com\/et\/loterii\/hankige-uhendkuningriigi-riikliku-loterii-piletid-veebis\/#breadcrumb","itemListElement":[{"@type":"ListItem","position":1,"name":"Home","item":"https:\/\/gambling6.com\/et\/home\/"},{"@type":"ListItem","position":2,"name":"Loterii","item":"https:\/\/gambling6.com\/et\/loterii\/"},{"@type":"ListItem","position":3,"name":"Hankige \u00dchendkuningriigi riikliku loterii piletid veebis"}]},{"@type":"WebSite","@id":"https:\/\/gambling6.com\/et\/#website","url":"https:\/\/gambling6.com\/et\/","name":"Gambling6","description":"","potentialAction":[{"@type":"SearchAction","target":{"@type":"EntryPoint","urlTemplate":"https:\/\/gambling6.com\/et\/?s={search_term_string}"},"query-input":{"@type":"PropertyValueSpecification","valueRequired":true,"valueName":"search_term_string"}}],"inLanguage":"et"}]}},"_links":{"self":[{"href":"https:\/\/gambling6.com\/et\/wp-json\/wp\/v2\/pages\/9702","targetHints":{"allow":["GET"]}}],"collection":[{"href":"https:\/\/gambling6.com\/et\/wp-json\/wp\/v2\/pages"}],"about":[{"href":"https:\/\/gambling6.com\/et\/wp-json\/wp\/v2\/types\/page"}],"author":[{"embeddable":true,"href":"https:\/\/gambling6.com\/et\/wp-json\/wp\/v2\/users\/1"}],"replies":[{"embeddable":true,"href":"https:\/\/gambling6.com\/et\/wp-json\/wp\/v2\/comments?post=9702"}],"version-history":[{"count":1,"href":"https:\/\/gambling6.com\/et\/wp-json\/wp\/v2\/pages\/9702\/revisions"}],"predecessor-version":[{"id":10933,"href":"https:\/\/gambling6.com\/et\/wp-json\/wp\/v2\/pages\/9702\/revisions\/10933"}],"up":[{"embeddable":true,"href":"https:\/\/gambling6.com\/et\/wp-json\/wp\/v2\/pages\/9277"}],"wp:attachment":[{"href":"https:\/\/gambling6.com\/et\/wp-json\/wp\/v2\/media?parent=9702"}],"curies":[{"name":"wp","href":"https:\/\/api.w.org\/{rel}","templated":true}]}}