{"id":9703,"date":"2025-11-11T10:27:25","date_gmt":"2025-11-11T10:27:25","guid":{"rendered":"https:\/\/gambling6.com\/loterii\/hankige-superenalotto-piletid-veebis\/"},"modified":"2025-11-15T10:40:10","modified_gmt":"2025-11-15T10:40:10","slug":"hankige-superenalotto-piletid-veebis","status":"publish","type":"page","link":"https:\/\/gambling6.com\/et\/loterii\/hankige-superenalotto-piletid-veebis\/","title":{"rendered":"Hankige Superenalotto piletid veebis"},"content":{"rendered":"<h2>Superenalotto<\/h2>\n<p>Itaallased on lotofanaatikud, eriti kiindunud oma Superenalottosse. Igal n\u00e4dalal on selle loterii piletim\u00fc\u00fck meeletult suur, v\u00f5iduv\u00f5imalus on suurem kui 1 600 miljonist. <strong>Itaalia Superenalotto veebipiletite ostmine annab teile maailma loteriidest halvima v\u00f5imaliku v\u00f5iduv\u00f5imaluse.<\/strong> Ometi n\u00e4ib see olevat peamine t\u00f5mbenumber nii kohalikele eurooplastele kui ka \u00fclemaailmsetele veebiloteriim\u00e4ngijatele.<\/p>\n<h2><img loading=\"lazy\" decoding=\"async\" class=\"size-full wp-image-1575 alignright\" src=\"https:\/\/gambling6.com\/wp-content\/uploads\/2022\/04\/2_ticket_superenalotto.jpg\" alt=\"Superenalotto pilet\" width=\"228\" height=\"300\" \/>SuperEnalotto jackpotid \u00fcle kantud summale<\/h2>\n<p>Itaalia Superenalotto v\u00f5iduv\u00f5imaluste suure t\u00f5en\u00e4osuse t\u00f5ttu kantakse jackpot \u00fcsna sageli \u00fcle kantud summale. Kuue numbri valimine vahemikus \u00fcks kuni 90 annab teile v\u00f5imaluse v\u00f5ita jackpot, kui k\u00f5ik kuus numbrit \u00f5igesti valitakse. Ainult viie numbri \u00f5igesti valimine ja boonusnumber annab teile teise taseme auhinna. Boonusnumber loositakse eraldi ja seda tuntakse l\u00f5busa pallina. <strong>Internetim\u00e4ngijad kiirustavad pileteid ostma, et proovida v\u00f5ita rekordilisi jackpote kuni 500 miljonit eurot.<\/strong><\/p>\n<p>Itaalia Superenalotto loosib kolm korda n\u00e4dalas. <b>Jackpot algab 2 miljonist eurost ja pole \u00fcllatav, et inimesed on m\u00e4ngimisest nii huvitatud.<\/b> Nii kohalikud kui ka veebim\u00e4ngijad tahavad osa sellest rahvusvahelisest loteriist, mis pakub teadaolevalt k\u00f5rgeimaid v\u00f5iduv\u00f5imalusi.<\/p>\n<p>1997. aastal Itaalias loodud Superenalotto \u00e4ratas kiiresti Euroopa loteriim\u00e4ngijate t\u00e4helepanu ning jackpotid kasvasid ja veeresid edasi. Suurima jackpoti v\u00f5itis \u00fcks piletiomanik 2010. aastal, summas 223 miljonit eurot. <strong>Kuna\u00a0<\/strong><span style=\"box-sizing: border-box; margin: 0px; padding: 0px;\"><strong>rohkem inimesi ostab Superenalotto pileteid veebist<\/strong>, on jackpotil potentsiaali veelgi suuremaks kasvada, kuna selle suurusel pole piiranguid<\/span>.<\/p>\n<p>Lisaks suure jackpoti v\u00f5itmisele saavad veebim\u00e4ngijad osaleda ka \u00fches viiest muust saadaolevast auhinnast. <a class=\"thirstylink\" title=\"RedFoxLotto en\" href=\"https:\/\/gambling6.com\/go\/redfoxlotto-en\/\" target=\"_blank\" rel=\"nofollow noopener\">Itaalia Superenalotto piletite saamiseks RedFoxLotto kaudu kl\u00f5psake siin.<\/a><\/p>\n<table style=\"width: 500px;\" border=\"1\" cellspacing=\"5\" cellpadding=\"5\" align=\"center\">\n<tbody>\n<tr>\n<td colspan=\"3\" align=\"center\">2013. aasta suurimad jackpotid<\/td>\n<\/tr>\n<tr>\n<td>Loosimine<\/td>\n<td align=\"center\">Kuup\u00e4ev<\/td>\n<td align=\"center\">Jackpot (USD)<\/td>\n<\/tr>\n<tr>\n<td>Superenalotto &#8211; Itaalia<\/td>\n<td align=\"center\">29. juuni 2013<\/td>\n<td align=\"right\">55 759 000 dollarit<\/td>\n<\/tr>\n<tr>\n<td>Superenalotto &#8211; Itaalia<\/td>\n<td align=\"center\">15. oktoober 2013<\/td>\n<td align=\"right\">25 124 430 dollarit<\/td>\n<\/tr>\n<tr>\n<td>SuperEnalotto &#8211; Itaalia<\/td>\n<td align=\"center\">3. okt. 2013<\/td>\n<td align=\"right\">21 372 000 dollarit<\/td>\n<\/tr>\n<tr>\n<td>SuperEnalotto &#8211; Itaalia<\/td>\n<td align=\"center\">27. juuli 2013<\/td>\n<td align=\"right\">19 043 000 dollarit<\/td>\n<\/tr>\n<\/tbody>\n<\/table>\n<p>&nbsp;<\/p>\n<table style=\"width: 500px;\" border=\"1\" cellspacing=\"5\" cellpadding=\"5\" align=\"center\">\n<tbody>\n<tr>\n<td colspan=\"3\" align=\"center\">Superenalotto &#8211; Itaalia auhinnatasemed<\/td>\n<\/tr>\n<tr>\n<td>Auhind<\/td>\n<td align=\"center\">M\u00e4ngud<\/td>\n<td align=\"center\">Koefitsiendid<\/td>\n<\/tr>\n<tr>\n<td>1. koht (peav\u00f5it)<\/td>\n<td align=\"center\">6<\/td>\n<td align=\"right\">622 614 630 : 1<\/td>\n<\/tr>\n<tr>\n<td>2. koht<\/td>\n<td align=\"center\">5 + 1<\/td>\n<td align=\"right\">103 769 105 : 1<\/td>\n<\/tr>\n<tr>\n<td>3.<\/td>\n<td align=\"center\">5<\/td>\n<td align=\"right\">1 235 346 : 1<\/td>\n<\/tr>\n<tr>\n<td>4.<\/td>\n<td align=\"center\">4<\/td>\n<td align=\"right\">11 907 : 1<\/td>\n<\/tr>\n<tr>\n<td>5.<\/td>\n<td align=\"center\">3<\/td>\n<td align=\"right\">327 : 1<\/td>\n<\/tr>\n<\/tbody>\n<\/table>\n","protected":false},"excerpt":{"rendered":"<p>Superenalotto Itaallased on lotofanaatikud, eriti kiindunud oma Superenalottosse. Igal n\u00e4dalal on selle loterii piletim\u00fc\u00fck meeletult suur, v\u00f5iduv\u00f5imalus on suurem kui 1 600 miljonist. Itaalia Superenalotto veebipiletite ostmine annab teile maailma loteriidest halvima v\u00f5imaliku v\u00f5iduv\u00f5imaluse. Ometi n\u00e4ib see olevat peamine t\u00f5mbenumber nii kohalikele eurooplastele kui ka \u00fclemaailmsetele veebiloteriim\u00e4ngijatele. SuperEnalotto jackpotid \u00fcle kantud summale Itaalia Superenalotto v\u00f5iduv\u00f5imaluste [&hellip;]<\/p>\n","protected":false},"author":1,"featured_media":0,"parent":9277,"menu_order":7,"comment_status":"closed","ping_status":"closed","template":"","meta":{"footnotes":""},"class_list":["post-9703","page","type-page","status-publish","hentry"],"yoast_head":"<!-- This site is optimized with the Yoast SEO plugin v27.6 - https:\/\/yoast.com\/product\/yoast-seo-wordpress\/ -->\n<title>Osta Superenalotto pileteid veebis<\/title>\n<meta name=\"description\" content=\"Hankige oma Superenalotto piletid veebis, k\u00fclastades meie partneri RedFoxLotto lehte.\" \/>\n<meta name=\"robots\" content=\"index, follow, max-snippet:-1, max-image-preview:large, max-video-preview:-1\" \/>\n<link rel=\"canonical\" href=\"https:\/\/gambling6.com\/et\/loterii\/hankige-superenalotto-piletid-veebis\/\" \/>\n<meta property=\"og:locale\" content=\"et_EE\" \/>\n<meta property=\"og:type\" content=\"article\" \/>\n<meta property=\"og:title\" content=\"Osta Superenalotto pileteid veebis\" \/>\n<meta property=\"og:description\" content=\"Hankige oma Superenalotto piletid veebis, k\u00fclastades meie partneri RedFoxLotto lehte.\" \/>\n<meta property=\"og:url\" content=\"https:\/\/gambling6.com\/et\/loterii\/hankige-superenalotto-piletid-veebis\/\" \/>\n<meta property=\"og:site_name\" content=\"Gambling6\" \/>\n<meta property=\"article:modified_time\" content=\"2025-11-15T10:40:10+00:00\" \/>\n<meta property=\"og:image\" content=\"https:\/\/gambling6.com\/wp-content\/uploads\/2022\/04\/2_ticket_superenalotto.jpg\" \/>\n\t<meta property=\"og:image:width\" content=\"228\" \/>\n\t<meta property=\"og:image:height\" content=\"300\" \/>\n\t<meta property=\"og:image:type\" content=\"image\/jpeg\" \/>\n<meta name=\"twitter:card\" content=\"summary_large_image\" \/>\n<meta name=\"twitter:label1\" content=\"Est. reading time\" \/>\n\t<meta name=\"twitter:data1\" content=\"1 minut\" \/>\n<script type=\"application\/ld+json\" class=\"yoast-schema-graph\">{\"@context\":\"https:\\\/\\\/schema.org\",\"@graph\":[{\"@type\":\"WebPage\",\"@id\":\"https:\\\/\\\/gambling6.com\\\/et\\\/loterii\\\/hankige-superenalotto-piletid-veebis\\\/\",\"url\":\"https:\\\/\\\/gambling6.com\\\/et\\\/loterii\\\/hankige-superenalotto-piletid-veebis\\\/\",\"name\":\"Osta Superenalotto pileteid veebis\",\"isPartOf\":{\"@id\":\"https:\\\/\\\/gambling6.com\\\/et\\\/#website\"},\"primaryImageOfPage\":{\"@id\":\"https:\\\/\\\/gambling6.com\\\/et\\\/loterii\\\/hankige-superenalotto-piletid-veebis\\\/#primaryimage\"},\"image\":{\"@id\":\"https:\\\/\\\/gambling6.com\\\/et\\\/loterii\\\/hankige-superenalotto-piletid-veebis\\\/#primaryimage\"},\"thumbnailUrl\":\"https:\\\/\\\/gambling6.com\\\/wp-content\\\/uploads\\\/2022\\\/04\\\/2_ticket_superenalotto.jpg\",\"datePublished\":\"2025-11-11T10:27:25+00:00\",\"dateModified\":\"2025-11-15T10:40:10+00:00\",\"description\":\"Hankige oma Superenalotto piletid veebis, k\u00fclastades meie partneri RedFoxLotto lehte.\",\"breadcrumb\":{\"@id\":\"https:\\\/\\\/gambling6.com\\\/et\\\/loterii\\\/hankige-superenalotto-piletid-veebis\\\/#breadcrumb\"},\"inLanguage\":\"et\",\"potentialAction\":[{\"@type\":\"ReadAction\",\"target\":[\"https:\\\/\\\/gambling6.com\\\/et\\\/loterii\\\/hankige-superenalotto-piletid-veebis\\\/\"]}]},{\"@type\":\"ImageObject\",\"inLanguage\":\"et\",\"@id\":\"https:\\\/\\\/gambling6.com\\\/et\\\/loterii\\\/hankige-superenalotto-piletid-veebis\\\/#primaryimage\",\"url\":\"https:\\\/\\\/gambling6.com\\\/wp-content\\\/uploads\\\/2022\\\/04\\\/2_ticket_superenalotto.jpg\",\"contentUrl\":\"https:\\\/\\\/gambling6.com\\\/wp-content\\\/uploads\\\/2022\\\/04\\\/2_ticket_superenalotto.jpg\"},{\"@type\":\"BreadcrumbList\",\"@id\":\"https:\\\/\\\/gambling6.com\\\/et\\\/loterii\\\/hankige-superenalotto-piletid-veebis\\\/#breadcrumb\",\"itemListElement\":[{\"@type\":\"ListItem\",\"position\":1,\"name\":\"Home\",\"item\":\"https:\\\/\\\/gambling6.com\\\/et\\\/home\\\/\"},{\"@type\":\"ListItem\",\"position\":2,\"name\":\"Loterii\",\"item\":\"https:\\\/\\\/gambling6.com\\\/et\\\/loterii\\\/\"},{\"@type\":\"ListItem\",\"position\":3,\"name\":\"Hankige Superenalotto piletid veebis\"}]},{\"@type\":\"WebSite\",\"@id\":\"https:\\\/\\\/gambling6.com\\\/et\\\/#website\",\"url\":\"https:\\\/\\\/gambling6.com\\\/et\\\/\",\"name\":\"Gambling6\",\"description\":\"\",\"potentialAction\":[{\"@type\":\"SearchAction\",\"target\":{\"@type\":\"EntryPoint\",\"urlTemplate\":\"https:\\\/\\\/gambling6.com\\\/et\\\/?s={search_term_string}\"},\"query-input\":{\"@type\":\"PropertyValueSpecification\",\"valueRequired\":true,\"valueName\":\"search_term_string\"}}],\"inLanguage\":\"et\"}]}<\/script>\n<!-- \/ Yoast SEO plugin. -->","yoast_head_json":{"title":"Osta Superenalotto pileteid veebis","description":"Hankige oma Superenalotto piletid veebis, k\u00fclastades meie partneri RedFoxLotto lehte.","robots":{"index":"index","follow":"follow","max-snippet":"max-snippet:-1","max-image-preview":"max-image-preview:large","max-video-preview":"max-video-preview:-1"},"canonical":"https:\/\/gambling6.com\/et\/loterii\/hankige-superenalotto-piletid-veebis\/","og_locale":"et_EE","og_type":"article","og_title":"Osta Superenalotto pileteid veebis","og_description":"Hankige oma Superenalotto piletid veebis, k\u00fclastades meie partneri RedFoxLotto lehte.","og_url":"https:\/\/gambling6.com\/et\/loterii\/hankige-superenalotto-piletid-veebis\/","og_site_name":"Gambling6","article_modified_time":"2025-11-15T10:40:10+00:00","og_image":[{"width":228,"height":300,"url":"https:\/\/gambling6.com\/wp-content\/uploads\/2022\/04\/2_ticket_superenalotto.jpg","type":"image\/jpeg"}],"twitter_card":"summary_large_image","twitter_misc":{"Est. reading time":"1 minut"},"schema":{"@context":"https:\/\/schema.org","@graph":[{"@type":"WebPage","@id":"https:\/\/gambling6.com\/et\/loterii\/hankige-superenalotto-piletid-veebis\/","url":"https:\/\/gambling6.com\/et\/loterii\/hankige-superenalotto-piletid-veebis\/","name":"Osta Superenalotto pileteid veebis","isPartOf":{"@id":"https:\/\/gambling6.com\/et\/#website"},"primaryImageOfPage":{"@id":"https:\/\/gambling6.com\/et\/loterii\/hankige-superenalotto-piletid-veebis\/#primaryimage"},"image":{"@id":"https:\/\/gambling6.com\/et\/loterii\/hankige-superenalotto-piletid-veebis\/#primaryimage"},"thumbnailUrl":"https:\/\/gambling6.com\/wp-content\/uploads\/2022\/04\/2_ticket_superenalotto.jpg","datePublished":"2025-11-11T10:27:25+00:00","dateModified":"2025-11-15T10:40:10+00:00","description":"Hankige oma Superenalotto piletid veebis, k\u00fclastades meie partneri RedFoxLotto lehte.","breadcrumb":{"@id":"https:\/\/gambling6.com\/et\/loterii\/hankige-superenalotto-piletid-veebis\/#breadcrumb"},"inLanguage":"et","potentialAction":[{"@type":"ReadAction","target":["https:\/\/gambling6.com\/et\/loterii\/hankige-superenalotto-piletid-veebis\/"]}]},{"@type":"ImageObject","inLanguage":"et","@id":"https:\/\/gambling6.com\/et\/loterii\/hankige-superenalotto-piletid-veebis\/#primaryimage","url":"https:\/\/gambling6.com\/wp-content\/uploads\/2022\/04\/2_ticket_superenalotto.jpg","contentUrl":"https:\/\/gambling6.com\/wp-content\/uploads\/2022\/04\/2_ticket_superenalotto.jpg"},{"@type":"BreadcrumbList","@id":"https:\/\/gambling6.com\/et\/loterii\/hankige-superenalotto-piletid-veebis\/#breadcrumb","itemListElement":[{"@type":"ListItem","position":1,"name":"Home","item":"https:\/\/gambling6.com\/et\/home\/"},{"@type":"ListItem","position":2,"name":"Loterii","item":"https:\/\/gambling6.com\/et\/loterii\/"},{"@type":"ListItem","position":3,"name":"Hankige Superenalotto piletid veebis"}]},{"@type":"WebSite","@id":"https:\/\/gambling6.com\/et\/#website","url":"https:\/\/gambling6.com\/et\/","name":"Gambling6","description":"","potentialAction":[{"@type":"SearchAction","target":{"@type":"EntryPoint","urlTemplate":"https:\/\/gambling6.com\/et\/?s={search_term_string}"},"query-input":{"@type":"PropertyValueSpecification","valueRequired":true,"valueName":"search_term_string"}}],"inLanguage":"et"}]}},"_links":{"self":[{"href":"https:\/\/gambling6.com\/et\/wp-json\/wp\/v2\/pages\/9703","targetHints":{"allow":["GET"]}}],"collection":[{"href":"https:\/\/gambling6.com\/et\/wp-json\/wp\/v2\/pages"}],"about":[{"href":"https:\/\/gambling6.com\/et\/wp-json\/wp\/v2\/types\/page"}],"author":[{"embeddable":true,"href":"https:\/\/gambling6.com\/et\/wp-json\/wp\/v2\/users\/1"}],"replies":[{"embeddable":true,"href":"https:\/\/gambling6.com\/et\/wp-json\/wp\/v2\/comments?post=9703"}],"version-history":[{"count":1,"href":"https:\/\/gambling6.com\/et\/wp-json\/wp\/v2\/pages\/9703\/revisions"}],"predecessor-version":[{"id":10931,"href":"https:\/\/gambling6.com\/et\/wp-json\/wp\/v2\/pages\/9703\/revisions\/10931"}],"up":[{"embeddable":true,"href":"https:\/\/gambling6.com\/et\/wp-json\/wp\/v2\/pages\/9277"}],"wp:attachment":[{"href":"https:\/\/gambling6.com\/et\/wp-json\/wp\/v2\/media?parent=9703"}],"curies":[{"name":"wp","href":"https:\/\/api.w.org\/{rel}","templated":true}]}}