{"id":10999,"date":"2025-11-17T10:58:13","date_gmt":"2025-11-17T10:58:13","guid":{"rendered":"https:\/\/gambling6.com\/?page_id=10999"},"modified":"2025-11-17T10:59:38","modified_gmt":"2025-11-17T10:59:38","slug":"888-casinon-arvostelu","status":"publish","type":"page","link":"https:\/\/gambling6.com\/fi\/888-casinon-arvostelu\/","title":{"rendered":"888 Casinon arvostelu"},"content":{"rendered":"<h2>Ei pelkk\u00e4 rulettisivusto &#8211; 888 Casino<\/h2>\n<p>888-nettikasino on vakiintunut tuotemerkki pelialalla. T\u00e4m\u00e4 nettikasino tarjoaa sek\u00e4 fantastisen Flash-pohjaisen kasinon, joka latautuu nopeasti selaimessasi, ett\u00e4 mahdollisuuden ladata peliohjelmiston pelien k\u00e4ytt\u00e4miseksi. Pelaajat suosivat ladattavaa versiota, koska se tarjoaa yhten\u00e4isen tuntuman ja ulkoasun kaikissa peleiss\u00e4.<br \/>\n<a href=\"https:\/\/ic.aff-handler.com\/C\/45871?sr=1064399&amp;anid=\" rel=\"nofollow\"><img decoding=\"async\" class=\"aligncenter\" src=\"https:\/\/ic.aff-handler.com\/I\/45871?sr=1064399&amp;anid=\" \/><\/a><\/p>\n<h2>888-rulettipelit<\/h2>\n<p>T\u00e4ss\u00e4 kasinossa voit nauttia kaikenlaisista ruleteista eurooppalaisesta ruletista 3D-rulettiin. Tarjolla on my\u00f6s ilmaisia \u200b\u200brulettipelej\u00e4, joissa voit oppia pelin s\u00e4\u00e4nn\u00f6t, jos olet uusi pelin parissa. Kasinon t\u00e4rkein vetonaula on live-ruletti. Voit valita kolmesta yhden nollan p\u00f6yd\u00e4st\u00e4: eurooppalainen, ranskalainen ja venetsialainen ruletti (italiaa puhuva jakaja).<\/p>\n<p>Panosalue alkaa yhdest\u00e4 ja p\u00e4\u00e4ttyy 200:aan. Hyv\u00e4ksytyt valuutat ovat USD, euro ja GBP. Peli tarjoaa pelaajille upean estetiikan. Parasta on, ett\u00e4 pelaajat voivat pelata sit\u00e4 selaimessa lataamatta mit\u00e4\u00e4n ohjelmistoja. Peliss\u00e4 on kaksi n\u00e4kym\u00e4\u00e4: klassinen ja 3D-n\u00e4kym\u00e4. Pelist\u00e4 l\u00f6ytyy kaikkea, eik\u00e4 kukaan ruletin yst\u00e4v\u00e4 voisi toivoa enemp\u00e4\u00e4.<\/p>\n<p>Mutta rulettipelien lis\u00e4ksi l\u00f6yd\u00e4t t\u00e4\u00e4lt\u00e4 kaikenlaisia \u200b\u200bnettipelej\u00e4 rahasta. Pokeri, vedonly\u00f6nti, bingo, raaputusarvat, kolikkopelit, blackjack &#8211; mit\u00e4 ikin\u00e4 keksitkin, heill\u00e4 on sit\u00e4!<\/p>\n<h2>888 security<\/h2>\n<p>T\u00e4m\u00e4 Gibraltarilla p\u00e4\u00e4konttoriaan pit\u00e4v\u00e4 kasino suhtautuu j\u00e4sentens\u00e4 henkil\u00f6tietojen suojaamiseen eritt\u00e4in vakavasti. He noudattavat tiukkoja turvallisuusprotokollia pit\u00e4\u00e4kseen tiedot ja tiedot turvassa kyberrikollisilta hy\u00f6kk\u00e4yksilt\u00e4. Kasino on ylpe\u00e4 useista turvallisuussertifikaateistaan. He tarjoavat 20 talletusmenetelm\u00e4\u00e4, mukaan lukien alan luotettavimmat nimet, kuten Visa ja Neteller. Kasinon on yll\u00e4pidett\u00e4v\u00e4 korkeaa turvallisuustasoa, sill\u00e4 pelaajien on luovutettava vahvistusasiakirjat petosten est\u00e4miseksi, ja tiedot ovat arkaluonteisia. T\u00e4llaisten poikkeuksellisten turvatoimenpiteiden ansiosta pelaajat voivat nauttia pelist\u00e4 huoletta.<\/p>\n<h2>888 Casinon bonukset ja kampanjat<\/h2>\n<p>Pelien lis\u00e4ksi seuraavaksi useimmat kasinopelaajat ovat kiinnostuneita bonuksista ja kampanjoista. 888 tarjoaa upeita kampanjoita s\u00e4\u00e4nn\u00f6llisin v\u00e4liajoin. He tarjoavat anteliaan liittymisbonuksen kaikille uusille pelaajille. Voit k\u00e4ytt\u00e4\u00e4 sit\u00e4 miss\u00e4 tahansa kasinon peliosiossa. Kun pelaat rulettia ensimm\u00e4ist\u00e4 kertaa, sinut toivotetaan tervetulleeksi 1500 euron liittymisbonuksella. Kasinolla on my\u00f6s suosittelukampanja, jossa voit ansaita palkintoja kutsumalla yst\u00e4vi\u00e4 liittym\u00e4\u00e4n. Kaiken kaikkiaan 888 Casino on hauska paikka kaikille rulettiharrastajille. Jokainen uhkapelifani voi nauttia ja pit\u00e4\u00e4 hauskaa t\u00e4ss\u00e4 kasinossa!<\/p>\n","protected":false},"excerpt":{"rendered":"<p>Ei pelkk\u00e4 rulettisivusto &#8211; 888 Casino 888-nettikasino on vakiintunut tuotemerkki pelialalla. T\u00e4m\u00e4 nettikasino tarjoaa sek\u00e4 fantastisen Flash-pohjaisen kasinon, joka latautuu nopeasti selaimessasi, ett\u00e4 mahdollisuuden ladata peliohjelmiston pelien k\u00e4ytt\u00e4miseksi. Pelaajat suosivat ladattavaa versiota, koska se tarjoaa yhten\u00e4isen tuntuman ja ulkoasun kaikissa peleiss\u00e4. 888-rulettipelit T\u00e4ss\u00e4 kasinossa voit nauttia kaikenlaisista ruleteista eurooppalaisesta ruletista 3D-rulettiin. Tarjolla on my\u00f6s ilmaisia [&hellip;]<\/p>\n","protected":false},"author":1,"featured_media":0,"parent":0,"menu_order":3,"comment_status":"closed","ping_status":"closed","template":"","meta":{"footnotes":""},"class_list":["post-10999","page","type-page","status-publish","hentry"],"yoast_head":"<!-- This site is optimized with the Yoast SEO plugin v27.3 - https:\/\/yoast.com\/product\/yoast-seo-wordpress\/ -->\n<title>888 Casinon arvostelu - Gambling6<\/title>\n<meta name=\"robots\" content=\"index, follow, max-snippet:-1, max-image-preview:large, max-video-preview:-1\" \/>\n<link rel=\"canonical\" href=\"https:\/\/gambling6.com\/fi\/888-casinon-arvostelu\/\" \/>\n<meta property=\"og:locale\" content=\"fi_FI\" \/>\n<meta property=\"og:type\" content=\"article\" \/>\n<meta property=\"og:title\" content=\"888 Casinon arvostelu - Gambling6\" \/>\n<meta property=\"og:description\" content=\"Ei pelkk\u00e4 rulettisivusto &#8211; 888 Casino 888-nettikasino on vakiintunut tuotemerkki pelialalla. T\u00e4m\u00e4 nettikasino tarjoaa sek\u00e4 fantastisen Flash-pohjaisen kasinon, joka latautuu nopeasti selaimessasi, ett\u00e4 mahdollisuuden ladata peliohjelmiston pelien k\u00e4ytt\u00e4miseksi. Pelaajat suosivat ladattavaa versiota, koska se tarjoaa yhten\u00e4isen tuntuman ja ulkoasun kaikissa peleiss\u00e4. 888-rulettipelit T\u00e4ss\u00e4 kasinossa voit nauttia kaikenlaisista ruleteista eurooppalaisesta ruletista 3D-rulettiin. Tarjolla on my\u00f6s ilmaisia [&hellip;]\" \/>\n<meta property=\"og:url\" content=\"https:\/\/gambling6.com\/fi\/888-casinon-arvostelu\/\" \/>\n<meta property=\"og:site_name\" content=\"Gambling6\" \/>\n<meta property=\"article:modified_time\" content=\"2025-11-17T10:59:38+00:00\" \/>\n<meta property=\"og:image\" content=\"https:\/\/ic.aff-handler.com\/I\/45871?sr=1064399&amp;anid=\" \/>\n<meta name=\"twitter:card\" content=\"summary_large_image\" \/>\n<meta name=\"twitter:label1\" content=\"Arvioitu lukuaika\" \/>\n\t<meta name=\"twitter:data1\" content=\"2 minuuttia\" \/>\n<script type=\"application\/ld+json\" class=\"yoast-schema-graph\">{\"@context\":\"https:\\\/\\\/schema.org\",\"@graph\":[{\"@type\":\"WebPage\",\"@id\":\"https:\\\/\\\/gambling6.com\\\/fi\\\/888-casinon-arvostelu\\\/\",\"url\":\"https:\\\/\\\/gambling6.com\\\/fi\\\/888-casinon-arvostelu\\\/\",\"name\":\"888 Casinon arvostelu - Gambling6\",\"isPartOf\":{\"@id\":\"https:\\\/\\\/gambling6.com\\\/fi\\\/#website\"},\"primaryImageOfPage\":{\"@id\":\"https:\\\/\\\/gambling6.com\\\/fi\\\/888-casinon-arvostelu\\\/#primaryimage\"},\"image\":{\"@id\":\"https:\\\/\\\/gambling6.com\\\/fi\\\/888-casinon-arvostelu\\\/#primaryimage\"},\"thumbnailUrl\":\"https:\\\/\\\/ic.aff-handler.com\\\/I\\\/45871?sr=1064399&amp;anid=\",\"datePublished\":\"2025-11-17T10:58:13+00:00\",\"dateModified\":\"2025-11-17T10:59:38+00:00\",\"breadcrumb\":{\"@id\":\"https:\\\/\\\/gambling6.com\\\/fi\\\/888-casinon-arvostelu\\\/#breadcrumb\"},\"inLanguage\":\"fi\",\"potentialAction\":[{\"@type\":\"ReadAction\",\"target\":[\"https:\\\/\\\/gambling6.com\\\/fi\\\/888-casinon-arvostelu\\\/\"]}]},{\"@type\":\"ImageObject\",\"inLanguage\":\"fi\",\"@id\":\"https:\\\/\\\/gambling6.com\\\/fi\\\/888-casinon-arvostelu\\\/#primaryimage\",\"url\":\"https:\\\/\\\/ic.aff-handler.com\\\/I\\\/45871?sr=1064399&amp;anid=\",\"contentUrl\":\"https:\\\/\\\/ic.aff-handler.com\\\/I\\\/45871?sr=1064399&amp;anid=\"},{\"@type\":\"BreadcrumbList\",\"@id\":\"https:\\\/\\\/gambling6.com\\\/fi\\\/888-casinon-arvostelu\\\/#breadcrumb\",\"itemListElement\":[{\"@type\":\"ListItem\",\"position\":1,\"name\":\"Home\",\"item\":\"https:\\\/\\\/gambling6.com\\\/fi\\\/home\\\/\"},{\"@type\":\"ListItem\",\"position\":2,\"name\":\"888 Casinon arvostelu\"}]},{\"@type\":\"WebSite\",\"@id\":\"https:\\\/\\\/gambling6.com\\\/fi\\\/#website\",\"url\":\"https:\\\/\\\/gambling6.com\\\/fi\\\/\",\"name\":\"Gambling6\",\"description\":\"\",\"potentialAction\":[{\"@type\":\"SearchAction\",\"target\":{\"@type\":\"EntryPoint\",\"urlTemplate\":\"https:\\\/\\\/gambling6.com\\\/fi\\\/?s={search_term_string}\"},\"query-input\":{\"@type\":\"PropertyValueSpecification\",\"valueRequired\":true,\"valueName\":\"search_term_string\"}}],\"inLanguage\":\"fi\"}]}<\/script>\n<!-- \/ Yoast SEO plugin. -->","yoast_head_json":{"title":"888 Casinon arvostelu - Gambling6","robots":{"index":"index","follow":"follow","max-snippet":"max-snippet:-1","max-image-preview":"max-image-preview:large","max-video-preview":"max-video-preview:-1"},"canonical":"https:\/\/gambling6.com\/fi\/888-casinon-arvostelu\/","og_locale":"fi_FI","og_type":"article","og_title":"888 Casinon arvostelu - Gambling6","og_description":"Ei pelkk\u00e4 rulettisivusto &#8211; 888 Casino 888-nettikasino on vakiintunut tuotemerkki pelialalla. T\u00e4m\u00e4 nettikasino tarjoaa sek\u00e4 fantastisen Flash-pohjaisen kasinon, joka latautuu nopeasti selaimessasi, ett\u00e4 mahdollisuuden ladata peliohjelmiston pelien k\u00e4ytt\u00e4miseksi. Pelaajat suosivat ladattavaa versiota, koska se tarjoaa yhten\u00e4isen tuntuman ja ulkoasun kaikissa peleiss\u00e4. 888-rulettipelit T\u00e4ss\u00e4 kasinossa voit nauttia kaikenlaisista ruleteista eurooppalaisesta ruletista 3D-rulettiin. Tarjolla on my\u00f6s ilmaisia [&hellip;]","og_url":"https:\/\/gambling6.com\/fi\/888-casinon-arvostelu\/","og_site_name":"Gambling6","article_modified_time":"2025-11-17T10:59:38+00:00","og_image":[{"url":"https:\/\/ic.aff-handler.com\/I\/45871?sr=1064399&amp;anid=","type":"","width":"","height":""}],"twitter_card":"summary_large_image","twitter_misc":{"Arvioitu lukuaika":"2 minuuttia"},"schema":{"@context":"https:\/\/schema.org","@graph":[{"@type":"WebPage","@id":"https:\/\/gambling6.com\/fi\/888-casinon-arvostelu\/","url":"https:\/\/gambling6.com\/fi\/888-casinon-arvostelu\/","name":"888 Casinon arvostelu - Gambling6","isPartOf":{"@id":"https:\/\/gambling6.com\/fi\/#website"},"primaryImageOfPage":{"@id":"https:\/\/gambling6.com\/fi\/888-casinon-arvostelu\/#primaryimage"},"image":{"@id":"https:\/\/gambling6.com\/fi\/888-casinon-arvostelu\/#primaryimage"},"thumbnailUrl":"https:\/\/ic.aff-handler.com\/I\/45871?sr=1064399&amp;anid=","datePublished":"2025-11-17T10:58:13+00:00","dateModified":"2025-11-17T10:59:38+00:00","breadcrumb":{"@id":"https:\/\/gambling6.com\/fi\/888-casinon-arvostelu\/#breadcrumb"},"inLanguage":"fi","potentialAction":[{"@type":"ReadAction","target":["https:\/\/gambling6.com\/fi\/888-casinon-arvostelu\/"]}]},{"@type":"ImageObject","inLanguage":"fi","@id":"https:\/\/gambling6.com\/fi\/888-casinon-arvostelu\/#primaryimage","url":"https:\/\/ic.aff-handler.com\/I\/45871?sr=1064399&amp;anid=","contentUrl":"https:\/\/ic.aff-handler.com\/I\/45871?sr=1064399&amp;anid="},{"@type":"BreadcrumbList","@id":"https:\/\/gambling6.com\/fi\/888-casinon-arvostelu\/#breadcrumb","itemListElement":[{"@type":"ListItem","position":1,"name":"Home","item":"https:\/\/gambling6.com\/fi\/home\/"},{"@type":"ListItem","position":2,"name":"888 Casinon arvostelu"}]},{"@type":"WebSite","@id":"https:\/\/gambling6.com\/fi\/#website","url":"https:\/\/gambling6.com\/fi\/","name":"Gambling6","description":"","potentialAction":[{"@type":"SearchAction","target":{"@type":"EntryPoint","urlTemplate":"https:\/\/gambling6.com\/fi\/?s={search_term_string}"},"query-input":{"@type":"PropertyValueSpecification","valueRequired":true,"valueName":"search_term_string"}}],"inLanguage":"fi"}]}},"_links":{"self":[{"href":"https:\/\/gambling6.com\/fi\/wp-json\/wp\/v2\/pages\/10999","targetHints":{"allow":["GET"]}}],"collection":[{"href":"https:\/\/gambling6.com\/fi\/wp-json\/wp\/v2\/pages"}],"about":[{"href":"https:\/\/gambling6.com\/fi\/wp-json\/wp\/v2\/types\/page"}],"author":[{"embeddable":true,"href":"https:\/\/gambling6.com\/fi\/wp-json\/wp\/v2\/users\/1"}],"replies":[{"embeddable":true,"href":"https:\/\/gambling6.com\/fi\/wp-json\/wp\/v2\/comments?post=10999"}],"version-history":[{"count":1,"href":"https:\/\/gambling6.com\/fi\/wp-json\/wp\/v2\/pages\/10999\/revisions"}],"predecessor-version":[{"id":11001,"href":"https:\/\/gambling6.com\/fi\/wp-json\/wp\/v2\/pages\/10999\/revisions\/11001"}],"wp:attachment":[{"href":"https:\/\/gambling6.com\/fi\/wp-json\/wp\/v2\/media?parent=10999"}],"curies":[{"name":"wp","href":"https:\/\/api.w.org\/{rel}","templated":true}]}}