{"id":11051,"date":"2025-11-17T12:03:14","date_gmt":"2025-11-17T12:03:14","guid":{"rendered":"https:\/\/gambling6.com\/kuinka-hyva-redfoxlotto-on\/"},"modified":"2025-11-17T12:03:14","modified_gmt":"2025-11-17T12:03:14","slug":"kuinka-hyva-redfoxlotto-on","status":"publish","type":"page","link":"https:\/\/gambling6.com\/fi\/kuinka-hyva-redfoxlotto-on\/","title":{"rendered":"Kuinka hyv\u00e4 RedFoxLotto on?"},"content":{"rendered":"<h2>RedFoxLotto-arvostelu<\/h2>\n<p><strong>RedFoxLotto<\/strong>on eritt\u00e4in k\u00e4ytt\u00e4j\u00e4yst\u00e4v\u00e4llinen, turvallinen ja suojattu alusta kaikkien maailmanlaajuisten suurimpien lottopelien lippujen ostamiseen verkossa. RedFoxLotto-verkkosivustolla voit pelata monia maailmanlaajuisia lottoja, ja lippuja voi tilata 24 tuntia vuorokaudessa, seitsem\u00e4n\u00e4 p\u00e4iv\u00e4n\u00e4 viikossa. Tilin luominen, rahan tallettaminen ja kansainv\u00e4listen lottopelien pelaamisen aloittaminen on helppoa muutamassa minuutissa.<\/p>\n<h2>Pid\u00e4t kaikki voittamasi rahat RedFoxLottossa<\/h2>\n<p>RedFoxLotto k\u00e4ytt\u00e4\u00e4 maailmanlaajuisesti lottol\u00e4hettej\u00e4, jotka ostavat puolestasi lippuja lottoihin, joita haluat pelata. Kun liput on ostettu ja ne skannataan ja ladataan tilillesi ennen arvontaa, t\u00e4m\u00e4 menetelm\u00e4 varmistaa, ett\u00e4 n\u00e4et lippusi ja saat 100 % voitoistasi. RedFoxLotto ei ota prosenttiosuutta voitoistasi; kaikki maksut sis\u00e4ltyv\u00e4t lippujesi hintaan.<\/p>\n<h2>Lippuja saatavilla kaikkiin t\u00e4rkeimpiin lottoihin<\/h2>\n<p><strong>L\u00f6yd\u00e4t lippuja kaikkiin t\u00e4rkeimpiin maailmanlaajuisiin lottoihin, kuten Mega Millionsiin, Powerball USA:han, Eurojackpotiin, Euro Millionsiin ja muihin.<\/strong> Asuinmaallasi riippumatta voit ostaa lippuja kaikkiin t\u00e4rkeimpiin lottoihin maailmanlaajuisesti. Sinun tarvitsee vain kirjautua tilillesi, valita RedFoxLotto, jota haluat pelata, valita numerot, joita haluat pelata, ja odottaa arvontaa. RedFoxLotto l\u00e4hett\u00e4\u00e4 sinulle ilmoituksia voitoista.<br \/>\nVoittojen nouto RedFoxLottossa on helppoa<\/p>\n<p><strong>RedFoxLotto l\u00e4hett\u00e4\u00e4 sinulle ilmoituksen s\u00e4hk\u00f6postitse tai soittaa sinulle, jos palkinto on suurempi, ilmoittaakseen voitoistasi.<\/strong> Voitot aina 2000 euroon asti talletetaan tilillesi automaattisesti. Jos satut voittamaan yli 2000 euron palkinnon, RedFoxLotto-maksujen k\u00e4sittelyasiantuntijat opastavat sinua tarvittavien vaiheiden l\u00e4pi voittojen lunastamiseksi. P\u00e4\u00e4palkinnon voittajat voivat valita, ett\u00e4 RedFoxLotto toimii heid\u00e4n puolestaan, tai jos haluat, voit matkustaa noutamaan voittosi henkil\u00f6kohtaisesti. Olemme varmoja, ett\u00e4 jos sinusta tulee monimiljoonan dollarin voittaja, sinulla ei ole vaikeuksia ryhty\u00e4 tarvittaviin toimiin voittojen lunastamiseksi.<\/p>\n<h2>Verkkoarpajaisten maksaminen<\/h2>\n<p>RedFoxLotto tarjoaa monia turvallisia maksuvaihtoehtoja asuinmaasta riippumatta.<strong> He hyv\u00e4ksyv\u00e4t Visan, MasterCardin, American Expressin, Skrillin, Netellerin, pikapankkisiirron, kryptovaluutan ja useita muita nettilompakkotuotteita.<\/strong> Voit valita, talletetaanko voittosi mill\u00e4 tahansa n\u00e4ist\u00e4 menetelmist\u00e4 vai siirret\u00e4\u00e4nk\u00f6 rahat suoraan pankkitilillesi.<\/p>\n<p>RedFoxLotto edustaa vuosittain miljoonien dollarien voittajia ja tarjoaa 100 %:n maksutakuun. Huomaat, ett\u00e4 jos sinulla on kysytt\u00e4v\u00e4\u00e4, RedFoxLotto.com-sivuston omistautuneisiin asiakaspalveluedustajiin on helppo ottaa yhteytt\u00e4 kellon ymp\u00e4ri. Sinun ei en\u00e4\u00e4 tarvitse k\u00e4yd\u00e4 paikallisissa lottokioskeissa ostaaksesi lippuja paikalliseen lottoosi. Voit ostaa lippuja mukavasti kotoa tai toimistoltasi k\u00e4sin hyviss\u00e4 ajoin kaikkiin lottoihin.<\/p>\n<p><strong>Aloita kansainv\u00e4listen lottojen pelaaminen verkossa jo t\u00e4n\u00e4\u00e4n vierailemalla yhteisty\u00f6kumppanimme RedFoxLotto-sivustolla ja avaamalla henkil\u00f6kohtainen tili.<\/strong> Kun sinulla on tili, l\u00f6yd\u00e4t monia erilaisia \u200b\u200bbonustarjouksia ja erityisi\u00e4 lippujen osto-ohjelmia, jotka tekev\u00e4t lottopelaamisesta hauskaa ja kannattavaa.<\/p>\n<p><a class=\"thirstylink\" title=\"Redfoxlotto\" href=\"https:\/\/gambling6.com\/go\/redfoxlotto\/\" target=\"_blank\" rel=\"nofollow noopener\">Klikkaa t\u00e4st\u00e4 nyt luodaksesi henkil\u00f6kohtaisen RedFoxLotto-tilisi<\/a> verkossaja sinusta voi tulla multimiljon\u00e4\u00e4ri yhdess\u00e4 y\u00f6ss\u00e4.<\/p>\n","protected":false},"excerpt":{"rendered":"<p>RedFoxLotto-arvostelu RedFoxLottoon eritt\u00e4in k\u00e4ytt\u00e4j\u00e4yst\u00e4v\u00e4llinen, turvallinen ja suojattu alusta kaikkien maailmanlaajuisten suurimpien lottopelien lippujen ostamiseen verkossa. RedFoxLotto-verkkosivustolla voit pelata monia maailmanlaajuisia lottoja, ja lippuja voi tilata 24 tuntia vuorokaudessa, seitsem\u00e4n\u00e4 p\u00e4iv\u00e4n\u00e4 viikossa. Tilin luominen, rahan tallettaminen ja kansainv\u00e4listen lottopelien pelaamisen aloittaminen on helppoa muutamassa minuutissa. Pid\u00e4t kaikki voittamasi rahat RedFoxLottossa RedFoxLotto k\u00e4ytt\u00e4\u00e4 maailmanlaajuisesti lottol\u00e4hettej\u00e4, jotka ostavat [&hellip;]<\/p>\n","protected":false},"author":1,"featured_media":0,"parent":0,"menu_order":1,"comment_status":"closed","ping_status":"closed","template":"","meta":{"footnotes":""},"class_list":["post-11051","page","type-page","status-publish","hentry"],"yoast_head":"<!-- This site is optimized with the Yoast SEO plugin v27.4 - https:\/\/yoast.com\/product\/yoast-seo-wordpress\/ -->\n<title>RedFoxLotto-arvostelu<\/title>\n<meta name=\"description\" content=\"RedFoxLotto.com-sivustolta voit ostaa kansainv\u00e4listen lottopelien, kuten Powerballin ja Mega Millionsin, lippuja verkossa. Lue RedFoxlotto-arvostelumme.\" \/>\n<meta name=\"robots\" content=\"index, follow, max-snippet:-1, max-image-preview:large, max-video-preview:-1\" \/>\n<link rel=\"canonical\" href=\"https:\/\/gambling6.com\/fi\/kuinka-hyva-redfoxlotto-on\/\" \/>\n<meta property=\"og:locale\" content=\"fi_FI\" \/>\n<meta property=\"og:type\" content=\"article\" \/>\n<meta property=\"og:title\" content=\"RedFoxLotto-arvostelu\" \/>\n<meta property=\"og:description\" content=\"RedFoxLotto.com-sivustolta voit ostaa kansainv\u00e4listen lottopelien, kuten Powerballin ja Mega Millionsin, lippuja verkossa. Lue RedFoxlotto-arvostelumme.\" \/>\n<meta property=\"og:url\" content=\"https:\/\/gambling6.com\/fi\/kuinka-hyva-redfoxlotto-on\/\" \/>\n<meta property=\"og:site_name\" content=\"Gambling6\" \/>\n<meta property=\"article:published_time\" content=\"2025-11-17T12:03:14+00:00\" \/>\n<meta name=\"author\" content=\"Catfish\" \/>\n<meta name=\"twitter:card\" content=\"summary_large_image\" \/>\n<meta name=\"twitter:label1\" content=\"Kirjoittanut\" \/>\n\t<meta name=\"twitter:data1\" content=\"Catfish\" \/>\n\t<meta name=\"twitter:label2\" content=\"Arvioitu lukuaika\" \/>\n\t<meta name=\"twitter:data2\" content=\"2 minuuttia\" \/>\n<script type=\"application\/ld+json\" class=\"yoast-schema-graph\">{\"@context\":\"https:\\\/\\\/schema.org\",\"@graph\":[{\"@type\":\"Article\",\"@id\":\"https:\\\/\\\/gambling6.com\\\/fi\\\/kuinka-hyva-redfoxlotto-on\\\/#article\",\"isPartOf\":{\"@id\":\"https:\\\/\\\/gambling6.com\\\/fi\\\/kuinka-hyva-redfoxlotto-on\\\/\"},\"author\":{\"name\":\"Catfish\",\"@id\":\"https:\\\/\\\/gambling6.com\\\/fi\\\/#\\\/schema\\\/person\\\/d093de87a44a018ef67117d02d86ddaf\"},\"headline\":\"Kuinka hyv\u00e4 RedFoxLotto on?\",\"datePublished\":\"2025-11-17T12:03:14+00:00\",\"mainEntityOfPage\":{\"@id\":\"https:\\\/\\\/gambling6.com\\\/fi\\\/kuinka-hyva-redfoxlotto-on\\\/\"},\"wordCount\":406,\"articleSection\":[\"Lottostrategia\",\"Lottouutiset\",\"Pelaa kansainv\u00e4lisi\u00e4 lottoja verkossa\",\"Uhkapelisivustojen arvostelut\"],\"inLanguage\":\"fi\"},{\"@type\":\"WebPage\",\"@id\":\"https:\\\/\\\/gambling6.com\\\/fi\\\/kuinka-hyva-redfoxlotto-on\\\/\",\"url\":\"https:\\\/\\\/gambling6.com\\\/fi\\\/kuinka-hyva-redfoxlotto-on\\\/\",\"name\":\"RedFoxLotto-arvostelu\",\"isPartOf\":{\"@id\":\"https:\\\/\\\/gambling6.com\\\/fi\\\/#website\"},\"datePublished\":\"2025-11-17T12:03:14+00:00\",\"author\":{\"@id\":\"https:\\\/\\\/gambling6.com\\\/fi\\\/#\\\/schema\\\/person\\\/d093de87a44a018ef67117d02d86ddaf\"},\"description\":\"RedFoxLotto.com-sivustolta voit ostaa kansainv\u00e4listen lottopelien, kuten Powerballin ja Mega Millionsin, lippuja verkossa. Lue RedFoxlotto-arvostelumme.\",\"breadcrumb\":{\"@id\":\"https:\\\/\\\/gambling6.com\\\/fi\\\/kuinka-hyva-redfoxlotto-on\\\/#breadcrumb\"},\"inLanguage\":\"fi\",\"potentialAction\":[{\"@type\":\"ReadAction\",\"target\":[\"https:\\\/\\\/gambling6.com\\\/fi\\\/kuinka-hyva-redfoxlotto-on\\\/\"]}]},{\"@type\":\"BreadcrumbList\",\"@id\":\"https:\\\/\\\/gambling6.com\\\/fi\\\/kuinka-hyva-redfoxlotto-on\\\/#breadcrumb\",\"itemListElement\":[{\"@type\":\"ListItem\",\"position\":1,\"name\":\"Home\",\"item\":\"https:\\\/\\\/gambling6.com\\\/fi\\\/home\\\/\"},{\"@type\":\"ListItem\",\"position\":2,\"name\":\"Kuinka hyv\u00e4 RedFoxLotto on?\"}]},{\"@type\":\"WebSite\",\"@id\":\"https:\\\/\\\/gambling6.com\\\/fi\\\/#website\",\"url\":\"https:\\\/\\\/gambling6.com\\\/fi\\\/\",\"name\":\"Gambling6\",\"description\":\"\",\"potentialAction\":[{\"@type\":\"SearchAction\",\"target\":{\"@type\":\"EntryPoint\",\"urlTemplate\":\"https:\\\/\\\/gambling6.com\\\/fi\\\/?s={search_term_string}\"},\"query-input\":{\"@type\":\"PropertyValueSpecification\",\"valueRequired\":true,\"valueName\":\"search_term_string\"}}],\"inLanguage\":\"fi\"},{\"@type\":\"Person\",\"@id\":\"https:\\\/\\\/gambling6.com\\\/fi\\\/#\\\/schema\\\/person\\\/d093de87a44a018ef67117d02d86ddaf\",\"name\":\"Catfish\",\"image\":{\"@type\":\"ImageObject\",\"inLanguage\":\"fi\",\"@id\":\"https:\\\/\\\/secure.gravatar.com\\\/avatar\\\/32edfa28ccbf005c231538b245a2670a36c7f33f2d3a9ab09e50843b363f2821?s=96&d=mm&r=g\",\"url\":\"https:\\\/\\\/secure.gravatar.com\\\/avatar\\\/32edfa28ccbf005c231538b245a2670a36c7f33f2d3a9ab09e50843b363f2821?s=96&d=mm&r=g\",\"contentUrl\":\"https:\\\/\\\/secure.gravatar.com\\\/avatar\\\/32edfa28ccbf005c231538b245a2670a36c7f33f2d3a9ab09e50843b363f2821?s=96&d=mm&r=g\",\"caption\":\"Catfish\"},\"sameAs\":[\"http:\\\/\\\/gambling6.com\"],\"url\":\"https:\\\/\\\/gambling6.com\\\/fi\\\/author\\\/catfish\\\/\"}]}<\/script>\n<!-- \/ Yoast SEO plugin. -->","yoast_head_json":{"title":"RedFoxLotto-arvostelu","description":"RedFoxLotto.com-sivustolta voit ostaa kansainv\u00e4listen lottopelien, kuten Powerballin ja Mega Millionsin, lippuja verkossa. Lue RedFoxlotto-arvostelumme.","robots":{"index":"index","follow":"follow","max-snippet":"max-snippet:-1","max-image-preview":"max-image-preview:large","max-video-preview":"max-video-preview:-1"},"canonical":"https:\/\/gambling6.com\/fi\/kuinka-hyva-redfoxlotto-on\/","og_locale":"fi_FI","og_type":"article","og_title":"RedFoxLotto-arvostelu","og_description":"RedFoxLotto.com-sivustolta voit ostaa kansainv\u00e4listen lottopelien, kuten Powerballin ja Mega Millionsin, lippuja verkossa. Lue RedFoxlotto-arvostelumme.","og_url":"https:\/\/gambling6.com\/fi\/kuinka-hyva-redfoxlotto-on\/","og_site_name":"Gambling6","article_published_time":"2025-11-17T12:03:14+00:00","author":"Catfish","twitter_card":"summary_large_image","twitter_misc":{"Kirjoittanut":"Catfish","Arvioitu lukuaika":"2 minuuttia"},"schema":{"@context":"https:\/\/schema.org","@graph":[{"@type":"Article","@id":"https:\/\/gambling6.com\/fi\/kuinka-hyva-redfoxlotto-on\/#article","isPartOf":{"@id":"https:\/\/gambling6.com\/fi\/kuinka-hyva-redfoxlotto-on\/"},"author":{"name":"Catfish","@id":"https:\/\/gambling6.com\/fi\/#\/schema\/person\/d093de87a44a018ef67117d02d86ddaf"},"headline":"Kuinka hyv\u00e4 RedFoxLotto on?","datePublished":"2025-11-17T12:03:14+00:00","mainEntityOfPage":{"@id":"https:\/\/gambling6.com\/fi\/kuinka-hyva-redfoxlotto-on\/"},"wordCount":406,"articleSection":["Lottostrategia","Lottouutiset","Pelaa kansainv\u00e4lisi\u00e4 lottoja verkossa","Uhkapelisivustojen arvostelut"],"inLanguage":"fi"},{"@type":"WebPage","@id":"https:\/\/gambling6.com\/fi\/kuinka-hyva-redfoxlotto-on\/","url":"https:\/\/gambling6.com\/fi\/kuinka-hyva-redfoxlotto-on\/","name":"RedFoxLotto-arvostelu","isPartOf":{"@id":"https:\/\/gambling6.com\/fi\/#website"},"datePublished":"2025-11-17T12:03:14+00:00","author":{"@id":"https:\/\/gambling6.com\/fi\/#\/schema\/person\/d093de87a44a018ef67117d02d86ddaf"},"description":"RedFoxLotto.com-sivustolta voit ostaa kansainv\u00e4listen lottopelien, kuten Powerballin ja Mega Millionsin, lippuja verkossa. Lue RedFoxlotto-arvostelumme.","breadcrumb":{"@id":"https:\/\/gambling6.com\/fi\/kuinka-hyva-redfoxlotto-on\/#breadcrumb"},"inLanguage":"fi","potentialAction":[{"@type":"ReadAction","target":["https:\/\/gambling6.com\/fi\/kuinka-hyva-redfoxlotto-on\/"]}]},{"@type":"BreadcrumbList","@id":"https:\/\/gambling6.com\/fi\/kuinka-hyva-redfoxlotto-on\/#breadcrumb","itemListElement":[{"@type":"ListItem","position":1,"name":"Home","item":"https:\/\/gambling6.com\/fi\/home\/"},{"@type":"ListItem","position":2,"name":"Kuinka hyv\u00e4 RedFoxLotto on?"}]},{"@type":"WebSite","@id":"https:\/\/gambling6.com\/fi\/#website","url":"https:\/\/gambling6.com\/fi\/","name":"Gambling6","description":"","potentialAction":[{"@type":"SearchAction","target":{"@type":"EntryPoint","urlTemplate":"https:\/\/gambling6.com\/fi\/?s={search_term_string}"},"query-input":{"@type":"PropertyValueSpecification","valueRequired":true,"valueName":"search_term_string"}}],"inLanguage":"fi"},{"@type":"Person","@id":"https:\/\/gambling6.com\/fi\/#\/schema\/person\/d093de87a44a018ef67117d02d86ddaf","name":"Catfish","image":{"@type":"ImageObject","inLanguage":"fi","@id":"https:\/\/secure.gravatar.com\/avatar\/32edfa28ccbf005c231538b245a2670a36c7f33f2d3a9ab09e50843b363f2821?s=96&d=mm&r=g","url":"https:\/\/secure.gravatar.com\/avatar\/32edfa28ccbf005c231538b245a2670a36c7f33f2d3a9ab09e50843b363f2821?s=96&d=mm&r=g","contentUrl":"https:\/\/secure.gravatar.com\/avatar\/32edfa28ccbf005c231538b245a2670a36c7f33f2d3a9ab09e50843b363f2821?s=96&d=mm&r=g","caption":"Catfish"},"sameAs":["http:\/\/gambling6.com"],"url":"https:\/\/gambling6.com\/fi\/author\/catfish\/"}]}},"_links":{"self":[{"href":"https:\/\/gambling6.com\/fi\/wp-json\/wp\/v2\/pages\/11051","targetHints":{"allow":["GET"]}}],"collection":[{"href":"https:\/\/gambling6.com\/fi\/wp-json\/wp\/v2\/pages"}],"about":[{"href":"https:\/\/gambling6.com\/fi\/wp-json\/wp\/v2\/types\/page"}],"author":[{"embeddable":true,"href":"https:\/\/gambling6.com\/fi\/wp-json\/wp\/v2\/users\/1"}],"replies":[{"embeddable":true,"href":"https:\/\/gambling6.com\/fi\/wp-json\/wp\/v2\/comments?post=11051"}],"version-history":[{"count":0,"href":"https:\/\/gambling6.com\/fi\/wp-json\/wp\/v2\/pages\/11051\/revisions"}],"wp:attachment":[{"href":"https:\/\/gambling6.com\/fi\/wp-json\/wp\/v2\/media?parent=11051"}],"curies":[{"name":"wp","href":"https:\/\/api.w.org\/{rel}","templated":true}]}}