{"id":11087,"date":"2025-11-17T14:56:32","date_gmt":"2025-11-17T14:56:32","guid":{"rendered":"https:\/\/gambling6.com\/menestys-nettibingossa\/"},"modified":"2025-11-17T16:34:15","modified_gmt":"2025-11-17T16:34:15","slug":"menestys-nettibingossa","status":"publish","type":"page","link":"https:\/\/gambling6.com\/fi\/bingo\/menestys-nettibingossa\/","title":{"rendered":"Menestys nettibingossa"},"content":{"rendered":"<h2>Pelaa nettibingoa oikealla strategialla<\/h2>\n<p>Internetin kehityksen ansiosta voit nauttia viihdytt\u00e4v\u00e4st\u00e4 bingopelist\u00e4 suoraan kotisi mukavuuksista. Parasta on, ett\u00e4 voit pelata peli\u00e4 milloin tahansa. T\u00e4st\u00e4 syyst\u00e4 nettibingosta on tullut niin suosittu ihmisten, erityisesti naisten, keskuudessa. Jos olet aloittelija, \u00e4l\u00e4 huoli, voit oppia pelin kokeilemalla sit\u00e4 ensin ilmaisella bingosivustolla. <a class=\"thirstylink\" title=\"Bingo Billy en\" href=\"https:\/\/gambling6.com\/go\/bingobilly-en\/\" target=\"_blank\" rel=\"nofollow noopener\">Hyv\u00e4 paikka aloittaa olisi Bingo Billy &#8211; napsauta t\u00e4st\u00e4 vieraillaksesi.<\/a><\/p>\n<p>Mutta jos pelaat sit\u00e4 verkossa, t\u00e4ss\u00e4 on muutamia vinkkej\u00e4, jotka voivat auttaa sinua lis\u00e4\u00e4m\u00e4\u00e4n voittomahdollisuuksiasi. Lue lis\u00e4\u00e4 saadaksesi lis\u00e4tietoja. Tee nopea tutkimus ja l\u00f6yd\u00e4 bingosivustot, jotka tarjoavat parhaat talletusbonukset. Monet verkkosivustot tarjoavat my\u00f6s tuottoisia liittymisbonuksia. On aina suositeltavaa pelata bingoa luotettavilla kasinosivustoilla. Varmista, ett\u00e4 luet n\u00e4iden kasinosivustojen oikeiden k\u00e4ytt\u00e4jien arvostelut ennen rekister\u00f6itymist\u00e4.<\/p>\n<p><a href=\"https:\/\/record.revenueplanet.com\/_BoBybWC_aAPUOsjNOfgKefwM06wa-Rwt\/1\/\" target=\"_new\" rel=\"noopener\"><img loading=\"lazy\" decoding=\"async\" class=\"aligncenter\" style=\"border: none;\" src=\"https:\/\/media.revenueplanet.com\/uploads\/nbb-468x60-nov-generic.gif\" alt=\"BingoBilly Ilmainen Bingo\" width=\"468\" height=\"60\" \/><\/a><br \/>\nVain hyv\u00e4maineiset ja luotettavat kasinot maksavat peliss\u00e4 voittamasi t\u00e4yden summan. Internet on t\u00e4ynn\u00e4 bingosivustoja, ja valitettavasti monet huijaussivustot varastavat rahasi eiv\u00e4tk\u00e4 maksa, kun voitat pelin. Siksi sinun tulee olla erityisen varovainen valitessasi nettikasinoa. Bingopelej\u00e4 pelataan vain huvin vuoksi.<\/p>\n<p>Pelin s\u00e4\u00e4nn\u00f6t ja m\u00e4\u00e4r\u00e4ykset ovat selkeit\u00e4 seurata. Bingon pelaaminen on t\u00e4ysin tuurista kiinni. Mik\u00e4\u00e4n tekij\u00e4 ei voi ennustaa lopputulosta tai vaikuttaa peliin. Voit rentoutua ja nauttia pelist\u00e4, koska p\u00e4\u00e4t\u00f6ksi\u00e4 ei tarvitse tehd\u00e4. Nettibingo on tehnyt pelist\u00e4 helpommin l\u00e4hestytt\u00e4v\u00e4n, sill\u00e4 voit pelata sit\u00e4 omaan tahtiisi ja mist\u00e4 tahansa paikasta, jossa on internetyhteys ja tietokone.<\/p>\n<p>Pyri aina pelaamaan v\u00e4hemm\u00e4n ruuhkaisella sivustolla. T\u00e4m\u00e4 lis\u00e4\u00e4 voittomahdollisuuksiasi, koska kilpailet v\u00e4hemm\u00e4n pelaajia vastaan. Sivusto, jolla on tasapainoinen m\u00e4\u00e4r\u00e4 pelaajia, antaa sinulle paremmat mahdollisuudet voittaa peli. Valitse sivustoja, jotka tarjoavat chat-huoneita helpottaaksesi pelaajien v\u00e4list\u00e4 kommunikointia. Voit my\u00f6s keskustella muiden pelaajien kanssa heid\u00e4n pelaamistaan \u200b\u200bkorteista. Voit my\u00f6s lis\u00e4t\u00e4 korttien numeroa k\u00e4\u00e4nt\u00e4\u00e4ksesi voiton omalle puolellesi.<\/p>\n<p>Paljon riippuu my\u00f6s valitsemastasi peliajasta. On havaittu, ett\u00e4 jos pelaat ep\u00e4s\u00e4\u00e4nn\u00f6llisiin aikoihin, sinulla on mahdollisuus voittaa, koska pelaajia ei ole paljon verkossa noina aikoina. Suurissa j\u00e4ttipottibingopeleiss\u00e4 v\u00e4lt\u00e4 aina liian montaa korttia. Valitse aina kasinosivustoja, jotka tarjoavat 100 % talletusbonuksia. Nyky\u00e4\u00e4n kasinosivustoilla voi my\u00f6s t\u00f6rm\u00e4t\u00e4 suositteluohjelmiin. Osana ohjelmaa saat ilmaista rahaa, jos suosittelusi rekister\u00f6ityy kasinolle. Lis\u00e4ksi nettikasino tarjoaa aika ajoin monia kampanjabonuksia.<\/p>\n<p>&nbsp;<\/p>\n","protected":false},"excerpt":{"rendered":"<p>Pelaa nettibingoa oikealla strategialla Internetin kehityksen ansiosta voit nauttia viihdytt\u00e4v\u00e4st\u00e4 bingopelist\u00e4 suoraan kotisi mukavuuksista. Parasta on, ett\u00e4 voit pelata peli\u00e4 milloin tahansa. T\u00e4st\u00e4 syyst\u00e4 nettibingosta on tullut niin suosittu ihmisten, erityisesti naisten, keskuudessa. Jos olet aloittelija, \u00e4l\u00e4 huoli, voit oppia pelin kokeilemalla sit\u00e4 ensin ilmaisella bingosivustolla. Hyv\u00e4 paikka aloittaa olisi Bingo Billy &#8211; napsauta t\u00e4st\u00e4 [&hellip;]<\/p>\n","protected":false},"author":1,"featured_media":0,"parent":8495,"menu_order":3,"comment_status":"closed","ping_status":"closed","template":"","meta":{"footnotes":""},"class_list":["post-11087","page","type-page","status-publish","hentry"],"yoast_head":"<!-- This site is optimized with the Yoast SEO plugin v27.4 - https:\/\/yoast.com\/product\/yoast-seo-wordpress\/ -->\n<title>Pelistrategia nettibingoon<\/title>\n<meta name=\"description\" content=\"Paranna mahdollisuuksiasi voittaa nettibingoa noudattamalla oikeaa pelistrategiaa.\" \/>\n<meta name=\"robots\" content=\"index, follow, max-snippet:-1, max-image-preview:large, max-video-preview:-1\" \/>\n<link rel=\"canonical\" href=\"https:\/\/gambling6.com\/fi\/bingo\/menestys-nettibingossa\/\" \/>\n<meta property=\"og:locale\" content=\"fi_FI\" \/>\n<meta property=\"og:type\" content=\"article\" \/>\n<meta property=\"og:title\" content=\"Pelistrategia nettibingoon\" \/>\n<meta property=\"og:description\" content=\"Paranna mahdollisuuksiasi voittaa nettibingoa noudattamalla oikeaa pelistrategiaa.\" \/>\n<meta property=\"og:url\" content=\"https:\/\/gambling6.com\/fi\/bingo\/menestys-nettibingossa\/\" \/>\n<meta property=\"og:site_name\" content=\"Gambling6\" \/>\n<meta property=\"article:published_time\" content=\"2025-11-17T14:56:32+00:00\" \/>\n<meta property=\"article:modified_time\" content=\"2025-11-17T16:34:15+00:00\" \/>\n<meta property=\"og:image\" content=\"https:\/\/media.revenueplanet.com\/uploads\/nbb-468x60-nov-generic.gif\" \/>\n<meta name=\"author\" content=\"Catfish\" \/>\n<meta name=\"twitter:card\" content=\"summary_large_image\" \/>\n<meta name=\"twitter:label1\" content=\"Kirjoittanut\" \/>\n\t<meta name=\"twitter:data1\" content=\"Catfish\" \/>\n\t<meta name=\"twitter:label2\" content=\"Arvioitu lukuaika\" \/>\n\t<meta name=\"twitter:data2\" content=\"2 minuuttia\" \/>\n<script type=\"application\/ld+json\" class=\"yoast-schema-graph\">{\"@context\":\"https:\\\/\\\/schema.org\",\"@graph\":[{\"@type\":\"Article\",\"@id\":\"https:\\\/\\\/gambling6.com\\\/fi\\\/bingo\\\/menestys-nettibingossa\\\/#article\",\"isPartOf\":{\"@id\":\"https:\\\/\\\/gambling6.com\\\/fi\\\/bingo\\\/menestys-nettibingossa\\\/\"},\"author\":{\"name\":\"Catfish\",\"@id\":\"https:\\\/\\\/gambling6.com\\\/fi\\\/#\\\/schema\\\/person\\\/d093de87a44a018ef67117d02d86ddaf\"},\"headline\":\"Menestys nettibingossa\",\"datePublished\":\"2025-11-17T14:56:32+00:00\",\"dateModified\":\"2025-11-17T16:34:15+00:00\",\"mainEntityOfPage\":{\"@id\":\"https:\\\/\\\/gambling6.com\\\/fi\\\/bingo\\\/menestys-nettibingossa\\\/\"},\"wordCount\":368,\"image\":{\"@id\":\"https:\\\/\\\/gambling6.com\\\/fi\\\/bingo\\\/menestys-nettibingossa\\\/#primaryimage\"},\"thumbnailUrl\":\"https:\\\/\\\/media.revenueplanet.com\\\/uploads\\\/nbb-468x60-nov-generic.gif\",\"articleSection\":[\"Bingo-uutiset\",\"Bingostrategia\"],\"inLanguage\":\"fi\"},{\"@type\":\"WebPage\",\"@id\":\"https:\\\/\\\/gambling6.com\\\/fi\\\/bingo\\\/menestys-nettibingossa\\\/\",\"url\":\"https:\\\/\\\/gambling6.com\\\/fi\\\/bingo\\\/menestys-nettibingossa\\\/\",\"name\":\"Pelistrategia nettibingoon\",\"isPartOf\":{\"@id\":\"https:\\\/\\\/gambling6.com\\\/fi\\\/#website\"},\"primaryImageOfPage\":{\"@id\":\"https:\\\/\\\/gambling6.com\\\/fi\\\/bingo\\\/menestys-nettibingossa\\\/#primaryimage\"},\"image\":{\"@id\":\"https:\\\/\\\/gambling6.com\\\/fi\\\/bingo\\\/menestys-nettibingossa\\\/#primaryimage\"},\"thumbnailUrl\":\"https:\\\/\\\/media.revenueplanet.com\\\/uploads\\\/nbb-468x60-nov-generic.gif\",\"datePublished\":\"2025-11-17T14:56:32+00:00\",\"dateModified\":\"2025-11-17T16:34:15+00:00\",\"author\":{\"@id\":\"https:\\\/\\\/gambling6.com\\\/fi\\\/#\\\/schema\\\/person\\\/d093de87a44a018ef67117d02d86ddaf\"},\"description\":\"Paranna mahdollisuuksiasi voittaa nettibingoa noudattamalla oikeaa pelistrategiaa.\",\"breadcrumb\":{\"@id\":\"https:\\\/\\\/gambling6.com\\\/fi\\\/bingo\\\/menestys-nettibingossa\\\/#breadcrumb\"},\"inLanguage\":\"fi\",\"potentialAction\":[{\"@type\":\"ReadAction\",\"target\":[\"https:\\\/\\\/gambling6.com\\\/fi\\\/bingo\\\/menestys-nettibingossa\\\/\"]}]},{\"@type\":\"ImageObject\",\"inLanguage\":\"fi\",\"@id\":\"https:\\\/\\\/gambling6.com\\\/fi\\\/bingo\\\/menestys-nettibingossa\\\/#primaryimage\",\"url\":\"https:\\\/\\\/media.revenueplanet.com\\\/uploads\\\/nbb-468x60-nov-generic.gif\",\"contentUrl\":\"https:\\\/\\\/media.revenueplanet.com\\\/uploads\\\/nbb-468x60-nov-generic.gif\"},{\"@type\":\"BreadcrumbList\",\"@id\":\"https:\\\/\\\/gambling6.com\\\/fi\\\/bingo\\\/menestys-nettibingossa\\\/#breadcrumb\",\"itemListElement\":[{\"@type\":\"ListItem\",\"position\":1,\"name\":\"Home\",\"item\":\"https:\\\/\\\/gambling6.com\\\/fi\\\/home\\\/\"},{\"@type\":\"ListItem\",\"position\":2,\"name\":\"Menestys nettibingossa\"}]},{\"@type\":\"WebSite\",\"@id\":\"https:\\\/\\\/gambling6.com\\\/fi\\\/#website\",\"url\":\"https:\\\/\\\/gambling6.com\\\/fi\\\/\",\"name\":\"Gambling6\",\"description\":\"\",\"potentialAction\":[{\"@type\":\"SearchAction\",\"target\":{\"@type\":\"EntryPoint\",\"urlTemplate\":\"https:\\\/\\\/gambling6.com\\\/fi\\\/?s={search_term_string}\"},\"query-input\":{\"@type\":\"PropertyValueSpecification\",\"valueRequired\":true,\"valueName\":\"search_term_string\"}}],\"inLanguage\":\"fi\"},{\"@type\":\"Person\",\"@id\":\"https:\\\/\\\/gambling6.com\\\/fi\\\/#\\\/schema\\\/person\\\/d093de87a44a018ef67117d02d86ddaf\",\"name\":\"Catfish\",\"image\":{\"@type\":\"ImageObject\",\"inLanguage\":\"fi\",\"@id\":\"https:\\\/\\\/secure.gravatar.com\\\/avatar\\\/32edfa28ccbf005c231538b245a2670a36c7f33f2d3a9ab09e50843b363f2821?s=96&d=mm&r=g\",\"url\":\"https:\\\/\\\/secure.gravatar.com\\\/avatar\\\/32edfa28ccbf005c231538b245a2670a36c7f33f2d3a9ab09e50843b363f2821?s=96&d=mm&r=g\",\"contentUrl\":\"https:\\\/\\\/secure.gravatar.com\\\/avatar\\\/32edfa28ccbf005c231538b245a2670a36c7f33f2d3a9ab09e50843b363f2821?s=96&d=mm&r=g\",\"caption\":\"Catfish\"},\"sameAs\":[\"http:\\\/\\\/gambling6.com\"],\"url\":\"https:\\\/\\\/gambling6.com\\\/fi\\\/author\\\/catfish\\\/\"}]}<\/script>\n<!-- \/ Yoast SEO plugin. -->","yoast_head_json":{"title":"Pelistrategia nettibingoon","description":"Paranna mahdollisuuksiasi voittaa nettibingoa noudattamalla oikeaa pelistrategiaa.","robots":{"index":"index","follow":"follow","max-snippet":"max-snippet:-1","max-image-preview":"max-image-preview:large","max-video-preview":"max-video-preview:-1"},"canonical":"https:\/\/gambling6.com\/fi\/bingo\/menestys-nettibingossa\/","og_locale":"fi_FI","og_type":"article","og_title":"Pelistrategia nettibingoon","og_description":"Paranna mahdollisuuksiasi voittaa nettibingoa noudattamalla oikeaa pelistrategiaa.","og_url":"https:\/\/gambling6.com\/fi\/bingo\/menestys-nettibingossa\/","og_site_name":"Gambling6","article_published_time":"2025-11-17T14:56:32+00:00","article_modified_time":"2025-11-17T16:34:15+00:00","og_image":[{"url":"https:\/\/media.revenueplanet.com\/uploads\/nbb-468x60-nov-generic.gif","type":"","width":"","height":""}],"author":"Catfish","twitter_card":"summary_large_image","twitter_misc":{"Kirjoittanut":"Catfish","Arvioitu lukuaika":"2 minuuttia"},"schema":{"@context":"https:\/\/schema.org","@graph":[{"@type":"Article","@id":"https:\/\/gambling6.com\/fi\/bingo\/menestys-nettibingossa\/#article","isPartOf":{"@id":"https:\/\/gambling6.com\/fi\/bingo\/menestys-nettibingossa\/"},"author":{"name":"Catfish","@id":"https:\/\/gambling6.com\/fi\/#\/schema\/person\/d093de87a44a018ef67117d02d86ddaf"},"headline":"Menestys nettibingossa","datePublished":"2025-11-17T14:56:32+00:00","dateModified":"2025-11-17T16:34:15+00:00","mainEntityOfPage":{"@id":"https:\/\/gambling6.com\/fi\/bingo\/menestys-nettibingossa\/"},"wordCount":368,"image":{"@id":"https:\/\/gambling6.com\/fi\/bingo\/menestys-nettibingossa\/#primaryimage"},"thumbnailUrl":"https:\/\/media.revenueplanet.com\/uploads\/nbb-468x60-nov-generic.gif","articleSection":["Bingo-uutiset","Bingostrategia"],"inLanguage":"fi"},{"@type":"WebPage","@id":"https:\/\/gambling6.com\/fi\/bingo\/menestys-nettibingossa\/","url":"https:\/\/gambling6.com\/fi\/bingo\/menestys-nettibingossa\/","name":"Pelistrategia nettibingoon","isPartOf":{"@id":"https:\/\/gambling6.com\/fi\/#website"},"primaryImageOfPage":{"@id":"https:\/\/gambling6.com\/fi\/bingo\/menestys-nettibingossa\/#primaryimage"},"image":{"@id":"https:\/\/gambling6.com\/fi\/bingo\/menestys-nettibingossa\/#primaryimage"},"thumbnailUrl":"https:\/\/media.revenueplanet.com\/uploads\/nbb-468x60-nov-generic.gif","datePublished":"2025-11-17T14:56:32+00:00","dateModified":"2025-11-17T16:34:15+00:00","author":{"@id":"https:\/\/gambling6.com\/fi\/#\/schema\/person\/d093de87a44a018ef67117d02d86ddaf"},"description":"Paranna mahdollisuuksiasi voittaa nettibingoa noudattamalla oikeaa pelistrategiaa.","breadcrumb":{"@id":"https:\/\/gambling6.com\/fi\/bingo\/menestys-nettibingossa\/#breadcrumb"},"inLanguage":"fi","potentialAction":[{"@type":"ReadAction","target":["https:\/\/gambling6.com\/fi\/bingo\/menestys-nettibingossa\/"]}]},{"@type":"ImageObject","inLanguage":"fi","@id":"https:\/\/gambling6.com\/fi\/bingo\/menestys-nettibingossa\/#primaryimage","url":"https:\/\/media.revenueplanet.com\/uploads\/nbb-468x60-nov-generic.gif","contentUrl":"https:\/\/media.revenueplanet.com\/uploads\/nbb-468x60-nov-generic.gif"},{"@type":"BreadcrumbList","@id":"https:\/\/gambling6.com\/fi\/bingo\/menestys-nettibingossa\/#breadcrumb","itemListElement":[{"@type":"ListItem","position":1,"name":"Home","item":"https:\/\/gambling6.com\/fi\/home\/"},{"@type":"ListItem","position":2,"name":"Menestys nettibingossa"}]},{"@type":"WebSite","@id":"https:\/\/gambling6.com\/fi\/#website","url":"https:\/\/gambling6.com\/fi\/","name":"Gambling6","description":"","potentialAction":[{"@type":"SearchAction","target":{"@type":"EntryPoint","urlTemplate":"https:\/\/gambling6.com\/fi\/?s={search_term_string}"},"query-input":{"@type":"PropertyValueSpecification","valueRequired":true,"valueName":"search_term_string"}}],"inLanguage":"fi"},{"@type":"Person","@id":"https:\/\/gambling6.com\/fi\/#\/schema\/person\/d093de87a44a018ef67117d02d86ddaf","name":"Catfish","image":{"@type":"ImageObject","inLanguage":"fi","@id":"https:\/\/secure.gravatar.com\/avatar\/32edfa28ccbf005c231538b245a2670a36c7f33f2d3a9ab09e50843b363f2821?s=96&d=mm&r=g","url":"https:\/\/secure.gravatar.com\/avatar\/32edfa28ccbf005c231538b245a2670a36c7f33f2d3a9ab09e50843b363f2821?s=96&d=mm&r=g","contentUrl":"https:\/\/secure.gravatar.com\/avatar\/32edfa28ccbf005c231538b245a2670a36c7f33f2d3a9ab09e50843b363f2821?s=96&d=mm&r=g","caption":"Catfish"},"sameAs":["http:\/\/gambling6.com"],"url":"https:\/\/gambling6.com\/fi\/author\/catfish\/"}]}},"_links":{"self":[{"href":"https:\/\/gambling6.com\/fi\/wp-json\/wp\/v2\/pages\/11087","targetHints":{"allow":["GET"]}}],"collection":[{"href":"https:\/\/gambling6.com\/fi\/wp-json\/wp\/v2\/pages"}],"about":[{"href":"https:\/\/gambling6.com\/fi\/wp-json\/wp\/v2\/types\/page"}],"author":[{"embeddable":true,"href":"https:\/\/gambling6.com\/fi\/wp-json\/wp\/v2\/users\/1"}],"replies":[{"embeddable":true,"href":"https:\/\/gambling6.com\/fi\/wp-json\/wp\/v2\/comments?post=11087"}],"version-history":[{"count":1,"href":"https:\/\/gambling6.com\/fi\/wp-json\/wp\/v2\/pages\/11087\/revisions"}],"predecessor-version":[{"id":11105,"href":"https:\/\/gambling6.com\/fi\/wp-json\/wp\/v2\/pages\/11087\/revisions\/11105"}],"up":[{"embeddable":true,"href":"https:\/\/gambling6.com\/fi\/wp-json\/wp\/v2\/pages\/8495"}],"wp:attachment":[{"href":"https:\/\/gambling6.com\/fi\/wp-json\/wp\/v2\/media?parent=11087"}],"curies":[{"name":"wp","href":"https:\/\/api.w.org\/{rel}","templated":true}]}}