{"id":8090,"date":"2025-10-29T08:29:51","date_gmt":"2025-10-29T08:29:51","guid":{"rendered":"https:\/\/gambling6.com\/?page_id=8090"},"modified":"2025-10-29T11:30:02","modified_gmt":"2025-10-29T11:30:02","slug":"home","status":"publish","type":"page","link":"https:\/\/gambling6.com\/fi\/","title":{"rendered":"Home"},"content":{"rendered":"<h1>Tervetuloa Gambling6 \u2013 tietoa kaikista rahapeleihin liittyvist\u00e4 tarpeistasi<\/h1>\n<p><img loading=\"lazy\" decoding=\"async\" class=\" wp-image-2679 alignright\" src=\"https:\/\/gambling6.com\/wp-content\/uploads\/2022\/04\/1_win_lottery_online1.jpg\" alt=\"online-rahapelaaminen\" width=\"253\" height=\"168\" \/><br \/>\nMonille ihmisille rahapelej\u00e4 tarjoava online-maailma voi tuntua pelottavalta ja he ovat haluttomia kokeilemaan sit\u00e4. He saattavat nauttia pelaamisesta yleens\u00e4, mutta ep\u00e4ilev\u00e4t online-pelisivustojen luotettavuutta. Nyky\u00e4\u00e4n se on kuitenkin yksi helpoimmista tavoista nauttia kaikista suosikkikasino-peleist\u00e4si, vaikka et asuisikaan kasinon l\u00e4hell\u00e4.<\/p>\n<p>Online-uhkapelisivustot ovat luoneet tavan, jolla ihmiset voivat pelata pokeria, blackjackia, rulettia, videopokeria, hedelm\u00e4pelej\u00e4, bingoa, raaputusarpoja, ly\u00f6d\u00e4 vetoa urheilutapahtumista, ja nyt voit jopa osallistua mihin tahansa maailman suurista lottopeleist\u00e4 verkossa \u2013 ilman, ett\u00e4 sinun tarvitsee poistua oman kodin mukavuuksista.<\/p>\n<p>Kaikki rakastavat nopeita maksuja tarjoavia kasinosivustoja, ja jos pid\u00e4t uhkapeleist\u00e4, sinun kannattaa tutustua niihin ja selvitt\u00e4\u00e4, miten voit aloittaa pelaamisen lukuisilla online-pelisivustoilla. Meid\u00e4n kaltaisen online-uhkapelisivuston neuvojen noudattaminen auttaa sinua valitsemaan hyv\u00e4n palveluntarjoajan ja varmistamaan, ett\u00e4 saat hienon kokemuksen. Jos haluat aloittaa heti, t\u00e4ss\u00e4 ovat henkil\u00f6kohtaiset suositukseni:<\/p>\n<h2>Paras monipuolinen uhkapelisivusto \u2013 muualla kuin Yhdysvalloissa:<\/h2>\n<p>Jos asuinmaassasi ei sallita online-uhkapelej\u00e4, yll\u00e4 mainitut Yhdysvaltojen pelaajille sopivat sivustot ovat paras valinta. Kaikille muille asiakkaille on kuitenkin tarjolla paljon muita uhkapelisivustoja. Henkil\u00f6kohtaisesti haluan pelata kaikkia online-uhkapelej\u00e4ni yhdell\u00e4 sivustolla, ilman ett\u00e4 minun tarvitsee tehd\u00e4 talletuksia useille eri sivustoille.<\/p>\n<p>Siksi suosikkini monipuolisista sivustoista on 888 \u2013 loistava online-kasino, jossa on hienoimmat peliautomaatit, mit\u00e4 olen koskaan n\u00e4hnyt, ja erinomainen online-pokerihuone. Kasinopelien valikoima, mukaan lukien Blackjack, Ruletti ja paljon muuta, t\u00e4ytt\u00e4\u00e4 kaikki toiveet. Jos etsit todellista bingo- tai raaputusarpa-kokemusta, et voi l\u00f6yt\u00e4\u00e4 parempaa vaihtoehtoa kuin 888.<\/p>\n<p>Sivustolla on my\u00f6s urheiluvedonly\u00f6ntiosio, joka tarjoaa laajan valikoiman vedonly\u00f6ntikohteita ja parhaat kertoimet, joita l\u00f6yd\u00e4t verkosta. Voit jopa ly\u00f6d\u00e4 vetoa finanssialan kohteista, kuten suurimmista osakeindekseist\u00e4 ja valuuttakursseista! <a class=\"thirstylink\" title=\"888 casino en\" href=\"https:\/\/gambling6.com\/go\/888-casino-en\/\" target=\"_blank\" rel=\"nofollow noopener\">K\u00e4yt\u00e4 t\u00e4t\u00e4 linkki\u00e4 siirty\u00e4ksesi 888:<\/a>aan jo t\u00e4n\u00e4\u00e4n, ja saat jopa 1500 euron bonuksen ensimm\u00e4isest\u00e4 talletuksestasi.<\/p>\n<h2>Paras monipuolinen uhkapelisivusto Yhdysvaltain asukkaille<\/h2>\n<p>Jos asut Yhdysvalloissa, valintasi ovat rajalliset, ja jotkut yhdysvaltalaisia asiakkaita hyv\u00e4ksyv\u00e4t operaattorit ovat hieman ep\u00e4ilytt\u00e4vi\u00e4, joten sinun on oltava varovainen valitessasi.<\/p>\n<p>Yksi sivusto erottuu kuitenkin joukosta, ja se on <a class=\"thirstylink\" title=\"Betonline casino en\" href=\"https:\/\/gambling6.com\/go\/betonline-casino-en\/\" target=\"_blank\" rel=\"nofollow noopener\">Betonline \u2013 t\u00e4\u00e4ll\u00e4 voit pelata online-pokeria, kasinopelej\u00e4, kolikkopelej\u00e4, rulettia, blackjackia ja tehd\u00e4 urheiluvedonly\u00f6ntej\u00e4<\/a>. He hyv\u00e4ksyv\u00e4t pelaajia Yhdysvalloista, ja voit tallettaa varoja tilillesi sek\u00e4 nostaa voittojasi useilla eri tavoilla.<\/p>\n<h2>Gambling6 \u2013 kuusi suosituinta online-uhkapelimuotoa<\/h2>\n<p>Gambling6.com-sivustolta l\u00f6yd\u00e4t tietoa seuraavista aiheista:<\/p>\n<ul>\n<li>Kasinopelit, mukaan lukien blackjack, ruletti, craps, videopokeri, kolikkopelit jne.<\/li>\n<li>Pokeri kaikissa muodoissaan<\/li>\n<li>Online-bingo<\/li>\n<li>Online-raaputusarvat<\/li>\n<li>Urheiluvedonly\u00f6nti ja vedonly\u00f6nti muista tapahtumista<\/li>\n<li>Kuinka hankkia lippu verkosta mihin tahansa arpajaisiin oman asuinmaan ulkopuolella<\/li>\n<\/ul>\n<h2>Mit\u00e4 jos kokeilisit arpajaisia ja maailmanluokan j\u00e4ttipotteja?<\/h2>\n<p>Oletetaan, ett\u00e4 olet lottofani etk\u00e4 halua rajoittua paikalliseen lottoon. Siin\u00e4 tapauksessa meill\u00e4 on hyvi\u00e4 uutisia sinulle: nyt voit kokeilla onneasi miss\u00e4 tahansa maailman lottojackpotissa \u2013 RedFoxLotto mahdollistaa lotto-lippujen ostamisen verkosta maailman suurimpiin lottojackpoteihin, kuten Mega Millions, Powerball, El Gordo, EuroMillions ja moniin muihin. K<a href=\"https:\/\/redfoxlotto.com\/fi\/\">likkaa t\u00e4st\u00e4 tarkistaaksesi, miss\u00e4 lotossa on suurin jackpot tulossa, ja hanki lippu muutamassa sekunnissa!<\/a><\/p>\n<h2>Online-kasinoiden usein kysytyt kysymykset<\/h2>\n<p>Jos olet uusi online-kasinoiden maailmassa, sinulla on todenn\u00e4k\u00f6isesti kysymyksi\u00e4 online-pelaamisesta ja sen toiminnasta. Jotkut kysymyksist\u00e4si ovat samoja kuin monilla muilla uusilla online-kasinopelaajilla. N\u00e4ihin kysymyksiin on vastattu t\u00e4ss\u00e4 usein kysyttyjen kysymysten osiossa, ja ne auttavat sinua p\u00e4\u00e4sem\u00e4\u00e4n alkuun.<\/p>\n<p><strong>Pit\u00e4\u00e4k\u00f6 minun olla tietyn ik\u00e4inen voidakseni pelata online-kasinolla?<\/strong><\/p>\n<p>Jokainen online-kasino asettaa omat s\u00e4\u00e4nn\u00f6t ja ohjeet. Useimmat kasinot vaativat kuitenkin pelaajilta 18 tai 21 vuoden ik\u00e4\u00e4, jotta he voivat osallistua rahapeleihin.<\/p>\n<p><strong>Pit\u00e4\u00e4k\u00f6 minun ladata jotain tietokoneelleni, jotta voin pelata online-kasinopelej\u00e4?<\/strong><\/p>\n<p>Monet online-kasinot antavat sinun pelata v\u00e4litt\u00f6m\u00e4ss\u00e4 pelitilassa. Kun valitset v\u00e4litt\u00f6m\u00e4n pelitilan, sinun ei tarvitse ladata mit\u00e4\u00e4n ohjelmistoa tietokoneellesi.<\/p>\n<p><strong>Kuinka vaikeaa on rekister\u00f6ity\u00e4 online-kasinolle?<\/strong><\/p>\n<p>Prosessi on itse asiassa hyvin helppo. Sinun on annettava perustiedot itsest\u00e4si ja ladattava ja asennettava ohjelmisto, jos aiot pelata pelej\u00e4, jotka vaativat lataamisen. Koko prosessi kest\u00e4\u00e4 vain muutaman minuutin.<\/p>\n<p><strong>Pit\u00e4\u00e4k\u00f6 minun tallettaa rahaa heti?<\/strong><\/p>\n<p>Useimmat kasinot antavat sinun kokeilla pelej\u00e4\u00e4n ilman talletusta. Jotkut antavat sinulle ilmaiskierroksia tai antavat sinun pelata ilmaiseksi tietyn ajan. Usein voit jopa pit\u00e4\u00e4 voittosi t\u00e4n\u00e4 aikana, jos teet my\u00f6hemmin talletuksen oikealla rahalla!<\/p>\n<p><strong>Mit\u00e4 bonukset ovat?<\/strong><\/p>\n<p>Useimmat online-kasinot k\u00e4ytt\u00e4v\u00e4t bonuksia houkutellakseen pelaajia pelaamaan ja palaamaan. Jotkut bonukset ovat arvoltaan satoja tai jopa tuhansia dollareita. Useimmiten sinun on lunastettava bonukset ennen kuin voit k\u00e4ytt\u00e4\u00e4 niit\u00e4. Ohjeet bonuksen lunastamiseen l\u00f6ytyv\u00e4t bonuksen tarjoavasta online-kasinosta.<\/p>\n<p><strong>Mit\u00e4 pelej\u00e4 voin pelata online-kasinolla?<\/strong><\/p>\n<p>Jokainen online-kasino tarjoaa oman valikoimansa pelej\u00e4. Yleisimpi\u00e4 pelej\u00e4 ovat kuitenkin videopelit, peliautomaatit, ruletti, craps, blackjack, pokeri ja jopa arpajaiset ymp\u00e4ri maailmaa.<\/p>\n<p><strong>Kuinka paljon rahaa voin todella voittaa pelaamalla online-kasinolla?<\/strong><\/p>\n<p>Ensinn\u00e4kin, sinulla ei ole mit\u00e4\u00e4n takuuta voitosta. On kuitenkin mahdollista voittaa paljon rahaa. L\u00f6yd\u00e4t miljoonan dollarin hedelm\u00e4pelien jackpotit, pokerturnaukset, joissa on v\u00e4hint\u00e4\u00e4n miljoonan dollarin takuupalkintopotti jne. Itse asiassa useimmilla online-kasinoilla on paremmat voittoprosentit kuin maalla sijaitsevilla kasinoilla. T\u00e4m\u00e4 johtuu siit\u00e4, ett\u00e4 niiden yleiskustannukset ovat alhaisemmat ja ne voivat maksaa korkeampia voittoja.<\/p>\n","protected":false},"excerpt":{"rendered":"<p>Tervetuloa Gambling6 \u2013 tietoa kaikista rahapeleihin liittyvist\u00e4 tarpeistasi Monille ihmisille rahapelej\u00e4 tarjoava online-maailma voi tuntua pelottavalta ja he ovat haluttomia kokeilemaan sit\u00e4. He saattavat nauttia pelaamisesta yleens\u00e4, mutta ep\u00e4ilev\u00e4t online-pelisivustojen luotettavuutta. Nyky\u00e4\u00e4n se on kuitenkin yksi helpoimmista tavoista nauttia kaikista suosikkikasino-peleist\u00e4si, vaikka et asuisikaan kasinon l\u00e4hell\u00e4. Online-uhkapelisivustot ovat luoneet tavan, jolla ihmiset voivat pelata pokeria, [&hellip;]<\/p>\n","protected":false},"author":1,"featured_media":0,"parent":0,"menu_order":1,"comment_status":"closed","ping_status":"closed","template":"","meta":{"footnotes":""},"class_list":["post-8090","page","type-page","status-publish","hentry"],"yoast_head":"<!-- This site is optimized with the Yoast SEO plugin v27.4 - https:\/\/yoast.com\/product\/yoast-seo-wordpress\/ -->\n<title>Paras online-rahapelaaminen | Tervetuloa Gambling6-sivustolle<\/title>\n<meta name=\"description\" content=\"Jos pid\u00e4t rahapelaamisesta, rahapelaamisen resurssisivustollamme on kaikki tarvitsemasi tiedot kuudesta suosituimmasta online-pelist\u00e4.\" \/>\n<meta name=\"robots\" content=\"index, follow, max-snippet:-1, max-image-preview:large, max-video-preview:-1\" \/>\n<link rel=\"canonical\" href=\"https:\/\/gambling6.com\/fi\/\" \/>\n<meta property=\"og:locale\" content=\"fi_FI\" \/>\n<meta property=\"og:type\" content=\"article\" \/>\n<meta property=\"og:title\" content=\"Paras online-rahapelaaminen | Tervetuloa Gambling6-sivustolle\" \/>\n<meta property=\"og:description\" content=\"Jos pid\u00e4t rahapelaamisesta, rahapelaamisen resurssisivustollamme on kaikki tarvitsemasi tiedot kuudesta suosituimmasta online-pelist\u00e4.\" \/>\n<meta property=\"og:url\" content=\"https:\/\/gambling6.com\/fi\/\" \/>\n<meta property=\"og:site_name\" content=\"Gambling6\" \/>\n<meta property=\"article:modified_time\" content=\"2025-10-29T11:30:02+00:00\" \/>\n<meta property=\"og:image\" content=\"https:\/\/gambling6.com\/wp-content\/uploads\/2022\/04\/1_win_lottery_online1.jpg\" \/>\n\t<meta property=\"og:image:width\" content=\"300\" \/>\n\t<meta property=\"og:image:height\" content=\"199\" \/>\n\t<meta property=\"og:image:type\" content=\"image\/jpeg\" \/>\n<meta name=\"twitter:card\" content=\"summary_large_image\" \/>\n<meta name=\"twitter:label1\" content=\"Arvioitu lukuaika\" \/>\n\t<meta name=\"twitter:data1\" content=\"4 minuuttia\" \/>\n<script type=\"application\/ld+json\" class=\"yoast-schema-graph\">{\"@context\":\"https:\\\/\\\/schema.org\",\"@graph\":[{\"@type\":\"WebPage\",\"@id\":\"https:\\\/\\\/gambling6.com\\\/fi\\\/\",\"url\":\"https:\\\/\\\/gambling6.com\\\/fi\\\/\",\"name\":\"Paras online-rahapelaaminen | Tervetuloa Gambling6-sivustolle\",\"isPartOf\":{\"@id\":\"https:\\\/\\\/gambling6.com\\\/fi\\\/#website\"},\"primaryImageOfPage\":{\"@id\":\"https:\\\/\\\/gambling6.com\\\/fi\\\/#primaryimage\"},\"image\":{\"@id\":\"https:\\\/\\\/gambling6.com\\\/fi\\\/#primaryimage\"},\"thumbnailUrl\":\"https:\\\/\\\/gambling6.com\\\/wp-content\\\/uploads\\\/2022\\\/04\\\/1_win_lottery_online1.jpg\",\"datePublished\":\"2025-10-29T08:29:51+00:00\",\"dateModified\":\"2025-10-29T11:30:02+00:00\",\"description\":\"Jos pid\u00e4t rahapelaamisesta, rahapelaamisen resurssisivustollamme on kaikki tarvitsemasi tiedot kuudesta suosituimmasta online-pelist\u00e4.\",\"breadcrumb\":{\"@id\":\"https:\\\/\\\/gambling6.com\\\/fi\\\/#breadcrumb\"},\"inLanguage\":\"fi\",\"potentialAction\":[{\"@type\":\"ReadAction\",\"target\":[\"https:\\\/\\\/gambling6.com\\\/fi\\\/\"]}]},{\"@type\":\"ImageObject\",\"inLanguage\":\"fi\",\"@id\":\"https:\\\/\\\/gambling6.com\\\/fi\\\/#primaryimage\",\"url\":\"https:\\\/\\\/gambling6.com\\\/wp-content\\\/uploads\\\/2022\\\/04\\\/1_win_lottery_online1.jpg\",\"contentUrl\":\"https:\\\/\\\/gambling6.com\\\/wp-content\\\/uploads\\\/2022\\\/04\\\/1_win_lottery_online1.jpg\"},{\"@type\":\"BreadcrumbList\",\"@id\":\"https:\\\/\\\/gambling6.com\\\/fi\\\/#breadcrumb\",\"itemListElement\":[{\"@type\":\"ListItem\",\"position\":1,\"name\":\"Home\",\"item\":\"https:\\\/\\\/gambling6.com\\\/fi\\\/home\\\/\"},{\"@type\":\"ListItem\",\"position\":2,\"name\":\"Home\"}]},{\"@type\":\"WebSite\",\"@id\":\"https:\\\/\\\/gambling6.com\\\/fi\\\/#website\",\"url\":\"https:\\\/\\\/gambling6.com\\\/fi\\\/\",\"name\":\"Gambling6\",\"description\":\"\",\"potentialAction\":[{\"@type\":\"SearchAction\",\"target\":{\"@type\":\"EntryPoint\",\"urlTemplate\":\"https:\\\/\\\/gambling6.com\\\/fi\\\/?s={search_term_string}\"},\"query-input\":{\"@type\":\"PropertyValueSpecification\",\"valueRequired\":true,\"valueName\":\"search_term_string\"}}],\"inLanguage\":\"fi\"}]}<\/script>\n<!-- \/ Yoast SEO plugin. -->","yoast_head_json":{"title":"Paras online-rahapelaaminen | Tervetuloa Gambling6-sivustolle","description":"Jos pid\u00e4t rahapelaamisesta, rahapelaamisen resurssisivustollamme on kaikki tarvitsemasi tiedot kuudesta suosituimmasta online-pelist\u00e4.","robots":{"index":"index","follow":"follow","max-snippet":"max-snippet:-1","max-image-preview":"max-image-preview:large","max-video-preview":"max-video-preview:-1"},"canonical":"https:\/\/gambling6.com\/fi\/","og_locale":"fi_FI","og_type":"article","og_title":"Paras online-rahapelaaminen | Tervetuloa Gambling6-sivustolle","og_description":"Jos pid\u00e4t rahapelaamisesta, rahapelaamisen resurssisivustollamme on kaikki tarvitsemasi tiedot kuudesta suosituimmasta online-pelist\u00e4.","og_url":"https:\/\/gambling6.com\/fi\/","og_site_name":"Gambling6","article_modified_time":"2025-10-29T11:30:02+00:00","og_image":[{"width":300,"height":199,"url":"https:\/\/gambling6.com\/wp-content\/uploads\/2022\/04\/1_win_lottery_online1.jpg","type":"image\/jpeg"}],"twitter_card":"summary_large_image","twitter_misc":{"Arvioitu lukuaika":"4 minuuttia"},"schema":{"@context":"https:\/\/schema.org","@graph":[{"@type":"WebPage","@id":"https:\/\/gambling6.com\/fi\/","url":"https:\/\/gambling6.com\/fi\/","name":"Paras online-rahapelaaminen | Tervetuloa Gambling6-sivustolle","isPartOf":{"@id":"https:\/\/gambling6.com\/fi\/#website"},"primaryImageOfPage":{"@id":"https:\/\/gambling6.com\/fi\/#primaryimage"},"image":{"@id":"https:\/\/gambling6.com\/fi\/#primaryimage"},"thumbnailUrl":"https:\/\/gambling6.com\/wp-content\/uploads\/2022\/04\/1_win_lottery_online1.jpg","datePublished":"2025-10-29T08:29:51+00:00","dateModified":"2025-10-29T11:30:02+00:00","description":"Jos pid\u00e4t rahapelaamisesta, rahapelaamisen resurssisivustollamme on kaikki tarvitsemasi tiedot kuudesta suosituimmasta online-pelist\u00e4.","breadcrumb":{"@id":"https:\/\/gambling6.com\/fi\/#breadcrumb"},"inLanguage":"fi","potentialAction":[{"@type":"ReadAction","target":["https:\/\/gambling6.com\/fi\/"]}]},{"@type":"ImageObject","inLanguage":"fi","@id":"https:\/\/gambling6.com\/fi\/#primaryimage","url":"https:\/\/gambling6.com\/wp-content\/uploads\/2022\/04\/1_win_lottery_online1.jpg","contentUrl":"https:\/\/gambling6.com\/wp-content\/uploads\/2022\/04\/1_win_lottery_online1.jpg"},{"@type":"BreadcrumbList","@id":"https:\/\/gambling6.com\/fi\/#breadcrumb","itemListElement":[{"@type":"ListItem","position":1,"name":"Home","item":"https:\/\/gambling6.com\/fi\/home\/"},{"@type":"ListItem","position":2,"name":"Home"}]},{"@type":"WebSite","@id":"https:\/\/gambling6.com\/fi\/#website","url":"https:\/\/gambling6.com\/fi\/","name":"Gambling6","description":"","potentialAction":[{"@type":"SearchAction","target":{"@type":"EntryPoint","urlTemplate":"https:\/\/gambling6.com\/fi\/?s={search_term_string}"},"query-input":{"@type":"PropertyValueSpecification","valueRequired":true,"valueName":"search_term_string"}}],"inLanguage":"fi"}]}},"_links":{"self":[{"href":"https:\/\/gambling6.com\/fi\/wp-json\/wp\/v2\/pages\/8090","targetHints":{"allow":["GET"]}}],"collection":[{"href":"https:\/\/gambling6.com\/fi\/wp-json\/wp\/v2\/pages"}],"about":[{"href":"https:\/\/gambling6.com\/fi\/wp-json\/wp\/v2\/types\/page"}],"author":[{"embeddable":true,"href":"https:\/\/gambling6.com\/fi\/wp-json\/wp\/v2\/users\/1"}],"replies":[{"embeddable":true,"href":"https:\/\/gambling6.com\/fi\/wp-json\/wp\/v2\/comments?post=8090"}],"version-history":[{"count":4,"href":"https:\/\/gambling6.com\/fi\/wp-json\/wp\/v2\/pages\/8090\/revisions"}],"predecessor-version":[{"id":8092,"href":"https:\/\/gambling6.com\/fi\/wp-json\/wp\/v2\/pages\/8090\/revisions\/8092"}],"wp:attachment":[{"href":"https:\/\/gambling6.com\/fi\/wp-json\/wp\/v2\/media?parent=8090"}],"curies":[{"name":"wp","href":"https:\/\/api.w.org\/{rel}","templated":true}]}}