{"id":8287,"date":"2025-11-07T09:13:13","date_gmt":"2025-11-07T09:13:13","guid":{"rendered":"https:\/\/gambling6.com\/kasino\/"},"modified":"2025-11-12T15:26:14","modified_gmt":"2025-11-12T15:26:14","slug":"kasino","status":"publish","type":"page","link":"https:\/\/gambling6.com\/fi\/kasino\/","title":{"rendered":"Kasino"},"content":{"rendered":"<h2>Nettikasinon aloittelijan opas<\/h2>\n<p>My\u00f6nnet\u00e4\u00e4np\u00e4 tosiasiat \u2013 nettikasinot ovat tulleet j\u00e4\u00e4d\u00e4kseen. Kasvavan suosionsa vuoksi pelaajat rakastavat niit\u00e4. Oikealla rahalla pelaaminen netiss\u00e4 on tehnyt kaikki aloittelijat onnellisiksi, ja he pyyt\u00e4v\u00e4t lis\u00e4\u00e4. L\u00e4hes joka p\u00e4iv\u00e4 suuri m\u00e4\u00e4r\u00e4 k\u00e4teist\u00e4 vaihtaa omistajaa n\u00e4iss\u00e4 oikean rahan kasinoissa. Olivatpa kyseess\u00e4 talletukset tai kotiutukset, kaikki tapahtuu supernopeasti internetin kautta.<\/p>\n<p>T\u00e4ss\u00e4 kohtaa monet ihmiset alkavat kuitenkin hermostua. Kortti- tai kolikkopeliyhdistelmien sijaan pelaajia vaivaavat maksuvaihtoehdot ja niiden turvallisuus. Heit\u00e4k\u00e4\u00e4n ei voida syytt\u00e4\u00e4. Internet-tapahtumat voivat aiheuttaa paljon p\u00e4\u00e4nvaivaa, jos ei ole tarpeeksi varovainen.<\/p>\n<p>Siksi monet nettikasinot pyrkiv\u00e4t vakuuttamaan asiakkailleen, ett\u00e4 **heid\u00e4n sivustoillaan tarjotut maksuvaihtoehdot** ovat turvallisia. On todellakin hyv\u00e4 olla varovainen verkkotapahtumien suhteen. Viimeinen asia, jonka haluat, on luottokorttitietosi v\u00e4\u00e4riss\u00e4 k\u00e4siss\u00e4. Internetiss\u00e4 on melko paljon hakkereita ja huijareita, ja viimeinen asia, mit\u00e4 haluat, on joutua heid\u00e4n seuraavaksi uhrikseen. Paras asia, jonka voit tehd\u00e4, on lis\u00e4t\u00e4 tiet\u00e4myst\u00e4si verkkomaksutavoista ja niiden monipuolisuudesta.<\/p>\n<p>Nettikasinot tarjoavat useita maksukanavia, joita on turvallista k\u00e4ytt\u00e4\u00e4 verkossa pelatessa. Luotto- tai pankkikorteilla maksaminen on melko yleist\u00e4 nettikasinoilla. L\u00e4hes kaikki kasinot hyv\u00e4ksyv\u00e4t Visa-, MasterCard- ja American Express -kortit. Voit k\u00e4ytt\u00e4\u00e4 mit\u00e4 tahansa n\u00e4ist\u00e4 korteista maksutapahtumien tekemiseen.<\/p>\n<h2>Nettikasinot, jotka hyv\u00e4ksyv\u00e4t yhdysvaltalaisia \u200b\u200basiakkaita<\/h2>\n<p><img loading=\"lazy\" decoding=\"async\" class=\" wp-image-2901 alignright\" src=\"https:\/\/gambling6.com\/wp-content\/uploads\/2022\/04\/download-image2-300x190.jpg\" alt=\"nettikasinon lataus\" width=\"249\" height=\"158\" srcset=\"https:\/\/gambling6.com\/wp-content\/uploads\/2022\/04\/download-image2-300x190.jpg 300w, https:\/\/gambling6.com\/wp-content\/uploads\/2022\/04\/download-image2.jpg 435w\" sizes=\"auto, (max-width: 249px) 100vw, 249px\" \/>Jos olet Yhdysvaltojen asukas, vaihtoehtosi nettikasinoiden suhteen ovat jonkin verran rajalliset Yhdysvaltain lains\u00e4\u00e4d\u00e4nn\u00f6n vuoksi. Sama p\u00e4tee k\u00e4ytett\u00e4viss\u00e4 oleviin maksuvaihtoehtoihin. Siksi Yhdysvaltain asukkaana sinun kannattaa etsi\u00e4 kasinoa, jolla on k\u00e4tev\u00e4t talletus- ja kotiutusmenetelm\u00e4t aloittaaksesi uhkapelaamisen verkossa.<\/p>\n<p>Erityisesti maksujen k\u00e4sittelyn helppouden suhteen BetOnline-kasino erottuu joukosta, mink\u00e4 vuoksi suosittelemme sit\u00e4 l\u00e4mpim\u00e4sti yhdysvaltalaisille vierailijoille. <a class=\"thirstylink\" title=\"Betonline casino en\" href=\"https:\/\/gambling6.com\/go\/betonline-casino-en\/\" target=\"_blank\" rel=\"nofollow noopener\"><strong>Klikkaa <\/strong><strong>t\u00e4st\u00e4 vieraillaksesi heid\u00e4<\/strong><strong>n sivustollaan nyt.<\/strong><\/a><\/p>\n<p>Vaikka se saattaa tuntua itsest\u00e4\u00e4n selv\u00e4lt\u00e4 ehdotukselta, varmista ennen luottokorttitietojesi sy\u00f6tt\u00e4mist\u00e4, ett\u00e4 olet selvill\u00e4 tapahtuman tarkoituksesta ja luotat sivustoon. Voit my\u00f6s menn\u00e4 luottokorttitietojen kirjoittamisen edelle valitsemalla verkkomaksutapoja. On olemassa useita verkkoportaaleja, jotka on omistettu t\u00e4h\u00e4n tarkoitukseen. On totta, ett\u00e4 kasinoilla saattaa olla omat suosikkiverkkomaksusivustonsa, mutta jotkut niist\u00e4 ovat suositumpia kuin toiset.<\/p>\n<p>N\u00e4it\u00e4 verkkomaksusivustoja ovat Neteller, Money Transfer, eWalletXpress, PayPal, Instadebit ja Moneybookers. Moneybookers on melko suosittu maksutapa Euroopan maissa, mukaan lukien Iso-Britannia. T\u00e4m\u00e4 ominaisuus on tehnyt eurooppalaisista nettikasinoiden suuria faneja.<\/p>\n<h2>Kasinot, jotka k\u00e4sittelev\u00e4t maksuja PayPalin kautta<\/h2>\n<p>Jos tunnet PayPalin, sinulla ei ole ongelmia k\u00e4ytt\u00e4\u00e4 sit\u00e4 online-pelaamiseen. Sinun tarvitsee vain rekister\u00f6id\u00e4 nimesi ja yhdist\u00e4\u00e4 luottokorttisi tiliisi. Useimmat kasinot ja nettirahapelisivustot hyv\u00e4ksyv\u00e4t t\u00e4m\u00e4n maksutavan. Jos haluat pysy\u00e4 nimett\u00f6m\u00e4n\u00e4 pelatessasi netiss\u00e4, eWalletXpress sopii sinulle parhaiten. Turvallisuuden lis\u00e4ksi t\u00e4m\u00e4 sivusto auttaa tallettajia pysym\u00e4\u00e4n piilossa. Se on nopea maksutapa, jonka useimmat nettikasinot hyv\u00e4ksyv\u00e4t.<\/p>\n<p>Verkkomaksujen, mukaan lukien nettirahapelien, suosion ansiosta PayPal on saanut paljon huomiota. N\u00e4ytt\u00e4\u00e4 silt\u00e4, \u200b\u200bett\u00e4 pieni m\u00e4\u00e4r\u00e4 kasinoita luottaa t\u00e4h\u00e4n sivustoon sen turvallisen maksutavan vuoksi.<\/p>\n<p>888 Casino tarjoaa PayPal-vaihtoehdon kaikille Isossa-Britanniassa ja Irlannissa asuville pelaajilleen. Jos kuitenkin asut Australiassa ja haluat pelata t\u00e4ll\u00e4 sivustolla, voit tehd\u00e4 maksusi MasterCardilla. Kahden edell\u00e4 mainitun maan lis\u00e4ksi muut Euroopan maat, joita t\u00e4m\u00e4 verkkomaksuj\u00e4rjestelm\u00e4 kattaa, ovat Espanja, Portugali, Italia, It\u00e4valta, Suomi, Ruotsi ja Tanska.<\/p>\n<p>T\u00e4ll\u00e4 hetkell\u00e4 888 Casinolla on jopa loistava tarjous uusille pelaajille: <strong>100 % ja jopa 1 500 000 \u20ac bonus ensimm\u00e4isest\u00e4 talletuksesta uusille pelaajille!<\/strong> T\u00e4m\u00e4 kampanjatarjous on tarkoitettu vain tiettyjen maiden asukkaille. <a class=\"thirstylink\" title=\"888 casino en\" href=\"https:\/\/gambling6.com\/go\/888-casino-en\/\" target=\"_blank\" rel=\"nofollow noopener\">lis\u00e4tietoja on saatavilla 888:n verkkosivustoilta.<\/a><\/p>\n<p>Lyhyesti sanottuna useimmilla on maksuvaihtoehtoja kaikille pelaajille asuinpaikasta riippumatta. VaikkaYhdysvaltain ja Australian kansalaiset voivat k\u00e4ytt\u00e4\u00e4 Visa-, Master Card-, Neteller- ja Moneybookers-kortteja, kun taas Euroopassa asuvat voivat k\u00e4ytt\u00e4\u00e4 PayPal-j\u00e4rjestelm\u00e4\u00e4.<\/p>\n<p>888 Casinolla on laaja valikoima pelej\u00e4, mukaan lukien 3D-pelit. Voit asettaa panoksesi PayPalilla, Master Cardilla tai mill\u00e4 tahansa muulla hyv\u00e4ksytyll\u00e4 maksutavalla. Kaikki n\u00e4m\u00e4 maksutavat ovat melko turvallisia. Kuten monilla muillakin nettikasinoilla, my\u00f6s 888casinos.comilla on v\u00e4himm\u00e4istalletussumma, jota sinun on noudatettava. Summa riippuu kuitenkin usein valitsemastasi maksuvaihtoehdosta. Jos k\u00e4yt\u00e4t Master Card- tai Visa Card -kortteja, sinun on maksettava 20 dollaria, 20 euroa tai 20 puntaa alueestasi riippuen. Maestro Debit -kortteja k\u00e4ytt\u00e4vien pelaajien on kuitenkin talletettava v\u00e4hint\u00e4\u00e4n 10 dollaria tai 10 euroa. Jos k\u00e4yt\u00e4t verkkosivustoja, kuten PayPal, MoneyBookers tai Neteller, v\u00e4himm\u00e4issumma on 20 dollaria.<\/p>\n<p>Useimmiten summa voi vaihdella valuutasta toiseen valuuttakurssin ja muiden sovellettavien maksujen mukaan. Siksi, kun yksi pelaaja voi tallettaa 10 puntaa Netellerin kautta, toinen voi lopulta maksaa 20 dollaria, mik\u00e4 on kaksinkertainen edellinen summa. Joten tehdess\u00e4si siirtoja on parempi, jos tied\u00e4t valuutan, jota sinun on tarkoitus k\u00e4ytt\u00e4\u00e4 tietyll\u00e4 kasinolla.<\/p>\n<p>Loppujen lopuksi, kun pelaat nettirahaa nettikasinolla, on parempi k\u00e4ytt\u00e4\u00e4 luotettavaa maksutapaa. T\u00e4ll\u00e4 tavoin sinun ei tarvitse katua sit\u00e4 my\u00f6hemmin. Loppujen lopuksi olet siell\u00e4 pit\u00e4\u00e4ksesi hauskaa etk\u00e4 joutua petoksen uhriksi. Joten pelaa varman p\u00e4\u00e4lle ja anna py\u00f6r\u00e4n py\u00f6ri\u00e4!<\/p>\n","protected":false},"excerpt":{"rendered":"<p>Nettikasinon aloittelijan opas My\u00f6nnet\u00e4\u00e4np\u00e4 tosiasiat \u2013 nettikasinot ovat tulleet j\u00e4\u00e4d\u00e4kseen. Kasvavan suosionsa vuoksi pelaajat rakastavat niit\u00e4. Oikealla rahalla pelaaminen netiss\u00e4 on tehnyt kaikki aloittelijat onnellisiksi, ja he pyyt\u00e4v\u00e4t lis\u00e4\u00e4. L\u00e4hes joka p\u00e4iv\u00e4 suuri m\u00e4\u00e4r\u00e4 k\u00e4teist\u00e4 vaihtaa omistajaa n\u00e4iss\u00e4 oikean rahan kasinoissa. Olivatpa kyseess\u00e4 talletukset tai kotiutukset, kaikki tapahtuu supernopeasti internetin kautta. T\u00e4ss\u00e4 kohtaa monet ihmiset [&hellip;]<\/p>\n","protected":false},"author":1,"featured_media":0,"parent":0,"menu_order":2,"comment_status":"closed","ping_status":"closed","template":"","meta":{"footnotes":""},"class_list":["post-8287","page","type-page","status-publish","hentry"],"yoast_head":"<!-- This site is optimized with the Yoast SEO plugin v27.4 - https:\/\/yoast.com\/product\/yoast-seo-wordpress\/ -->\n<title>Aloita nettipelaaminen | Nettikasino-opas<\/title>\n<meta name=\"description\" content=\"My\u00f6nnet\u00e4\u00e4n se \u2013 nettikasinot ovat tulleet j\u00e4\u00e4d\u00e4kseen. Aloita nyt \u2013 nettikasinooppaamme auttaa sinua valitsemaan parhaat sivustot itsellesi.\" \/>\n<meta name=\"robots\" content=\"index, follow, max-snippet:-1, max-image-preview:large, max-video-preview:-1\" \/>\n<link rel=\"canonical\" href=\"https:\/\/gambling6.com\/fi\/kasino\/\" \/>\n<meta property=\"og:locale\" content=\"fi_FI\" \/>\n<meta property=\"og:type\" content=\"article\" \/>\n<meta property=\"og:title\" content=\"Aloita nettipelaaminen | Nettikasino-opas\" \/>\n<meta property=\"og:description\" content=\"My\u00f6nnet\u00e4\u00e4n se \u2013 nettikasinot ovat tulleet j\u00e4\u00e4d\u00e4kseen. Aloita nyt \u2013 nettikasinooppaamme auttaa sinua valitsemaan parhaat sivustot itsellesi.\" \/>\n<meta property=\"og:url\" content=\"https:\/\/gambling6.com\/fi\/kasino\/\" \/>\n<meta property=\"og:site_name\" content=\"Gambling6\" \/>\n<meta property=\"article:modified_time\" content=\"2025-11-12T15:26:14+00:00\" \/>\n<meta property=\"og:image\" content=\"https:\/\/gambling6.com\/wp-content\/uploads\/2022\/04\/download-image2.jpg\" \/>\n\t<meta property=\"og:image:width\" content=\"435\" \/>\n\t<meta property=\"og:image:height\" content=\"276\" \/>\n\t<meta property=\"og:image:type\" content=\"image\/jpeg\" \/>\n<meta name=\"twitter:card\" content=\"summary_large_image\" \/>\n<meta name=\"twitter:label1\" content=\"Arvioitu lukuaika\" \/>\n\t<meta name=\"twitter:data1\" content=\"4 minuuttia\" \/>\n<script type=\"application\/ld+json\" class=\"yoast-schema-graph\">{\"@context\":\"https:\\\/\\\/schema.org\",\"@graph\":[{\"@type\":\"WebPage\",\"@id\":\"https:\\\/\\\/gambling6.com\\\/fi\\\/kasino\\\/\",\"url\":\"https:\\\/\\\/gambling6.com\\\/fi\\\/kasino\\\/\",\"name\":\"Aloita nettipelaaminen | Nettikasino-opas\",\"isPartOf\":{\"@id\":\"https:\\\/\\\/gambling6.com\\\/fi\\\/#website\"},\"primaryImageOfPage\":{\"@id\":\"https:\\\/\\\/gambling6.com\\\/fi\\\/kasino\\\/#primaryimage\"},\"image\":{\"@id\":\"https:\\\/\\\/gambling6.com\\\/fi\\\/kasino\\\/#primaryimage\"},\"thumbnailUrl\":\"https:\\\/\\\/gambling6.com\\\/wp-content\\\/uploads\\\/2022\\\/04\\\/download-image2-300x190.jpg\",\"datePublished\":\"2025-11-07T09:13:13+00:00\",\"dateModified\":\"2025-11-12T15:26:14+00:00\",\"description\":\"My\u00f6nnet\u00e4\u00e4n se \u2013 nettikasinot ovat tulleet j\u00e4\u00e4d\u00e4kseen. Aloita nyt \u2013 nettikasinooppaamme auttaa sinua valitsemaan parhaat sivustot itsellesi.\",\"breadcrumb\":{\"@id\":\"https:\\\/\\\/gambling6.com\\\/fi\\\/kasino\\\/#breadcrumb\"},\"inLanguage\":\"fi\",\"potentialAction\":[{\"@type\":\"ReadAction\",\"target\":[\"https:\\\/\\\/gambling6.com\\\/fi\\\/kasino\\\/\"]}]},{\"@type\":\"ImageObject\",\"inLanguage\":\"fi\",\"@id\":\"https:\\\/\\\/gambling6.com\\\/fi\\\/kasino\\\/#primaryimage\",\"url\":\"https:\\\/\\\/gambling6.com\\\/wp-content\\\/uploads\\\/2022\\\/04\\\/download-image2-300x190.jpg\",\"contentUrl\":\"https:\\\/\\\/gambling6.com\\\/wp-content\\\/uploads\\\/2022\\\/04\\\/download-image2-300x190.jpg\"},{\"@type\":\"BreadcrumbList\",\"@id\":\"https:\\\/\\\/gambling6.com\\\/fi\\\/kasino\\\/#breadcrumb\",\"itemListElement\":[{\"@type\":\"ListItem\",\"position\":1,\"name\":\"Home\",\"item\":\"https:\\\/\\\/gambling6.com\\\/fi\\\/home\\\/\"},{\"@type\":\"ListItem\",\"position\":2,\"name\":\"Kasino\"}]},{\"@type\":\"WebSite\",\"@id\":\"https:\\\/\\\/gambling6.com\\\/fi\\\/#website\",\"url\":\"https:\\\/\\\/gambling6.com\\\/fi\\\/\",\"name\":\"Gambling6\",\"description\":\"\",\"potentialAction\":[{\"@type\":\"SearchAction\",\"target\":{\"@type\":\"EntryPoint\",\"urlTemplate\":\"https:\\\/\\\/gambling6.com\\\/fi\\\/?s={search_term_string}\"},\"query-input\":{\"@type\":\"PropertyValueSpecification\",\"valueRequired\":true,\"valueName\":\"search_term_string\"}}],\"inLanguage\":\"fi\"}]}<\/script>\n<!-- \/ Yoast SEO plugin. -->","yoast_head_json":{"title":"Aloita nettipelaaminen | Nettikasino-opas","description":"My\u00f6nnet\u00e4\u00e4n se \u2013 nettikasinot ovat tulleet j\u00e4\u00e4d\u00e4kseen. Aloita nyt \u2013 nettikasinooppaamme auttaa sinua valitsemaan parhaat sivustot itsellesi.","robots":{"index":"index","follow":"follow","max-snippet":"max-snippet:-1","max-image-preview":"max-image-preview:large","max-video-preview":"max-video-preview:-1"},"canonical":"https:\/\/gambling6.com\/fi\/kasino\/","og_locale":"fi_FI","og_type":"article","og_title":"Aloita nettipelaaminen | Nettikasino-opas","og_description":"My\u00f6nnet\u00e4\u00e4n se \u2013 nettikasinot ovat tulleet j\u00e4\u00e4d\u00e4kseen. Aloita nyt \u2013 nettikasinooppaamme auttaa sinua valitsemaan parhaat sivustot itsellesi.","og_url":"https:\/\/gambling6.com\/fi\/kasino\/","og_site_name":"Gambling6","article_modified_time":"2025-11-12T15:26:14+00:00","og_image":[{"width":435,"height":276,"url":"https:\/\/gambling6.com\/wp-content\/uploads\/2022\/04\/download-image2.jpg","type":"image\/jpeg"}],"twitter_card":"summary_large_image","twitter_misc":{"Arvioitu lukuaika":"4 minuuttia"},"schema":{"@context":"https:\/\/schema.org","@graph":[{"@type":"WebPage","@id":"https:\/\/gambling6.com\/fi\/kasino\/","url":"https:\/\/gambling6.com\/fi\/kasino\/","name":"Aloita nettipelaaminen | Nettikasino-opas","isPartOf":{"@id":"https:\/\/gambling6.com\/fi\/#website"},"primaryImageOfPage":{"@id":"https:\/\/gambling6.com\/fi\/kasino\/#primaryimage"},"image":{"@id":"https:\/\/gambling6.com\/fi\/kasino\/#primaryimage"},"thumbnailUrl":"https:\/\/gambling6.com\/wp-content\/uploads\/2022\/04\/download-image2-300x190.jpg","datePublished":"2025-11-07T09:13:13+00:00","dateModified":"2025-11-12T15:26:14+00:00","description":"My\u00f6nnet\u00e4\u00e4n se \u2013 nettikasinot ovat tulleet j\u00e4\u00e4d\u00e4kseen. Aloita nyt \u2013 nettikasinooppaamme auttaa sinua valitsemaan parhaat sivustot itsellesi.","breadcrumb":{"@id":"https:\/\/gambling6.com\/fi\/kasino\/#breadcrumb"},"inLanguage":"fi","potentialAction":[{"@type":"ReadAction","target":["https:\/\/gambling6.com\/fi\/kasino\/"]}]},{"@type":"ImageObject","inLanguage":"fi","@id":"https:\/\/gambling6.com\/fi\/kasino\/#primaryimage","url":"https:\/\/gambling6.com\/wp-content\/uploads\/2022\/04\/download-image2-300x190.jpg","contentUrl":"https:\/\/gambling6.com\/wp-content\/uploads\/2022\/04\/download-image2-300x190.jpg"},{"@type":"BreadcrumbList","@id":"https:\/\/gambling6.com\/fi\/kasino\/#breadcrumb","itemListElement":[{"@type":"ListItem","position":1,"name":"Home","item":"https:\/\/gambling6.com\/fi\/home\/"},{"@type":"ListItem","position":2,"name":"Kasino"}]},{"@type":"WebSite","@id":"https:\/\/gambling6.com\/fi\/#website","url":"https:\/\/gambling6.com\/fi\/","name":"Gambling6","description":"","potentialAction":[{"@type":"SearchAction","target":{"@type":"EntryPoint","urlTemplate":"https:\/\/gambling6.com\/fi\/?s={search_term_string}"},"query-input":{"@type":"PropertyValueSpecification","valueRequired":true,"valueName":"search_term_string"}}],"inLanguage":"fi"}]}},"_links":{"self":[{"href":"https:\/\/gambling6.com\/fi\/wp-json\/wp\/v2\/pages\/8287","targetHints":{"allow":["GET"]}}],"collection":[{"href":"https:\/\/gambling6.com\/fi\/wp-json\/wp\/v2\/pages"}],"about":[{"href":"https:\/\/gambling6.com\/fi\/wp-json\/wp\/v2\/types\/page"}],"author":[{"embeddable":true,"href":"https:\/\/gambling6.com\/fi\/wp-json\/wp\/v2\/users\/1"}],"replies":[{"embeddable":true,"href":"https:\/\/gambling6.com\/fi\/wp-json\/wp\/v2\/comments?post=8287"}],"version-history":[{"count":3,"href":"https:\/\/gambling6.com\/fi\/wp-json\/wp\/v2\/pages\/8287\/revisions"}],"predecessor-version":[{"id":10659,"href":"https:\/\/gambling6.com\/fi\/wp-json\/wp\/v2\/pages\/8287\/revisions\/10659"}],"wp:attachment":[{"href":"https:\/\/gambling6.com\/fi\/wp-json\/wp\/v2\/media?parent=8287"}],"curies":[{"name":"wp","href":"https:\/\/api.w.org\/{rel}","templated":true}]}}