{"id":8347,"date":"2025-11-07T11:46:46","date_gmt":"2025-11-07T11:46:46","guid":{"rendered":"https:\/\/gambling6.com\/kasino\/kasinoarvostelut\/"},"modified":"2025-11-12T06:40:13","modified_gmt":"2025-11-12T06:40:13","slug":"kasinoarvostelut","status":"publish","type":"page","link":"https:\/\/gambling6.com\/fi\/kasino\/kasinoarvostelut\/","title":{"rendered":"Kasinoarvostelut"},"content":{"rendered":"<h2>Autamme sinua valitsemaan parhaan uhkapelisivuston arvostelujemme avulla<\/h2>\n<p>Kasinosivustot ovat paikkoja, jotka tarjoavat sinulle mahdollisuuden asettaa vetoja kasinopeleihin tai urheilulajeihin tai ly\u00f6d\u00e4 vetoa online-pokerihuoneessa. Nettiuhkapelit tarjoavat sinulle mahdollisuuden pelata kotona. Voit nauttia suosikkiurheilulajiesi vedonly\u00f6nnin j\u00e4nnityksest\u00e4 poistumatta kotoa. Nettiuhkapelien suosio on synnytt\u00e4nyt runsaasti online-vedonly\u00f6ntisivustoja ja kasinoita. Kuten mill\u00e4 tahansa muullakin alalla, my\u00f6s nettiuhkapelien toimijoilla on h\u00e4ik\u00e4ilem\u00e4tt\u00f6mi\u00e4 toimijoita. Siksi parhaan kasinosivuston valitseminen on ratkaisevan t\u00e4rke\u00e4\u00e4. <strong>Kasinosivustojemme arvostelujen tarkistaminen voi auttaa sinua selvitt\u00e4m\u00e4\u00e4n, onko kyseess\u00e4 luotettava sivusto.<\/strong><\/p>\n<p><a href=\"https:\/\/ic.aff-handler.com\/C\/47965?sr=1064399&amp;anid=\" rel=\"nofollow\"><img loading=\"lazy\" decoding=\"async\" class=\"alignright\" src=\"https:\/\/ic.aff-handler.com\/I\/47965?sr=1064399&amp;anid=\" width=\"420\" height=\"84\" \/><\/a><\/p>\n<ul>\n<li><strong>Maine<\/strong><\/li>\n<\/ul>\n<p>Kasinosivustojen maine on ensimm\u00e4inen ja t\u00e4rkein asia, jota on tarkasteltava ennen p\u00e4\u00e4t\u00f6ksentekoa. Koska et voi tarkastaa kasinoa fyysisesti, sinun on luotettava sen maineeseen p\u00e4\u00e4tt\u00e4\u00e4ksesi, pelaatko siell\u00e4 vai et. Parhaat kasinosivustot ovat niit\u00e4, joilla on vuosien kokemus alalta ja jotka ovat luoneet hyv\u00e4n maineen erinomaisen asiakaspalvelun tarjoajina.<\/p>\n<ul>\n<li><strong>Lisenssi<\/strong><\/li>\n<\/ul>\n<p>Luotettavat kasinosivustot hankkivat asianmukaiset lisenssit toimintansa harjoittamiseen. Tunnetut pelikomissiot tai tietyill\u00e4 laink\u00e4ytt\u00f6alueilla rekister\u00f6idyt peliviranomaiset my\u00f6nt\u00e4v\u00e4t lisenssej\u00e4 pelisivustoille varmistettuaan, ett\u00e4 kasinosivusto t\u00e4ytt\u00e4\u00e4 tietyt turvallisuus-, reilun pelaamisen k\u00e4yt\u00e4nt\u00f6-, maksu- ja asiakaspalvelustandardit. Luotettavat pelisivustot esittelev\u00e4t lisenssins\u00e4 n\u00e4kyv\u00e4sti, mutta **hyv\u00e4n kasinoarvostelun** tulisi my\u00f6s kertoa, miss\u00e4 kasinolla on lisenssi. Sen j\u00e4rjestelm\u00e4t ja prosessit ovat my\u00f6s tarkastettuja vastaavien elinten toimesta ja se on hankkinut sertifikaatteja. Voit n\u00e4hd\u00e4 n\u00e4m\u00e4 sertifikaatit heid\u00e4n verkkosivuillaan. Lisensoidun pelisivuston valitseminen auttaa sinua nauttimaan turvallisesta pelikokemuksesta.<\/p>\n<ul>\n<li><strong>Pelivaihtoehdot<\/strong><\/li>\n<\/ul>\n<p>Valitsemasi kasinosivuston on tarjottava laaja valikoima pelej\u00e4, kuten crapsia, rulettia, blackjackia, kolikkopelej\u00e4, videopokeria ja p\u00f6yt\u00e4pelej\u00e4. Kasinosivuston k\u00e4ytt\u00e4m\u00e4 peliohjelmisto auttaa sinua arvioimaan pelikokemuksen laatua. Jos valitset kasinosivuston, joka tarjoaa laajan valikoiman pelej\u00e4, nettipelaamiskokemuksesi on nautinnollisempi.<\/p>\n<ul>\n<li><strong>Peliohjelmisto<\/strong><\/li>\n<\/ul>\n<p>Parhaat nettipelaamissivustot k\u00e4ytt\u00e4v\u00e4t vankinta peliohjelmistoa, joka tarjoaa sinulle ymp\u00e4rist\u00f6n, jossa tunnet olosi kuin oikealla kasinolla. Se tarjoaa korkealaatuisimman grafiikan ja \u00e4\u00e4nen. Se on k\u00e4ytt\u00e4j\u00e4yst\u00e4v\u00e4llinen, joten voit ladata, asentaa ja k\u00e4ytt\u00e4\u00e4 sit\u00e4 helposti.<\/p>\n<ul>\n<li><strong>Talletus- ja kotiutusvaihtoehdot<\/strong><\/li>\n<\/ul>\n<p>On eritt\u00e4in t\u00e4rke\u00e4\u00e4 lukea arvosteluja nettikasinon tarjoamista talletus- ja kotiutusvaihtoehdoista. Vaihtoehtojen tulisi sopia tarpeisiisi. Nyky\u00e4\u00e4n monet pelaajat haluavat enemm\u00e4n turvallisuutta pelatessaan nettikasinoilla, joten he haluavat useamman kuin yhden talletusvaihtoehdon. Paras pelisivusto tarjoaa erilaisia \u200b\u200bvaihtoehtoja, kuten luottokortteja, pankkisiirtoja, e-lompakoita, kuten Neteller ja PayPal, sek\u00e4 kortteja, kuten Ukash ja Paysafecard, ja jopa kryptovaluuttamaksuja. Kasinoarvostelusivumme tarjoavat tietoa siit\u00e4, voitko odottaa nopeita ja vaivattomia talletuksia ja kotiutuksia. Kasinon tulisi pyrki\u00e4 suojaamaan taloudellisia ja henkil\u00f6kohtaisia \u200b\u200btietojasi suorittamalla maksut suojattujen palvelimien kautta.<\/p>\n<ul>\n<li><strong>Asiakastuki<\/strong><\/li>\n<\/ul>\n<p><span style=\"background-color: transparent;\">Asiakastuki on yksi t\u00e4rkeimmist\u00e4 asioista, jotka on otettava huomioon ennen <\/span><strong style=\"background-color: transparent;\">kasinosivuston valitsemista.<\/strong><span style=\"background-color: transparent;\">Paras sivusto tarjoaa yst\u00e4v\u00e4llist\u00e4 asiakastukea puhelimitse, s\u00e4hk\u00f6postitse ja live-chatin kautta 24\/7.<\/span><\/p>\n<p>Jos olet ep\u00e4varma, valitse markkinoiden johtava kasino, kuten 888 Casino \u2013 heill\u00e4 on kaikki pelaamisesi katettu. <a class=\"thirstylink\" title=\"888 casino en\" href=\"https:\/\/gambling6.com\/go\/888-casino-en\/\" target=\"_blank\" rel=\"nofollow noopener\">Klikkaa t\u00e4st\u00e4 vieraillaksesi 888:ssa t\u00e4n\u00e4\u00e4n.<\/a><\/p>\n","protected":false},"excerpt":{"rendered":"<p>Autamme sinua valitsemaan parhaan uhkapelisivuston arvostelujemme avulla Kasinosivustot ovat paikkoja, jotka tarjoavat sinulle mahdollisuuden asettaa vetoja kasinopeleihin tai urheilulajeihin tai ly\u00f6d\u00e4 vetoa online-pokerihuoneessa. Nettiuhkapelit tarjoavat sinulle mahdollisuuden pelata kotona. Voit nauttia suosikkiurheilulajiesi vedonly\u00f6nnin j\u00e4nnityksest\u00e4 poistumatta kotoa. Nettiuhkapelien suosio on synnytt\u00e4nyt runsaasti online-vedonly\u00f6ntisivustoja ja kasinoita. Kuten mill\u00e4 tahansa muullakin alalla, my\u00f6s nettiuhkapelien toimijoilla on h\u00e4ik\u00e4ilem\u00e4tt\u00f6mi\u00e4 toimijoita. [&hellip;]<\/p>\n","protected":false},"author":1,"featured_media":0,"parent":8287,"menu_order":0,"comment_status":"closed","ping_status":"closed","template":"","meta":{"footnotes":""},"class_list":["post-8347","page","type-page","status-publish","hentry"],"yoast_head":"<!-- This site is optimized with the Yoast SEO plugin v27.5 - https:\/\/yoast.com\/product\/yoast-seo-wordpress\/ -->\n<title>Suositeltujen nettikasinosivustojen arvostelut ja testit<\/title>\n<meta name=\"description\" content=\"Kasinosivustoarvostelumme antavat sinulle k\u00e4sityksen siit\u00e4, mit\u00e4 kannattaa etsi\u00e4 etsiess\u00e4\u00e4n parhaita nettikasinoita.\" \/>\n<meta name=\"robots\" content=\"index, follow, max-snippet:-1, max-image-preview:large, max-video-preview:-1\" \/>\n<link rel=\"canonical\" href=\"https:\/\/gambling6.com\/fi\/kasino\/kasinoarvostelut\/\" \/>\n<meta property=\"og:locale\" content=\"fi_FI\" \/>\n<meta property=\"og:type\" content=\"article\" \/>\n<meta property=\"og:title\" content=\"Suositeltujen nettikasinosivustojen arvostelut ja testit\" \/>\n<meta property=\"og:description\" content=\"Kasinosivustoarvostelumme antavat sinulle k\u00e4sityksen siit\u00e4, mit\u00e4 kannattaa etsi\u00e4 etsiess\u00e4\u00e4n parhaita nettikasinoita.\" \/>\n<meta property=\"og:url\" content=\"https:\/\/gambling6.com\/fi\/kasino\/kasinoarvostelut\/\" \/>\n<meta property=\"og:site_name\" content=\"Gambling6\" \/>\n<meta property=\"article:modified_time\" content=\"2025-11-12T06:40:13+00:00\" \/>\n<meta property=\"og:image\" content=\"https:\/\/ic.aff-handler.com\/I\/47965?sr=1064399&amp;anid=\" \/>\n<meta name=\"twitter:card\" content=\"summary_large_image\" \/>\n<meta name=\"twitter:label1\" content=\"Arvioitu lukuaika\" \/>\n\t<meta name=\"twitter:data1\" content=\"2 minuuttia\" \/>\n<script type=\"application\/ld+json\" class=\"yoast-schema-graph\">{\"@context\":\"https:\\\/\\\/schema.org\",\"@graph\":[{\"@type\":\"WebPage\",\"@id\":\"https:\\\/\\\/gambling6.com\\\/fi\\\/kasino\\\/kasinoarvostelut\\\/\",\"url\":\"https:\\\/\\\/gambling6.com\\\/fi\\\/kasino\\\/kasinoarvostelut\\\/\",\"name\":\"Suositeltujen nettikasinosivustojen arvostelut ja testit\",\"isPartOf\":{\"@id\":\"https:\\\/\\\/gambling6.com\\\/fi\\\/#website\"},\"primaryImageOfPage\":{\"@id\":\"https:\\\/\\\/gambling6.com\\\/fi\\\/kasino\\\/kasinoarvostelut\\\/#primaryimage\"},\"image\":{\"@id\":\"https:\\\/\\\/gambling6.com\\\/fi\\\/kasino\\\/kasinoarvostelut\\\/#primaryimage\"},\"thumbnailUrl\":\"https:\\\/\\\/ic.aff-handler.com\\\/I\\\/47965?sr=1064399&amp;anid=\",\"datePublished\":\"2025-11-07T11:46:46+00:00\",\"dateModified\":\"2025-11-12T06:40:13+00:00\",\"description\":\"Kasinosivustoarvostelumme antavat sinulle k\u00e4sityksen siit\u00e4, mit\u00e4 kannattaa etsi\u00e4 etsiess\u00e4\u00e4n parhaita nettikasinoita.\",\"breadcrumb\":{\"@id\":\"https:\\\/\\\/gambling6.com\\\/fi\\\/kasino\\\/kasinoarvostelut\\\/#breadcrumb\"},\"inLanguage\":\"fi\",\"potentialAction\":[{\"@type\":\"ReadAction\",\"target\":[\"https:\\\/\\\/gambling6.com\\\/fi\\\/kasino\\\/kasinoarvostelut\\\/\"]}]},{\"@type\":\"ImageObject\",\"inLanguage\":\"fi\",\"@id\":\"https:\\\/\\\/gambling6.com\\\/fi\\\/kasino\\\/kasinoarvostelut\\\/#primaryimage\",\"url\":\"https:\\\/\\\/ic.aff-handler.com\\\/I\\\/47965?sr=1064399&amp;anid=\",\"contentUrl\":\"https:\\\/\\\/ic.aff-handler.com\\\/I\\\/47965?sr=1064399&amp;anid=\"},{\"@type\":\"BreadcrumbList\",\"@id\":\"https:\\\/\\\/gambling6.com\\\/fi\\\/kasino\\\/kasinoarvostelut\\\/#breadcrumb\",\"itemListElement\":[{\"@type\":\"ListItem\",\"position\":1,\"name\":\"Home\",\"item\":\"https:\\\/\\\/gambling6.com\\\/fi\\\/home\\\/\"},{\"@type\":\"ListItem\",\"position\":2,\"name\":\"Kasino\",\"item\":\"https:\\\/\\\/gambling6.com\\\/fi\\\/get-started-with-online-gambling\\\/\"},{\"@type\":\"ListItem\",\"position\":3,\"name\":\"Kasinoarvostelut\"}]},{\"@type\":\"WebSite\",\"@id\":\"https:\\\/\\\/gambling6.com\\\/fi\\\/#website\",\"url\":\"https:\\\/\\\/gambling6.com\\\/fi\\\/\",\"name\":\"Gambling6\",\"description\":\"\",\"potentialAction\":[{\"@type\":\"SearchAction\",\"target\":{\"@type\":\"EntryPoint\",\"urlTemplate\":\"https:\\\/\\\/gambling6.com\\\/fi\\\/?s={search_term_string}\"},\"query-input\":{\"@type\":\"PropertyValueSpecification\",\"valueRequired\":true,\"valueName\":\"search_term_string\"}}],\"inLanguage\":\"fi\"}]}<\/script>\n<!-- \/ Yoast SEO plugin. -->","yoast_head_json":{"title":"Suositeltujen nettikasinosivustojen arvostelut ja testit","description":"Kasinosivustoarvostelumme antavat sinulle k\u00e4sityksen siit\u00e4, mit\u00e4 kannattaa etsi\u00e4 etsiess\u00e4\u00e4n parhaita nettikasinoita.","robots":{"index":"index","follow":"follow","max-snippet":"max-snippet:-1","max-image-preview":"max-image-preview:large","max-video-preview":"max-video-preview:-1"},"canonical":"https:\/\/gambling6.com\/fi\/kasino\/kasinoarvostelut\/","og_locale":"fi_FI","og_type":"article","og_title":"Suositeltujen nettikasinosivustojen arvostelut ja testit","og_description":"Kasinosivustoarvostelumme antavat sinulle k\u00e4sityksen siit\u00e4, mit\u00e4 kannattaa etsi\u00e4 etsiess\u00e4\u00e4n parhaita nettikasinoita.","og_url":"https:\/\/gambling6.com\/fi\/kasino\/kasinoarvostelut\/","og_site_name":"Gambling6","article_modified_time":"2025-11-12T06:40:13+00:00","og_image":[{"url":"https:\/\/ic.aff-handler.com\/I\/47965?sr=1064399&amp;anid=","type":"","width":"","height":""}],"twitter_card":"summary_large_image","twitter_misc":{"Arvioitu lukuaika":"2 minuuttia"},"schema":{"@context":"https:\/\/schema.org","@graph":[{"@type":"WebPage","@id":"https:\/\/gambling6.com\/fi\/kasino\/kasinoarvostelut\/","url":"https:\/\/gambling6.com\/fi\/kasino\/kasinoarvostelut\/","name":"Suositeltujen nettikasinosivustojen arvostelut ja testit","isPartOf":{"@id":"https:\/\/gambling6.com\/fi\/#website"},"primaryImageOfPage":{"@id":"https:\/\/gambling6.com\/fi\/kasino\/kasinoarvostelut\/#primaryimage"},"image":{"@id":"https:\/\/gambling6.com\/fi\/kasino\/kasinoarvostelut\/#primaryimage"},"thumbnailUrl":"https:\/\/ic.aff-handler.com\/I\/47965?sr=1064399&amp;anid=","datePublished":"2025-11-07T11:46:46+00:00","dateModified":"2025-11-12T06:40:13+00:00","description":"Kasinosivustoarvostelumme antavat sinulle k\u00e4sityksen siit\u00e4, mit\u00e4 kannattaa etsi\u00e4 etsiess\u00e4\u00e4n parhaita nettikasinoita.","breadcrumb":{"@id":"https:\/\/gambling6.com\/fi\/kasino\/kasinoarvostelut\/#breadcrumb"},"inLanguage":"fi","potentialAction":[{"@type":"ReadAction","target":["https:\/\/gambling6.com\/fi\/kasino\/kasinoarvostelut\/"]}]},{"@type":"ImageObject","inLanguage":"fi","@id":"https:\/\/gambling6.com\/fi\/kasino\/kasinoarvostelut\/#primaryimage","url":"https:\/\/ic.aff-handler.com\/I\/47965?sr=1064399&amp;anid=","contentUrl":"https:\/\/ic.aff-handler.com\/I\/47965?sr=1064399&amp;anid="},{"@type":"BreadcrumbList","@id":"https:\/\/gambling6.com\/fi\/kasino\/kasinoarvostelut\/#breadcrumb","itemListElement":[{"@type":"ListItem","position":1,"name":"Home","item":"https:\/\/gambling6.com\/fi\/home\/"},{"@type":"ListItem","position":2,"name":"Kasino","item":"https:\/\/gambling6.com\/fi\/get-started-with-online-gambling\/"},{"@type":"ListItem","position":3,"name":"Kasinoarvostelut"}]},{"@type":"WebSite","@id":"https:\/\/gambling6.com\/fi\/#website","url":"https:\/\/gambling6.com\/fi\/","name":"Gambling6","description":"","potentialAction":[{"@type":"SearchAction","target":{"@type":"EntryPoint","urlTemplate":"https:\/\/gambling6.com\/fi\/?s={search_term_string}"},"query-input":{"@type":"PropertyValueSpecification","valueRequired":true,"valueName":"search_term_string"}}],"inLanguage":"fi"}]}},"_links":{"self":[{"href":"https:\/\/gambling6.com\/fi\/wp-json\/wp\/v2\/pages\/8347","targetHints":{"allow":["GET"]}}],"collection":[{"href":"https:\/\/gambling6.com\/fi\/wp-json\/wp\/v2\/pages"}],"about":[{"href":"https:\/\/gambling6.com\/fi\/wp-json\/wp\/v2\/types\/page"}],"author":[{"embeddable":true,"href":"https:\/\/gambling6.com\/fi\/wp-json\/wp\/v2\/users\/1"}],"replies":[{"embeddable":true,"href":"https:\/\/gambling6.com\/fi\/wp-json\/wp\/v2\/comments?post=8347"}],"version-history":[{"count":2,"href":"https:\/\/gambling6.com\/fi\/wp-json\/wp\/v2\/pages\/8347\/revisions"}],"predecessor-version":[{"id":10368,"href":"https:\/\/gambling6.com\/fi\/wp-json\/wp\/v2\/pages\/8347\/revisions\/10368"}],"up":[{"embeddable":true,"href":"https:\/\/gambling6.com\/fi\/wp-json\/wp\/v2\/pages\/8287"}],"wp:attachment":[{"href":"https:\/\/gambling6.com\/fi\/wp-json\/wp\/v2\/media?parent=8347"}],"curies":[{"name":"wp","href":"https:\/\/api.w.org\/{rel}","templated":true}]}}