{"id":8371,"date":"2025-11-07T13:13:04","date_gmt":"2025-11-07T13:13:04","guid":{"rendered":"https:\/\/gambling6.com\/kasino\/nettikasinot-vs-kivijalkakasinot\/"},"modified":"2025-11-12T16:12:46","modified_gmt":"2025-11-12T16:12:46","slug":"nettikasinot-vs-kivijalkakasinot","status":"publish","type":"page","link":"https:\/\/gambling6.com\/fi\/kasino\/nettikasinot-vs-kivijalkakasinot\/","title":{"rendered":"Nettikasinot vs. kivijalkakasinot"},"content":{"rendered":"<h2>Live- tai nettikasinot<\/h2>\n<h3>Jokaisella tyypill\u00e4 on jotain, mist\u00e4 pelaajat pit\u00e4v\u00e4t<\/h3>\n<p><img loading=\"lazy\" decoding=\"async\" class=\" wp-image-332 alignright\" src=\"https:\/\/gambling6.com\/wp-content\/uploads\/2013\/12\/phil_ivey-247x300.jpg\" alt=\"livekasino\n\" width=\"175\" height=\"213\" srcset=\"https:\/\/gambling6.com\/wp-content\/uploads\/2013\/12\/phil_ivey-247x300.jpg 247w, https:\/\/gambling6.com\/wp-content\/uploads\/2013\/12\/phil_ivey.jpg 250w\" sizes=\"auto, (max-width: 175px) 100vw, 175px\" \/>Kasinopelaajien tulisi pelata suosikkipelej\u00e4\u00e4n tavalla, joka tuntuu heist\u00e4 mukavalta ja sopii heid\u00e4n persoonallisuuteensa. Jotkut pelaajat pelaavat aina mieluummin kivijalkakasinoilla, koska he pit\u00e4v\u00e4t tunnelmasta. He tykk\u00e4\u00e4v\u00e4t leikki\u00e4 muiden pelaajien, v\u00e4kijoukkojen ja melun kanssa.<\/p>\n<p>Toiset kasinopelaajat kuitenkin pit\u00e4v\u00e4t ajatuksesta pelata hiljaisessa, rentouttavassa ymp\u00e4rist\u00f6ss\u00e4, jossa heill\u00e4 on t\u00e4ysi kontrolli. N\u00e4m\u00e4 pelaajat suosivat usein nettikasinoita. Riippumatta siit\u00e4, kuinka pelaaja haluaa nauttia peleist\u00e4\u00e4n, tarjolla on jotain, olipa kyseess\u00e4 kivijalka- tai nettikasinot. <\/p>\n<h3>T\u00e4ss\u00e4 ovat merkitt\u00e4v\u00e4t erot nettikasinoiden ja kivijalkakasinoiden v\u00e4lill\u00e4:<\/h3>\n<ul>\n<li>Netti- ja kivijalkakasinot ovat luonnollisesti t\u00e4ysin erilaisissa ymp\u00e4rist\u00f6iss\u00e4. Kivijalkakasino on sellainen, jossa pelaajat voivat tuntea olevansa fyysisesti osa sit\u00e4. Nettikasinoilla pelataan internetiss\u00e4, mik\u00e4 tarkoittaa, ett\u00e4 pelaajat voivat pelata haluamiaan pelej\u00e4 miss\u00e4 tahansa. T\u00e4m\u00e4 paikka voi olla heid\u00e4n kotinsa, toimistonsa tai mik\u00e4 tahansa muu, kunhan he voivat muodostaa yhteyden verkkoon.<\/li>\n<li>Kivijalkakasinoilla on pelaajaklubeja, joiden avulla pelaajat voivat ansaita palkintoja. Palkinnot vaihtelevat kasinosta riippuen. My\u00f6s nettikasinoilla on omat versionsa n\u00e4ist\u00e4 klubeista, joita kutsutaan VIP-ohjelmiksi. Monet kasinopelaajat kuitenkin huomaavat, ett\u00e4 nettikasinot ovat yleens\u00e4 anteliaampia, koska niill\u00e4 ei ole samanlaisia \u200b\u200b\u200b\u200bkuluja kuin kivijalkakasinoilla.<\/li>\n<li>Vaikka kivijalkakasinot tarjoavat pelaajille mahdollisuuden pelata l\u00e4hes mit\u00e4 tahansa kasinopeli\u00e4, pelaajilla on silti aikoja, jolloin he eiv\u00e4t halua k\u00e4vell\u00e4 koko kasinon l\u00e4pi siirty\u00e4kseen pelist\u00e4 toiseen. Heill\u00e4 voi my\u00f6s olla hetki\u00e4, jolloin he haluavat pelata tietty\u00e4 peli\u00e4, mutta vapaita paikkoja ei ole saatavilla. Nettikasinot kuitenkin antavat pelaajien pelata haluamiaan pelej\u00e4 milloin tahansa ilman k\u00e4vely\u00e4 tai istumapaikan odottamista.<\/li>\n<li>Kivijalkakasinot voivat olla pelottavia uusille pelaajille, ja niilt\u00e4 usein puuttuu ilmaisia \u200b\u200bresursseja, jotka voivat auttaa heit\u00e4 oppimaan pelej\u00e4 ja erilaisia \u200b\u200bstrategioita. Nettikasinot antavat pelaajille mahdollisuuden pelata ymp\u00e4rist\u00f6ss\u00e4, jossa he eiv\u00e4t ehk\u00e4 tunne oloaan niin pelokkaaksi, ja ne tarjoavat runsaasti ilmaista sis\u00e4lt\u00f6\u00e4, joka opastaa heit\u00e4 kasinopelien pelaamisen eri osa-alueilla verkossa.<\/li>\n<\/ul>\n<p>Jokainen, joka ajattelee, ett\u00e4 nettikasinot saattavat olla heit\u00e4 varten, haluaa aloittaa oppimalla kaiken mahdollisen Microgamingin yll\u00e4pit\u00e4mist\u00e4 kasinoista. Paras niist\u00e4 on ep\u00e4ilem\u00e4tt\u00e4 888 Casino, johon p\u00e4\u00e4set napsauttamalla alla olevaa banneria. <a href=\"https:\/\/ic.aff-handler.com\/C\/45871?sr=1064399&amp;anid=\" rel=\"nofollow\"><img loading=\"lazy\" decoding=\"async\" class=\"aligncenter\" src=\"https:\/\/ic.aff-handler.com\/I\/45871?sr=1064399&amp;anid=\" width=\"725\" height=\"93\" \/><\/a><br \/>\nJos asut Yhdysvalloissa, paras vaihtoehtosi olisi BetOnline yleisiin kasinopeleihin tai nettipokeriin.<br \/>\n<img loading=\"lazy\" decoding=\"async\" class=\" wp-image-7875 aligncenter\" src=\"https:\/\/gambling6.com\/wp-content\/uploads\/2025\/10\/BOL_AQC_banner_468x60_FS1_casino-300x38.gif\" alt=\"BetOnline-kasino\" width=\"694\" height=\"88\" \/><\/p>\n","protected":false},"excerpt":{"rendered":"<p>Live- tai nettikasinot Jokaisella tyypill\u00e4 on jotain, mist\u00e4 pelaajat pit\u00e4v\u00e4t Kasinopelaajien tulisi pelata suosikkipelej\u00e4\u00e4n tavalla, joka tuntuu heist\u00e4 mukavalta ja sopii heid\u00e4n persoonallisuuteensa. Jotkut pelaajat pelaavat aina mieluummin kivijalkakasinoilla, koska he pit\u00e4v\u00e4t tunnelmasta. He tykk\u00e4\u00e4v\u00e4t leikki\u00e4 muiden pelaajien, v\u00e4kijoukkojen ja melun kanssa. Toiset kasinopelaajat kuitenkin pit\u00e4v\u00e4t ajatuksesta pelata hiljaisessa, rentouttavassa ymp\u00e4rist\u00f6ss\u00e4, jossa heill\u00e4 on t\u00e4ysi [&hellip;]<\/p>\n","protected":false},"author":1,"featured_media":0,"parent":8287,"menu_order":28,"comment_status":"closed","ping_status":"closed","template":"","meta":{"footnotes":""},"class_list":["post-8371","page","type-page","status-publish","hentry"],"yoast_head":"<!-- This site is optimized with the Yoast SEO plugin v27.3 - https:\/\/yoast.com\/product\/yoast-seo-wordpress\/ -->\n<title>Kivijalkakasinoiden ja nettikasinoiden vertailu<\/title>\n<meta name=\"description\" content=\"Sek\u00e4 nettikasinot ett\u00e4 kivijalkakasinot tarjoavat pelaajille mahtavaa ajanvietett\u00e4 ja monia mahdollisuuksia.\" \/>\n<meta name=\"robots\" content=\"index, follow, max-snippet:-1, max-image-preview:large, max-video-preview:-1\" \/>\n<link rel=\"canonical\" href=\"https:\/\/gambling6.com\/fi\/kasino\/nettikasinot-vs-kivijalkakasinot\/\" \/>\n<meta property=\"og:locale\" content=\"fi_FI\" \/>\n<meta property=\"og:type\" content=\"article\" \/>\n<meta property=\"og:title\" content=\"Kivijalkakasinoiden ja nettikasinoiden vertailu\" \/>\n<meta property=\"og:description\" content=\"Sek\u00e4 nettikasinot ett\u00e4 kivijalkakasinot tarjoavat pelaajille mahtavaa ajanvietett\u00e4 ja monia mahdollisuuksia.\" \/>\n<meta property=\"og:url\" content=\"https:\/\/gambling6.com\/fi\/kasino\/nettikasinot-vs-kivijalkakasinot\/\" \/>\n<meta property=\"og:site_name\" content=\"Gambling6\" \/>\n<meta property=\"article:modified_time\" content=\"2025-11-12T16:12:46+00:00\" \/>\n<meta property=\"og:image\" content=\"https:\/\/gambling6.com\/wp-content\/uploads\/2013\/12\/phil_ivey.jpg\" \/>\n\t<meta property=\"og:image:width\" content=\"250\" \/>\n\t<meta property=\"og:image:height\" content=\"304\" \/>\n\t<meta property=\"og:image:type\" content=\"image\/jpeg\" \/>\n<meta name=\"twitter:card\" content=\"summary_large_image\" \/>\n<meta name=\"twitter:label1\" content=\"Arvioitu lukuaika\" \/>\n\t<meta name=\"twitter:data1\" content=\"2 minuuttia\" \/>\n<script type=\"application\/ld+json\" class=\"yoast-schema-graph\">{\"@context\":\"https:\\\/\\\/schema.org\",\"@graph\":[{\"@type\":\"WebPage\",\"@id\":\"https:\\\/\\\/gambling6.com\\\/fi\\\/kasino\\\/nettikasinot-vs-kivijalkakasinot\\\/\",\"url\":\"https:\\\/\\\/gambling6.com\\\/fi\\\/kasino\\\/nettikasinot-vs-kivijalkakasinot\\\/\",\"name\":\"Kivijalkakasinoiden ja nettikasinoiden vertailu\",\"isPartOf\":{\"@id\":\"https:\\\/\\\/gambling6.com\\\/fi\\\/#website\"},\"primaryImageOfPage\":{\"@id\":\"https:\\\/\\\/gambling6.com\\\/fi\\\/kasino\\\/nettikasinot-vs-kivijalkakasinot\\\/#primaryimage\"},\"image\":{\"@id\":\"https:\\\/\\\/gambling6.com\\\/fi\\\/kasino\\\/nettikasinot-vs-kivijalkakasinot\\\/#primaryimage\"},\"thumbnailUrl\":\"https:\\\/\\\/gambling6.com\\\/wp-content\\\/uploads\\\/2013\\\/12\\\/phil_ivey-247x300.jpg\",\"datePublished\":\"2025-11-07T13:13:04+00:00\",\"dateModified\":\"2025-11-12T16:12:46+00:00\",\"description\":\"Sek\u00e4 nettikasinot ett\u00e4 kivijalkakasinot tarjoavat pelaajille mahtavaa ajanvietett\u00e4 ja monia mahdollisuuksia.\",\"breadcrumb\":{\"@id\":\"https:\\\/\\\/gambling6.com\\\/fi\\\/kasino\\\/nettikasinot-vs-kivijalkakasinot\\\/#breadcrumb\"},\"inLanguage\":\"fi\",\"potentialAction\":[{\"@type\":\"ReadAction\",\"target\":[\"https:\\\/\\\/gambling6.com\\\/fi\\\/kasino\\\/nettikasinot-vs-kivijalkakasinot\\\/\"]}]},{\"@type\":\"ImageObject\",\"inLanguage\":\"fi\",\"@id\":\"https:\\\/\\\/gambling6.com\\\/fi\\\/kasino\\\/nettikasinot-vs-kivijalkakasinot\\\/#primaryimage\",\"url\":\"https:\\\/\\\/gambling6.com\\\/wp-content\\\/uploads\\\/2013\\\/12\\\/phil_ivey-247x300.jpg\",\"contentUrl\":\"https:\\\/\\\/gambling6.com\\\/wp-content\\\/uploads\\\/2013\\\/12\\\/phil_ivey-247x300.jpg\"},{\"@type\":\"BreadcrumbList\",\"@id\":\"https:\\\/\\\/gambling6.com\\\/fi\\\/kasino\\\/nettikasinot-vs-kivijalkakasinot\\\/#breadcrumb\",\"itemListElement\":[{\"@type\":\"ListItem\",\"position\":1,\"name\":\"Home\",\"item\":\"https:\\\/\\\/gambling6.com\\\/fi\\\/home\\\/\"},{\"@type\":\"ListItem\",\"position\":2,\"name\":\"Kasino\",\"item\":\"https:\\\/\\\/gambling6.com\\\/fi\\\/get-started-with-online-gambling\\\/\"},{\"@type\":\"ListItem\",\"position\":3,\"name\":\"Nettikasinot vs. kivijalkakasinot\"}]},{\"@type\":\"WebSite\",\"@id\":\"https:\\\/\\\/gambling6.com\\\/fi\\\/#website\",\"url\":\"https:\\\/\\\/gambling6.com\\\/fi\\\/\",\"name\":\"Gambling6\",\"description\":\"\",\"potentialAction\":[{\"@type\":\"SearchAction\",\"target\":{\"@type\":\"EntryPoint\",\"urlTemplate\":\"https:\\\/\\\/gambling6.com\\\/fi\\\/?s={search_term_string}\"},\"query-input\":{\"@type\":\"PropertyValueSpecification\",\"valueRequired\":true,\"valueName\":\"search_term_string\"}}],\"inLanguage\":\"fi\"}]}<\/script>\n<!-- \/ Yoast SEO plugin. -->","yoast_head_json":{"title":"Kivijalkakasinoiden ja nettikasinoiden vertailu","description":"Sek\u00e4 nettikasinot ett\u00e4 kivijalkakasinot tarjoavat pelaajille mahtavaa ajanvietett\u00e4 ja monia mahdollisuuksia.","robots":{"index":"index","follow":"follow","max-snippet":"max-snippet:-1","max-image-preview":"max-image-preview:large","max-video-preview":"max-video-preview:-1"},"canonical":"https:\/\/gambling6.com\/fi\/kasino\/nettikasinot-vs-kivijalkakasinot\/","og_locale":"fi_FI","og_type":"article","og_title":"Kivijalkakasinoiden ja nettikasinoiden vertailu","og_description":"Sek\u00e4 nettikasinot ett\u00e4 kivijalkakasinot tarjoavat pelaajille mahtavaa ajanvietett\u00e4 ja monia mahdollisuuksia.","og_url":"https:\/\/gambling6.com\/fi\/kasino\/nettikasinot-vs-kivijalkakasinot\/","og_site_name":"Gambling6","article_modified_time":"2025-11-12T16:12:46+00:00","og_image":[{"width":250,"height":304,"url":"https:\/\/gambling6.com\/wp-content\/uploads\/2013\/12\/phil_ivey.jpg","type":"image\/jpeg"}],"twitter_card":"summary_large_image","twitter_misc":{"Arvioitu lukuaika":"2 minuuttia"},"schema":{"@context":"https:\/\/schema.org","@graph":[{"@type":"WebPage","@id":"https:\/\/gambling6.com\/fi\/kasino\/nettikasinot-vs-kivijalkakasinot\/","url":"https:\/\/gambling6.com\/fi\/kasino\/nettikasinot-vs-kivijalkakasinot\/","name":"Kivijalkakasinoiden ja nettikasinoiden vertailu","isPartOf":{"@id":"https:\/\/gambling6.com\/fi\/#website"},"primaryImageOfPage":{"@id":"https:\/\/gambling6.com\/fi\/kasino\/nettikasinot-vs-kivijalkakasinot\/#primaryimage"},"image":{"@id":"https:\/\/gambling6.com\/fi\/kasino\/nettikasinot-vs-kivijalkakasinot\/#primaryimage"},"thumbnailUrl":"https:\/\/gambling6.com\/wp-content\/uploads\/2013\/12\/phil_ivey-247x300.jpg","datePublished":"2025-11-07T13:13:04+00:00","dateModified":"2025-11-12T16:12:46+00:00","description":"Sek\u00e4 nettikasinot ett\u00e4 kivijalkakasinot tarjoavat pelaajille mahtavaa ajanvietett\u00e4 ja monia mahdollisuuksia.","breadcrumb":{"@id":"https:\/\/gambling6.com\/fi\/kasino\/nettikasinot-vs-kivijalkakasinot\/#breadcrumb"},"inLanguage":"fi","potentialAction":[{"@type":"ReadAction","target":["https:\/\/gambling6.com\/fi\/kasino\/nettikasinot-vs-kivijalkakasinot\/"]}]},{"@type":"ImageObject","inLanguage":"fi","@id":"https:\/\/gambling6.com\/fi\/kasino\/nettikasinot-vs-kivijalkakasinot\/#primaryimage","url":"https:\/\/gambling6.com\/wp-content\/uploads\/2013\/12\/phil_ivey-247x300.jpg","contentUrl":"https:\/\/gambling6.com\/wp-content\/uploads\/2013\/12\/phil_ivey-247x300.jpg"},{"@type":"BreadcrumbList","@id":"https:\/\/gambling6.com\/fi\/kasino\/nettikasinot-vs-kivijalkakasinot\/#breadcrumb","itemListElement":[{"@type":"ListItem","position":1,"name":"Home","item":"https:\/\/gambling6.com\/fi\/home\/"},{"@type":"ListItem","position":2,"name":"Kasino","item":"https:\/\/gambling6.com\/fi\/get-started-with-online-gambling\/"},{"@type":"ListItem","position":3,"name":"Nettikasinot vs. kivijalkakasinot"}]},{"@type":"WebSite","@id":"https:\/\/gambling6.com\/fi\/#website","url":"https:\/\/gambling6.com\/fi\/","name":"Gambling6","description":"","potentialAction":[{"@type":"SearchAction","target":{"@type":"EntryPoint","urlTemplate":"https:\/\/gambling6.com\/fi\/?s={search_term_string}"},"query-input":{"@type":"PropertyValueSpecification","valueRequired":true,"valueName":"search_term_string"}}],"inLanguage":"fi"}]}},"_links":{"self":[{"href":"https:\/\/gambling6.com\/fi\/wp-json\/wp\/v2\/pages\/8371","targetHints":{"allow":["GET"]}}],"collection":[{"href":"https:\/\/gambling6.com\/fi\/wp-json\/wp\/v2\/pages"}],"about":[{"href":"https:\/\/gambling6.com\/fi\/wp-json\/wp\/v2\/types\/page"}],"author":[{"embeddable":true,"href":"https:\/\/gambling6.com\/fi\/wp-json\/wp\/v2\/users\/1"}],"replies":[{"embeddable":true,"href":"https:\/\/gambling6.com\/fi\/wp-json\/wp\/v2\/comments?post=8371"}],"version-history":[{"count":1,"href":"https:\/\/gambling6.com\/fi\/wp-json\/wp\/v2\/pages\/8371\/revisions"}],"predecessor-version":[{"id":10670,"href":"https:\/\/gambling6.com\/fi\/wp-json\/wp\/v2\/pages\/8371\/revisions\/10670"}],"up":[{"embeddable":true,"href":"https:\/\/gambling6.com\/fi\/wp-json\/wp\/v2\/pages\/8287"}],"wp:attachment":[{"href":"https:\/\/gambling6.com\/fi\/wp-json\/wp\/v2\/media?parent=8371"}],"curies":[{"name":"wp","href":"https:\/\/api.w.org\/{rel}","templated":true}]}}