{"id":8395,"date":"2025-11-07T15:59:44","date_gmt":"2025-11-07T15:59:44","guid":{"rendered":"https:\/\/gambling6.com\/kasino\/viisi-tarkeinta-syyta-liittya-nettikasinolle\/"},"modified":"2025-11-12T16:30:17","modified_gmt":"2025-11-12T16:30:17","slug":"viisi-tarkeinta-syyta-liittya-nettikasinolle","status":"publish","type":"page","link":"https:\/\/gambling6.com\/fi\/kasino\/viisi-tarkeinta-syyta-liittya-nettikasinolle\/","title":{"rendered":"Viisi t\u00e4rkeint\u00e4 syyt\u00e4 liitty\u00e4 nettikasinolle"},"content":{"rendered":"<h2>Miksi sinun kannattaa liitty\u00e4 nettikasinolle<\/h2>\n<h2>Monet asiat tekev\u00e4t nettikasinoista niin upeita<\/h2>\n<p><img loading=\"lazy\" decoding=\"async\" class=\"size-medium wp-image-318 alignright\" src=\"https:\/\/gambling6.com\/wp-content\/uploads\/2013\/12\/classic-casino-games-300x179.jpg\" alt=\"online-kasino\" width=\"300\" height=\"179\" srcset=\"https:\/\/gambling6.com\/wp-content\/uploads\/2013\/12\/classic-casino-games-300x179.jpg 300w, https:\/\/gambling6.com\/wp-content\/uploads\/2013\/12\/classic-casino-games.jpg 612w\" sizes=\"auto, (max-width: 300px) 100vw, 300px\" \/>Jokaisella nettikasinopelaajalla on omat henkil\u00f6kohtaiset syyns\u00e4 pelata kasinopelej\u00e4 internetiss\u00e4. Jotkut syyt ovat kuitenkin suositumpia. Kun pelaajat p\u00e4\u00e4tt\u00e4v\u00e4t siirt\u00e4\u00e4 pelaamisensa verkkoon, he n\u00e4kev\u00e4t, ett\u00e4 aivan uusi maailma avautuu heid\u00e4n silmiens\u00e4 eteen. Nettikasinoita on monenlaisia, joten pelaajat voivat etsi\u00e4, kunnes l\u00f6yt\u00e4v\u00e4t itselleen sopivan.<\/p>\n<p>Suosikkinettikasinomme, 888:n, kanssa et voi menn\u00e4 vikaan. <a class=\"thirstylink\" title=\"888 casino en\" href=\"https:\/\/gambling6.com\/go\/888-casino-en\/\" target=\"_blank\" rel=\"nofollow noopener\">T\u00e4m\u00e4 linkki vie sinut heid\u00e4n verkkosivustolleen ja takaa sinulle mukavan bonuksen jopa 1500 \u20ac.<\/a><\/p>\n<h2>T\u00e4ss\u00e4 on viisi t\u00e4rkeint\u00e4 syyt\u00e4, miksi useimmat pelaajat liittyv\u00e4t nettikasinolle:<\/h2>\n<ol>\n<li>Yksi \u200b\u200bparhaista syist\u00e4 liitty\u00e4 nettikasinolle on bonukset. Nettikasinobonuksia on monenlaisia, ja jokainen kasino antaa pelaajiensa nauttia niist\u00e4, jotka se katsoo sopiviksi. Jotkut bonukset voivat kuitenkin olla todella arvokkaita ja jopa tarjota pelaajille mahdollisuuden saada satoja tai jopa tuhansia dollareita ilmaiseksi. Nettikasinoilla usein esiintyvi\u00e4 bonuksia ovat tervetuliaisbonukset, reload-bonukset, pelibonukset ja suosittelubonukset. Pelaajat haluavat lukea bonusvaatimukset, jotta he tiet\u00e4v\u00e4t, miten he voivat pysy\u00e4 oikeutettuina siihen ja mit\u00e4 heid\u00e4n on teht\u00e4v\u00e4 sen lunastamiseksi.<\/li>\n<li>Toinen t\u00e4rke\u00e4 syy, miksi monet pelaajat liittyv\u00e4t nettikasinoille, on pelien m\u00e4\u00e4r\u00e4, joita he voivat pelata yhdess\u00e4 paikassa. Kun pelaajat menev\u00e4t johonkin suosituista nettikasinoista, he voivat siirty\u00e4 pelist\u00e4 toiseen poistumatta koskaan paikoiltaan. Heid\u00e4n ei tarvitse huolehtia odottamisesta paikan vapautumista tai muista kivijalkakasinoilla pelaamiseen liittyvist\u00e4 ongelmista. Pelit ovat helposti saatavilla ja niit\u00e4 j\u00e4rjestet\u00e4\u00e4n aina, kunhan pelaaja on valinnut jonkin suosituimmista kasinoista.<\/li>\n<li>Yksi \u200b\u200bsyy, miksi monet pelaajat k\u00e4\u00e4ntyv\u00e4t nettikasinoiden puoleen, on taloudellinen. Pelaajien, jotka viett\u00e4v\u00e4t aikaa nettikasinoilla, ei tarvitse maksaa esimerkiksi bensasta, lipuista, hotellimajoituksesta, ulkona sy\u00f6misest\u00e4 tai muista kuluista, joita he kohtaavat suunnitellessaan matkaa kivijalkakasinoille. T\u00e4m\u00e4 tarkoittaa, ett\u00e4 pelaajilla on enemm\u00e4n rahaa k\u00e4ytett\u00e4v\u00e4ksi peleihin, mik\u00e4 on aina hyv\u00e4 asia.<\/li>\n<li>Jotkut pelaajat el\u00e4v\u00e4t hektist\u00e4 ja kiireist\u00e4 el\u00e4m\u00e4\u00e4. T\u00e4m\u00e4 tarkoittaa, ett\u00e4 heid\u00e4n voi olla eritt\u00e4in vaikea p\u00e4\u00e4st\u00e4 edes kivijalkakasinoille. Nettikasinot ovat kuitenkin aina heid\u00e4n k\u00e4ytett\u00e4viss\u00e4\u00e4n. Vaikka he voisivat kirjautua sis\u00e4\u00e4n vain muutaman minuutin p\u00e4iv\u00e4n aikana, he voivat ainakin pelata v\u00e4h\u00e4n liittym\u00e4ll\u00e4 nettikasinoon.<\/li>\n<li>Toinen ehdoton etu nettikasinoilla pelaamisessa on se, ett\u00e4 pelaajilla on t\u00e4ysi hallinta pelikokemuksestaan. He valitsevat kasinon, bonukset, kampanjat ja pelit ja voivat mukauttaa monia eri nettikasinopelien ominaisuuksia.<\/li>\n<\/ol>\n<p>Jokainen, joka etsii hyv\u00e4\u00e4 nettikasinoa, joka tekee kaikesta turvallista ja yksinkertaista, haluaa lukea arvosteluja ja l\u00f6yt\u00e4\u00e4 sellaisen, joka toimii luotettavalla ohjelmistolla, tarjoaa erinomaista tukea ja tarjoaa monia pelej\u00e4.<\/p>\n","protected":false},"excerpt":{"rendered":"<p>Miksi sinun kannattaa liitty\u00e4 nettikasinolle Monet asiat tekev\u00e4t nettikasinoista niin upeita Jokaisella nettikasinopelaajalla on omat henkil\u00f6kohtaiset syyns\u00e4 pelata kasinopelej\u00e4 internetiss\u00e4. Jotkut syyt ovat kuitenkin suositumpia. Kun pelaajat p\u00e4\u00e4tt\u00e4v\u00e4t siirt\u00e4\u00e4 pelaamisensa verkkoon, he n\u00e4kev\u00e4t, ett\u00e4 aivan uusi maailma avautuu heid\u00e4n silmiens\u00e4 eteen. Nettikasinoita on monenlaisia, joten pelaajat voivat etsi\u00e4, kunnes l\u00f6yt\u00e4v\u00e4t itselleen sopivan. Suosikkinettikasinomme, 888:n, kanssa [&hellip;]<\/p>\n","protected":false},"author":1,"featured_media":0,"parent":8287,"menu_order":30,"comment_status":"closed","ping_status":"closed","template":"","meta":{"footnotes":""},"class_list":["post-8395","page","type-page","status-publish","hentry"],"yoast_head":"<!-- This site is optimized with the Yoast SEO plugin v27.4 - https:\/\/yoast.com\/product\/yoast-seo-wordpress\/ -->\n<title>Syit\u00e4 liitty\u00e4 nettikasinolle<\/title>\n<meta name=\"description\" content=\"Nettikasinoilla on paljon tarjottavaa pelaajille, jotka etsiv\u00e4t hauskaa ajanvietett\u00e4 ja monia mahdollisuuksia voittaa.\" \/>\n<meta name=\"robots\" content=\"index, follow, max-snippet:-1, max-image-preview:large, max-video-preview:-1\" \/>\n<link rel=\"canonical\" href=\"https:\/\/gambling6.com\/fi\/kasino\/viisi-tarkeinta-syyta-liittya-nettikasinolle\/\" \/>\n<meta property=\"og:locale\" content=\"fi_FI\" \/>\n<meta property=\"og:type\" content=\"article\" \/>\n<meta property=\"og:title\" content=\"Syit\u00e4 liitty\u00e4 nettikasinolle\" \/>\n<meta property=\"og:description\" content=\"Nettikasinoilla on paljon tarjottavaa pelaajille, jotka etsiv\u00e4t hauskaa ajanvietett\u00e4 ja monia mahdollisuuksia voittaa.\" \/>\n<meta property=\"og:url\" content=\"https:\/\/gambling6.com\/fi\/kasino\/viisi-tarkeinta-syyta-liittya-nettikasinolle\/\" \/>\n<meta property=\"og:site_name\" content=\"Gambling6\" \/>\n<meta property=\"article:modified_time\" content=\"2025-11-12T16:30:17+00:00\" \/>\n<meta property=\"og:image\" content=\"https:\/\/gambling6.com\/wp-content\/uploads\/2013\/12\/classic-casino-games.jpg\" \/>\n\t<meta property=\"og:image:width\" content=\"612\" \/>\n\t<meta property=\"og:image:height\" content=\"366\" \/>\n\t<meta property=\"og:image:type\" content=\"image\/jpeg\" \/>\n<meta name=\"twitter:card\" content=\"summary_large_image\" \/>\n<meta name=\"twitter:label1\" content=\"Arvioitu lukuaika\" \/>\n\t<meta name=\"twitter:data1\" content=\"2 minuuttia\" \/>\n<script type=\"application\/ld+json\" class=\"yoast-schema-graph\">{\"@context\":\"https:\\\/\\\/schema.org\",\"@graph\":[{\"@type\":\"WebPage\",\"@id\":\"https:\\\/\\\/gambling6.com\\\/fi\\\/kasino\\\/viisi-tarkeinta-syyta-liittya-nettikasinolle\\\/\",\"url\":\"https:\\\/\\\/gambling6.com\\\/fi\\\/kasino\\\/viisi-tarkeinta-syyta-liittya-nettikasinolle\\\/\",\"name\":\"Syit\u00e4 liitty\u00e4 nettikasinolle\",\"isPartOf\":{\"@id\":\"https:\\\/\\\/gambling6.com\\\/fi\\\/#website\"},\"primaryImageOfPage\":{\"@id\":\"https:\\\/\\\/gambling6.com\\\/fi\\\/kasino\\\/viisi-tarkeinta-syyta-liittya-nettikasinolle\\\/#primaryimage\"},\"image\":{\"@id\":\"https:\\\/\\\/gambling6.com\\\/fi\\\/kasino\\\/viisi-tarkeinta-syyta-liittya-nettikasinolle\\\/#primaryimage\"},\"thumbnailUrl\":\"https:\\\/\\\/gambling6.com\\\/wp-content\\\/uploads\\\/2013\\\/12\\\/classic-casino-games-300x179.jpg\",\"datePublished\":\"2025-11-07T15:59:44+00:00\",\"dateModified\":\"2025-11-12T16:30:17+00:00\",\"description\":\"Nettikasinoilla on paljon tarjottavaa pelaajille, jotka etsiv\u00e4t hauskaa ajanvietett\u00e4 ja monia mahdollisuuksia voittaa.\",\"breadcrumb\":{\"@id\":\"https:\\\/\\\/gambling6.com\\\/fi\\\/kasino\\\/viisi-tarkeinta-syyta-liittya-nettikasinolle\\\/#breadcrumb\"},\"inLanguage\":\"fi\",\"potentialAction\":[{\"@type\":\"ReadAction\",\"target\":[\"https:\\\/\\\/gambling6.com\\\/fi\\\/kasino\\\/viisi-tarkeinta-syyta-liittya-nettikasinolle\\\/\"]}]},{\"@type\":\"ImageObject\",\"inLanguage\":\"fi\",\"@id\":\"https:\\\/\\\/gambling6.com\\\/fi\\\/kasino\\\/viisi-tarkeinta-syyta-liittya-nettikasinolle\\\/#primaryimage\",\"url\":\"https:\\\/\\\/gambling6.com\\\/wp-content\\\/uploads\\\/2013\\\/12\\\/classic-casino-games-300x179.jpg\",\"contentUrl\":\"https:\\\/\\\/gambling6.com\\\/wp-content\\\/uploads\\\/2013\\\/12\\\/classic-casino-games-300x179.jpg\"},{\"@type\":\"BreadcrumbList\",\"@id\":\"https:\\\/\\\/gambling6.com\\\/fi\\\/kasino\\\/viisi-tarkeinta-syyta-liittya-nettikasinolle\\\/#breadcrumb\",\"itemListElement\":[{\"@type\":\"ListItem\",\"position\":1,\"name\":\"Home\",\"item\":\"https:\\\/\\\/gambling6.com\\\/fi\\\/home\\\/\"},{\"@type\":\"ListItem\",\"position\":2,\"name\":\"Kasino\",\"item\":\"https:\\\/\\\/gambling6.com\\\/fi\\\/get-started-with-online-gambling\\\/\"},{\"@type\":\"ListItem\",\"position\":3,\"name\":\"Viisi t\u00e4rkeint\u00e4 syyt\u00e4 liitty\u00e4 nettikasinolle\"}]},{\"@type\":\"WebSite\",\"@id\":\"https:\\\/\\\/gambling6.com\\\/fi\\\/#website\",\"url\":\"https:\\\/\\\/gambling6.com\\\/fi\\\/\",\"name\":\"Gambling6\",\"description\":\"\",\"potentialAction\":[{\"@type\":\"SearchAction\",\"target\":{\"@type\":\"EntryPoint\",\"urlTemplate\":\"https:\\\/\\\/gambling6.com\\\/fi\\\/?s={search_term_string}\"},\"query-input\":{\"@type\":\"PropertyValueSpecification\",\"valueRequired\":true,\"valueName\":\"search_term_string\"}}],\"inLanguage\":\"fi\"}]}<\/script>\n<!-- \/ Yoast SEO plugin. -->","yoast_head_json":{"title":"Syit\u00e4 liitty\u00e4 nettikasinolle","description":"Nettikasinoilla on paljon tarjottavaa pelaajille, jotka etsiv\u00e4t hauskaa ajanvietett\u00e4 ja monia mahdollisuuksia voittaa.","robots":{"index":"index","follow":"follow","max-snippet":"max-snippet:-1","max-image-preview":"max-image-preview:large","max-video-preview":"max-video-preview:-1"},"canonical":"https:\/\/gambling6.com\/fi\/kasino\/viisi-tarkeinta-syyta-liittya-nettikasinolle\/","og_locale":"fi_FI","og_type":"article","og_title":"Syit\u00e4 liitty\u00e4 nettikasinolle","og_description":"Nettikasinoilla on paljon tarjottavaa pelaajille, jotka etsiv\u00e4t hauskaa ajanvietett\u00e4 ja monia mahdollisuuksia voittaa.","og_url":"https:\/\/gambling6.com\/fi\/kasino\/viisi-tarkeinta-syyta-liittya-nettikasinolle\/","og_site_name":"Gambling6","article_modified_time":"2025-11-12T16:30:17+00:00","og_image":[{"width":612,"height":366,"url":"https:\/\/gambling6.com\/wp-content\/uploads\/2013\/12\/classic-casino-games.jpg","type":"image\/jpeg"}],"twitter_card":"summary_large_image","twitter_misc":{"Arvioitu lukuaika":"2 minuuttia"},"schema":{"@context":"https:\/\/schema.org","@graph":[{"@type":"WebPage","@id":"https:\/\/gambling6.com\/fi\/kasino\/viisi-tarkeinta-syyta-liittya-nettikasinolle\/","url":"https:\/\/gambling6.com\/fi\/kasino\/viisi-tarkeinta-syyta-liittya-nettikasinolle\/","name":"Syit\u00e4 liitty\u00e4 nettikasinolle","isPartOf":{"@id":"https:\/\/gambling6.com\/fi\/#website"},"primaryImageOfPage":{"@id":"https:\/\/gambling6.com\/fi\/kasino\/viisi-tarkeinta-syyta-liittya-nettikasinolle\/#primaryimage"},"image":{"@id":"https:\/\/gambling6.com\/fi\/kasino\/viisi-tarkeinta-syyta-liittya-nettikasinolle\/#primaryimage"},"thumbnailUrl":"https:\/\/gambling6.com\/wp-content\/uploads\/2013\/12\/classic-casino-games-300x179.jpg","datePublished":"2025-11-07T15:59:44+00:00","dateModified":"2025-11-12T16:30:17+00:00","description":"Nettikasinoilla on paljon tarjottavaa pelaajille, jotka etsiv\u00e4t hauskaa ajanvietett\u00e4 ja monia mahdollisuuksia voittaa.","breadcrumb":{"@id":"https:\/\/gambling6.com\/fi\/kasino\/viisi-tarkeinta-syyta-liittya-nettikasinolle\/#breadcrumb"},"inLanguage":"fi","potentialAction":[{"@type":"ReadAction","target":["https:\/\/gambling6.com\/fi\/kasino\/viisi-tarkeinta-syyta-liittya-nettikasinolle\/"]}]},{"@type":"ImageObject","inLanguage":"fi","@id":"https:\/\/gambling6.com\/fi\/kasino\/viisi-tarkeinta-syyta-liittya-nettikasinolle\/#primaryimage","url":"https:\/\/gambling6.com\/wp-content\/uploads\/2013\/12\/classic-casino-games-300x179.jpg","contentUrl":"https:\/\/gambling6.com\/wp-content\/uploads\/2013\/12\/classic-casino-games-300x179.jpg"},{"@type":"BreadcrumbList","@id":"https:\/\/gambling6.com\/fi\/kasino\/viisi-tarkeinta-syyta-liittya-nettikasinolle\/#breadcrumb","itemListElement":[{"@type":"ListItem","position":1,"name":"Home","item":"https:\/\/gambling6.com\/fi\/home\/"},{"@type":"ListItem","position":2,"name":"Kasino","item":"https:\/\/gambling6.com\/fi\/get-started-with-online-gambling\/"},{"@type":"ListItem","position":3,"name":"Viisi t\u00e4rkeint\u00e4 syyt\u00e4 liitty\u00e4 nettikasinolle"}]},{"@type":"WebSite","@id":"https:\/\/gambling6.com\/fi\/#website","url":"https:\/\/gambling6.com\/fi\/","name":"Gambling6","description":"","potentialAction":[{"@type":"SearchAction","target":{"@type":"EntryPoint","urlTemplate":"https:\/\/gambling6.com\/fi\/?s={search_term_string}"},"query-input":{"@type":"PropertyValueSpecification","valueRequired":true,"valueName":"search_term_string"}}],"inLanguage":"fi"}]}},"_links":{"self":[{"href":"https:\/\/gambling6.com\/fi\/wp-json\/wp\/v2\/pages\/8395","targetHints":{"allow":["GET"]}}],"collection":[{"href":"https:\/\/gambling6.com\/fi\/wp-json\/wp\/v2\/pages"}],"about":[{"href":"https:\/\/gambling6.com\/fi\/wp-json\/wp\/v2\/types\/page"}],"author":[{"embeddable":true,"href":"https:\/\/gambling6.com\/fi\/wp-json\/wp\/v2\/users\/1"}],"replies":[{"embeddable":true,"href":"https:\/\/gambling6.com\/fi\/wp-json\/wp\/v2\/comments?post=8395"}],"version-history":[{"count":2,"href":"https:\/\/gambling6.com\/fi\/wp-json\/wp\/v2\/pages\/8395\/revisions"}],"predecessor-version":[{"id":10676,"href":"https:\/\/gambling6.com\/fi\/wp-json\/wp\/v2\/pages\/8395\/revisions\/10676"}],"up":[{"embeddable":true,"href":"https:\/\/gambling6.com\/fi\/wp-json\/wp\/v2\/pages\/8287"}],"wp:attachment":[{"href":"https:\/\/gambling6.com\/fi\/wp-json\/wp\/v2\/media?parent=8395"}],"curies":[{"name":"wp","href":"https:\/\/api.w.org\/{rel}","templated":true}]}}