{"id":8429,"date":"2025-11-07T17:34:12","date_gmt":"2025-11-07T17:34:12","guid":{"rendered":"https:\/\/gambling6.com\/vinkkeja-parhaisiin-bingosivustoihin\/"},"modified":"2025-11-07T19:02:41","modified_gmt":"2025-11-07T19:02:41","slug":"vinkkeja-parhaisiin-bingosivustoihin","status":"publish","type":"page","link":"https:\/\/gambling6.com\/fi\/bingo\/vinkkeja-parhaisiin-bingosivustoihin\/","title":{"rendered":"Vinkkej\u00e4 parhaisiin bingosivustoihin"},"content":{"rendered":"<h2>Bingosivuston valitseminen<\/h2>\n<p>Bingo on j\u00e4nnitt\u00e4v\u00e4 peli, joka vaatii paljon v\u00e4hemm\u00e4n taitoa kuin pelit, kuten blackjack tai pokeri. Peli houkuttelee monia ihmisi\u00e4 yksinkertaisuudellaan. Se ei vaadi monimutkaisten s\u00e4\u00e4nt\u00f6jen tai strategioiden oppimista. Lis\u00e4ksi bingokorttien pelaaminen on halvempaa. Monet sivustot tarjoavat t\u00e4t\u00e4 peli\u00e4 verkossa. Voit liitty\u00e4 johonkin niist\u00e4 ja pelata peli\u00e4 jopa pienell\u00e4 rahasummalla.<img loading=\"lazy\" decoding=\"async\" class=\" alignright size-full wp-image-213\" style=\"margin: 5px; float: right;\" src=\"http:\/\/gambling6.com\/wp-content\/uploads\/2013\/12\/img_110.png\" alt=\"valitse paras bingosivusto\" width=\"288\" height=\"175\" \/><\/p>\n<p>Koska bingosivustoja on niin paljon,<strong>parhaan online-bingosivuston l\u00f6yt\u00e4minen voi olla melkoinen haaste<\/strong>. Siksi on suositeltavaa ottaa huomioon t\u00e4rkeimm\u00e4t tekij\u00e4t ja p\u00e4\u00e4tt\u00e4\u00e4, sopiiko sivusto sinulle.<\/p>\n<ul>\n<li><strong>Maine ja kokemus<\/strong><\/li>\n<\/ul>\n<p>Varmista, ett\u00e4 valitset bingosivuston, joka on toiminut alalla pitk\u00e4\u00e4n ja jolla on vahva maine hyv\u00e4n pelikokemuksen tarjoajana. Voit tarkistaa t\u00e4m\u00e4n lukemalla ammattilaisten ja oikeiden pelaajien arvosteluja. Bingosivusto, jolla on paljon pelaajia, voi olla luotettava, sill\u00e4 pelaajat eiv\u00e4t halua j\u00e4\u00e4d\u00e4 sivustolle, joka ei tarjoa nautinnollista pelikokemusta.<\/p>\n<p><a href=\"https:\/\/record.revenueplanet.com\/_BoBybWC_aAPUOsjNOfgKefwM06wa-Rwt\/1\/\" target=\"_new\"><img loading=\"lazy\" decoding=\"async\" class=\"aligncenter\" style=\"border: none;\" src=\"https:\/\/media.revenueplanet.com\/uploads\/nbb-468x60-nov-generic.gif\" alt=\"BingoBilly Free Bingo\" width=\"686\" height=\"88\" \/><\/a><\/p>\n<ul>\n<li><strong>Tarjolla olevat pelit<\/strong><\/li>\n<\/ul>\n<p>Valitsemasi sivuston on tarjottava laaja valikoima pelej\u00e4. <strong>Bingo<\/strong> on saatavilla eri muodoissa. 90-pallon, 80-pallon, 75-pallon, mini, quickie, coverall, bonanza ja pattern ovat joitakin pelin suosituimmista muunnelmista. Sivuston valitseminen, joka tarjoaa kaikkia n\u00e4it\u00e4 muunnelmia, auttaa sinua nauttimaan pelien pelaamisesta ilman tylsistymist\u00e4.<\/p>\n<ul>\n<li><strong>Bonus<\/strong><\/li>\n<\/ul>\n<p>Vaikka ei ole suositeltavaa tehd\u00e4 p\u00e4\u00e4t\u00f6st\u00e4 pelisivuston tarjoaman bonuksen perusteella, sivusto, jolla on korkein bonus, ei v\u00e4ltt\u00e4m\u00e4tt\u00e4 ole paras bingosivusto sinulle. Hy\u00f6dylliset ominaisuudet ja laaja pelivalikoima ovat ehdottomasti t\u00e4rke\u00e4mpi\u00e4 n\u00e4k\u00f6kohtia. Useimmat bingosivustot tarjoavat tervetuliaisbonuksen. Kun teet ensimm\u00e4isen talletuksesi, tervetuliaisbonus talletetaan tilillesi automaattisesti. Voit k\u00e4ytt\u00e4\u00e4 t\u00e4t\u00e4 bonusta pelataksesi enemm\u00e4n. Muista lukea bonukseen liittyv\u00e4t ehdot. Yleens\u00e4 bonus tulee k\u00e4ytt\u00e4\u00e4 kuukauden kuluessa.<\/p>\n<ul>\n<li><strong>Talletus- ja kotiutustavat<\/strong><\/li>\n<\/ul>\n<p>Paras bingosivusto tarjoaa useita talletustapoja, jotta voit valita itsellesi sopivimman. Se tarjoaa my\u00f6s erilaisia \u200b\u200bvaihtoehtoja voittojen kotiuttamiseen. Tilin luominen on helppoa. Voit helposti suorittaa heid\u00e4n online-rekister\u00f6intins\u00e4 ja pankkitietonsa.<\/p>\n<ul>\n<li><strong>Asiakaspalvelu<\/strong><\/li>\n<\/ul>\n<p>Voit tarkistaa, tarjoaako pelisivusto parasta asiakaspalvelua. Parhaalla sivustolla on hyvin koulutettu asiakastiimi, joka vastaa kysymyksiisi ja ratkaisee ongelmasi nopeasti. Olitpa sitten jumissa tilin avaamisessa tai voittojen kotiuttamisessa, voit saada heid\u00e4n apuaan milloin tahansa. He tarjoavat live-chatin, puhelimen ja s\u00e4hk\u00f6postin tukea ratkaistakseen huolenaiheesi ammattimaisesti.<\/p>\n<p>Kaikkien n\u00e4iden asioiden huomioon ottaminen voi auttaa sinua valitsemaan fantastisen online-bingosivuston. Henkil\u00f6kohtaisesti pid\u00e4mme Bingo Billyst\u00e4. Vaikka asuisit Yhdysvalloissa, <span style=\"box-sizing: border-box; margin: 0px; padding: 0px;\">voit silti pelata\u00a0<a href=\"https:\/\/gambling6.com\/go\/bingobilly-en\/\" target=\"_blank\" rel=\"noopener\">Bingo Billyll\u00e4\u2014<\/a><\/span><a class=\"thirstylink\" title=\"Bingo Billy en\" href=\"https:\/\/gambling6.com\/go\/bingobilly-en\/\" target=\"_blank\" rel=\"nofollow noopener\">seuraa t\u00e4t\u00e4 linkki\u00e4 heid\u00e4n verkkosivustolleen.<\/a><\/p>\n","protected":false},"excerpt":{"rendered":"<p>Bingosivuston valitseminen Bingo on j\u00e4nnitt\u00e4v\u00e4 peli, joka vaatii paljon v\u00e4hemm\u00e4n taitoa kuin pelit, kuten blackjack tai pokeri. Peli houkuttelee monia ihmisi\u00e4 yksinkertaisuudellaan. Se ei vaadi monimutkaisten s\u00e4\u00e4nt\u00f6jen tai strategioiden oppimista. Lis\u00e4ksi bingokorttien pelaaminen on halvempaa. Monet sivustot tarjoavat t\u00e4t\u00e4 peli\u00e4 verkossa. Voit liitty\u00e4 johonkin niist\u00e4 ja pelata peli\u00e4 jopa pienell\u00e4 rahasummalla. Koska bingosivustoja on niin [&hellip;]<\/p>\n","protected":false},"author":1,"featured_media":8431,"parent":8495,"menu_order":5,"comment_status":"closed","ping_status":"closed","template":"","meta":{"footnotes":""},"class_list":["post-8429","page","type-page","status-publish","has-post-thumbnail","hentry"],"yoast_head":"<!-- This site is optimized with the Yoast SEO plugin v27.5 - https:\/\/yoast.com\/product\/yoast-seo-wordpress\/ -->\n<title>Bingovinkkej\u00e4 - Mitk\u00e4 ovat parhaat bingosivustot?<\/title>\n<meta name=\"description\" content=\"Parhaan bingosivuston valitseminen on t\u00e4rke\u00e4\u00e4 - mutta mink\u00e4 sivuston sinun pit\u00e4isi valita? L\u00f6yd\u00e4 vastaukset t\u00e4\u00e4lt\u00e4\" \/>\n<meta name=\"robots\" content=\"index, follow, max-snippet:-1, max-image-preview:large, max-video-preview:-1\" \/>\n<link rel=\"canonical\" href=\"https:\/\/gambling6.com\/fi\/bingo\/vinkkeja-parhaisiin-bingosivustoihin\/\" \/>\n<meta property=\"og:locale\" content=\"fi_FI\" \/>\n<meta property=\"og:type\" content=\"article\" \/>\n<meta property=\"og:title\" content=\"Bingovinkkej\u00e4 - Mitk\u00e4 ovat parhaat bingosivustot?\" \/>\n<meta property=\"og:description\" content=\"Parhaan bingosivuston valitseminen on t\u00e4rke\u00e4\u00e4 - mutta mink\u00e4 sivuston sinun pit\u00e4isi valita? L\u00f6yd\u00e4 vastaukset t\u00e4\u00e4lt\u00e4\" \/>\n<meta property=\"og:url\" content=\"https:\/\/gambling6.com\/fi\/bingo\/vinkkeja-parhaisiin-bingosivustoihin\/\" \/>\n<meta property=\"og:site_name\" content=\"Gambling6\" \/>\n<meta property=\"article:modified_time\" content=\"2025-11-07T19:02:41+00:00\" \/>\n<meta property=\"og:image\" content=\"https:\/\/gambling6.com\/wp-content\/uploads\/2013\/12\/img_110.png\" \/>\n\t<meta property=\"og:image:width\" content=\"288\" \/>\n\t<meta property=\"og:image:height\" content=\"175\" \/>\n\t<meta property=\"og:image:type\" content=\"image\/png\" \/>\n<meta name=\"twitter:card\" content=\"summary_large_image\" \/>\n<meta name=\"twitter:label1\" content=\"Arvioitu lukuaika\" \/>\n\t<meta name=\"twitter:data1\" content=\"2 minuuttia\" \/>\n<script type=\"application\/ld+json\" class=\"yoast-schema-graph\">{\"@context\":\"https:\\\/\\\/schema.org\",\"@graph\":[{\"@type\":\"WebPage\",\"@id\":\"https:\\\/\\\/gambling6.com\\\/fi\\\/bingo\\\/vinkkeja-parhaisiin-bingosivustoihin\\\/\",\"url\":\"https:\\\/\\\/gambling6.com\\\/fi\\\/bingo\\\/vinkkeja-parhaisiin-bingosivustoihin\\\/\",\"name\":\"Bingovinkkej\u00e4 - Mitk\u00e4 ovat parhaat bingosivustot?\",\"isPartOf\":{\"@id\":\"https:\\\/\\\/gambling6.com\\\/fi\\\/#website\"},\"primaryImageOfPage\":{\"@id\":\"https:\\\/\\\/gambling6.com\\\/fi\\\/bingo\\\/vinkkeja-parhaisiin-bingosivustoihin\\\/#primaryimage\"},\"image\":{\"@id\":\"https:\\\/\\\/gambling6.com\\\/fi\\\/bingo\\\/vinkkeja-parhaisiin-bingosivustoihin\\\/#primaryimage\"},\"thumbnailUrl\":\"https:\\\/\\\/gambling6.com\\\/wp-content\\\/uploads\\\/2013\\\/12\\\/img_110.png\",\"datePublished\":\"2025-11-07T17:34:12+00:00\",\"dateModified\":\"2025-11-07T19:02:41+00:00\",\"description\":\"Parhaan bingosivuston valitseminen on t\u00e4rke\u00e4\u00e4 - mutta mink\u00e4 sivuston sinun pit\u00e4isi valita? L\u00f6yd\u00e4 vastaukset t\u00e4\u00e4lt\u00e4\",\"breadcrumb\":{\"@id\":\"https:\\\/\\\/gambling6.com\\\/fi\\\/bingo\\\/vinkkeja-parhaisiin-bingosivustoihin\\\/#breadcrumb\"},\"inLanguage\":\"fi\",\"potentialAction\":[{\"@type\":\"ReadAction\",\"target\":[\"https:\\\/\\\/gambling6.com\\\/fi\\\/bingo\\\/vinkkeja-parhaisiin-bingosivustoihin\\\/\"]}]},{\"@type\":\"ImageObject\",\"inLanguage\":\"fi\",\"@id\":\"https:\\\/\\\/gambling6.com\\\/fi\\\/bingo\\\/vinkkeja-parhaisiin-bingosivustoihin\\\/#primaryimage\",\"url\":\"https:\\\/\\\/gambling6.com\\\/wp-content\\\/uploads\\\/2013\\\/12\\\/img_110.png\",\"contentUrl\":\"https:\\\/\\\/gambling6.com\\\/wp-content\\\/uploads\\\/2013\\\/12\\\/img_110.png\",\"width\":288,\"height\":175,\"caption\":\"choose best bingo website\"},{\"@type\":\"BreadcrumbList\",\"@id\":\"https:\\\/\\\/gambling6.com\\\/fi\\\/bingo\\\/vinkkeja-parhaisiin-bingosivustoihin\\\/#breadcrumb\",\"itemListElement\":[{\"@type\":\"ListItem\",\"position\":1,\"name\":\"Home\",\"item\":\"https:\\\/\\\/gambling6.com\\\/fi\\\/home\\\/\"},{\"@type\":\"ListItem\",\"position\":2,\"name\":\"Bingo\",\"item\":\"https:\\\/\\\/gambling6.com\\\/fi\\\/bingo\\\/\"},{\"@type\":\"ListItem\",\"position\":3,\"name\":\"Vinkkej\u00e4 parhaisiin bingosivustoihin\"}]},{\"@type\":\"WebSite\",\"@id\":\"https:\\\/\\\/gambling6.com\\\/fi\\\/#website\",\"url\":\"https:\\\/\\\/gambling6.com\\\/fi\\\/\",\"name\":\"Gambling6\",\"description\":\"\",\"potentialAction\":[{\"@type\":\"SearchAction\",\"target\":{\"@type\":\"EntryPoint\",\"urlTemplate\":\"https:\\\/\\\/gambling6.com\\\/fi\\\/?s={search_term_string}\"},\"query-input\":{\"@type\":\"PropertyValueSpecification\",\"valueRequired\":true,\"valueName\":\"search_term_string\"}}],\"inLanguage\":\"fi\"}]}<\/script>\n<!-- \/ Yoast SEO plugin. -->","yoast_head_json":{"title":"Bingovinkkej\u00e4 - Mitk\u00e4 ovat parhaat bingosivustot?","description":"Parhaan bingosivuston valitseminen on t\u00e4rke\u00e4\u00e4 - mutta mink\u00e4 sivuston sinun pit\u00e4isi valita? L\u00f6yd\u00e4 vastaukset t\u00e4\u00e4lt\u00e4","robots":{"index":"index","follow":"follow","max-snippet":"max-snippet:-1","max-image-preview":"max-image-preview:large","max-video-preview":"max-video-preview:-1"},"canonical":"https:\/\/gambling6.com\/fi\/bingo\/vinkkeja-parhaisiin-bingosivustoihin\/","og_locale":"fi_FI","og_type":"article","og_title":"Bingovinkkej\u00e4 - Mitk\u00e4 ovat parhaat bingosivustot?","og_description":"Parhaan bingosivuston valitseminen on t\u00e4rke\u00e4\u00e4 - mutta mink\u00e4 sivuston sinun pit\u00e4isi valita? L\u00f6yd\u00e4 vastaukset t\u00e4\u00e4lt\u00e4","og_url":"https:\/\/gambling6.com\/fi\/bingo\/vinkkeja-parhaisiin-bingosivustoihin\/","og_site_name":"Gambling6","article_modified_time":"2025-11-07T19:02:41+00:00","og_image":[{"width":288,"height":175,"url":"https:\/\/gambling6.com\/wp-content\/uploads\/2013\/12\/img_110.png","type":"image\/png"}],"twitter_card":"summary_large_image","twitter_misc":{"Arvioitu lukuaika":"2 minuuttia"},"schema":{"@context":"https:\/\/schema.org","@graph":[{"@type":"WebPage","@id":"https:\/\/gambling6.com\/fi\/bingo\/vinkkeja-parhaisiin-bingosivustoihin\/","url":"https:\/\/gambling6.com\/fi\/bingo\/vinkkeja-parhaisiin-bingosivustoihin\/","name":"Bingovinkkej\u00e4 - Mitk\u00e4 ovat parhaat bingosivustot?","isPartOf":{"@id":"https:\/\/gambling6.com\/fi\/#website"},"primaryImageOfPage":{"@id":"https:\/\/gambling6.com\/fi\/bingo\/vinkkeja-parhaisiin-bingosivustoihin\/#primaryimage"},"image":{"@id":"https:\/\/gambling6.com\/fi\/bingo\/vinkkeja-parhaisiin-bingosivustoihin\/#primaryimage"},"thumbnailUrl":"https:\/\/gambling6.com\/wp-content\/uploads\/2013\/12\/img_110.png","datePublished":"2025-11-07T17:34:12+00:00","dateModified":"2025-11-07T19:02:41+00:00","description":"Parhaan bingosivuston valitseminen on t\u00e4rke\u00e4\u00e4 - mutta mink\u00e4 sivuston sinun pit\u00e4isi valita? L\u00f6yd\u00e4 vastaukset t\u00e4\u00e4lt\u00e4","breadcrumb":{"@id":"https:\/\/gambling6.com\/fi\/bingo\/vinkkeja-parhaisiin-bingosivustoihin\/#breadcrumb"},"inLanguage":"fi","potentialAction":[{"@type":"ReadAction","target":["https:\/\/gambling6.com\/fi\/bingo\/vinkkeja-parhaisiin-bingosivustoihin\/"]}]},{"@type":"ImageObject","inLanguage":"fi","@id":"https:\/\/gambling6.com\/fi\/bingo\/vinkkeja-parhaisiin-bingosivustoihin\/#primaryimage","url":"https:\/\/gambling6.com\/wp-content\/uploads\/2013\/12\/img_110.png","contentUrl":"https:\/\/gambling6.com\/wp-content\/uploads\/2013\/12\/img_110.png","width":288,"height":175,"caption":"choose best bingo website"},{"@type":"BreadcrumbList","@id":"https:\/\/gambling6.com\/fi\/bingo\/vinkkeja-parhaisiin-bingosivustoihin\/#breadcrumb","itemListElement":[{"@type":"ListItem","position":1,"name":"Home","item":"https:\/\/gambling6.com\/fi\/home\/"},{"@type":"ListItem","position":2,"name":"Bingo","item":"https:\/\/gambling6.com\/fi\/bingo\/"},{"@type":"ListItem","position":3,"name":"Vinkkej\u00e4 parhaisiin bingosivustoihin"}]},{"@type":"WebSite","@id":"https:\/\/gambling6.com\/fi\/#website","url":"https:\/\/gambling6.com\/fi\/","name":"Gambling6","description":"","potentialAction":[{"@type":"SearchAction","target":{"@type":"EntryPoint","urlTemplate":"https:\/\/gambling6.com\/fi\/?s={search_term_string}"},"query-input":{"@type":"PropertyValueSpecification","valueRequired":true,"valueName":"search_term_string"}}],"inLanguage":"fi"}]}},"_links":{"self":[{"href":"https:\/\/gambling6.com\/fi\/wp-json\/wp\/v2\/pages\/8429","targetHints":{"allow":["GET"]}}],"collection":[{"href":"https:\/\/gambling6.com\/fi\/wp-json\/wp\/v2\/pages"}],"about":[{"href":"https:\/\/gambling6.com\/fi\/wp-json\/wp\/v2\/types\/page"}],"author":[{"embeddable":true,"href":"https:\/\/gambling6.com\/fi\/wp-json\/wp\/v2\/users\/1"}],"replies":[{"embeddable":true,"href":"https:\/\/gambling6.com\/fi\/wp-json\/wp\/v2\/comments?post=8429"}],"version-history":[{"count":1,"href":"https:\/\/gambling6.com\/fi\/wp-json\/wp\/v2\/pages\/8429\/revisions"}],"predecessor-version":[{"id":8497,"href":"https:\/\/gambling6.com\/fi\/wp-json\/wp\/v2\/pages\/8429\/revisions\/8497"}],"up":[{"embeddable":true,"href":"https:\/\/gambling6.com\/fi\/wp-json\/wp\/v2\/pages\/8495"}],"wp:featuredmedia":[{"embeddable":true,"href":"https:\/\/gambling6.com\/fi\/wp-json\/wp\/v2\/media\/8431"}],"wp:attachment":[{"href":"https:\/\/gambling6.com\/fi\/wp-json\/wp\/v2\/media?parent=8429"}],"curies":[{"name":"wp","href":"https:\/\/api.w.org\/{rel}","templated":true}]}}