{"id":8495,"date":"2025-11-07T19:02:40","date_gmt":"2025-11-07T19:02:40","guid":{"rendered":"https:\/\/gambling6.com\/bingo\/"},"modified":"2025-11-15T07:52:42","modified_gmt":"2025-11-15T07:52:42","slug":"bingo","status":"publish","type":"page","link":"https:\/\/gambling6.com\/fi\/bingo\/","title":{"rendered":"Bingo"},"content":{"rendered":"<h2>Perustietoa bingosta<\/h2>\n<p><a href=\"https:\/\/record.revenueplanet.com\/_BoBybWC_aAMWqcfzuvZcQMni_MQzyHn0\/1\/\" target=\"_new\"><img loading=\"lazy\" decoding=\"async\" class=\"alignright\" style=\"border: none;\" src=\"https:\/\/media.revenueplanet.com\/uploads\/nbb-120x600-oct-free.gif\" alt=\"BingoBilly Ilmainen Bingo\" width=\"120\" height=\"600\" \/><\/a>Bingo on suunnattu sek\u00e4 nuorille ett\u00e4 vanhuksille. Pelin alkuper\u00e4 on 1500-luvun Italiassa, jossa sit\u00e4 pelattiin nimell\u00e4 &#8221;Il Giuoco del Lotto d&#8217;Italia&#8221;, ja se levisi sitten kaikkialle Eurooppaan. Bingo on sosiaalinen peli, jossa t\u00e4rkeit\u00e4 ovat: aika, reaktio, pelin havainnointi ja viimeisen\u00e4 muttei v\u00e4h\u00e4isimp\u00e4n\u00e4 onni.<\/p>\n<p>Ajan my\u00f6t\u00e4 ihmiset ovat yritt\u00e4neet l\u00f6yt\u00e4\u00e4 erilaisia \u200b\u200bstrategioita laatiakseen tarkempia laskelmia voittomahdollisuuksiensa lis\u00e4\u00e4miseksi. Jotkut niist\u00e4 ovat ep\u00e4onnistuneet, ja jotkut ovat onnistuneet. Nettibingo ilmestyi 1990-luvun puoliv\u00e4liss\u00e4 ja on siit\u00e4 l\u00e4htien kehittynyt jatkuvasti. Nettibingon edut verrattuna offline-bingoon ovat:<\/p>\n<ul>\n<li>Voit pelata suoraan kotoa k\u00e4sin<\/li>\n<li>Kaikki on yksinkertaista<\/li>\n<li>Ne tarjoavat bonuksia ja palkintoja<\/li>\n<li>Voit pelata ilmaiseksi<\/li>\n<li>Voit pelata milloin tahansa p\u00e4iv\u00e4ll\u00e4 tai y\u00f6ll\u00e4<\/li>\n<li>Sinulla on reaaliaikainen online-tuki<\/li>\n<\/ul>\n<p>Aloittelijoille on suositeltavaa pelata demopelej\u00e4, jotka tarjoavat heille mahdollisuuden tottua s\u00e4\u00e4nt\u00f6ihin ja pelin nopeuteen. Pelin strategiat eiv\u00e4t takaa voittoja, mutta lis\u00e4\u00e4v\u00e4t voittomahdollisuuksia. On my\u00f6s suositeltavaa pelata huoneessa, jossa pelaajien m\u00e4\u00e4r\u00e4 on pieni. Kokeneemmille pelaajille hyv\u00e4 idea on pelata niin monella kortilla kuin mahdollista; T\u00e4m\u00e4 lis\u00e4\u00e4 heid\u00e4n voittomahdollisuuksiaan. Bingopeli\u00e4 pelataan 30, 75, 80 ja 90 pallolla.<\/p>\n<p>Paras valintasi olisi <a class=\"thirstylink\" title=\"Bingo Billy en\" href=\"https:\/\/gambling6.com\/go\/bingobilly-en\/\" target=\"_blank\" rel=\"nofollow noopener\">Bingo Billy \u2013 klikkaa t\u00e4st\u00e4 pelataksesi<\/a>, ja saat 30 dollarin arvosta ilmaisia \u200b\u200bbingolippuja aloittaaksesi! Bingo Billy hyv\u00e4ksyy pelaajia kaikkialta maailmasta, mukaan lukien Yhdysvallat.<\/p>\n<h2>Bingopeli 30 pallolla<\/h2>\n<p>Pelaaja valitsee yhteens\u00e4 30 palloa ja k\u00e4ytt\u00e4\u00e4 asteikkoa 1\u201375. Bingoalueet koostuvat viidest\u00e4 ruudusta. Lipun ostamisen j\u00e4lkeen pelaajan on valittava yhteens\u00e4 30 numeroa. Numerot arvotaan ja merkit\u00e4\u00e4n automaattisesti lipulle. Bingo on suoritettu, kun pelaaja on saanut viisi tai kuusi numeroa, jotka mahdollistavat pystysuoran, vaakasuoran tai vinon rivin. Peli p\u00e4\u00e4ttyy, kun 30 palloa on arvottu. Eniten bingolinjoja saanut pelaaja julistetaan voittajaksi.<\/p>\n<h2>Bingopeli 90 pallolla<\/h2>\n<p>Kortti koostuu 9\u20133 pallon ryhmist\u00e4, jotka sis\u00e4lt\u00e4v\u00e4t yhteens\u00e4 27 ruutua. Jokaisessa riviss\u00e4 on 5 numeroa ja 4 tyhj\u00e4\u00e4 ruutua. Kortin numeroiden kokonaism\u00e4\u00e4r\u00e4 on 15<\/p>\n<h2>Bingopeli, jossa on 80 palloa<\/h2>\n<p>T\u00e4ss\u00e4 jokaisella kortilla on 16 numeroa, 4 rivi\u00e4 ja 4 saraketta<\/p>\n<h2>Nettibingon strategiat<\/h2>\n<p>Joseph E. Granville sanoi voivansa &#8221;lis\u00e4t\u00e4 todenn\u00e4k\u00f6isyyksi\u00e4 jopa 50%&#8221;. H\u00e4n sanoi my\u00f6s, ett\u00e4 todella satunnaisesti arvotuilla numeroilla on seuraava kaava: yht\u00e4 monta numeroa, jotka p\u00e4\u00e4ttyv\u00e4t numeroihin 1, 2, 3, 4, 5, 6, 7, 8, 9, suuret ja pienet numerot ovat tasapainossa pelin uudistumisen my\u00f6t\u00e4, poimitut numerot l\u00e4hestyv\u00e4t numeroa 38, tarkemmin keskelle<\/p>\n<p><strong>Esimerkki satunnaisesta lipusta Joseph E. Granvillen kaavan mukaisesti on<\/strong> 6, 11, 24, 32, 43, 57, 38, 69. Brittil\u00e4inen tilastotieteilij\u00e4 L.C.H. Tippet esitteli teorian, jonka mukaan numerot arvotaan todenn\u00e4k\u00f6isyydell\u00e4, ett\u00e4 ne ovat l\u00e4hell\u00e4 lukua 38. Kaikesta huolimatta k\u00e4yt\u00f6ss\u00e4si on laaja valikoima sivustoja ja pieni johdatus bingopelien maailmaan. Voit mieltymystesi mukaan p\u00e4\u00e4tt\u00e4\u00e4, mik\u00e4 versio sopii sinulle paremmin. Onnea matkaan!<\/p>\n","protected":false},"excerpt":{"rendered":"<p>Perustietoa bingosta Bingo on suunnattu sek\u00e4 nuorille ett\u00e4 vanhuksille. Pelin alkuper\u00e4 on 1500-luvun Italiassa, jossa sit\u00e4 pelattiin nimell\u00e4 &#8221;Il Giuoco del Lotto d&#8217;Italia&#8221;, ja se levisi sitten kaikkialle Eurooppaan. Bingo on sosiaalinen peli, jossa t\u00e4rkeit\u00e4 ovat: aika, reaktio, pelin havainnointi ja viimeisen\u00e4 muttei v\u00e4h\u00e4isimp\u00e4n\u00e4 onni. Ajan my\u00f6t\u00e4 ihmiset ovat yritt\u00e4neet l\u00f6yt\u00e4\u00e4 erilaisia \u200b\u200bstrategioita laatiakseen tarkempia [&hellip;]<\/p>\n","protected":false},"author":1,"featured_media":0,"parent":0,"menu_order":6,"comment_status":"closed","ping_status":"closed","template":"","meta":{"footnotes":""},"class_list":["post-8495","page","type-page","status-publish","hentry"],"yoast_head":"<!-- This site is optimized with the Yoast SEO plugin v27.4 - https:\/\/yoast.com\/product\/yoast-seo-wordpress\/ -->\n<title>Perustietoa bingosta<\/title>\n<meta name=\"description\" content=\"Kaikki nettibingosta ja parhaat sivustot nettibingoon\" \/>\n<meta name=\"robots\" content=\"index, follow, max-snippet:-1, max-image-preview:large, max-video-preview:-1\" \/>\n<link rel=\"canonical\" href=\"https:\/\/gambling6.com\/fi\/bingo\/\" \/>\n<meta property=\"og:locale\" content=\"fi_FI\" \/>\n<meta property=\"og:type\" content=\"article\" \/>\n<meta property=\"og:title\" content=\"Perustietoa bingosta\" \/>\n<meta property=\"og:description\" content=\"Kaikki nettibingosta ja parhaat sivustot nettibingoon\" \/>\n<meta property=\"og:url\" content=\"https:\/\/gambling6.com\/fi\/bingo\/\" \/>\n<meta property=\"og:site_name\" content=\"Gambling6\" \/>\n<meta property=\"article:modified_time\" content=\"2025-11-15T07:52:42+00:00\" \/>\n<meta property=\"og:image\" content=\"https:\/\/media.revenueplanet.com\/uploads\/nbb-120x600-oct-free.gif\" \/>\n<meta name=\"twitter:card\" content=\"summary_large_image\" \/>\n<meta name=\"twitter:label1\" content=\"Arvioitu lukuaika\" \/>\n\t<meta name=\"twitter:data1\" content=\"2 minuuttia\" \/>\n<script type=\"application\/ld+json\" class=\"yoast-schema-graph\">{\"@context\":\"https:\\\/\\\/schema.org\",\"@graph\":[{\"@type\":\"WebPage\",\"@id\":\"https:\\\/\\\/gambling6.com\\\/fi\\\/bingo\\\/\",\"url\":\"https:\\\/\\\/gambling6.com\\\/fi\\\/bingo\\\/\",\"name\":\"Perustietoa bingosta\",\"isPartOf\":{\"@id\":\"https:\\\/\\\/gambling6.com\\\/fi\\\/#website\"},\"primaryImageOfPage\":{\"@id\":\"https:\\\/\\\/gambling6.com\\\/fi\\\/bingo\\\/#primaryimage\"},\"image\":{\"@id\":\"https:\\\/\\\/gambling6.com\\\/fi\\\/bingo\\\/#primaryimage\"},\"thumbnailUrl\":\"https:\\\/\\\/media.revenueplanet.com\\\/uploads\\\/nbb-120x600-oct-free.gif\",\"datePublished\":\"2025-11-07T19:02:40+00:00\",\"dateModified\":\"2025-11-15T07:52:42+00:00\",\"description\":\"Kaikki nettibingosta ja parhaat sivustot nettibingoon\",\"breadcrumb\":{\"@id\":\"https:\\\/\\\/gambling6.com\\\/fi\\\/bingo\\\/#breadcrumb\"},\"inLanguage\":\"fi\",\"potentialAction\":[{\"@type\":\"ReadAction\",\"target\":[\"https:\\\/\\\/gambling6.com\\\/fi\\\/bingo\\\/\"]}]},{\"@type\":\"ImageObject\",\"inLanguage\":\"fi\",\"@id\":\"https:\\\/\\\/gambling6.com\\\/fi\\\/bingo\\\/#primaryimage\",\"url\":\"https:\\\/\\\/media.revenueplanet.com\\\/uploads\\\/nbb-120x600-oct-free.gif\",\"contentUrl\":\"https:\\\/\\\/media.revenueplanet.com\\\/uploads\\\/nbb-120x600-oct-free.gif\"},{\"@type\":\"BreadcrumbList\",\"@id\":\"https:\\\/\\\/gambling6.com\\\/fi\\\/bingo\\\/#breadcrumb\",\"itemListElement\":[{\"@type\":\"ListItem\",\"position\":1,\"name\":\"Home\",\"item\":\"https:\\\/\\\/gambling6.com\\\/fi\\\/home\\\/\"},{\"@type\":\"ListItem\",\"position\":2,\"name\":\"Bingo\"}]},{\"@type\":\"WebSite\",\"@id\":\"https:\\\/\\\/gambling6.com\\\/fi\\\/#website\",\"url\":\"https:\\\/\\\/gambling6.com\\\/fi\\\/\",\"name\":\"Gambling6\",\"description\":\"\",\"potentialAction\":[{\"@type\":\"SearchAction\",\"target\":{\"@type\":\"EntryPoint\",\"urlTemplate\":\"https:\\\/\\\/gambling6.com\\\/fi\\\/?s={search_term_string}\"},\"query-input\":{\"@type\":\"PropertyValueSpecification\",\"valueRequired\":true,\"valueName\":\"search_term_string\"}}],\"inLanguage\":\"fi\"}]}<\/script>\n<!-- \/ Yoast SEO plugin. -->","yoast_head_json":{"title":"Perustietoa bingosta","description":"Kaikki nettibingosta ja parhaat sivustot nettibingoon","robots":{"index":"index","follow":"follow","max-snippet":"max-snippet:-1","max-image-preview":"max-image-preview:large","max-video-preview":"max-video-preview:-1"},"canonical":"https:\/\/gambling6.com\/fi\/bingo\/","og_locale":"fi_FI","og_type":"article","og_title":"Perustietoa bingosta","og_description":"Kaikki nettibingosta ja parhaat sivustot nettibingoon","og_url":"https:\/\/gambling6.com\/fi\/bingo\/","og_site_name":"Gambling6","article_modified_time":"2025-11-15T07:52:42+00:00","og_image":[{"url":"https:\/\/media.revenueplanet.com\/uploads\/nbb-120x600-oct-free.gif","type":"","width":"","height":""}],"twitter_card":"summary_large_image","twitter_misc":{"Arvioitu lukuaika":"2 minuuttia"},"schema":{"@context":"https:\/\/schema.org","@graph":[{"@type":"WebPage","@id":"https:\/\/gambling6.com\/fi\/bingo\/","url":"https:\/\/gambling6.com\/fi\/bingo\/","name":"Perustietoa bingosta","isPartOf":{"@id":"https:\/\/gambling6.com\/fi\/#website"},"primaryImageOfPage":{"@id":"https:\/\/gambling6.com\/fi\/bingo\/#primaryimage"},"image":{"@id":"https:\/\/gambling6.com\/fi\/bingo\/#primaryimage"},"thumbnailUrl":"https:\/\/media.revenueplanet.com\/uploads\/nbb-120x600-oct-free.gif","datePublished":"2025-11-07T19:02:40+00:00","dateModified":"2025-11-15T07:52:42+00:00","description":"Kaikki nettibingosta ja parhaat sivustot nettibingoon","breadcrumb":{"@id":"https:\/\/gambling6.com\/fi\/bingo\/#breadcrumb"},"inLanguage":"fi","potentialAction":[{"@type":"ReadAction","target":["https:\/\/gambling6.com\/fi\/bingo\/"]}]},{"@type":"ImageObject","inLanguage":"fi","@id":"https:\/\/gambling6.com\/fi\/bingo\/#primaryimage","url":"https:\/\/media.revenueplanet.com\/uploads\/nbb-120x600-oct-free.gif","contentUrl":"https:\/\/media.revenueplanet.com\/uploads\/nbb-120x600-oct-free.gif"},{"@type":"BreadcrumbList","@id":"https:\/\/gambling6.com\/fi\/bingo\/#breadcrumb","itemListElement":[{"@type":"ListItem","position":1,"name":"Home","item":"https:\/\/gambling6.com\/fi\/home\/"},{"@type":"ListItem","position":2,"name":"Bingo"}]},{"@type":"WebSite","@id":"https:\/\/gambling6.com\/fi\/#website","url":"https:\/\/gambling6.com\/fi\/","name":"Gambling6","description":"","potentialAction":[{"@type":"SearchAction","target":{"@type":"EntryPoint","urlTemplate":"https:\/\/gambling6.com\/fi\/?s={search_term_string}"},"query-input":{"@type":"PropertyValueSpecification","valueRequired":true,"valueName":"search_term_string"}}],"inLanguage":"fi"}]}},"_links":{"self":[{"href":"https:\/\/gambling6.com\/fi\/wp-json\/wp\/v2\/pages\/8495","targetHints":{"allow":["GET"]}}],"collection":[{"href":"https:\/\/gambling6.com\/fi\/wp-json\/wp\/v2\/pages"}],"about":[{"href":"https:\/\/gambling6.com\/fi\/wp-json\/wp\/v2\/types\/page"}],"author":[{"embeddable":true,"href":"https:\/\/gambling6.com\/fi\/wp-json\/wp\/v2\/users\/1"}],"replies":[{"embeddable":true,"href":"https:\/\/gambling6.com\/fi\/wp-json\/wp\/v2\/comments?post=8495"}],"version-history":[{"count":2,"href":"https:\/\/gambling6.com\/fi\/wp-json\/wp\/v2\/pages\/8495\/revisions"}],"predecessor-version":[{"id":10821,"href":"https:\/\/gambling6.com\/fi\/wp-json\/wp\/v2\/pages\/8495\/revisions\/10821"}],"wp:attachment":[{"href":"https:\/\/gambling6.com\/fi\/wp-json\/wp\/v2\/media?parent=8495"}],"curies":[{"name":"wp","href":"https:\/\/api.w.org\/{rel}","templated":true}]}}