{"id":8561,"date":"2025-11-07T20:22:42","date_gmt":"2025-11-07T20:22:42","guid":{"rendered":"https:\/\/gambling6.com\/kasino\/mobiilipelaaminen-pelaaminen-liikkeella-ollessa\/"},"modified":"2025-11-12T09:18:48","modified_gmt":"2025-11-12T09:18:48","slug":"mobiilipelaaminen-pelaaminen-liikkeella-ollessa","status":"publish","type":"page","link":"https:\/\/gambling6.com\/fi\/kasino\/mobiilipelaaminen-pelaaminen-liikkeella-ollessa\/","title":{"rendered":"Mobiilipelaaminen \u2013 Pelaaminen liikkeell\u00e4 ollessa"},"content":{"rendered":"<h2>Nettipelaaminen mobiililaitteilla<\/h2>\n<h3>HTML5 vs. natiivisovellukset \u2013 valinta on sinun!<\/h3>\n<p>Hyv\u00e4\u00e4 pelihakemistoa tarkastellessa on helppo n\u00e4hd\u00e4, ett\u00e4 pelaajille, jotka haluavat nauttia suosikkivaihtoehdoistaan \u200b\u200binternetiss\u00e4, on tarjolla monia hyvi\u00e4 vaihtoehtoja. Useat sivustot tarjoavat turvallista nettipelaamista l\u00e4hes kaikissa kategorioissa, ja pokeri, kasino ja urheiluvedonly\u00f6nti ovat tyypillisesti listan k\u00e4rjess\u00e4. On t\u00e4rke\u00e4\u00e4 huomata, ett\u00e4 my\u00f6s yhdysvaltalaisille pelaajille on vaihtoehtoja, markkinoiden s\u00e4\u00e4nn\u00f6ksist\u00e4 huolimatta, joten amerikkalaisilla ei pit\u00e4isi olla ongelmia l\u00f6yt\u00e4\u00e4 luotettavaa sivustoa iGambling-portaalin kautta.<\/p>\n<p><img loading=\"lazy\" decoding=\"async\" class=\" alignright size-full wp-image-400\" style=\"margin: 5px; float: right;\" src=\"http:\/\/gambling6.com\/wp-content\/uploads\/2013\/12\/mobile-gambling-150x150.jpg\" alt=\"mobiilipelaamissovellukset\" width=\"150\" height=\"150\" \/>Vaikka nettipelaamisen tarjonta kasvaa jatkuvasti, trendi n\u00e4ytt\u00e4\u00e4 olevan mobiilipelaamisen suuntaan. L\u00e4hes kaikilla alan suurimmilla operaattoreilla on tai he ty\u00f6skentelev\u00e4t parhaillaan mobiilisovelluksen parissa, jonka avulla heid\u00e4n k\u00e4ytt\u00e4j\u00e4ns\u00e4 voivat k\u00e4ytt\u00e4\u00e4 samoja palveluita kuin kotona \u00e4lypuhelimella. \u00c4skett\u00e4isess\u00e4 haastattelussa Intralotin tiedotusp\u00e4\u00e4llikk\u00f6, tohtori Christos Dimitriadis, sanoi, ett\u00e4 mobiilipelaaminen laillistuu kaikissa Euroopan unionin maissa.<\/p>\n<p>Vaikka h\u00e4n ei tarkentanut, milloin t\u00e4m\u00e4 todenn\u00e4k\u00f6isesti tapahtuu, se, ett\u00e4 valtioiden on s\u00e4ilytett\u00e4v\u00e4 pelien hallinta, tekee mobiilipelaamisesta laillista ja huolellisesti s\u00e4\u00e4nnelty\u00e4 pakollista. Koska yh\u00e4 useammat pelaajat pelaavat mobiililaitteilla, sek\u00e4 operaattoreiden ett\u00e4 tiettyjen markkinoiden s\u00e4\u00e4ntelyviranomaisten on teht\u00e4v\u00e4 yhteisty\u00f6t\u00e4 ihanteellisen ratkaisun l\u00f6yt\u00e4miseksi.<\/p>\n<h2>HTML5<\/h2>\n<p>Jotkut nettirahapelimarkkinoiden suurimmista operaattoreista ovat jo ottaneet merkitt\u00e4vi\u00e4 askeleita parantaakseen mobiilitarjontaansa. 888 tunnetaan maailmanlaajuisesti ensisijaisesti online-urheiluvedonly\u00f6nnist\u00e4, joka kattaa k\u00e4yt\u00e4nn\u00f6ss\u00e4 koko maailman ja tarjoaa vedonly\u00f6nti\u00e4 kaikkiin t\u00e4rkeimpiin urheilulajeihin ja eri liigoihin. Sivustolla on my\u00f6s kasinopelej\u00e4, pokeria, bingoa ja muita online-pelikategorioita, mik\u00e4 tekee siit\u00e4 yhden alan suurimmista nimist\u00e4.<\/p>\n<p><a class=\"thirstylink\" title=\"888 casino en\" href=\"https:\/\/gambling6.com\/go\/888-casino-en\/\" target=\"_blank\" rel=\"nofollow noopener\"><strong>Klikkaa t\u00e4st\u00e4 vieraillaksesi 888 Casinolla<\/strong><\/a> &#8211; luo pelaajatili ilmaiseksi ja lataa sitten mobiilisovellus.<\/p>\n<p>\u00c4skett\u00e4in 888 muutti mobiilialustansa HTML5-versioon tehd\u00e4kseen siit\u00e4 paljon k\u00e4tev\u00e4mm\u00e4n pelaajille. Pohjimmiltaan operaattorin \u00e4\u00e4ni- ja videosuoratoisto perustuu nyt HTML5:een, jonka avulla k\u00e4ytt\u00e4j\u00e4t voivat seurata toimintaa valitsemallaan laitteella ilman Flash-laajennusta. T\u00e4m\u00e4 avaa my\u00f6s oven uusille mahdollisuuksille, sill\u00e4 k\u00e4ytt\u00e4j\u00e4t voivat nyt asettaa vetoja samalla, kun he vastaanottavat reaaliaikaista dataa. HTML5-versio tarjoaa my\u00f6s paremman k\u00e4ytt\u00f6kokemuksen. Se pystyy tunnistamaan laitteen n\u00e4yt\u00f6n koon, j\u00e4rjestelm\u00e4n ominaisuudet ja k\u00e4ytett\u00e4viss\u00e4 olevat yhteydet.<\/p>\n<p>T\u00e4m\u00e4 tarkoittaa tarvittavien varotoimien toteuttamista sen varmistamiseksi, ett\u00e4 kaikki toimii sujuvasti, kuten laadun alentamista tai odottamista ennen videon k\u00e4ynnist\u00e4mist\u00e4 kaistanleveyden s\u00e4\u00e4st\u00e4miseksi. Uhkapeliarvostelusivustot helpottavat luotettavan nettikasinon l\u00f6yt\u00e4mist\u00e4 ryhmittelem\u00e4ll\u00e4 sivustoja eri luokkiin niiden vahvuuksien perusteella. Jotkut sivustot keskittyv\u00e4t yleens\u00e4 mobiilitarjouksiinsa, ja yhdysvaltalaiset nettikasinot ovat aina erinomainen keskustelunaihe.<\/p>\n<h2>Natiivisovellukset<\/h2>\n<p>Natiivisovellukset vaativat lataamisen ja asennuksen, mik\u00e4 tarkoittaa, ett\u00e4 niist\u00e4 on oltava eri versioita tukemaan nyt saatavilla olevia erilaisia \u200b\u200bmobiilik\u00e4ytt\u00f6j\u00e4rjestelmi\u00e4. Vaikka n\u00e4m\u00e4 ovat hyvin yleisi\u00e4 nettikasinoiden keskuudessa, ne ovat todellakin menett\u00e4m\u00e4ss\u00e4 jalansijaa HTML5:lle. T\u00e4h\u00e4n on monia syit\u00e4, joista t\u00e4rkein on se, ett\u00e4 yksi HTML5-versio sopii kaikkiin mobiililaitteisiin ja tekee tarvittavat muutokset itse. On t\u00e4rke\u00e4\u00e4 huomata, ett\u00e4 kuten edell\u00e4 mainittiin, 888 ei aio hyl\u00e4t\u00e4 natiivisovelluksiaan eik\u00e4 lopettaa HTML4-teknologian k\u00e4ytt\u00f6\u00e4.<\/p>\n<p>T\u00e4m\u00e4 on erinomainen esimerkki my\u00f6s muille operaattoreille, sill\u00e4 HTML5:een siirtyminen yhdess\u00e4 y\u00f6ss\u00e4 ja aiempien vaihtoehtojen hylk\u00e4\u00e4minen tarkoittaisi, ett\u00e4 joillakin k\u00e4ytt\u00e4jill\u00e4 ei en\u00e4\u00e4 olisi p\u00e4\u00e4sy\u00e4 tarjouksiin. Kaikilla pelaajilla ei ole tarvittavaa teknologiaa uuden sukupolven ohjelmistojen t\u00e4ydelliseen k\u00e4ytt\u00f6\u00f6n, joten vaikka t\u00e4m\u00e4 on hyv\u00e4 askel kohti parempaa mobiilipelaamista, sen ei pit\u00e4isi vaikuttaa negatiivisesti nykyisiin asiakkaisiin. Natiivisovellukset ovat edelleen loistava tapa nauttia nettikasinopeleist\u00e4 eri mobiililaitteilla. Koko aloitusprosessi ei yleens\u00e4 kest\u00e4 kauan, joten vaikka HTML5 on seuraava iso askel kaikille operaattoreille, nyt saatavilla olevat tarjoukset ovat my\u00f6s melko mahtavia.<\/p>\n","protected":false},"excerpt":{"rendered":"<p>Nettipelaaminen mobiililaitteilla HTML5 vs. natiivisovellukset \u2013 valinta on sinun! Hyv\u00e4\u00e4 pelihakemistoa tarkastellessa on helppo n\u00e4hd\u00e4, ett\u00e4 pelaajille, jotka haluavat nauttia suosikkivaihtoehdoistaan \u200b\u200binternetiss\u00e4, on tarjolla monia hyvi\u00e4 vaihtoehtoja. Useat sivustot tarjoavat turvallista nettipelaamista l\u00e4hes kaikissa kategorioissa, ja pokeri, kasino ja urheiluvedonly\u00f6nti ovat tyypillisesti listan k\u00e4rjess\u00e4. On t\u00e4rke\u00e4\u00e4 huomata, ett\u00e4 my\u00f6s yhdysvaltalaisille pelaajille on vaihtoehtoja, markkinoiden s\u00e4\u00e4nn\u00f6ksist\u00e4 [&hellip;]<\/p>\n","protected":false},"author":1,"featured_media":8562,"parent":8287,"menu_order":40,"comment_status":"closed","ping_status":"closed","template":"","meta":{"footnotes":""},"class_list":["post-8561","page","type-page","status-publish","has-post-thumbnail","hentry"],"yoast_head":"<!-- This site is optimized with the Yoast SEO plugin v27.4 - https:\/\/yoast.com\/product\/yoast-seo-wordpress\/ -->\n<title>Nettipelaaminen mobiililaitteilla<\/title>\n<meta name=\"description\" content=\"Mobiilipelaaminen on yh\u00e4 suositumpaa ja sovelluksissa on parempia grafiikoita ja enemm\u00e4n ominaisuuksia.\" \/>\n<meta name=\"robots\" content=\"index, follow, max-snippet:-1, max-image-preview:large, max-video-preview:-1\" \/>\n<link rel=\"canonical\" href=\"https:\/\/gambling6.com\/fi\/kasino\/mobiilipelaaminen-pelaaminen-liikkeella-ollessa\/\" \/>\n<meta property=\"og:locale\" content=\"fi_FI\" \/>\n<meta property=\"og:type\" content=\"article\" \/>\n<meta property=\"og:title\" content=\"Nettipelaaminen mobiililaitteilla\" \/>\n<meta property=\"og:description\" content=\"Mobiilipelaaminen on yh\u00e4 suositumpaa ja sovelluksissa on parempia grafiikoita ja enemm\u00e4n ominaisuuksia.\" \/>\n<meta property=\"og:url\" content=\"https:\/\/gambling6.com\/fi\/kasino\/mobiilipelaaminen-pelaaminen-liikkeella-ollessa\/\" \/>\n<meta property=\"og:site_name\" content=\"Gambling6\" \/>\n<meta property=\"article:modified_time\" content=\"2025-11-12T09:18:48+00:00\" \/>\n<meta property=\"og:image\" content=\"https:\/\/gambling6.com\/wp-content\/uploads\/2013\/12\/mobile-gambling-150x150.jpg\" \/>\n\t<meta property=\"og:image:width\" content=\"150\" \/>\n\t<meta property=\"og:image:height\" content=\"150\" \/>\n\t<meta property=\"og:image:type\" content=\"image\/jpeg\" \/>\n<meta name=\"twitter:card\" content=\"summary_large_image\" \/>\n<meta name=\"twitter:label1\" content=\"Arvioitu lukuaika\" \/>\n\t<meta name=\"twitter:data1\" content=\"3 minuuttia\" \/>\n<script type=\"application\/ld+json\" class=\"yoast-schema-graph\">{\"@context\":\"https:\\\/\\\/schema.org\",\"@graph\":[{\"@type\":\"WebPage\",\"@id\":\"https:\\\/\\\/gambling6.com\\\/fi\\\/kasino\\\/mobiilipelaaminen-pelaaminen-liikkeella-ollessa\\\/\",\"url\":\"https:\\\/\\\/gambling6.com\\\/fi\\\/kasino\\\/mobiilipelaaminen-pelaaminen-liikkeella-ollessa\\\/\",\"name\":\"Nettipelaaminen mobiililaitteilla\",\"isPartOf\":{\"@id\":\"https:\\\/\\\/gambling6.com\\\/fi\\\/#website\"},\"primaryImageOfPage\":{\"@id\":\"https:\\\/\\\/gambling6.com\\\/fi\\\/kasino\\\/mobiilipelaaminen-pelaaminen-liikkeella-ollessa\\\/#primaryimage\"},\"image\":{\"@id\":\"https:\\\/\\\/gambling6.com\\\/fi\\\/kasino\\\/mobiilipelaaminen-pelaaminen-liikkeella-ollessa\\\/#primaryimage\"},\"thumbnailUrl\":\"https:\\\/\\\/gambling6.com\\\/wp-content\\\/uploads\\\/2013\\\/12\\\/mobile-gambling-150x150.jpg\",\"datePublished\":\"2025-11-07T20:22:42+00:00\",\"dateModified\":\"2025-11-12T09:18:48+00:00\",\"description\":\"Mobiilipelaaminen on yh\u00e4 suositumpaa ja sovelluksissa on parempia grafiikoita ja enemm\u00e4n ominaisuuksia.\",\"breadcrumb\":{\"@id\":\"https:\\\/\\\/gambling6.com\\\/fi\\\/kasino\\\/mobiilipelaaminen-pelaaminen-liikkeella-ollessa\\\/#breadcrumb\"},\"inLanguage\":\"fi\",\"potentialAction\":[{\"@type\":\"ReadAction\",\"target\":[\"https:\\\/\\\/gambling6.com\\\/fi\\\/kasino\\\/mobiilipelaaminen-pelaaminen-liikkeella-ollessa\\\/\"]}]},{\"@type\":\"ImageObject\",\"inLanguage\":\"fi\",\"@id\":\"https:\\\/\\\/gambling6.com\\\/fi\\\/kasino\\\/mobiilipelaaminen-pelaaminen-liikkeella-ollessa\\\/#primaryimage\",\"url\":\"https:\\\/\\\/gambling6.com\\\/wp-content\\\/uploads\\\/2013\\\/12\\\/mobile-gambling-150x150.jpg\",\"contentUrl\":\"https:\\\/\\\/gambling6.com\\\/wp-content\\\/uploads\\\/2013\\\/12\\\/mobile-gambling-150x150.jpg\",\"width\":150,\"height\":150,\"caption\":\"online slotmachine\"},{\"@type\":\"BreadcrumbList\",\"@id\":\"https:\\\/\\\/gambling6.com\\\/fi\\\/kasino\\\/mobiilipelaaminen-pelaaminen-liikkeella-ollessa\\\/#breadcrumb\",\"itemListElement\":[{\"@type\":\"ListItem\",\"position\":1,\"name\":\"Home\",\"item\":\"https:\\\/\\\/gambling6.com\\\/fi\\\/home\\\/\"},{\"@type\":\"ListItem\",\"position\":2,\"name\":\"Kasino\",\"item\":\"https:\\\/\\\/gambling6.com\\\/fi\\\/get-started-with-online-gambling\\\/\"},{\"@type\":\"ListItem\",\"position\":3,\"name\":\"Mobiilipelaaminen \u2013 Pelaaminen liikkeell\u00e4 ollessa\"}]},{\"@type\":\"WebSite\",\"@id\":\"https:\\\/\\\/gambling6.com\\\/fi\\\/#website\",\"url\":\"https:\\\/\\\/gambling6.com\\\/fi\\\/\",\"name\":\"Gambling6\",\"description\":\"\",\"potentialAction\":[{\"@type\":\"SearchAction\",\"target\":{\"@type\":\"EntryPoint\",\"urlTemplate\":\"https:\\\/\\\/gambling6.com\\\/fi\\\/?s={search_term_string}\"},\"query-input\":{\"@type\":\"PropertyValueSpecification\",\"valueRequired\":true,\"valueName\":\"search_term_string\"}}],\"inLanguage\":\"fi\"}]}<\/script>\n<!-- \/ Yoast SEO plugin. -->","yoast_head_json":{"title":"Nettipelaaminen mobiililaitteilla","description":"Mobiilipelaaminen on yh\u00e4 suositumpaa ja sovelluksissa on parempia grafiikoita ja enemm\u00e4n ominaisuuksia.","robots":{"index":"index","follow":"follow","max-snippet":"max-snippet:-1","max-image-preview":"max-image-preview:large","max-video-preview":"max-video-preview:-1"},"canonical":"https:\/\/gambling6.com\/fi\/kasino\/mobiilipelaaminen-pelaaminen-liikkeella-ollessa\/","og_locale":"fi_FI","og_type":"article","og_title":"Nettipelaaminen mobiililaitteilla","og_description":"Mobiilipelaaminen on yh\u00e4 suositumpaa ja sovelluksissa on parempia grafiikoita ja enemm\u00e4n ominaisuuksia.","og_url":"https:\/\/gambling6.com\/fi\/kasino\/mobiilipelaaminen-pelaaminen-liikkeella-ollessa\/","og_site_name":"Gambling6","article_modified_time":"2025-11-12T09:18:48+00:00","og_image":[{"width":150,"height":150,"url":"https:\/\/gambling6.com\/wp-content\/uploads\/2013\/12\/mobile-gambling-150x150.jpg","type":"image\/jpeg"}],"twitter_card":"summary_large_image","twitter_misc":{"Arvioitu lukuaika":"3 minuuttia"},"schema":{"@context":"https:\/\/schema.org","@graph":[{"@type":"WebPage","@id":"https:\/\/gambling6.com\/fi\/kasino\/mobiilipelaaminen-pelaaminen-liikkeella-ollessa\/","url":"https:\/\/gambling6.com\/fi\/kasino\/mobiilipelaaminen-pelaaminen-liikkeella-ollessa\/","name":"Nettipelaaminen mobiililaitteilla","isPartOf":{"@id":"https:\/\/gambling6.com\/fi\/#website"},"primaryImageOfPage":{"@id":"https:\/\/gambling6.com\/fi\/kasino\/mobiilipelaaminen-pelaaminen-liikkeella-ollessa\/#primaryimage"},"image":{"@id":"https:\/\/gambling6.com\/fi\/kasino\/mobiilipelaaminen-pelaaminen-liikkeella-ollessa\/#primaryimage"},"thumbnailUrl":"https:\/\/gambling6.com\/wp-content\/uploads\/2013\/12\/mobile-gambling-150x150.jpg","datePublished":"2025-11-07T20:22:42+00:00","dateModified":"2025-11-12T09:18:48+00:00","description":"Mobiilipelaaminen on yh\u00e4 suositumpaa ja sovelluksissa on parempia grafiikoita ja enemm\u00e4n ominaisuuksia.","breadcrumb":{"@id":"https:\/\/gambling6.com\/fi\/kasino\/mobiilipelaaminen-pelaaminen-liikkeella-ollessa\/#breadcrumb"},"inLanguage":"fi","potentialAction":[{"@type":"ReadAction","target":["https:\/\/gambling6.com\/fi\/kasino\/mobiilipelaaminen-pelaaminen-liikkeella-ollessa\/"]}]},{"@type":"ImageObject","inLanguage":"fi","@id":"https:\/\/gambling6.com\/fi\/kasino\/mobiilipelaaminen-pelaaminen-liikkeella-ollessa\/#primaryimage","url":"https:\/\/gambling6.com\/wp-content\/uploads\/2013\/12\/mobile-gambling-150x150.jpg","contentUrl":"https:\/\/gambling6.com\/wp-content\/uploads\/2013\/12\/mobile-gambling-150x150.jpg","width":150,"height":150,"caption":"online slotmachine"},{"@type":"BreadcrumbList","@id":"https:\/\/gambling6.com\/fi\/kasino\/mobiilipelaaminen-pelaaminen-liikkeella-ollessa\/#breadcrumb","itemListElement":[{"@type":"ListItem","position":1,"name":"Home","item":"https:\/\/gambling6.com\/fi\/home\/"},{"@type":"ListItem","position":2,"name":"Kasino","item":"https:\/\/gambling6.com\/fi\/get-started-with-online-gambling\/"},{"@type":"ListItem","position":3,"name":"Mobiilipelaaminen \u2013 Pelaaminen liikkeell\u00e4 ollessa"}]},{"@type":"WebSite","@id":"https:\/\/gambling6.com\/fi\/#website","url":"https:\/\/gambling6.com\/fi\/","name":"Gambling6","description":"","potentialAction":[{"@type":"SearchAction","target":{"@type":"EntryPoint","urlTemplate":"https:\/\/gambling6.com\/fi\/?s={search_term_string}"},"query-input":{"@type":"PropertyValueSpecification","valueRequired":true,"valueName":"search_term_string"}}],"inLanguage":"fi"}]}},"_links":{"self":[{"href":"https:\/\/gambling6.com\/fi\/wp-json\/wp\/v2\/pages\/8561","targetHints":{"allow":["GET"]}}],"collection":[{"href":"https:\/\/gambling6.com\/fi\/wp-json\/wp\/v2\/pages"}],"about":[{"href":"https:\/\/gambling6.com\/fi\/wp-json\/wp\/v2\/types\/page"}],"author":[{"embeddable":true,"href":"https:\/\/gambling6.com\/fi\/wp-json\/wp\/v2\/users\/1"}],"replies":[{"embeddable":true,"href":"https:\/\/gambling6.com\/fi\/wp-json\/wp\/v2\/comments?post=8561"}],"version-history":[{"count":1,"href":"https:\/\/gambling6.com\/fi\/wp-json\/wp\/v2\/pages\/8561\/revisions"}],"predecessor-version":[{"id":10458,"href":"https:\/\/gambling6.com\/fi\/wp-json\/wp\/v2\/pages\/8561\/revisions\/10458"}],"up":[{"embeddable":true,"href":"https:\/\/gambling6.com\/fi\/wp-json\/wp\/v2\/pages\/8287"}],"wp:featuredmedia":[{"embeddable":true,"href":"https:\/\/gambling6.com\/fi\/wp-json\/wp\/v2\/media\/8562"}],"wp:attachment":[{"href":"https:\/\/gambling6.com\/fi\/wp-json\/wp\/v2\/media?parent=8561"}],"curies":[{"name":"wp","href":"https:\/\/api.w.org\/{rel}","templated":true}]}}