{"id":8610,"date":"2025-11-07T21:30:53","date_gmt":"2025-11-07T21:30:53","guid":{"rendered":"https:\/\/gambling6.com\/pelaaminen-eurooppalaisilla-pokerisivustoilla\/"},"modified":"2025-11-15T08:00:52","modified_gmt":"2025-11-15T08:00:52","slug":"pelaaminen-eurooppalaisilla-pokerisivustoilla","status":"publish","type":"page","link":"https:\/\/gambling6.com\/fi\/pokeri\/pelaaminen-eurooppalaisilla-pokerisivustoilla\/","title":{"rendered":"Pelaaminen eurooppalaisilla pokerisivustoilla"},"content":{"rendered":"<h2>Eurooppalaisillakin sivustoilla on pokeria.<\/h2>\n<p>Viime vuosina pokerin suosio on saavuttanut uusia korkeuksia. Euroopan maat ovat merkitt\u00e4v\u00e4 markkina-alue nettipokerisivustoille, ja Yhdysvaltain hallituksen nettipelaamisen tiukka valvonta on pakottanut operaattorit keskittym\u00e4\u00e4n voimakkaasti Euroopan markkinoille. Vaikka livepokeri on intohimo eurooppalaisten keskuudessa, nettipokeri on nopeasti saavuttamassa nettitaitoisten pelaajien suosion. Maat, kuten Iso-Britannia, It\u00e4valta ja Saksa, is\u00e4nn\u00f6iv\u00e4t jopa kansainv\u00e4lisi\u00e4 pokerikiertueita ja -turnauksia.<\/p>\n<p><img loading=\"lazy\" decoding=\"async\" class=\"size-full wp-image-3075 alignright\" src=\"https:\/\/gambling6.com\/wp-content\/uploads\/2022\/04\/poker_bonusode_test_bericht.png\" alt=\"eurooppalaiset pokerisivustot\" width=\"246\" height=\"200\" \/>Manner-Eurooppa koostuu useista Euroopan unionin (EU) maista. Nettipokeriin suhtaudutaan my\u00f6nteisesti kaikkialla Euroopan unionissa \u2013 itse asiassa nettipokerisivustoja ei ole kielletty toimimasta Euroopan markkinoilla. Jokainen j\u00e4senmaa kuitenkin valvoo omia lakejaan nettipelaamisen suhteen. Siksi nettipokerin laillisuuden selitt\u00e4minen kaikkialla Euroopassa on melko monimutkaista. Kaikkien Euroopan unionin j\u00e4senvaltioiden on hyv\u00e4ksytt\u00e4v\u00e4 palvelut muilta j\u00e4senmailta, mutta jokaisella maalla on vapaus p\u00e4\u00e4tt\u00e4\u00e4 nettipelaamisen laillisuudesta.<\/p>\n<p>N\u00e4in ollen jotkut EU:n j\u00e4senvaltiot ovat kielt\u00e4neet nettipelaamisen, muutamat ovat laillistaneet sen, kun taas toiset ovat omaksuneet ep\u00e4selv\u00e4n l\u00e4hestymistavan. Vaikka nettipelaaminen on sallittua, eurooppalaisten nettipokerinpelaajien on oltava varovaisia \u200b\u200b\u2013 on suositeltavaa, ett\u00e4 he tarkistavat paikalliset nettipelaamiseen liittyv\u00e4t k\u00e4yt\u00e4nn\u00f6t ennen pelaamisen aloittamista. Vaikka nettipokerisivustoja verotetaan ja s\u00e4\u00e4nnell\u00e4\u00e4n Euroopan unionin toimesta, yksitt\u00e4isten j\u00e4senvaltioiden laeissa on eroja nettipelaamisen suhteen.<\/p>\n<h2>Paras nettipokerisivusto eurooppalaisille pelaajille<\/h2>\n<p>Eurooppalaisilla nettipokerinpelaajilla on paljon laajempi valikoima pokerisivustoja kuin yhdysvaltalaisilla pelaajilla. Sivusto, joka erottuu joukosta, on 888 Poker.<\/p>\n<p><span style=\"background-color: transparent;\"><strong>888 Poker<\/strong> on tunnettu nimi eurooppalaisten pokerisivustojen joukossa. Ja he antavat uusille pelaajille jopa <span style=\"font-size: medium;\"><strong>ilmaisen 20 euron pelikassan \u2013 t\u00e4ysin riskitt\u00f6m\u00e4n alun oikean rahan pokerille! Lis\u00e4ksi olet oikeutettu toiseen 300 euron bonukseen seuraavalla talletuksella. <\/strong><\/span><a class=\"thirstylink\" title=\"888 poker en\" href=\"https:\/\/gambling6.com\/go\/888-poker-en\/\" target=\"_blank\" rel=\"nofollow noopener\"><strong>Klikkaa t\u00e4st\u00e4 rekister\u00f6ity\u00e4ksesi 888:aan ja aloittaaksesi pelaamisen 20 eurolla oikeaa rahaa ilmaiseksi.<\/strong><\/a><br \/>\n<a href=\"https:\/\/ic.aff-handler.com\/C\/46138?sr=1073333&amp;anid=\" rel=\"nofollow\"><img loading=\"lazy\" decoding=\"async\" class=\"aligncenter\" src=\"https:\/\/ic.aff-handler.com\/I\/46138?sr=1073333&amp;anid=\" width=\"530\" height=\"68\" \/><\/a><\/span><\/p>\n<p>Esimerkiksi Yhdistynyt kuningaskunta sallii kansalaistensa pelata nettipelaamista ja sallii my\u00f6s ulkomaisten pelisivustojen toiminnan maassa. Alankomaat sallii asukkaiden pelata vain sellaisilla nettipokerisivustoilla, joilla on hollantilainen lisenssi. It\u00e4-Euroopan maat taas eiv\u00e4t olleet mukana nettipelaamisen kilpailussa, mutta viime aikoina nekin ovat helpon internetyhteyden ansiosta liittyneet mukaan kilpailuun. \u00c4skett\u00e4in EU:lle esitettiin ehdotus, jossa vaadittiin yhten\u00e4ist\u00e4 s\u00e4\u00e4ntelyj\u00e4rjestelm\u00e4\u00e4 nettipelaamiselle kaikissa j\u00e4senvaltioissa. T\u00e4m\u00e4 auttaisi standardoimaan lisensointiprosessia kaikkialla Euroopassa ja yksinkertaistamaan sit\u00e4.<\/p>\n<p>Eurooppalaisten pokerisivustojen pelaajiin sovelletaan vain verolakeja. Pelaajia verotetaan heid\u00e4n omien maidensa ja EU:n toimesta, kun he tallettavat ulkomailla sijaitsevalle nettipokerisivustolle. Eri Euroopan maat puhuvat eri kieli\u00e4. Eurooppalaiset pokerisivustot palvelevat asiakkaitaan yleens\u00e4 paikallisella kielell\u00e4. Jotkut suurimmista pokerisivustoista tarjoavat kuitenkin nyky\u00e4\u00e4n verkkosivustojaan useilla kielill\u00e4, koska niiden pokeriohjelmisto tukee useita kieli\u00e4.<\/p>\n<p>Asiakastukea tarjotaan my\u00f6s useilla kielill\u00e4. Englannin lis\u00e4ksi pokerisivusto voi tarjota ranskaa, espanjaa, saksaa, hollantia, tanskaa, italiaa, norjaa, portugalia jne. Kuten kieltenkin, eurooppalaiset pokerisivustot hyv\u00e4ksyv\u00e4t eri valuuttoja. Vaikka ensisijaiset valuutat ovat Yhdysvaltain dollari tai Ison-Britannian punta, euro on yhteinen valuutta EU:ssa. Eurooppalaiset pokerinpelaajat k\u00e4ytt\u00e4v\u00e4t mieluiten euroa tai Ison-Britannian puntaa tehdess\u00e4\u00e4n talletuksia nettipokerisivustoilla.<\/p>\n<p>Eurooppalaiset pokerisivustot tarjoavat yleens\u00e4 useita talletus- ja kotiutusvaihtoehtoja, jotka sopivat asiakkaille eri Euroopan unionin maista. Nettipokerisivustojen vakiomaksutapoihin kuuluvat pankkikortit, luottokortit, e-lompakot, tilisiirrot, pankkisiirrot ja e-shekit. Helpoin ja suosituin tapa rahoittaa nettipokeritili\u00e4 on luottokortti. Jotkut luottokorttien my\u00f6nt\u00e4j\u00e4t eiv\u00e4t kuitenkaan v\u00e4ltt\u00e4m\u00e4tt\u00e4 hyv\u00e4ksy nettiuhkapelien tapahtumia, joten on parasta tarkistaa asia ennen t\u00e4m\u00e4n menetelm\u00e4n valitsemista.<\/p>\n<p>Monet pokerinpelaajat pit\u00e4v\u00e4t k\u00e4tev\u00e4n\u00e4 rahoittaa nettipokeritili\u00e4\u00e4n e-lompakoilla. Pelaajat voivat avata tilin miss\u00e4 tahansa e-lompakkopalvelussa ja rahoittaa tili\u00e4 pankkinsa kautta. E-sein\u00e4et-tili\u00e4 voidaan puolestaan \u200b\u200bk\u00e4ytt\u00e4\u00e4 talletusten tekemiseen pokeritilille. Eurooppalaisten yritysten tarjoamia suosittuja e-lompakoita ovat muun muassa Neteller, Moneybookers ja e-WalletXpress. Pelaaja voi valita monista muista e-lompakoista niiden sopivuuden mukaan.<\/p>\n","protected":false},"excerpt":{"rendered":"<p>Eurooppalaisillakin sivustoilla on pokeria. Viime vuosina pokerin suosio on saavuttanut uusia korkeuksia. Euroopan maat ovat merkitt\u00e4v\u00e4 markkina-alue nettipokerisivustoille, ja Yhdysvaltain hallituksen nettipelaamisen tiukka valvonta on pakottanut operaattorit keskittym\u00e4\u00e4n voimakkaasti Euroopan markkinoille. Vaikka livepokeri on intohimo eurooppalaisten keskuudessa, nettipokeri on nopeasti saavuttamassa nettitaitoisten pelaajien suosion. Maat, kuten Iso-Britannia, It\u00e4valta ja Saksa, is\u00e4nn\u00f6iv\u00e4t jopa kansainv\u00e4lisi\u00e4 pokerikiertueita ja [&hellip;]<\/p>\n","protected":false},"author":1,"featured_media":0,"parent":8809,"menu_order":22,"comment_status":"closed","ping_status":"closed","template":"","meta":{"footnotes":""},"class_list":["post-8610","page","type-page","status-publish","hentry"],"yoast_head":"<!-- This site is optimized with the Yoast SEO plugin v27.4 - https:\/\/yoast.com\/product\/yoast-seo-wordpress\/ -->\n<title>Parhaat eurooppalaiset pokerisivustot<\/title>\n<meta name=\"description\" content=\"Eurooppalaisilla pokerinpelaajilla on paljon sivustoja, joista valita - t\u00e4ss\u00e4 ovat suosikki EU:n pokerihuoneemme\" \/>\n<meta name=\"robots\" content=\"index, follow, max-snippet:-1, max-image-preview:large, max-video-preview:-1\" \/>\n<link rel=\"canonical\" href=\"https:\/\/gambling6.com\/fi\/pokeri\/pelaaminen-eurooppalaisilla-pokerisivustoilla\/\" \/>\n<meta property=\"og:locale\" content=\"fi_FI\" \/>\n<meta property=\"og:type\" content=\"article\" \/>\n<meta property=\"og:title\" content=\"Parhaat eurooppalaiset pokerisivustot\" \/>\n<meta property=\"og:description\" content=\"Eurooppalaisilla pokerinpelaajilla on paljon sivustoja, joista valita - t\u00e4ss\u00e4 ovat suosikki EU:n pokerihuoneemme\" \/>\n<meta property=\"og:url\" content=\"https:\/\/gambling6.com\/fi\/pokeri\/pelaaminen-eurooppalaisilla-pokerisivustoilla\/\" \/>\n<meta property=\"og:site_name\" content=\"Gambling6\" \/>\n<meta property=\"article:modified_time\" content=\"2025-11-15T08:00:52+00:00\" \/>\n<meta property=\"og:image\" content=\"https:\/\/gambling6.com\/wp-content\/uploads\/2022\/04\/poker_bonusode_test_bericht.png\" \/>\n\t<meta property=\"og:image:width\" content=\"246\" \/>\n\t<meta property=\"og:image:height\" content=\"200\" \/>\n\t<meta property=\"og:image:type\" content=\"image\/png\" \/>\n<meta name=\"twitter:card\" content=\"summary_large_image\" \/>\n<meta name=\"twitter:label1\" content=\"Arvioitu lukuaika\" \/>\n\t<meta name=\"twitter:data1\" content=\"3 minuuttia\" \/>\n<script type=\"application\/ld+json\" class=\"yoast-schema-graph\">{\"@context\":\"https:\\\/\\\/schema.org\",\"@graph\":[{\"@type\":\"WebPage\",\"@id\":\"https:\\\/\\\/gambling6.com\\\/fi\\\/pokeri\\\/pelaaminen-eurooppalaisilla-pokerisivustoilla\\\/\",\"url\":\"https:\\\/\\\/gambling6.com\\\/fi\\\/pokeri\\\/pelaaminen-eurooppalaisilla-pokerisivustoilla\\\/\",\"name\":\"Parhaat eurooppalaiset pokerisivustot\",\"isPartOf\":{\"@id\":\"https:\\\/\\\/gambling6.com\\\/fi\\\/#website\"},\"primaryImageOfPage\":{\"@id\":\"https:\\\/\\\/gambling6.com\\\/fi\\\/pokeri\\\/pelaaminen-eurooppalaisilla-pokerisivustoilla\\\/#primaryimage\"},\"image\":{\"@id\":\"https:\\\/\\\/gambling6.com\\\/fi\\\/pokeri\\\/pelaaminen-eurooppalaisilla-pokerisivustoilla\\\/#primaryimage\"},\"thumbnailUrl\":\"https:\\\/\\\/gambling6.com\\\/wp-content\\\/uploads\\\/2022\\\/04\\\/poker_bonusode_test_bericht.png\",\"datePublished\":\"2025-11-07T21:30:53+00:00\",\"dateModified\":\"2025-11-15T08:00:52+00:00\",\"description\":\"Eurooppalaisilla pokerinpelaajilla on paljon sivustoja, joista valita - t\u00e4ss\u00e4 ovat suosikki EU:n pokerihuoneemme\",\"breadcrumb\":{\"@id\":\"https:\\\/\\\/gambling6.com\\\/fi\\\/pokeri\\\/pelaaminen-eurooppalaisilla-pokerisivustoilla\\\/#breadcrumb\"},\"inLanguage\":\"fi\",\"potentialAction\":[{\"@type\":\"ReadAction\",\"target\":[\"https:\\\/\\\/gambling6.com\\\/fi\\\/pokeri\\\/pelaaminen-eurooppalaisilla-pokerisivustoilla\\\/\"]}]},{\"@type\":\"ImageObject\",\"inLanguage\":\"fi\",\"@id\":\"https:\\\/\\\/gambling6.com\\\/fi\\\/pokeri\\\/pelaaminen-eurooppalaisilla-pokerisivustoilla\\\/#primaryimage\",\"url\":\"https:\\\/\\\/gambling6.com\\\/wp-content\\\/uploads\\\/2022\\\/04\\\/poker_bonusode_test_bericht.png\",\"contentUrl\":\"https:\\\/\\\/gambling6.com\\\/wp-content\\\/uploads\\\/2022\\\/04\\\/poker_bonusode_test_bericht.png\"},{\"@type\":\"BreadcrumbList\",\"@id\":\"https:\\\/\\\/gambling6.com\\\/fi\\\/pokeri\\\/pelaaminen-eurooppalaisilla-pokerisivustoilla\\\/#breadcrumb\",\"itemListElement\":[{\"@type\":\"ListItem\",\"position\":1,\"name\":\"Home\",\"item\":\"https:\\\/\\\/gambling6.com\\\/fi\\\/home\\\/\"},{\"@type\":\"ListItem\",\"position\":2,\"name\":\"Pokeri\",\"item\":\"https:\\\/\\\/gambling6.com\\\/fi\\\/poker\\\/\"},{\"@type\":\"ListItem\",\"position\":3,\"name\":\"Pelaaminen eurooppalaisilla pokerisivustoilla\"}]},{\"@type\":\"WebSite\",\"@id\":\"https:\\\/\\\/gambling6.com\\\/fi\\\/#website\",\"url\":\"https:\\\/\\\/gambling6.com\\\/fi\\\/\",\"name\":\"Gambling6\",\"description\":\"\",\"potentialAction\":[{\"@type\":\"SearchAction\",\"target\":{\"@type\":\"EntryPoint\",\"urlTemplate\":\"https:\\\/\\\/gambling6.com\\\/fi\\\/?s={search_term_string}\"},\"query-input\":{\"@type\":\"PropertyValueSpecification\",\"valueRequired\":true,\"valueName\":\"search_term_string\"}}],\"inLanguage\":\"fi\"}]}<\/script>\n<!-- \/ Yoast SEO plugin. -->","yoast_head_json":{"title":"Parhaat eurooppalaiset pokerisivustot","description":"Eurooppalaisilla pokerinpelaajilla on paljon sivustoja, joista valita - t\u00e4ss\u00e4 ovat suosikki EU:n pokerihuoneemme","robots":{"index":"index","follow":"follow","max-snippet":"max-snippet:-1","max-image-preview":"max-image-preview:large","max-video-preview":"max-video-preview:-1"},"canonical":"https:\/\/gambling6.com\/fi\/pokeri\/pelaaminen-eurooppalaisilla-pokerisivustoilla\/","og_locale":"fi_FI","og_type":"article","og_title":"Parhaat eurooppalaiset pokerisivustot","og_description":"Eurooppalaisilla pokerinpelaajilla on paljon sivustoja, joista valita - t\u00e4ss\u00e4 ovat suosikki EU:n pokerihuoneemme","og_url":"https:\/\/gambling6.com\/fi\/pokeri\/pelaaminen-eurooppalaisilla-pokerisivustoilla\/","og_site_name":"Gambling6","article_modified_time":"2025-11-15T08:00:52+00:00","og_image":[{"width":246,"height":200,"url":"https:\/\/gambling6.com\/wp-content\/uploads\/2022\/04\/poker_bonusode_test_bericht.png","type":"image\/png"}],"twitter_card":"summary_large_image","twitter_misc":{"Arvioitu lukuaika":"3 minuuttia"},"schema":{"@context":"https:\/\/schema.org","@graph":[{"@type":"WebPage","@id":"https:\/\/gambling6.com\/fi\/pokeri\/pelaaminen-eurooppalaisilla-pokerisivustoilla\/","url":"https:\/\/gambling6.com\/fi\/pokeri\/pelaaminen-eurooppalaisilla-pokerisivustoilla\/","name":"Parhaat eurooppalaiset pokerisivustot","isPartOf":{"@id":"https:\/\/gambling6.com\/fi\/#website"},"primaryImageOfPage":{"@id":"https:\/\/gambling6.com\/fi\/pokeri\/pelaaminen-eurooppalaisilla-pokerisivustoilla\/#primaryimage"},"image":{"@id":"https:\/\/gambling6.com\/fi\/pokeri\/pelaaminen-eurooppalaisilla-pokerisivustoilla\/#primaryimage"},"thumbnailUrl":"https:\/\/gambling6.com\/wp-content\/uploads\/2022\/04\/poker_bonusode_test_bericht.png","datePublished":"2025-11-07T21:30:53+00:00","dateModified":"2025-11-15T08:00:52+00:00","description":"Eurooppalaisilla pokerinpelaajilla on paljon sivustoja, joista valita - t\u00e4ss\u00e4 ovat suosikki EU:n pokerihuoneemme","breadcrumb":{"@id":"https:\/\/gambling6.com\/fi\/pokeri\/pelaaminen-eurooppalaisilla-pokerisivustoilla\/#breadcrumb"},"inLanguage":"fi","potentialAction":[{"@type":"ReadAction","target":["https:\/\/gambling6.com\/fi\/pokeri\/pelaaminen-eurooppalaisilla-pokerisivustoilla\/"]}]},{"@type":"ImageObject","inLanguage":"fi","@id":"https:\/\/gambling6.com\/fi\/pokeri\/pelaaminen-eurooppalaisilla-pokerisivustoilla\/#primaryimage","url":"https:\/\/gambling6.com\/wp-content\/uploads\/2022\/04\/poker_bonusode_test_bericht.png","contentUrl":"https:\/\/gambling6.com\/wp-content\/uploads\/2022\/04\/poker_bonusode_test_bericht.png"},{"@type":"BreadcrumbList","@id":"https:\/\/gambling6.com\/fi\/pokeri\/pelaaminen-eurooppalaisilla-pokerisivustoilla\/#breadcrumb","itemListElement":[{"@type":"ListItem","position":1,"name":"Home","item":"https:\/\/gambling6.com\/fi\/home\/"},{"@type":"ListItem","position":2,"name":"Pokeri","item":"https:\/\/gambling6.com\/fi\/poker\/"},{"@type":"ListItem","position":3,"name":"Pelaaminen eurooppalaisilla pokerisivustoilla"}]},{"@type":"WebSite","@id":"https:\/\/gambling6.com\/fi\/#website","url":"https:\/\/gambling6.com\/fi\/","name":"Gambling6","description":"","potentialAction":[{"@type":"SearchAction","target":{"@type":"EntryPoint","urlTemplate":"https:\/\/gambling6.com\/fi\/?s={search_term_string}"},"query-input":{"@type":"PropertyValueSpecification","valueRequired":true,"valueName":"search_term_string"}}],"inLanguage":"fi"}]}},"_links":{"self":[{"href":"https:\/\/gambling6.com\/fi\/wp-json\/wp\/v2\/pages\/8610","targetHints":{"allow":["GET"]}}],"collection":[{"href":"https:\/\/gambling6.com\/fi\/wp-json\/wp\/v2\/pages"}],"about":[{"href":"https:\/\/gambling6.com\/fi\/wp-json\/wp\/v2\/types\/page"}],"author":[{"embeddable":true,"href":"https:\/\/gambling6.com\/fi\/wp-json\/wp\/v2\/users\/1"}],"replies":[{"embeddable":true,"href":"https:\/\/gambling6.com\/fi\/wp-json\/wp\/v2\/comments?post=8610"}],"version-history":[{"count":2,"href":"https:\/\/gambling6.com\/fi\/wp-json\/wp\/v2\/pages\/8610\/revisions"}],"predecessor-version":[{"id":10829,"href":"https:\/\/gambling6.com\/fi\/wp-json\/wp\/v2\/pages\/8610\/revisions\/10829"}],"up":[{"embeddable":true,"href":"https:\/\/gambling6.com\/fi\/wp-json\/wp\/v2\/pages\/8809"}],"wp:attachment":[{"href":"https:\/\/gambling6.com\/fi\/wp-json\/wp\/v2\/media?parent=8610"}],"curies":[{"name":"wp","href":"https:\/\/api.w.org\/{rel}","templated":true}]}}