{"id":8680,"date":"2025-11-07T22:45:37","date_gmt":"2025-11-07T22:45:37","guid":{"rendered":"https:\/\/gambling6.com\/raaputusarvat\/"},"modified":"2025-11-15T10:12:00","modified_gmt":"2025-11-15T10:12:00","slug":"raaputusarvat","status":"publish","type":"page","link":"https:\/\/gambling6.com\/fi\/raaputusarvat\/","title":{"rendered":"Raaputusarvat"},"content":{"rendered":"<p>Jos pid\u00e4t raaputusarpojen tai muiden pikavoittopelien pelaamisen j\u00e4nnityksest\u00e4, <strong>tulet rakastamaan verkkosivustosuositustamme raaputusarpojen pelaamiseen verkossa.<\/strong> Internetiss\u00e4 on monia vaihtoehtoja raaputusarpojen pelaamiseen. Kaikki n\u00e4m\u00e4 sivustot tarjoavat rekister\u00f6itymisbonuksia ja hyv\u00e4n valikoiman tuotteita. Voit rekister\u00f6ity\u00e4, valita maksutavan, ladata tilillesi rahaa ja aloittaa pelaamisen minuuteissa.<img loading=\"lazy\" decoding=\"async\" class=\" alignright wp-image-511\" style=\"margin: 10px; border: 5px solid #ffffff; float: right;\" src=\"http:\/\/gambling6.com\/wp-content\/uploads\/2013\/12\/best_online_scratchcards.jpg\" alt=\"parhaat nettiraaputusarvat\" width=\"299\" height=\"163\" srcset=\"https:\/\/gambling6.com\/wp-content\/uploads\/2013\/12\/best_online_scratchcards.jpg 446w, https:\/\/gambling6.com\/wp-content\/uploads\/2013\/12\/best_online_scratchcards-300x163.jpg 300w\" sizes=\"auto, (max-width: 299px) 100vw, 299px\" \/><\/p>\n<h2>Verkkoraaputusarpasivustot tarjoavat upeita animaatioita<\/h2>\n<p>Toisin kuin suosikkiarpajaiskauppiaan korteilla pelaamissasi peleiss\u00e4, raaputusarpojen verkkoversiot tarjoavat j\u00e4nnitt\u00e4vi\u00e4 animaatioita hauskan ymp\u00e4rist\u00f6n luomiseksi. Voittamisen j\u00e4nnitys ja adrenaliiniry\u00f6ppy, jonka voittavien esineiden n\u00e4keminen n\u00e4yt\u00f6ll\u00e4 saa pelaajat palaamaan nettiraaputusarpasivustoille. N\u00e4ill\u00e4 sivustoilla on lis\u00e4tty visuaalisia apuv\u00e4lineit\u00e4 j\u00e4nnityksen ja j\u00e4nnityksen lis\u00e4\u00e4miseksi.<\/p>\n<h2>888 Casinon pikavoittoraaputusarvat on suunniteltu eurooppalaisille ja Ison-Britannian pelaajille<\/h2>\n<p>888 Casino tunnetaan kansainv\u00e4lisesti maailmanluokan kasinona, mutta se on my\u00f6s voima, jonka kanssa on otettava huomioon nettiraaputusarpojen alalla. <a class=\"thirstylink\" title=\"888 casino en\" href=\"https:\/\/gambling6.com\/go\/888-casino-en\/\" target=\"_blank\" rel=\"nofollow noopener\">Voit vierailla raaputusarpaosiossa napsauttamalla t\u00e4st\u00e4.<\/a><\/p>\n<p>Mit\u00e4 tarkalleen ottaen n\u00e4et 888 Casinon nettiraaputusarpapeleiss\u00e4? Mik\u00e4 t\u00e4rkeint\u00e4, pelaajat tulevat rakastamaan tarjottujen korttien m\u00e4\u00e4r\u00e4\u00e4. Voit pelata yli 40 erilaista peli\u00e4, ja jos kyll\u00e4styt raaputusarpojen pelaamiseen, voit nopeasti vaihtaa satoihin online-peliautomaatteihin, joissa on progressiivisia j\u00e4ttipotteja ja pelivalikoima kaikille pelaajille. Monet n\u00e4ist\u00e4 koneista alkavat pennipeliautomaatteina, joissa on fantastiset voitot.<\/p>\n<p>T\u00e4m\u00e4 sivusto tarjoaa laajan valikoiman kasinopelej\u00e4, mutta my\u00f6s pokeria ja urheiluvedonly\u00f6nti\u00e4.<\/p>\n<p>888 Casinon j\u00e4nnitys syntyy tukitiimist\u00e4, joka on vastuussa ymp\u00e4rist\u00f6n luomisesta, joka saa sinut palaamaan takaisin. He keksiv\u00e4t aina uusia tapoja tarjota sinulle uusia pelej\u00e4 ja uusia tapoja voittaa ja pit\u00e4\u00e4 sinut ajan tasalla jokaisessa vaiheessa matkan varrella.<\/p>\n<p>Yhdist\u00e4 valtavat j\u00e4ttipotit lukuisiin peleihin ja heit\u00e4 mukaan maailmanluokan tiimi, joka ty\u00f6skentelee y\u00f6t\u00e4 p\u00e4iv\u00e4\u00e4 tarjotakseen sinulle uusia ohjelmia viihdytt\u00e4m\u00e4\u00e4n sinua, ja saat ihastuttavan sekoituksen raaputusarpoja. Varmista, ett\u00e4 p\u00e4\u00e4set mukaan raaputusarpatoimintaan 888 Casinolla.<\/p>\n","protected":false},"excerpt":{"rendered":"<p>Jos pid\u00e4t raaputusarpojen tai muiden pikavoittopelien pelaamisen j\u00e4nnityksest\u00e4, tulet rakastamaan verkkosivustosuositustamme raaputusarpojen pelaamiseen verkossa. Internetiss\u00e4 on monia vaihtoehtoja raaputusarpojen pelaamiseen. Kaikki n\u00e4m\u00e4 sivustot tarjoavat rekister\u00f6itymisbonuksia ja hyv\u00e4n valikoiman tuotteita. Voit rekister\u00f6ity\u00e4, valita maksutavan, ladata tilillesi rahaa ja aloittaa pelaamisen minuuteissa. Verkkoraaputusarpasivustot tarjoavat upeita animaatioita Toisin kuin suosikkiarpajaiskauppiaan korteilla pelaamissasi peleiss\u00e4, raaputusarpojen verkkoversiot tarjoavat j\u00e4nnitt\u00e4vi\u00e4 animaatioita [&hellip;]<\/p>\n","protected":false},"author":1,"featured_media":8682,"parent":0,"menu_order":7,"comment_status":"closed","ping_status":"closed","template":"","meta":{"footnotes":""},"class_list":["post-8680","page","type-page","status-publish","has-post-thumbnail","hentry"],"yoast_head":"<!-- This site is optimized with the Yoast SEO plugin v27.4 - https:\/\/yoast.com\/product\/yoast-seo-wordpress\/ -->\n<title>Mitk\u00e4 ovat parhaat netin raaputusarpasivustot?<\/title>\n<meta name=\"description\" content=\"Aloita pelaaminen parhaalla nettiraaputusarpojen verkkosivustolla. Saatavilla on kymmeni\u00e4 raaputusarpoja laajalla palkintovalikoimalla.\" \/>\n<meta name=\"robots\" content=\"index, follow, max-snippet:-1, max-image-preview:large, max-video-preview:-1\" \/>\n<link rel=\"canonical\" href=\"https:\/\/gambling6.com\/fi\/raaputusarvat\/\" \/>\n<meta property=\"og:locale\" content=\"fi_FI\" \/>\n<meta property=\"og:type\" content=\"article\" \/>\n<meta property=\"og:title\" content=\"Mitk\u00e4 ovat parhaat netin raaputusarpasivustot?\" \/>\n<meta property=\"og:description\" content=\"Aloita pelaaminen parhaalla nettiraaputusarpojen verkkosivustolla. Saatavilla on kymmeni\u00e4 raaputusarpoja laajalla palkintovalikoimalla.\" \/>\n<meta property=\"og:url\" content=\"https:\/\/gambling6.com\/fi\/raaputusarvat\/\" \/>\n<meta property=\"og:site_name\" content=\"Gambling6\" \/>\n<meta property=\"article:modified_time\" content=\"2025-11-15T10:12:00+00:00\" \/>\n<meta property=\"og:image\" content=\"https:\/\/gambling6.com\/wp-content\/uploads\/2013\/12\/best_online_scratchcards.jpg\" \/>\n\t<meta property=\"og:image:width\" content=\"446\" \/>\n\t<meta property=\"og:image:height\" content=\"243\" \/>\n\t<meta property=\"og:image:type\" content=\"image\/jpeg\" \/>\n<meta name=\"twitter:card\" content=\"summary_large_image\" \/>\n<meta name=\"twitter:label1\" content=\"Arvioitu lukuaika\" \/>\n\t<meta name=\"twitter:data1\" content=\"1 minuutti\" \/>\n<script type=\"application\/ld+json\" class=\"yoast-schema-graph\">{\"@context\":\"https:\\\/\\\/schema.org\",\"@graph\":[{\"@type\":\"WebPage\",\"@id\":\"https:\\\/\\\/gambling6.com\\\/fi\\\/raaputusarvat\\\/\",\"url\":\"https:\\\/\\\/gambling6.com\\\/fi\\\/raaputusarvat\\\/\",\"name\":\"Mitk\u00e4 ovat parhaat netin raaputusarpasivustot?\",\"isPartOf\":{\"@id\":\"https:\\\/\\\/gambling6.com\\\/fi\\\/#website\"},\"primaryImageOfPage\":{\"@id\":\"https:\\\/\\\/gambling6.com\\\/fi\\\/raaputusarvat\\\/#primaryimage\"},\"image\":{\"@id\":\"https:\\\/\\\/gambling6.com\\\/fi\\\/raaputusarvat\\\/#primaryimage\"},\"thumbnailUrl\":\"https:\\\/\\\/gambling6.com\\\/wp-content\\\/uploads\\\/2013\\\/12\\\/best_online_scratchcards.jpg\",\"datePublished\":\"2025-11-07T22:45:37+00:00\",\"dateModified\":\"2025-11-15T10:12:00+00:00\",\"description\":\"Aloita pelaaminen parhaalla nettiraaputusarpojen verkkosivustolla. Saatavilla on kymmeni\u00e4 raaputusarpoja laajalla palkintovalikoimalla.\",\"breadcrumb\":{\"@id\":\"https:\\\/\\\/gambling6.com\\\/fi\\\/raaputusarvat\\\/#breadcrumb\"},\"inLanguage\":\"fi\",\"potentialAction\":[{\"@type\":\"ReadAction\",\"target\":[\"https:\\\/\\\/gambling6.com\\\/fi\\\/raaputusarvat\\\/\"]}]},{\"@type\":\"ImageObject\",\"inLanguage\":\"fi\",\"@id\":\"https:\\\/\\\/gambling6.com\\\/fi\\\/raaputusarvat\\\/#primaryimage\",\"url\":\"https:\\\/\\\/gambling6.com\\\/wp-content\\\/uploads\\\/2013\\\/12\\\/best_online_scratchcards.jpg\",\"contentUrl\":\"https:\\\/\\\/gambling6.com\\\/wp-content\\\/uploads\\\/2013\\\/12\\\/best_online_scratchcards.jpg\",\"width\":446,\"height\":243,\"caption\":\"best online scratchcards\"},{\"@type\":\"BreadcrumbList\",\"@id\":\"https:\\\/\\\/gambling6.com\\\/fi\\\/raaputusarvat\\\/#breadcrumb\",\"itemListElement\":[{\"@type\":\"ListItem\",\"position\":1,\"name\":\"Home\",\"item\":\"https:\\\/\\\/gambling6.com\\\/fi\\\/home\\\/\"},{\"@type\":\"ListItem\",\"position\":2,\"name\":\"Raaputusarvat\"}]},{\"@type\":\"WebSite\",\"@id\":\"https:\\\/\\\/gambling6.com\\\/fi\\\/#website\",\"url\":\"https:\\\/\\\/gambling6.com\\\/fi\\\/\",\"name\":\"Gambling6\",\"description\":\"\",\"potentialAction\":[{\"@type\":\"SearchAction\",\"target\":{\"@type\":\"EntryPoint\",\"urlTemplate\":\"https:\\\/\\\/gambling6.com\\\/fi\\\/?s={search_term_string}\"},\"query-input\":{\"@type\":\"PropertyValueSpecification\",\"valueRequired\":true,\"valueName\":\"search_term_string\"}}],\"inLanguage\":\"fi\"}]}<\/script>\n<!-- \/ Yoast SEO plugin. -->","yoast_head_json":{"title":"Mitk\u00e4 ovat parhaat netin raaputusarpasivustot?","description":"Aloita pelaaminen parhaalla nettiraaputusarpojen verkkosivustolla. Saatavilla on kymmeni\u00e4 raaputusarpoja laajalla palkintovalikoimalla.","robots":{"index":"index","follow":"follow","max-snippet":"max-snippet:-1","max-image-preview":"max-image-preview:large","max-video-preview":"max-video-preview:-1"},"canonical":"https:\/\/gambling6.com\/fi\/raaputusarvat\/","og_locale":"fi_FI","og_type":"article","og_title":"Mitk\u00e4 ovat parhaat netin raaputusarpasivustot?","og_description":"Aloita pelaaminen parhaalla nettiraaputusarpojen verkkosivustolla. Saatavilla on kymmeni\u00e4 raaputusarpoja laajalla palkintovalikoimalla.","og_url":"https:\/\/gambling6.com\/fi\/raaputusarvat\/","og_site_name":"Gambling6","article_modified_time":"2025-11-15T10:12:00+00:00","og_image":[{"width":446,"height":243,"url":"https:\/\/gambling6.com\/wp-content\/uploads\/2013\/12\/best_online_scratchcards.jpg","type":"image\/jpeg"}],"twitter_card":"summary_large_image","twitter_misc":{"Arvioitu lukuaika":"1 minuutti"},"schema":{"@context":"https:\/\/schema.org","@graph":[{"@type":"WebPage","@id":"https:\/\/gambling6.com\/fi\/raaputusarvat\/","url":"https:\/\/gambling6.com\/fi\/raaputusarvat\/","name":"Mitk\u00e4 ovat parhaat netin raaputusarpasivustot?","isPartOf":{"@id":"https:\/\/gambling6.com\/fi\/#website"},"primaryImageOfPage":{"@id":"https:\/\/gambling6.com\/fi\/raaputusarvat\/#primaryimage"},"image":{"@id":"https:\/\/gambling6.com\/fi\/raaputusarvat\/#primaryimage"},"thumbnailUrl":"https:\/\/gambling6.com\/wp-content\/uploads\/2013\/12\/best_online_scratchcards.jpg","datePublished":"2025-11-07T22:45:37+00:00","dateModified":"2025-11-15T10:12:00+00:00","description":"Aloita pelaaminen parhaalla nettiraaputusarpojen verkkosivustolla. Saatavilla on kymmeni\u00e4 raaputusarpoja laajalla palkintovalikoimalla.","breadcrumb":{"@id":"https:\/\/gambling6.com\/fi\/raaputusarvat\/#breadcrumb"},"inLanguage":"fi","potentialAction":[{"@type":"ReadAction","target":["https:\/\/gambling6.com\/fi\/raaputusarvat\/"]}]},{"@type":"ImageObject","inLanguage":"fi","@id":"https:\/\/gambling6.com\/fi\/raaputusarvat\/#primaryimage","url":"https:\/\/gambling6.com\/wp-content\/uploads\/2013\/12\/best_online_scratchcards.jpg","contentUrl":"https:\/\/gambling6.com\/wp-content\/uploads\/2013\/12\/best_online_scratchcards.jpg","width":446,"height":243,"caption":"best online scratchcards"},{"@type":"BreadcrumbList","@id":"https:\/\/gambling6.com\/fi\/raaputusarvat\/#breadcrumb","itemListElement":[{"@type":"ListItem","position":1,"name":"Home","item":"https:\/\/gambling6.com\/fi\/home\/"},{"@type":"ListItem","position":2,"name":"Raaputusarvat"}]},{"@type":"WebSite","@id":"https:\/\/gambling6.com\/fi\/#website","url":"https:\/\/gambling6.com\/fi\/","name":"Gambling6","description":"","potentialAction":[{"@type":"SearchAction","target":{"@type":"EntryPoint","urlTemplate":"https:\/\/gambling6.com\/fi\/?s={search_term_string}"},"query-input":{"@type":"PropertyValueSpecification","valueRequired":true,"valueName":"search_term_string"}}],"inLanguage":"fi"}]}},"_links":{"self":[{"href":"https:\/\/gambling6.com\/fi\/wp-json\/wp\/v2\/pages\/8680","targetHints":{"allow":["GET"]}}],"collection":[{"href":"https:\/\/gambling6.com\/fi\/wp-json\/wp\/v2\/pages"}],"about":[{"href":"https:\/\/gambling6.com\/fi\/wp-json\/wp\/v2\/types\/page"}],"author":[{"embeddable":true,"href":"https:\/\/gambling6.com\/fi\/wp-json\/wp\/v2\/users\/1"}],"replies":[{"embeddable":true,"href":"https:\/\/gambling6.com\/fi\/wp-json\/wp\/v2\/comments?post=8680"}],"version-history":[{"count":1,"href":"https:\/\/gambling6.com\/fi\/wp-json\/wp\/v2\/pages\/8680\/revisions"}],"predecessor-version":[{"id":10918,"href":"https:\/\/gambling6.com\/fi\/wp-json\/wp\/v2\/pages\/8680\/revisions\/10918"}],"wp:featuredmedia":[{"embeddable":true,"href":"https:\/\/gambling6.com\/fi\/wp-json\/wp\/v2\/media\/8682"}],"wp:attachment":[{"href":"https:\/\/gambling6.com\/fi\/wp-json\/wp\/v2\/media?parent=8680"}],"curies":[{"name":"wp","href":"https:\/\/api.w.org\/{rel}","templated":true}]}}