{"id":8809,"date":"2025-11-08T00:12:17","date_gmt":"2025-11-08T00:12:17","guid":{"rendered":"https:\/\/gambling6.com\/pokeri\/"},"modified":"2025-11-12T11:17:18","modified_gmt":"2025-11-12T11:17:18","slug":"pokeri","status":"publish","type":"page","link":"https:\/\/gambling6.com\/fi\/pokeri\/","title":{"rendered":"Pokeri"},"content":{"rendered":"<h2 style=\"text-align: left;\"><img loading=\"lazy\" decoding=\"async\" class=\" wp-image-3009 alignright\" src=\"https:\/\/gambling6.com\/wp-content\/uploads\/2022\/04\/pokertournament-300x209.jpg\" alt=\"aloita pokeri\" width=\"266\" height=\"185\" srcset=\"https:\/\/gambling6.com\/wp-content\/uploads\/2022\/04\/pokertournament-300x209.jpg 300w, https:\/\/gambling6.com\/wp-content\/uploads\/2022\/04\/pokertournament.jpg 415w\" sizes=\"auto, (max-width: 266px) 100vw, 266px\" \/>Aloita nettipokerin pelaaminen<\/h2>\n<p>Jos haluat aloittaa nettipokerin pelaamisen, on pari asiaa, jotka sinun on tiedett\u00e4v\u00e4. Pokeri on taitopeli. Emme v\u00e4it\u00e4, etteik\u00f6 tuuria tarvittaisi \u2013 itse asiassa on \u2013 mutta totuus on, ett\u00e4 jos haluat ansaita rahaa, oppimisk\u00e4yr\u00e4 on ehdottomasti olemassa.<\/p>\n<h2>5 kultaista s\u00e4\u00e4nt\u00f6\u00e4 nettipokerin aloittamiseen<\/h2>\n<ol>\n<li>Valitse pokerihuoneesi viisaasti &#8211; lue arvostelumme ennen kuin valitset sivuston, jolla pelaat<\/li>\n<li>Aloita leikkirahalla tutustuaksesi s\u00e4\u00e4nt\u00f6ihin ja itse peliin, ja aloita sitten alhaisimmalla oikean rahan tasolla<\/li>\n<li>K\u00e4yt\u00e4 paljon aikaa pokeristrategian lukemiseen. Tied\u00e4, mitk\u00e4 aloitusk\u00e4det ovat hyvi\u00e4 miss\u00e4kin tilanteessa ja tied\u00e4, miten niit\u00e4 pelataan miss\u00e4kin pelipaikassa. &#8221;Tiukka on oikea&#8221; on paras neuvo aloittelijalle, ja suhteellinen pelipaikkasi on eritt\u00e4in t\u00e4rke\u00e4 p\u00e4\u00e4t\u00f6ksillesi.<\/li>\n<li>K\u00e4yt\u00e4 hyv\u00e4\u00e4 bonustarjousta ensitalletuksellesi tai jopa ilmaista pelikassatarjousta, kuten 888 Pokerin. He antavat sinulle 20,00 \u20ac (tai GBP, asuinpaikastasi riippuen) ilmaiseksi vain rekister\u00f6itymisest\u00e4! Saat silti 100 % talletusbonuksen ja jopa 300,00 \u20ac tai GBP, kun talletat rahaa. <a class=\"thirstylink\" title=\"888 poker en\" href=\"https:\/\/gambling6.com\/go\/888-poker-en\/\" target=\"_blank\" rel=\"nofollow noopener\"><span style=\"text-decoration: underline;\"><strong>Klikkaa t\u00e4st\u00e4<\/strong><\/span><span style=\"text-decoration: underline;\"><strong>menn\u00e4ksesi<\/strong><\/span><span style=\"text-decoration: underline;\"><strong>kohteeseen<\/strong><\/span><span style=\"text-decoration: underline;\"><strong>8<\/strong><\/span><span style=\"text-decoration: underline;\"><strong>88 Pokeri nyt.<\/strong><\/span><\/a><\/li>\n<li>Hallitse pelikassaasi huolellisesti. Pid\u00e4 pelikassasi v\u00e4hint\u00e4\u00e4n 100 kertaa, jopa 200 kertaa, pelitasosi v\u00e4himm\u00e4ispanos.<\/li>\n<\/ol>\n<p><a href=\"https:\/\/ic.aff-handler.com\/C\/46138?sr=1073333&amp;anid=\" rel=\"nofollow\"><img loading=\"lazy\" decoding=\"async\" class=\"aligncenter\" src=\"https:\/\/ic.aff-handler.com\/I\/46138?sr=1073333&amp;anid=\" width=\"563\" height=\"72\" \/><\/a><\/p>\n<h2>Parhaat verkkosivustot nettipokerin pelaamiseen aloittelijoille<\/h2>\n<p>No, yksi verkkosivusto, jonka jo mainitsimme. Se on 888 Poker, jossa 20 \u20ac ilmainen pelikassakampanja antaa sinun pelata oikealla rahalla heti ilman talletusta. Ja saat my\u00f6hemmin toisen bonuksen, kun talletat omaa rahaa, mik\u00e4 kaksinkertaistaa rahasi. T\u00e4m\u00e4 tarjoaja ei kuitenkaan hyv\u00e4ksy pelaajia Yhdysvalloista.<\/p>\n<h2>Parhaat verkkosivustot yhdysvaltalaisille pokerinpelaajille<\/h2>\n<p>Yhdysvaltojen lakis\u00e4\u00e4teisten rajoitusten vuoksi sinulla ei ole yht\u00e4 paljon vaihtoehtoja. Useimmat operaattorit ovat vet\u00e4ytyneet Yhdysvaltojen markkinoilta, ja s\u00e4\u00e4nnellyt nettipelaamisen markkinat Yhdysvalloissa ovat viel\u00e4 tulevaisuuden asia \u2013 ainakin useimmissa osavaltioissa.<\/p>\n<p>Siit\u00e4 huolimatta t\u00e4ll\u00e4 hetkell\u00e4 paras vaihtoehto olisi BetOnline Poker. <a class=\"thirstylink\" title=\"Betonline poker en\" href=\"https:\/\/gambling6.com\/go\/betonline-poker-en\/\" target=\"_blank\" rel=\"nofollow noopener\">Klikkaa t\u00e4t\u00e4 linkki\u00e4 vieraillaksesi heid\u00e4n sivustollaan<\/a>, jossa voit pelata pokeria sek\u00e4 kaikenlaisia \u200b\u200bkasinopelej\u00e4.<\/p>\n","protected":false},"excerpt":{"rendered":"<p>Aloita nettipokerin pelaaminen Jos haluat aloittaa nettipokerin pelaamisen, on pari asiaa, jotka sinun on tiedett\u00e4v\u00e4. Pokeri on taitopeli. Emme v\u00e4it\u00e4, etteik\u00f6 tuuria tarvittaisi \u2013 itse asiassa on \u2013 mutta totuus on, ett\u00e4 jos haluat ansaita rahaa, oppimisk\u00e4yr\u00e4 on ehdottomasti olemassa. 5 kultaista s\u00e4\u00e4nt\u00f6\u00e4 nettipokerin aloittamiseen Valitse pokerihuoneesi viisaasti &#8211; lue arvostelumme ennen kuin valitset sivuston, [&hellip;]<\/p>\n","protected":false},"author":1,"featured_media":0,"parent":0,"menu_order":5,"comment_status":"closed","ping_status":"closed","template":"","meta":{"footnotes":""},"class_list":["post-8809","page","type-page","status-publish","hentry"],"yoast_head":"<!-- This site is optimized with the Yoast SEO plugin v27.6 - https:\/\/yoast.com\/product\/yoast-seo-wordpress\/ -->\n<title>Parhaat paikat aloittaa nettipokerin pelaaminen?<\/title>\n<meta name=\"description\" content=\"Parhaat nettipokeripaikat, 5 kultaista s\u00e4\u00e4nt\u00f6\u00e4 aloittamiseen\" \/>\n<meta name=\"robots\" content=\"index, follow, max-snippet:-1, max-image-preview:large, max-video-preview:-1\" \/>\n<link rel=\"canonical\" href=\"https:\/\/gambling6.com\/fi\/pokeri\/\" \/>\n<meta property=\"og:locale\" content=\"fi_FI\" \/>\n<meta property=\"og:type\" content=\"article\" \/>\n<meta property=\"og:title\" content=\"Parhaat paikat aloittaa nettipokerin pelaaminen?\" \/>\n<meta property=\"og:description\" content=\"Parhaat nettipokeripaikat, 5 kultaista s\u00e4\u00e4nt\u00f6\u00e4 aloittamiseen\" \/>\n<meta property=\"og:url\" content=\"https:\/\/gambling6.com\/fi\/pokeri\/\" \/>\n<meta property=\"og:site_name\" content=\"Gambling6\" \/>\n<meta property=\"article:modified_time\" content=\"2025-11-12T11:17:18+00:00\" \/>\n<meta property=\"og:image\" content=\"https:\/\/gambling6.com\/wp-content\/uploads\/2022\/04\/pokertournament.jpg\" \/>\n\t<meta property=\"og:image:width\" content=\"415\" \/>\n\t<meta property=\"og:image:height\" content=\"289\" \/>\n\t<meta property=\"og:image:type\" content=\"image\/jpeg\" \/>\n<meta name=\"twitter:card\" content=\"summary_large_image\" \/>\n<meta name=\"twitter:label1\" content=\"Arvioitu lukuaika\" \/>\n\t<meta name=\"twitter:data1\" content=\"1 minuutti\" \/>\n<script type=\"application\/ld+json\" class=\"yoast-schema-graph\">{\"@context\":\"https:\\\/\\\/schema.org\",\"@graph\":[{\"@type\":\"WebPage\",\"@id\":\"https:\\\/\\\/gambling6.com\\\/fi\\\/pokeri\\\/\",\"url\":\"https:\\\/\\\/gambling6.com\\\/fi\\\/pokeri\\\/\",\"name\":\"Parhaat paikat aloittaa nettipokerin pelaaminen?\",\"isPartOf\":{\"@id\":\"https:\\\/\\\/gambling6.com\\\/fi\\\/#website\"},\"primaryImageOfPage\":{\"@id\":\"https:\\\/\\\/gambling6.com\\\/fi\\\/pokeri\\\/#primaryimage\"},\"image\":{\"@id\":\"https:\\\/\\\/gambling6.com\\\/fi\\\/pokeri\\\/#primaryimage\"},\"thumbnailUrl\":\"https:\\\/\\\/gambling6.com\\\/wp-content\\\/uploads\\\/2022\\\/04\\\/pokertournament-300x209.jpg\",\"datePublished\":\"2025-11-08T00:12:17+00:00\",\"dateModified\":\"2025-11-12T11:17:18+00:00\",\"description\":\"Parhaat nettipokeripaikat, 5 kultaista s\u00e4\u00e4nt\u00f6\u00e4 aloittamiseen\",\"breadcrumb\":{\"@id\":\"https:\\\/\\\/gambling6.com\\\/fi\\\/pokeri\\\/#breadcrumb\"},\"inLanguage\":\"fi\",\"potentialAction\":[{\"@type\":\"ReadAction\",\"target\":[\"https:\\\/\\\/gambling6.com\\\/fi\\\/pokeri\\\/\"]}]},{\"@type\":\"ImageObject\",\"inLanguage\":\"fi\",\"@id\":\"https:\\\/\\\/gambling6.com\\\/fi\\\/pokeri\\\/#primaryimage\",\"url\":\"https:\\\/\\\/gambling6.com\\\/wp-content\\\/uploads\\\/2022\\\/04\\\/pokertournament-300x209.jpg\",\"contentUrl\":\"https:\\\/\\\/gambling6.com\\\/wp-content\\\/uploads\\\/2022\\\/04\\\/pokertournament-300x209.jpg\"},{\"@type\":\"BreadcrumbList\",\"@id\":\"https:\\\/\\\/gambling6.com\\\/fi\\\/pokeri\\\/#breadcrumb\",\"itemListElement\":[{\"@type\":\"ListItem\",\"position\":1,\"name\":\"Home\",\"item\":\"https:\\\/\\\/gambling6.com\\\/fi\\\/home\\\/\"},{\"@type\":\"ListItem\",\"position\":2,\"name\":\"Pokeri\"}]},{\"@type\":\"WebSite\",\"@id\":\"https:\\\/\\\/gambling6.com\\\/fi\\\/#website\",\"url\":\"https:\\\/\\\/gambling6.com\\\/fi\\\/\",\"name\":\"Gambling6\",\"description\":\"\",\"potentialAction\":[{\"@type\":\"SearchAction\",\"target\":{\"@type\":\"EntryPoint\",\"urlTemplate\":\"https:\\\/\\\/gambling6.com\\\/fi\\\/?s={search_term_string}\"},\"query-input\":{\"@type\":\"PropertyValueSpecification\",\"valueRequired\":true,\"valueName\":\"search_term_string\"}}],\"inLanguage\":\"fi\"}]}<\/script>\n<!-- \/ Yoast SEO plugin. -->","yoast_head_json":{"title":"Parhaat paikat aloittaa nettipokerin pelaaminen?","description":"Parhaat nettipokeripaikat, 5 kultaista s\u00e4\u00e4nt\u00f6\u00e4 aloittamiseen","robots":{"index":"index","follow":"follow","max-snippet":"max-snippet:-1","max-image-preview":"max-image-preview:large","max-video-preview":"max-video-preview:-1"},"canonical":"https:\/\/gambling6.com\/fi\/pokeri\/","og_locale":"fi_FI","og_type":"article","og_title":"Parhaat paikat aloittaa nettipokerin pelaaminen?","og_description":"Parhaat nettipokeripaikat, 5 kultaista s\u00e4\u00e4nt\u00f6\u00e4 aloittamiseen","og_url":"https:\/\/gambling6.com\/fi\/pokeri\/","og_site_name":"Gambling6","article_modified_time":"2025-11-12T11:17:18+00:00","og_image":[{"width":415,"height":289,"url":"https:\/\/gambling6.com\/wp-content\/uploads\/2022\/04\/pokertournament.jpg","type":"image\/jpeg"}],"twitter_card":"summary_large_image","twitter_misc":{"Arvioitu lukuaika":"1 minuutti"},"schema":{"@context":"https:\/\/schema.org","@graph":[{"@type":"WebPage","@id":"https:\/\/gambling6.com\/fi\/pokeri\/","url":"https:\/\/gambling6.com\/fi\/pokeri\/","name":"Parhaat paikat aloittaa nettipokerin pelaaminen?","isPartOf":{"@id":"https:\/\/gambling6.com\/fi\/#website"},"primaryImageOfPage":{"@id":"https:\/\/gambling6.com\/fi\/pokeri\/#primaryimage"},"image":{"@id":"https:\/\/gambling6.com\/fi\/pokeri\/#primaryimage"},"thumbnailUrl":"https:\/\/gambling6.com\/wp-content\/uploads\/2022\/04\/pokertournament-300x209.jpg","datePublished":"2025-11-08T00:12:17+00:00","dateModified":"2025-11-12T11:17:18+00:00","description":"Parhaat nettipokeripaikat, 5 kultaista s\u00e4\u00e4nt\u00f6\u00e4 aloittamiseen","breadcrumb":{"@id":"https:\/\/gambling6.com\/fi\/pokeri\/#breadcrumb"},"inLanguage":"fi","potentialAction":[{"@type":"ReadAction","target":["https:\/\/gambling6.com\/fi\/pokeri\/"]}]},{"@type":"ImageObject","inLanguage":"fi","@id":"https:\/\/gambling6.com\/fi\/pokeri\/#primaryimage","url":"https:\/\/gambling6.com\/wp-content\/uploads\/2022\/04\/pokertournament-300x209.jpg","contentUrl":"https:\/\/gambling6.com\/wp-content\/uploads\/2022\/04\/pokertournament-300x209.jpg"},{"@type":"BreadcrumbList","@id":"https:\/\/gambling6.com\/fi\/pokeri\/#breadcrumb","itemListElement":[{"@type":"ListItem","position":1,"name":"Home","item":"https:\/\/gambling6.com\/fi\/home\/"},{"@type":"ListItem","position":2,"name":"Pokeri"}]},{"@type":"WebSite","@id":"https:\/\/gambling6.com\/fi\/#website","url":"https:\/\/gambling6.com\/fi\/","name":"Gambling6","description":"","potentialAction":[{"@type":"SearchAction","target":{"@type":"EntryPoint","urlTemplate":"https:\/\/gambling6.com\/fi\/?s={search_term_string}"},"query-input":{"@type":"PropertyValueSpecification","valueRequired":true,"valueName":"search_term_string"}}],"inLanguage":"fi"}]}},"_links":{"self":[{"href":"https:\/\/gambling6.com\/fi\/wp-json\/wp\/v2\/pages\/8809","targetHints":{"allow":["GET"]}}],"collection":[{"href":"https:\/\/gambling6.com\/fi\/wp-json\/wp\/v2\/pages"}],"about":[{"href":"https:\/\/gambling6.com\/fi\/wp-json\/wp\/v2\/types\/page"}],"author":[{"embeddable":true,"href":"https:\/\/gambling6.com\/fi\/wp-json\/wp\/v2\/users\/1"}],"replies":[{"embeddable":true,"href":"https:\/\/gambling6.com\/fi\/wp-json\/wp\/v2\/comments?post=8809"}],"version-history":[{"count":1,"href":"https:\/\/gambling6.com\/fi\/wp-json\/wp\/v2\/pages\/8809\/revisions"}],"predecessor-version":[{"id":10560,"href":"https:\/\/gambling6.com\/fi\/wp-json\/wp\/v2\/pages\/8809\/revisions\/10560"}],"wp:attachment":[{"href":"https:\/\/gambling6.com\/fi\/wp-json\/wp\/v2\/media?parent=8809"}],"curies":[{"name":"wp","href":"https:\/\/api.w.org\/{rel}","templated":true}]}}