{"id":8830,"date":"2025-11-08T08:26:49","date_gmt":"2025-11-08T08:26:49","guid":{"rendered":"https:\/\/gambling6.com\/kasino\/nettikasinotilisi-turvassa-pitaminen\/"},"modified":"2025-11-12T09:02:39","modified_gmt":"2025-11-12T09:02:39","slug":"nettikasinotilisi-turvassa-pitaminen","status":"publish","type":"page","link":"https:\/\/gambling6.com\/fi\/kasino\/nettikasinotilisi-turvassa-pitaminen\/","title":{"rendered":"Nettikasinotilisi turvassa pit\u00e4minen"},"content":{"rendered":"<h2>V\u00e4lt\u00e4 huonoja sivustoja ja ryhdy turvatoimiin.<\/h2>\n<p>Nettipelaamisen maailma on kasvanut merkitt\u00e4v\u00e4sti, ja vaikka t\u00e4m\u00e4 on yleens\u00e4 hyv\u00e4 asia pelaajille, sill\u00e4 on my\u00f6s muutamia haittoja. Kasinoiden tarjoama verkkoturvallisuus on kiistatta t\u00e4rkein tekij\u00e4 oikealla rahalla pelatessa, ja k\u00e4ytt\u00e4jille on taattava virheett\u00f6m\u00e4t rahatapahtumat.<\/p>\n<p>Valitettavasti nykyp\u00e4iv\u00e4n teknologisesti kehittyneess\u00e4 maailmassa huijaukset ja verkkopetokset ovat aivan liian yleisi\u00e4, jotta voisi olettaa, etteiv\u00e4t ne tapahdu sinulle, eik\u00e4 siksi ryhty\u00e4 toimiin niiden est\u00e4miseksi. Uusia nettikasinoita ilmestyy l\u00e4hes yhdess\u00e4 y\u00f6ss\u00e4 ja lupaa valtavia bonuksia saadakseen pallon k\u00e4yntiin ja houkutellakseen suuren m\u00e4\u00e4r\u00e4n asiakkaita.<\/p>\n<p>On eritt\u00e4in t\u00e4rke\u00e4\u00e4 tiet\u00e4\u00e4, voidaanko n\u00e4ihin luottaa, ja on eritt\u00e4in suositeltavaa ensin hankkia lis\u00e4tietoja muilta sivustoilta. K\u00e4ytt\u00e4jien tai kokeneiden pelaajien tekem\u00e4t arvostelut ovat tulossa eritt\u00e4in suosituiksi internetiss\u00e4, koska yh\u00e4 useammat pelaajat n\u00e4kev\u00e4t sokkona pelaamisen riskin ja etsiv\u00e4t ensin jonkinlaista varmuutta.<\/p>\n<h2>Nettipelaaminen Yhdysvalloissa<\/h2>\n<p><img loading=\"lazy\" decoding=\"async\" class=\" wp-image-2415 alignright\" src=\"https:\/\/gambling6.com\/wp-content\/uploads\/2022\/04\/1_play_euromillions_online3-300x200.jpg\" alt=\"kasinon turvallisuus\" width=\"263\" height=\"175\" srcset=\"https:\/\/gambling6.com\/wp-content\/uploads\/2022\/04\/1_play_euromillions_online3-300x200.jpg 300w, https:\/\/gambling6.com\/wp-content\/uploads\/2022\/04\/1_play_euromillions_online3.jpg 320w\" sizes=\"auto, (max-width: 263px) 100vw, 263px\" \/>Yhdysvallat on j\u00e4nnitt\u00e4v\u00e4t nettipelaamisen markkinat. Vaikka nettikasinot ovat kiellettyj\u00e4 kaikissa paitsi kahdessa osavaltiossa, harmaa nettipelaamisen teollisuus on valtava, p\u00e4\u00e4asiassa siksi, ett\u00e4 amerikkalaiset pelaajat haluavat pelata kasinopelej\u00e4 verkossa. Merkitt\u00e4v\u00e4 m\u00e4\u00e4r\u00e4 potentiaalisia asiakkaita tarkoittaa my\u00f6s sit\u00e4, ett\u00e4 Yhdysvalloissa on enemm\u00e4n kuin kourallinen nettikasinoita, mik\u00e4 tekee amerikkalaisten pelaajien aloittamisesta eritt\u00e4in helppoa.<\/p>\n<p>Itse asiassa johtavat sivustot hyv\u00e4ksyv\u00e4t jopa amerikkalaiset luottokortit maksutapana, ja kaikki on suunniteltu mahdollisimman k\u00e4tev\u00e4ksi pelaajille. Vaikka n\u00e4it\u00e4 nettikasinoita ei s\u00e4\u00e4nnell\u00e4 Yhdysvalloissa, niill\u00e4 on offshore-maiden my\u00f6nt\u00e4mi\u00e4 lisenssej\u00e4, jotka varmistavat, ett\u00e4 ne tarjoavat turvallisen ja suojatun ymp\u00e4rist\u00f6n. Ongelmana on, ett\u00e4 Yhdysvaltojen markkinoille suunnattujen upeiden kasinoiden lis\u00e4ksi on my\u00f6s paljon h\u00e4m\u00e4r\u00e4per\u00e4isi\u00e4 sivustoja, joilla on ongelmia kotiutusten kanssa tai jotka eiv\u00e4t yksinkertaisesti tarjoa reilua voittoprosenttia peleiss\u00e4\u00e4n.<\/p>\n<p>Siksi on ensin t\u00e4rke\u00e4\u00e4 lukea arvosteluja sivustosta, johon haluat liitty\u00e4, ja katsoa, \u200b\u200bonko se niin hyv\u00e4 kuin milt\u00e4 se n\u00e4ytt\u00e4\u00e4. T\u00e4m\u00e4 ei vie kuin muutaman minuutin ja varmistaa, ett\u00e4 online-pelikokemuksesi on mahdollisimman hyv\u00e4. Reilun pelaamisen osalta luotettavat nettikasinot k\u00e4ytt\u00e4v\u00e4t satunnaislukugeneraattoreita varmistaakseen, ett\u00e4 jokainen peli perustuu puhtaasti sattumaan. Nettikasino voi yhdist\u00e4\u00e4 perinteiset kasinop\u00f6yd\u00e4t online-pelaamisen etuihin jakajan live-videostriimin kautta.<\/p>\n<p>Yhdysvaltalaisena uhkapelurina et voi menn\u00e4 vikaan valitsemalla markkinoiden johtavan nettikasinopelien tarjoajan, nimitt\u00e4in BetOnlinen. <a class=\"thirstylink\" title=\"Betonline casino en\" href=\"https:\/\/gambling6.com\/go\/betonline-casino-en\/\" target=\"_blank\" rel=\"nofollow noopener\">Klikkaa t\u00e4st\u00e4 vieraillaksesi heid\u00e4n verkkosivustollaan<\/a>. Turvallisuutesi on siell\u00e4 hyviss\u00e4 k\u00e4siss\u00e4, toisin kuin useimmilla muilla offshore-kasino-operaattoreilla, jotka hyv\u00e4ksyv\u00e4t Yhdysvaltain asukkaita.<\/p>\n<h2>Huomioitavaa turvatoimista<\/h2>\n<p>On my\u00f6s mainittava, ett\u00e4 merkitt\u00e4v\u00e4 osa vastuusta on pelaajalla itsell\u00e4\u00e4n, ja on olemassa erityisi\u00e4 toimenpiteit\u00e4, joilla he voivat est\u00e4\u00e4 huijauksia ja pit\u00e4\u00e4 varansa turvassa.<\/p>\n<p><strong>1. K\u00e4yt\u00e4 turvallista salasanaa<\/strong><\/p>\n<p>Yh\u00e4 useammat sivustot kannustavat k\u00e4ytt\u00e4ji\u00e4 k\u00e4ytt\u00e4m\u00e4\u00e4n turvallisia, vaikeasti arvattavia salasanoja. Numeroiden ja kirjainten k\u00e4ytt\u00e4minen sek\u00e4 isoilla ett\u00e4 pienill\u00e4 kirjaimilla tekee salasanasta paljon turvallisemman, ja on my\u00f6s suositeltavaa olla k\u00e4ytt\u00e4m\u00e4tt\u00e4 samaa salasanaa useilla tileill\u00e4.<\/p>\n<p><strong>2. Varmista, ett\u00e4 sinulla on hyv\u00e4 virustorjunta<\/strong><\/p>\n<p>Useimmat pelaajat unohtavat usein hyv\u00e4n virustorjunnan t\u00e4rkeyden. Se voi havaita v\u00e4litt\u00f6m\u00e4sti mahdolliset ongelmat, kun surffaat internetiss\u00e4 tai lataat jotain, kuten uuden nettikasinon sovellusta.<\/p>\n<p><strong>3. Varmista aina, ett\u00e4 sivu on turvallinen<\/strong><\/p>\n<p>Kun annat henkil\u00f6tietoja, kuten tilitietoja, varmista, ett\u00e4 sivu on turvallinen. T\u00e4m\u00e4 tehd\u00e4\u00e4n tarkistamalla selaimen osoiterivilt\u00e4 HTTPS ja etsim\u00e4ll\u00e4 suljetun lukon kuvaketta.<\/p>\n","protected":false},"excerpt":{"rendered":"<p>V\u00e4lt\u00e4 huonoja sivustoja ja ryhdy turvatoimiin. Nettipelaamisen maailma on kasvanut merkitt\u00e4v\u00e4sti, ja vaikka t\u00e4m\u00e4 on yleens\u00e4 hyv\u00e4 asia pelaajille, sill\u00e4 on my\u00f6s muutamia haittoja. Kasinoiden tarjoama verkkoturvallisuus on kiistatta t\u00e4rkein tekij\u00e4 oikealla rahalla pelatessa, ja k\u00e4ytt\u00e4jille on taattava virheett\u00f6m\u00e4t rahatapahtumat. Valitettavasti nykyp\u00e4iv\u00e4n teknologisesti kehittyneess\u00e4 maailmassa huijaukset ja verkkopetokset ovat aivan liian yleisi\u00e4, jotta voisi olettaa, [&hellip;]<\/p>\n","protected":false},"author":1,"featured_media":0,"parent":8287,"menu_order":36,"comment_status":"closed","ping_status":"closed","template":"","meta":{"footnotes":""},"class_list":["post-8830","page","type-page","status-publish","hentry"],"yoast_head":"<!-- This site is optimized with the Yoast SEO plugin v27.4 - https:\/\/yoast.com\/product\/yoast-seo-wordpress\/ -->\n<title>Miten voin pit\u00e4\u00e4 nettikasinotilini turvassa<\/title>\n<meta name=\"description\" content=\"Hy\u00f6dyllisi\u00e4 vinkkej\u00e4 nettipelaamisen turvallisuuteen varmistaen, ett\u00e4 kasinotilisi on turvassa\" \/>\n<meta name=\"robots\" content=\"index, follow, max-snippet:-1, max-image-preview:large, max-video-preview:-1\" \/>\n<link rel=\"canonical\" href=\"https:\/\/gambling6.com\/fi\/kasino\/nettikasinotilisi-turvassa-pitaminen\/\" \/>\n<meta property=\"og:locale\" content=\"fi_FI\" \/>\n<meta property=\"og:type\" content=\"article\" \/>\n<meta property=\"og:title\" content=\"Miten voin pit\u00e4\u00e4 nettikasinotilini turvassa\" \/>\n<meta property=\"og:description\" content=\"Hy\u00f6dyllisi\u00e4 vinkkej\u00e4 nettipelaamisen turvallisuuteen varmistaen, ett\u00e4 kasinotilisi on turvassa\" \/>\n<meta property=\"og:url\" content=\"https:\/\/gambling6.com\/fi\/kasino\/nettikasinotilisi-turvassa-pitaminen\/\" \/>\n<meta property=\"og:site_name\" content=\"Gambling6\" \/>\n<meta property=\"article:modified_time\" content=\"2025-11-12T09:02:39+00:00\" \/>\n<meta property=\"og:image\" content=\"https:\/\/gambling6.com\/wp-content\/uploads\/2022\/04\/1_play_euromillions_online3.jpg\" \/>\n\t<meta property=\"og:image:width\" content=\"320\" \/>\n\t<meta property=\"og:image:height\" content=\"213\" \/>\n\t<meta property=\"og:image:type\" content=\"image\/jpeg\" \/>\n<meta name=\"twitter:card\" content=\"summary_large_image\" \/>\n<meta name=\"twitter:label1\" content=\"Arvioitu lukuaika\" \/>\n\t<meta name=\"twitter:data1\" content=\"3 minuuttia\" \/>\n<script type=\"application\/ld+json\" class=\"yoast-schema-graph\">{\"@context\":\"https:\\\/\\\/schema.org\",\"@graph\":[{\"@type\":\"WebPage\",\"@id\":\"https:\\\/\\\/gambling6.com\\\/fi\\\/kasino\\\/nettikasinotilisi-turvassa-pitaminen\\\/\",\"url\":\"https:\\\/\\\/gambling6.com\\\/fi\\\/kasino\\\/nettikasinotilisi-turvassa-pitaminen\\\/\",\"name\":\"Miten voin pit\u00e4\u00e4 nettikasinotilini turvassa\",\"isPartOf\":{\"@id\":\"https:\\\/\\\/gambling6.com\\\/fi\\\/#website\"},\"primaryImageOfPage\":{\"@id\":\"https:\\\/\\\/gambling6.com\\\/fi\\\/kasino\\\/nettikasinotilisi-turvassa-pitaminen\\\/#primaryimage\"},\"image\":{\"@id\":\"https:\\\/\\\/gambling6.com\\\/fi\\\/kasino\\\/nettikasinotilisi-turvassa-pitaminen\\\/#primaryimage\"},\"thumbnailUrl\":\"https:\\\/\\\/gambling6.com\\\/wp-content\\\/uploads\\\/2022\\\/04\\\/1_play_euromillions_online3-300x200.jpg\",\"datePublished\":\"2025-11-08T08:26:49+00:00\",\"dateModified\":\"2025-11-12T09:02:39+00:00\",\"description\":\"Hy\u00f6dyllisi\u00e4 vinkkej\u00e4 nettipelaamisen turvallisuuteen varmistaen, ett\u00e4 kasinotilisi on turvassa\",\"breadcrumb\":{\"@id\":\"https:\\\/\\\/gambling6.com\\\/fi\\\/kasino\\\/nettikasinotilisi-turvassa-pitaminen\\\/#breadcrumb\"},\"inLanguage\":\"fi\",\"potentialAction\":[{\"@type\":\"ReadAction\",\"target\":[\"https:\\\/\\\/gambling6.com\\\/fi\\\/kasino\\\/nettikasinotilisi-turvassa-pitaminen\\\/\"]}]},{\"@type\":\"ImageObject\",\"inLanguage\":\"fi\",\"@id\":\"https:\\\/\\\/gambling6.com\\\/fi\\\/kasino\\\/nettikasinotilisi-turvassa-pitaminen\\\/#primaryimage\",\"url\":\"https:\\\/\\\/gambling6.com\\\/wp-content\\\/uploads\\\/2022\\\/04\\\/1_play_euromillions_online3-300x200.jpg\",\"contentUrl\":\"https:\\\/\\\/gambling6.com\\\/wp-content\\\/uploads\\\/2022\\\/04\\\/1_play_euromillions_online3-300x200.jpg\"},{\"@type\":\"BreadcrumbList\",\"@id\":\"https:\\\/\\\/gambling6.com\\\/fi\\\/kasino\\\/nettikasinotilisi-turvassa-pitaminen\\\/#breadcrumb\",\"itemListElement\":[{\"@type\":\"ListItem\",\"position\":1,\"name\":\"Home\",\"item\":\"https:\\\/\\\/gambling6.com\\\/fi\\\/home\\\/\"},{\"@type\":\"ListItem\",\"position\":2,\"name\":\"Kasino\",\"item\":\"https:\\\/\\\/gambling6.com\\\/fi\\\/get-started-with-online-gambling\\\/\"},{\"@type\":\"ListItem\",\"position\":3,\"name\":\"Nettikasinotilisi turvassa pit\u00e4minen\"}]},{\"@type\":\"WebSite\",\"@id\":\"https:\\\/\\\/gambling6.com\\\/fi\\\/#website\",\"url\":\"https:\\\/\\\/gambling6.com\\\/fi\\\/\",\"name\":\"Gambling6\",\"description\":\"\",\"potentialAction\":[{\"@type\":\"SearchAction\",\"target\":{\"@type\":\"EntryPoint\",\"urlTemplate\":\"https:\\\/\\\/gambling6.com\\\/fi\\\/?s={search_term_string}\"},\"query-input\":{\"@type\":\"PropertyValueSpecification\",\"valueRequired\":true,\"valueName\":\"search_term_string\"}}],\"inLanguage\":\"fi\"}]}<\/script>\n<!-- \/ Yoast SEO plugin. -->","yoast_head_json":{"title":"Miten voin pit\u00e4\u00e4 nettikasinotilini turvassa","description":"Hy\u00f6dyllisi\u00e4 vinkkej\u00e4 nettipelaamisen turvallisuuteen varmistaen, ett\u00e4 kasinotilisi on turvassa","robots":{"index":"index","follow":"follow","max-snippet":"max-snippet:-1","max-image-preview":"max-image-preview:large","max-video-preview":"max-video-preview:-1"},"canonical":"https:\/\/gambling6.com\/fi\/kasino\/nettikasinotilisi-turvassa-pitaminen\/","og_locale":"fi_FI","og_type":"article","og_title":"Miten voin pit\u00e4\u00e4 nettikasinotilini turvassa","og_description":"Hy\u00f6dyllisi\u00e4 vinkkej\u00e4 nettipelaamisen turvallisuuteen varmistaen, ett\u00e4 kasinotilisi on turvassa","og_url":"https:\/\/gambling6.com\/fi\/kasino\/nettikasinotilisi-turvassa-pitaminen\/","og_site_name":"Gambling6","article_modified_time":"2025-11-12T09:02:39+00:00","og_image":[{"width":320,"height":213,"url":"https:\/\/gambling6.com\/wp-content\/uploads\/2022\/04\/1_play_euromillions_online3.jpg","type":"image\/jpeg"}],"twitter_card":"summary_large_image","twitter_misc":{"Arvioitu lukuaika":"3 minuuttia"},"schema":{"@context":"https:\/\/schema.org","@graph":[{"@type":"WebPage","@id":"https:\/\/gambling6.com\/fi\/kasino\/nettikasinotilisi-turvassa-pitaminen\/","url":"https:\/\/gambling6.com\/fi\/kasino\/nettikasinotilisi-turvassa-pitaminen\/","name":"Miten voin pit\u00e4\u00e4 nettikasinotilini turvassa","isPartOf":{"@id":"https:\/\/gambling6.com\/fi\/#website"},"primaryImageOfPage":{"@id":"https:\/\/gambling6.com\/fi\/kasino\/nettikasinotilisi-turvassa-pitaminen\/#primaryimage"},"image":{"@id":"https:\/\/gambling6.com\/fi\/kasino\/nettikasinotilisi-turvassa-pitaminen\/#primaryimage"},"thumbnailUrl":"https:\/\/gambling6.com\/wp-content\/uploads\/2022\/04\/1_play_euromillions_online3-300x200.jpg","datePublished":"2025-11-08T08:26:49+00:00","dateModified":"2025-11-12T09:02:39+00:00","description":"Hy\u00f6dyllisi\u00e4 vinkkej\u00e4 nettipelaamisen turvallisuuteen varmistaen, ett\u00e4 kasinotilisi on turvassa","breadcrumb":{"@id":"https:\/\/gambling6.com\/fi\/kasino\/nettikasinotilisi-turvassa-pitaminen\/#breadcrumb"},"inLanguage":"fi","potentialAction":[{"@type":"ReadAction","target":["https:\/\/gambling6.com\/fi\/kasino\/nettikasinotilisi-turvassa-pitaminen\/"]}]},{"@type":"ImageObject","inLanguage":"fi","@id":"https:\/\/gambling6.com\/fi\/kasino\/nettikasinotilisi-turvassa-pitaminen\/#primaryimage","url":"https:\/\/gambling6.com\/wp-content\/uploads\/2022\/04\/1_play_euromillions_online3-300x200.jpg","contentUrl":"https:\/\/gambling6.com\/wp-content\/uploads\/2022\/04\/1_play_euromillions_online3-300x200.jpg"},{"@type":"BreadcrumbList","@id":"https:\/\/gambling6.com\/fi\/kasino\/nettikasinotilisi-turvassa-pitaminen\/#breadcrumb","itemListElement":[{"@type":"ListItem","position":1,"name":"Home","item":"https:\/\/gambling6.com\/fi\/home\/"},{"@type":"ListItem","position":2,"name":"Kasino","item":"https:\/\/gambling6.com\/fi\/get-started-with-online-gambling\/"},{"@type":"ListItem","position":3,"name":"Nettikasinotilisi turvassa pit\u00e4minen"}]},{"@type":"WebSite","@id":"https:\/\/gambling6.com\/fi\/#website","url":"https:\/\/gambling6.com\/fi\/","name":"Gambling6","description":"","potentialAction":[{"@type":"SearchAction","target":{"@type":"EntryPoint","urlTemplate":"https:\/\/gambling6.com\/fi\/?s={search_term_string}"},"query-input":{"@type":"PropertyValueSpecification","valueRequired":true,"valueName":"search_term_string"}}],"inLanguage":"fi"}]}},"_links":{"self":[{"href":"https:\/\/gambling6.com\/fi\/wp-json\/wp\/v2\/pages\/8830","targetHints":{"allow":["GET"]}}],"collection":[{"href":"https:\/\/gambling6.com\/fi\/wp-json\/wp\/v2\/pages"}],"about":[{"href":"https:\/\/gambling6.com\/fi\/wp-json\/wp\/v2\/types\/page"}],"author":[{"embeddable":true,"href":"https:\/\/gambling6.com\/fi\/wp-json\/wp\/v2\/users\/1"}],"replies":[{"embeddable":true,"href":"https:\/\/gambling6.com\/fi\/wp-json\/wp\/v2\/comments?post=8830"}],"version-history":[{"count":1,"href":"https:\/\/gambling6.com\/fi\/wp-json\/wp\/v2\/pages\/8830\/revisions"}],"predecessor-version":[{"id":10437,"href":"https:\/\/gambling6.com\/fi\/wp-json\/wp\/v2\/pages\/8830\/revisions\/10437"}],"up":[{"embeddable":true,"href":"https:\/\/gambling6.com\/fi\/wp-json\/wp\/v2\/pages\/8287"}],"wp:attachment":[{"href":"https:\/\/gambling6.com\/fi\/wp-json\/wp\/v2\/media?parent=8830"}],"curies":[{"name":"wp","href":"https:\/\/api.w.org\/{rel}","templated":true}]}}