{"id":8892,"date":"2025-11-08T09:21:35","date_gmt":"2025-11-08T09:21:35","guid":{"rendered":"https:\/\/gambling6.com\/kasino\/blackjackin-alkupera\/"},"modified":"2025-11-08T09:21:35","modified_gmt":"2025-11-08T09:21:35","slug":"blackjackin-alkupera","status":"publish","type":"page","link":"https:\/\/gambling6.com\/fi\/kasino\/blackjackin-alkupera\/","title":{"rendered":"Blackjackin alkuper\u00e4"},"content":{"rendered":"<h2>Kun Blackjackia pelattiin ensimm\u00e4isen kerran<\/h2>\n<p><a href=\"http:\/\/gambling6.com\/wp-content\/uploads\/2013\/12\/history-of-balck-jack.jpg\"><img loading=\"lazy\" decoding=\"async\" class=\"aligncenter size-full wp-image-547 alignright size-full wp-image-183\" style=\"margin: 5px; float: right;\" src=\"http:\/\/gambling6.com\/wp-content\/uploads\/2013\/12\/history-of-balck-jack.jpg\" alt=\"blackjackin historia\" width=\"243\" height=\"207\" \/><\/a>Uhkapelihistorioitsijat ovat h\u00e4mmentyneit\u00e4 Black Jackina tuntemamme pelin historiasta ja alkuper\u00e4st\u00e4. Sen historia on edelleen kuuma keskustelunaihe monille tutkijoille. Korttipelien historiasta voidaan todeta, ett\u00e4 pelikortteja k\u00e4ytettiin alun perin Kiinassa, Intiassa ja Egyptiss\u00e4 jo vuonna 900 jKr. Ensimm\u00e4isten korttipelien sanotaan saaneen alkunsa Kiinassa.<\/p>\n<p>Mutta edelleen sanotaan, ett\u00e4 blackjackin keksiv\u00e4t ranskalaiset. Ranskalaisilla oli korttipelit, jotka tunnettiin nimell\u00e4 &#8221;chemin de fer&#8221; ja &#8221;ranskalainen Ferme&#8221;. Blackjackin uskotaan olevan n\u00e4iden kahden ranskalaisen pelin sivuhaara.<\/p>\n<p>Joskus vuonna 1700 jKr. Ranskan kasinoissa esiteltiin peli nimelt\u00e4 &#8221;vingt-et-un&#8221;, joka tarkoittaa kahtakymment\u00e4yksi. 1800-luvulla sama peli siirtyi Yhdysvaltoihin.<\/p>\n<p>Vaikka &#8221;vingt-et-un&#8221; n\u00e4ytt\u00e4\u00e4 melko samanlaiselta kuin blackjack, se on kuitenkin joiltakin osin erilainen. T\u00e4ss\u00e4 peliss\u00e4 tavoitteena on saavuttaa &#8221;luonnollinen&#8221; korttien kokonaism\u00e4\u00e4r\u00e4ll\u00e4 kaksikymment\u00e4yksi. Lis\u00e4ksi kortit jaettiin kierroksilla, ja panokset asetettiin jokaiselle kierrokselle. Lis\u00e4ksi vain jakajalla oli oikeus &#8221;tuplata&#8221; ja jos h\u00e4n sai luonnollisen kortin, kaikkien muiden pelaajien oli maksettava h\u00e4nelle kolminkertainen panos.<\/p>\n<p>Tutkijoiden toinen argumentti on, ett\u00e4 italialainen peli nimelt\u00e4 &#8221;Seitsem\u00e4n ja puoli&#8221; on saattanut my\u00f6s vaikuttaa nykyisen blackjackin syntyyn. Peli\u00e4 pelattiin korteilla numerot 8, 9 ja 10 sek\u00e4 kuvakorteilla. Kuvakortit puolestaan \u200b\u200blaskettiin &#8221;puoliksi&#8221;. Lis\u00e4ksi ruutukuningasta kohdeltiin villin\u00e4 korttina. Uskotaan, ett\u00e4 t\u00e4m\u00e4 oli ensimm\u00e4inen peli, jossa otettiin k\u00e4ytt\u00f6\u00f6n &#8221;bustin&#8221; k\u00e4site. T\u00e4m\u00e4 tarkoittaa, ett\u00e4 jos pelaajan korttien kokonaissumma oli yli seitsem\u00e4n ja puoli, h\u00e4n meni konkurssiin eli pois pelist\u00e4.<\/p>\n<p>My\u00f6s kuuluisa espanjalainen peli &#8221;Yksi ja kolmekymment\u00e4&#8221; oli samanlainen kuin Black Jack. Mutta t\u00e4ss\u00e4 kokonaissumma oli kolmekymment\u00e4yksi kahdenkymmenenyhden sijaan, ja sit\u00e4 pelattiin kolmella kortilla kahden sijaan kuten Black Jackissa.<\/p>\n<p>Aluksi, kun Blackjack tuli amerikkalaisiin kasinoihin joskus vuonna 1910, se ei ollut kovin suosittu. Pelikasinot ottivat k\u00e4ytt\u00f6\u00f6n erilaisia \u200b\u200bkannustimia ja bonuksia houkutellakseen ihmisi\u00e4 peliin. Pelikasinon alun perin tarjoama bonus oli 10:1. Jotkut kasinot lis\u00e4siv\u00e4t uuden pelin houkutuksen tunnistamalla sek\u00e4 ristij\u00e4tk\u00e4n ett\u00e4 pataj\u00e4tk\u00e4n, jolloin voittokerroin on kymmenen yhteen.<\/p>\n<p>Toinen erikoinen asia on se, miten nime\u00e4 &#8221;Blackjack&#8221; k\u00e4ytet\u00e4\u00e4n t\u00e4ss\u00e4 peliss\u00e4. Sanotaan, ett\u00e4 peli sai nimens\u00e4 Blackjackiksi, koska saadakseen bonusvoiton pelaajalla piti olla joko pataj\u00e4tk\u00e4 tai pata\u00e4ss\u00e4 kahdeksi ensimm\u00e4iseksi kortikseen.<\/p>\n<p>Vaikka nyky\u00e4\u00e4n j\u00e4tk\u00e4\u00e4 ei en\u00e4\u00e4 vaadita voittavan k\u00e4den muodostamiseen, ja mik\u00e4 tahansa kymmenen kortin ja \u00e4ss\u00e4n arvoinen kortti lasketaan voittavaksi k\u00e4deksi, nimi Black Jack sis\u00e4lt\u00e4\u00e4 sellaisen.<\/p>\n","protected":false},"excerpt":{"rendered":"<p>Kun Blackjackia pelattiin ensimm\u00e4isen kerran Uhkapelihistorioitsijat ovat h\u00e4mmentyneit\u00e4 Black Jackina tuntemamme pelin historiasta ja alkuper\u00e4st\u00e4. Sen historia on edelleen kuuma keskustelunaihe monille tutkijoille. Korttipelien historiasta voidaan todeta, ett\u00e4 pelikortteja k\u00e4ytettiin alun perin Kiinassa, Intiassa ja Egyptiss\u00e4 jo vuonna 900 jKr. Ensimm\u00e4isten korttipelien sanotaan saaneen alkunsa Kiinassa. Mutta edelleen sanotaan, ett\u00e4 blackjackin keksiv\u00e4t ranskalaiset. Ranskalaisilla oli [&hellip;]<\/p>\n","protected":false},"author":1,"featured_media":8878,"parent":8287,"menu_order":56,"comment_status":"closed","ping_status":"closed","template":"","meta":{"footnotes":""},"class_list":["post-8892","page","type-page","status-publish","has-post-thumbnail","hentry"],"yoast_head":"<!-- This site is optimized with the Yoast SEO plugin v27.6 - https:\/\/yoast.com\/product\/yoast-seo-wordpress\/ -->\n<title>Blackjack-korttipelin alkuper\u00e4<\/title>\n<meta name=\"description\" content=\"Lue Black Jackin historiasta, suositusta stretch-pelist\u00e4 kasinoviihteeseen ja nettikasinoihin.\" \/>\n<meta name=\"robots\" content=\"index, follow, max-snippet:-1, max-image-preview:large, max-video-preview:-1\" \/>\n<link rel=\"canonical\" href=\"https:\/\/gambling6.com\/fi\/kasino\/blackjackin-alkupera\/\" \/>\n<meta property=\"og:locale\" content=\"fi_FI\" \/>\n<meta property=\"og:type\" content=\"article\" \/>\n<meta property=\"og:title\" content=\"Blackjack-korttipelin alkuper\u00e4\" \/>\n<meta property=\"og:description\" content=\"Lue Black Jackin historiasta, suositusta stretch-pelist\u00e4 kasinoviihteeseen ja nettikasinoihin.\" \/>\n<meta property=\"og:url\" content=\"https:\/\/gambling6.com\/fi\/kasino\/blackjackin-alkupera\/\" \/>\n<meta property=\"og:site_name\" content=\"Gambling6\" \/>\n<meta property=\"og:image\" content=\"https:\/\/gambling6.com\/wp-content\/uploads\/2013\/12\/history-of-balck-jack.jpg\" \/>\n\t<meta property=\"og:image:width\" content=\"243\" \/>\n\t<meta property=\"og:image:height\" content=\"207\" \/>\n\t<meta property=\"og:image:type\" content=\"image\/jpeg\" \/>\n<meta name=\"twitter:card\" content=\"summary_large_image\" \/>\n<meta name=\"twitter:label1\" content=\"Arvioitu lukuaika\" \/>\n\t<meta name=\"twitter:data1\" content=\"2 minuuttia\" \/>\n<script type=\"application\/ld+json\" class=\"yoast-schema-graph\">{\"@context\":\"https:\\\/\\\/schema.org\",\"@graph\":[{\"@type\":\"WebPage\",\"@id\":\"https:\\\/\\\/gambling6.com\\\/fi\\\/kasino\\\/blackjackin-alkupera\\\/\",\"url\":\"https:\\\/\\\/gambling6.com\\\/fi\\\/kasino\\\/blackjackin-alkupera\\\/\",\"name\":\"Blackjack-korttipelin alkuper\u00e4\",\"isPartOf\":{\"@id\":\"https:\\\/\\\/gambling6.com\\\/fi\\\/#website\"},\"primaryImageOfPage\":{\"@id\":\"https:\\\/\\\/gambling6.com\\\/fi\\\/kasino\\\/blackjackin-alkupera\\\/#primaryimage\"},\"image\":{\"@id\":\"https:\\\/\\\/gambling6.com\\\/fi\\\/kasino\\\/blackjackin-alkupera\\\/#primaryimage\"},\"thumbnailUrl\":\"https:\\\/\\\/gambling6.com\\\/wp-content\\\/uploads\\\/2013\\\/12\\\/history-of-balck-jack.jpg\",\"datePublished\":\"2025-11-08T09:21:35+00:00\",\"description\":\"Lue Black Jackin historiasta, suositusta stretch-pelist\u00e4 kasinoviihteeseen ja nettikasinoihin.\",\"breadcrumb\":{\"@id\":\"https:\\\/\\\/gambling6.com\\\/fi\\\/kasino\\\/blackjackin-alkupera\\\/#breadcrumb\"},\"inLanguage\":\"fi\",\"potentialAction\":[{\"@type\":\"ReadAction\",\"target\":[\"https:\\\/\\\/gambling6.com\\\/fi\\\/kasino\\\/blackjackin-alkupera\\\/\"]}]},{\"@type\":\"ImageObject\",\"inLanguage\":\"fi\",\"@id\":\"https:\\\/\\\/gambling6.com\\\/fi\\\/kasino\\\/blackjackin-alkupera\\\/#primaryimage\",\"url\":\"https:\\\/\\\/gambling6.com\\\/wp-content\\\/uploads\\\/2013\\\/12\\\/history-of-balck-jack.jpg\",\"contentUrl\":\"https:\\\/\\\/gambling6.com\\\/wp-content\\\/uploads\\\/2013\\\/12\\\/history-of-balck-jack.jpg\",\"width\":243,\"height\":207,\"caption\":\"blackjack\"},{\"@type\":\"BreadcrumbList\",\"@id\":\"https:\\\/\\\/gambling6.com\\\/fi\\\/kasino\\\/blackjackin-alkupera\\\/#breadcrumb\",\"itemListElement\":[{\"@type\":\"ListItem\",\"position\":1,\"name\":\"Home\",\"item\":\"https:\\\/\\\/gambling6.com\\\/fi\\\/home\\\/\"},{\"@type\":\"ListItem\",\"position\":2,\"name\":\"Kasino\",\"item\":\"https:\\\/\\\/gambling6.com\\\/fi\\\/get-started-with-online-gambling\\\/\"},{\"@type\":\"ListItem\",\"position\":3,\"name\":\"Blackjackin alkuper\u00e4\"}]},{\"@type\":\"WebSite\",\"@id\":\"https:\\\/\\\/gambling6.com\\\/fi\\\/#website\",\"url\":\"https:\\\/\\\/gambling6.com\\\/fi\\\/\",\"name\":\"Gambling6\",\"description\":\"\",\"potentialAction\":[{\"@type\":\"SearchAction\",\"target\":{\"@type\":\"EntryPoint\",\"urlTemplate\":\"https:\\\/\\\/gambling6.com\\\/fi\\\/?s={search_term_string}\"},\"query-input\":{\"@type\":\"PropertyValueSpecification\",\"valueRequired\":true,\"valueName\":\"search_term_string\"}}],\"inLanguage\":\"fi\"}]}<\/script>\n<!-- \/ Yoast SEO plugin. -->","yoast_head_json":{"title":"Blackjack-korttipelin alkuper\u00e4","description":"Lue Black Jackin historiasta, suositusta stretch-pelist\u00e4 kasinoviihteeseen ja nettikasinoihin.","robots":{"index":"index","follow":"follow","max-snippet":"max-snippet:-1","max-image-preview":"max-image-preview:large","max-video-preview":"max-video-preview:-1"},"canonical":"https:\/\/gambling6.com\/fi\/kasino\/blackjackin-alkupera\/","og_locale":"fi_FI","og_type":"article","og_title":"Blackjack-korttipelin alkuper\u00e4","og_description":"Lue Black Jackin historiasta, suositusta stretch-pelist\u00e4 kasinoviihteeseen ja nettikasinoihin.","og_url":"https:\/\/gambling6.com\/fi\/kasino\/blackjackin-alkupera\/","og_site_name":"Gambling6","og_image":[{"width":243,"height":207,"url":"https:\/\/gambling6.com\/wp-content\/uploads\/2013\/12\/history-of-balck-jack.jpg","type":"image\/jpeg"}],"twitter_card":"summary_large_image","twitter_misc":{"Arvioitu lukuaika":"2 minuuttia"},"schema":{"@context":"https:\/\/schema.org","@graph":[{"@type":"WebPage","@id":"https:\/\/gambling6.com\/fi\/kasino\/blackjackin-alkupera\/","url":"https:\/\/gambling6.com\/fi\/kasino\/blackjackin-alkupera\/","name":"Blackjack-korttipelin alkuper\u00e4","isPartOf":{"@id":"https:\/\/gambling6.com\/fi\/#website"},"primaryImageOfPage":{"@id":"https:\/\/gambling6.com\/fi\/kasino\/blackjackin-alkupera\/#primaryimage"},"image":{"@id":"https:\/\/gambling6.com\/fi\/kasino\/blackjackin-alkupera\/#primaryimage"},"thumbnailUrl":"https:\/\/gambling6.com\/wp-content\/uploads\/2013\/12\/history-of-balck-jack.jpg","datePublished":"2025-11-08T09:21:35+00:00","description":"Lue Black Jackin historiasta, suositusta stretch-pelist\u00e4 kasinoviihteeseen ja nettikasinoihin.","breadcrumb":{"@id":"https:\/\/gambling6.com\/fi\/kasino\/blackjackin-alkupera\/#breadcrumb"},"inLanguage":"fi","potentialAction":[{"@type":"ReadAction","target":["https:\/\/gambling6.com\/fi\/kasino\/blackjackin-alkupera\/"]}]},{"@type":"ImageObject","inLanguage":"fi","@id":"https:\/\/gambling6.com\/fi\/kasino\/blackjackin-alkupera\/#primaryimage","url":"https:\/\/gambling6.com\/wp-content\/uploads\/2013\/12\/history-of-balck-jack.jpg","contentUrl":"https:\/\/gambling6.com\/wp-content\/uploads\/2013\/12\/history-of-balck-jack.jpg","width":243,"height":207,"caption":"blackjack"},{"@type":"BreadcrumbList","@id":"https:\/\/gambling6.com\/fi\/kasino\/blackjackin-alkupera\/#breadcrumb","itemListElement":[{"@type":"ListItem","position":1,"name":"Home","item":"https:\/\/gambling6.com\/fi\/home\/"},{"@type":"ListItem","position":2,"name":"Kasino","item":"https:\/\/gambling6.com\/fi\/get-started-with-online-gambling\/"},{"@type":"ListItem","position":3,"name":"Blackjackin alkuper\u00e4"}]},{"@type":"WebSite","@id":"https:\/\/gambling6.com\/fi\/#website","url":"https:\/\/gambling6.com\/fi\/","name":"Gambling6","description":"","potentialAction":[{"@type":"SearchAction","target":{"@type":"EntryPoint","urlTemplate":"https:\/\/gambling6.com\/fi\/?s={search_term_string}"},"query-input":{"@type":"PropertyValueSpecification","valueRequired":true,"valueName":"search_term_string"}}],"inLanguage":"fi"}]}},"_links":{"self":[{"href":"https:\/\/gambling6.com\/fi\/wp-json\/wp\/v2\/pages\/8892","targetHints":{"allow":["GET"]}}],"collection":[{"href":"https:\/\/gambling6.com\/fi\/wp-json\/wp\/v2\/pages"}],"about":[{"href":"https:\/\/gambling6.com\/fi\/wp-json\/wp\/v2\/types\/page"}],"author":[{"embeddable":true,"href":"https:\/\/gambling6.com\/fi\/wp-json\/wp\/v2\/users\/1"}],"replies":[{"embeddable":true,"href":"https:\/\/gambling6.com\/fi\/wp-json\/wp\/v2\/comments?post=8892"}],"version-history":[{"count":0,"href":"https:\/\/gambling6.com\/fi\/wp-json\/wp\/v2\/pages\/8892\/revisions"}],"up":[{"embeddable":true,"href":"https:\/\/gambling6.com\/fi\/wp-json\/wp\/v2\/pages\/8287"}],"wp:featuredmedia":[{"embeddable":true,"href":"https:\/\/gambling6.com\/fi\/wp-json\/wp\/v2\/media\/8878"}],"wp:attachment":[{"href":"https:\/\/gambling6.com\/fi\/wp-json\/wp\/v2\/media?parent=8892"}],"curies":[{"name":"wp","href":"https:\/\/api.w.org\/{rel}","templated":true}]}}