{"id":8918,"date":"2025-11-08T10:05:14","date_gmt":"2025-11-08T10:05:14","guid":{"rendered":"https:\/\/gambling6.com\/kasino\/kaikki-mita-sinun-tarvitsee-tietaa-nettikolikkopeleista\/"},"modified":"2025-11-12T16:59:41","modified_gmt":"2025-11-12T16:59:41","slug":"kaikki-mita-sinun-tarvitsee-tietaa-nettikolikkopeleista","status":"publish","type":"page","link":"https:\/\/gambling6.com\/fi\/kasino\/kaikki-mita-sinun-tarvitsee-tietaa-nettikolikkopeleista\/","title":{"rendered":"Kaikki mit\u00e4 sinun tarvitsee tiet\u00e4\u00e4 nettikolikkopeleist\u00e4"},"content":{"rendered":"<h2>Kolikkopelien pelaaminen &#8211; suosituin nettikasinopeli<\/h2>\n<p>Nettikolikkopelit ovat suosituin valinta kasinopelaajien keskuudessa, ja t\u00e4h\u00e4n on monia syit\u00e4. Vaikka pelit n\u00e4ytt\u00e4v\u00e4t ensi silm\u00e4yksell\u00e4 yksinkertaisilta, niist\u00e4 on itse asiassa melko monta asiaa, jotka sinun tulisi tiet\u00e4\u00e4. N\u00e4m\u00e4 asiat voivat auttaa parantamaan tuloksiasi ja luomaan paremman nettipelikokemuksen. Lis\u00e4tietoja oikean rahan kolikkopeleihin liittyvist\u00e4 eri elementeist\u00e4 saat verkkosivustoltamme, joka on omistettu opettamaan pelaajille, miten peli toimii ja mit\u00e4 strategioita he voivat k\u00e4ytt\u00e4\u00e4.<\/p>\n<h2>Esittelyss\u00e4 nettikolikkopelit<\/h2>\n<p><img loading=\"lazy\" decoding=\"async\" class=\" alignright size-full wp-image-370\" style=\"margin: 5px; float: right;\" src=\"http:\/\/gambling6.com\/wp-content\/uploads\/2013\/12\/Slots-150x150.jpg\" alt=\"peliautomaatit-150x150\" width=\"150\" height=\"150\" \/>Peliautomaatit ovat eritt\u00e4in suosittuja kivijalkakasinoilla, ja ne t\u00e4ytt\u00e4v\u00e4t tyypillisesti suuria huoneita vastatakseen suureen kysynt\u00e4\u00e4n. Itse asiassa ruuhka-aikoina on eritt\u00e4in todenn\u00e4k\u00f6ist\u00e4, ettet l\u00f6yd\u00e4 peliautomaattia suosituista kasinoista. Pelin konsepti on yksinkertainen: 3 tai 5 py\u00f6riv\u00e4ll\u00e4 kiekolla on useita symboleja. Pelaajan tarvitsee asettaa panos ja valita pelaamiensa rivien m\u00e4\u00e4r\u00e4.<\/p>\n<p>H\u00e4n voi sitten py\u00f6r\u00e4ytt\u00e4\u00e4 kiekkoja, ja jos symbolit pys\u00e4htyv\u00e4t tiettyyn yhdistelm\u00e4\u00e4n kullekin valitulle riville, peli my\u00f6nt\u00e4\u00e4 palkinnon kertoimien ja panoksen koon perusteella. Juuri t\u00e4m\u00e4 pelin yksinkertaisuus teki siit\u00e4 alun perin niin suositun yhdistettyn\u00e4 mahdollisuuteen voittaa valtavia palkintoja. Koska nettikasinoista on tullut yh\u00e4 suositumpia vuosien varrella, kolikkopelit ovat s\u00e4ilytt\u00e4neet suosionsa pelaajien siirtyess\u00e4 verkkoon helpomman p\u00e4\u00e4syn vuoksi suosikkipeleihins\u00e4.<\/p>\n<p>Samat s\u00e4\u00e4nn\u00f6t p\u00e4tev\u00e4t, mutta nettikolikkopelit k\u00e4ytt\u00e4v\u00e4t nyt satunnaislukugeneraattoreita sen m\u00e4\u00e4ritt\u00e4miseen, mitk\u00e4 symbolit n\u00e4kyv\u00e4t, kun kiekot pys\u00e4htyv\u00e4t. Kolikkopelien kertoimet pysyv\u00e4t teoriassa samoina, mutta useimmat pelaajat v\u00e4itt\u00e4v\u00e4t, ett\u00e4 nettikolikkopelit ovat paljon kannattavampia, koska niit\u00e4 ei muuteta mill\u00e4\u00e4n tavalla niiden sijainnin mukaan kasinolla.<\/p>\n<h2>Uusia mahdollisuuksia verkossa<\/h2>\n<p>Nettikolikkopelit ovat todella nousseet suosioon viime vuosina, ja internet on antanut ohjelmistokehitt\u00e4jille mahdollisuuden vied\u00e4 peli\u00e4 seuraavalle tasolle. Pelaajat voivat nyt valita suuresta m\u00e4\u00e4r\u00e4st\u00e4 voittolinjoja. Jokaisella lis\u00e4linjalla on samat kertoimet voittoyhdistelm\u00e4n osumiseen, joten pelaajalla on mahdollisuus maksaa enemm\u00e4n ja pelata useammalla rivill\u00e4 yhdell\u00e4 py\u00f6r\u00e4ytyksell\u00e4. Internet on my\u00f6s tarjonnut parhaan tavan laajentaa nettikolikkopelej\u00e4 niiden teeman ja tyylin perusteella. Uusia pelej\u00e4 julkaistaan \u200b\u200bmelko usein, ja ne voivat kattaa erilaisia \u200b\u200bteemoja, ja mahdollisuuksia rajoittaa todella vain mielikuvitus. Suositut elokuvat, kuten Y\u00f6n ritari ja Gladiaattori, inspiroivat nettikolikkopelej\u00e4.<\/p>\n<p>Yksi parhaista kasinoista, joissa on houkuttelevia teemoja ja huomiota her\u00e4tt\u00e4v\u00e4 design, on ehdottomasti 888 Casino. <a class=\"thirstylink\" title=\"888 casino en\" href=\"https:\/\/gambling6.com\/go\/888-casino-en\/\" target=\"_blank\" rel=\"nofollow noopener\">Jos haluat kokeilla niit\u00e4, seuraa t\u00e4t\u00e4 linkki\u00e4 \u2013 et tule pettym\u00e4\u00e4n.<\/a><\/p>\n<h2>Progressiiviset kolikkopelit<\/h2>\n<p>Progressiivisia kolikkopelej\u00e4 l\u00f6ytyy my\u00f6s kivijalkakasinoista, mutta ne ovat todella suosittuja verkossa. Ajatuksena on, ett\u00e4 kasino linkitt\u00e4\u00e4 useita kolikkopelej\u00e4 yhteen, jotta jokainen niist\u00e4 tehty panos voi my\u00f6t\u00e4vaikuttaa yhteen vakioj\u00e4ttipottiin, joka voidaan voittaa milloin tahansa. Nettikasinoilla n\u00e4iden pelien linkitt\u00e4minen on paljon helpompaa, jolloin useammat k\u00e4ytt\u00e4j\u00e4t voivat pelata samaa peli\u00e4. T\u00e4m\u00e4 johtaa eritt\u00e4in suosittuihin progressiivisiin kolikkopeleihin, jotka voivat my\u00f6nt\u00e4\u00e4 miljoonia dollareita parin kuukauden v\u00e4lein.<\/p>\n<p>J\u00e4ttipotti kasvaa jokaisen pelaajan asettaman lis\u00e4panoksen my\u00f6t\u00e4, kunnes joku saa voittoyhdistelm\u00e4n ja vie koko summan. Esimerkiksi pokeriteemaisessa nettikolikkopeliss\u00e4 j\u00e4ttipotti voitetaan saamalla kuningasv\u00e4risuora. Tietenkin on olemassa my\u00f6s pienempi\u00e4 palkintoja muista useammin esiintyvist\u00e4 yhdistelmist\u00e4, joten pelaajat eiv\u00e4t panosta vain j\u00e4ttipottiin. Suosittuja progressiivisia kolikkopelej\u00e4 voi l\u00f6yt\u00e4\u00e4 useilta nettikasinoilta samanaikaisesti, kunhan ne k\u00e4ytt\u00e4v\u00e4t samaa ohjelmistotoimittajaa.<\/p>\n<h2>Strategiat nettikolikkopeleihin<\/h2>\n<p>Vaikka kolikkopelit ovat puhtaasti onnenpeli, jotkut k\u00e4tev\u00e4t vinkit voivat auttaa kasvattamaan voittoja. T\u00e4rkeint\u00e4 on tiet\u00e4\u00e4, ett\u00e4 yksi py\u00f6r\u00e4ytys ei ole riippuvainen edellisest\u00e4; jokaisella py\u00f6r\u00e4ytyksell\u00e4 on samat kertoimet. Monet pelaajat uskovat, ett\u00e4 jos he pelaavat tarpeeksi kauan, he lopulta voittavat suuren palkinnon. Paras tapa voittaa nettikolikkopeleiss\u00e4 on hallita pelikassaasi oikein ja v\u00e4ltt\u00e4\u00e4 tarpeettomia riskej\u00e4 alkuvaiheessa. T\u00e4m\u00e4 tarkoittaa, ett\u00e4 sinun tulisi pelata v\u00e4hemm\u00e4n voittolinjoja ja v\u00e4ltt\u00e4\u00e4 pelej\u00e4, jotka tarjoavat &#8221;tupla tai ei mit\u00e4\u00e4n&#8221; -ominaisuuksia. Oppiaksesi paremmin, miten peli toimii, voit ensin pelata virtuaalirahalla.<\/p>\n","protected":false},"excerpt":{"rendered":"<p>Kolikkopelien pelaaminen &#8211; suosituin nettikasinopeli Nettikolikkopelit ovat suosituin valinta kasinopelaajien keskuudessa, ja t\u00e4h\u00e4n on monia syit\u00e4. Vaikka pelit n\u00e4ytt\u00e4v\u00e4t ensi silm\u00e4yksell\u00e4 yksinkertaisilta, niist\u00e4 on itse asiassa melko monta asiaa, jotka sinun tulisi tiet\u00e4\u00e4. N\u00e4m\u00e4 asiat voivat auttaa parantamaan tuloksiasi ja luomaan paremman nettipelikokemuksen. Lis\u00e4tietoja oikean rahan kolikkopeleihin liittyvist\u00e4 eri elementeist\u00e4 saat verkkosivustoltamme, joka on omistettu [&hellip;]<\/p>\n","protected":false},"author":1,"featured_media":8919,"parent":8287,"menu_order":42,"comment_status":"closed","ping_status":"closed","template":"","meta":{"footnotes":""},"class_list":["post-8918","page","type-page","status-publish","has-post-thumbnail","hentry"],"yoast_head":"<!-- This site is optimized with the Yoast SEO plugin v27.3 - https:\/\/yoast.com\/product\/yoast-seo-wordpress\/ -->\n<title>Tietoa nettikolikkopeleist\u00e4<\/title>\n<meta name=\"description\" content=\"Opi pelaamaan nettikolikkopelej\u00e4 ja nappaa miljoonien dollarien edest\u00e4 progressiivisia j\u00e4ttipotteja yhdell\u00e4 hiiren napsautuksella.\" \/>\n<meta name=\"robots\" content=\"index, follow, max-snippet:-1, max-image-preview:large, max-video-preview:-1\" \/>\n<link rel=\"canonical\" href=\"https:\/\/gambling6.com\/fi\/kasino\/kaikki-mita-sinun-tarvitsee-tietaa-nettikolikkopeleista\/\" \/>\n<meta property=\"og:locale\" content=\"fi_FI\" \/>\n<meta property=\"og:type\" content=\"article\" \/>\n<meta property=\"og:title\" content=\"Tietoa nettikolikkopeleist\u00e4\" \/>\n<meta property=\"og:description\" content=\"Opi pelaamaan nettikolikkopelej\u00e4 ja nappaa miljoonien dollarien edest\u00e4 progressiivisia j\u00e4ttipotteja yhdell\u00e4 hiiren napsautuksella.\" \/>\n<meta property=\"og:url\" content=\"https:\/\/gambling6.com\/fi\/kasino\/kaikki-mita-sinun-tarvitsee-tietaa-nettikolikkopeleista\/\" \/>\n<meta property=\"og:site_name\" content=\"Gambling6\" \/>\n<meta property=\"article:modified_time\" content=\"2025-11-12T16:59:41+00:00\" \/>\n<meta property=\"og:image\" content=\"https:\/\/gambling6.com\/wp-content\/uploads\/2013\/12\/Slots-150x150.jpg\" \/>\n\t<meta property=\"og:image:width\" content=\"150\" \/>\n\t<meta property=\"og:image:height\" content=\"150\" \/>\n\t<meta property=\"og:image:type\" content=\"image\/jpeg\" \/>\n<meta name=\"twitter:card\" content=\"summary_large_image\" \/>\n<meta name=\"twitter:label1\" content=\"Arvioitu lukuaika\" \/>\n\t<meta name=\"twitter:data1\" content=\"3 minuuttia\" \/>\n<script type=\"application\/ld+json\" class=\"yoast-schema-graph\">{\"@context\":\"https:\\\/\\\/schema.org\",\"@graph\":[{\"@type\":\"WebPage\",\"@id\":\"https:\\\/\\\/gambling6.com\\\/fi\\\/kasino\\\/kaikki-mita-sinun-tarvitsee-tietaa-nettikolikkopeleista\\\/\",\"url\":\"https:\\\/\\\/gambling6.com\\\/fi\\\/kasino\\\/kaikki-mita-sinun-tarvitsee-tietaa-nettikolikkopeleista\\\/\",\"name\":\"Tietoa nettikolikkopeleist\u00e4\",\"isPartOf\":{\"@id\":\"https:\\\/\\\/gambling6.com\\\/fi\\\/#website\"},\"primaryImageOfPage\":{\"@id\":\"https:\\\/\\\/gambling6.com\\\/fi\\\/kasino\\\/kaikki-mita-sinun-tarvitsee-tietaa-nettikolikkopeleista\\\/#primaryimage\"},\"image\":{\"@id\":\"https:\\\/\\\/gambling6.com\\\/fi\\\/kasino\\\/kaikki-mita-sinun-tarvitsee-tietaa-nettikolikkopeleista\\\/#primaryimage\"},\"thumbnailUrl\":\"https:\\\/\\\/gambling6.com\\\/wp-content\\\/uploads\\\/2013\\\/12\\\/Slots-150x150.jpg\",\"datePublished\":\"2025-11-08T10:05:14+00:00\",\"dateModified\":\"2025-11-12T16:59:41+00:00\",\"description\":\"Opi pelaamaan nettikolikkopelej\u00e4 ja nappaa miljoonien dollarien edest\u00e4 progressiivisia j\u00e4ttipotteja yhdell\u00e4 hiiren napsautuksella.\",\"breadcrumb\":{\"@id\":\"https:\\\/\\\/gambling6.com\\\/fi\\\/kasino\\\/kaikki-mita-sinun-tarvitsee-tietaa-nettikolikkopeleista\\\/#breadcrumb\"},\"inLanguage\":\"fi\",\"potentialAction\":[{\"@type\":\"ReadAction\",\"target\":[\"https:\\\/\\\/gambling6.com\\\/fi\\\/kasino\\\/kaikki-mita-sinun-tarvitsee-tietaa-nettikolikkopeleista\\\/\"]}]},{\"@type\":\"ImageObject\",\"inLanguage\":\"fi\",\"@id\":\"https:\\\/\\\/gambling6.com\\\/fi\\\/kasino\\\/kaikki-mita-sinun-tarvitsee-tietaa-nettikolikkopeleista\\\/#primaryimage\",\"url\":\"https:\\\/\\\/gambling6.com\\\/wp-content\\\/uploads\\\/2013\\\/12\\\/Slots-150x150.jpg\",\"contentUrl\":\"https:\\\/\\\/gambling6.com\\\/wp-content\\\/uploads\\\/2013\\\/12\\\/Slots-150x150.jpg\",\"width\":150,\"height\":150,\"caption\":\"Slots-150x150\"},{\"@type\":\"BreadcrumbList\",\"@id\":\"https:\\\/\\\/gambling6.com\\\/fi\\\/kasino\\\/kaikki-mita-sinun-tarvitsee-tietaa-nettikolikkopeleista\\\/#breadcrumb\",\"itemListElement\":[{\"@type\":\"ListItem\",\"position\":1,\"name\":\"Home\",\"item\":\"https:\\\/\\\/gambling6.com\\\/fi\\\/home\\\/\"},{\"@type\":\"ListItem\",\"position\":2,\"name\":\"Kasino\",\"item\":\"https:\\\/\\\/gambling6.com\\\/fi\\\/get-started-with-online-gambling\\\/\"},{\"@type\":\"ListItem\",\"position\":3,\"name\":\"Kaikki mit\u00e4 sinun tarvitsee tiet\u00e4\u00e4 nettikolikkopeleist\u00e4\"}]},{\"@type\":\"WebSite\",\"@id\":\"https:\\\/\\\/gambling6.com\\\/fi\\\/#website\",\"url\":\"https:\\\/\\\/gambling6.com\\\/fi\\\/\",\"name\":\"Gambling6\",\"description\":\"\",\"potentialAction\":[{\"@type\":\"SearchAction\",\"target\":{\"@type\":\"EntryPoint\",\"urlTemplate\":\"https:\\\/\\\/gambling6.com\\\/fi\\\/?s={search_term_string}\"},\"query-input\":{\"@type\":\"PropertyValueSpecification\",\"valueRequired\":true,\"valueName\":\"search_term_string\"}}],\"inLanguage\":\"fi\"}]}<\/script>\n<!-- \/ Yoast SEO plugin. -->","yoast_head_json":{"title":"Tietoa nettikolikkopeleist\u00e4","description":"Opi pelaamaan nettikolikkopelej\u00e4 ja nappaa miljoonien dollarien edest\u00e4 progressiivisia j\u00e4ttipotteja yhdell\u00e4 hiiren napsautuksella.","robots":{"index":"index","follow":"follow","max-snippet":"max-snippet:-1","max-image-preview":"max-image-preview:large","max-video-preview":"max-video-preview:-1"},"canonical":"https:\/\/gambling6.com\/fi\/kasino\/kaikki-mita-sinun-tarvitsee-tietaa-nettikolikkopeleista\/","og_locale":"fi_FI","og_type":"article","og_title":"Tietoa nettikolikkopeleist\u00e4","og_description":"Opi pelaamaan nettikolikkopelej\u00e4 ja nappaa miljoonien dollarien edest\u00e4 progressiivisia j\u00e4ttipotteja yhdell\u00e4 hiiren napsautuksella.","og_url":"https:\/\/gambling6.com\/fi\/kasino\/kaikki-mita-sinun-tarvitsee-tietaa-nettikolikkopeleista\/","og_site_name":"Gambling6","article_modified_time":"2025-11-12T16:59:41+00:00","og_image":[{"width":150,"height":150,"url":"https:\/\/gambling6.com\/wp-content\/uploads\/2013\/12\/Slots-150x150.jpg","type":"image\/jpeg"}],"twitter_card":"summary_large_image","twitter_misc":{"Arvioitu lukuaika":"3 minuuttia"},"schema":{"@context":"https:\/\/schema.org","@graph":[{"@type":"WebPage","@id":"https:\/\/gambling6.com\/fi\/kasino\/kaikki-mita-sinun-tarvitsee-tietaa-nettikolikkopeleista\/","url":"https:\/\/gambling6.com\/fi\/kasino\/kaikki-mita-sinun-tarvitsee-tietaa-nettikolikkopeleista\/","name":"Tietoa nettikolikkopeleist\u00e4","isPartOf":{"@id":"https:\/\/gambling6.com\/fi\/#website"},"primaryImageOfPage":{"@id":"https:\/\/gambling6.com\/fi\/kasino\/kaikki-mita-sinun-tarvitsee-tietaa-nettikolikkopeleista\/#primaryimage"},"image":{"@id":"https:\/\/gambling6.com\/fi\/kasino\/kaikki-mita-sinun-tarvitsee-tietaa-nettikolikkopeleista\/#primaryimage"},"thumbnailUrl":"https:\/\/gambling6.com\/wp-content\/uploads\/2013\/12\/Slots-150x150.jpg","datePublished":"2025-11-08T10:05:14+00:00","dateModified":"2025-11-12T16:59:41+00:00","description":"Opi pelaamaan nettikolikkopelej\u00e4 ja nappaa miljoonien dollarien edest\u00e4 progressiivisia j\u00e4ttipotteja yhdell\u00e4 hiiren napsautuksella.","breadcrumb":{"@id":"https:\/\/gambling6.com\/fi\/kasino\/kaikki-mita-sinun-tarvitsee-tietaa-nettikolikkopeleista\/#breadcrumb"},"inLanguage":"fi","potentialAction":[{"@type":"ReadAction","target":["https:\/\/gambling6.com\/fi\/kasino\/kaikki-mita-sinun-tarvitsee-tietaa-nettikolikkopeleista\/"]}]},{"@type":"ImageObject","inLanguage":"fi","@id":"https:\/\/gambling6.com\/fi\/kasino\/kaikki-mita-sinun-tarvitsee-tietaa-nettikolikkopeleista\/#primaryimage","url":"https:\/\/gambling6.com\/wp-content\/uploads\/2013\/12\/Slots-150x150.jpg","contentUrl":"https:\/\/gambling6.com\/wp-content\/uploads\/2013\/12\/Slots-150x150.jpg","width":150,"height":150,"caption":"Slots-150x150"},{"@type":"BreadcrumbList","@id":"https:\/\/gambling6.com\/fi\/kasino\/kaikki-mita-sinun-tarvitsee-tietaa-nettikolikkopeleista\/#breadcrumb","itemListElement":[{"@type":"ListItem","position":1,"name":"Home","item":"https:\/\/gambling6.com\/fi\/home\/"},{"@type":"ListItem","position":2,"name":"Kasino","item":"https:\/\/gambling6.com\/fi\/get-started-with-online-gambling\/"},{"@type":"ListItem","position":3,"name":"Kaikki mit\u00e4 sinun tarvitsee tiet\u00e4\u00e4 nettikolikkopeleist\u00e4"}]},{"@type":"WebSite","@id":"https:\/\/gambling6.com\/fi\/#website","url":"https:\/\/gambling6.com\/fi\/","name":"Gambling6","description":"","potentialAction":[{"@type":"SearchAction","target":{"@type":"EntryPoint","urlTemplate":"https:\/\/gambling6.com\/fi\/?s={search_term_string}"},"query-input":{"@type":"PropertyValueSpecification","valueRequired":true,"valueName":"search_term_string"}}],"inLanguage":"fi"}]}},"_links":{"self":[{"href":"https:\/\/gambling6.com\/fi\/wp-json\/wp\/v2\/pages\/8918","targetHints":{"allow":["GET"]}}],"collection":[{"href":"https:\/\/gambling6.com\/fi\/wp-json\/wp\/v2\/pages"}],"about":[{"href":"https:\/\/gambling6.com\/fi\/wp-json\/wp\/v2\/types\/page"}],"author":[{"embeddable":true,"href":"https:\/\/gambling6.com\/fi\/wp-json\/wp\/v2\/users\/1"}],"replies":[{"embeddable":true,"href":"https:\/\/gambling6.com\/fi\/wp-json\/wp\/v2\/comments?post=8918"}],"version-history":[{"count":2,"href":"https:\/\/gambling6.com\/fi\/wp-json\/wp\/v2\/pages\/8918\/revisions"}],"predecessor-version":[{"id":10692,"href":"https:\/\/gambling6.com\/fi\/wp-json\/wp\/v2\/pages\/8918\/revisions\/10692"}],"up":[{"embeddable":true,"href":"https:\/\/gambling6.com\/fi\/wp-json\/wp\/v2\/pages\/8287"}],"wp:featuredmedia":[{"embeddable":true,"href":"https:\/\/gambling6.com\/fi\/wp-json\/wp\/v2\/media\/8919"}],"wp:attachment":[{"href":"https:\/\/gambling6.com\/fi\/wp-json\/wp\/v2\/media?parent=8918"}],"curies":[{"name":"wp","href":"https:\/\/api.w.org\/{rel}","templated":true}]}}