{"id":8958,"date":"2025-11-08T11:55:49","date_gmt":"2025-11-08T11:55:49","guid":{"rendered":"https:\/\/gambling6.com\/kasino\/mista-loytaa-laadukkaita-kolikkopeleja-netissa\/"},"modified":"2025-11-08T11:55:49","modified_gmt":"2025-11-08T11:55:49","slug":"mista-loytaa-laadukkaita-kolikkopeleja-netissa","status":"publish","type":"page","link":"https:\/\/gambling6.com\/fi\/kasino\/mista-loytaa-laadukkaita-kolikkopeleja-netissa\/","title":{"rendered":"Mist\u00e4 l\u00f6yt\u00e4\u00e4 laadukkaita kolikkopelej\u00e4 netiss\u00e4"},"content":{"rendered":"<h2>Laadukkaat nettikolikkopelit<\/h2>\n<p>Nettikasinoiden joukossa kolikkopelit ovat tyypillisesti k\u00e4rjess\u00e4 valikoiman, pelaajam\u00e4\u00e4rien ja j\u00e4ttipottien suhteen. On tietysti helppo ymm\u00e4rt\u00e4\u00e4, miksi nettikolikkopelit ovat niin suosittuja, ja vain yhdell\u00e4 symbolien py\u00f6r\u00e4ytyksell\u00e4 jokaisella pelaajalla on mahdollisuus voittaa suuria palkintoja, jopa miljoonia dollareita. Itse asiassa kolikkopelit ovat niin suosittuja verkossa, ett\u00e4 jotkut nettikasinot tarjoavat erityisi\u00e4 bonuksia juuri n\u00e4ille peleille, koska pelaajat liittyv\u00e4t vain pelaamaan erilaisia \u200b\u200bkolikkopelej\u00e4, eiv\u00e4tk\u00e4 he ole kiinnostuneita mist\u00e4\u00e4n muusta. Koska paras strategia nettikolikkopeleiss\u00e4 on pelata enemm\u00e4n, n\u00e4ist\u00e4 bonuksista on nopeasti hy\u00f6ty\u00e4. <\/p>\n<h2>Kasinopeliohjelmistojen tarjoajat<\/h2>\n<p><img loading=\"lazy\" decoding=\"async\" class=\"size-full wp-image-400 alignright\" src=\"https:\/\/gambling6.com\/wp-content\/uploads\/2013\/12\/mobile-gambling-150x150.jpg\" alt=\"online slotmachine\" width=\"150\" height=\"150\" \/>Jokainen nettikasino on ohjelmistokehitt\u00e4j\u00e4n yll\u00e4pit\u00e4m\u00e4, ja on olemassa useita yrityksi\u00e4, jotka ovat tehneet itselleen nimen tarjoamalla joitakin internetin parhaimman n\u00e4k\u00f6isist\u00e4 kasinopeleist\u00e4. Seuraa linkki\u00e4, jos et tied\u00e4, mink\u00e4 kolikkopeliohjelmiston sinun pit\u00e4isi valita, niin se vie sinut kahden alan suosituimman nimen luo.<\/p>\n<h2>Parhaiden kolikkopelien pelaaminen internetiss\u00e4<\/h2>\n<p>Grafiikka ja ominaisuudet voivat vaihdella suuresti ohjelmistosta riippuen, joten on aina hyv\u00e4 idea tutustua useisiin vaihtoehtoihin ja katsoa, \u200b\u200bmik\u00e4 niist\u00e4 on mielest\u00e4si houkuttelevin. Tiet\u00e4m\u00e4ll\u00e4, milt\u00e4 tietyn ohjelmistokehitt\u00e4j\u00e4n pelit n\u00e4ytt\u00e4v\u00e4t, voit helpommin etsi\u00e4 uutta nettikasinoa. Vaikka joillakin sivustoilla on muutamia ainutlaatuisia pelej\u00e4, jotka on erityisesti suunniteltu kyseiselle nettikasinolle, kaikilla saman ohjelmistotoimittajan yll\u00e4pit\u00e4mill\u00e4 sivustoilla on l\u00e4hes samat pelit. Asiakkaidensa tyytyv\u00e4isyyden varmistamiseksi jotkut nettikasinot tarjoavat pelej\u00e4 useilta ohjelmistotoimittajalta, ja t\u00e4m\u00e4 on aina mukavaa n\u00e4hd\u00e4.<\/p>\n<h3>Nettikolikkopelit<\/h3>\n<p>Koska niin monet nettikasinot tarjoavat kolikkopelej\u00e4 eri tarjoajilta, voi olla hyvin vaikea tiet\u00e4\u00e4, mitk\u00e4 niist\u00e4 ovat todella parhaita. Se takaa loistavan pelikokemuksen joka kerta. Tutustu t\u00e4h\u00e4n vaihtoehtoon, jota pidet\u00e4\u00e4n nyt internetin parhaiden kolikkopelien tarjoajana, koska se tarjoaa melkein kaikkea. T\u00e4ss\u00e4 lueteltu sivusto voi muuttua, jos parempi vaihtoehto ilmestyy, mutta t\u00e4ll\u00e4 hetkell\u00e4 paras sivusto kolikkopelien pelaamiseen on 888 Casino. 888 on yksi nettipelaamisen johtavista toimijoista, jolla on suuri vedonly\u00f6ntisivusto, realistinen pokerihuone ja loistava kasino.<\/p>\n<p>888 Casinon tekee niin loistavaksi paikaksi kolikkopelien pelaamiseen se, ett\u00e4 heill\u00e4 on pitk\u00e4 lista vaihtoehtoja, kuten Playtechin, IGT:n, Microgamingin ja joitakin heid\u00e4n omia nimikkeit\u00e4\u00e4n. Uudelta pelaajalta kest\u00e4\u00e4 useita p\u00e4ivi\u00e4 kaikkien saatavilla olevien pelien l\u00e4pik\u00e4ymiseen, ja eri tyylit takaavat, ettei h\u00e4n koskaan kyll\u00e4sty.<\/p>\n<p><a href=\"https:\/\/ic.aff-handler.com\/C\/45871?sr=1064399&amp;anid=\" rel=\"nofollow\"><img loading=\"lazy\" decoding=\"async\" class=\"aligncenter\" src=\"https:\/\/ic.aff-handler.com\/I\/45871?sr=1064399&amp;anid=\" width=\"725\" height=\"93\" \/><\/a><\/p>\n<p>Hyv\u00e4 nettikasino ei tietenk\u00e4\u00e4n ole pelk\u00e4st\u00e4\u00e4n sen tarjoamia pelej\u00e4; useiden tekij\u00f6iden on oltava vahvoja, jotta koko sivustoa voidaan pit\u00e4\u00e4 merkitt\u00e4v\u00e4n\u00e4. Ehk\u00e4 t\u00e4rkeint\u00e4 on turvallisuus, koska rahoitustapahtumat ovat suuri osa nettipelaamista, ja nettikasinon tulisi taata, ett\u00e4 kaikki on turvallista ja suojattua joka kerta.<\/p>\n<p>Ja jos olet Yhdysvaltain asukas, Yhdysvaltain lains\u00e4\u00e4d\u00e4nt\u00f6 est\u00e4\u00e4 sinua liittym\u00e4st\u00e4 888 Casinolle. Hyvi\u00e4 vaihtoehtoja yhdysvaltalaisille uhkapelaajille on niukasti, mutta voimme suositella BetOnline Casinoa kaikkeen nettipelaamiseen. Klikkaa alla olevaa banneria vieraillaksesi BetOnlineCasinossa \u2013 et tule pettym\u00e4\u00e4n!<\/p>\n<p><a class=\"thirstylink\" title=\"Betonline casino en\" href=\"https:\/\/gambling6.com\/go\/betonline-casino-en\/\" target=\"_blank\" rel=\"nofollow noopener\"><img loading=\"lazy\" decoding=\"async\" class=\" wp-image-7875 aligncenter\" src=\"https:\/\/gambling6.com\/wp-content\/uploads\/2025\/10\/BOL_AQC_banner_468x60_FS1_casino-300x38.gif\" alt=\"BetOnline casino\" width=\"553\" height=\"70\" \/><\/a><\/p>\n<p>Siksi on aina hyv\u00e4 tarkistaa arvostelut ja katsoa, \u200b\u200bmitk\u00e4 nettikasinot ovat luotettavia ja mitk\u00e4 tunnetaan maksuongelmista. Koska puhumme rahasta, bonuksista ja kampanjoista on tullut eritt\u00e4in t\u00e4rkeit\u00e4 viime vuosina, ja ne ovat yleens\u00e4 ensimm\u00e4inen asia, jonka uusi pelaaja tarkistaa. On hyvin yleist\u00e4, ett\u00e4 huippunettikasinot tarjoavat tervetuliaisbonuksia talletussumman perusteella, ja kolikkopelibonukset ovat yleisimpi\u00e4 pelin suosion vuoksi.<\/p>\n","protected":false},"excerpt":{"rendered":"<p>Laadukkaat nettikolikkopelit Nettikasinoiden joukossa kolikkopelit ovat tyypillisesti k\u00e4rjess\u00e4 valikoiman, pelaajam\u00e4\u00e4rien ja j\u00e4ttipottien suhteen. On tietysti helppo ymm\u00e4rt\u00e4\u00e4, miksi nettikolikkopelit ovat niin suosittuja, ja vain yhdell\u00e4 symbolien py\u00f6r\u00e4ytyksell\u00e4 jokaisella pelaajalla on mahdollisuus voittaa suuria palkintoja, jopa miljoonia dollareita. Itse asiassa kolikkopelit ovat niin suosittuja verkossa, ett\u00e4 jotkut nettikasinot tarjoavat erityisi\u00e4 bonuksia juuri n\u00e4ille peleille, koska pelaajat [&hellip;]<\/p>\n","protected":false},"author":1,"featured_media":0,"parent":8287,"menu_order":47,"comment_status":"closed","ping_status":"closed","template":"","meta":{"footnotes":""},"class_list":["post-8958","page","type-page","status-publish","hentry"],"yoast_head":"<!-- This site is optimized with the Yoast SEO plugin v27.4 - https:\/\/yoast.com\/product\/yoast-seo-wordpress\/ -->\n<title>Huippulaatuiset nettipeliautomaatit<\/title>\n<meta name=\"description\" content=\"Pelaa parhaita kolikkopelej\u00e4 ja peliautomaatteja internetiss\u00e4. L\u00f6yd\u00e4 huippulaatuisia kolikkopelej\u00e4 netist\u00e4 t\u00e4\u00e4lt\u00e4!\" \/>\n<meta name=\"robots\" content=\"index, follow, max-snippet:-1, max-image-preview:large, max-video-preview:-1\" \/>\n<link rel=\"canonical\" href=\"https:\/\/gambling6.com\/fi\/kasino\/mista-loytaa-laadukkaita-kolikkopeleja-netissa\/\" \/>\n<meta property=\"og:locale\" content=\"fi_FI\" \/>\n<meta property=\"og:type\" content=\"article\" \/>\n<meta property=\"og:title\" content=\"Huippulaatuiset nettipeliautomaatit\" \/>\n<meta property=\"og:description\" content=\"Pelaa parhaita kolikkopelej\u00e4 ja peliautomaatteja internetiss\u00e4. L\u00f6yd\u00e4 huippulaatuisia kolikkopelej\u00e4 netist\u00e4 t\u00e4\u00e4lt\u00e4!\" \/>\n<meta property=\"og:url\" content=\"https:\/\/gambling6.com\/fi\/kasino\/mista-loytaa-laadukkaita-kolikkopeleja-netissa\/\" \/>\n<meta property=\"og:site_name\" content=\"Gambling6\" \/>\n<meta property=\"og:image\" content=\"https:\/\/gambling6.com\/wp-content\/uploads\/2013\/12\/mobile-gambling-150x150.jpg\" \/>\n\t<meta property=\"og:image:width\" content=\"150\" \/>\n\t<meta property=\"og:image:height\" content=\"150\" \/>\n\t<meta property=\"og:image:type\" content=\"image\/jpeg\" \/>\n<meta name=\"twitter:card\" content=\"summary_large_image\" \/>\n<meta name=\"twitter:label1\" content=\"Arvioitu lukuaika\" \/>\n\t<meta name=\"twitter:data1\" content=\"2 minuuttia\" \/>\n<script type=\"application\/ld+json\" class=\"yoast-schema-graph\">{\"@context\":\"https:\\\/\\\/schema.org\",\"@graph\":[{\"@type\":\"WebPage\",\"@id\":\"https:\\\/\\\/gambling6.com\\\/fi\\\/kasino\\\/mista-loytaa-laadukkaita-kolikkopeleja-netissa\\\/\",\"url\":\"https:\\\/\\\/gambling6.com\\\/fi\\\/kasino\\\/mista-loytaa-laadukkaita-kolikkopeleja-netissa\\\/\",\"name\":\"Huippulaatuiset nettipeliautomaatit\",\"isPartOf\":{\"@id\":\"https:\\\/\\\/gambling6.com\\\/fi\\\/#website\"},\"primaryImageOfPage\":{\"@id\":\"https:\\\/\\\/gambling6.com\\\/fi\\\/kasino\\\/mista-loytaa-laadukkaita-kolikkopeleja-netissa\\\/#primaryimage\"},\"image\":{\"@id\":\"https:\\\/\\\/gambling6.com\\\/fi\\\/kasino\\\/mista-loytaa-laadukkaita-kolikkopeleja-netissa\\\/#primaryimage\"},\"thumbnailUrl\":\"https:\\\/\\\/gambling6.com\\\/wp-content\\\/uploads\\\/2013\\\/12\\\/mobile-gambling-150x150.jpg\",\"datePublished\":\"2025-11-08T11:55:49+00:00\",\"description\":\"Pelaa parhaita kolikkopelej\u00e4 ja peliautomaatteja internetiss\u00e4. L\u00f6yd\u00e4 huippulaatuisia kolikkopelej\u00e4 netist\u00e4 t\u00e4\u00e4lt\u00e4!\",\"breadcrumb\":{\"@id\":\"https:\\\/\\\/gambling6.com\\\/fi\\\/kasino\\\/mista-loytaa-laadukkaita-kolikkopeleja-netissa\\\/#breadcrumb\"},\"inLanguage\":\"fi\",\"potentialAction\":[{\"@type\":\"ReadAction\",\"target\":[\"https:\\\/\\\/gambling6.com\\\/fi\\\/kasino\\\/mista-loytaa-laadukkaita-kolikkopeleja-netissa\\\/\"]}]},{\"@type\":\"ImageObject\",\"inLanguage\":\"fi\",\"@id\":\"https:\\\/\\\/gambling6.com\\\/fi\\\/kasino\\\/mista-loytaa-laadukkaita-kolikkopeleja-netissa\\\/#primaryimage\",\"url\":\"https:\\\/\\\/gambling6.com\\\/wp-content\\\/uploads\\\/2013\\\/12\\\/mobile-gambling-150x150.jpg\",\"contentUrl\":\"https:\\\/\\\/gambling6.com\\\/wp-content\\\/uploads\\\/2013\\\/12\\\/mobile-gambling-150x150.jpg\"},{\"@type\":\"BreadcrumbList\",\"@id\":\"https:\\\/\\\/gambling6.com\\\/fi\\\/kasino\\\/mista-loytaa-laadukkaita-kolikkopeleja-netissa\\\/#breadcrumb\",\"itemListElement\":[{\"@type\":\"ListItem\",\"position\":1,\"name\":\"Home\",\"item\":\"https:\\\/\\\/gambling6.com\\\/fi\\\/home\\\/\"},{\"@type\":\"ListItem\",\"position\":2,\"name\":\"Kasino\",\"item\":\"https:\\\/\\\/gambling6.com\\\/fi\\\/get-started-with-online-gambling\\\/\"},{\"@type\":\"ListItem\",\"position\":3,\"name\":\"Mist\u00e4 l\u00f6yt\u00e4\u00e4 laadukkaita kolikkopelej\u00e4 netiss\u00e4\"}]},{\"@type\":\"WebSite\",\"@id\":\"https:\\\/\\\/gambling6.com\\\/fi\\\/#website\",\"url\":\"https:\\\/\\\/gambling6.com\\\/fi\\\/\",\"name\":\"Gambling6\",\"description\":\"\",\"potentialAction\":[{\"@type\":\"SearchAction\",\"target\":{\"@type\":\"EntryPoint\",\"urlTemplate\":\"https:\\\/\\\/gambling6.com\\\/fi\\\/?s={search_term_string}\"},\"query-input\":{\"@type\":\"PropertyValueSpecification\",\"valueRequired\":true,\"valueName\":\"search_term_string\"}}],\"inLanguage\":\"fi\"}]}<\/script>\n<!-- \/ Yoast SEO plugin. -->","yoast_head_json":{"title":"Huippulaatuiset nettipeliautomaatit","description":"Pelaa parhaita kolikkopelej\u00e4 ja peliautomaatteja internetiss\u00e4. L\u00f6yd\u00e4 huippulaatuisia kolikkopelej\u00e4 netist\u00e4 t\u00e4\u00e4lt\u00e4!","robots":{"index":"index","follow":"follow","max-snippet":"max-snippet:-1","max-image-preview":"max-image-preview:large","max-video-preview":"max-video-preview:-1"},"canonical":"https:\/\/gambling6.com\/fi\/kasino\/mista-loytaa-laadukkaita-kolikkopeleja-netissa\/","og_locale":"fi_FI","og_type":"article","og_title":"Huippulaatuiset nettipeliautomaatit","og_description":"Pelaa parhaita kolikkopelej\u00e4 ja peliautomaatteja internetiss\u00e4. L\u00f6yd\u00e4 huippulaatuisia kolikkopelej\u00e4 netist\u00e4 t\u00e4\u00e4lt\u00e4!","og_url":"https:\/\/gambling6.com\/fi\/kasino\/mista-loytaa-laadukkaita-kolikkopeleja-netissa\/","og_site_name":"Gambling6","og_image":[{"width":150,"height":150,"url":"https:\/\/gambling6.com\/wp-content\/uploads\/2013\/12\/mobile-gambling-150x150.jpg","type":"image\/jpeg"}],"twitter_card":"summary_large_image","twitter_misc":{"Arvioitu lukuaika":"2 minuuttia"},"schema":{"@context":"https:\/\/schema.org","@graph":[{"@type":"WebPage","@id":"https:\/\/gambling6.com\/fi\/kasino\/mista-loytaa-laadukkaita-kolikkopeleja-netissa\/","url":"https:\/\/gambling6.com\/fi\/kasino\/mista-loytaa-laadukkaita-kolikkopeleja-netissa\/","name":"Huippulaatuiset nettipeliautomaatit","isPartOf":{"@id":"https:\/\/gambling6.com\/fi\/#website"},"primaryImageOfPage":{"@id":"https:\/\/gambling6.com\/fi\/kasino\/mista-loytaa-laadukkaita-kolikkopeleja-netissa\/#primaryimage"},"image":{"@id":"https:\/\/gambling6.com\/fi\/kasino\/mista-loytaa-laadukkaita-kolikkopeleja-netissa\/#primaryimage"},"thumbnailUrl":"https:\/\/gambling6.com\/wp-content\/uploads\/2013\/12\/mobile-gambling-150x150.jpg","datePublished":"2025-11-08T11:55:49+00:00","description":"Pelaa parhaita kolikkopelej\u00e4 ja peliautomaatteja internetiss\u00e4. L\u00f6yd\u00e4 huippulaatuisia kolikkopelej\u00e4 netist\u00e4 t\u00e4\u00e4lt\u00e4!","breadcrumb":{"@id":"https:\/\/gambling6.com\/fi\/kasino\/mista-loytaa-laadukkaita-kolikkopeleja-netissa\/#breadcrumb"},"inLanguage":"fi","potentialAction":[{"@type":"ReadAction","target":["https:\/\/gambling6.com\/fi\/kasino\/mista-loytaa-laadukkaita-kolikkopeleja-netissa\/"]}]},{"@type":"ImageObject","inLanguage":"fi","@id":"https:\/\/gambling6.com\/fi\/kasino\/mista-loytaa-laadukkaita-kolikkopeleja-netissa\/#primaryimage","url":"https:\/\/gambling6.com\/wp-content\/uploads\/2013\/12\/mobile-gambling-150x150.jpg","contentUrl":"https:\/\/gambling6.com\/wp-content\/uploads\/2013\/12\/mobile-gambling-150x150.jpg"},{"@type":"BreadcrumbList","@id":"https:\/\/gambling6.com\/fi\/kasino\/mista-loytaa-laadukkaita-kolikkopeleja-netissa\/#breadcrumb","itemListElement":[{"@type":"ListItem","position":1,"name":"Home","item":"https:\/\/gambling6.com\/fi\/home\/"},{"@type":"ListItem","position":2,"name":"Kasino","item":"https:\/\/gambling6.com\/fi\/get-started-with-online-gambling\/"},{"@type":"ListItem","position":3,"name":"Mist\u00e4 l\u00f6yt\u00e4\u00e4 laadukkaita kolikkopelej\u00e4 netiss\u00e4"}]},{"@type":"WebSite","@id":"https:\/\/gambling6.com\/fi\/#website","url":"https:\/\/gambling6.com\/fi\/","name":"Gambling6","description":"","potentialAction":[{"@type":"SearchAction","target":{"@type":"EntryPoint","urlTemplate":"https:\/\/gambling6.com\/fi\/?s={search_term_string}"},"query-input":{"@type":"PropertyValueSpecification","valueRequired":true,"valueName":"search_term_string"}}],"inLanguage":"fi"}]}},"_links":{"self":[{"href":"https:\/\/gambling6.com\/fi\/wp-json\/wp\/v2\/pages\/8958","targetHints":{"allow":["GET"]}}],"collection":[{"href":"https:\/\/gambling6.com\/fi\/wp-json\/wp\/v2\/pages"}],"about":[{"href":"https:\/\/gambling6.com\/fi\/wp-json\/wp\/v2\/types\/page"}],"author":[{"embeddable":true,"href":"https:\/\/gambling6.com\/fi\/wp-json\/wp\/v2\/users\/1"}],"replies":[{"embeddable":true,"href":"https:\/\/gambling6.com\/fi\/wp-json\/wp\/v2\/comments?post=8958"}],"version-history":[{"count":0,"href":"https:\/\/gambling6.com\/fi\/wp-json\/wp\/v2\/pages\/8958\/revisions"}],"up":[{"embeddable":true,"href":"https:\/\/gambling6.com\/fi\/wp-json\/wp\/v2\/pages\/8287"}],"wp:attachment":[{"href":"https:\/\/gambling6.com\/fi\/wp-json\/wp\/v2\/media?parent=8958"}],"curies":[{"name":"wp","href":"https:\/\/api.w.org\/{rel}","templated":true}]}}