{"id":8987,"date":"2025-11-08T12:42:36","date_gmt":"2025-11-08T12:42:36","guid":{"rendered":"https:\/\/gambling6.com\/kasino\/jotkut-kasinopelit-ovat-itse-asiassa-ilmaisia\/"},"modified":"2025-11-15T09:27:57","modified_gmt":"2025-11-15T09:27:57","slug":"jotkut-kasinopelit-ovat-itse-asiassa-ilmaisia","status":"publish","type":"page","link":"https:\/\/gambling6.com\/fi\/kasino\/jotkut-kasinopelit-ovat-itse-asiassa-ilmaisia\/","title":{"rendered":"Jotkut kasinopelit ovat itse asiassa ilmaisia!"},"content":{"rendered":"<h2>Miksi kasinot tarjoavat ilmaisia \u200b\u200bpelej\u00e4<\/h2>\n<p>Internet-teknologian sarastuksen my\u00f6t\u00e4 suurin osa <a href=\"http:\/\/gambling6.com\/wp-content\/uploads\/2013\/12\/img_116.png\"><img loading=\"lazy\" decoding=\"async\" class=\"alignright size-full wp-image-638 alignleft size-full wp-image-238\" style=\"margin: 5px; float: left;\" src=\"http:\/\/gambling6.com\/wp-content\/uploads\/2013\/12\/img_116.png\" alt=\"fre2 kasinopelit\" width=\"219\" height=\"151\" \/><\/a>kasinoiden yst\u00e4vist\u00e4 on alkanut pelata kasinopelej\u00e4 mukavasti kotoa k\u00e4sin. Nettikasinot tarjoavat enemm\u00e4n etuja kuin kivijalkakasinot. Pelien pelaaminen verkossa ei ainoastaan \u200b\u200btarjoa mukavuutta, vaan se antaa my\u00f6s mahdollisuuden pelata suosikkipelej\u00e4si vaarantamatta rahojasi. Nettikasinot kohtaavat kovaa kilpailua, joten ne tarjoavat ilmaisia \u200b\u200bpelej\u00e4 kannustaakseen uusia pelaajia liittym\u00e4\u00e4n j\u00e4seniksi. Voit pelata n\u00e4it\u00e4 ilmaisia \u200b\u200bpelej\u00e4, kunnes hiot taitojasi ja tulet asiantuntijaksi.<\/p>\n<h2>Mit\u00e4 odottaa valitessasi ilmaisia \u200b\u200bpelej\u00e4 tarjoavia kasinoita<\/h2>\n<p>T\u00e4rkeint\u00e4, mit\u00e4 sinun on teht\u00e4v\u00e4 pelataksesi <strong>kasino<\/strong>pelej\u00e4 ilmaiseksi, on etsi\u00e4 hyv\u00e4 verkkosivusto, joka tarjoaa laajan valikoiman ilmaisia \u200b\u200bpelej\u00e4. Varmista, ett\u00e4 verkkosivusto on luotettava ja hyv\u00e4maineinen. Verkkopeliseikkailusi alkaa tilin avaamisesta. Nettikasinot vaativat sinua antamaan henkil\u00f6tietoja, kuten nimesi, ik\u00e4si, osoitteesi ja s\u00e4hk\u00f6postiosoitteesi. Parhaat kasinot pyrkiv\u00e4t tarjoamaan turvallisen ja mukavan ymp\u00e4rist\u00f6n, jossa voit nauttia suosikkipeliesi pelaamisesta tuntikausia. Kun olet rekister\u00f6inyt tilisi verkkosivustolle, voit valita hauskanpitotilan ja oikean rahan tilan v\u00e4lill\u00e4. Voit valita hauskanpito- tai ilmaisen rahan tilan kokeillaksesi erilaisia \u200b\u200bpelej\u00e4 kuluttamatta rahaa lompakostasi.<\/p>\n<h2>Onko ilmaisten pelien pelaamisessa riskej\u00e4?<\/h2>\n<p>Ilmaisten <strong>kasino<\/strong>pelien pelaamisessa ei ole riski\u00e4, \u200b\u200bjos olet huolellinen valitessasi luotettavan verkkosivuston. Kasinot ryhtyv\u00e4t kaikkiin tarvittaviin toimiin tarjotakseen sinulle miellytt\u00e4v\u00e4n pelikokemuksen, jotta sinusta voi tulla pelin todellinen pelaaja.<\/p>\n<p>Jos haluat kokeilla kasinopelej\u00e4 ilmaiseksi pelatessasi oikealla rahalla, meill\u00e4 on sinulle erinomainen suositus. 888 Casino antaa sinulle 20 \u20ac pelirahaa ilman omaa talletusta. Ja jos p\u00e4\u00e4t\u00e4t tallettaa lis\u00e4\u00e4 varoja my\u00f6hemmin, saat silti jopa 1500 \u20ac bonuksen ensimm\u00e4isest\u00e4 omasta talletuksestasi. <a href=\"https:\/\/ic.aff-handler.com\/C\/45871?sr=1064399&amp;anid=\" rel=\"nofollow\"><img loading=\"lazy\" decoding=\"async\" class=\"aligncenter\" src=\"https:\/\/ic.aff-handler.com\/I\/45871?sr=1064399&amp;anid=\" width=\"594\" height=\"77\" \/><\/a><br \/>\n<strong>Onko rajoituksia?<\/strong><\/p>\n<p>Nettikasinot antavat yleens\u00e4 pelata pelej\u00e4 tietyn m\u00e4\u00e4r\u00e4n kertoja ja tietyn ajanjakson ajan. Ilmaispelien pelaamiseen saattaa liitty\u00e4 joitakin rajoituksia. Kasinot eiv\u00e4t v\u00e4ltt\u00e4m\u00e4tt\u00e4 salli kaikkien verkkosivustojensa pelien pelaamista ilmaiseksi. Useimmat kasinot vaativat sinua asettamaan panoksesi tietyn m\u00e4\u00e4r\u00e4n kertoja ennen kuin voit kotiuttaa voitetut rahat.<\/p>\n<h2>Mist\u00e4 l\u00f6yt\u00e4\u00e4 ilmaisia \u200b\u200bkasinopelej\u00e4<\/h2>\n<p>Monet verkkosivustot antavat sinun pelata ilmaisia \u200b\u200b<strong>kasino<\/strong>-pelej\u00e4. Paras paikka pelata ilmaisia \u200b\u200bpelej\u00e4 on sivusto, joka ei vaadi sinua lataamaan mit\u00e4\u00e4n ohjelmistoja. Sen avulla voit pelata pelej\u00e4 v\u00e4litt\u00f6m\u00e4sti napsauttamalla suosikkipeli\u00e4si. Voit tarkistaa, tarjoaako sivusto laajan valikoiman ilmaisia \u200b\u200bpelej\u00e4, kuten ilmaisia \u200b\u200bp\u00f6yt\u00e4pelej\u00e4, kolikkopelej\u00e4, bingoa, videopokeria ja muita pelej\u00e4, jotta et kyll\u00e4sty pian.<\/p>\n<p>Ilmaiset **kasino**-pelit tarjoavat sinulle mahdollisuuden testata mit\u00e4 tahansa uutta ohjelmaa, tekniikkaa tai strategiaa ja varmistaa, toimiiko se sinulle oikeassa online-peliymp\u00e4rist\u00f6ss\u00e4. Koska et aio h\u00e4vit\u00e4 rahaa, et tunne painetta pelatessasi.<\/p>\n","protected":false},"excerpt":{"rendered":"<p>Miksi kasinot tarjoavat ilmaisia \u200b\u200bpelej\u00e4 Internet-teknologian sarastuksen my\u00f6t\u00e4 suurin osa kasinoiden yst\u00e4vist\u00e4 on alkanut pelata kasinopelej\u00e4 mukavasti kotoa k\u00e4sin. Nettikasinot tarjoavat enemm\u00e4n etuja kuin kivijalkakasinot. Pelien pelaaminen verkossa ei ainoastaan \u200b\u200btarjoa mukavuutta, vaan se antaa my\u00f6s mahdollisuuden pelata suosikkipelej\u00e4si vaarantamatta rahojasi. Nettikasinot kohtaavat kovaa kilpailua, joten ne tarjoavat ilmaisia \u200b\u200bpelej\u00e4 kannustaakseen uusia pelaajia liittym\u00e4\u00e4n j\u00e4seniksi. [&hellip;]<\/p>\n","protected":false},"author":1,"featured_media":8988,"parent":8287,"menu_order":53,"comment_status":"closed","ping_status":"closed","template":"","meta":{"footnotes":""},"class_list":["post-8987","page","type-page","status-publish","has-post-thumbnail","hentry"],"yoast_head":"<!-- This site is optimized with the Yoast SEO plugin v27.4 - https:\/\/yoast.com\/product\/yoast-seo-wordpress\/ -->\n<title>Pelaa nettikasinopelej\u00e4 ilmaiseksi<\/title>\n<meta name=\"description\" content=\"Ilmaisten kasinopelien pelaaminen on todella hauskaa. Joidenkin t\u00e4rkeiden asioiden tunteminen ilmaisista kasinopeleist\u00e4 auttaa sinua.\" \/>\n<meta name=\"robots\" content=\"index, follow, max-snippet:-1, max-image-preview:large, max-video-preview:-1\" \/>\n<link rel=\"canonical\" href=\"https:\/\/gambling6.com\/fi\/kasino\/jotkut-kasinopelit-ovat-itse-asiassa-ilmaisia\/\" \/>\n<meta property=\"og:locale\" content=\"fi_FI\" \/>\n<meta property=\"og:type\" content=\"article\" \/>\n<meta property=\"og:title\" content=\"Pelaa nettikasinopelej\u00e4 ilmaiseksi\" \/>\n<meta property=\"og:description\" content=\"Ilmaisten kasinopelien pelaaminen on todella hauskaa. Joidenkin t\u00e4rkeiden asioiden tunteminen ilmaisista kasinopeleist\u00e4 auttaa sinua.\" \/>\n<meta property=\"og:url\" content=\"https:\/\/gambling6.com\/fi\/kasino\/jotkut-kasinopelit-ovat-itse-asiassa-ilmaisia\/\" \/>\n<meta property=\"og:site_name\" content=\"Gambling6\" \/>\n<meta property=\"article:modified_time\" content=\"2025-11-15T09:27:57+00:00\" \/>\n<meta property=\"og:image\" content=\"https:\/\/gambling6.com\/wp-content\/uploads\/2013\/12\/img_116.png\" \/>\n\t<meta property=\"og:image:width\" content=\"270\" \/>\n\t<meta property=\"og:image:height\" content=\"186\" \/>\n\t<meta property=\"og:image:type\" content=\"image\/png\" \/>\n<meta name=\"twitter:card\" content=\"summary_large_image\" \/>\n<meta name=\"twitter:label1\" content=\"Arvioitu lukuaika\" \/>\n\t<meta name=\"twitter:data1\" content=\"2 minuuttia\" \/>\n<script type=\"application\/ld+json\" class=\"yoast-schema-graph\">{\"@context\":\"https:\\\/\\\/schema.org\",\"@graph\":[{\"@type\":\"WebPage\",\"@id\":\"https:\\\/\\\/gambling6.com\\\/fi\\\/kasino\\\/jotkut-kasinopelit-ovat-itse-asiassa-ilmaisia\\\/\",\"url\":\"https:\\\/\\\/gambling6.com\\\/fi\\\/kasino\\\/jotkut-kasinopelit-ovat-itse-asiassa-ilmaisia\\\/\",\"name\":\"Pelaa nettikasinopelej\u00e4 ilmaiseksi\",\"isPartOf\":{\"@id\":\"https:\\\/\\\/gambling6.com\\\/fi\\\/#website\"},\"primaryImageOfPage\":{\"@id\":\"https:\\\/\\\/gambling6.com\\\/fi\\\/kasino\\\/jotkut-kasinopelit-ovat-itse-asiassa-ilmaisia\\\/#primaryimage\"},\"image\":{\"@id\":\"https:\\\/\\\/gambling6.com\\\/fi\\\/kasino\\\/jotkut-kasinopelit-ovat-itse-asiassa-ilmaisia\\\/#primaryimage\"},\"thumbnailUrl\":\"https:\\\/\\\/gambling6.com\\\/wp-content\\\/uploads\\\/2013\\\/12\\\/img_116.png\",\"datePublished\":\"2025-11-08T12:42:36+00:00\",\"dateModified\":\"2025-11-15T09:27:57+00:00\",\"description\":\"Ilmaisten kasinopelien pelaaminen on todella hauskaa. Joidenkin t\u00e4rkeiden asioiden tunteminen ilmaisista kasinopeleist\u00e4 auttaa sinua.\",\"breadcrumb\":{\"@id\":\"https:\\\/\\\/gambling6.com\\\/fi\\\/kasino\\\/jotkut-kasinopelit-ovat-itse-asiassa-ilmaisia\\\/#breadcrumb\"},\"inLanguage\":\"fi\",\"potentialAction\":[{\"@type\":\"ReadAction\",\"target\":[\"https:\\\/\\\/gambling6.com\\\/fi\\\/kasino\\\/jotkut-kasinopelit-ovat-itse-asiassa-ilmaisia\\\/\"]}]},{\"@type\":\"ImageObject\",\"inLanguage\":\"fi\",\"@id\":\"https:\\\/\\\/gambling6.com\\\/fi\\\/kasino\\\/jotkut-kasinopelit-ovat-itse-asiassa-ilmaisia\\\/#primaryimage\",\"url\":\"https:\\\/\\\/gambling6.com\\\/wp-content\\\/uploads\\\/2013\\\/12\\\/img_116.png\",\"contentUrl\":\"https:\\\/\\\/gambling6.com\\\/wp-content\\\/uploads\\\/2013\\\/12\\\/img_116.png\",\"width\":270,\"height\":186,\"caption\":\"fre2 casino games\"},{\"@type\":\"BreadcrumbList\",\"@id\":\"https:\\\/\\\/gambling6.com\\\/fi\\\/kasino\\\/jotkut-kasinopelit-ovat-itse-asiassa-ilmaisia\\\/#breadcrumb\",\"itemListElement\":[{\"@type\":\"ListItem\",\"position\":1,\"name\":\"Home\",\"item\":\"https:\\\/\\\/gambling6.com\\\/fi\\\/home\\\/\"},{\"@type\":\"ListItem\",\"position\":2,\"name\":\"Kasino\",\"item\":\"https:\\\/\\\/gambling6.com\\\/fi\\\/get-started-with-online-gambling\\\/\"},{\"@type\":\"ListItem\",\"position\":3,\"name\":\"Jotkut kasinopelit ovat itse asiassa ilmaisia!\"}]},{\"@type\":\"WebSite\",\"@id\":\"https:\\\/\\\/gambling6.com\\\/fi\\\/#website\",\"url\":\"https:\\\/\\\/gambling6.com\\\/fi\\\/\",\"name\":\"Gambling6\",\"description\":\"\",\"potentialAction\":[{\"@type\":\"SearchAction\",\"target\":{\"@type\":\"EntryPoint\",\"urlTemplate\":\"https:\\\/\\\/gambling6.com\\\/fi\\\/?s={search_term_string}\"},\"query-input\":{\"@type\":\"PropertyValueSpecification\",\"valueRequired\":true,\"valueName\":\"search_term_string\"}}],\"inLanguage\":\"fi\"}]}<\/script>\n<!-- \/ Yoast SEO plugin. -->","yoast_head_json":{"title":"Pelaa nettikasinopelej\u00e4 ilmaiseksi","description":"Ilmaisten kasinopelien pelaaminen on todella hauskaa. Joidenkin t\u00e4rkeiden asioiden tunteminen ilmaisista kasinopeleist\u00e4 auttaa sinua.","robots":{"index":"index","follow":"follow","max-snippet":"max-snippet:-1","max-image-preview":"max-image-preview:large","max-video-preview":"max-video-preview:-1"},"canonical":"https:\/\/gambling6.com\/fi\/kasino\/jotkut-kasinopelit-ovat-itse-asiassa-ilmaisia\/","og_locale":"fi_FI","og_type":"article","og_title":"Pelaa nettikasinopelej\u00e4 ilmaiseksi","og_description":"Ilmaisten kasinopelien pelaaminen on todella hauskaa. Joidenkin t\u00e4rkeiden asioiden tunteminen ilmaisista kasinopeleist\u00e4 auttaa sinua.","og_url":"https:\/\/gambling6.com\/fi\/kasino\/jotkut-kasinopelit-ovat-itse-asiassa-ilmaisia\/","og_site_name":"Gambling6","article_modified_time":"2025-11-15T09:27:57+00:00","og_image":[{"width":270,"height":186,"url":"https:\/\/gambling6.com\/wp-content\/uploads\/2013\/12\/img_116.png","type":"image\/png"}],"twitter_card":"summary_large_image","twitter_misc":{"Arvioitu lukuaika":"2 minuuttia"},"schema":{"@context":"https:\/\/schema.org","@graph":[{"@type":"WebPage","@id":"https:\/\/gambling6.com\/fi\/kasino\/jotkut-kasinopelit-ovat-itse-asiassa-ilmaisia\/","url":"https:\/\/gambling6.com\/fi\/kasino\/jotkut-kasinopelit-ovat-itse-asiassa-ilmaisia\/","name":"Pelaa nettikasinopelej\u00e4 ilmaiseksi","isPartOf":{"@id":"https:\/\/gambling6.com\/fi\/#website"},"primaryImageOfPage":{"@id":"https:\/\/gambling6.com\/fi\/kasino\/jotkut-kasinopelit-ovat-itse-asiassa-ilmaisia\/#primaryimage"},"image":{"@id":"https:\/\/gambling6.com\/fi\/kasino\/jotkut-kasinopelit-ovat-itse-asiassa-ilmaisia\/#primaryimage"},"thumbnailUrl":"https:\/\/gambling6.com\/wp-content\/uploads\/2013\/12\/img_116.png","datePublished":"2025-11-08T12:42:36+00:00","dateModified":"2025-11-15T09:27:57+00:00","description":"Ilmaisten kasinopelien pelaaminen on todella hauskaa. Joidenkin t\u00e4rkeiden asioiden tunteminen ilmaisista kasinopeleist\u00e4 auttaa sinua.","breadcrumb":{"@id":"https:\/\/gambling6.com\/fi\/kasino\/jotkut-kasinopelit-ovat-itse-asiassa-ilmaisia\/#breadcrumb"},"inLanguage":"fi","potentialAction":[{"@type":"ReadAction","target":["https:\/\/gambling6.com\/fi\/kasino\/jotkut-kasinopelit-ovat-itse-asiassa-ilmaisia\/"]}]},{"@type":"ImageObject","inLanguage":"fi","@id":"https:\/\/gambling6.com\/fi\/kasino\/jotkut-kasinopelit-ovat-itse-asiassa-ilmaisia\/#primaryimage","url":"https:\/\/gambling6.com\/wp-content\/uploads\/2013\/12\/img_116.png","contentUrl":"https:\/\/gambling6.com\/wp-content\/uploads\/2013\/12\/img_116.png","width":270,"height":186,"caption":"fre2 casino games"},{"@type":"BreadcrumbList","@id":"https:\/\/gambling6.com\/fi\/kasino\/jotkut-kasinopelit-ovat-itse-asiassa-ilmaisia\/#breadcrumb","itemListElement":[{"@type":"ListItem","position":1,"name":"Home","item":"https:\/\/gambling6.com\/fi\/home\/"},{"@type":"ListItem","position":2,"name":"Kasino","item":"https:\/\/gambling6.com\/fi\/get-started-with-online-gambling\/"},{"@type":"ListItem","position":3,"name":"Jotkut kasinopelit ovat itse asiassa ilmaisia!"}]},{"@type":"WebSite","@id":"https:\/\/gambling6.com\/fi\/#website","url":"https:\/\/gambling6.com\/fi\/","name":"Gambling6","description":"","potentialAction":[{"@type":"SearchAction","target":{"@type":"EntryPoint","urlTemplate":"https:\/\/gambling6.com\/fi\/?s={search_term_string}"},"query-input":{"@type":"PropertyValueSpecification","valueRequired":true,"valueName":"search_term_string"}}],"inLanguage":"fi"}]}},"_links":{"self":[{"href":"https:\/\/gambling6.com\/fi\/wp-json\/wp\/v2\/pages\/8987","targetHints":{"allow":["GET"]}}],"collection":[{"href":"https:\/\/gambling6.com\/fi\/wp-json\/wp\/v2\/pages"}],"about":[{"href":"https:\/\/gambling6.com\/fi\/wp-json\/wp\/v2\/types\/page"}],"author":[{"embeddable":true,"href":"https:\/\/gambling6.com\/fi\/wp-json\/wp\/v2\/users\/1"}],"replies":[{"embeddable":true,"href":"https:\/\/gambling6.com\/fi\/wp-json\/wp\/v2\/comments?post=8987"}],"version-history":[{"count":1,"href":"https:\/\/gambling6.com\/fi\/wp-json\/wp\/v2\/pages\/8987\/revisions"}],"predecessor-version":[{"id":10877,"href":"https:\/\/gambling6.com\/fi\/wp-json\/wp\/v2\/pages\/8987\/revisions\/10877"}],"up":[{"embeddable":true,"href":"https:\/\/gambling6.com\/fi\/wp-json\/wp\/v2\/pages\/8287"}],"wp:featuredmedia":[{"embeddable":true,"href":"https:\/\/gambling6.com\/fi\/wp-json\/wp\/v2\/media\/8988"}],"wp:attachment":[{"href":"https:\/\/gambling6.com\/fi\/wp-json\/wp\/v2\/media?parent=8987"}],"curies":[{"name":"wp","href":"https:\/\/api.w.org\/{rel}","templated":true}]}}