{"id":9030,"date":"2025-11-08T13:31:27","date_gmt":"2025-11-08T13:31:27","guid":{"rendered":"https:\/\/gambling6.com\/kasino\/nettikasinot-kateisella-pienen-prantatyn-tekstin-ymmartaminen\/"},"modified":"2025-11-15T09:05:34","modified_gmt":"2025-11-15T09:05:34","slug":"nettikasinot-kateisella-pienen-prantatyn-tekstin-ymmartaminen","status":"publish","type":"page","link":"https:\/\/gambling6.com\/fi\/kasino\/nettikasinot-kateisella-pienen-prantatyn-tekstin-ymmartaminen\/","title":{"rendered":"Nettikasinot k\u00e4teisell\u00e4: Pienen pr\u00e4nt\u00e4tyn tekstin ymm\u00e4rt\u00e4minen"},"content":{"rendered":"<h2>Nettikasinoiden k\u00e4ytt\u00f6ehtojen tarkistaminen<\/h2>\n<p><img loading=\"lazy\" decoding=\"async\" class=\"alignright size-full wp-image-62 alignleft size-full wp-image-64\" style=\"margin: 5px; float: left;\" title=\"casino fine print\" src=\"http:\/\/gambling6.com\/wp-content\/uploads\/2013\/12\/casino-fine-print.jpg\" alt=\"casino fine print terms conditions\" width=\"168\" height=\"147\" \/><span style=\"box-sizing: border-box; margin: 0px; padding: 0px;\">Kun rekister\u00f6idyt\u00a0<strong>nettikasinolle<\/strong>, sinun on hyv\u00e4ksytt\u00e4v\u00e4 k\u00e4ytt\u00e4j\u00e4sopimus, joka sis\u00e4lt\u00e4\u00e4 nettikasinon k\u00e4ytt\u00f6ehdot, joita sinun on noudatettava.<\/span>\u00a0Jotkut n\u00e4ist\u00e4 ehdoista liittyv\u00e4t kasinon pankkiprosesseihin, kun taas toiset voivat koskea vedonly\u00f6nti\u00e4, pelej\u00e4 ja bonuksia.<\/p>\n<p>On t\u00e4rke\u00e4\u00e4 ymm\u00e4rt\u00e4\u00e4 ja ymm\u00e4rt\u00e4\u00e4 n\u00e4iden ehtojen vaikutus perusteellisesti ennen niiden hyv\u00e4ksymist\u00e4. Varojen siirto kasinolle ja kasinolta on kenties kriittisin pelaajaan vaikuttava toiminto. Siksi on t\u00e4rke\u00e4\u00e4 olla tietoinen siit\u00e4, mihin tarkalleen ottaen ryhtyy hyv\u00e4ksyess\u00e4\u00e4n kasinon ehdot. T\u00e4ss\u00e4 artikkelissa pyrimme yksinkertaistamaan lakikielt\u00e4 selitt\u00e4\u00e4ksemme, mit\u00e4 n\u00e4m\u00e4 ehdot sis\u00e4lt\u00e4v\u00e4t. Pelaajan on hyv\u00e4ksytt\u00e4v\u00e4 tiettyj\u00e4 velvoitteita hyv\u00e4ksyess\u00e4\u00e4n k\u00e4ytt\u00e4j\u00e4sopimuksen. H\u00e4nen on my\u00f6s annettava tiettyj\u00e4 takuita.<\/p>\n<p>Yleisesti ottaen voidaan sanoa, ett\u00e4 jotkut nettikasinot sis\u00e4lt\u00e4v\u00e4t pienell\u00e4 pr\u00e4nt\u00e4ttyj\u00e4 ehtoja, joilla voi olla eritt\u00e4in kielteisi\u00e4 seurauksia pelaajille. He luottavat siihen, ettei kukaan lukisi kaikkea pienell\u00e4 pr\u00e4nt\u00e4tty\u00e4 teksti\u00e4. Siksi suosittelemme, ett\u00e4 pysyt kasinoilla, jotka ovat s\u00e4\u00e4nneltyj\u00e4, joilla on hyv\u00e4 maine ja siten reilut ehdot.<\/p>\n<p>BetOnline Casino on yksi n\u00e4ist\u00e4 kasinoista. Heid\u00e4n pienell\u00e4 pr\u00e4nt\u00e4tty tekstins\u00e4 ei sis\u00e4ll\u00e4 yll\u00e4tyksi\u00e4. He heijastavat sit\u00e4, ett\u00e4 viimeaikaisten Yhdysvaltojen s\u00e4\u00e4nn\u00f6sten vuoksi talletus- ja kotiutusprosessi ei ole en\u00e4\u00e4 yht\u00e4 suoraviivainen kuin ennen. Mutta n\u00e4iss\u00e4 olosuhteissa heid\u00e4n ehdot ovat edelleen reilut.<\/p>\n<p><a class=\"thirstylink\" title=\"Betonline casino en\" href=\"https:\/\/gambling6.com\/go\/betonline-casino-en\/\" target=\"_blank\" rel=\"nofollow noopener\"><img loading=\"lazy\" decoding=\"async\" class=\" wp-image-7875 aligncenter\" src=\"https:\/\/gambling6.com\/wp-content\/uploads\/2025\/10\/BOL_AQC_banner_468x60_FS1_casino-300x38.gif\" alt=\"BetOnline-kasino\" width=\"498\" height=\"63\" \/><\/a><\/p>\n<h2>Mit\u00e4 kasinon pienell\u00e4 pr\u00e4nt\u00e4tty teksti tyypillisesti vaatii pelaajalta<\/h2>\n<p>Kasino odottaa my\u00f6s pelaajalta vahvistusta siit\u00e4, ett\u00e4 h\u00e4n on vedonly\u00f6ntiin k\u00e4ytettyjen varojen laillinen omistaja. Toisin sanoen, h\u00e4n ei voi k\u00e4ytt\u00e4\u00e4 tilins\u00e4 rahoittamiseen luottokorttia, joka ei kuulu h\u00e4nelle. Lis\u00e4ksi h\u00e4nen luottokorttinsa vahvistetaan ennen kuin kotiutuksia voidaan tehd\u00e4. Samoin h\u00e4n ei voi k\u00e4ytt\u00e4\u00e4 muita maksuvaihtoehtoja, jotka eiv\u00e4t ole h\u00e4nen nimiss\u00e4\u00e4n.<\/p>\n<p>Sopimuksen rikkomukset, olivatpa ne sitten pankkiprosesseihin tai vedonly\u00f6ntiin liittyvi\u00e4, vaikuttavat ensin pelaajan tiliin. Jos tili j\u00e4\u00e4dytet\u00e4\u00e4n, k\u00e4teiskasino voi pid\u00e4tt\u00e4\u00e4 kiistanalaiset varat; useimmissa tapauksissa se pid\u00e4tt\u00e4\u00e4 kaikki varat, mukaan lukien bonukset, talletukset ja hyvitykset, tekem\u00e4tt\u00e4 eroa niiden v\u00e4lill\u00e4. T\u00e4m\u00e4 on sinun sopimiesi ehtojen mukaista.<\/p>\n<p>Jos pelaaja on velkaa kasinolle, kasino voi tehd\u00e4 kaikkensa summan perimiseksi, mukaan lukien perint\u00e4toimistojen k\u00e4ytt\u00e4minen. Joillakin nettikasinoilla on tiukat k\u00e4yt\u00e4nn\u00f6t k\u00e4ytt\u00e4m\u00e4tt\u00f6mien tilien suhteen. Yksi yst\u00e4vist\u00e4ni oppi t\u00e4m\u00e4n kantap\u00e4\u00e4n kautta. H\u00e4n oli rekister\u00f6itynyt yhteen nettikasinoon ja pelannut siell\u00e4 jonkin aikaa voittaen siistin summan. H\u00e4n vaihtoi toiselle kasinolle ja suunnitteli palaavansa ensimm\u00e4iseen lyhyen ajan kuluttua. Kun h\u00e4n tarkisti tilins\u00e4 seuraavan kerran, h\u00e4n ei l\u00f6yt\u00e4nyt saldoa. Kun h\u00e4n otti yhteytt\u00e4 asiakaspalveluun, h\u00e4nelle kerrottiin, ett\u00e4 h\u00e4nen rahansa oli menetetty, koska h\u00e4n ei ollut pelannut kasinolla yli kuuteen kuukauteen. T\u00e4m\u00e4 on tietenkin hieman ep\u00e4tavallista, ja vaikka se tapahtuisi sinulle, voisit ratkaista ongelman lyhyell\u00e4 s\u00e4hk\u00f6postilla asiakaspalveluun.<\/p>\n<h2>Asiat, joihin kannattaa kiinnitt\u00e4\u00e4 huomiota<\/h2>\n<p>Jos kuitenkin p\u00e4\u00e4t\u00e4t lopettaa pelaamisen nettikasinollasi, muista nostaa kaikki kasinorahatililt\u00e4si olevat varat, olipa tauko kuinka lyhyt tahansa. Tarkista, veloitetaanko nostoista maksuja. Jos nostoista perit\u00e4\u00e4n kiinte\u00e4 maksu, kannattaa ehk\u00e4 nostaa kaikki varasi kerralla useiden nostojen sijaan. \u00c4l\u00e4 nosta rahaa, jos aiot tallettaa uudelleen hetken kuluttua \u2013 menet\u00e4t rahaa, jos teet niin. <strong>Vertaile k\u00e4ytett\u00e4viss\u00e4 olevia eri rahank\u00e4sittelyvaihtoehtoja \u2013 joissakin on alhaisemmat maksut, toisissa korkeammat!<\/strong><\/p>\n<p>Bonuksiin ja kasinotarjouksiin liittyy muita ehtoja. Yleens\u00e4 n\u00e4m\u00e4 ovat kelpoisuusehtoja ja kierr\u00e4tysvaatimuksia, joita kasinobonuksen vapauttaminen edellytt\u00e4\u00e4. On hyv\u00e4 k\u00e4yt\u00e4nt\u00f6 lukea ja ymm\u00e4rt\u00e4\u00e4 n\u00e4m\u00e4 vaatimukset ennen kasinobonusten hyv\u00e4ksymist\u00e4. Samoin ennen mille tahansa nettikasinolle rekister\u00f6itymist\u00e4 pelaajien on luettava k\u00e4ytt\u00f6ehdot ja ymm\u00e4rrett\u00e4v\u00e4 pienell\u00e4 pr\u00e4nt\u00e4tty teksti ja oikean rahan kasinoiden usein kysytyt kysymykset, jotta v\u00e4ltyt\u00e4\u00e4n tarpeettomilta ongelmilta my\u00f6hemmin. Yleens\u00e4 nettikasinoilla on kokonainen sivu omistettu loppuk\u00e4ytt\u00e4j\u00e4sopimuksille, ja sin\u00e4Ensimm\u00e4inen teht\u00e4v\u00e4si on lukea ne huolellisesti ennen kuin p\u00e4\u00e4t\u00e4t liitty\u00e4 kasinolle.<\/p>\n","protected":false},"excerpt":{"rendered":"<p>Nettikasinoiden k\u00e4ytt\u00f6ehtojen tarkistaminen Kun rekister\u00f6idyt\u00a0nettikasinolle, sinun on hyv\u00e4ksytt\u00e4v\u00e4 k\u00e4ytt\u00e4j\u00e4sopimus, joka sis\u00e4lt\u00e4\u00e4 nettikasinon k\u00e4ytt\u00f6ehdot, joita sinun on noudatettava.\u00a0Jotkut n\u00e4ist\u00e4 ehdoista liittyv\u00e4t kasinon pankkiprosesseihin, kun taas toiset voivat koskea vedonly\u00f6nti\u00e4, pelej\u00e4 ja bonuksia. On t\u00e4rke\u00e4\u00e4 ymm\u00e4rt\u00e4\u00e4 ja ymm\u00e4rt\u00e4\u00e4 n\u00e4iden ehtojen vaikutus perusteellisesti ennen niiden hyv\u00e4ksymist\u00e4. Varojen siirto kasinolle ja kasinolta on kenties kriittisin pelaajaan vaikuttava toiminto. Siksi [&hellip;]<\/p>\n","protected":false},"author":1,"featured_media":9031,"parent":8287,"menu_order":68,"comment_status":"closed","ping_status":"closed","template":"","meta":{"footnotes":""},"class_list":["post-9030","page","type-page","status-publish","has-post-thumbnail","hentry"],"yoast_head":"<!-- This site is optimized with the Yoast SEO plugin v27.3 - https:\/\/yoast.com\/product\/yoast-seo-wordpress\/ -->\n<title>Mit\u00e4 kasinon k\u00e4ytt\u00f6ehdoissa kannattaa ottaa huomioon<\/title>\n<meta name=\"description\" content=\"Nettikasinoiden k\u00e4ytt\u00f6ehdot pienell\u00e4 pr\u00e4nt\u00e4ttyn\u00e4 - mit\u00e4 odottaa ja mit\u00e4 ei\" \/>\n<meta name=\"robots\" content=\"index, follow, max-snippet:-1, max-image-preview:large, max-video-preview:-1\" \/>\n<link rel=\"canonical\" href=\"https:\/\/gambling6.com\/fi\/kasino\/nettikasinot-kateisella-pienen-prantatyn-tekstin-ymmartaminen\/\" \/>\n<meta property=\"og:locale\" content=\"fi_FI\" \/>\n<meta property=\"og:type\" content=\"article\" \/>\n<meta property=\"og:title\" content=\"Mit\u00e4 kasinon k\u00e4ytt\u00f6ehdoissa kannattaa ottaa huomioon\" \/>\n<meta property=\"og:description\" content=\"Nettikasinoiden k\u00e4ytt\u00f6ehdot pienell\u00e4 pr\u00e4nt\u00e4ttyn\u00e4 - mit\u00e4 odottaa ja mit\u00e4 ei\" \/>\n<meta property=\"og:url\" content=\"https:\/\/gambling6.com\/fi\/kasino\/nettikasinot-kateisella-pienen-prantatyn-tekstin-ymmartaminen\/\" \/>\n<meta property=\"og:site_name\" content=\"Gambling6\" \/>\n<meta property=\"article:modified_time\" content=\"2025-11-15T09:05:34+00:00\" \/>\n<meta property=\"og:image\" content=\"https:\/\/gambling6.com\/wp-content\/uploads\/2013\/12\/casino-fine-print.jpg\" \/>\n\t<meta property=\"og:image:width\" content=\"200\" \/>\n\t<meta property=\"og:image:height\" content=\"175\" \/>\n\t<meta property=\"og:image:type\" content=\"image\/jpeg\" \/>\n<meta name=\"twitter:card\" content=\"summary_large_image\" \/>\n<meta name=\"twitter:label1\" content=\"Arvioitu lukuaika\" \/>\n\t<meta name=\"twitter:data1\" content=\"3 minuuttia\" \/>\n<script type=\"application\/ld+json\" class=\"yoast-schema-graph\">{\"@context\":\"https:\\\/\\\/schema.org\",\"@graph\":[{\"@type\":\"WebPage\",\"@id\":\"https:\\\/\\\/gambling6.com\\\/fi\\\/kasino\\\/nettikasinot-kateisella-pienen-prantatyn-tekstin-ymmartaminen\\\/\",\"url\":\"https:\\\/\\\/gambling6.com\\\/fi\\\/kasino\\\/nettikasinot-kateisella-pienen-prantatyn-tekstin-ymmartaminen\\\/\",\"name\":\"Mit\u00e4 kasinon k\u00e4ytt\u00f6ehdoissa kannattaa ottaa huomioon\",\"isPartOf\":{\"@id\":\"https:\\\/\\\/gambling6.com\\\/fi\\\/#website\"},\"primaryImageOfPage\":{\"@id\":\"https:\\\/\\\/gambling6.com\\\/fi\\\/kasino\\\/nettikasinot-kateisella-pienen-prantatyn-tekstin-ymmartaminen\\\/#primaryimage\"},\"image\":{\"@id\":\"https:\\\/\\\/gambling6.com\\\/fi\\\/kasino\\\/nettikasinot-kateisella-pienen-prantatyn-tekstin-ymmartaminen\\\/#primaryimage\"},\"thumbnailUrl\":\"https:\\\/\\\/gambling6.com\\\/wp-content\\\/uploads\\\/2013\\\/12\\\/casino-fine-print.jpg\",\"datePublished\":\"2025-11-08T13:31:27+00:00\",\"dateModified\":\"2025-11-15T09:05:34+00:00\",\"description\":\"Nettikasinoiden k\u00e4ytt\u00f6ehdot pienell\u00e4 pr\u00e4nt\u00e4ttyn\u00e4 - mit\u00e4 odottaa ja mit\u00e4 ei\",\"breadcrumb\":{\"@id\":\"https:\\\/\\\/gambling6.com\\\/fi\\\/kasino\\\/nettikasinot-kateisella-pienen-prantatyn-tekstin-ymmartaminen\\\/#breadcrumb\"},\"inLanguage\":\"fi\",\"potentialAction\":[{\"@type\":\"ReadAction\",\"target\":[\"https:\\\/\\\/gambling6.com\\\/fi\\\/kasino\\\/nettikasinot-kateisella-pienen-prantatyn-tekstin-ymmartaminen\\\/\"]}]},{\"@type\":\"ImageObject\",\"inLanguage\":\"fi\",\"@id\":\"https:\\\/\\\/gambling6.com\\\/fi\\\/kasino\\\/nettikasinot-kateisella-pienen-prantatyn-tekstin-ymmartaminen\\\/#primaryimage\",\"url\":\"https:\\\/\\\/gambling6.com\\\/wp-content\\\/uploads\\\/2013\\\/12\\\/casino-fine-print.jpg\",\"contentUrl\":\"https:\\\/\\\/gambling6.com\\\/wp-content\\\/uploads\\\/2013\\\/12\\\/casino-fine-print.jpg\",\"width\":200,\"height\":175,\"caption\":\"casino fine print\"},{\"@type\":\"BreadcrumbList\",\"@id\":\"https:\\\/\\\/gambling6.com\\\/fi\\\/kasino\\\/nettikasinot-kateisella-pienen-prantatyn-tekstin-ymmartaminen\\\/#breadcrumb\",\"itemListElement\":[{\"@type\":\"ListItem\",\"position\":1,\"name\":\"Home\",\"item\":\"https:\\\/\\\/gambling6.com\\\/fi\\\/home\\\/\"},{\"@type\":\"ListItem\",\"position\":2,\"name\":\"Kasino\",\"item\":\"https:\\\/\\\/gambling6.com\\\/fi\\\/get-started-with-online-gambling\\\/\"},{\"@type\":\"ListItem\",\"position\":3,\"name\":\"Nettikasinot k\u00e4teisell\u00e4: Pienen pr\u00e4nt\u00e4tyn tekstin ymm\u00e4rt\u00e4minen\"}]},{\"@type\":\"WebSite\",\"@id\":\"https:\\\/\\\/gambling6.com\\\/fi\\\/#website\",\"url\":\"https:\\\/\\\/gambling6.com\\\/fi\\\/\",\"name\":\"Gambling6\",\"description\":\"\",\"potentialAction\":[{\"@type\":\"SearchAction\",\"target\":{\"@type\":\"EntryPoint\",\"urlTemplate\":\"https:\\\/\\\/gambling6.com\\\/fi\\\/?s={search_term_string}\"},\"query-input\":{\"@type\":\"PropertyValueSpecification\",\"valueRequired\":true,\"valueName\":\"search_term_string\"}}],\"inLanguage\":\"fi\"}]}<\/script>\n<!-- \/ Yoast SEO plugin. -->","yoast_head_json":{"title":"Mit\u00e4 kasinon k\u00e4ytt\u00f6ehdoissa kannattaa ottaa huomioon","description":"Nettikasinoiden k\u00e4ytt\u00f6ehdot pienell\u00e4 pr\u00e4nt\u00e4ttyn\u00e4 - mit\u00e4 odottaa ja mit\u00e4 ei","robots":{"index":"index","follow":"follow","max-snippet":"max-snippet:-1","max-image-preview":"max-image-preview:large","max-video-preview":"max-video-preview:-1"},"canonical":"https:\/\/gambling6.com\/fi\/kasino\/nettikasinot-kateisella-pienen-prantatyn-tekstin-ymmartaminen\/","og_locale":"fi_FI","og_type":"article","og_title":"Mit\u00e4 kasinon k\u00e4ytt\u00f6ehdoissa kannattaa ottaa huomioon","og_description":"Nettikasinoiden k\u00e4ytt\u00f6ehdot pienell\u00e4 pr\u00e4nt\u00e4ttyn\u00e4 - mit\u00e4 odottaa ja mit\u00e4 ei","og_url":"https:\/\/gambling6.com\/fi\/kasino\/nettikasinot-kateisella-pienen-prantatyn-tekstin-ymmartaminen\/","og_site_name":"Gambling6","article_modified_time":"2025-11-15T09:05:34+00:00","og_image":[{"width":200,"height":175,"url":"https:\/\/gambling6.com\/wp-content\/uploads\/2013\/12\/casino-fine-print.jpg","type":"image\/jpeg"}],"twitter_card":"summary_large_image","twitter_misc":{"Arvioitu lukuaika":"3 minuuttia"},"schema":{"@context":"https:\/\/schema.org","@graph":[{"@type":"WebPage","@id":"https:\/\/gambling6.com\/fi\/kasino\/nettikasinot-kateisella-pienen-prantatyn-tekstin-ymmartaminen\/","url":"https:\/\/gambling6.com\/fi\/kasino\/nettikasinot-kateisella-pienen-prantatyn-tekstin-ymmartaminen\/","name":"Mit\u00e4 kasinon k\u00e4ytt\u00f6ehdoissa kannattaa ottaa huomioon","isPartOf":{"@id":"https:\/\/gambling6.com\/fi\/#website"},"primaryImageOfPage":{"@id":"https:\/\/gambling6.com\/fi\/kasino\/nettikasinot-kateisella-pienen-prantatyn-tekstin-ymmartaminen\/#primaryimage"},"image":{"@id":"https:\/\/gambling6.com\/fi\/kasino\/nettikasinot-kateisella-pienen-prantatyn-tekstin-ymmartaminen\/#primaryimage"},"thumbnailUrl":"https:\/\/gambling6.com\/wp-content\/uploads\/2013\/12\/casino-fine-print.jpg","datePublished":"2025-11-08T13:31:27+00:00","dateModified":"2025-11-15T09:05:34+00:00","description":"Nettikasinoiden k\u00e4ytt\u00f6ehdot pienell\u00e4 pr\u00e4nt\u00e4ttyn\u00e4 - mit\u00e4 odottaa ja mit\u00e4 ei","breadcrumb":{"@id":"https:\/\/gambling6.com\/fi\/kasino\/nettikasinot-kateisella-pienen-prantatyn-tekstin-ymmartaminen\/#breadcrumb"},"inLanguage":"fi","potentialAction":[{"@type":"ReadAction","target":["https:\/\/gambling6.com\/fi\/kasino\/nettikasinot-kateisella-pienen-prantatyn-tekstin-ymmartaminen\/"]}]},{"@type":"ImageObject","inLanguage":"fi","@id":"https:\/\/gambling6.com\/fi\/kasino\/nettikasinot-kateisella-pienen-prantatyn-tekstin-ymmartaminen\/#primaryimage","url":"https:\/\/gambling6.com\/wp-content\/uploads\/2013\/12\/casino-fine-print.jpg","contentUrl":"https:\/\/gambling6.com\/wp-content\/uploads\/2013\/12\/casino-fine-print.jpg","width":200,"height":175,"caption":"casino fine print"},{"@type":"BreadcrumbList","@id":"https:\/\/gambling6.com\/fi\/kasino\/nettikasinot-kateisella-pienen-prantatyn-tekstin-ymmartaminen\/#breadcrumb","itemListElement":[{"@type":"ListItem","position":1,"name":"Home","item":"https:\/\/gambling6.com\/fi\/home\/"},{"@type":"ListItem","position":2,"name":"Kasino","item":"https:\/\/gambling6.com\/fi\/get-started-with-online-gambling\/"},{"@type":"ListItem","position":3,"name":"Nettikasinot k\u00e4teisell\u00e4: Pienen pr\u00e4nt\u00e4tyn tekstin ymm\u00e4rt\u00e4minen"}]},{"@type":"WebSite","@id":"https:\/\/gambling6.com\/fi\/#website","url":"https:\/\/gambling6.com\/fi\/","name":"Gambling6","description":"","potentialAction":[{"@type":"SearchAction","target":{"@type":"EntryPoint","urlTemplate":"https:\/\/gambling6.com\/fi\/?s={search_term_string}"},"query-input":{"@type":"PropertyValueSpecification","valueRequired":true,"valueName":"search_term_string"}}],"inLanguage":"fi"}]}},"_links":{"self":[{"href":"https:\/\/gambling6.com\/fi\/wp-json\/wp\/v2\/pages\/9030","targetHints":{"allow":["GET"]}}],"collection":[{"href":"https:\/\/gambling6.com\/fi\/wp-json\/wp\/v2\/pages"}],"about":[{"href":"https:\/\/gambling6.com\/fi\/wp-json\/wp\/v2\/types\/page"}],"author":[{"embeddable":true,"href":"https:\/\/gambling6.com\/fi\/wp-json\/wp\/v2\/users\/1"}],"replies":[{"embeddable":true,"href":"https:\/\/gambling6.com\/fi\/wp-json\/wp\/v2\/comments?post=9030"}],"version-history":[{"count":1,"href":"https:\/\/gambling6.com\/fi\/wp-json\/wp\/v2\/pages\/9030\/revisions"}],"predecessor-version":[{"id":10857,"href":"https:\/\/gambling6.com\/fi\/wp-json\/wp\/v2\/pages\/9030\/revisions\/10857"}],"up":[{"embeddable":true,"href":"https:\/\/gambling6.com\/fi\/wp-json\/wp\/v2\/pages\/8287"}],"wp:featuredmedia":[{"embeddable":true,"href":"https:\/\/gambling6.com\/fi\/wp-json\/wp\/v2\/media\/9031"}],"wp:attachment":[{"href":"https:\/\/gambling6.com\/fi\/wp-json\/wp\/v2\/media?parent=9030"}],"curies":[{"name":"wp","href":"https:\/\/api.w.org\/{rel}","templated":true}]}}