{"id":9077,"date":"2025-11-08T14:34:14","date_gmt":"2025-11-08T14:34:14","guid":{"rendered":"https:\/\/gambling6.com\/urheiluvedonlyontivinkkeja-oppaasi-nettivedonlyontiin\/"},"modified":"2025-11-12T19:17:08","modified_gmt":"2025-11-12T19:17:08","slug":"urheiluvedonlyontivinkkeja-oppaasi-nettivedonlyontiin","status":"publish","type":"page","link":"https:\/\/gambling6.com\/fi\/urheiluvedonlyonti\/urheiluvedonlyontivinkkeja-oppaasi-nettivedonlyontiin\/","title":{"rendered":"Urheiluvedonly\u00f6ntivinkkej\u00e4 &#8211; Oppaasi nettivedonly\u00f6ntiin"},"content":{"rendered":"<h2>T\u00e4ydellinen opas nettivedonly\u00f6nnin maailmaan!<\/h2>\n<p>Ihmiskunnan alusta asti uhkapelit ovat olleet osa luontoamme. Kun internet keksittiin, oli luonnollista, ett\u00e4 uhkapelisivustoja ilmestyi. Kun ne syntyiv\u00e4t, ne nauttivat valtavasta menestyksest\u00e4, ja nettiuhkapelaaminen on nyt yksi maailman suosituimmista aktiviteeteista.<\/p>\n<p>Oletetaan, ett\u00e4 haluat aloittaa nettiuhkapelin pelaamisen. Siin\u00e4 tapauksessa sinun tulisi tiet\u00e4\u00e4, ett\u00e4 tilin luominen mille tahansa suurelle nettiuhkapelisivustolle vie vain muutaman minuutin, mink\u00e4 j\u00e4lkeen voit pelata mit\u00e4 tahansa, nettikasinopeleist\u00e4 nettipokeriin tai jopa ly\u00f6d\u00e4 vetoa urheilu- tai finanssisivustoista.<\/p>\n<p><img loading=\"lazy\" decoding=\"async\" class=\"size-medium wp-image-3057 alignright\" src=\"https:\/\/gambling6.com\/wp-content\/uploads\/2022\/04\/soccermoney-300x200.jpg\" alt=\"online-vedonly\u00f6ntiopas\" width=\"300\" height=\"200\" srcset=\"https:\/\/gambling6.com\/wp-content\/uploads\/2022\/04\/soccermoney-300x200.jpg 300w, https:\/\/gambling6.com\/wp-content\/uploads\/2022\/04\/soccermoney.jpg 424w\" sizes=\"auto, (max-width: 300px) 100vw, 300px\" \/>Nettivedonly\u00f6nnist\u00e4 puheen ollen, sinun tulisi tiet\u00e4\u00e4, ett\u00e4 jos haluat liitty\u00e4 nettiuhkapelisivustolle, joka ei vaadi sinua oppimaan uuden pelin pelaamista (kuten olisi kaikissa peleiss\u00e4 nettipokerista nettikasinopeleihin), nettivedonly\u00f6nti on t\u00e4ydellinen ratkaisu. Tunnet jo s\u00e4\u00e4nn\u00f6t \u2013 sinun tarvitsee vain arvata oikein ammattilaisurheilun pelin tulos, ja siin\u00e4 kaikki. Jos olet oikeassa, saat palkkion. Jos olet v\u00e4\u00e4r\u00e4ss\u00e4, voit yritt\u00e4\u00e4 uudelleen.<\/p>\n<p>Oletetaan, ett\u00e4 et ole l\u00f6yt\u00e4nyt nettivedonly\u00f6nti\u00e4 t\u00e4h\u00e4n menness\u00e4. Olisi typer\u00e4\u00e4 aloittaa pelaaminen tiet\u00e4m\u00e4tt\u00e4 mit\u00e4\u00e4n alasta, urheilulajeista tai edes nettiuhkapelisivustoista, joihin haluat liitty\u00e4. Siksi on olemassa sivustoja, joiden ainoa tarkoitus on tuoda sinut l\u00e4hemm\u00e4ksi suosikkipelaamistasi netiss\u00e4 tarjoamalla sinulle mahdollisimman paljon tietoa.<\/p>\n<p><strong>BetOnline<\/strong>\u00a0on yksi maailman parhaista nettivedonly\u00f6ntisivustoista. Kilpailuvedonly\u00f6nnist\u00e4 urheiluvedonly\u00f6ntiin ja talousvedonly\u00f6ntiin \u2013 kaikki esitell\u00e4\u00e4n t\u00e4\u00e4ll\u00e4 yksityiskohtaisesti, ja voit oppia kaiken, mit\u00e4 aloittelijan tarvitsee tiet\u00e4\u00e4, vain viett\u00e4m\u00e4ll\u00e4 muutaman minuutin sinua kiinnostavassa osiossa.<\/p>\n<p><a class=\"thirstylink\" title=\"Betonline sports en\" href=\"https:\/\/gambling6.com\/go\/betonline-sports-en\/\" target=\"_blank\" rel=\"nofollow noopener\">Liity miljoonien urheiluvedonly\u00f6nnin fanien joukkoon ymp\u00e4ri maailmaa Betonlinessa, suosikkivedonly\u00f6ntisivustossamme, seuraamalla t\u00e4t\u00e4 linkki\u00e4.<\/a><\/p>\n<p>Jos esimerkiksi haluat aloittaa kilpailuihin vedonly\u00f6nnin, sinun kannattaa tutustua Kilpailuvedonly\u00f6nti-osioon, joka tarjoaa kaiken online-kilpailuista \u2013 koirakilpailuista ikivanhoihin hevoskilpailuihin tai jopa uudempiin urheilulajeihin, kuten NASCARiin tai Formula 1 -kilpailuihin, BetOnline tarjoaa sinulle kaiken, mit\u00e4 haluat tiet\u00e4\u00e4 kaikista n\u00e4ist\u00e4 urheilulajeista.<\/p>\n<p>Kaiken kaikkiaan, jos haluat aloittaa urheiluvedonly\u00f6nnin, sinun kannattaa kokeilla BetOnlinea, yht\u00e4 parhaista online-uhkapelisivustoista. He viev\u00e4t sinut tiet\u00e4m\u00e4tt\u00f6myydest\u00e4 t\u00e4ysin alasta siihen, ett\u00e4 ansaitset sill\u00e4 valtavasti rahaa!<\/p>\n","protected":false},"excerpt":{"rendered":"<p>T\u00e4ydellinen opas nettivedonly\u00f6nnin maailmaan! Ihmiskunnan alusta asti uhkapelit ovat olleet osa luontoamme. Kun internet keksittiin, oli luonnollista, ett\u00e4 uhkapelisivustoja ilmestyi. Kun ne syntyiv\u00e4t, ne nauttivat valtavasta menestyksest\u00e4, ja nettiuhkapelaaminen on nyt yksi maailman suosituimmista aktiviteeteista. Oletetaan, ett\u00e4 haluat aloittaa nettiuhkapelin pelaamisen. Siin\u00e4 tapauksessa sinun tulisi tiet\u00e4\u00e4, ett\u00e4 tilin luominen mille tahansa suurelle nettiuhkapelisivustolle vie vain [&hellip;]<\/p>\n","protected":false},"author":1,"featured_media":0,"parent":9209,"menu_order":14,"comment_status":"closed","ping_status":"closed","template":"","meta":{"footnotes":""},"class_list":["post-9077","page","type-page","status-publish","hentry"],"yoast_head":"<!-- This site is optimized with the Yoast SEO plugin v27.5 - https:\/\/yoast.com\/product\/yoast-seo-wordpress\/ -->\n<title>Opas ja vinkkej\u00e4 nettiurheiluvedonly\u00f6ntiin<\/title>\n<meta name=\"description\" content=\"Aloita vedonly\u00f6nti verkossa jo t\u00e4n\u00e4\u00e4n. K\u00e4y BetOnlinessa ja l\u00f6yd\u00e4 laaja valikoima vedonly\u00f6ntivaihtoehtoja sek\u00e4 nettipokeri ja -kasino, kaikki yhdell\u00e4 sivustolla.\" \/>\n<meta name=\"robots\" content=\"index, follow, max-snippet:-1, max-image-preview:large, max-video-preview:-1\" \/>\n<link rel=\"canonical\" href=\"https:\/\/gambling6.com\/fi\/urheiluvedonlyonti\/urheiluvedonlyontivinkkeja-oppaasi-nettivedonlyontiin\/\" \/>\n<meta property=\"og:locale\" content=\"fi_FI\" \/>\n<meta property=\"og:type\" content=\"article\" \/>\n<meta property=\"og:title\" content=\"Opas ja vinkkej\u00e4 nettiurheiluvedonly\u00f6ntiin\" \/>\n<meta property=\"og:description\" content=\"Aloita vedonly\u00f6nti verkossa jo t\u00e4n\u00e4\u00e4n. K\u00e4y BetOnlinessa ja l\u00f6yd\u00e4 laaja valikoima vedonly\u00f6ntivaihtoehtoja sek\u00e4 nettipokeri ja -kasino, kaikki yhdell\u00e4 sivustolla.\" \/>\n<meta property=\"og:url\" content=\"https:\/\/gambling6.com\/fi\/urheiluvedonlyonti\/urheiluvedonlyontivinkkeja-oppaasi-nettivedonlyontiin\/\" \/>\n<meta property=\"og:site_name\" content=\"Gambling6\" \/>\n<meta property=\"article:modified_time\" content=\"2025-11-12T19:17:08+00:00\" \/>\n<meta property=\"og:image\" content=\"https:\/\/gambling6.com\/wp-content\/uploads\/2022\/04\/soccermoney.jpg\" \/>\n\t<meta property=\"og:image:width\" content=\"424\" \/>\n\t<meta property=\"og:image:height\" content=\"283\" \/>\n\t<meta property=\"og:image:type\" content=\"image\/jpeg\" \/>\n<meta name=\"twitter:card\" content=\"summary_large_image\" \/>\n<meta name=\"twitter:label1\" content=\"Arvioitu lukuaika\" \/>\n\t<meta name=\"twitter:data1\" content=\"2 minuuttia\" \/>\n<script type=\"application\/ld+json\" class=\"yoast-schema-graph\">{\"@context\":\"https:\\\/\\\/schema.org\",\"@graph\":[{\"@type\":\"WebPage\",\"@id\":\"https:\\\/\\\/gambling6.com\\\/fi\\\/urheiluvedonlyonti\\\/urheiluvedonlyontivinkkeja-oppaasi-nettivedonlyontiin\\\/\",\"url\":\"https:\\\/\\\/gambling6.com\\\/fi\\\/urheiluvedonlyonti\\\/urheiluvedonlyontivinkkeja-oppaasi-nettivedonlyontiin\\\/\",\"name\":\"Opas ja vinkkej\u00e4 nettiurheiluvedonly\u00f6ntiin\",\"isPartOf\":{\"@id\":\"https:\\\/\\\/gambling6.com\\\/fi\\\/#website\"},\"primaryImageOfPage\":{\"@id\":\"https:\\\/\\\/gambling6.com\\\/fi\\\/urheiluvedonlyonti\\\/urheiluvedonlyontivinkkeja-oppaasi-nettivedonlyontiin\\\/#primaryimage\"},\"image\":{\"@id\":\"https:\\\/\\\/gambling6.com\\\/fi\\\/urheiluvedonlyonti\\\/urheiluvedonlyontivinkkeja-oppaasi-nettivedonlyontiin\\\/#primaryimage\"},\"thumbnailUrl\":\"https:\\\/\\\/gambling6.com\\\/wp-content\\\/uploads\\\/2022\\\/04\\\/soccermoney-300x200.jpg\",\"datePublished\":\"2025-11-08T14:34:14+00:00\",\"dateModified\":\"2025-11-12T19:17:08+00:00\",\"description\":\"Aloita vedonly\u00f6nti verkossa jo t\u00e4n\u00e4\u00e4n. K\u00e4y BetOnlinessa ja l\u00f6yd\u00e4 laaja valikoima vedonly\u00f6ntivaihtoehtoja sek\u00e4 nettipokeri ja -kasino, kaikki yhdell\u00e4 sivustolla.\",\"breadcrumb\":{\"@id\":\"https:\\\/\\\/gambling6.com\\\/fi\\\/urheiluvedonlyonti\\\/urheiluvedonlyontivinkkeja-oppaasi-nettivedonlyontiin\\\/#breadcrumb\"},\"inLanguage\":\"fi\",\"potentialAction\":[{\"@type\":\"ReadAction\",\"target\":[\"https:\\\/\\\/gambling6.com\\\/fi\\\/urheiluvedonlyonti\\\/urheiluvedonlyontivinkkeja-oppaasi-nettivedonlyontiin\\\/\"]}]},{\"@type\":\"ImageObject\",\"inLanguage\":\"fi\",\"@id\":\"https:\\\/\\\/gambling6.com\\\/fi\\\/urheiluvedonlyonti\\\/urheiluvedonlyontivinkkeja-oppaasi-nettivedonlyontiin\\\/#primaryimage\",\"url\":\"https:\\\/\\\/gambling6.com\\\/wp-content\\\/uploads\\\/2022\\\/04\\\/soccermoney-300x200.jpg\",\"contentUrl\":\"https:\\\/\\\/gambling6.com\\\/wp-content\\\/uploads\\\/2022\\\/04\\\/soccermoney-300x200.jpg\"},{\"@type\":\"BreadcrumbList\",\"@id\":\"https:\\\/\\\/gambling6.com\\\/fi\\\/urheiluvedonlyonti\\\/urheiluvedonlyontivinkkeja-oppaasi-nettivedonlyontiin\\\/#breadcrumb\",\"itemListElement\":[{\"@type\":\"ListItem\",\"position\":1,\"name\":\"Home\",\"item\":\"https:\\\/\\\/gambling6.com\\\/fi\\\/home\\\/\"},{\"@type\":\"ListItem\",\"position\":2,\"name\":\"Urheiluvedonly\u00f6nti\",\"item\":\"https:\\\/\\\/gambling6.com\\\/fi\\\/introduction-to-online-sportsbetting\\\/\"},{\"@type\":\"ListItem\",\"position\":3,\"name\":\"Urheiluvedonly\u00f6ntivinkkej\u00e4 &#8211; Oppaasi nettivedonly\u00f6ntiin\"}]},{\"@type\":\"WebSite\",\"@id\":\"https:\\\/\\\/gambling6.com\\\/fi\\\/#website\",\"url\":\"https:\\\/\\\/gambling6.com\\\/fi\\\/\",\"name\":\"Gambling6\",\"description\":\"\",\"potentialAction\":[{\"@type\":\"SearchAction\",\"target\":{\"@type\":\"EntryPoint\",\"urlTemplate\":\"https:\\\/\\\/gambling6.com\\\/fi\\\/?s={search_term_string}\"},\"query-input\":{\"@type\":\"PropertyValueSpecification\",\"valueRequired\":true,\"valueName\":\"search_term_string\"}}],\"inLanguage\":\"fi\"}]}<\/script>\n<!-- \/ Yoast SEO plugin. -->","yoast_head_json":{"title":"Opas ja vinkkej\u00e4 nettiurheiluvedonly\u00f6ntiin","description":"Aloita vedonly\u00f6nti verkossa jo t\u00e4n\u00e4\u00e4n. K\u00e4y BetOnlinessa ja l\u00f6yd\u00e4 laaja valikoima vedonly\u00f6ntivaihtoehtoja sek\u00e4 nettipokeri ja -kasino, kaikki yhdell\u00e4 sivustolla.","robots":{"index":"index","follow":"follow","max-snippet":"max-snippet:-1","max-image-preview":"max-image-preview:large","max-video-preview":"max-video-preview:-1"},"canonical":"https:\/\/gambling6.com\/fi\/urheiluvedonlyonti\/urheiluvedonlyontivinkkeja-oppaasi-nettivedonlyontiin\/","og_locale":"fi_FI","og_type":"article","og_title":"Opas ja vinkkej\u00e4 nettiurheiluvedonly\u00f6ntiin","og_description":"Aloita vedonly\u00f6nti verkossa jo t\u00e4n\u00e4\u00e4n. K\u00e4y BetOnlinessa ja l\u00f6yd\u00e4 laaja valikoima vedonly\u00f6ntivaihtoehtoja sek\u00e4 nettipokeri ja -kasino, kaikki yhdell\u00e4 sivustolla.","og_url":"https:\/\/gambling6.com\/fi\/urheiluvedonlyonti\/urheiluvedonlyontivinkkeja-oppaasi-nettivedonlyontiin\/","og_site_name":"Gambling6","article_modified_time":"2025-11-12T19:17:08+00:00","og_image":[{"width":424,"height":283,"url":"https:\/\/gambling6.com\/wp-content\/uploads\/2022\/04\/soccermoney.jpg","type":"image\/jpeg"}],"twitter_card":"summary_large_image","twitter_misc":{"Arvioitu lukuaika":"2 minuuttia"},"schema":{"@context":"https:\/\/schema.org","@graph":[{"@type":"WebPage","@id":"https:\/\/gambling6.com\/fi\/urheiluvedonlyonti\/urheiluvedonlyontivinkkeja-oppaasi-nettivedonlyontiin\/","url":"https:\/\/gambling6.com\/fi\/urheiluvedonlyonti\/urheiluvedonlyontivinkkeja-oppaasi-nettivedonlyontiin\/","name":"Opas ja vinkkej\u00e4 nettiurheiluvedonly\u00f6ntiin","isPartOf":{"@id":"https:\/\/gambling6.com\/fi\/#website"},"primaryImageOfPage":{"@id":"https:\/\/gambling6.com\/fi\/urheiluvedonlyonti\/urheiluvedonlyontivinkkeja-oppaasi-nettivedonlyontiin\/#primaryimage"},"image":{"@id":"https:\/\/gambling6.com\/fi\/urheiluvedonlyonti\/urheiluvedonlyontivinkkeja-oppaasi-nettivedonlyontiin\/#primaryimage"},"thumbnailUrl":"https:\/\/gambling6.com\/wp-content\/uploads\/2022\/04\/soccermoney-300x200.jpg","datePublished":"2025-11-08T14:34:14+00:00","dateModified":"2025-11-12T19:17:08+00:00","description":"Aloita vedonly\u00f6nti verkossa jo t\u00e4n\u00e4\u00e4n. K\u00e4y BetOnlinessa ja l\u00f6yd\u00e4 laaja valikoima vedonly\u00f6ntivaihtoehtoja sek\u00e4 nettipokeri ja -kasino, kaikki yhdell\u00e4 sivustolla.","breadcrumb":{"@id":"https:\/\/gambling6.com\/fi\/urheiluvedonlyonti\/urheiluvedonlyontivinkkeja-oppaasi-nettivedonlyontiin\/#breadcrumb"},"inLanguage":"fi","potentialAction":[{"@type":"ReadAction","target":["https:\/\/gambling6.com\/fi\/urheiluvedonlyonti\/urheiluvedonlyontivinkkeja-oppaasi-nettivedonlyontiin\/"]}]},{"@type":"ImageObject","inLanguage":"fi","@id":"https:\/\/gambling6.com\/fi\/urheiluvedonlyonti\/urheiluvedonlyontivinkkeja-oppaasi-nettivedonlyontiin\/#primaryimage","url":"https:\/\/gambling6.com\/wp-content\/uploads\/2022\/04\/soccermoney-300x200.jpg","contentUrl":"https:\/\/gambling6.com\/wp-content\/uploads\/2022\/04\/soccermoney-300x200.jpg"},{"@type":"BreadcrumbList","@id":"https:\/\/gambling6.com\/fi\/urheiluvedonlyonti\/urheiluvedonlyontivinkkeja-oppaasi-nettivedonlyontiin\/#breadcrumb","itemListElement":[{"@type":"ListItem","position":1,"name":"Home","item":"https:\/\/gambling6.com\/fi\/home\/"},{"@type":"ListItem","position":2,"name":"Urheiluvedonly\u00f6nti","item":"https:\/\/gambling6.com\/fi\/introduction-to-online-sportsbetting\/"},{"@type":"ListItem","position":3,"name":"Urheiluvedonly\u00f6ntivinkkej\u00e4 &#8211; Oppaasi nettivedonly\u00f6ntiin"}]},{"@type":"WebSite","@id":"https:\/\/gambling6.com\/fi\/#website","url":"https:\/\/gambling6.com\/fi\/","name":"Gambling6","description":"","potentialAction":[{"@type":"SearchAction","target":{"@type":"EntryPoint","urlTemplate":"https:\/\/gambling6.com\/fi\/?s={search_term_string}"},"query-input":{"@type":"PropertyValueSpecification","valueRequired":true,"valueName":"search_term_string"}}],"inLanguage":"fi"}]}},"_links":{"self":[{"href":"https:\/\/gambling6.com\/fi\/wp-json\/wp\/v2\/pages\/9077","targetHints":{"allow":["GET"]}}],"collection":[{"href":"https:\/\/gambling6.com\/fi\/wp-json\/wp\/v2\/pages"}],"about":[{"href":"https:\/\/gambling6.com\/fi\/wp-json\/wp\/v2\/types\/page"}],"author":[{"embeddable":true,"href":"https:\/\/gambling6.com\/fi\/wp-json\/wp\/v2\/users\/1"}],"replies":[{"embeddable":true,"href":"https:\/\/gambling6.com\/fi\/wp-json\/wp\/v2\/comments?post=9077"}],"version-history":[{"count":2,"href":"https:\/\/gambling6.com\/fi\/wp-json\/wp\/v2\/pages\/9077\/revisions"}],"predecessor-version":[{"id":10804,"href":"https:\/\/gambling6.com\/fi\/wp-json\/wp\/v2\/pages\/9077\/revisions\/10804"}],"up":[{"embeddable":true,"href":"https:\/\/gambling6.com\/fi\/wp-json\/wp\/v2\/pages\/9209"}],"wp:attachment":[{"href":"https:\/\/gambling6.com\/fi\/wp-json\/wp\/v2\/media?parent=9077"}],"curies":[{"name":"wp","href":"https:\/\/api.w.org\/{rel}","templated":true}]}}