{"id":9144,"date":"2025-11-10T10:23:10","date_gmt":"2025-11-10T10:23:10","guid":{"rendered":"https:\/\/gambling6.com\/hanki-powerball-lottoliput-netissa\/"},"modified":"2025-11-15T08:44:40","modified_gmt":"2025-11-15T08:44:40","slug":"hanki-powerball-lottoliput-netissa","status":"publish","type":"page","link":"https:\/\/gambling6.com\/fi\/hanki-powerball-lottoliput-netissa\/","title":{"rendered":"Hanki Powerball-lottoliput netiss\u00e4"},"content":{"rendered":"<h2>Pelaa Powerball-lottoa verkossa.<\/h2>\n<p>Powerball-lotto tunnetaan maailmanlaajuisesti uskomattomista j\u00e4ttipoteistaan. L\u00f6yd\u00e4t s\u00e4\u00e4nn\u00f6llisesti yli 100 miljoonan dollarin j\u00e4ttipotteja. <strong>J\u00e4ttipottien kasvu on eksponentiaalista, koska voit ostaa Powerball-lottolippuja verkosta.<\/strong> Powerballin pelaaminen verkossa on helppoa mukavasti kotoa k\u00e4sin, tarvitset vain tietokoneen ja internetyhteyden.<\/p>\n<h2>Powerball-lippujen ostaminen verkossa, helppoa kuin 1-2-3<\/h2>\n<p>Pelataksesi Powerball-lottoa verkossa sinun on ment\u00e4v\u00e4 yhteisty\u00f6kumppanimme <a class=\"thirstylink\" title=\"Redfoxlotto\" href=\"https:\/\/gambling6.com\/go\/redfoxlotto\/\" target=\"_blank\" rel=\"nofollow noopener\">RedFoxLotto-sivustolle (klikkaa t\u00e4st\u00e4 vieraillaksesi) <\/a>ja luotava tili. Tilin avaaminen on helppoa, ja voit aloittaa Powerball-lotton pelaamisen muutamassa minuutissa. Seuraava vaihe olisi siirty\u00e4 kuponkiosioon, jossa lomakkeella valitaan viisi p\u00e4\u00e4numeroa.<\/p>\n<p>Kun t\u00e4m\u00e4 on tehty, valitaan yksi Powerball-bonusnumero. <strong>Voittaaksesi j\u00e4ttipotin sinun on saatava viisi p\u00e4\u00e4numeroasi ja Powerball-numero oikein arvottuihin palloihin.<\/strong> Ei h\u00e4t\u00e4\u00e4, jos et saa n\u00e4it\u00e4 oikein, voit mahdollisesti osallistua arvontaan, jossa on jokin seitsem\u00e4st\u00e4 muusta palkintotasosta.<\/p>\n<h2>Powerballin nettilippujen myynti kasvaa pilviin<\/h2>\n<p><img loading=\"lazy\" decoding=\"async\" class=\"size-medium wp-image-1533 alignright\" src=\"https:\/\/gambling6.com\/wp-content\/uploads\/2022\/04\/2_ticket_powerball_au2-1-163x300.jpg\" alt=\"Powerball-lippu\" width=\"163\" height=\"300\" srcset=\"https:\/\/gambling6.com\/wp-content\/uploads\/2022\/04\/2_ticket_powerball_au2-1-163x300.jpg 163w, https:\/\/gambling6.com\/wp-content\/uploads\/2022\/04\/2_ticket_powerball_au2-1.jpg 250w\" sizes=\"auto, (max-width: 163px) 100vw, 163px\" \/>Viimeisten kahden vuoden aikana Powerball USA:n lippujen myynti on kasvanut eritt\u00e4in nopeasti ja kaksinkertaistunut vuodesta toiseen t\u00e4n\u00e4 aikana. <strong>J\u00e4ttipottien koko sek\u00e4 lippujen ostamisen helppous verkossa ovat olleet merkitt\u00e4v\u00e4n kasvun taustalla.<\/strong> Jos menneisyys on mink\u00e4\u00e4nlainen osoitus tulevasta myynnist\u00e4, voimme odottaa j\u00e4ttipottien koon kasvavan tulevina vuosina.<\/p>\n<h2>Lottopelien pelaaminen maailmanlaajuisesti kasvaa.<\/h2>\n<p>Lukuun ottamatta Mega Millionsia, joka pit\u00e4\u00e4 hallussaan lottoj\u00e4ttipottien koon enn\u00e4tyst\u00e4, olemme n\u00e4hneet enn\u00e4tykselliset j\u00e4ttipotit useimmissa verkossa pelatuissa lottoissa viimeisen vuoden aikana. Ei ole merkkej\u00e4 siit\u00e4, ett\u00e4 n\u00e4m\u00e4 enn\u00e4tyssuuret j\u00e4ttipotit laskisivat l\u00e4hiaikoina. Itse asiassa voimme odottaa enn\u00e4tysten rikkoutuvan toistuvasti, kun ihmiset t\u00e4ytt\u00e4v\u00e4t tietokoneensa, kun uutiset j\u00e4ttipoteista saavuttavat korkean tason.<\/p>\n<h2>Tarkista Powerball-voittonumerot verkossa.<\/h2>\n<p>Jos ostat lippuja, varmista, ett\u00e4 tarkistat tulokset verkkotietokantaty\u00f6kalulla. Monet voitot j\u00e4\u00e4v\u00e4t vuosittain lunastamatta, koska kuullessaan, ett\u00e4 j\u00e4ttipotteja on voitettu alueella, jolla he eiv\u00e4t asu, tai laitoksessa, josta he eiv\u00e4t ostaneet lippuaan, he heitt\u00e4v\u00e4t lippunsa pois eiv\u00e4tk\u00e4 tarkista, ovatko he voittaneet muilla voittotasoilla.<\/p>\n<p>\u00c4l\u00e4 tee sit\u00e4 virhett\u00e4, ett\u00e4 heit\u00e4t rahaa roskiin tai j\u00e4t\u00e4t sen lojumaan n\u00e4kym\u00e4tt\u00f6m\u00e4sti lompakkoosi. Ansaitset kaikki voittamasi rahat. Pelaa Powerball-lottoa verkossa t\u00e4n\u00e4\u00e4n, niin sinusta voi tulla maailman seuraava multimiljon\u00e4\u00e4ri.<\/p>\n<table style=\"width: 500px;\" border=\"1\" cellspacing=\"5\" cellpadding=\"5\" align=\"center\">\n<tbody>\n<tr>\n<td colspan=\"3\" align=\"center\">Kymmenen suurinta j\u00e4ttipottia vuodelle 2013<\/td>\n<\/tr>\n<tr>\n<td>Arvonta<\/td>\n<td align=\"center\">P\u00e4iv\u00e4m\u00e4\u00e4r\u00e4<\/td>\n<td align=\"center\">P\u00e4\u00e4potti (USD)<\/td>\n<\/tr>\n<tr>\n<td>Powerball &#8211; USA<\/td>\n<td align=\"center\">18. toukokuuta 2013<\/td>\n<td align=\"right\">590 500 000 dollaria<\/td>\n<\/tr>\n<tr>\n<td>Powerball &#8211; USA<\/td>\n<td align=\"center\">7. elokuuta 2013<\/td>\n<td align=\"right\">448 400 000 dollaria<\/td>\n<\/tr>\n<tr>\n<td>Powerball &#8211; Yhdysvallat<\/td>\n<td align=\"center\">18. syyskuuta 2013<\/td>\n<td align=\"right\">399 400 000 dollaria<\/td>\n<\/tr>\n<tr>\n<td>Powerball &#8211; Yhdysvallat<\/td>\n<td align=\"center\">23. maaliskuuta 2013<\/td>\n<td align=\"right\">338 300 000 dollaria<\/td>\n<\/tr>\n<tr>\n<td>Powerball &#8211; Yhdysvallat<\/td>\n<td align=\"center\">6. helmikuuta 2013<\/td>\n<td align=\"right\">217 000 000 dollaria<\/td>\n<\/tr>\n<tr>\n<td>Powerball &#8211; Yhdysvallat<\/td>\n<td align=\"center\">23. lokakuuta 2013<\/td>\n<td align=\"right\">213 400 000 dollaria<\/td>\n<\/tr>\n<tr>\n<td>Powerball &#8211; Yhdysvallat<\/td>\n<td align=\"center\">22. kes\u00e4kuuta 2013<\/td>\n<td align=\"right\">131 500 000 dollaria<\/td>\n<\/tr>\n<tr>\n<td>Powerball &#8211; Yhdysvallat<\/td>\n<td align=\"center\">16. marraskuuta 2013<\/td>\n<td align=\"right\">130 300 000 dollaria<\/td>\n<\/tr>\n<tr>\n<td>Powerball &#8211; Yhdysvallat<\/td>\n<td align=\"center\">11. joulukuuta 2013<\/td>\n<td align=\"right\">122 900 000 dollaria<\/td>\n<\/tr>\n<tr>\n<td>Powerball &#8211; Yhdysvallat<\/td>\n<td align=\"center\">25. joulukuuta 2013<\/td>\n<td align=\"right\">74 000 000 dollaria<\/td>\n<\/tr>\n<\/tbody>\n<\/table>\n<p>&nbsp;<\/p>\n<table style=\"width: 500px;\" border=\"1\" cellspacing=\"5\" cellpadding=\"5\" align=\"center\">\n<tbody>\n<tr>\n<td colspan=\"3\" align=\"center\">Powerball-lotto &#8211; USA:n voittotasot<\/td>\n<\/tr>\n<tr>\n<td>Palkinto<\/td>\n<td align=\"center\">Ottelut<\/td>\n<td align=\"center\">Kertoimet<\/td>\n<\/tr>\n<tr>\n<td>1. (P\u00e4\u00e4potti)<\/td>\n<td align=\"center\">5 + 1<\/td>\n<td align=\"right\">175 223 510 : 1<\/td>\n<\/tr>\n<tr>\n<td>2.<\/td>\n<td align=\"center\">5<\/td>\n<td align=\"right\">5 153 633 : 1<\/td>\n<\/tr>\n<tr>\n<td>3.<\/td>\n<td align=\"center\">4 + 1<\/td>\n<td align=\"right\">648 976 : 1<\/td>\n<\/tr>\n<tr>\n<td>4.<\/td>\n<td align=\"center\">4<\/td>\n<td align=\"right\">19 087 : 1<\/td>\n<\/tr>\n<tr>\n<td>5.<\/td>\n<td align=\"cente\">3 + 1<\/td>\n<td align=\"right\">12 245:1<\/td>\n<\/tr>\n<tr>\n<td>6.<\/td>\n<td align=\"center\">3<\/td>\n<td align=\"right\">360:1<\/td>\n<\/tr>\n<tr>\n<td>7.<\/td>\n<td align=\"center\">2 + 1<\/td>\n<td align=\"right\">706:1<\/td>\n<\/tr>\n<tr>\n<td>8.<\/td>\n<td align=\"center\">1 + 1<\/td>\n<td align=\"right\">111:1<\/td>\n<\/tr>\n<tr>\n<td>9.<\/td>\n<td align=\"center\">0 + 1<\/td>\n<td align=\"right\">55: 1<\/td>\n<\/tr>\n<\/tbody>\n<\/table>\n","protected":false},"excerpt":{"rendered":"<p>Pelaa Powerball-lottoa verkossa. Powerball-lotto tunnetaan maailmanlaajuisesti uskomattomista j\u00e4ttipoteistaan. L\u00f6yd\u00e4t s\u00e4\u00e4nn\u00f6llisesti yli 100 miljoonan dollarin j\u00e4ttipotteja. J\u00e4ttipottien kasvu on eksponentiaalista, koska voit ostaa Powerball-lottolippuja verkosta. Powerballin pelaaminen verkossa on helppoa mukavasti kotoa k\u00e4sin, tarvitset vain tietokoneen ja internetyhteyden. Powerball-lippujen ostaminen verkossa, helppoa kuin 1-2-3 Pelataksesi Powerball-lottoa verkossa sinun on ment\u00e4v\u00e4 yhteisty\u00f6kumppanimme RedFoxLotto-sivustolle (klikkaa t\u00e4st\u00e4 vieraillaksesi) ja [&hellip;]<\/p>\n","protected":false},"author":1,"featured_media":0,"parent":0,"menu_order":4,"comment_status":"closed","ping_status":"closed","template":"","meta":{"footnotes":""},"class_list":["post-9144","page","type-page","status-publish","hentry"],"yoast_head":"<!-- This site is optimized with the Yoast SEO plugin v27.3 - https:\/\/yoast.com\/product\/yoast-seo-wordpress\/ -->\n<title>Osta Powerball-lottoarpoja netist\u00e4<\/title>\n<meta name=\"description\" content=\"Hanki lippusi netist\u00e4 jo t\u00e4n\u00e4\u00e4n Powerball-lottoon Yhdysvalloissa.\" \/>\n<meta name=\"robots\" content=\"index, follow, max-snippet:-1, max-image-preview:large, max-video-preview:-1\" \/>\n<link rel=\"canonical\" href=\"https:\/\/gambling6.com\/fi\/hanki-powerball-lottoliput-netissa\/\" \/>\n<meta property=\"og:locale\" content=\"fi_FI\" \/>\n<meta property=\"og:type\" content=\"article\" \/>\n<meta property=\"og:title\" content=\"Osta Powerball-lottoarpoja netist\u00e4\" \/>\n<meta property=\"og:description\" content=\"Hanki lippusi netist\u00e4 jo t\u00e4n\u00e4\u00e4n Powerball-lottoon Yhdysvalloissa.\" \/>\n<meta property=\"og:url\" content=\"https:\/\/gambling6.com\/fi\/hanki-powerball-lottoliput-netissa\/\" \/>\n<meta property=\"og:site_name\" content=\"Gambling6\" \/>\n<meta property=\"article:modified_time\" content=\"2025-11-15T08:44:40+00:00\" \/>\n<meta property=\"og:image\" content=\"https:\/\/gambling6.com\/wp-content\/uploads\/2022\/04\/2_ticket_powerball_au2-1.jpg\" \/>\n\t<meta property=\"og:image:width\" content=\"250\" \/>\n\t<meta property=\"og:image:height\" content=\"460\" \/>\n\t<meta property=\"og:image:type\" content=\"image\/jpeg\" \/>\n<meta name=\"twitter:card\" content=\"summary_large_image\" \/>\n<meta name=\"twitter:label1\" content=\"Arvioitu lukuaika\" \/>\n\t<meta name=\"twitter:data1\" content=\"2 minuuttia\" \/>\n<script type=\"application\/ld+json\" class=\"yoast-schema-graph\">{\"@context\":\"https:\\\/\\\/schema.org\",\"@graph\":[{\"@type\":\"WebPage\",\"@id\":\"https:\\\/\\\/gambling6.com\\\/fi\\\/hanki-powerball-lottoliput-netissa\\\/\",\"url\":\"https:\\\/\\\/gambling6.com\\\/fi\\\/hanki-powerball-lottoliput-netissa\\\/\",\"name\":\"Osta Powerball-lottoarpoja netist\u00e4\",\"isPartOf\":{\"@id\":\"https:\\\/\\\/gambling6.com\\\/fi\\\/#website\"},\"primaryImageOfPage\":{\"@id\":\"https:\\\/\\\/gambling6.com\\\/fi\\\/hanki-powerball-lottoliput-netissa\\\/#primaryimage\"},\"image\":{\"@id\":\"https:\\\/\\\/gambling6.com\\\/fi\\\/hanki-powerball-lottoliput-netissa\\\/#primaryimage\"},\"thumbnailUrl\":\"https:\\\/\\\/gambling6.com\\\/wp-content\\\/uploads\\\/2022\\\/04\\\/2_ticket_powerball_au2-1-163x300.jpg\",\"datePublished\":\"2025-11-10T10:23:10+00:00\",\"dateModified\":\"2025-11-15T08:44:40+00:00\",\"description\":\"Hanki lippusi netist\u00e4 jo t\u00e4n\u00e4\u00e4n Powerball-lottoon Yhdysvalloissa.\",\"breadcrumb\":{\"@id\":\"https:\\\/\\\/gambling6.com\\\/fi\\\/hanki-powerball-lottoliput-netissa\\\/#breadcrumb\"},\"inLanguage\":\"fi\",\"potentialAction\":[{\"@type\":\"ReadAction\",\"target\":[\"https:\\\/\\\/gambling6.com\\\/fi\\\/hanki-powerball-lottoliput-netissa\\\/\"]}]},{\"@type\":\"ImageObject\",\"inLanguage\":\"fi\",\"@id\":\"https:\\\/\\\/gambling6.com\\\/fi\\\/hanki-powerball-lottoliput-netissa\\\/#primaryimage\",\"url\":\"https:\\\/\\\/gambling6.com\\\/wp-content\\\/uploads\\\/2022\\\/04\\\/2_ticket_powerball_au2-1-163x300.jpg\",\"contentUrl\":\"https:\\\/\\\/gambling6.com\\\/wp-content\\\/uploads\\\/2022\\\/04\\\/2_ticket_powerball_au2-1-163x300.jpg\"},{\"@type\":\"BreadcrumbList\",\"@id\":\"https:\\\/\\\/gambling6.com\\\/fi\\\/hanki-powerball-lottoliput-netissa\\\/#breadcrumb\",\"itemListElement\":[{\"@type\":\"ListItem\",\"position\":1,\"name\":\"Home\",\"item\":\"https:\\\/\\\/gambling6.com\\\/fi\\\/home\\\/\"},{\"@type\":\"ListItem\",\"position\":2,\"name\":\"Hanki Powerball-lottoliput netiss\u00e4\"}]},{\"@type\":\"WebSite\",\"@id\":\"https:\\\/\\\/gambling6.com\\\/fi\\\/#website\",\"url\":\"https:\\\/\\\/gambling6.com\\\/fi\\\/\",\"name\":\"Gambling6\",\"description\":\"\",\"potentialAction\":[{\"@type\":\"SearchAction\",\"target\":{\"@type\":\"EntryPoint\",\"urlTemplate\":\"https:\\\/\\\/gambling6.com\\\/fi\\\/?s={search_term_string}\"},\"query-input\":{\"@type\":\"PropertyValueSpecification\",\"valueRequired\":true,\"valueName\":\"search_term_string\"}}],\"inLanguage\":\"fi\"}]}<\/script>\n<!-- \/ Yoast SEO plugin. -->","yoast_head_json":{"title":"Osta Powerball-lottoarpoja netist\u00e4","description":"Hanki lippusi netist\u00e4 jo t\u00e4n\u00e4\u00e4n Powerball-lottoon Yhdysvalloissa.","robots":{"index":"index","follow":"follow","max-snippet":"max-snippet:-1","max-image-preview":"max-image-preview:large","max-video-preview":"max-video-preview:-1"},"canonical":"https:\/\/gambling6.com\/fi\/hanki-powerball-lottoliput-netissa\/","og_locale":"fi_FI","og_type":"article","og_title":"Osta Powerball-lottoarpoja netist\u00e4","og_description":"Hanki lippusi netist\u00e4 jo t\u00e4n\u00e4\u00e4n Powerball-lottoon Yhdysvalloissa.","og_url":"https:\/\/gambling6.com\/fi\/hanki-powerball-lottoliput-netissa\/","og_site_name":"Gambling6","article_modified_time":"2025-11-15T08:44:40+00:00","og_image":[{"width":250,"height":460,"url":"https:\/\/gambling6.com\/wp-content\/uploads\/2022\/04\/2_ticket_powerball_au2-1.jpg","type":"image\/jpeg"}],"twitter_card":"summary_large_image","twitter_misc":{"Arvioitu lukuaika":"2 minuuttia"},"schema":{"@context":"https:\/\/schema.org","@graph":[{"@type":"WebPage","@id":"https:\/\/gambling6.com\/fi\/hanki-powerball-lottoliput-netissa\/","url":"https:\/\/gambling6.com\/fi\/hanki-powerball-lottoliput-netissa\/","name":"Osta Powerball-lottoarpoja netist\u00e4","isPartOf":{"@id":"https:\/\/gambling6.com\/fi\/#website"},"primaryImageOfPage":{"@id":"https:\/\/gambling6.com\/fi\/hanki-powerball-lottoliput-netissa\/#primaryimage"},"image":{"@id":"https:\/\/gambling6.com\/fi\/hanki-powerball-lottoliput-netissa\/#primaryimage"},"thumbnailUrl":"https:\/\/gambling6.com\/wp-content\/uploads\/2022\/04\/2_ticket_powerball_au2-1-163x300.jpg","datePublished":"2025-11-10T10:23:10+00:00","dateModified":"2025-11-15T08:44:40+00:00","description":"Hanki lippusi netist\u00e4 jo t\u00e4n\u00e4\u00e4n Powerball-lottoon Yhdysvalloissa.","breadcrumb":{"@id":"https:\/\/gambling6.com\/fi\/hanki-powerball-lottoliput-netissa\/#breadcrumb"},"inLanguage":"fi","potentialAction":[{"@type":"ReadAction","target":["https:\/\/gambling6.com\/fi\/hanki-powerball-lottoliput-netissa\/"]}]},{"@type":"ImageObject","inLanguage":"fi","@id":"https:\/\/gambling6.com\/fi\/hanki-powerball-lottoliput-netissa\/#primaryimage","url":"https:\/\/gambling6.com\/wp-content\/uploads\/2022\/04\/2_ticket_powerball_au2-1-163x300.jpg","contentUrl":"https:\/\/gambling6.com\/wp-content\/uploads\/2022\/04\/2_ticket_powerball_au2-1-163x300.jpg"},{"@type":"BreadcrumbList","@id":"https:\/\/gambling6.com\/fi\/hanki-powerball-lottoliput-netissa\/#breadcrumb","itemListElement":[{"@type":"ListItem","position":1,"name":"Home","item":"https:\/\/gambling6.com\/fi\/home\/"},{"@type":"ListItem","position":2,"name":"Hanki Powerball-lottoliput netiss\u00e4"}]},{"@type":"WebSite","@id":"https:\/\/gambling6.com\/fi\/#website","url":"https:\/\/gambling6.com\/fi\/","name":"Gambling6","description":"","potentialAction":[{"@type":"SearchAction","target":{"@type":"EntryPoint","urlTemplate":"https:\/\/gambling6.com\/fi\/?s={search_term_string}"},"query-input":{"@type":"PropertyValueSpecification","valueRequired":true,"valueName":"search_term_string"}}],"inLanguage":"fi"}]}},"_links":{"self":[{"href":"https:\/\/gambling6.com\/fi\/wp-json\/wp\/v2\/pages\/9144","targetHints":{"allow":["GET"]}}],"collection":[{"href":"https:\/\/gambling6.com\/fi\/wp-json\/wp\/v2\/pages"}],"about":[{"href":"https:\/\/gambling6.com\/fi\/wp-json\/wp\/v2\/types\/page"}],"author":[{"embeddable":true,"href":"https:\/\/gambling6.com\/fi\/wp-json\/wp\/v2\/users\/1"}],"replies":[{"embeddable":true,"href":"https:\/\/gambling6.com\/fi\/wp-json\/wp\/v2\/comments?post=9144"}],"version-history":[{"count":2,"href":"https:\/\/gambling6.com\/fi\/wp-json\/wp\/v2\/pages\/9144\/revisions"}],"predecessor-version":[{"id":10847,"href":"https:\/\/gambling6.com\/fi\/wp-json\/wp\/v2\/pages\/9144\/revisions\/10847"}],"wp:attachment":[{"href":"https:\/\/gambling6.com\/fi\/wp-json\/wp\/v2\/media?parent=9144"}],"curies":[{"name":"wp","href":"https:\/\/api.w.org\/{rel}","templated":true}]}}