{"id":9209,"date":"2025-11-10T11:30:44","date_gmt":"2025-11-10T11:30:44","guid":{"rendered":"https:\/\/gambling6.com\/urheiluvedonlyonti\/"},"modified":"2025-11-12T10:16:10","modified_gmt":"2025-11-12T10:16:10","slug":"urheiluvedonlyonti","status":"publish","type":"page","link":"https:\/\/gambling6.com\/fi\/urheiluvedonlyonti\/","title":{"rendered":"Urheiluvedonly\u00f6nti"},"content":{"rendered":"<h2>Urheiluvedonly\u00f6nnin perusteet<\/h2>\n<p>Urheiluvedonly\u00f6nti, termi, joka syntyy yksinkertaisesti yhdist\u00e4m\u00e4ll\u00e4 kuvaavia sanoja, on ammatti- ja amat\u00f6\u00f6riurheilun tulosten ennustamista ja tuloksesta ly\u00f6ty\u00e4 vetoa. <strong>Urheiluvedonly\u00f6nti on termi, jota k\u00e4ytet\u00e4\u00e4n kuvaamaan paikkaa, jossa osallistutaan urheiluvedonly\u00f6ntiin.<\/strong> Yleisesti ottaen Yhdysvalloissa toiminta ei ole laillista. Pohjimmiltaan vain nelj\u00e4 viidest\u00e4kymmenest\u00e4 Yhdysvaltain osavaltiosta on tunnustettu 100 % lailliseksi. Sitten tuli internet.<\/p>\n<h2>Miljoonat osallistuvat urheiluvedonly\u00f6ntiin p\u00e4ivitt\u00e4in<\/h2>\n<p>P\u00e4ivitt\u00e4in miljoonat ihmiset parveilevat tuhansilla verkkosivustoilla ly\u00f6d\u00e4kseen vetoa mist\u00e4 tahansa urheilulajista. T\u00e4m\u00e4 <strong>johdanto online-urheiluvedonly\u00f6ntiin osoittaa kuitenkin, ett\u00e4 kyse on muustakin kuin vain tasoituksen tuntemisesta ja vedon asettamisesta joukkueelle, jonka haluat voittaa. Vedonly\u00f6nti voi paitsi tehd\u00e4 pelist\u00e4 mielenkiintoisemman katsottavan, my\u00f6s urheiluvedonly\u00f6nnin taito voi oikein tehtyn\u00e4 tuoda paljon rahaa. Jos t\u00e4m\u00e4 on uusi kokemus urheiluvedonly\u00f6nniss\u00e4 kokemattomalle, sinun on tunnettava urheiluvedonly\u00f6nnin perusteet ja periaatteet, jos haluat olla h\u00e4mmentynyt, kun peli alkaa.<\/strong><\/p>\n<h2>Nettiurheiluvedonly\u00f6nnin terminologia<\/h2>\n<p>Ensinn\u00e4kin<strong>sinun on tutustuttava joihinkin urheiluvedonly\u00f6nniss\u00e4 k\u00e4ytettyihin termeihin<\/strong>. &#8221;<a href=\"http:\/\/en.wikipedia.org\/wiki\/Handicapping\" target=\"_blank\" rel=\"noopener\">Handicap<\/a>&#8221; on ensimm\u00e4inen termi, jonka esittelen; se tarkoittaa yhden joukkueen tai henkil\u00f6n etuly\u00f6ntiaseman antamista toiseen n\u00e4hden pident\u00e4m\u00e4ll\u00e4 toisen ly\u00f6ntej\u00e4, maaleja, touchdowneja tai yksinkertaisesti pisteit\u00e4, jotta vastustajalla olisi paremmat mahdollisuudet tasoittaa pelins\u00e4 taso. Oletetaan esimerkiksi, ett\u00e4 aion pelata koripalloa Michael Jordanin kanssa kaksin, ja ensimm\u00e4inen 21 pistett\u00e4 saava voittaja on. Min\u00e4 saatan saada 18 pisteen edun, mik\u00e4 tarkoittaisi, ett\u00e4 h\u00e4nell\u00e4 on 18 pisteen tasoitus. H\u00e4nen on saatava 21 pistett\u00e4 ennen kuin min\u00e4 saan 3 pistett\u00e4 voittaakseen. On monia esimerkkej\u00e4 tasoituksista tai &#8221;pistehajoista&#8221;, kuten niit\u00e4 voidaan my\u00f6s kutsua. T\u00e4m\u00e4n periaatteen ymm\u00e4rt\u00e4minen on yksi avaimista hyvien vetojen ymm\u00e4rt\u00e4miseen nettivedonly\u00f6nniss\u00e4.<\/p>\n<h2>Tunne nettivedonly\u00f6ntitoimistosi<\/h2>\n<p><strong>Urheiluvedonly\u00f6nti\u00e4, olipa se sitten netiss\u00e4 tai liven\u00e4, tehd\u00e4\u00e4n yleens\u00e4 niin sanotussa &#8221;vedonly\u00f6ntitoimistossa&#8221;.<\/strong> &#8221;Vedonv\u00e4litt\u00e4j\u00e4&#8221; on laitos, joka hyv\u00e4ksyy vetoja, ja vedonv\u00e4litt\u00e4j\u00e4 on henkil\u00f6, joka yleens\u00e4 m\u00e4\u00e4ritt\u00e4\u00e4 hajonnan tietylle laitokselle. &#8221;Hajonnan&#8221; m\u00e4\u00e4ritt\u00e4misprosessi verrattuna &#8221;tasarahavetoon&#8221; (1:1-kertoimen veto) voi olla hyvin monimutkainen ja voi vaihdella vedonly\u00f6ntitoimistosta toiseen.<\/p>\n<h2>Betonline Sportsbook &#8211; hyv\u00e4ksyy yhdysvaltalaiset urheilufanit<\/h2>\n<p>Kun olet valmis urheiluvedonly\u00f6ntiin, sinun on l\u00f6ydett\u00e4v\u00e4 hyv\u00e4maineinen nettikasino tai urheiluvedonly\u00f6ntisivusto, jotta voit asettaa vetosi. <a class=\"thirstylink\" title=\"Betonline casino en\" href=\"https:\/\/gambling6.com\/go\/betonline-casino-en\/\" target=\"_blank\" rel=\"nofollow noopener\">Voit tutustua Betonline sportsbookiin<\/a>, he ovat tunnettu nettikasino, jolla on maine uskomattomasta turvallisuudesta. He tarjoavat monia erilaisia \u200b\u200btalletus- ja kotiutustapoja, ja sinun pit\u00e4isi pysty\u00e4 l\u00f6yt\u00e4m\u00e4\u00e4n tapa k\u00e4sitell\u00e4 heit\u00e4 omiin tarpeisiisi sopivaksi.<\/p>\n<p>Toinen loistava vaihtoehto on 888 Casino &#8211; heid\u00e4n urheiluvedonly\u00f6ntiosionsa on yksi parhaista. Sen lis\u00e4ksi heill\u00e4 on my\u00f6s loistava pokerihuone, ehdottomasti parhaat kasinopelit ja jopa bingo ja raaputusarvat.<\/p>\n<p>888:n ainoa haittapuoli on, ett\u00e4 he eiv\u00e4t hyv\u00e4ksy asiakkaita Yhdysvalloista. Mutta jos asut toisessa maassa, sinun kannattaa <a class=\"thirstylink\" title=\"888 casino en\" href=\"https:\/\/gambling6.com\/go\/888-casino-en\/\" target=\"_blank\" rel=\"nofollow noopener\">ehdottomasti vierailla 888 Casinon verkkosivustolla \u2013 seuraa vain t\u00e4t\u00e4 linkki\u00e4.<\/a><\/p>\n<p>Kokeile vesi\u00e4, mutta sinulla on paljon opittavaa urheiluvedonly\u00f6nnist\u00e4 verkossa. P\u00e4ivit\u00e4mme t\u00e4t\u00e4 sivustoa jatkuvasti, jotta voit oppia kertoimista ja tekij\u00f6ist\u00e4, jotka vaikuttavat tiettyjen tapahtumien tuloksiin.<strong> Jos haluat tulla urheiluvedonly\u00f6nnin asiantuntijaksi<\/strong>, olet tullut oikeaan paikkaan. Istu alas, asetu mukavasti ja odota innolla hauskanpitoa verkkourheiluvedonly\u00f6nnin parissa.<\/p>\n","protected":false},"excerpt":{"rendered":"<p>Urheiluvedonly\u00f6nnin perusteet Urheiluvedonly\u00f6nti, termi, joka syntyy yksinkertaisesti yhdist\u00e4m\u00e4ll\u00e4 kuvaavia sanoja, on ammatti- ja amat\u00f6\u00f6riurheilun tulosten ennustamista ja tuloksesta ly\u00f6ty\u00e4 vetoa. Urheiluvedonly\u00f6nti on termi, jota k\u00e4ytet\u00e4\u00e4n kuvaamaan paikkaa, jossa osallistutaan urheiluvedonly\u00f6ntiin. Yleisesti ottaen Yhdysvalloissa toiminta ei ole laillista. Pohjimmiltaan vain nelj\u00e4 viidest\u00e4kymmenest\u00e4 Yhdysvaltain osavaltiosta on tunnustettu 100 % lailliseksi. Sitten tuli internet. Miljoonat osallistuvat urheiluvedonly\u00f6ntiin p\u00e4ivitt\u00e4in [&hellip;]<\/p>\n","protected":false},"author":1,"featured_media":0,"parent":0,"menu_order":4,"comment_status":"closed","ping_status":"closed","template":"","meta":{"footnotes":""},"class_list":["post-9209","page","type-page","status-publish","hentry"],"yoast_head":"<!-- This site is optimized with the Yoast SEO plugin v27.4 - https:\/\/yoast.com\/product\/yoast-seo-wordpress\/ -->\n<title>Johdatus nettiurheiluvedonly\u00f6ntiin<\/title>\n<meta name=\"description\" content=\"Tutustu nettiurheiluvedonly\u00f6nniss\u00e4 k\u00e4ytettyihin terminologioihin.\" \/>\n<meta name=\"robots\" content=\"index, follow, max-snippet:-1, max-image-preview:large, max-video-preview:-1\" \/>\n<link rel=\"canonical\" href=\"https:\/\/gambling6.com\/fi\/urheiluvedonlyonti\/\" \/>\n<meta property=\"og:locale\" content=\"fi_FI\" \/>\n<meta property=\"og:type\" content=\"article\" \/>\n<meta property=\"og:title\" content=\"Johdatus nettiurheiluvedonly\u00f6ntiin\" \/>\n<meta property=\"og:description\" content=\"Tutustu nettiurheiluvedonly\u00f6nniss\u00e4 k\u00e4ytettyihin terminologioihin.\" \/>\n<meta property=\"og:url\" content=\"https:\/\/gambling6.com\/fi\/urheiluvedonlyonti\/\" \/>\n<meta property=\"og:site_name\" content=\"Gambling6\" \/>\n<meta property=\"article:modified_time\" content=\"2025-11-12T10:16:10+00:00\" \/>\n<meta name=\"twitter:card\" content=\"summary_large_image\" \/>\n<meta name=\"twitter:label1\" content=\"Arvioitu lukuaika\" \/>\n\t<meta name=\"twitter:data1\" content=\"2 minuuttia\" \/>\n<script type=\"application\/ld+json\" class=\"yoast-schema-graph\">{\"@context\":\"https:\\\/\\\/schema.org\",\"@graph\":[{\"@type\":\"WebPage\",\"@id\":\"https:\\\/\\\/gambling6.com\\\/fi\\\/urheiluvedonlyonti\\\/\",\"url\":\"https:\\\/\\\/gambling6.com\\\/fi\\\/urheiluvedonlyonti\\\/\",\"name\":\"Johdatus nettiurheiluvedonly\u00f6ntiin\",\"isPartOf\":{\"@id\":\"https:\\\/\\\/gambling6.com\\\/fi\\\/#website\"},\"datePublished\":\"2025-11-10T11:30:44+00:00\",\"dateModified\":\"2025-11-12T10:16:10+00:00\",\"description\":\"Tutustu nettiurheiluvedonly\u00f6nniss\u00e4 k\u00e4ytettyihin terminologioihin.\",\"breadcrumb\":{\"@id\":\"https:\\\/\\\/gambling6.com\\\/fi\\\/urheiluvedonlyonti\\\/#breadcrumb\"},\"inLanguage\":\"fi\",\"potentialAction\":[{\"@type\":\"ReadAction\",\"target\":[\"https:\\\/\\\/gambling6.com\\\/fi\\\/urheiluvedonlyonti\\\/\"]}]},{\"@type\":\"BreadcrumbList\",\"@id\":\"https:\\\/\\\/gambling6.com\\\/fi\\\/urheiluvedonlyonti\\\/#breadcrumb\",\"itemListElement\":[{\"@type\":\"ListItem\",\"position\":1,\"name\":\"Home\",\"item\":\"https:\\\/\\\/gambling6.com\\\/fi\\\/home\\\/\"},{\"@type\":\"ListItem\",\"position\":2,\"name\":\"Urheiluvedonly\u00f6nti\"}]},{\"@type\":\"WebSite\",\"@id\":\"https:\\\/\\\/gambling6.com\\\/fi\\\/#website\",\"url\":\"https:\\\/\\\/gambling6.com\\\/fi\\\/\",\"name\":\"Gambling6\",\"description\":\"\",\"potentialAction\":[{\"@type\":\"SearchAction\",\"target\":{\"@type\":\"EntryPoint\",\"urlTemplate\":\"https:\\\/\\\/gambling6.com\\\/fi\\\/?s={search_term_string}\"},\"query-input\":{\"@type\":\"PropertyValueSpecification\",\"valueRequired\":true,\"valueName\":\"search_term_string\"}}],\"inLanguage\":\"fi\"}]}<\/script>\n<!-- \/ Yoast SEO plugin. -->","yoast_head_json":{"title":"Johdatus nettiurheiluvedonly\u00f6ntiin","description":"Tutustu nettiurheiluvedonly\u00f6nniss\u00e4 k\u00e4ytettyihin terminologioihin.","robots":{"index":"index","follow":"follow","max-snippet":"max-snippet:-1","max-image-preview":"max-image-preview:large","max-video-preview":"max-video-preview:-1"},"canonical":"https:\/\/gambling6.com\/fi\/urheiluvedonlyonti\/","og_locale":"fi_FI","og_type":"article","og_title":"Johdatus nettiurheiluvedonly\u00f6ntiin","og_description":"Tutustu nettiurheiluvedonly\u00f6nniss\u00e4 k\u00e4ytettyihin terminologioihin.","og_url":"https:\/\/gambling6.com\/fi\/urheiluvedonlyonti\/","og_site_name":"Gambling6","article_modified_time":"2025-11-12T10:16:10+00:00","twitter_card":"summary_large_image","twitter_misc":{"Arvioitu lukuaika":"2 minuuttia"},"schema":{"@context":"https:\/\/schema.org","@graph":[{"@type":"WebPage","@id":"https:\/\/gambling6.com\/fi\/urheiluvedonlyonti\/","url":"https:\/\/gambling6.com\/fi\/urheiluvedonlyonti\/","name":"Johdatus nettiurheiluvedonly\u00f6ntiin","isPartOf":{"@id":"https:\/\/gambling6.com\/fi\/#website"},"datePublished":"2025-11-10T11:30:44+00:00","dateModified":"2025-11-12T10:16:10+00:00","description":"Tutustu nettiurheiluvedonly\u00f6nniss\u00e4 k\u00e4ytettyihin terminologioihin.","breadcrumb":{"@id":"https:\/\/gambling6.com\/fi\/urheiluvedonlyonti\/#breadcrumb"},"inLanguage":"fi","potentialAction":[{"@type":"ReadAction","target":["https:\/\/gambling6.com\/fi\/urheiluvedonlyonti\/"]}]},{"@type":"BreadcrumbList","@id":"https:\/\/gambling6.com\/fi\/urheiluvedonlyonti\/#breadcrumb","itemListElement":[{"@type":"ListItem","position":1,"name":"Home","item":"https:\/\/gambling6.com\/fi\/home\/"},{"@type":"ListItem","position":2,"name":"Urheiluvedonly\u00f6nti"}]},{"@type":"WebSite","@id":"https:\/\/gambling6.com\/fi\/#website","url":"https:\/\/gambling6.com\/fi\/","name":"Gambling6","description":"","potentialAction":[{"@type":"SearchAction","target":{"@type":"EntryPoint","urlTemplate":"https:\/\/gambling6.com\/fi\/?s={search_term_string}"},"query-input":{"@type":"PropertyValueSpecification","valueRequired":true,"valueName":"search_term_string"}}],"inLanguage":"fi"}]}},"_links":{"self":[{"href":"https:\/\/gambling6.com\/fi\/wp-json\/wp\/v2\/pages\/9209","targetHints":{"allow":["GET"]}}],"collection":[{"href":"https:\/\/gambling6.com\/fi\/wp-json\/wp\/v2\/pages"}],"about":[{"href":"https:\/\/gambling6.com\/fi\/wp-json\/wp\/v2\/types\/page"}],"author":[{"embeddable":true,"href":"https:\/\/gambling6.com\/fi\/wp-json\/wp\/v2\/users\/1"}],"replies":[{"embeddable":true,"href":"https:\/\/gambling6.com\/fi\/wp-json\/wp\/v2\/comments?post=9209"}],"version-history":[{"count":1,"href":"https:\/\/gambling6.com\/fi\/wp-json\/wp\/v2\/pages\/9209\/revisions"}],"predecessor-version":[{"id":10525,"href":"https:\/\/gambling6.com\/fi\/wp-json\/wp\/v2\/pages\/9209\/revisions\/10525"}],"wp:attachment":[{"href":"https:\/\/gambling6.com\/fi\/wp-json\/wp\/v2\/media?parent=9209"}],"curies":[{"name":"wp","href":"https:\/\/api.w.org\/{rel}","templated":true}]}}