{"id":9280,"date":"2025-11-10T13:05:30","date_gmt":"2025-11-10T13:05:30","guid":{"rendered":"https:\/\/gambling6.com\/arpajaiset\/"},"modified":"2025-11-12T18:29:31","modified_gmt":"2025-11-12T18:29:31","slug":"arpajaiset","status":"publish","type":"page","link":"https:\/\/gambling6.com\/fi\/arpajaiset\/","title":{"rendered":"Arpajaiset"},"content":{"rendered":"<h2>Lotto kansainv\u00e4listyy ja verkkoon.<\/h2>\n<p>Vaikka lottoa pidet\u00e4\u00e4n loistavana viihteen muotona, kansainv\u00e4listen arpajaisten ostamisesta on tullut my\u00f6s iso bisnes. Uhkapelaaminen on yleisesti ottaen r\u00e4j\u00e4ht\u00e4nyt osittain pokerin saaman erinomaisen median\u00e4kyvyyden ansiosta, ja internetin on katsottu tuoneen lis\u00e4menestyst\u00e4. <strong>Kansainv\u00e4listen arpajaisten pelaaminen ja arpajaisten ostaminen verkosta on kiihdytt\u00e4nyt j\u00e4ttipottien kasvua,<\/strong> ja monet ihmiset tekev\u00e4t nyt RedFoxLoton pelaamisesta osan tulonl\u00e4hteist\u00e4\u00e4n.<\/p>\n<h2>Internet tekee arpajaisten ostamisesta helppoa.<\/h2>\n<p>Internet on muuttanut el\u00e4m\u00e4\u00e4mme monella tapaa; se on ehdottomasti tehnyt maailmasta paljon pienemm\u00e4n paikan. Satoja arpajaisia \u200b\u200bpelataan p\u00e4ivitt\u00e4in monissa maissa ymp\u00e4ri maailmaa. Useimmat kansalliset arvonnat, mukaan lukien ne, joissa on suurempia j\u00e4ttipotteja, on tehty lottokuponkien ostajien saataville kansainv\u00e4lisesti. <strong>Suuret maailmanlaajuiset lottot, kuten Mega Millions Yhdysvalloissa ja Powerball sek\u00e4 Yhdysvalloissa ett\u00e4 Australiassa, mahdollistavat lippujen ostamisen verkossa yhteisty\u00f6kumppanimme RedFoxLotton kautta.<\/strong><img loading=\"lazy\" decoding=\"async\" class=\" alignright size-full wp-image-437\" style=\"margin: 10px; border: 5px none #ffffff; float: right;\" src=\"http:\/\/gambling6.com\/wp-content\/uploads\/2013\/12\/International-Community-150x150.jpg\" alt=\"kansainv\u00e4liset lotot verkossa\" width=\"150\" height=\"150\" \/><\/p>\n<h2>Osta lottokuponkeja 24\/7<\/h2>\n<p>Nykyp\u00e4iv\u00e4n teknologisessa maailmassa voimme ostaa lippuja moniin kansainv\u00e4lisiin lottoihin 24 tuntia vuorokaudessa, 365 p\u00e4iv\u00e4\u00e4 viikossa. Internetin avulla voimme ostaa n\u00e4it\u00e4 lippuja menem\u00e4tt\u00e4 lottokauppoihin tai jonottamatta. Voimme k\u00e4ytt\u00e4\u00e4 aikaa numeroidesi valitsemiseen ja k\u00e4ytt\u00e4\u00e4 siihen k\u00e4ytett\u00e4viss\u00e4si olevia erilaisia \u200b\u200bty\u00f6kaluja. Kansainv\u00e4listen arpajaisten pelaamisen helppous on nostanut j\u00e4ttipotit ja monitasoiset voitot enn\u00e4tystasolle. Voittotasot ovat saaneet monet perustamaan yrityksen pelaamalla RedFoxLottoa verkossa.<\/p>\n<h2>Arpajaislippujen ostaminen verkossa on turvallista.<\/h2>\n<p>Kumppanimme RedFoxLotton avulla kansainv\u00e4listen arpajaisten lippujen ostaminen on turvallista ja helppoa. Ensin sinun on avattava tili. Tili\u00e4 avatessasi sinua pyydet\u00e4\u00e4n antamaan henkil\u00f6tietoja. Varmista, ett\u00e4 annat tilillesi ajantasaiset ja oikeat tiedot, jotta voimme vahvistaa henkil\u00f6llisyytesi, kun voitat suuren j\u00e4ttipotin. Antamasi ja l\u00e4hett\u00e4m\u00e4si tiedot on suojattu 256-bittisell\u00e4 salauksella, ja Safe Harbor -hosting varmistaa, ett\u00e4 ne pysyv\u00e4t yksityisin\u00e4 ja niit\u00e4 k\u00e4ytet\u00e4\u00e4n vain verkkosivustolla kuvattuihin tarkoituksiin.<\/p>\n<h2>Verkkopankkimenetelm\u00e4t RedFoxLotto-voittoon<\/h2>\n<p>Voit k\u00e4ytt\u00e4\u00e4 kortteja, kuten Visa, MasterCard ja Visa debit, lippujen ostamiseen. Saatavilla on useita muita maksutapoja, kuten pankkisiirrot ja kryptomaksut. Mutta jos voitat merkitt\u00e4v\u00e4n summan, sinun on annettava pankkitilitiedot, jotta voittosi voidaan siirt\u00e4\u00e4 sinulle. Turvallinen ymp\u00e4rist\u00f6 tekee siit\u00e4 t\u00e4ydellisen vaihtoehdon kansainv\u00e4listen arpajaisten pelaamiseen ja voittojen vastaanottamiseen.<\/p>\n<h2>Arpajaislippujen ostamisella verkossa on etuja.<\/h2>\n<p>Toinen arpajaislippujen ostamisen etu verkossa on se, ett\u00e4 saatavilla on monia ty\u00f6kaluja, jotka auttavat sinua analysoimaan numeroita useimmissa suurissa kansainv\u00e4lisiss\u00e4 arvonnoissa. Verkkoarpajaisty\u00f6kalujen avulla voit tarkastella yleisimpi\u00e4 numeroita, harvinaisimpia numeroita ja arvontahistoriaa lottoissa maailmanlaajuisesti. N\u00e4m\u00e4 tiedot antavat sinulle etuly\u00f6ntiaseman lippuja ostettaessa ja voivat vahvistaa pankkitili\u00e4si monitasoisilla voitoilla.<\/p>\n<p>RedFoxLoton pelaaminen voi olla hauskaa ja kannattavaa. Aloita kansainv\u00e4listen arpajaisten pelaaminen jo t\u00e4n\u00e4\u00e4n. <a class=\"thirstylink\" title=\"Redfoxlotto\" href=\"https:\/\/gambling6.com\/go\/redfoxlotto\/\" target=\"_blank\" rel=\"nofollow noopener\">Ostaaksesi kansainv\u00e4lisi\u00e4 lottokuponkeja verkosta, k\u00e4y yhteisty\u00f6kumppanimme RedFoxLoton sivustolla.<\/a><\/p>\n<h2>Tarvitseeko sinun olla asukas pelataksesi kansainv\u00e4list\u00e4 lottoa?<\/h2>\n<p>Yksinkertainen vastaus on: ei, et tarvitse! Jos olet lukenut internetist\u00e4 tai sanomalehdest\u00e4si artikkeleita ihmisist\u00e4, jotka ovat voittaneet useiden miljoonien dollarien j\u00e4ttipotteja, olet ehk\u00e4 miettinyt: &#8221;Miksi en voisi kokeilla yht\u00e4 n\u00e4ist\u00e4 lottoista?&#8221; No, nyt ei ole en\u00e4\u00e4 ongelma, ettet ole sen maan asukas, jossa j\u00e4ttipottiarpajaiset arvotaan.<\/p>\n<p>Voit saada lipun mihin tahansa lottoj\u00e4ttipottiin, jonka haluat voittaa, sill\u00e4 ne ovat saatavilla verkossa kenelle tahansa maailmassa. T\u00e4m\u00e4 verkkosivusto auttaa sinua ostamaan verkkolottokupongin merkitt\u00e4vimpiin kansainv\u00e4lisiin j\u00e4ttipotteihin. Ja prosessi ei voisi olla yksinkertaisempi. Napsauta yll\u00e4 olevaa linkki\u00e4 ja valitse lotto. Sinut ohjataan sivulle, jossa voit itse valita suosikkinumerosi kyseiseen lottoon tai antaa tietokoneen valita numerot satunnaisesti puolestasi.<\/p>\n<p>Sen j\u00e4lkeen maksat verkossa sinulle sopivimmalla maksutavalla. N\u00e4ihin maksutapoihin kuuluvat suositut ja turvalliset e-lompakkoratkaisut, kuten Skrill ja jopa kryptovaluutta. Voit tietysti valita my\u00f6s suosituimman vaihtoehdon: luottokortilla maksamisen.<\/p>\n<p><strong>Mit\u00e4 seuraavaksi tapahtuu \u2013 miten saan online-lottokuponkini?<\/strong> Se toimii kuin kuriiripalvelu \u2013 online-lottokuponkisil ostetaan nimesi alle, skannataan ja ladataan tilillesi.<\/p>\n<p>Sinun tarvitsee vain istua alas ja odottaa arvontaa, tarkistaa numerosi ja n\u00e4hd\u00e4, kuinka paljon olet voittanut. Jos voitat alle 2000 \u20ac, rahat hyvitet\u00e4\u00e4n asiakastilillesi. T\u00e4t\u00e4 suuremmille summille RedFoxLotto-s\u00e4\u00e4nn\u00f6t edellytt\u00e4v\u00e4t, ett\u00e4 t\u00e4yt\u00e4t verkkosivustolla olevan pyynt\u00f6lomakkeen. He toimittavat sen puolestasi asianomaiselle arpajaiskomissiolle, ja ennen kuin huomaatkaan, sekki on jo saapunut postitse! <a class=\"thirstylink\" title=\"Redfoxlotto\" href=\"https:\/\/gambling6.com\/go\/redfoxlotto\/\" target=\"_blank\" rel=\"nofollow noopener\">Osta arpalipuja t\u00e4n\u00e4\u00e4n RedFoxLottosta!<\/a><\/p>\n<p>&nbsp;<\/p>\n","protected":false},"excerpt":{"rendered":"<p>Lotto kansainv\u00e4listyy ja verkkoon. Vaikka lottoa pidet\u00e4\u00e4n loistavana viihteen muotona, kansainv\u00e4listen arpajaisten ostamisesta on tullut my\u00f6s iso bisnes. Uhkapelaaminen on yleisesti ottaen r\u00e4j\u00e4ht\u00e4nyt osittain pokerin saaman erinomaisen median\u00e4kyvyyden ansiosta, ja internetin on katsottu tuoneen lis\u00e4menestyst\u00e4. Kansainv\u00e4listen arpajaisten pelaaminen ja arpajaisten ostaminen verkosta on kiihdytt\u00e4nyt j\u00e4ttipottien kasvua, ja monet ihmiset tekev\u00e4t nyt RedFoxLoton pelaamisesta osan tulonl\u00e4hteist\u00e4\u00e4n. [&hellip;]<\/p>\n","protected":false},"author":1,"featured_media":9282,"parent":0,"menu_order":8,"comment_status":"closed","ping_status":"closed","template":"","meta":{"footnotes":""},"class_list":["post-9280","page","type-page","status-publish","has-post-thumbnail","hentry"],"yoast_head":"<!-- This site is optimized with the Yoast SEO plugin v27.4 - https:\/\/yoast.com\/product\/yoast-seo-wordpress\/ -->\n<title>Kansainv\u00e4listen lottolipun ostaminen verkossa<\/title>\n<meta name=\"description\" content=\"Kansainv\u00e4listen lottopelien lippujen ostaminen netist\u00e4 on helppoa. Asuinpaikastasi riippumatta voit osallistua mihin tahansa maailman parhaista lottopeleist\u00e4.\" \/>\n<meta name=\"robots\" content=\"index, follow, max-snippet:-1, max-image-preview:large, max-video-preview:-1\" \/>\n<link rel=\"canonical\" href=\"https:\/\/gambling6.com\/fi\/arpajaiset\/\" \/>\n<meta property=\"og:locale\" content=\"fi_FI\" \/>\n<meta property=\"og:type\" content=\"article\" \/>\n<meta property=\"og:title\" content=\"Kansainv\u00e4listen lottolipun ostaminen verkossa\" \/>\n<meta property=\"og:description\" content=\"Kansainv\u00e4listen lottopelien lippujen ostaminen netist\u00e4 on helppoa. Asuinpaikastasi riippumatta voit osallistua mihin tahansa maailman parhaista lottopeleist\u00e4.\" \/>\n<meta property=\"og:url\" content=\"https:\/\/gambling6.com\/fi\/arpajaiset\/\" \/>\n<meta property=\"og:site_name\" content=\"Gambling6\" \/>\n<meta property=\"article:modified_time\" content=\"2025-11-12T18:29:31+00:00\" \/>\n<meta property=\"og:image\" content=\"https:\/\/gambling6.com\/wp-content\/uploads\/2013\/12\/International-Community-150x150.jpg\" \/>\n\t<meta property=\"og:image:width\" content=\"150\" \/>\n\t<meta property=\"og:image:height\" content=\"150\" \/>\n\t<meta property=\"og:image:type\" content=\"image\/jpeg\" \/>\n<meta name=\"twitter:card\" content=\"summary_large_image\" \/>\n<meta name=\"twitter:label1\" content=\"Arvioitu lukuaika\" \/>\n\t<meta name=\"twitter:data1\" content=\"3 minuuttia\" \/>\n<script type=\"application\/ld+json\" class=\"yoast-schema-graph\">{\"@context\":\"https:\\\/\\\/schema.org\",\"@graph\":[{\"@type\":\"WebPage\",\"@id\":\"https:\\\/\\\/gambling6.com\\\/fi\\\/arpajaiset\\\/\",\"url\":\"https:\\\/\\\/gambling6.com\\\/fi\\\/arpajaiset\\\/\",\"name\":\"Kansainv\u00e4listen lottolipun ostaminen verkossa\",\"isPartOf\":{\"@id\":\"https:\\\/\\\/gambling6.com\\\/fi\\\/#website\"},\"primaryImageOfPage\":{\"@id\":\"https:\\\/\\\/gambling6.com\\\/fi\\\/arpajaiset\\\/#primaryimage\"},\"image\":{\"@id\":\"https:\\\/\\\/gambling6.com\\\/fi\\\/arpajaiset\\\/#primaryimage\"},\"thumbnailUrl\":\"https:\\\/\\\/gambling6.com\\\/wp-content\\\/uploads\\\/2013\\\/12\\\/International-Community-150x150.jpg\",\"datePublished\":\"2025-11-10T13:05:30+00:00\",\"dateModified\":\"2025-11-12T18:29:31+00:00\",\"description\":\"Kansainv\u00e4listen lottopelien lippujen ostaminen netist\u00e4 on helppoa. Asuinpaikastasi riippumatta voit osallistua mihin tahansa maailman parhaista lottopeleist\u00e4.\",\"breadcrumb\":{\"@id\":\"https:\\\/\\\/gambling6.com\\\/fi\\\/arpajaiset\\\/#breadcrumb\"},\"inLanguage\":\"fi\",\"potentialAction\":[{\"@type\":\"ReadAction\",\"target\":[\"https:\\\/\\\/gambling6.com\\\/fi\\\/arpajaiset\\\/\"]}]},{\"@type\":\"ImageObject\",\"inLanguage\":\"fi\",\"@id\":\"https:\\\/\\\/gambling6.com\\\/fi\\\/arpajaiset\\\/#primaryimage\",\"url\":\"https:\\\/\\\/gambling6.com\\\/wp-content\\\/uploads\\\/2013\\\/12\\\/International-Community-150x150.jpg\",\"contentUrl\":\"https:\\\/\\\/gambling6.com\\\/wp-content\\\/uploads\\\/2013\\\/12\\\/International-Community-150x150.jpg\",\"width\":150,\"height\":150,\"caption\":\"International Lotteries Online\"},{\"@type\":\"BreadcrumbList\",\"@id\":\"https:\\\/\\\/gambling6.com\\\/fi\\\/arpajaiset\\\/#breadcrumb\",\"itemListElement\":[{\"@type\":\"ListItem\",\"position\":1,\"name\":\"Home\",\"item\":\"https:\\\/\\\/gambling6.com\\\/fi\\\/home\\\/\"},{\"@type\":\"ListItem\",\"position\":2,\"name\":\"Arpajaiset\"}]},{\"@type\":\"WebSite\",\"@id\":\"https:\\\/\\\/gambling6.com\\\/fi\\\/#website\",\"url\":\"https:\\\/\\\/gambling6.com\\\/fi\\\/\",\"name\":\"Gambling6\",\"description\":\"\",\"potentialAction\":[{\"@type\":\"SearchAction\",\"target\":{\"@type\":\"EntryPoint\",\"urlTemplate\":\"https:\\\/\\\/gambling6.com\\\/fi\\\/?s={search_term_string}\"},\"query-input\":{\"@type\":\"PropertyValueSpecification\",\"valueRequired\":true,\"valueName\":\"search_term_string\"}}],\"inLanguage\":\"fi\"}]}<\/script>\n<!-- \/ Yoast SEO plugin. -->","yoast_head_json":{"title":"Kansainv\u00e4listen lottolipun ostaminen verkossa","description":"Kansainv\u00e4listen lottopelien lippujen ostaminen netist\u00e4 on helppoa. Asuinpaikastasi riippumatta voit osallistua mihin tahansa maailman parhaista lottopeleist\u00e4.","robots":{"index":"index","follow":"follow","max-snippet":"max-snippet:-1","max-image-preview":"max-image-preview:large","max-video-preview":"max-video-preview:-1"},"canonical":"https:\/\/gambling6.com\/fi\/arpajaiset\/","og_locale":"fi_FI","og_type":"article","og_title":"Kansainv\u00e4listen lottolipun ostaminen verkossa","og_description":"Kansainv\u00e4listen lottopelien lippujen ostaminen netist\u00e4 on helppoa. Asuinpaikastasi riippumatta voit osallistua mihin tahansa maailman parhaista lottopeleist\u00e4.","og_url":"https:\/\/gambling6.com\/fi\/arpajaiset\/","og_site_name":"Gambling6","article_modified_time":"2025-11-12T18:29:31+00:00","og_image":[{"width":150,"height":150,"url":"https:\/\/gambling6.com\/wp-content\/uploads\/2013\/12\/International-Community-150x150.jpg","type":"image\/jpeg"}],"twitter_card":"summary_large_image","twitter_misc":{"Arvioitu lukuaika":"3 minuuttia"},"schema":{"@context":"https:\/\/schema.org","@graph":[{"@type":"WebPage","@id":"https:\/\/gambling6.com\/fi\/arpajaiset\/","url":"https:\/\/gambling6.com\/fi\/arpajaiset\/","name":"Kansainv\u00e4listen lottolipun ostaminen verkossa","isPartOf":{"@id":"https:\/\/gambling6.com\/fi\/#website"},"primaryImageOfPage":{"@id":"https:\/\/gambling6.com\/fi\/arpajaiset\/#primaryimage"},"image":{"@id":"https:\/\/gambling6.com\/fi\/arpajaiset\/#primaryimage"},"thumbnailUrl":"https:\/\/gambling6.com\/wp-content\/uploads\/2013\/12\/International-Community-150x150.jpg","datePublished":"2025-11-10T13:05:30+00:00","dateModified":"2025-11-12T18:29:31+00:00","description":"Kansainv\u00e4listen lottopelien lippujen ostaminen netist\u00e4 on helppoa. Asuinpaikastasi riippumatta voit osallistua mihin tahansa maailman parhaista lottopeleist\u00e4.","breadcrumb":{"@id":"https:\/\/gambling6.com\/fi\/arpajaiset\/#breadcrumb"},"inLanguage":"fi","potentialAction":[{"@type":"ReadAction","target":["https:\/\/gambling6.com\/fi\/arpajaiset\/"]}]},{"@type":"ImageObject","inLanguage":"fi","@id":"https:\/\/gambling6.com\/fi\/arpajaiset\/#primaryimage","url":"https:\/\/gambling6.com\/wp-content\/uploads\/2013\/12\/International-Community-150x150.jpg","contentUrl":"https:\/\/gambling6.com\/wp-content\/uploads\/2013\/12\/International-Community-150x150.jpg","width":150,"height":150,"caption":"International Lotteries Online"},{"@type":"BreadcrumbList","@id":"https:\/\/gambling6.com\/fi\/arpajaiset\/#breadcrumb","itemListElement":[{"@type":"ListItem","position":1,"name":"Home","item":"https:\/\/gambling6.com\/fi\/home\/"},{"@type":"ListItem","position":2,"name":"Arpajaiset"}]},{"@type":"WebSite","@id":"https:\/\/gambling6.com\/fi\/#website","url":"https:\/\/gambling6.com\/fi\/","name":"Gambling6","description":"","potentialAction":[{"@type":"SearchAction","target":{"@type":"EntryPoint","urlTemplate":"https:\/\/gambling6.com\/fi\/?s={search_term_string}"},"query-input":{"@type":"PropertyValueSpecification","valueRequired":true,"valueName":"search_term_string"}}],"inLanguage":"fi"}]}},"_links":{"self":[{"href":"https:\/\/gambling6.com\/fi\/wp-json\/wp\/v2\/pages\/9280","targetHints":{"allow":["GET"]}}],"collection":[{"href":"https:\/\/gambling6.com\/fi\/wp-json\/wp\/v2\/pages"}],"about":[{"href":"https:\/\/gambling6.com\/fi\/wp-json\/wp\/v2\/types\/page"}],"author":[{"embeddable":true,"href":"https:\/\/gambling6.com\/fi\/wp-json\/wp\/v2\/users\/1"}],"replies":[{"embeddable":true,"href":"https:\/\/gambling6.com\/fi\/wp-json\/wp\/v2\/comments?post=9280"}],"version-history":[{"count":2,"href":"https:\/\/gambling6.com\/fi\/wp-json\/wp\/v2\/pages\/9280\/revisions"}],"predecessor-version":[{"id":10744,"href":"https:\/\/gambling6.com\/fi\/wp-json\/wp\/v2\/pages\/9280\/revisions\/10744"}],"wp:featuredmedia":[{"embeddable":true,"href":"https:\/\/gambling6.com\/fi\/wp-json\/wp\/v2\/media\/9282"}],"wp:attachment":[{"href":"https:\/\/gambling6.com\/fi\/wp-json\/wp\/v2\/media?parent=9280"}],"curies":[{"name":"wp","href":"https:\/\/api.w.org\/{rel}","templated":true}]}}