{"id":9341,"date":"2025-11-10T20:34:02","date_gmt":"2025-11-10T20:34:02","guid":{"rendered":"https:\/\/gambling6.com\/arpajaiset\/hanki-mega-millions-lottoliput-netissa\/"},"modified":"2025-11-15T10:26:48","modified_gmt":"2025-11-15T10:26:48","slug":"hanki-mega-millions-lottoliput-netissa","status":"publish","type":"page","link":"https:\/\/gambling6.com\/fi\/arpajaiset\/hanki-mega-millions-lottoliput-netissa\/","title":{"rendered":"Hanki Mega Millions -lottoliput netiss\u00e4"},"content":{"rendered":"<h2>Mega Millions -arpajaisten lippuja saatavilla kaikkialta maailmasta<\/h2>\n<p>Uskomattoman moni ihminen ostaa arpajaislippuja joka p\u00e4iv\u00e4, sek\u00e4 Pohjois-Amerikassa ett\u00e4 ymp\u00e4ri maailmaa. Useimmat arpajaisten osallistujat ovat hyvin tietoisia siit\u00e4, ett\u00e4 heid\u00e4n mahdollisuutensa voittaa j\u00e4ttipotti ovat hyvin pienet. <strong>Silti, koska Mega Millions -arpajaisten lippuja voi ostaa verkosta, ihmiset kiiruhtavat p\u00e4ivitt\u00e4in tietokoneilleen<\/strong>, kirjautuvat kumppanimme RedFoxLotto.com-sivustolle ja ostavat lippuja<\/span>j\u00e4ttim\u00e4iseen Yhdysvalloissa sijaitsevaan Mega Millions -arpajaisiin.<img loading=\"lazy\" decoding=\"async\" class=\" alignright wp-image-544\" style=\"margin: 10px; border: 5px solid #ffffff; float: right;\" src=\"http:\/\/gambling6.com\/wp-content\/uploads\/2013\/12\/get-mega-millions-tickets-online.png\" alt=\"Megamillions-lippusi verkossa\" width=\"297\" height=\"163\" srcset=\"https:\/\/gambling6.com\/wp-content\/uploads\/2013\/12\/get-mega-millions-tickets-online.png 388w, https:\/\/gambling6.com\/wp-content\/uploads\/2013\/12\/get-mega-millions-tickets-online-300x165.png 300w\" sizes=\"auto, (max-width: 297px) 100vw, 297px\" \/><\/p>\n<h2>Voittaaksesi sinun on hankittava lippusi verkosta.<\/h2>\n<p>Monet ihmiset haluavat mieluummin pienen voittomahdollisuuden kuin ei yht\u00e4\u00e4n voittomahdollisuutta. Kuten sanonta kuuluu: &#8221;et voi voittaa ilman lippua&#8221;. T\u00e4m\u00e4 lause j\u00e4\u00e4 monien ihmisten mieleen, ja lottokuvien tulviessa heid\u00e4n mieleens\u00e4 joka p\u00e4iv\u00e4, he todenn\u00e4k\u00f6isesti ostavat lippunsa verkosta. Internet on mahdollistanut ihmisten maailmanlaajuisesti ostaa lippuja jokaiseen arvontaan. Koska Mega Millions on yksi maailman suurimmista arvonnoista, on yksinkertaisesti j\u00e4rkev\u00e4\u00e4, ett\u00e4 ihmiset rynt\u00e4\u00e4v\u00e4t ostamaan lippuja verkosta.<\/p>\n<p>Saadaksesi lippusi, <a class=\"thirstylink\" title=\"Redfoxlotto\" href=\"https:\/\/gambling6.com\/go\/redfoxlotto\/\" target=\"_blank\" rel=\"nofollow noopener\">klikkaa t\u00e4st\u00e4 vieraillaksesi RedFoxLotto.comissa<\/a>, erinomaisessa arpalipukkeiden l\u00e4hettipalvelussa, josta voit ostaa arpalipuja maailman merkitt\u00e4vimpiin j\u00e4ttipotteihin.<\/p>\n<h2>El\u00e4m\u00e4\u00e4 mullistavat mahdollisuudet odottavat verkko-ostajia.<\/h2>\n<p>On t\u00e4rke\u00e4\u00e4 huomata, ett\u00e4 ihmiset ostavat Mega Millions -arpajaisten verkkolippuja yritt\u00e4\u00e4kseen muuttaa el\u00e4m\u00e4\u00e4ns\u00e4. Kun he kuulevat tuloksen, ett\u00e4 Tunkhannockissa, Pennsylvaniassa asuva pariskunta on voittanut p\u00e4\u00e4palkinnon, he ovat pettyneit\u00e4 eiv\u00e4tk\u00e4 edes tarkista lippujaan.<\/p>\n<h2>Mega Millions- ja Powerball-liput verkossa ovat suosituimpia.<\/h2>\n<p>Yhdysvaltojen kaksi lottoa, Megamillions ja Powerball, ovat todellakin maailman suurimpia j\u00e4ttipotteja tuottavia lottoja. Ei siis ole yll\u00e4tys, ett\u00e4 n\u00e4iden kahden j\u00e4ttil\u00e4isen nettilippujen myynti nousee uusiin huippuihin joka viikko. Mega Millions -lippujen ostaminen verkosta on s\u00e4\u00e4nn\u00f6llisesti nostanut j\u00e4ttipotit poikkeuksellisille tasoille.<\/p>\n<h2>Vuoden 2013 uskomattomat Mega Millions -j\u00e4ttipotit l\u00e4hestyv\u00e4t enn\u00e4tyst\u00e4<\/h2>\n<table style=\"width: 500px;\" border=\"1\" cellspacing=\"5\" cellpadding=\"5\" align=\"center\">\n<tbody>\n<tr>\n<td colspan=\"3\" align=\"center\">Viisi suurinta j\u00e4ttipottia vuonna 2013<\/td>\n<\/tr>\n<tr>\n<td>Arvonta<\/td>\n<td align=\"center\">P\u00e4iv\u00e4m\u00e4\u00e4r\u00e4<\/td>\n<td align=\"center\">P\u00e4\u00e4potti (USD)<\/td>\n<\/tr>\n<tr>\n<td>Mega Millions &#8211; USA<\/td>\n<td align=\"center\">17. joulukuuta 2013<\/td>\n<td align=\"right\">636 000 000 dollaria<\/td>\n<\/tr>\n<tr>\n<td>Mega Millions &#8211; USA<\/td>\n<td align=\"center\">17. toukokuuta 2013<\/td>\n<td align=\"right\">190 000 000 dollaria<\/td>\n<\/tr>\n<tr>\n<td>Mega Millions &#8211; Yhdysvallat<\/td>\n<td align=\"center\">1. lokakuuta 2013<\/td>\n<td align=\"right\">189 000 000 dollaria<\/td>\n<\/tr>\n<tr>\n<td>Mega Millions &#8211; Yhdysvallat<\/td>\n<td align=\"center\">25. tammikuuta 2013<\/td>\n<td align=\"right\">89 000 000 dollaria<\/td>\n<\/tr>\n<tr>\n<td>Mega Millions &#8211; Yhdysvallat<\/td>\n<td align=\"center\">5. hein\u00e4kuuta 2013<\/td>\n<td align=\"right\">79 000 000 dollaria<\/td>\n<\/tr>\n<\/tbody>\n<\/table>\n<h2>\u00a0Monia palkintoja Mega Millions -verkkolippuun haltijat<\/h2>\n<table style=\"width: 500px;\" border=\"1\" cellspacing=\"5\" cellpadding=\"5\" align=\"center\">\n<tbody>\n<tr>\n<td colspan=\"3\" align=\"center\">Mega Millions -arpajaisten voittotasot<\/td>\n<\/tr>\n<tr>\n<td>Palkinto<\/td>\n<td align=\"center\">Ottelut<\/td>\n<td align=\"center\">Kertoimet<\/td>\n<\/tr>\n<tr>\n<td>1. (P\u00e4\u00e4potti)<\/td>\n<td align=\"center\">5 + 1<\/td>\n<td align=\"right\">175 711 538 : 1<\/td>\n<\/tr>\n<tr>\n<td>2.<\/td>\n<td align=\"center\">5<\/td>\n<td align=\"right\">3 904 701 : 1<\/td>\n<\/tr>\n<tr>\n<td>3.<\/td>\n<td align=\"center\">4 + 1<\/td>\n<td align=\"right\">689 065 : 1<\/td>\n<\/tr>\n<tr>\n<td>4.<\/td>\n<td align=\"center\">4<\/td>\n<td align=\"right\">15 313 \u200b\u200b: 1<\/td>\n<\/tr>\n<tr>\n<td>5.<\/td>\n<td align=\"center\">3 + 1<\/td>\n<td align=\"right\">13 781 : 1<\/td>\n<\/tr>\n<tr>\n<td>6.<\/td>\n<td align=\"center\">2 + 1<\/td>\n<td align=\"right\">844 : 1<\/td>\n<\/tr>\n<tr>\n<td>7.<\/td>\n<td align=\"center\">3<\/td>\n<td align=\"right\">360 : 1<\/td>\n<\/tr>\n<tr>\n<td>8.<\/td>\n<td align=\"center\">1 + 1<\/td>\n<td align=\"right\">141 : 1<\/td>\n<\/tr>\n<tr>\n<td>9.<\/td>\n<td align=\"center\">0 + 1<\/td>\n<td align=\"right\">75 : 1<\/td>\n<\/tr>\n<\/tbody>\n<\/table>\n<p style=\"text-align: center;\"><strong>Pelaa Mega Millionsia t\u00e4n\u00e4\u00e4n nettilipuillasi, niin unelmasi saattavat toteutua!<\/strong><\/p>\n","protected":false},"excerpt":{"rendered":"<p>Mega Millions -arpajaisten lippuja saatavilla kaikkialta maailmasta Uskomattoman moni ihminen ostaa arpajaislippuja joka p\u00e4iv\u00e4, sek\u00e4 Pohjois-Amerikassa ett\u00e4 ymp\u00e4ri maailmaa. Useimmat arpajaisten osallistujat ovat hyvin tietoisia siit\u00e4, ett\u00e4 heid\u00e4n mahdollisuutensa voittaa j\u00e4ttipotti ovat hyvin pienet. Silti, koska Mega Millions -arpajaisten lippuja voi ostaa verkosta, ihmiset kiiruhtavat p\u00e4ivitt\u00e4in tietokoneilleen, kirjautuvat kumppanimme RedFoxLotto.com-sivustolle ja ostavat lippujaj\u00e4ttim\u00e4iseen Yhdysvalloissa sijaitsevaan [&hellip;]<\/p>\n","protected":false},"author":1,"featured_media":9342,"parent":9280,"menu_order":13,"comment_status":"closed","ping_status":"closed","template":"","meta":{"footnotes":""},"class_list":["post-9341","page","type-page","status-publish","has-post-thumbnail","hentry"],"yoast_head":"<!-- This site is optimized with the Yoast SEO plugin v27.4 - https:\/\/yoast.com\/product\/yoast-seo-wordpress\/ -->\n<title>Osta Mega Millions -arpajaisten lippuja netist\u00e4<\/title>\n<meta name=\"description\" content=\"Voita isosti hankkimalla Mega Millions -lottokupongit netist\u00e4.\" \/>\n<meta name=\"robots\" content=\"index, follow, max-snippet:-1, max-image-preview:large, max-video-preview:-1\" \/>\n<link rel=\"canonical\" href=\"https:\/\/gambling6.com\/fi\/arpajaiset\/hanki-mega-millions-lottoliput-netissa\/\" \/>\n<meta property=\"og:locale\" content=\"fi_FI\" \/>\n<meta property=\"og:type\" content=\"article\" \/>\n<meta property=\"og:title\" content=\"Osta Mega Millions -arpajaisten lippuja netist\u00e4\" \/>\n<meta property=\"og:description\" content=\"Voita isosti hankkimalla Mega Millions -lottokupongit netist\u00e4.\" \/>\n<meta property=\"og:url\" content=\"https:\/\/gambling6.com\/fi\/arpajaiset\/hanki-mega-millions-lottoliput-netissa\/\" \/>\n<meta property=\"og:site_name\" content=\"Gambling6\" \/>\n<meta property=\"article:modified_time\" content=\"2025-11-15T10:26:48+00:00\" \/>\n<meta property=\"og:image\" content=\"https:\/\/gambling6.com\/wp-content\/uploads\/2013\/12\/get-mega-millions-tickets-online.png\" \/>\n\t<meta property=\"og:image:width\" content=\"388\" \/>\n\t<meta property=\"og:image:height\" content=\"213\" \/>\n\t<meta property=\"og:image:type\" content=\"image\/png\" \/>\n<meta name=\"twitter:card\" content=\"summary_large_image\" \/>\n<meta name=\"twitter:label1\" content=\"Arvioitu lukuaika\" \/>\n\t<meta name=\"twitter:data1\" content=\"2 minuuttia\" \/>\n<script type=\"application\/ld+json\" class=\"yoast-schema-graph\">{\"@context\":\"https:\\\/\\\/schema.org\",\"@graph\":[{\"@type\":\"WebPage\",\"@id\":\"https:\\\/\\\/gambling6.com\\\/fi\\\/arpajaiset\\\/hanki-mega-millions-lottoliput-netissa\\\/\",\"url\":\"https:\\\/\\\/gambling6.com\\\/fi\\\/arpajaiset\\\/hanki-mega-millions-lottoliput-netissa\\\/\",\"name\":\"Osta Mega Millions -arpajaisten lippuja netist\u00e4\",\"isPartOf\":{\"@id\":\"https:\\\/\\\/gambling6.com\\\/fi\\\/#website\"},\"primaryImageOfPage\":{\"@id\":\"https:\\\/\\\/gambling6.com\\\/fi\\\/arpajaiset\\\/hanki-mega-millions-lottoliput-netissa\\\/#primaryimage\"},\"image\":{\"@id\":\"https:\\\/\\\/gambling6.com\\\/fi\\\/arpajaiset\\\/hanki-mega-millions-lottoliput-netissa\\\/#primaryimage\"},\"thumbnailUrl\":\"https:\\\/\\\/gambling6.com\\\/wp-content\\\/uploads\\\/2013\\\/12\\\/get-mega-millions-tickets-online.png\",\"datePublished\":\"2025-11-10T20:34:02+00:00\",\"dateModified\":\"2025-11-15T10:26:48+00:00\",\"description\":\"Voita isosti hankkimalla Mega Millions -lottokupongit netist\u00e4.\",\"breadcrumb\":{\"@id\":\"https:\\\/\\\/gambling6.com\\\/fi\\\/arpajaiset\\\/hanki-mega-millions-lottoliput-netissa\\\/#breadcrumb\"},\"inLanguage\":\"fi\",\"potentialAction\":[{\"@type\":\"ReadAction\",\"target\":[\"https:\\\/\\\/gambling6.com\\\/fi\\\/arpajaiset\\\/hanki-mega-millions-lottoliput-netissa\\\/\"]}]},{\"@type\":\"ImageObject\",\"inLanguage\":\"fi\",\"@id\":\"https:\\\/\\\/gambling6.com\\\/fi\\\/arpajaiset\\\/hanki-mega-millions-lottoliput-netissa\\\/#primaryimage\",\"url\":\"https:\\\/\\\/gambling6.com\\\/wp-content\\\/uploads\\\/2013\\\/12\\\/get-mega-millions-tickets-online.png\",\"contentUrl\":\"https:\\\/\\\/gambling6.com\\\/wp-content\\\/uploads\\\/2013\\\/12\\\/get-mega-millions-tickets-online.png\",\"width\":388,\"height\":213,\"caption\":\"your Megamillions tickets online\"},{\"@type\":\"BreadcrumbList\",\"@id\":\"https:\\\/\\\/gambling6.com\\\/fi\\\/arpajaiset\\\/hanki-mega-millions-lottoliput-netissa\\\/#breadcrumb\",\"itemListElement\":[{\"@type\":\"ListItem\",\"position\":1,\"name\":\"Home\",\"item\":\"https:\\\/\\\/gambling6.com\\\/fi\\\/home\\\/\"},{\"@type\":\"ListItem\",\"position\":2,\"name\":\"Arpajaiset\",\"item\":\"https:\\\/\\\/gambling6.com\\\/fi\\\/arpajaiset\\\/\"},{\"@type\":\"ListItem\",\"position\":3,\"name\":\"Hanki Mega Millions -lottoliput netiss\u00e4\"}]},{\"@type\":\"WebSite\",\"@id\":\"https:\\\/\\\/gambling6.com\\\/fi\\\/#website\",\"url\":\"https:\\\/\\\/gambling6.com\\\/fi\\\/\",\"name\":\"Gambling6\",\"description\":\"\",\"potentialAction\":[{\"@type\":\"SearchAction\",\"target\":{\"@type\":\"EntryPoint\",\"urlTemplate\":\"https:\\\/\\\/gambling6.com\\\/fi\\\/?s={search_term_string}\"},\"query-input\":{\"@type\":\"PropertyValueSpecification\",\"valueRequired\":true,\"valueName\":\"search_term_string\"}}],\"inLanguage\":\"fi\"}]}<\/script>\n<!-- \/ Yoast SEO plugin. -->","yoast_head_json":{"title":"Osta Mega Millions -arpajaisten lippuja netist\u00e4","description":"Voita isosti hankkimalla Mega Millions -lottokupongit netist\u00e4.","robots":{"index":"index","follow":"follow","max-snippet":"max-snippet:-1","max-image-preview":"max-image-preview:large","max-video-preview":"max-video-preview:-1"},"canonical":"https:\/\/gambling6.com\/fi\/arpajaiset\/hanki-mega-millions-lottoliput-netissa\/","og_locale":"fi_FI","og_type":"article","og_title":"Osta Mega Millions -arpajaisten lippuja netist\u00e4","og_description":"Voita isosti hankkimalla Mega Millions -lottokupongit netist\u00e4.","og_url":"https:\/\/gambling6.com\/fi\/arpajaiset\/hanki-mega-millions-lottoliput-netissa\/","og_site_name":"Gambling6","article_modified_time":"2025-11-15T10:26:48+00:00","og_image":[{"width":388,"height":213,"url":"https:\/\/gambling6.com\/wp-content\/uploads\/2013\/12\/get-mega-millions-tickets-online.png","type":"image\/png"}],"twitter_card":"summary_large_image","twitter_misc":{"Arvioitu lukuaika":"2 minuuttia"},"schema":{"@context":"https:\/\/schema.org","@graph":[{"@type":"WebPage","@id":"https:\/\/gambling6.com\/fi\/arpajaiset\/hanki-mega-millions-lottoliput-netissa\/","url":"https:\/\/gambling6.com\/fi\/arpajaiset\/hanki-mega-millions-lottoliput-netissa\/","name":"Osta Mega Millions -arpajaisten lippuja netist\u00e4","isPartOf":{"@id":"https:\/\/gambling6.com\/fi\/#website"},"primaryImageOfPage":{"@id":"https:\/\/gambling6.com\/fi\/arpajaiset\/hanki-mega-millions-lottoliput-netissa\/#primaryimage"},"image":{"@id":"https:\/\/gambling6.com\/fi\/arpajaiset\/hanki-mega-millions-lottoliput-netissa\/#primaryimage"},"thumbnailUrl":"https:\/\/gambling6.com\/wp-content\/uploads\/2013\/12\/get-mega-millions-tickets-online.png","datePublished":"2025-11-10T20:34:02+00:00","dateModified":"2025-11-15T10:26:48+00:00","description":"Voita isosti hankkimalla Mega Millions -lottokupongit netist\u00e4.","breadcrumb":{"@id":"https:\/\/gambling6.com\/fi\/arpajaiset\/hanki-mega-millions-lottoliput-netissa\/#breadcrumb"},"inLanguage":"fi","potentialAction":[{"@type":"ReadAction","target":["https:\/\/gambling6.com\/fi\/arpajaiset\/hanki-mega-millions-lottoliput-netissa\/"]}]},{"@type":"ImageObject","inLanguage":"fi","@id":"https:\/\/gambling6.com\/fi\/arpajaiset\/hanki-mega-millions-lottoliput-netissa\/#primaryimage","url":"https:\/\/gambling6.com\/wp-content\/uploads\/2013\/12\/get-mega-millions-tickets-online.png","contentUrl":"https:\/\/gambling6.com\/wp-content\/uploads\/2013\/12\/get-mega-millions-tickets-online.png","width":388,"height":213,"caption":"your Megamillions tickets online"},{"@type":"BreadcrumbList","@id":"https:\/\/gambling6.com\/fi\/arpajaiset\/hanki-mega-millions-lottoliput-netissa\/#breadcrumb","itemListElement":[{"@type":"ListItem","position":1,"name":"Home","item":"https:\/\/gambling6.com\/fi\/home\/"},{"@type":"ListItem","position":2,"name":"Arpajaiset","item":"https:\/\/gambling6.com\/fi\/arpajaiset\/"},{"@type":"ListItem","position":3,"name":"Hanki Mega Millions -lottoliput netiss\u00e4"}]},{"@type":"WebSite","@id":"https:\/\/gambling6.com\/fi\/#website","url":"https:\/\/gambling6.com\/fi\/","name":"Gambling6","description":"","potentialAction":[{"@type":"SearchAction","target":{"@type":"EntryPoint","urlTemplate":"https:\/\/gambling6.com\/fi\/?s={search_term_string}"},"query-input":{"@type":"PropertyValueSpecification","valueRequired":true,"valueName":"search_term_string"}}],"inLanguage":"fi"}]}},"_links":{"self":[{"href":"https:\/\/gambling6.com\/fi\/wp-json\/wp\/v2\/pages\/9341","targetHints":{"allow":["GET"]}}],"collection":[{"href":"https:\/\/gambling6.com\/fi\/wp-json\/wp\/v2\/pages"}],"about":[{"href":"https:\/\/gambling6.com\/fi\/wp-json\/wp\/v2\/types\/page"}],"author":[{"embeddable":true,"href":"https:\/\/gambling6.com\/fi\/wp-json\/wp\/v2\/users\/1"}],"replies":[{"embeddable":true,"href":"https:\/\/gambling6.com\/fi\/wp-json\/wp\/v2\/comments?post=9341"}],"version-history":[{"count":1,"href":"https:\/\/gambling6.com\/fi\/wp-json\/wp\/v2\/pages\/9341\/revisions"}],"predecessor-version":[{"id":10926,"href":"https:\/\/gambling6.com\/fi\/wp-json\/wp\/v2\/pages\/9341\/revisions\/10926"}],"up":[{"embeddable":true,"href":"https:\/\/gambling6.com\/fi\/wp-json\/wp\/v2\/pages\/9280"}],"wp:featuredmedia":[{"embeddable":true,"href":"https:\/\/gambling6.com\/fi\/wp-json\/wp\/v2\/media\/9342"}],"wp:attachment":[{"href":"https:\/\/gambling6.com\/fi\/wp-json\/wp\/v2\/media?parent=9341"}],"curies":[{"name":"wp","href":"https:\/\/api.w.org\/{rel}","templated":true}]}}