{"id":9384,"date":"2025-11-10T21:27:25","date_gmt":"2025-11-10T21:27:25","guid":{"rendered":"https:\/\/gambling6.com\/arpajaiset\/miten-voin-ostaa-euromillions-lottolippuja-netista-euroopan-ulkopuolelta\/"},"modified":"2025-11-12T18:44:18","modified_gmt":"2025-11-12T18:44:18","slug":"miten-voin-ostaa-euromillions-lottolippuja-netista-euroopan-ulkopuolelta","status":"publish","type":"page","link":"https:\/\/gambling6.com\/fi\/arpajaiset\/miten-voin-ostaa-euromillions-lottolippuja-netista-euroopan-ulkopuolelta\/","title":{"rendered":"Miten voin ostaa Euromillions-lottolippuja netist\u00e4 Euroopan ulkopuolelta?"},"content":{"rendered":"<h2>Euro Millions<\/h2>\n<p>Kun peliss\u00e4 on 185 miljoonaa euroa ja tavallinen\u00a0<span style=\"box-sizing: border-box; margin: 0px; padding: 0px;\">mahdollisuus voittaa yli 100 miljoonaa euroa,\u00a0<strong>ihmiset kiirehtiv\u00e4t tietokoneidensa \u00e4\u00e4reen ostaakseen EuroMillions-lottoarpajaisten verkkolippuja<\/strong><\/span><strong>.<\/strong> Euromillionsia pelataan yhdeks\u00e4ss\u00e4 Euroopan maassa, ja viime vuonna siin\u00e4 maksettiin yli 2,5 miljardia dollaria palkintoina. Miksi et haluaisi voittaa t\u00e4t\u00e4 j\u00e4ttipottia? Sinun tarvitsee vain k\u00e4yd\u00e4 kumppanimme RedFoxLotto-sivustolla ja hankkia verkkolippusi. RedFoxLoton pelaaminen ei ole koskaan ollut helpompaa.<\/p>\n<p><strong>Voit ostaa Euromillions-lottoarpajaisten verkkolippuja kahdesti viikossa<\/strong>, ja n\u00e4in tekem\u00e4ll\u00e4 sinulla on mahdollisuus voittaa jopa 13 eri palkintotasoa. Jos haluat ostaa kuponkeja verkosta, valitse viisi p\u00e4\u00e4numeroa v\u00e4lilt\u00e4 1\u201350. Toiseksi, erillisell\u00e4 koneella arvotaan kaksi onnennumeroa, molemmat v\u00e4lilt\u00e4 1\u201311. P\u00e4\u00e4palkinnon saamiseksi sinun on saatava kaikki seitsem\u00e4n numeroa oikein.<\/p>\n<h2>Miksi pelata Euromillions-lottoa verkossa?<\/h2>\n<p><img loading=\"lazy\" decoding=\"async\" class=\" wp-image-1437 alignright\" src=\"https:\/\/gambling6.com\/wp-content\/uploads\/2022\/04\/2_ticket_euromillions-112x300.jpg\" alt=\"EuroMillions-lippu\" width=\"99\" height=\"265\" srcset=\"https:\/\/gambling6.com\/wp-content\/uploads\/2022\/04\/2_ticket_euromillions-112x300.jpg 112w, https:\/\/gambling6.com\/wp-content\/uploads\/2022\/04\/2_ticket_euromillions.jpg 200w\" sizes=\"auto, (max-width: 99px) 100vw, 99px\" \/>Lottokuume Euroopassa voi \u2013 ja onkin \u2013 saavuttanut epidemian tason. T\u00e4m\u00e4n vuoksi ihmiset jonottavat viikoittain pelatakseen Euroopan suurinta lottoa, jossa on yksi maailman kolmesta suurimmasta saatavilla olevasta j\u00e4ttipotista. Euromillions-lotto alkoi vuonna 2004, ja sit\u00e4 pelataan Belgiassa, Ranskassa, Irlannissa, It\u00e4vallassa, Luxemburgissa, Espanjassa, Portugalissa, Sveitsiss\u00e4 ja Yhdistyneess\u00e4 kuningaskunnassa. Skotlantilainen pariskunta voitti hein\u00e4kuussa 2011 kaikkien aikojen suurimman j\u00e4ttipotin, 185 miljoonaa euroa.<\/p>\n<p>Kaikkien edell\u00e4 mainittujen maiden eurooppalaisten pelaajien lis\u00e4ksi miljoonat ihmiset ostavat lippuja verkosta joka viikko. Euromillions-lottolippujen hankkiminen verkosta on hyvin yksinkertaista: k\u00e4y yhteisty\u00f6kumppanimme RedFoxLotto-sivustolla. EuroMillions-loton p\u00e4\u00e4palkinnon voittotodenn\u00e4k\u00f6isyys on 1\/116 531 800. Jos haluat osallistua johonkin muista 13 voittotasosta, kokonaismahdollisuutesi ovat 1\/13.<\/p>\n<p>J\u00e4lleen kerran huomaat Euromillions-loton olevan yksi j\u00e4nnitt\u00e4vimmist\u00e4 pelattavista peleist\u00e4 ymp\u00e4ri maailmaa. <span style=\"box-sizing: border-box; margin: 0px; padding: 0px;\">K\u00e4yt\u00e4 aikaa\u00a0<a href=\"https:\/\/gambling6.com\/go\/redfoxlotto-en\/\" target=\"_blank\" rel=\"noopener\">vieraillaksesi RedFoxLottossa t\u00e4n\u00e4\u00e4n seuraamalla t\u00e4t\u00e4 linkki\u00e4<\/a>, avaamalla tilin ja aloittamalla t\u00e4m\u00e4n j\u00e4ttim\u00e4isen eurooppalaisen lottopelin pelaamisen.<\/span> Olemme varmoja, ett\u00e4 olet iloinen, ett\u00e4 teit niin. EuroMillionsin ja muiden suosittujen lottopelien lippujen hankkiminen verkossa on helppoa maailmanlaajuisesti.<\/p>\n<table style=\"width: 500px;\" border=\"1\" cellspacing=\"5\" cellpadding=\"5\" align=\"center\">\n<tbody>\n<tr>\n<td colspan=\"3\" align=\"center\">Viisi suurinta j\u00e4ttipottia vuonna 2013<\/td>\n<\/tr>\n<tr>\n<td>Arvonta<\/td>\n<td align=\"center\">P\u00e4iv\u00e4m\u00e4\u00e4r\u00e4<\/td>\n<td align=\"center\">P\u00e4\u00e4potti (USD)<\/td>\n<\/tr>\n<tr>\n<td>Euro Millions &#8211; Eurooppa<\/td>\n<td align=\"center\">25. kes\u00e4kuuta 2013<\/td>\n<td align=\"right\">260 129 094 dollaria<\/td>\n<\/tr>\n<tr>\n<td>Euro Millions &#8211; Eurooppa<\/td>\n<td align=\"center\">15. marraskuuta 2013<\/td>\n<td align=\"right\">137 000 000 dollaria<\/td>\n<\/tr>\n<tr>\n<td>Euro Millions &#8211; Eurooppa<\/td>\n<td align=\"center\">28. toukokuuta 2013<\/td>\n<td align=\"right\">132 676 542 dollaria<\/td>\n<\/tr>\n<tr>\n<td>Euro Millions &#8211; Eurooppa<\/td>\n<td align=\"center\">25. kes\u00e4kuuta 2013<\/td>\n<td align=\"right\">131 636 203 dollaria<\/td>\n<\/tr>\n<tr>\n<td>Euro Millions &#8211; Eurooppa<\/td>\n<td align=\"center\">23. elokuuta 2013<\/td>\n<td align=\"right\">131 628 767 dollaria<\/td>\n<\/tr>\n<\/tbody>\n<\/table>\n<p>&nbsp;<\/p>\n<table style=\"width: 500px;\" border=\"1\" cellspacing=\"5\" cellpadding=\"5\" align=\"center\">\n<tbody>\n<tr>\n<td colspan=\"3\" align=\"center\">Euro Millions -palkintotasot<\/td>\n<\/tr>\n<tr>\n<td>Palkinto<\/td>\n<td align=\"center\">Ottelut<\/td>\n<td align=\"center\">Kertoimet<\/td>\n<\/tr>\n<tr>\n<td>1. (P\u00e4\u00e4potti)<\/td>\n<td align=\"center\">5 + 2<\/td>\n<td align=\"right\">116 531 800 : 1<\/td>\n<\/tr>\n<tr>\n<td>2.<\/td>\n<td align=\"center\">5 + 1<\/td>\n<td align=\"right\">6 473 989 : 1<\/td>\n<\/tr>\n<tr>\n<td>3.<\/td>\n<td align=\"center\">5<\/td>\n<td align=\"right\">3 236 994 : 1<\/td>\n<\/tr>\n<tr>\n<td>4.<\/td>\n<td align=\"center\">4 + 2<\/td>\n<td align=\"right\">517 919 : 1<\/td>\n<\/tr>\n<tr>\n<td>5.<\/td>\n<td align=\"center\">4 + 1<\/td>\n<td align=\"right\">28 773 : 1<\/td>\n<\/tr>\n<tr>\n<td>6.<\/td>\n<td align=\"center\">4<\/td>\n<td align=\"right\">14 387 : 1<\/td>\n<\/tr>\n<tr>\n<td>7.<\/td>\n<td align=\"center\">3 + 2<\/td>\n<td align=\"right\">11 771 : 1<\/td>\n<\/tr>\n<tr>\n<td>8.<\/td>\n<td align=\"center\">2 + 2<\/td>\n<td align=\"right\">821 : 1<\/td>\n<\/tr>\n<tr>\n<td>9.<\/td>\n<td align=\"center\">3 + 1<\/td>\n<td align=\"right\">654 : 1<\/td>\n<\/tr>\n<tr>\n<td>10.<\/td>\n<td align=\"center\">3<\/td>\n<td align=\"right\">327 : 1<\/td>\n<\/tr>\n<tr>\n<td>11.<\/td>\n<td align=\"center\">1 + 2<\/td>\n<td align=\"right\">156 : 1<\/td>\n<\/tr>\n<tr>\n<td>12.<\/td>\n<td align=\"center\">2 + 1<\/td>\n<td align=\"right\">46 : 1<\/td>\n<\/tr>\n<tr>\n<td>13.<\/td>\n<td align=\"center\">2<\/td>\n<td align=\"right\">23 : 1<\/td>\n<\/tr>\n<\/tbody>\n<\/table>\n","protected":false},"excerpt":{"rendered":"<p>Euro Millions Kun peliss\u00e4 on 185 miljoonaa euroa ja tavallinen\u00a0mahdollisuus voittaa yli 100 miljoonaa euroa,\u00a0ihmiset kiirehtiv\u00e4t tietokoneidensa \u00e4\u00e4reen ostaakseen EuroMillions-lottoarpajaisten verkkolippuja. Euromillionsia pelataan yhdeks\u00e4ss\u00e4 Euroopan maassa, ja viime vuonna siin\u00e4 maksettiin yli 2,5 miljardia dollaria palkintoina. Miksi et haluaisi voittaa t\u00e4t\u00e4 j\u00e4ttipottia? Sinun tarvitsee vain k\u00e4yd\u00e4 kumppanimme RedFoxLotto-sivustolla ja hankkia verkkolippusi. RedFoxLoton pelaaminen ei ole [&hellip;]<\/p>\n","protected":false},"author":1,"featured_media":0,"parent":9280,"menu_order":2,"comment_status":"closed","ping_status":"closed","template":"","meta":{"footnotes":""},"class_list":["post-9384","page","type-page","status-publish","hentry"],"yoast_head":"<!-- This site is optimized with the Yoast SEO plugin v27.3 - https:\/\/yoast.com\/product\/yoast-seo-wordpress\/ -->\n<title>Osta Euromillions-lottoliput netist\u00e4<\/title>\n<meta name=\"description\" content=\"Muista hankkia nettilippusi Euroopan suurimpaan lottoon, Euromillionsiin ja Euromillions UK:hon, luotettavalta toimittajalta, kuten RedFoxLotto.com.\" \/>\n<meta name=\"robots\" content=\"index, follow, max-snippet:-1, max-image-preview:large, max-video-preview:-1\" \/>\n<link rel=\"canonical\" href=\"https:\/\/gambling6.com\/fi\/arpajaiset\/miten-voin-ostaa-euromillions-lottolippuja-netista-euroopan-ulkopuolelta\/\" \/>\n<meta property=\"og:locale\" content=\"fi_FI\" \/>\n<meta property=\"og:type\" content=\"article\" \/>\n<meta property=\"og:title\" content=\"Osta Euromillions-lottoliput netist\u00e4\" \/>\n<meta property=\"og:description\" content=\"Muista hankkia nettilippusi Euroopan suurimpaan lottoon, Euromillionsiin ja Euromillions UK:hon, luotettavalta toimittajalta, kuten RedFoxLotto.com.\" \/>\n<meta property=\"og:url\" content=\"https:\/\/gambling6.com\/fi\/arpajaiset\/miten-voin-ostaa-euromillions-lottolippuja-netista-euroopan-ulkopuolelta\/\" \/>\n<meta property=\"og:site_name\" content=\"Gambling6\" \/>\n<meta property=\"article:modified_time\" content=\"2025-11-12T18:44:18+00:00\" \/>\n<meta property=\"og:image\" content=\"https:\/\/gambling6.com\/wp-content\/uploads\/2022\/04\/2_ticket_euromillions.jpg\" \/>\n\t<meta property=\"og:image:width\" content=\"200\" \/>\n\t<meta property=\"og:image:height\" content=\"534\" \/>\n\t<meta property=\"og:image:type\" content=\"image\/jpeg\" \/>\n<meta name=\"twitter:card\" content=\"summary_large_image\" \/>\n<meta name=\"twitter:label1\" content=\"Arvioitu lukuaika\" \/>\n\t<meta name=\"twitter:data1\" content=\"2 minuuttia\" \/>\n<script type=\"application\/ld+json\" class=\"yoast-schema-graph\">{\"@context\":\"https:\\\/\\\/schema.org\",\"@graph\":[{\"@type\":\"WebPage\",\"@id\":\"https:\\\/\\\/gambling6.com\\\/fi\\\/arpajaiset\\\/miten-voin-ostaa-euromillions-lottolippuja-netista-euroopan-ulkopuolelta\\\/\",\"url\":\"https:\\\/\\\/gambling6.com\\\/fi\\\/arpajaiset\\\/miten-voin-ostaa-euromillions-lottolippuja-netista-euroopan-ulkopuolelta\\\/\",\"name\":\"Osta Euromillions-lottoliput netist\u00e4\",\"isPartOf\":{\"@id\":\"https:\\\/\\\/gambling6.com\\\/fi\\\/#website\"},\"primaryImageOfPage\":{\"@id\":\"https:\\\/\\\/gambling6.com\\\/fi\\\/arpajaiset\\\/miten-voin-ostaa-euromillions-lottolippuja-netista-euroopan-ulkopuolelta\\\/#primaryimage\"},\"image\":{\"@id\":\"https:\\\/\\\/gambling6.com\\\/fi\\\/arpajaiset\\\/miten-voin-ostaa-euromillions-lottolippuja-netista-euroopan-ulkopuolelta\\\/#primaryimage\"},\"thumbnailUrl\":\"https:\\\/\\\/gambling6.com\\\/wp-content\\\/uploads\\\/2022\\\/04\\\/2_ticket_euromillions-112x300.jpg\",\"datePublished\":\"2025-11-10T21:27:25+00:00\",\"dateModified\":\"2025-11-12T18:44:18+00:00\",\"description\":\"Muista hankkia nettilippusi Euroopan suurimpaan lottoon, Euromillionsiin ja Euromillions UK:hon, luotettavalta toimittajalta, kuten RedFoxLotto.com.\",\"breadcrumb\":{\"@id\":\"https:\\\/\\\/gambling6.com\\\/fi\\\/arpajaiset\\\/miten-voin-ostaa-euromillions-lottolippuja-netista-euroopan-ulkopuolelta\\\/#breadcrumb\"},\"inLanguage\":\"fi\",\"potentialAction\":[{\"@type\":\"ReadAction\",\"target\":[\"https:\\\/\\\/gambling6.com\\\/fi\\\/arpajaiset\\\/miten-voin-ostaa-euromillions-lottolippuja-netista-euroopan-ulkopuolelta\\\/\"]}]},{\"@type\":\"ImageObject\",\"inLanguage\":\"fi\",\"@id\":\"https:\\\/\\\/gambling6.com\\\/fi\\\/arpajaiset\\\/miten-voin-ostaa-euromillions-lottolippuja-netista-euroopan-ulkopuolelta\\\/#primaryimage\",\"url\":\"https:\\\/\\\/gambling6.com\\\/wp-content\\\/uploads\\\/2022\\\/04\\\/2_ticket_euromillions-112x300.jpg\",\"contentUrl\":\"https:\\\/\\\/gambling6.com\\\/wp-content\\\/uploads\\\/2022\\\/04\\\/2_ticket_euromillions-112x300.jpg\"},{\"@type\":\"BreadcrumbList\",\"@id\":\"https:\\\/\\\/gambling6.com\\\/fi\\\/arpajaiset\\\/miten-voin-ostaa-euromillions-lottolippuja-netista-euroopan-ulkopuolelta\\\/#breadcrumb\",\"itemListElement\":[{\"@type\":\"ListItem\",\"position\":1,\"name\":\"Home\",\"item\":\"https:\\\/\\\/gambling6.com\\\/fi\\\/home\\\/\"},{\"@type\":\"ListItem\",\"position\":2,\"name\":\"Arpajaiset\",\"item\":\"https:\\\/\\\/gambling6.com\\\/fi\\\/arpajaiset\\\/\"},{\"@type\":\"ListItem\",\"position\":3,\"name\":\"Miten voin ostaa Euromillions-lottolippuja netist\u00e4 Euroopan ulkopuolelta?\"}]},{\"@type\":\"WebSite\",\"@id\":\"https:\\\/\\\/gambling6.com\\\/fi\\\/#website\",\"url\":\"https:\\\/\\\/gambling6.com\\\/fi\\\/\",\"name\":\"Gambling6\",\"description\":\"\",\"potentialAction\":[{\"@type\":\"SearchAction\",\"target\":{\"@type\":\"EntryPoint\",\"urlTemplate\":\"https:\\\/\\\/gambling6.com\\\/fi\\\/?s={search_term_string}\"},\"query-input\":{\"@type\":\"PropertyValueSpecification\",\"valueRequired\":true,\"valueName\":\"search_term_string\"}}],\"inLanguage\":\"fi\"}]}<\/script>\n<!-- \/ Yoast SEO plugin. -->","yoast_head_json":{"title":"Osta Euromillions-lottoliput netist\u00e4","description":"Muista hankkia nettilippusi Euroopan suurimpaan lottoon, Euromillionsiin ja Euromillions UK:hon, luotettavalta toimittajalta, kuten RedFoxLotto.com.","robots":{"index":"index","follow":"follow","max-snippet":"max-snippet:-1","max-image-preview":"max-image-preview:large","max-video-preview":"max-video-preview:-1"},"canonical":"https:\/\/gambling6.com\/fi\/arpajaiset\/miten-voin-ostaa-euromillions-lottolippuja-netista-euroopan-ulkopuolelta\/","og_locale":"fi_FI","og_type":"article","og_title":"Osta Euromillions-lottoliput netist\u00e4","og_description":"Muista hankkia nettilippusi Euroopan suurimpaan lottoon, Euromillionsiin ja Euromillions UK:hon, luotettavalta toimittajalta, kuten RedFoxLotto.com.","og_url":"https:\/\/gambling6.com\/fi\/arpajaiset\/miten-voin-ostaa-euromillions-lottolippuja-netista-euroopan-ulkopuolelta\/","og_site_name":"Gambling6","article_modified_time":"2025-11-12T18:44:18+00:00","og_image":[{"width":200,"height":534,"url":"https:\/\/gambling6.com\/wp-content\/uploads\/2022\/04\/2_ticket_euromillions.jpg","type":"image\/jpeg"}],"twitter_card":"summary_large_image","twitter_misc":{"Arvioitu lukuaika":"2 minuuttia"},"schema":{"@context":"https:\/\/schema.org","@graph":[{"@type":"WebPage","@id":"https:\/\/gambling6.com\/fi\/arpajaiset\/miten-voin-ostaa-euromillions-lottolippuja-netista-euroopan-ulkopuolelta\/","url":"https:\/\/gambling6.com\/fi\/arpajaiset\/miten-voin-ostaa-euromillions-lottolippuja-netista-euroopan-ulkopuolelta\/","name":"Osta Euromillions-lottoliput netist\u00e4","isPartOf":{"@id":"https:\/\/gambling6.com\/fi\/#website"},"primaryImageOfPage":{"@id":"https:\/\/gambling6.com\/fi\/arpajaiset\/miten-voin-ostaa-euromillions-lottolippuja-netista-euroopan-ulkopuolelta\/#primaryimage"},"image":{"@id":"https:\/\/gambling6.com\/fi\/arpajaiset\/miten-voin-ostaa-euromillions-lottolippuja-netista-euroopan-ulkopuolelta\/#primaryimage"},"thumbnailUrl":"https:\/\/gambling6.com\/wp-content\/uploads\/2022\/04\/2_ticket_euromillions-112x300.jpg","datePublished":"2025-11-10T21:27:25+00:00","dateModified":"2025-11-12T18:44:18+00:00","description":"Muista hankkia nettilippusi Euroopan suurimpaan lottoon, Euromillionsiin ja Euromillions UK:hon, luotettavalta toimittajalta, kuten RedFoxLotto.com.","breadcrumb":{"@id":"https:\/\/gambling6.com\/fi\/arpajaiset\/miten-voin-ostaa-euromillions-lottolippuja-netista-euroopan-ulkopuolelta\/#breadcrumb"},"inLanguage":"fi","potentialAction":[{"@type":"ReadAction","target":["https:\/\/gambling6.com\/fi\/arpajaiset\/miten-voin-ostaa-euromillions-lottolippuja-netista-euroopan-ulkopuolelta\/"]}]},{"@type":"ImageObject","inLanguage":"fi","@id":"https:\/\/gambling6.com\/fi\/arpajaiset\/miten-voin-ostaa-euromillions-lottolippuja-netista-euroopan-ulkopuolelta\/#primaryimage","url":"https:\/\/gambling6.com\/wp-content\/uploads\/2022\/04\/2_ticket_euromillions-112x300.jpg","contentUrl":"https:\/\/gambling6.com\/wp-content\/uploads\/2022\/04\/2_ticket_euromillions-112x300.jpg"},{"@type":"BreadcrumbList","@id":"https:\/\/gambling6.com\/fi\/arpajaiset\/miten-voin-ostaa-euromillions-lottolippuja-netista-euroopan-ulkopuolelta\/#breadcrumb","itemListElement":[{"@type":"ListItem","position":1,"name":"Home","item":"https:\/\/gambling6.com\/fi\/home\/"},{"@type":"ListItem","position":2,"name":"Arpajaiset","item":"https:\/\/gambling6.com\/fi\/arpajaiset\/"},{"@type":"ListItem","position":3,"name":"Miten voin ostaa Euromillions-lottolippuja netist\u00e4 Euroopan ulkopuolelta?"}]},{"@type":"WebSite","@id":"https:\/\/gambling6.com\/fi\/#website","url":"https:\/\/gambling6.com\/fi\/","name":"Gambling6","description":"","potentialAction":[{"@type":"SearchAction","target":{"@type":"EntryPoint","urlTemplate":"https:\/\/gambling6.com\/fi\/?s={search_term_string}"},"query-input":{"@type":"PropertyValueSpecification","valueRequired":true,"valueName":"search_term_string"}}],"inLanguage":"fi"}]}},"_links":{"self":[{"href":"https:\/\/gambling6.com\/fi\/wp-json\/wp\/v2\/pages\/9384","targetHints":{"allow":["GET"]}}],"collection":[{"href":"https:\/\/gambling6.com\/fi\/wp-json\/wp\/v2\/pages"}],"about":[{"href":"https:\/\/gambling6.com\/fi\/wp-json\/wp\/v2\/types\/page"}],"author":[{"embeddable":true,"href":"https:\/\/gambling6.com\/fi\/wp-json\/wp\/v2\/users\/1"}],"replies":[{"embeddable":true,"href":"https:\/\/gambling6.com\/fi\/wp-json\/wp\/v2\/comments?post=9384"}],"version-history":[{"count":1,"href":"https:\/\/gambling6.com\/fi\/wp-json\/wp\/v2\/pages\/9384\/revisions"}],"predecessor-version":[{"id":10761,"href":"https:\/\/gambling6.com\/fi\/wp-json\/wp\/v2\/pages\/9384\/revisions\/10761"}],"up":[{"embeddable":true,"href":"https:\/\/gambling6.com\/fi\/wp-json\/wp\/v2\/pages\/9280"}],"wp:attachment":[{"href":"https:\/\/gambling6.com\/fi\/wp-json\/wp\/v2\/media?parent=9384"}],"curies":[{"name":"wp","href":"https:\/\/api.w.org\/{rel}","templated":true}]}}