{"id":9422,"date":"2025-11-11T02:24:46","date_gmt":"2025-11-11T02:24:46","guid":{"rendered":"https:\/\/gambling6.com\/arpajaiset\/hanki-new-yorkin-lottoliput-netissa\/"},"modified":"2025-11-11T02:24:46","modified_gmt":"2025-11-11T02:24:46","slug":"hanki-new-yorkin-lottoliput-netissa","status":"publish","type":"page","link":"https:\/\/gambling6.com\/fi\/arpajaiset\/hanki-new-yorkin-lottoliput-netissa\/","title":{"rendered":"Hanki New Yorkin lottoliput netiss\u00e4"},"content":{"rendered":"<h2>New Yorkin lotto verkossa<\/h2>\n<p>New Yorkin loton p\u00e4\u00e4potit alkavat 3 miljoonasta dollarista, ja siit\u00e4 tulee arvontap\u00e4iv\u00e4n\u00e4 yht\u00e4 suuri kuin itse kaupungista. Tiedoksi, minimip\u00e4\u00e4potti on paljon suurempi kuin useimmissa muissa, <strong>joten harkitse New Yorkin lottolippujen ostamista verkosta p\u00e4\u00e4t\u00f6st\u00e4 tehdess\u00e4si<\/strong>.<\/p>\n<p>Jos p\u00e4\u00e4pottia ei voiteta, voit odottaa rollover-p\u00e4\u00e4potteja, jotka usein nousevat kymmennumeroisiksi. Itse asiassa New Yorkin loton enn\u00e4tysp\u00e4\u00e4potti on 58 miljoonaa dollaria. <strong>Kun voit ostaa lippusi verkosta, voit osallistua seuraavaan enn\u00e4tysp\u00e4\u00e4pottiin.<\/strong><\/p>\n<h2>New Yorkin lotto arvotaan kahdesti viikossa.<\/h2>\n<p>P\u00e4\u00e4potti on aina miljoonia dollareita arvonnassa, joka pidet\u00e4\u00e4n kahdesti viikossa New Yorkissa. On vain loogista, ett\u00e4 yhdess\u00e4 maailman suurimmista kaupungeista on p\u00e4\u00e4pottiarpajaiset, jotka alkavat yhten\u00e4 maailman suurimmista. Joka viikko miljoonat newyorkilaiset jonottavat ostaakseen lippuja t\u00e4h\u00e4n el\u00e4m\u00e4\u00e4 mullistavaan lottoon. <b>Sinun ei tarvitse jonottaa, jos voit ostaa lippuja verkosta.<\/b><\/p>\n<p>Yhten\u00e4 Yhdysvaltojen vanhimmista lottopeliyrityksist\u00e4, joka perustettiin vuonna 1967, New York Lottery on ker\u00e4nnyt l\u00e4hes 40 miljardia dollaria hyv\u00e4ntekev\u00e4isyyteen maailmanlaajuisesti. Vuonna 2004 yksitt\u00e4inen lipunhaltija tasoitti huikeat 58 miljoonaa dollaria, mik\u00e4 oli tuolloin yksi Yhdysvaltojen historian suurimmista lottovoitoista.<\/p>\n<p>New York Lottery on helppo pelata. T\u00e4ss\u00e4 6\/59-tyylisess\u00e4 lottossa sinun on valittava kuusi numeroa v\u00e4lilt\u00e4 1\u201359 sek\u00e4 bonusnumero.<strong> Voittaaksesi j\u00e4ttipotin sinun on saatava kuusi p\u00e4\u00e4numeroa oikein, ja todenn\u00e4k\u00f6isyytesi on noin 1:45 miljoonaa.<\/strong>\u00a0Saamalla viisi, nelj\u00e4 tai kolme numeroa oikein voit osallistua yhteen viidest\u00e4 sivupalkinnosta, jotka ovat saatavilla jokaisessa arvontaan joka viikon keskiviikkona ja lauantaina.<\/p>\n<p>New Yorkin lotto on peli, jota kaikki haluavat pelata, ja nyt\u00a0<span style=\"box-sizing: border-box; margin: 0px; padding: 0px;\">voit\u00a0<a href=\"https:\/\/gambling6.com\/go\/redfoxlotto-en\/\" target=\"_blank\" rel=\"noopener\">hankkia lippusi verkosta yhteisty\u00f6kumppanimme RedFoxLoton kautta k\u00e4ytt\u00e4m\u00e4ll\u00e4<\/a><\/span><a class=\"thirstylink\" title=\"RedFoxLotto en\" href=\"https:\/\/gambling6.com\/go\/redfoxlotto-en\/\" target=\"_blank\" rel=\"nofollow noopener\">\u00a0t\u00e4t\u00e4 linkki\u00e4.<\/a><\/p>\n<table style=\"width: 500px;\" border=\"1\" cellspacing=\"5\" cellpadding=\"5\" align=\"center\">\n<tbody>\n<tr>\n<td colspan=\"3\" align=\"center\">Viisi suurinta j\u00e4ttipottia vuonna 2013<\/td>\n<\/tr>\n<tr>\n<td>Arvonta<\/td>\n<td align=\"center\">P\u00e4iv\u00e4m\u00e4\u00e4r\u00e4<\/td>\n<td align=\"center\">P\u00e4\u00e4potti (USD)<\/td>\n<\/tr>\n<tr>\n<td>New York Lotto &#8211; USA<\/td>\n<td align=\"center\">10. huhtikuuta 2013<\/td>\n<td align=\"right\">26 500 000 dollaria<\/td>\n<\/tr>\n<tr>\n<td>New York Lotto &#8211; USA<\/td>\n<td align=\"center\">29. kes\u00e4kuuta 2013<\/td>\n<td align=\"right\">10 700 000 dollaria<\/td>\n<\/tr>\n<tr>\n<td>New Yorkin lotto &#8211; Yhdysvallat<\/td>\n<td align=\"center\">4. syyskuuta 2013<\/td>\n<td align=\"right\">7 100 000 dollaria<\/td>\n<\/tr>\n<tr>\n<td>New Yorkin lotto &#8211; Yhdysvallat<\/td>\n<td align=\"center\">6. marraskuuta 2013<\/td>\n<td align=\"right\">6 200 000 dollaria<\/td>\n<\/tr>\n<tr>\n<td>New Yorkin lotto &#8211; Yhdysvallat<\/td>\n<td align=\"center\">23. marraskuuta 2013<\/td>\n<td align=\"right\">3 200 000 dollaria<\/td>\n<\/tr>\n<\/tbody>\n<\/table>\n<p>&nbsp;<\/p>\n<table style=\"width: 500px;\" border=\"1\" cellspacing=\"5\" cellpadding=\"5\" align=\"center\">\n<tbody>\n<tr>\n<td colspan=\"3\" align=\"center\">New York Lotto &#8211; USA:n voittotasot<\/td>\n<\/tr>\n<tr>\n<td>Palkinto<\/td>\n<td align=\"center\">Ottelut<\/td>\n<td align=\"center\">Kertoimet<\/td>\n<\/tr>\n<tr>\n<td>1. (P\u00e4\u00e4potti)<\/td>\n<td align=\"center\">6<\/td>\n<td align=\"right\">45 057 474 : 1<\/td>\n<\/tr>\n<tr>\n<td>2.<\/td>\n<td align=\"center\">5 + 1<\/td>\n<td align=\"right\">7 509 579 : 1<\/td>\n<\/tr>\n<tr>\n<td>3.<\/td>\n<td align=\"center\">5<\/td>\n<td align=\"right\">141 690 : 1<\/td>\n<\/tr>\n<tr>\n<td>4.<\/td>\n<td align=\"center\">4<\/td>\n<td align=\"right\">2 180 : 1<\/td>\n<\/tr>\n<tr>\n<td>5.<\/td>\n<td align=\"center\">3<\/td>\n<td align=\"right\">96 : 1<\/td>\n<\/tr>\n<\/tbody>\n<\/table>\n","protected":false},"excerpt":{"rendered":"<p>New Yorkin lotto verkossa New Yorkin loton p\u00e4\u00e4potit alkavat 3 miljoonasta dollarista, ja siit\u00e4 tulee arvontap\u00e4iv\u00e4n\u00e4 yht\u00e4 suuri kuin itse kaupungista. Tiedoksi, minimip\u00e4\u00e4potti on paljon suurempi kuin useimmissa muissa, joten harkitse New Yorkin lottolippujen ostamista verkosta p\u00e4\u00e4t\u00f6st\u00e4 tehdess\u00e4si. Jos p\u00e4\u00e4pottia ei voiteta, voit odottaa rollover-p\u00e4\u00e4potteja, jotka usein nousevat kymmennumeroisiksi. Itse asiassa New Yorkin loton enn\u00e4tysp\u00e4\u00e4potti [&hellip;]<\/p>\n","protected":false},"author":1,"featured_media":0,"parent":9280,"menu_order":12,"comment_status":"closed","ping_status":"closed","template":"","meta":{"footnotes":""},"class_list":["post-9422","page","type-page","status-publish","hentry"],"yoast_head":"<!-- This site is optimized with the Yoast SEO plugin v27.4 - https:\/\/yoast.com\/product\/yoast-seo-wordpress\/ -->\n<title>Osta New Yorkin lottoliput netist\u00e4<\/title>\n<meta name=\"description\" content=\"Ryhdy hetkess\u00e4 miljon\u00e4\u00e4riksi hankkimalla New Yorkin lottoliput netist\u00e4.\" \/>\n<meta name=\"robots\" content=\"index, follow, max-snippet:-1, max-image-preview:large, max-video-preview:-1\" \/>\n<link rel=\"canonical\" href=\"https:\/\/gambling6.com\/fi\/arpajaiset\/hanki-new-yorkin-lottoliput-netissa\/\" \/>\n<meta property=\"og:locale\" content=\"fi_FI\" \/>\n<meta property=\"og:type\" content=\"article\" \/>\n<meta property=\"og:title\" content=\"Osta New Yorkin lottoliput netist\u00e4\" \/>\n<meta property=\"og:description\" content=\"Ryhdy hetkess\u00e4 miljon\u00e4\u00e4riksi hankkimalla New Yorkin lottoliput netist\u00e4.\" \/>\n<meta property=\"og:url\" content=\"https:\/\/gambling6.com\/fi\/arpajaiset\/hanki-new-yorkin-lottoliput-netissa\/\" \/>\n<meta property=\"og:site_name\" content=\"Gambling6\" \/>\n<meta name=\"twitter:card\" content=\"summary_large_image\" \/>\n<meta name=\"twitter:label1\" content=\"Arvioitu lukuaika\" \/>\n\t<meta name=\"twitter:data1\" content=\"2 minuuttia\" \/>\n<script type=\"application\/ld+json\" class=\"yoast-schema-graph\">{\"@context\":\"https:\\\/\\\/schema.org\",\"@graph\":[{\"@type\":\"WebPage\",\"@id\":\"https:\\\/\\\/gambling6.com\\\/fi\\\/arpajaiset\\\/hanki-new-yorkin-lottoliput-netissa\\\/\",\"url\":\"https:\\\/\\\/gambling6.com\\\/fi\\\/arpajaiset\\\/hanki-new-yorkin-lottoliput-netissa\\\/\",\"name\":\"Osta New Yorkin lottoliput netist\u00e4\",\"isPartOf\":{\"@id\":\"https:\\\/\\\/gambling6.com\\\/fi\\\/#website\"},\"datePublished\":\"2025-11-11T02:24:46+00:00\",\"description\":\"Ryhdy hetkess\u00e4 miljon\u00e4\u00e4riksi hankkimalla New Yorkin lottoliput netist\u00e4.\",\"breadcrumb\":{\"@id\":\"https:\\\/\\\/gambling6.com\\\/fi\\\/arpajaiset\\\/hanki-new-yorkin-lottoliput-netissa\\\/#breadcrumb\"},\"inLanguage\":\"fi\",\"potentialAction\":[{\"@type\":\"ReadAction\",\"target\":[\"https:\\\/\\\/gambling6.com\\\/fi\\\/arpajaiset\\\/hanki-new-yorkin-lottoliput-netissa\\\/\"]}]},{\"@type\":\"BreadcrumbList\",\"@id\":\"https:\\\/\\\/gambling6.com\\\/fi\\\/arpajaiset\\\/hanki-new-yorkin-lottoliput-netissa\\\/#breadcrumb\",\"itemListElement\":[{\"@type\":\"ListItem\",\"position\":1,\"name\":\"Home\",\"item\":\"https:\\\/\\\/gambling6.com\\\/fi\\\/home\\\/\"},{\"@type\":\"ListItem\",\"position\":2,\"name\":\"Arpajaiset\",\"item\":\"https:\\\/\\\/gambling6.com\\\/fi\\\/arpajaiset\\\/\"},{\"@type\":\"ListItem\",\"position\":3,\"name\":\"Hanki New Yorkin lottoliput netiss\u00e4\"}]},{\"@type\":\"WebSite\",\"@id\":\"https:\\\/\\\/gambling6.com\\\/fi\\\/#website\",\"url\":\"https:\\\/\\\/gambling6.com\\\/fi\\\/\",\"name\":\"Gambling6\",\"description\":\"\",\"potentialAction\":[{\"@type\":\"SearchAction\",\"target\":{\"@type\":\"EntryPoint\",\"urlTemplate\":\"https:\\\/\\\/gambling6.com\\\/fi\\\/?s={search_term_string}\"},\"query-input\":{\"@type\":\"PropertyValueSpecification\",\"valueRequired\":true,\"valueName\":\"search_term_string\"}}],\"inLanguage\":\"fi\"}]}<\/script>\n<!-- \/ Yoast SEO plugin. -->","yoast_head_json":{"title":"Osta New Yorkin lottoliput netist\u00e4","description":"Ryhdy hetkess\u00e4 miljon\u00e4\u00e4riksi hankkimalla New Yorkin lottoliput netist\u00e4.","robots":{"index":"index","follow":"follow","max-snippet":"max-snippet:-1","max-image-preview":"max-image-preview:large","max-video-preview":"max-video-preview:-1"},"canonical":"https:\/\/gambling6.com\/fi\/arpajaiset\/hanki-new-yorkin-lottoliput-netissa\/","og_locale":"fi_FI","og_type":"article","og_title":"Osta New Yorkin lottoliput netist\u00e4","og_description":"Ryhdy hetkess\u00e4 miljon\u00e4\u00e4riksi hankkimalla New Yorkin lottoliput netist\u00e4.","og_url":"https:\/\/gambling6.com\/fi\/arpajaiset\/hanki-new-yorkin-lottoliput-netissa\/","og_site_name":"Gambling6","twitter_card":"summary_large_image","twitter_misc":{"Arvioitu lukuaika":"2 minuuttia"},"schema":{"@context":"https:\/\/schema.org","@graph":[{"@type":"WebPage","@id":"https:\/\/gambling6.com\/fi\/arpajaiset\/hanki-new-yorkin-lottoliput-netissa\/","url":"https:\/\/gambling6.com\/fi\/arpajaiset\/hanki-new-yorkin-lottoliput-netissa\/","name":"Osta New Yorkin lottoliput netist\u00e4","isPartOf":{"@id":"https:\/\/gambling6.com\/fi\/#website"},"datePublished":"2025-11-11T02:24:46+00:00","description":"Ryhdy hetkess\u00e4 miljon\u00e4\u00e4riksi hankkimalla New Yorkin lottoliput netist\u00e4.","breadcrumb":{"@id":"https:\/\/gambling6.com\/fi\/arpajaiset\/hanki-new-yorkin-lottoliput-netissa\/#breadcrumb"},"inLanguage":"fi","potentialAction":[{"@type":"ReadAction","target":["https:\/\/gambling6.com\/fi\/arpajaiset\/hanki-new-yorkin-lottoliput-netissa\/"]}]},{"@type":"BreadcrumbList","@id":"https:\/\/gambling6.com\/fi\/arpajaiset\/hanki-new-yorkin-lottoliput-netissa\/#breadcrumb","itemListElement":[{"@type":"ListItem","position":1,"name":"Home","item":"https:\/\/gambling6.com\/fi\/home\/"},{"@type":"ListItem","position":2,"name":"Arpajaiset","item":"https:\/\/gambling6.com\/fi\/arpajaiset\/"},{"@type":"ListItem","position":3,"name":"Hanki New Yorkin lottoliput netiss\u00e4"}]},{"@type":"WebSite","@id":"https:\/\/gambling6.com\/fi\/#website","url":"https:\/\/gambling6.com\/fi\/","name":"Gambling6","description":"","potentialAction":[{"@type":"SearchAction","target":{"@type":"EntryPoint","urlTemplate":"https:\/\/gambling6.com\/fi\/?s={search_term_string}"},"query-input":{"@type":"PropertyValueSpecification","valueRequired":true,"valueName":"search_term_string"}}],"inLanguage":"fi"}]}},"_links":{"self":[{"href":"https:\/\/gambling6.com\/fi\/wp-json\/wp\/v2\/pages\/9422","targetHints":{"allow":["GET"]}}],"collection":[{"href":"https:\/\/gambling6.com\/fi\/wp-json\/wp\/v2\/pages"}],"about":[{"href":"https:\/\/gambling6.com\/fi\/wp-json\/wp\/v2\/types\/page"}],"author":[{"embeddable":true,"href":"https:\/\/gambling6.com\/fi\/wp-json\/wp\/v2\/users\/1"}],"replies":[{"embeddable":true,"href":"https:\/\/gambling6.com\/fi\/wp-json\/wp\/v2\/comments?post=9422"}],"version-history":[{"count":0,"href":"https:\/\/gambling6.com\/fi\/wp-json\/wp\/v2\/pages\/9422\/revisions"}],"up":[{"embeddable":true,"href":"https:\/\/gambling6.com\/fi\/wp-json\/wp\/v2\/pages\/9280"}],"wp:attachment":[{"href":"https:\/\/gambling6.com\/fi\/wp-json\/wp\/v2\/media?parent=9422"}],"curies":[{"name":"wp","href":"https:\/\/api.w.org\/{rel}","templated":true}]}}