{"id":9474,"date":"2025-11-11T03:21:48","date_gmt":"2025-11-11T03:21:48","guid":{"rendered":"https:\/\/gambling6.com\/arpajaiset\/osallistu-kanadan-6-49-lottoon\/"},"modified":"2025-11-11T03:21:48","modified_gmt":"2025-11-11T03:21:48","slug":"osallistu-kanadan-6-49-lottoon","status":"publish","type":"page","link":"https:\/\/gambling6.com\/fi\/arpajaiset\/osallistu-kanadan-6-49-lottoon\/","title":{"rendered":"Osallistu Kanadan 6\/49-lottoon"},"content":{"rendered":"<h2>Kanadan Lotto 6\/49<\/h2>\n<p>Vuodesta 1982 l\u00e4htien Kanadassa on talvella ollut taattua kaksi asiaa. Ensimm\u00e4inen asia, johon voitiin luottaa, oli se, ett\u00e4 Hockey Night in Canadaa voisi katsoa CBC:ll\u00e4. Toinen asia, jonka voitiin ennustaa, oli se, ett\u00e4 jostakusta tulisi miljon\u00e4\u00e4ri pelaamalla Lotto 6\/49:\u00e4\u00e4. Nyky\u00e4\u00e4n voi edelleen luottaa lauantai-illan arvontaan. <strong>Suurin ero nyky\u00e4\u00e4n on se, ett\u00e4 voit ostaa lippuja Kanadan Lotto 6\/49 -arvontaan verkosta.<\/strong> K\u00e4yt\u00e4 aikaa <a class=\"thirstylink\" title=\"Redfoxlotto\" href=\"https:\/\/gambling6.com\/go\/redfoxlotto\/\" target=\"_blank\" rel=\"nofollow noopener\">ostaaksesi lippusi verkosta jo t\u00e4n\u00e4\u00e4n yhteisty\u00f6kumppaniltamme RedFoxLotto.comista.<\/a><img loading=\"lazy\" decoding=\"async\" class=\" alignright size-full wp-image-562\" style=\"margin: 10px; border: 5px solid #ffffff; float: right;\" src=\"http:\/\/gambling6.com\/wp-content\/uploads\/2013\/12\/get-online-649-lotto-tickets.png\" alt=\"Lotto 6\/49 Kanada\" width=\"300\" height=\"190\" \/><\/p>\n<p>Kanadan Lotto 6\/49:n ensimm\u00e4isen palkinnon todenn\u00e4k\u00f6isyys on 13 983 816:1. Palkinnon nappaamisen todenn\u00e4k\u00f6isyys on noin yksi 32:sta. Saadaksesi verkkolippuja, valitse ensin kuusi p\u00e4\u00e4numeroa v\u00e4lilt\u00e4 1\u201349. <strong>Saadaksesi osuutesi j\u00e4ttipotista sinun on arvattava kaikki kuusi arvottua numeroa oikein<\/strong>. Saadaksesi toisen palkinnon, valitse viisi p\u00e4\u00e4numeroa ja bonusnumero oikein. Arvonnat pidet\u00e4\u00e4n lauantai- ja keskiviikkoiltaisin noin klo 19.10 EST Kanadassa. Palkintotasoja on kuusi, ja jos kukaan ei lunasta j\u00e4ttipottia, se siirtyy seuraavaan peliin, kunnes joku lopulta voittaa. <\/p>\n<h2>Pelaa valtavista j\u00e4ttipoteista Lotto 6\/49 -verkkolippujen avulla<\/h2>\n<table style=\"width: 500px;\" border=\"1\" cellspacing=\"5\" cellpadding=\"5\" align=\"center\">\n<tbody>\n<tr>\n<td colspan=\"3\" align=\"center\">Viisi suurinta j\u00e4ttipottia vuodelle 2013<\/td>\n<\/tr>\n<tr>\n<td>Arvonta<\/td>\n<td align=\"center\">P\u00e4iv\u00e4m\u00e4\u00e4r\u00e4<\/td>\n<td align=\"center\">P\u00e4\u00e4potti (USD)<\/td>\n<\/tr>\n<tr>\n<td>Lotto 6\/49 &#8211; Kanada<\/td>\n<td align=\"center\">13. huhtikuuta 2013<\/td>\n<td align=\"right\">58 974 913 dollaria<\/td>\n<\/tr>\n<tr>\n<td>Lotto 6\/49 &#8211; Kanada<\/td>\n<td align=\"center\">12. lokakuuta 2013<\/td>\n<td align=\"right\">37 200 000 dollaria<\/td>\n<\/tr>\n<tr>\n<td>Lotto 6\/49 &#8211; Kanada<\/td>\n<td align=\"center\">30. lokakuuta 2013<\/td>\n<td align=\"right\">18 807 390 dollaria<\/td>\n<\/tr>\n<tr>\n<td>Lotto 6\/49 &#8211; Kanada<\/td>\n<td align=\"center\">6. hein\u00e4kuuta 2013<\/td>\n<td align=\"right\">18 351 756 dollaria<\/td>\n<\/tr>\n<tr>\n<td>Lotto 6\/49 &#8211; Kanada<\/td>\n<td align=\"center\">4. joulukuuta 2013<\/td>\n<td align=\"right\">17 670 000 dollaria<\/td>\n<\/tr>\n<\/tbody>\n<\/table>\n<h2>Voitattavana useita palkintotasoja nettilottolipuilla<\/h2>\n<p>Mahdollisuus voittaa seitsem\u00e4ll\u00e4 eri voittotasolla avaa maailman ansaintamahdollisuuksia, kun ostat Lotto 6\/49 -lippuja verkosta. Monet ihmiset itse asiassa unohtavat kaikki ne lis\u00e4tasot, joilla voi voittaa palkinnon. On t\u00e4rke\u00e4\u00e4 tarkistaa liput ostettuasi ne n\u00e4hd\u00e4ksesi, oletko voittanut mit\u00e4\u00e4n.<\/p>\n<p>On totta, ett\u00e4 monet ihmiset ostavat lippuja joka viikko eiv\u00e4tk\u00e4 tarkista, ovatko he voittaneet mit\u00e4\u00e4n, kuultuaan, ett\u00e4 joku muu osti lipun eri paikasta ja voitti j\u00e4ttipotin. <b>Niin helppoa kuin Lotto 6\/49 -lippujen ostaminen verkosta on, on yht\u00e4 helppoa tarkistaa lippusi verkossa.<\/b> Saatavilla on paljon ty\u00f6kaluja, joiden avulla voit etsi\u00e4 useista tietokannoista tietoja suurimmista lottoista maailmanlaajuisesti.<\/p>\n<table style=\"width: 500px;\" border=\"1\" cellspacing=\"5\" cellpadding=\"5\" align=\"center\">\n<tbody>\n<tr>\n<td colspan=\"3\" align=\"center\">Lotto 6\/49 &#8211; Kanadan voittotasot<\/td>\n<\/tr>\n<tr>\n<td>Palkinto<\/td>\n<td align=\"center\">Ottelut<\/td>\n<td align=\"center\">Kertoimet<\/td>\n<\/tr>\n<tr>\n<td>1. (P\u00e4\u00e4potti)<\/td>\n<td align=\"center\">6<\/td>\n<td align=\"right\">13 983 816 : 1<\/td>\n<\/tr>\n<tr>\n<td>2.<\/td>\n<td align=\"center\">5 + 1<\/td>\n<td align=\"right\">2 330 636 : 1<\/td>\n<\/tr>\n<tr>\n<td>3.<\/td>\n<td align=\"center\">5<\/td>\n<td align=\"right\">55 492 : 1<\/td>\n<\/tr>\n<tr>\n<td>4.<\/td>\n<td align=\"center\">4<\/td>\n<td align=\"right\">1 033 : 1<\/td>\n<\/tr>\n<tr>\n<td>5.<\/td>\n<td align=\"center\">3<\/td>\n<td align=\"right\">57 : 1<\/td>\n<\/tr>\n<tr>\n<td>6.<\/td>\n<td align=\"center\">2 + 1<\/td>\n<td align=\"right\">81 : 1<\/td>\n<\/tr>\n<tr>\n<td>7.<\/td>\n<td align=\"center\">2<\/td>\n<td align=\"right\">8 : 1<\/td>\n<\/tr>\n<\/tbody>\n<\/table>\n<p style=\"text-align: center;\"><strong>Pelaa Kanadan lottoa 6\/49 verkossa ja nauti miljon\u00e4\u00e4riksi tulemisen tarjoamasta vapaudesta!<\/strong><\/p>\n","protected":false},"excerpt":{"rendered":"<p>Kanadan Lotto 6\/49 Vuodesta 1982 l\u00e4htien Kanadassa on talvella ollut taattua kaksi asiaa. Ensimm\u00e4inen asia, johon voitiin luottaa, oli se, ett\u00e4 Hockey Night in Canadaa voisi katsoa CBC:ll\u00e4. Toinen asia, jonka voitiin ennustaa, oli se, ett\u00e4 jostakusta tulisi miljon\u00e4\u00e4ri pelaamalla Lotto 6\/49:\u00e4\u00e4. Nyky\u00e4\u00e4n voi edelleen luottaa lauantai-illan arvontaan. Suurin ero nyky\u00e4\u00e4n on se, ett\u00e4 voit [&hellip;]<\/p>\n","protected":false},"author":1,"featured_media":9475,"parent":9280,"menu_order":5,"comment_status":"closed","ping_status":"closed","template":"","meta":{"footnotes":""},"class_list":["post-9474","page","type-page","status-publish","has-post-thumbnail","hentry"],"yoast_head":"<!-- This site is optimized with the Yoast SEO plugin v27.4 - https:\/\/yoast.com\/product\/yoast-seo-wordpress\/ -->\n<title>Hanki netist\u00e4 lippuja Kanadan 6\/49-lottoon<\/title>\n<meta name=\"description\" content=\"Lotto 6\/49 -lippujen hankkiminen netist\u00e4 Kanadassa on nyt helppoa.\" \/>\n<meta name=\"robots\" content=\"index, follow, max-snippet:-1, max-image-preview:large, max-video-preview:-1\" \/>\n<link rel=\"canonical\" href=\"https:\/\/gambling6.com\/fi\/arpajaiset\/osallistu-kanadan-6-49-lottoon\/\" \/>\n<meta property=\"og:locale\" content=\"fi_FI\" \/>\n<meta property=\"og:type\" content=\"article\" \/>\n<meta property=\"og:title\" content=\"Hanki netist\u00e4 lippuja Kanadan 6\/49-lottoon\" \/>\n<meta property=\"og:description\" content=\"Lotto 6\/49 -lippujen hankkiminen netist\u00e4 Kanadassa on nyt helppoa.\" \/>\n<meta property=\"og:url\" content=\"https:\/\/gambling6.com\/fi\/arpajaiset\/osallistu-kanadan-6-49-lottoon\/\" \/>\n<meta property=\"og:site_name\" content=\"Gambling6\" \/>\n<meta property=\"og:image\" content=\"https:\/\/gambling6.com\/wp-content\/uploads\/2013\/12\/get-online-649-lotto-tickets.png\" \/>\n\t<meta property=\"og:image:width\" content=\"300\" \/>\n\t<meta property=\"og:image:height\" content=\"190\" \/>\n\t<meta property=\"og:image:type\" content=\"image\/png\" \/>\n<meta name=\"twitter:card\" content=\"summary_large_image\" \/>\n<meta name=\"twitter:label1\" content=\"Arvioitu lukuaika\" \/>\n\t<meta name=\"twitter:data1\" content=\"2 minuuttia\" \/>\n<script type=\"application\/ld+json\" class=\"yoast-schema-graph\">{\"@context\":\"https:\\\/\\\/schema.org\",\"@graph\":[{\"@type\":\"WebPage\",\"@id\":\"https:\\\/\\\/gambling6.com\\\/fi\\\/arpajaiset\\\/osallistu-kanadan-6-49-lottoon\\\/\",\"url\":\"https:\\\/\\\/gambling6.com\\\/fi\\\/arpajaiset\\\/osallistu-kanadan-6-49-lottoon\\\/\",\"name\":\"Hanki netist\u00e4 lippuja Kanadan 6\\\/49-lottoon\",\"isPartOf\":{\"@id\":\"https:\\\/\\\/gambling6.com\\\/fi\\\/#website\"},\"primaryImageOfPage\":{\"@id\":\"https:\\\/\\\/gambling6.com\\\/fi\\\/arpajaiset\\\/osallistu-kanadan-6-49-lottoon\\\/#primaryimage\"},\"image\":{\"@id\":\"https:\\\/\\\/gambling6.com\\\/fi\\\/arpajaiset\\\/osallistu-kanadan-6-49-lottoon\\\/#primaryimage\"},\"thumbnailUrl\":\"https:\\\/\\\/gambling6.com\\\/wp-content\\\/uploads\\\/2013\\\/12\\\/get-online-649-lotto-tickets.png\",\"datePublished\":\"2025-11-11T03:21:48+00:00\",\"description\":\"Lotto 6\\\/49 -lippujen hankkiminen netist\u00e4 Kanadassa on nyt helppoa.\",\"breadcrumb\":{\"@id\":\"https:\\\/\\\/gambling6.com\\\/fi\\\/arpajaiset\\\/osallistu-kanadan-6-49-lottoon\\\/#breadcrumb\"},\"inLanguage\":\"fi\",\"potentialAction\":[{\"@type\":\"ReadAction\",\"target\":[\"https:\\\/\\\/gambling6.com\\\/fi\\\/arpajaiset\\\/osallistu-kanadan-6-49-lottoon\\\/\"]}]},{\"@type\":\"ImageObject\",\"inLanguage\":\"fi\",\"@id\":\"https:\\\/\\\/gambling6.com\\\/fi\\\/arpajaiset\\\/osallistu-kanadan-6-49-lottoon\\\/#primaryimage\",\"url\":\"https:\\\/\\\/gambling6.com\\\/wp-content\\\/uploads\\\/2013\\\/12\\\/get-online-649-lotto-tickets.png\",\"contentUrl\":\"https:\\\/\\\/gambling6.com\\\/wp-content\\\/uploads\\\/2013\\\/12\\\/get-online-649-lotto-tickets.png\",\"width\":300,\"height\":190,\"caption\":\"Lotto 6\\\/49 Canada\"},{\"@type\":\"BreadcrumbList\",\"@id\":\"https:\\\/\\\/gambling6.com\\\/fi\\\/arpajaiset\\\/osallistu-kanadan-6-49-lottoon\\\/#breadcrumb\",\"itemListElement\":[{\"@type\":\"ListItem\",\"position\":1,\"name\":\"Home\",\"item\":\"https:\\\/\\\/gambling6.com\\\/fi\\\/home\\\/\"},{\"@type\":\"ListItem\",\"position\":2,\"name\":\"Arpajaiset\",\"item\":\"https:\\\/\\\/gambling6.com\\\/fi\\\/arpajaiset\\\/\"},{\"@type\":\"ListItem\",\"position\":3,\"name\":\"Osallistu Kanadan 6\\\/49-lottoon\"}]},{\"@type\":\"WebSite\",\"@id\":\"https:\\\/\\\/gambling6.com\\\/fi\\\/#website\",\"url\":\"https:\\\/\\\/gambling6.com\\\/fi\\\/\",\"name\":\"Gambling6\",\"description\":\"\",\"potentialAction\":[{\"@type\":\"SearchAction\",\"target\":{\"@type\":\"EntryPoint\",\"urlTemplate\":\"https:\\\/\\\/gambling6.com\\\/fi\\\/?s={search_term_string}\"},\"query-input\":{\"@type\":\"PropertyValueSpecification\",\"valueRequired\":true,\"valueName\":\"search_term_string\"}}],\"inLanguage\":\"fi\"}]}<\/script>\n<!-- \/ Yoast SEO plugin. -->","yoast_head_json":{"title":"Hanki netist\u00e4 lippuja Kanadan 6\/49-lottoon","description":"Lotto 6\/49 -lippujen hankkiminen netist\u00e4 Kanadassa on nyt helppoa.","robots":{"index":"index","follow":"follow","max-snippet":"max-snippet:-1","max-image-preview":"max-image-preview:large","max-video-preview":"max-video-preview:-1"},"canonical":"https:\/\/gambling6.com\/fi\/arpajaiset\/osallistu-kanadan-6-49-lottoon\/","og_locale":"fi_FI","og_type":"article","og_title":"Hanki netist\u00e4 lippuja Kanadan 6\/49-lottoon","og_description":"Lotto 6\/49 -lippujen hankkiminen netist\u00e4 Kanadassa on nyt helppoa.","og_url":"https:\/\/gambling6.com\/fi\/arpajaiset\/osallistu-kanadan-6-49-lottoon\/","og_site_name":"Gambling6","og_image":[{"width":300,"height":190,"url":"https:\/\/gambling6.com\/wp-content\/uploads\/2013\/12\/get-online-649-lotto-tickets.png","type":"image\/png"}],"twitter_card":"summary_large_image","twitter_misc":{"Arvioitu lukuaika":"2 minuuttia"},"schema":{"@context":"https:\/\/schema.org","@graph":[{"@type":"WebPage","@id":"https:\/\/gambling6.com\/fi\/arpajaiset\/osallistu-kanadan-6-49-lottoon\/","url":"https:\/\/gambling6.com\/fi\/arpajaiset\/osallistu-kanadan-6-49-lottoon\/","name":"Hanki netist\u00e4 lippuja Kanadan 6\/49-lottoon","isPartOf":{"@id":"https:\/\/gambling6.com\/fi\/#website"},"primaryImageOfPage":{"@id":"https:\/\/gambling6.com\/fi\/arpajaiset\/osallistu-kanadan-6-49-lottoon\/#primaryimage"},"image":{"@id":"https:\/\/gambling6.com\/fi\/arpajaiset\/osallistu-kanadan-6-49-lottoon\/#primaryimage"},"thumbnailUrl":"https:\/\/gambling6.com\/wp-content\/uploads\/2013\/12\/get-online-649-lotto-tickets.png","datePublished":"2025-11-11T03:21:48+00:00","description":"Lotto 6\/49 -lippujen hankkiminen netist\u00e4 Kanadassa on nyt helppoa.","breadcrumb":{"@id":"https:\/\/gambling6.com\/fi\/arpajaiset\/osallistu-kanadan-6-49-lottoon\/#breadcrumb"},"inLanguage":"fi","potentialAction":[{"@type":"ReadAction","target":["https:\/\/gambling6.com\/fi\/arpajaiset\/osallistu-kanadan-6-49-lottoon\/"]}]},{"@type":"ImageObject","inLanguage":"fi","@id":"https:\/\/gambling6.com\/fi\/arpajaiset\/osallistu-kanadan-6-49-lottoon\/#primaryimage","url":"https:\/\/gambling6.com\/wp-content\/uploads\/2013\/12\/get-online-649-lotto-tickets.png","contentUrl":"https:\/\/gambling6.com\/wp-content\/uploads\/2013\/12\/get-online-649-lotto-tickets.png","width":300,"height":190,"caption":"Lotto 6\/49 Canada"},{"@type":"BreadcrumbList","@id":"https:\/\/gambling6.com\/fi\/arpajaiset\/osallistu-kanadan-6-49-lottoon\/#breadcrumb","itemListElement":[{"@type":"ListItem","position":1,"name":"Home","item":"https:\/\/gambling6.com\/fi\/home\/"},{"@type":"ListItem","position":2,"name":"Arpajaiset","item":"https:\/\/gambling6.com\/fi\/arpajaiset\/"},{"@type":"ListItem","position":3,"name":"Osallistu Kanadan 6\/49-lottoon"}]},{"@type":"WebSite","@id":"https:\/\/gambling6.com\/fi\/#website","url":"https:\/\/gambling6.com\/fi\/","name":"Gambling6","description":"","potentialAction":[{"@type":"SearchAction","target":{"@type":"EntryPoint","urlTemplate":"https:\/\/gambling6.com\/fi\/?s={search_term_string}"},"query-input":{"@type":"PropertyValueSpecification","valueRequired":true,"valueName":"search_term_string"}}],"inLanguage":"fi"}]}},"_links":{"self":[{"href":"https:\/\/gambling6.com\/fi\/wp-json\/wp\/v2\/pages\/9474","targetHints":{"allow":["GET"]}}],"collection":[{"href":"https:\/\/gambling6.com\/fi\/wp-json\/wp\/v2\/pages"}],"about":[{"href":"https:\/\/gambling6.com\/fi\/wp-json\/wp\/v2\/types\/page"}],"author":[{"embeddable":true,"href":"https:\/\/gambling6.com\/fi\/wp-json\/wp\/v2\/users\/1"}],"replies":[{"embeddable":true,"href":"https:\/\/gambling6.com\/fi\/wp-json\/wp\/v2\/comments?post=9474"}],"version-history":[{"count":0,"href":"https:\/\/gambling6.com\/fi\/wp-json\/wp\/v2\/pages\/9474\/revisions"}],"up":[{"embeddable":true,"href":"https:\/\/gambling6.com\/fi\/wp-json\/wp\/v2\/pages\/9280"}],"wp:featuredmedia":[{"embeddable":true,"href":"https:\/\/gambling6.com\/fi\/wp-json\/wp\/v2\/media\/9475"}],"wp:attachment":[{"href":"https:\/\/gambling6.com\/fi\/wp-json\/wp\/v2\/media?parent=9474"}],"curies":[{"name":"wp","href":"https:\/\/api.w.org\/{rel}","templated":true}]}}