{"id":9620,"date":"2025-11-11T08:07:19","date_gmt":"2025-11-11T08:07:19","guid":{"rendered":"https:\/\/gambling6.com\/arpajaiset\/osta-floridan-lottoliput-netissa\/"},"modified":"2025-11-11T08:07:19","modified_gmt":"2025-11-11T08:07:19","slug":"osta-floridan-lottoliput-netissa","status":"publish","type":"page","link":"https:\/\/gambling6.com\/fi\/arpajaiset\/osta-floridan-lottoliput-netissa\/","title":{"rendered":"Osta Floridan lottoliput netiss\u00e4"},"content":{"rendered":"<h2>Florida Lotto<\/h2>\n<p>Kuuma osavaltio, kuuma lotto! Floridalaiset varmasti ovat samaa mielt\u00e4 siit\u00e4, ett\u00e4 heid\u00e4n lottonsa on pakollinen osallistuminen joka keskiviikko ja lauantai. Floridan lotosta on tullut uskomattoman suosittu lumilintujen ja nettilottofanaattien keskuudessa, sill\u00e4 sen jackpotit alkavat kahdesta miljoonasta dollarista ja usein ylitt\u00e4v\u00e4t 10 miljoonaa dollaria. <strong>Floridan lottolippujen ostaminen verkosta on helpompaa kuin matkustaminen Floridaan ostamaan niit\u00e4.<\/strong><\/p>\n<p>Vaikka jackpotin voittotodenn\u00e4k\u00f6isyys on yksi 22 957 480:st\u00e4,<strong> sinulla on parempi kuin 1\/67 mahdollisuus voittaa yksi nelj\u00e4n eri tason palkinnoista<\/strong>. Koska palkintotasoja on vain nelj\u00e4, rahasummat ovat suuremmat kuin useimmissa muissa lotoissa. J\u00e4ttipotin voittaminen ei kuitenkaan ole poissuljettua. Enn\u00e4tyksellinen jackpot oli hieman yli 106 miljoonaa dollaria; t\u00e4m\u00e4 oli yksi Amerikan historian suurimmista jackpoteista voittohetkell\u00e4\u00e4n. <\/p>\n<h2>Florida Lotto tukee koulutusta<\/h2>\n<p>Vuonna 1988 Floridan osavaltion koulutuksen rahoittamiseksi perustettiin Florida Lotto. T\u00e4t\u00e4 varten on ker\u00e4tty paljon rahaa, ja verkkomyynnin my\u00f6t\u00e4 Florida Lotto on kasvattanut j\u00e4ttipotteja nopeasti. T\u00e4m\u00e4 n\u00e4kyy vuoden 1990 enn\u00e4tyksellisess\u00e4 106 miljoonan dollarin j\u00e4ttipotissa. <strong>T\u00e4m\u00e4n enn\u00e4tysj\u00e4ttipotin lunasti kuusi eri voittajaa, joilla kaikilla oli oikeat numerot lipussaan.<\/strong><\/p>\n<p>Pelataksesi t\u00e4t\u00e4 lottoa sinun on valittava kuusi numeroa v\u00e4lilt\u00e4 1\u201353. J\u00e4ttipotin lunastamiseksi sinun tarvitsee vain saada kaikki kuusi numeroa oikein. Jos j\u00e4ttipottia ei lunasteta, se siirret\u00e4\u00e4n seuraavaan arvontaan. Verkkolipun haltijana sinulla on mahdollisuus voittaa nelj\u00e4 eri voittotasoa, jotka voivat my\u00f6s tuoda sinulle suuria summia.<\/p>\n<p>Et ehk\u00e4 kest\u00e4 Floridan kuumaa ilmastoa. Voit kuitenkin <a class=\"thirstylink\" title=\"TheLotter en\" href=\"https:\/\/gambling6.com\/go\/thelotter-en\/\" target=\"_blank\" rel=\"nofollow noopener\"><strong>hy\u00f6dynt\u00e4\u00e4 mahdollisuutta hankkia Florida Lotton lippusi verkosta yhteisty\u00f6kumppanimme TheLotterin sivustolta<\/strong>.<\/a><\/p>\n<p>&nbsp;<\/p>\n<table style=\"width: 500px;\" border=\"1\" cellspacing=\"5\" cellpadding=\"5\" align=\"center\">\n<tbody>\n<tr>\n<td colspan=\"3\" align=\"center\">Vuoden 2013 suurimmat j\u00e4ttipotit<\/td>\n<\/tr>\n<tr>\n<td>Arvonta<\/td>\n<td align=\"center\">P\u00e4iv\u00e4m\u00e4\u00e4r\u00e4<\/td>\n<td align=\"center\">P\u00e4\u00e4potti (USD)<\/td>\n<\/tr>\n<tr>\n<td>Florida Lotto &#8211; USA<\/td>\n<td align=\"center\">24. elokuuta 2013<\/td>\n<td align=\"right\">58 000 000 dollaria<\/td>\n<\/tr>\n<tr>\n<td>Florida Lotto &#8211; USA<\/td>\n<td align=\"center\">18. joulukuuta 2013<\/td>\n<td align=\"right\">46 000 000 dollaria<\/td>\n<\/tr>\n<\/tbody>\n<\/table>\n<table style=\"width: 500px;\" border=\"1\" cellspacing=\"5\" cellpadding=\"5\" align=\"center\">\n<tbody>\n<tr>\n<td colspan=\"3\" align=\"center\">Floridan lotto &#8211; USA:n voittotasot<\/td>\n<\/tr>\n<tr>\n<td>Palkinto<\/td>\n<td align=\"center\">Ottelut<\/td>\n<td align=\"center\">Kertoimet<\/td>\n<\/tr>\n<tr>\n<td>1. (P\u00e4\u00e4potti)<\/td>\n<td align=\"center\">6<\/td>\n<td align=\"right\">22 957 480 : 1<\/td>\n<\/tr>\n<tr>\n<td>2.<\/td>\n<td align=\"center\">5<\/td>\n<td align=\"right\">81 410 : 1<\/td>\n<\/tr>\n<tr>\n<td>3.<\/td>\n<td align=\"center\">4<\/td>\n<td align=\"right\">1 416 : 1<\/td>\n<\/tr>\n<tr>\n<td>4.<\/td>\n<td align=\"center\">3<\/td>\n<td align=\"right\">71 : 1<\/td>\n<\/tr>\n<\/tbody>\n<\/table>\n","protected":false},"excerpt":{"rendered":"<p>Florida Lotto Kuuma osavaltio, kuuma lotto! Floridalaiset varmasti ovat samaa mielt\u00e4 siit\u00e4, ett\u00e4 heid\u00e4n lottonsa on pakollinen osallistuminen joka keskiviikko ja lauantai. Floridan lotosta on tullut uskomattoman suosittu lumilintujen ja nettilottofanaattien keskuudessa, sill\u00e4 sen jackpotit alkavat kahdesta miljoonasta dollarista ja usein ylitt\u00e4v\u00e4t 10 miljoonaa dollaria. Floridan lottolippujen ostaminen verkosta on helpompaa kuin matkustaminen Floridaan ostamaan [&hellip;]<\/p>\n","protected":false},"author":1,"featured_media":0,"parent":9280,"menu_order":11,"comment_status":"closed","ping_status":"closed","template":"","meta":{"footnotes":""},"class_list":["post-9620","page","type-page","status-publish","hentry"],"yoast_head":"<!-- This site is optimized with the Yoast SEO plugin v27.3 - https:\/\/yoast.com\/product\/yoast-seo-wordpress\/ -->\n<title>Hanki nettilippuja Floridan lottoon<\/title>\n<meta name=\"description\" content=\"Osallistu Floridan lottoon ja voita helteet hankkimalla kuponkisi verkosta.\" \/>\n<meta name=\"robots\" content=\"index, follow, max-snippet:-1, max-image-preview:large, max-video-preview:-1\" \/>\n<link rel=\"canonical\" href=\"https:\/\/gambling6.com\/fi\/arpajaiset\/osta-floridan-lottoliput-netissa\/\" \/>\n<meta property=\"og:locale\" content=\"fi_FI\" \/>\n<meta property=\"og:type\" content=\"article\" \/>\n<meta property=\"og:title\" content=\"Hanki nettilippuja Floridan lottoon\" \/>\n<meta property=\"og:description\" content=\"Osallistu Floridan lottoon ja voita helteet hankkimalla kuponkisi verkosta.\" \/>\n<meta property=\"og:url\" content=\"https:\/\/gambling6.com\/fi\/arpajaiset\/osta-floridan-lottoliput-netissa\/\" \/>\n<meta property=\"og:site_name\" content=\"Gambling6\" \/>\n<meta name=\"twitter:card\" content=\"summary_large_image\" \/>\n<meta name=\"twitter:label1\" content=\"Arvioitu lukuaika\" \/>\n\t<meta name=\"twitter:data1\" content=\"1 minuutti\" \/>\n<script type=\"application\/ld+json\" class=\"yoast-schema-graph\">{\"@context\":\"https:\\\/\\\/schema.org\",\"@graph\":[{\"@type\":\"WebPage\",\"@id\":\"https:\\\/\\\/gambling6.com\\\/fi\\\/arpajaiset\\\/osta-floridan-lottoliput-netissa\\\/\",\"url\":\"https:\\\/\\\/gambling6.com\\\/fi\\\/arpajaiset\\\/osta-floridan-lottoliput-netissa\\\/\",\"name\":\"Hanki nettilippuja Floridan lottoon\",\"isPartOf\":{\"@id\":\"https:\\\/\\\/gambling6.com\\\/fi\\\/#website\"},\"datePublished\":\"2025-11-11T08:07:19+00:00\",\"description\":\"Osallistu Floridan lottoon ja voita helteet hankkimalla kuponkisi verkosta.\",\"breadcrumb\":{\"@id\":\"https:\\\/\\\/gambling6.com\\\/fi\\\/arpajaiset\\\/osta-floridan-lottoliput-netissa\\\/#breadcrumb\"},\"inLanguage\":\"fi\",\"potentialAction\":[{\"@type\":\"ReadAction\",\"target\":[\"https:\\\/\\\/gambling6.com\\\/fi\\\/arpajaiset\\\/osta-floridan-lottoliput-netissa\\\/\"]}]},{\"@type\":\"BreadcrumbList\",\"@id\":\"https:\\\/\\\/gambling6.com\\\/fi\\\/arpajaiset\\\/osta-floridan-lottoliput-netissa\\\/#breadcrumb\",\"itemListElement\":[{\"@type\":\"ListItem\",\"position\":1,\"name\":\"Home\",\"item\":\"https:\\\/\\\/gambling6.com\\\/fi\\\/home\\\/\"},{\"@type\":\"ListItem\",\"position\":2,\"name\":\"Arpajaiset\",\"item\":\"https:\\\/\\\/gambling6.com\\\/fi\\\/arpajaiset\\\/\"},{\"@type\":\"ListItem\",\"position\":3,\"name\":\"Osta Floridan lottoliput netiss\u00e4\"}]},{\"@type\":\"WebSite\",\"@id\":\"https:\\\/\\\/gambling6.com\\\/fi\\\/#website\",\"url\":\"https:\\\/\\\/gambling6.com\\\/fi\\\/\",\"name\":\"Gambling6\",\"description\":\"\",\"potentialAction\":[{\"@type\":\"SearchAction\",\"target\":{\"@type\":\"EntryPoint\",\"urlTemplate\":\"https:\\\/\\\/gambling6.com\\\/fi\\\/?s={search_term_string}\"},\"query-input\":{\"@type\":\"PropertyValueSpecification\",\"valueRequired\":true,\"valueName\":\"search_term_string\"}}],\"inLanguage\":\"fi\"}]}<\/script>\n<!-- \/ Yoast SEO plugin. -->","yoast_head_json":{"title":"Hanki nettilippuja Floridan lottoon","description":"Osallistu Floridan lottoon ja voita helteet hankkimalla kuponkisi verkosta.","robots":{"index":"index","follow":"follow","max-snippet":"max-snippet:-1","max-image-preview":"max-image-preview:large","max-video-preview":"max-video-preview:-1"},"canonical":"https:\/\/gambling6.com\/fi\/arpajaiset\/osta-floridan-lottoliput-netissa\/","og_locale":"fi_FI","og_type":"article","og_title":"Hanki nettilippuja Floridan lottoon","og_description":"Osallistu Floridan lottoon ja voita helteet hankkimalla kuponkisi verkosta.","og_url":"https:\/\/gambling6.com\/fi\/arpajaiset\/osta-floridan-lottoliput-netissa\/","og_site_name":"Gambling6","twitter_card":"summary_large_image","twitter_misc":{"Arvioitu lukuaika":"1 minuutti"},"schema":{"@context":"https:\/\/schema.org","@graph":[{"@type":"WebPage","@id":"https:\/\/gambling6.com\/fi\/arpajaiset\/osta-floridan-lottoliput-netissa\/","url":"https:\/\/gambling6.com\/fi\/arpajaiset\/osta-floridan-lottoliput-netissa\/","name":"Hanki nettilippuja Floridan lottoon","isPartOf":{"@id":"https:\/\/gambling6.com\/fi\/#website"},"datePublished":"2025-11-11T08:07:19+00:00","description":"Osallistu Floridan lottoon ja voita helteet hankkimalla kuponkisi verkosta.","breadcrumb":{"@id":"https:\/\/gambling6.com\/fi\/arpajaiset\/osta-floridan-lottoliput-netissa\/#breadcrumb"},"inLanguage":"fi","potentialAction":[{"@type":"ReadAction","target":["https:\/\/gambling6.com\/fi\/arpajaiset\/osta-floridan-lottoliput-netissa\/"]}]},{"@type":"BreadcrumbList","@id":"https:\/\/gambling6.com\/fi\/arpajaiset\/osta-floridan-lottoliput-netissa\/#breadcrumb","itemListElement":[{"@type":"ListItem","position":1,"name":"Home","item":"https:\/\/gambling6.com\/fi\/home\/"},{"@type":"ListItem","position":2,"name":"Arpajaiset","item":"https:\/\/gambling6.com\/fi\/arpajaiset\/"},{"@type":"ListItem","position":3,"name":"Osta Floridan lottoliput netiss\u00e4"}]},{"@type":"WebSite","@id":"https:\/\/gambling6.com\/fi\/#website","url":"https:\/\/gambling6.com\/fi\/","name":"Gambling6","description":"","potentialAction":[{"@type":"SearchAction","target":{"@type":"EntryPoint","urlTemplate":"https:\/\/gambling6.com\/fi\/?s={search_term_string}"},"query-input":{"@type":"PropertyValueSpecification","valueRequired":true,"valueName":"search_term_string"}}],"inLanguage":"fi"}]}},"_links":{"self":[{"href":"https:\/\/gambling6.com\/fi\/wp-json\/wp\/v2\/pages\/9620","targetHints":{"allow":["GET"]}}],"collection":[{"href":"https:\/\/gambling6.com\/fi\/wp-json\/wp\/v2\/pages"}],"about":[{"href":"https:\/\/gambling6.com\/fi\/wp-json\/wp\/v2\/types\/page"}],"author":[{"embeddable":true,"href":"https:\/\/gambling6.com\/fi\/wp-json\/wp\/v2\/users\/1"}],"replies":[{"embeddable":true,"href":"https:\/\/gambling6.com\/fi\/wp-json\/wp\/v2\/comments?post=9620"}],"version-history":[{"count":0,"href":"https:\/\/gambling6.com\/fi\/wp-json\/wp\/v2\/pages\/9620\/revisions"}],"up":[{"embeddable":true,"href":"https:\/\/gambling6.com\/fi\/wp-json\/wp\/v2\/pages\/9280"}],"wp:attachment":[{"href":"https:\/\/gambling6.com\/fi\/wp-json\/wp\/v2\/media?parent=9620"}],"curies":[{"name":"wp","href":"https:\/\/api.w.org\/{rel}","templated":true}]}}