{"id":9633,"date":"2025-11-11T08:35:14","date_gmt":"2025-11-11T08:35:14","guid":{"rendered":"https:\/\/gambling6.com\/arpajaiset\/hanki-eurojackpot-lottoa-verkosta\/"},"modified":"2025-11-11T08:35:14","modified_gmt":"2025-11-11T08:35:14","slug":"hanki-eurojackpot-lottoa-verkosta","status":"publish","type":"page","link":"https:\/\/gambling6.com\/fi\/arpajaiset\/hanki-eurojackpot-lottoa-verkosta\/","title":{"rendered":"Hanki Eurojackpot-lottoa verkosta"},"content":{"rendered":"<h2>Eurojackpot-arpajaiset<\/h2>\n<p>Voit ostaa Eurojackpot-lippuja netist\u00e4 ja tulla yhdess\u00e4 y\u00f6ss\u00e4 miljon\u00e4\u00e4riksi. Internet on nyt mahdollistanut Eurojackpotin pelaamisen verkossa monien muiden eurooppalaisten lottojen ohella. Voit tehd\u00e4 sen ostamalla lippuja netist\u00e4 mukavasta kotituolistasi. Ei en\u00e4\u00e4 juoksemista l\u00e4hikauppaan tai lottokioskeihin, hanki Eurojackpot-lippusi netist\u00e4.<img loading=\"lazy\" decoding=\"async\" class=\"alignright wp-image-552 \" style=\"margin: 10px; border: 5px solid #ffffff; float: right;\" src=\"https:\/\/gambling6.com\/wp-content\/uploads\/2013\/12\/play-euro-jackpot-online.jpg\" alt=\"osta eurojackpot-lippuja netist\u00e4\" width=\"240\" height=\"218\" \/><\/p>\n<p>Jos haluat liitty\u00e4 miljoonien ihmisten joukkoon, jotka haluavat voittaa valtavia j\u00e4ttipotteja, sinun tarvitsee vain valita seitsem\u00e4n numeroasi netiss\u00e4 ja nostaa ne k\u00e4ytt\u00e4m\u00e4ll\u00e4 yht\u00e4 monista k\u00e4tevist\u00e4 maksutavoista. Lottoarpojen ostaminen verkosta ei ole koskaan ollut helpompaa. Euroopan kolkissa voit ostaa lippuja useisiin suuriin j\u00e4ttipottiarpajaisiin verkossa.<\/p>\n<h2>Osta Eurojackpot-lippuja verkosta mist\u00e4 tahansa maasta<\/h2>\n<p>Lippujen ostamisessa verkosta ei ole rajoja. Olitpa sitten Kuubassa tai Kiinassa, voit ostaa lippuja internetin kautta nopeasti, yst\u00e4v\u00e4llisess\u00e4 ja turvallisessa ymp\u00e4rist\u00f6ss\u00e4 yhteisty\u00f6kumppanimme RedFoxLotton avulla. <a class=\"thirstylink\" title=\"RedFoxLotto en\" href=\"https:\/\/gambling6.com\/go\/redfoxlotto-en\/\" target=\"_blank\" rel=\"nofollow noopener\">Rekister\u00f6idy t\u00e4\u00e4ll\u00e4, kirjaudu tilillesi<\/a>, valitse numerosi, maksa ja odota lippusi tarkistamista arvontatulosten perusteella.<\/p>\n<p>RedFoxLotto ei voi hyv\u00e4ksy\u00e4 Yhdysvalloissa asuvia lottofaneja; sen sijaan yhdysvaltalaisten pelaajien tulisi kokeilla TheLotteria, toista vaihtoehtoa kansainv\u00e4lisille lottoarpoille. <a href=\"https:\/\/smarturl.it\/theBig_Play?tl_affid=8190&amp;tl_bannerid=6cc3afab\" target=\"_self\" rel=\"noopener\"><img loading=\"lazy\" decoding=\"async\" class=\"aligncenter\" title=\"\" src=\"\/\/www.thelotter-affiliates.com\/accounts\/default1\/banners\/6cc3afab.gif\" alt=\"\" width=\"468\" height=\"60\" \/><\/a><\/p>\n<h2>Voit voittaa valtavia palkintoja Eurojackpot-verkkolippuillasi<\/h2>\n<table style=\"width: 500px;\" border=\"1\" cellspacing=\"5\" cellpadding=\"5\" align=\"center\">\n<tbody>\n<tr>\n<td colspan=\"3\" align=\"center\">Viisi suurinta j\u00e4ttipottia vuodelle 2013<\/td>\n<\/tr>\n<tr>\n<td>Arvonta<\/td>\n<td align=\"center\">P\u00e4iv\u00e4m\u00e4\u00e4r\u00e4<\/td>\n<td align=\"center\">P\u00e4\u00e4potti (USD)<\/td>\n<\/tr>\n<tr>\n<td>Euro Jackpot &#8211; Eurooppa<\/td>\n<td align=\"center\">12. huhtikuuta 2013<\/td>\n<td align=\"right\">63 128 694 dollaria<\/td>\n<\/tr>\n<tr>\n<td>Euro Jackpot &#8211; Eurooppa<\/td>\n<td align=\"center\">19. hein\u00e4kuuta 2013<\/td>\n<td align=\"right\">56 886 414 $<\/td>\n<\/tr>\n<tr>\n<td>Euro Jackpot &#8211; Eurooppa<\/td>\n<td align=\"center\">25. tammikuuta 2013<\/td>\n<td align=\"right\">40 470 680 $<\/td>\n<\/tr>\n<tr>\n<td>Euro Jackpot &#8211; Eurooppa<\/td>\n<td align=\"center\">27. syyskuuta 2013<\/td>\n<td align=\"right\">29 122 090 $<\/td>\n<\/tr>\n<tr>\n<td>Euro Jackpot &#8211; Eurooppa<\/td>\n<td align=\"center\">7. joulukuuta 2013<\/td>\n<td align=\"right\">28 770 000 $<\/td>\n<\/tr>\n<\/tbody>\n<\/table>\n<h2>\u00a0Kaksitoista mahdollisuutta voittaa Eurojackpot-peliss\u00e4 verkossa liput<\/h2>\n<table style=\"width: 500px;\" border=\"1\" cellspacing=\"5\" cellpadding=\"5\" align=\"center\">\n<tbody>\n<tr>\n<td colspan=\"3\" align=\"center\">Eurojackpotin voittotasot<\/td>\n<\/tr>\n<tr>\n<td>Palkinto<\/td>\n<td align=\"center\">Ottelut<\/td>\n<td align=\"center\">Kertoimet<\/td>\n<\/tr>\n<tr>\n<td>1. (P\u00e4\u00e4potti)<\/td>\n<td align=\"center\">5 + 2<\/td>\n<td align=\"right\">59 325 280 : 1<\/td>\n<\/tr>\n<tr>\n<td>2.<\/td>\n<td align=\"center\">5 + 1<\/td>\n<td align=\"right\">4 943 773 : 1<\/td>\n<\/tr>\n<tr>\n<td>3.<\/td>\n<td align=\"center\">5<\/td>\n<td align=\"right\">3 955 019 : 1<\/td>\n<\/tr>\n<tr>\n<td>4.<\/td>\n<td align=\"center\">4 + 2<\/td>\n<td align=\"right\">263 668 : 1<\/td>\n<\/tr>\n<tr>\n<td>5.<\/td>\n<td align=\"center\">4 + 1<\/td>\n<td align=\"right\">21 972 : 1<\/td>\n<\/tr>\n<tr>\n<td>6.<\/td>\n<td align=\"center\">4<\/td>\n<td align=\"right\">17 578 : 1<\/td>\n<\/tr>\n<tr>\n<td>7.<\/td>\n<td align=\"center\">3 + 2<\/td>\n<td align=\"right\">5 992 : 1<\/td>\n<\/tr>\n<tr>\n<td>8.<\/td>\n<td align=\"center\">3 + 1<\/td>\n<td align=\"right\">499 : 1<\/td>\n<\/tr>\n<tr>\n<td>9.<\/td>\n<td align=\"center\">2 + 2<\/td>\n<td align=\"right\">418 : 1<\/td>\n<\/tr>\n<tr>\n<td>10.<\/td>\n<td align=\"center\">3<\/td>\n<td align=\"right\">399 : 1<\/td>\n<\/tr>\n<tr>\n<td>11.<\/td>\n<td align=\"center\">1 + 2<\/td>\n<td align=\"right\">80 : 1<\/td>\n<\/tr>\n<tr>\n<td>12.<\/td>\n<td align=\"center\">2 + 1<\/td>\n<td align=\"right\">35 : 1<\/td>\n<\/tr>\n<\/tbody>\n<\/table>\n<p style=\"text-align: center;\"><strong>\u00c4l\u00e4 lykk\u00e4\u00e4 mahdollisuuttasi tulla miljon\u00e4\u00e4riksi. Rekister\u00f6idy ja osta Eurojackpot-lippusi verkosta jo t\u00e4n\u00e4\u00e4n.<\/strong><\/p>\n","protected":false},"excerpt":{"rendered":"<p>Eurojackpot-arpajaiset Voit ostaa Eurojackpot-lippuja netist\u00e4 ja tulla yhdess\u00e4 y\u00f6ss\u00e4 miljon\u00e4\u00e4riksi. Internet on nyt mahdollistanut Eurojackpotin pelaamisen verkossa monien muiden eurooppalaisten lottojen ohella. Voit tehd\u00e4 sen ostamalla lippuja netist\u00e4 mukavasta kotituolistasi. Ei en\u00e4\u00e4 juoksemista l\u00e4hikauppaan tai lottokioskeihin, hanki Eurojackpot-lippusi netist\u00e4. Jos haluat liitty\u00e4 miljoonien ihmisten joukkoon, jotka haluavat voittaa valtavia j\u00e4ttipotteja, sinun tarvitsee vain valita seitsem\u00e4n [&hellip;]<\/p>\n","protected":false},"author":1,"featured_media":9518,"parent":9280,"menu_order":10,"comment_status":"closed","ping_status":"closed","template":"","meta":{"footnotes":""},"class_list":["post-9633","page","type-page","status-publish","has-post-thumbnail","hentry"],"yoast_head":"<!-- This site is optimized with the Yoast SEO plugin v27.5 - https:\/\/yoast.com\/product\/yoast-seo-wordpress\/ -->\n<title>Osta Eurojackpot-lottoarpoja netist\u00e4<\/title>\n<meta name=\"description\" content=\"Paljon rahaa voi voittaa pelaamalla Eurojackpotia ostamalla lottokuponkeja verkosta.\" \/>\n<meta name=\"robots\" content=\"index, follow, max-snippet:-1, max-image-preview:large, max-video-preview:-1\" \/>\n<link rel=\"canonical\" href=\"https:\/\/gambling6.com\/fi\/arpajaiset\/hanki-eurojackpot-lottoa-verkosta\/\" \/>\n<meta property=\"og:locale\" content=\"fi_FI\" \/>\n<meta property=\"og:type\" content=\"article\" \/>\n<meta property=\"og:title\" content=\"Osta Eurojackpot-lottoarpoja netist\u00e4\" \/>\n<meta property=\"og:description\" content=\"Paljon rahaa voi voittaa pelaamalla Eurojackpotia ostamalla lottokuponkeja verkosta.\" \/>\n<meta property=\"og:url\" content=\"https:\/\/gambling6.com\/fi\/arpajaiset\/hanki-eurojackpot-lottoa-verkosta\/\" \/>\n<meta property=\"og:site_name\" content=\"Gambling6\" \/>\n<meta property=\"og:image\" content=\"https:\/\/gambling6.com\/wp-content\/uploads\/2013\/12\/play-euro-jackpot-online.jpg\" \/>\n\t<meta property=\"og:image:width\" content=\"285\" \/>\n\t<meta property=\"og:image:height\" content=\"259\" \/>\n\t<meta property=\"og:image:type\" content=\"image\/jpeg\" \/>\n<meta name=\"twitter:card\" content=\"summary_large_image\" \/>\n<meta name=\"twitter:label1\" content=\"Arvioitu lukuaika\" \/>\n\t<meta name=\"twitter:data1\" content=\"1 minuutti\" \/>\n<script type=\"application\/ld+json\" class=\"yoast-schema-graph\">{\"@context\":\"https:\\\/\\\/schema.org\",\"@graph\":[{\"@type\":\"WebPage\",\"@id\":\"https:\\\/\\\/gambling6.com\\\/fi\\\/arpajaiset\\\/hanki-eurojackpot-lottoa-verkosta\\\/\",\"url\":\"https:\\\/\\\/gambling6.com\\\/fi\\\/arpajaiset\\\/hanki-eurojackpot-lottoa-verkosta\\\/\",\"name\":\"Osta Eurojackpot-lottoarpoja netist\u00e4\",\"isPartOf\":{\"@id\":\"https:\\\/\\\/gambling6.com\\\/fi\\\/#website\"},\"primaryImageOfPage\":{\"@id\":\"https:\\\/\\\/gambling6.com\\\/fi\\\/arpajaiset\\\/hanki-eurojackpot-lottoa-verkosta\\\/#primaryimage\"},\"image\":{\"@id\":\"https:\\\/\\\/gambling6.com\\\/fi\\\/arpajaiset\\\/hanki-eurojackpot-lottoa-verkosta\\\/#primaryimage\"},\"thumbnailUrl\":\"https:\\\/\\\/gambling6.com\\\/wp-content\\\/uploads\\\/2013\\\/12\\\/play-euro-jackpot-online.jpg\",\"datePublished\":\"2025-11-11T08:35:14+00:00\",\"description\":\"Paljon rahaa voi voittaa pelaamalla Eurojackpotia ostamalla lottokuponkeja verkosta.\",\"breadcrumb\":{\"@id\":\"https:\\\/\\\/gambling6.com\\\/fi\\\/arpajaiset\\\/hanki-eurojackpot-lottoa-verkosta\\\/#breadcrumb\"},\"inLanguage\":\"fi\",\"potentialAction\":[{\"@type\":\"ReadAction\",\"target\":[\"https:\\\/\\\/gambling6.com\\\/fi\\\/arpajaiset\\\/hanki-eurojackpot-lottoa-verkosta\\\/\"]}]},{\"@type\":\"ImageObject\",\"inLanguage\":\"fi\",\"@id\":\"https:\\\/\\\/gambling6.com\\\/fi\\\/arpajaiset\\\/hanki-eurojackpot-lottoa-verkosta\\\/#primaryimage\",\"url\":\"https:\\\/\\\/gambling6.com\\\/wp-content\\\/uploads\\\/2013\\\/12\\\/play-euro-jackpot-online.jpg\",\"contentUrl\":\"https:\\\/\\\/gambling6.com\\\/wp-content\\\/uploads\\\/2013\\\/12\\\/play-euro-jackpot-online.jpg\",\"width\":285,\"height\":259},{\"@type\":\"BreadcrumbList\",\"@id\":\"https:\\\/\\\/gambling6.com\\\/fi\\\/arpajaiset\\\/hanki-eurojackpot-lottoa-verkosta\\\/#breadcrumb\",\"itemListElement\":[{\"@type\":\"ListItem\",\"position\":1,\"name\":\"Home\",\"item\":\"https:\\\/\\\/gambling6.com\\\/fi\\\/home\\\/\"},{\"@type\":\"ListItem\",\"position\":2,\"name\":\"Arpajaiset\",\"item\":\"https:\\\/\\\/gambling6.com\\\/fi\\\/arpajaiset\\\/\"},{\"@type\":\"ListItem\",\"position\":3,\"name\":\"Hanki Eurojackpot-lottoa verkosta\"}]},{\"@type\":\"WebSite\",\"@id\":\"https:\\\/\\\/gambling6.com\\\/fi\\\/#website\",\"url\":\"https:\\\/\\\/gambling6.com\\\/fi\\\/\",\"name\":\"Gambling6\",\"description\":\"\",\"potentialAction\":[{\"@type\":\"SearchAction\",\"target\":{\"@type\":\"EntryPoint\",\"urlTemplate\":\"https:\\\/\\\/gambling6.com\\\/fi\\\/?s={search_term_string}\"},\"query-input\":{\"@type\":\"PropertyValueSpecification\",\"valueRequired\":true,\"valueName\":\"search_term_string\"}}],\"inLanguage\":\"fi\"}]}<\/script>\n<!-- \/ Yoast SEO plugin. -->","yoast_head_json":{"title":"Osta Eurojackpot-lottoarpoja netist\u00e4","description":"Paljon rahaa voi voittaa pelaamalla Eurojackpotia ostamalla lottokuponkeja verkosta.","robots":{"index":"index","follow":"follow","max-snippet":"max-snippet:-1","max-image-preview":"max-image-preview:large","max-video-preview":"max-video-preview:-1"},"canonical":"https:\/\/gambling6.com\/fi\/arpajaiset\/hanki-eurojackpot-lottoa-verkosta\/","og_locale":"fi_FI","og_type":"article","og_title":"Osta Eurojackpot-lottoarpoja netist\u00e4","og_description":"Paljon rahaa voi voittaa pelaamalla Eurojackpotia ostamalla lottokuponkeja verkosta.","og_url":"https:\/\/gambling6.com\/fi\/arpajaiset\/hanki-eurojackpot-lottoa-verkosta\/","og_site_name":"Gambling6","og_image":[{"width":285,"height":259,"url":"https:\/\/gambling6.com\/wp-content\/uploads\/2013\/12\/play-euro-jackpot-online.jpg","type":"image\/jpeg"}],"twitter_card":"summary_large_image","twitter_misc":{"Arvioitu lukuaika":"1 minuutti"},"schema":{"@context":"https:\/\/schema.org","@graph":[{"@type":"WebPage","@id":"https:\/\/gambling6.com\/fi\/arpajaiset\/hanki-eurojackpot-lottoa-verkosta\/","url":"https:\/\/gambling6.com\/fi\/arpajaiset\/hanki-eurojackpot-lottoa-verkosta\/","name":"Osta Eurojackpot-lottoarpoja netist\u00e4","isPartOf":{"@id":"https:\/\/gambling6.com\/fi\/#website"},"primaryImageOfPage":{"@id":"https:\/\/gambling6.com\/fi\/arpajaiset\/hanki-eurojackpot-lottoa-verkosta\/#primaryimage"},"image":{"@id":"https:\/\/gambling6.com\/fi\/arpajaiset\/hanki-eurojackpot-lottoa-verkosta\/#primaryimage"},"thumbnailUrl":"https:\/\/gambling6.com\/wp-content\/uploads\/2013\/12\/play-euro-jackpot-online.jpg","datePublished":"2025-11-11T08:35:14+00:00","description":"Paljon rahaa voi voittaa pelaamalla Eurojackpotia ostamalla lottokuponkeja verkosta.","breadcrumb":{"@id":"https:\/\/gambling6.com\/fi\/arpajaiset\/hanki-eurojackpot-lottoa-verkosta\/#breadcrumb"},"inLanguage":"fi","potentialAction":[{"@type":"ReadAction","target":["https:\/\/gambling6.com\/fi\/arpajaiset\/hanki-eurojackpot-lottoa-verkosta\/"]}]},{"@type":"ImageObject","inLanguage":"fi","@id":"https:\/\/gambling6.com\/fi\/arpajaiset\/hanki-eurojackpot-lottoa-verkosta\/#primaryimage","url":"https:\/\/gambling6.com\/wp-content\/uploads\/2013\/12\/play-euro-jackpot-online.jpg","contentUrl":"https:\/\/gambling6.com\/wp-content\/uploads\/2013\/12\/play-euro-jackpot-online.jpg","width":285,"height":259},{"@type":"BreadcrumbList","@id":"https:\/\/gambling6.com\/fi\/arpajaiset\/hanki-eurojackpot-lottoa-verkosta\/#breadcrumb","itemListElement":[{"@type":"ListItem","position":1,"name":"Home","item":"https:\/\/gambling6.com\/fi\/home\/"},{"@type":"ListItem","position":2,"name":"Arpajaiset","item":"https:\/\/gambling6.com\/fi\/arpajaiset\/"},{"@type":"ListItem","position":3,"name":"Hanki Eurojackpot-lottoa verkosta"}]},{"@type":"WebSite","@id":"https:\/\/gambling6.com\/fi\/#website","url":"https:\/\/gambling6.com\/fi\/","name":"Gambling6","description":"","potentialAction":[{"@type":"SearchAction","target":{"@type":"EntryPoint","urlTemplate":"https:\/\/gambling6.com\/fi\/?s={search_term_string}"},"query-input":{"@type":"PropertyValueSpecification","valueRequired":true,"valueName":"search_term_string"}}],"inLanguage":"fi"}]}},"_links":{"self":[{"href":"https:\/\/gambling6.com\/fi\/wp-json\/wp\/v2\/pages\/9633","targetHints":{"allow":["GET"]}}],"collection":[{"href":"https:\/\/gambling6.com\/fi\/wp-json\/wp\/v2\/pages"}],"about":[{"href":"https:\/\/gambling6.com\/fi\/wp-json\/wp\/v2\/types\/page"}],"author":[{"embeddable":true,"href":"https:\/\/gambling6.com\/fi\/wp-json\/wp\/v2\/users\/1"}],"replies":[{"embeddable":true,"href":"https:\/\/gambling6.com\/fi\/wp-json\/wp\/v2\/comments?post=9633"}],"version-history":[{"count":0,"href":"https:\/\/gambling6.com\/fi\/wp-json\/wp\/v2\/pages\/9633\/revisions"}],"up":[{"embeddable":true,"href":"https:\/\/gambling6.com\/fi\/wp-json\/wp\/v2\/pages\/9280"}],"wp:featuredmedia":[{"embeddable":true,"href":"https:\/\/gambling6.com\/fi\/wp-json\/wp\/v2\/media\/9518"}],"wp:attachment":[{"href":"https:\/\/gambling6.com\/fi\/wp-json\/wp\/v2\/media?parent=9633"}],"curies":[{"name":"wp","href":"https:\/\/api.w.org\/{rel}","templated":true}]}}