{"id":9649,"date":"2025-11-11T09:06:17","date_gmt":"2025-11-11T09:06:17","guid":{"rendered":"https:\/\/gambling6.com\/arpajaiset\/hanki-el-gordo-arpajaisten-lippuja-mista-tahansa\/"},"modified":"2025-11-15T11:26:02","modified_gmt":"2025-11-15T11:26:02","slug":"hanki-el-gordo-arpajaisten-lippuja-mista-tahansa","status":"publish","type":"page","link":"https:\/\/gambling6.com\/fi\/arpajaiset\/hanki-el-gordo-arpajaisten-lippuja-mista-tahansa\/","title":{"rendered":"Hanki El Gordo -arpajaisten lippuja mist\u00e4 tahansa"},"content":{"rendered":"<h2>El Gordo -lottolippujen ostaminen verkossa on helppoa.<\/h2>\n<p><img loading=\"lazy\" decoding=\"async\" class=\" wp-image-1569 alignright\" src=\"https:\/\/gambling6.com\/wp-content\/uploads\/2022\/04\/2_ticket_spanish_lottery.jpg\" alt=\"paksu lippu\" width=\"200\" height=\"274\" \/>Euroopassa El Gordo -lotto on valtava, ja sit\u00e4 pelaavat ihmiset sek\u00e4 Espanjassa ett\u00e4 kansainv\u00e4lisesti. Voit odottaa v\u00e4hint\u00e4\u00e4n noin 6,5 miljoonan euron j\u00e4ttipottia joka viikko. Sunnuntaisin on vain yksi arvonta viikossa, ja ihmiset jonottavat pelaamaan joka viikko. J\u00e4ttipotti voi kerty\u00e4 jopa 26 miljoonaan euroon. Jos kuitenkin on usein siirtoja (ei j\u00e4ttipottia), se voi joskus nousta jopa 35 miljoonaan euroon, kun edellisilt\u00e4 viikoilta on siirretty rahaa.<\/p>\n<h2>Eurooppalaiset ostavat lottolippuja verkossa viikoittain.<\/h2>\n<p>Eurooppa on edelleen kasvava lottotulojen l\u00e4hde; Joka viikko miljoonat pelaajat jonottavat pelatakseen lottoa t\u00e4ll\u00e4 mantereella. Saadaksesi El Gordo -arvontan verkkolippusi sinun on k\u00e4yt\u00e4v\u00e4 kumppanimme RedFoxLotto -sivustolla, kirjauduttava tilillesi ja p\u00e4\u00e4tett\u00e4v\u00e4, haluatko k\u00e4ytt\u00e4\u00e4 pikavalintoja vai valita omat numerosi. Jos valitset omat numerosi, sinun on valittava viisi p\u00e4\u00e4numeroa ja yksi bonusnumero.<\/p>\n<p>El Gordoa, joka tunnetaan nimell\u00e4 espanjalainen 6\/49-lotto, ei pid\u00e4 sekoittaa El Gordo -jouluarpajaisiin. T\u00e4m\u00e4 suosittu viikoittainen arpajainen arvotaan sunnuntaisin. Kun ostat El Gordo -arvontan verkkolippuja, muista, ett\u00e4 voittomahdollisuus on 1\/10. T\u00e4m\u00e4 johtuu siit\u00e4, ett\u00e4 p\u00e4\u00e4voiton lis\u00e4ksi on seitsem\u00e4n eri voittotasoa.<\/p>\n<p>Miljoonat k\u00e4ytet\u00e4\u00e4n kuukausittain lippujen ostoon.<\/h2>\n<p>Eurooppalaiset ovat olleet hulluina arpalipuista viime vuosina. Eurooppalaiset k\u00e4ytt\u00e4v\u00e4t satoja miljoonia dollareita lippuihin vuosittain toiseksi eniten Pohjois-Amerikan j\u00e4lkeen. Nyt kun maailmanlaajuisten lottoarpojen lippuja on mahdollista ostaa verkosta, myynti on kasvanut dramaattisesti. Jos haluat hankkia lippusi tulevaan El Gordo -lottoon,\u00a0<a class=\"thirstylink\" title=\"Redfoxlotto\" href=\"https:\/\/gambling6.com\/go\/redfoxlotto\/\" target=\"_blank\" rel=\"nofollow noopener\">k\u00e4y vain yhteisty\u00f6kumppanimme RedFoxLotto<\/a>-sivustolla, luo tili, ja sinusta voi tulla multimiljon\u00e4\u00e4ri yhdess\u00e4 y\u00f6ss\u00e4.<\/p>\n<table style=\"width: 500px;\" border=\"1\" cellspacing=\"5\" cellpadding=\"5\" align=\"center\">\n<tbody>\n<tr>\n<td colspan=\"3\" align=\"center\">Vuoden 2013 parhaat j\u00e4ttipotit<\/td>\n<\/tr>\n<tr>\n<td>Arvonta<\/td>\n<td align=\"center\">P\u00e4iv\u00e4m\u00e4\u00e4r\u00e4<\/td>\n<td align=\"center\">P\u00e4\u00e4potti (USD)<\/td>\n<\/tr>\n<tr>\n<td>El Gordo &#8211; Espanja<\/td>\n<td align=\"center\">13. lokakuuta 2013<\/td>\n<td align=\"right\">13 327 360 $<\/td>\n<\/tr>\n<tr>\n<td>El Gordo &#8211; Espanja<\/td>\n<td align=\"center\">4. elokuuta 2013<\/td>\n<td align=\"right\">10 275 000 dollaria<\/td>\n<\/tr>\n<tr>\n<td>El Gordo &#8211; Espanja<\/td>\n<td align=\"center\">16. kes\u00e4kuuta 2013<\/td>\n<td align=\"right\">9 590 000 dollaria<\/td>\n<\/tr>\n<tr>\n<td>El Gordo &#8211; Espanja<\/td>\n<td align=\"center\">23. kes\u00e4kuuta 2013<\/td>\n<td align=\"right\">6 850 000 dollaria<\/td>\n<\/tr>\n<\/tbody>\n<\/table>\n<p>&nbsp;<\/p>\n<table style=\"width: 500px;\" border=\"1\" cellspacing=\"5\" cellpadding=\"5\" align=\"center\">\n<tbody>\n<tr>\n<td colspan=\"3\" align=\"center\">El Gordo Lotto &#8211; Espanjalainen 6\/49 -voittotasot<\/td>\n<\/tr>\n<tr>\n<td>Palkinto<\/td>\n<td align=\"center\">Ottelut<\/td>\n<td align=\"center\">Kertoimet<\/td>\n<\/tr>\n<tr>\n<td>1. (P\u00e4\u00e4potti)<\/td>\n<td align=\"center\">5 + 1<\/td>\n<td align=\"right\">31 625 100 : 1<\/td>\n<\/tr>\n<tr>\n<td>2.<\/td>\n<td align=\"center\">5<\/td>\n<td align=\"right\">3 513 900 : 1<\/td>\n<\/tr>\n<tr>\n<td>3.<\/td>\n<td align=\"center\">4 + 1<\/td>\n<td align=\"right\">129 082 : 1<\/td>\n<\/tr>\n<tr>\n<td>4.<\/td>\n<td align=\"center\">4<\/td>\n<td align=\"right\">14 342 : 1<\/td>\n<\/tr>\n<tr>\n<td>5.<\/td>\n<td align=\"center\">3 + 1<\/td>\n<td align=\"right\">2 689 : 1<\/td>\n<\/tr>\n<tr>\n<td>6.<\/td>\n<td align=\"center\">3<\/td>\n<td align=\"right\">299 : 1<\/td>\n<\/tr>\n<tr>\n<td>7.<\/td>\n<td align=\"center\">2 + 1<\/td>\n<td align=\"right\">172 : 1<\/td>\n<\/tr>\n<tr>\n<td>8.<\/td>\n<td align=\"center\">2<\/td>\n<td align=\"right\">19 : 1<\/td>\n<\/tr>\n<tr>\n<td>9.<\/td>\n<td align=\"center\">0 + 1<\/td>\n<td align=\"right\">10 : 1<\/td>\n<\/tr>\n<\/tbody>\n<\/table>\n","protected":false},"excerpt":{"rendered":"<p>El Gordo -lottolippujen ostaminen verkossa on helppoa. Euroopassa El Gordo -lotto on valtava, ja sit\u00e4 pelaavat ihmiset sek\u00e4 Espanjassa ett\u00e4 kansainv\u00e4lisesti. Voit odottaa v\u00e4hint\u00e4\u00e4n noin 6,5 miljoonan euron j\u00e4ttipottia joka viikko. Sunnuntaisin on vain yksi arvonta viikossa, ja ihmiset jonottavat pelaamaan joka viikko. J\u00e4ttipotti voi kerty\u00e4 jopa 26 miljoonaan euroon. Jos kuitenkin on usein siirtoja [&hellip;]<\/p>\n","protected":false},"author":1,"featured_media":0,"parent":9280,"menu_order":3,"comment_status":"closed","ping_status":"closed","template":"","meta":{"footnotes":""},"class_list":["post-9649","page","type-page","status-publish","hentry"],"yoast_head":"<!-- This site is optimized with the Yoast SEO plugin v27.6 - https:\/\/yoast.com\/product\/yoast-seo-wordpress\/ -->\n<title>Osta El Gordo -lottoarpoja netist\u00e4<\/title>\n<meta name=\"description\" content=\"Ryhdy miljon\u00e4\u00e4riksi hankkimalla El Gordo -lottokupongit netist\u00e4.\" \/>\n<meta name=\"robots\" content=\"index, follow, max-snippet:-1, max-image-preview:large, max-video-preview:-1\" \/>\n<link rel=\"canonical\" href=\"https:\/\/gambling6.com\/fi\/arpajaiset\/hanki-el-gordo-arpajaisten-lippuja-mista-tahansa\/\" \/>\n<meta property=\"og:locale\" content=\"fi_FI\" \/>\n<meta property=\"og:type\" content=\"article\" \/>\n<meta property=\"og:title\" content=\"Osta El Gordo -lottoarpoja netist\u00e4\" \/>\n<meta property=\"og:description\" content=\"Ryhdy miljon\u00e4\u00e4riksi hankkimalla El Gordo -lottokupongit netist\u00e4.\" \/>\n<meta property=\"og:url\" content=\"https:\/\/gambling6.com\/fi\/arpajaiset\/hanki-el-gordo-arpajaisten-lippuja-mista-tahansa\/\" \/>\n<meta property=\"og:site_name\" content=\"Gambling6\" \/>\n<meta property=\"article:modified_time\" content=\"2025-11-15T11:26:02+00:00\" \/>\n<meta property=\"og:image\" content=\"https:\/\/gambling6.com\/wp-content\/uploads\/2022\/04\/2_ticket_spanish_lottery.jpg\" \/>\n\t<meta property=\"og:image:width\" content=\"219\" \/>\n\t<meta property=\"og:image:height\" content=\"300\" \/>\n\t<meta property=\"og:image:type\" content=\"image\/jpeg\" \/>\n<meta name=\"twitter:card\" content=\"summary_large_image\" \/>\n<meta name=\"twitter:label1\" content=\"Arvioitu lukuaika\" \/>\n\t<meta name=\"twitter:data1\" content=\"1 minuutti\" \/>\n<script type=\"application\/ld+json\" class=\"yoast-schema-graph\">{\"@context\":\"https:\\\/\\\/schema.org\",\"@graph\":[{\"@type\":\"WebPage\",\"@id\":\"https:\\\/\\\/gambling6.com\\\/fi\\\/arpajaiset\\\/hanki-el-gordo-arpajaisten-lippuja-mista-tahansa\\\/\",\"url\":\"https:\\\/\\\/gambling6.com\\\/fi\\\/arpajaiset\\\/hanki-el-gordo-arpajaisten-lippuja-mista-tahansa\\\/\",\"name\":\"Osta El Gordo -lottoarpoja netist\u00e4\",\"isPartOf\":{\"@id\":\"https:\\\/\\\/gambling6.com\\\/fi\\\/#website\"},\"primaryImageOfPage\":{\"@id\":\"https:\\\/\\\/gambling6.com\\\/fi\\\/arpajaiset\\\/hanki-el-gordo-arpajaisten-lippuja-mista-tahansa\\\/#primaryimage\"},\"image\":{\"@id\":\"https:\\\/\\\/gambling6.com\\\/fi\\\/arpajaiset\\\/hanki-el-gordo-arpajaisten-lippuja-mista-tahansa\\\/#primaryimage\"},\"thumbnailUrl\":\"https:\\\/\\\/gambling6.com\\\/wp-content\\\/uploads\\\/2022\\\/04\\\/2_ticket_spanish_lottery.jpg\",\"datePublished\":\"2025-11-11T09:06:17+00:00\",\"dateModified\":\"2025-11-15T11:26:02+00:00\",\"description\":\"Ryhdy miljon\u00e4\u00e4riksi hankkimalla El Gordo -lottokupongit netist\u00e4.\",\"breadcrumb\":{\"@id\":\"https:\\\/\\\/gambling6.com\\\/fi\\\/arpajaiset\\\/hanki-el-gordo-arpajaisten-lippuja-mista-tahansa\\\/#breadcrumb\"},\"inLanguage\":\"fi\",\"potentialAction\":[{\"@type\":\"ReadAction\",\"target\":[\"https:\\\/\\\/gambling6.com\\\/fi\\\/arpajaiset\\\/hanki-el-gordo-arpajaisten-lippuja-mista-tahansa\\\/\"]}]},{\"@type\":\"ImageObject\",\"inLanguage\":\"fi\",\"@id\":\"https:\\\/\\\/gambling6.com\\\/fi\\\/arpajaiset\\\/hanki-el-gordo-arpajaisten-lippuja-mista-tahansa\\\/#primaryimage\",\"url\":\"https:\\\/\\\/gambling6.com\\\/wp-content\\\/uploads\\\/2022\\\/04\\\/2_ticket_spanish_lottery.jpg\",\"contentUrl\":\"https:\\\/\\\/gambling6.com\\\/wp-content\\\/uploads\\\/2022\\\/04\\\/2_ticket_spanish_lottery.jpg\"},{\"@type\":\"BreadcrumbList\",\"@id\":\"https:\\\/\\\/gambling6.com\\\/fi\\\/arpajaiset\\\/hanki-el-gordo-arpajaisten-lippuja-mista-tahansa\\\/#breadcrumb\",\"itemListElement\":[{\"@type\":\"ListItem\",\"position\":1,\"name\":\"Home\",\"item\":\"https:\\\/\\\/gambling6.com\\\/fi\\\/home\\\/\"},{\"@type\":\"ListItem\",\"position\":2,\"name\":\"Arpajaiset\",\"item\":\"https:\\\/\\\/gambling6.com\\\/fi\\\/arpajaiset\\\/\"},{\"@type\":\"ListItem\",\"position\":3,\"name\":\"Hanki El Gordo -arpajaisten lippuja mist\u00e4 tahansa\"}]},{\"@type\":\"WebSite\",\"@id\":\"https:\\\/\\\/gambling6.com\\\/fi\\\/#website\",\"url\":\"https:\\\/\\\/gambling6.com\\\/fi\\\/\",\"name\":\"Gambling6\",\"description\":\"\",\"potentialAction\":[{\"@type\":\"SearchAction\",\"target\":{\"@type\":\"EntryPoint\",\"urlTemplate\":\"https:\\\/\\\/gambling6.com\\\/fi\\\/?s={search_term_string}\"},\"query-input\":{\"@type\":\"PropertyValueSpecification\",\"valueRequired\":true,\"valueName\":\"search_term_string\"}}],\"inLanguage\":\"fi\"}]}<\/script>\n<!-- \/ Yoast SEO plugin. -->","yoast_head_json":{"title":"Osta El Gordo -lottoarpoja netist\u00e4","description":"Ryhdy miljon\u00e4\u00e4riksi hankkimalla El Gordo -lottokupongit netist\u00e4.","robots":{"index":"index","follow":"follow","max-snippet":"max-snippet:-1","max-image-preview":"max-image-preview:large","max-video-preview":"max-video-preview:-1"},"canonical":"https:\/\/gambling6.com\/fi\/arpajaiset\/hanki-el-gordo-arpajaisten-lippuja-mista-tahansa\/","og_locale":"fi_FI","og_type":"article","og_title":"Osta El Gordo -lottoarpoja netist\u00e4","og_description":"Ryhdy miljon\u00e4\u00e4riksi hankkimalla El Gordo -lottokupongit netist\u00e4.","og_url":"https:\/\/gambling6.com\/fi\/arpajaiset\/hanki-el-gordo-arpajaisten-lippuja-mista-tahansa\/","og_site_name":"Gambling6","article_modified_time":"2025-11-15T11:26:02+00:00","og_image":[{"width":219,"height":300,"url":"https:\/\/gambling6.com\/wp-content\/uploads\/2022\/04\/2_ticket_spanish_lottery.jpg","type":"image\/jpeg"}],"twitter_card":"summary_large_image","twitter_misc":{"Arvioitu lukuaika":"1 minuutti"},"schema":{"@context":"https:\/\/schema.org","@graph":[{"@type":"WebPage","@id":"https:\/\/gambling6.com\/fi\/arpajaiset\/hanki-el-gordo-arpajaisten-lippuja-mista-tahansa\/","url":"https:\/\/gambling6.com\/fi\/arpajaiset\/hanki-el-gordo-arpajaisten-lippuja-mista-tahansa\/","name":"Osta El Gordo -lottoarpoja netist\u00e4","isPartOf":{"@id":"https:\/\/gambling6.com\/fi\/#website"},"primaryImageOfPage":{"@id":"https:\/\/gambling6.com\/fi\/arpajaiset\/hanki-el-gordo-arpajaisten-lippuja-mista-tahansa\/#primaryimage"},"image":{"@id":"https:\/\/gambling6.com\/fi\/arpajaiset\/hanki-el-gordo-arpajaisten-lippuja-mista-tahansa\/#primaryimage"},"thumbnailUrl":"https:\/\/gambling6.com\/wp-content\/uploads\/2022\/04\/2_ticket_spanish_lottery.jpg","datePublished":"2025-11-11T09:06:17+00:00","dateModified":"2025-11-15T11:26:02+00:00","description":"Ryhdy miljon\u00e4\u00e4riksi hankkimalla El Gordo -lottokupongit netist\u00e4.","breadcrumb":{"@id":"https:\/\/gambling6.com\/fi\/arpajaiset\/hanki-el-gordo-arpajaisten-lippuja-mista-tahansa\/#breadcrumb"},"inLanguage":"fi","potentialAction":[{"@type":"ReadAction","target":["https:\/\/gambling6.com\/fi\/arpajaiset\/hanki-el-gordo-arpajaisten-lippuja-mista-tahansa\/"]}]},{"@type":"ImageObject","inLanguage":"fi","@id":"https:\/\/gambling6.com\/fi\/arpajaiset\/hanki-el-gordo-arpajaisten-lippuja-mista-tahansa\/#primaryimage","url":"https:\/\/gambling6.com\/wp-content\/uploads\/2022\/04\/2_ticket_spanish_lottery.jpg","contentUrl":"https:\/\/gambling6.com\/wp-content\/uploads\/2022\/04\/2_ticket_spanish_lottery.jpg"},{"@type":"BreadcrumbList","@id":"https:\/\/gambling6.com\/fi\/arpajaiset\/hanki-el-gordo-arpajaisten-lippuja-mista-tahansa\/#breadcrumb","itemListElement":[{"@type":"ListItem","position":1,"name":"Home","item":"https:\/\/gambling6.com\/fi\/home\/"},{"@type":"ListItem","position":2,"name":"Arpajaiset","item":"https:\/\/gambling6.com\/fi\/arpajaiset\/"},{"@type":"ListItem","position":3,"name":"Hanki El Gordo -arpajaisten lippuja mist\u00e4 tahansa"}]},{"@type":"WebSite","@id":"https:\/\/gambling6.com\/fi\/#website","url":"https:\/\/gambling6.com\/fi\/","name":"Gambling6","description":"","potentialAction":[{"@type":"SearchAction","target":{"@type":"EntryPoint","urlTemplate":"https:\/\/gambling6.com\/fi\/?s={search_term_string}"},"query-input":{"@type":"PropertyValueSpecification","valueRequired":true,"valueName":"search_term_string"}}],"inLanguage":"fi"}]}},"_links":{"self":[{"href":"https:\/\/gambling6.com\/fi\/wp-json\/wp\/v2\/pages\/9649","targetHints":{"allow":["GET"]}}],"collection":[{"href":"https:\/\/gambling6.com\/fi\/wp-json\/wp\/v2\/pages"}],"about":[{"href":"https:\/\/gambling6.com\/fi\/wp-json\/wp\/v2\/types\/page"}],"author":[{"embeddable":true,"href":"https:\/\/gambling6.com\/fi\/wp-json\/wp\/v2\/users\/1"}],"replies":[{"embeddable":true,"href":"https:\/\/gambling6.com\/fi\/wp-json\/wp\/v2\/comments?post=9649"}],"version-history":[{"count":1,"href":"https:\/\/gambling6.com\/fi\/wp-json\/wp\/v2\/pages\/9649\/revisions"}],"predecessor-version":[{"id":10945,"href":"https:\/\/gambling6.com\/fi\/wp-json\/wp\/v2\/pages\/9649\/revisions\/10945"}],"up":[{"embeddable":true,"href":"https:\/\/gambling6.com\/fi\/wp-json\/wp\/v2\/pages\/9280"}],"wp:attachment":[{"href":"https:\/\/gambling6.com\/fi\/wp-json\/wp\/v2\/media?parent=9649"}],"curies":[{"name":"wp","href":"https:\/\/api.w.org\/{rel}","templated":true}]}}