{"id":9667,"date":"2025-11-11T09:29:40","date_gmt":"2025-11-11T09:29:40","guid":{"rendered":"https:\/\/gambling6.com\/arpajaiset\/hanki-australian-lottoliput-verkossa\/"},"modified":"2025-11-11T09:29:40","modified_gmt":"2025-11-11T09:29:40","slug":"hanki-australian-lottoliput-verkossa","status":"publish","type":"page","link":"https:\/\/gambling6.com\/fi\/arpajaiset\/hanki-australian-lottoliput-verkossa\/","title":{"rendered":"Hanki Australian lottoliput verkossa"},"content":{"rendered":"<h2>Australian lotto<\/h2>\n<p>Joka viikko, tiistaina ja torstaina, Australiassa j\u00e4rjestet\u00e4\u00e4n kaksi eritt\u00e4in j\u00e4nnitt\u00e4v\u00e4\u00e4 lottoa. Powerball- ja Oz Lotto -lippuja voi ostaa verkosta. Australian lottolippujen ostaminen verkosta on yht\u00e4 helppoa kuin &#8221;heitt\u00e4\u00e4 toinen katkarapu Barbien p\u00e4\u00e4lle&#8221;. Ihmiset pelaavat n\u00e4it\u00e4 lottoja s\u00e4\u00e4nn\u00f6llisesti korkeista, 50 miljoonan dollarin ja sit\u00e4 suuremmista j\u00e4ttipoteista.<\/p>\n<p>Molempien j\u00e4ttipottien kertoimet ovat melko suotuisat niiden kokoon n\u00e4hden, ja koska lippuja voi ostaa verkosta, ne kasvavat melko nopeasti. N\u00e4m\u00e4 j\u00e4ttipotit ovat kasvattaneet suosiotaan maailmanlaajuisesti viime vuosina. Kuulet n\u00e4ist\u00e4 arvonnoista lis\u00e4\u00e4 uutisissa joka p\u00e4iv\u00e4.<\/p>\n<h2>Oz Lotto -liput verkossa ovat turvallisia ja suojattuja.<\/h2>\n<p>Voit valita turvallisesti ja varmasti 7 numeroasi ja odottaa arvontaa. Yhteisty\u00f6kumppanimme <a class=\"thirstylink\" title=\"Redfoxlotto\" href=\"https:\/\/gambling6.com\/go\/redfoxlotto\/\" target=\"_blank\" rel=\"nofollow noopener\">RedFoxLotto.com<\/a> poistaa kaikki lottolipun ostamisen huolet verkosta, joten sinun tarvitsee vain istua alas ja odottaa voittoa.<\/p>\n<p>Yhdysvaltalaisten pelaajien, <span style=\"box-sizing: border-box; margin: 0px; padding: 0px;\">jotka haluavat osallistua ja ostaa lipun verkosta Powerballiin tai mihin tahansa muuhun lottoon Australiasta, kannattaa valita toinen suosituksemme: <a href=\"https:\/\/gambling6.com\/go\/thelotter-en\/\" target=\"_blank\" rel=\"noopener\">TheLotter. Klikkaa t\u00e4st\u00e4 vieraillaksesi<\/a><\/span><a class=\"thirstylink\" title=\"TheLotter en\" href=\"https:\/\/gambling6.com\/go\/thelotter-en\/\" target=\"_blank\" rel=\"nofollow noopener\">\u00a0heid\u00e4n verkkosivustollaan.<\/a><\/p>\n<h2>Valtavia j\u00e4ttipotteja Powerball Australian online-lipuilla<\/h2>\n<table style=\"width: 500px;\" border=\"1\" cellspacing=\"5\" cellpadding=\"5\" align=\"center\">\n<tbody>\n<tr>\n<td colspan=\"3\" align=\"center\">Viisi suurinta j\u00e4ttipottia vuodelle 2013<\/td>\n<\/tr>\n<tr>\n<td>Arvonta<\/td>\n<td align=\"center\">P\u00e4iv\u00e4m\u00e4\u00e4r\u00e4<\/td>\n<td align=\"center\">P\u00e4\u00e4potti (USD)<\/td>\n<\/tr>\n<tr>\n<td>Powerball &#8211; Australia<\/td>\n<td align=\"center\">2. toukokuuta 2013<\/td>\n<td align=\"right\">55 229 291 dollaria<\/td>\n<\/tr>\n<tr>\n<td>Powerball &#8211; Australia<\/td>\n<td align=\"center\">18. hein\u00e4kuuta 2013<\/td>\n<td align=\"right\">26 700 000 dollaria<\/td>\n<\/tr>\n<tr>\n<td>Powerball &#8211; Australia<\/td>\n<td align=\"center\">19. syyskuuta 2013<\/td>\n<td align=\"right\">26 700 000 dollaria<\/td>\n<\/tr>\n<tr>\n<td>Powerball &#8211; Australia<\/td>\n<td align=\"center\">24. lokakuuta 2013<\/td>\n<td align=\"right\">26 700 000 dollaria<\/td>\n<\/tr>\n<tr>\n<td>Powerball &#8211; Australia<\/td>\n<td align=\"center\">3. tammikuuta 2013<\/td>\n<td align=\"right\">22 250 000 dollaria<\/td>\n<\/tr>\n<\/tbody>\n<\/table>\n<h2>\u00a0Kahdeksan palkintoluokkaa Australian Powerball-verkkolippuun ostajat<\/h2>\n<table style=\"width: 500px;\" border=\"1\" cellspacing=\"5\" cellpadding=\"5\" align=\"center\">\n<tbody>\n<tr>\n<td colspan=\"3\" align=\"center\">Powerball Lotto &#8211; Australian voittotasot<\/td>\n<\/tr>\n<tr>\n<td>Palkinto<\/td>\n<td align=\"center\">Ottelut<\/td>\n<td align=\"center\">Kertoimet<\/td>\n<\/tr>\n<tr>\n<td>1. (P\u00e4\u00e4potti)<\/td>\n<td align=\"center\">6 + 1<\/td>\n<td align=\"right\">76 767 600 : 1<\/td>\n<\/tr>\n<tr>\n<td>2.<\/td>\n<td align=\"center\">6<\/td>\n<td align=\"right\">4 040 400 : 1<\/td>\n<\/tr>\n<tr>\n<td>3.<\/td>\n<td align=\"center\">5 + 1<\/td>\n<td align=\"right\">376 312 : 1<\/td>\n<\/tr>\n<tr>\n<td>4.<\/td>\n<td align=\"center\">5<\/td>\n<td align=\"right\">19 806 : 1<\/td>\n<\/tr>\n<tr>\n<td>5.<\/td>\n<td align=\"center\">4 + 1<\/td>\n<td align=\"right\">9 123 : 1<\/td>\n<\/tr>\n<tr>\n<td>6.<\/td>\n<td align=\"center\">3 + 1<\/td>\n<td align=\"right\">641 : 1<\/td>\n<\/tr>\n<tr>\n<td>7.<\/td>\n<td align=\"center\">4<\/td>\n<td align=\"right\">480 : 1<\/td>\n<\/tr>\n<tr>\n<td>8.<\/td>\n<td align=\"center\">2 + 1<\/td>\n<td align=\"right\">110 : 1<\/td>\n<\/tr>\n<\/tbody>\n<\/table>\n<h2>\u00a0Oz Lotto -verkkolippujen haltijat voivat lunastaa suuria summia<\/h2>\n<table style=\"width: 500px;\" border=\"1\" cellspacing=\"5\" cellpadding=\"5\" align=\"center\">\n<tbody>\n<tr>\n<td colspan=\"3\" align=\"center\">Viisi suurinta j\u00e4ttipottia vuodelle 2013<\/td>\n<\/tr>\n<tr>\n<td>Arvonta<\/td>\n<td align=\"center\">P\u00e4iv\u00e4m\u00e4\u00e4r\u00e4<\/td>\n<td align=\"center\">P\u00e4\u00e4potti (USD)<\/td>\n<\/tr>\n<tr>\n<td>Oz Lotto &#8211; Australia<\/td>\n<td align=\"center\">17. joulukuuta 2013<\/td>\n<td align=\"right\">62 300 000 dollaria<\/td>\n<\/tr>\n<tr>\n<td>Oz Lotto &#8211; Australia<\/td>\n<td align=\"center\">2. hein\u00e4kuuta 2013<\/td>\n<td align=\"right\">44 500 000 dollaria<\/td>\n<\/tr>\n<tr>\n<td>Oz Lotto &#8211; Australia<\/td>\n<td align=\"center\">30. huhtikuuta 2013<\/td>\n<td align=\"right\">26 700 000 dollaria<\/td>\n<\/tr>\n<tr>\n<td>Oz Lotto &#8211; Australia<\/td>\n<td align=\"center\">29. tammikuuta 2013<\/td>\n<td align=\"right\">20 296 484 dollaria<\/td>\n<\/tr>\n<tr>\n<td>Oz Lotto &#8211; Australia<\/td>\n<td align=\"center\">3. syyskuuta 2013<\/td>\n<td align=\"right\">19 790 620 dollaria<\/td>\n<\/tr>\n<\/tbody>\n<\/table>\n<h2>\u00a0Tarkista liput verkosta, onko niit\u00e4 osumia maksa<\/h2>\n<table style=\"width: 500px;\" border=\"1\" cellspacing=\"5\" cellpadding=\"5\" align=\"center\">\n<tbody>\n<tr>\n<td colspan=\"3\" align=\"center\">Oz Lotto &#8211; Australian voittotasot<\/td>\n<\/tr>\n<tr>\n<td>Palkinto<\/td>\n<td align=\"center\">Ottelut<\/td>\n<td align=\"center\">Kertoimet<\/td>\n<\/tr>\n<tr>\n<td>1. (P\u00e4\u00e4potti)<\/td>\n<td align=\"center\">7<\/td>\n<td align=\"right\">45 379 620 : 1<\/td>\n<\/tr>\n<tr>\n<td>2.<\/td>\n<td align=\"center\">6 + 1<\/td>\n<td align=\"right\">3 241 401 : 1<\/td>\n<\/tr>\n<tr>\n<td>3.<\/td>\n<td align=\"center\">6<\/td>\n<td align=\"right\">180 078 : 1<\/td>\n<\/tr>\n<tr>\n<td>4.<\/td>\n<td align=\"center\">5 + 1<\/td>\n<td align=\"right\">29 602 : 1<\/td>\n<\/tr>\n<tr>\n<td>5.<\/td>\n<td align=\"center\">5<\/td>\n<td align=\"right\">3 430 : 1<\/td>\n<\/tr>\n<tr>\n<td>6.<\/td>\n<td align=\"center\">4<\/td>\n<td align=\"right\">154 : 1<\/td>\n<\/tr>\n<tr>\n<td>7.<\/td>\n<td align=\"center\">3 + 1<\/td>\n<td align=\"right\">55 : 1<\/td>\n<\/tr>\n<\/tbody>\n<\/table>\n","protected":false},"excerpt":{"rendered":"<p>Australian lotto Joka viikko, tiistaina ja torstaina, Australiassa j\u00e4rjestet\u00e4\u00e4n kaksi eritt\u00e4in j\u00e4nnitt\u00e4v\u00e4\u00e4 lottoa. Powerball- ja Oz Lotto -lippuja voi ostaa verkosta. Australian lottolippujen ostaminen verkosta on yht\u00e4 helppoa kuin &#8221;heitt\u00e4\u00e4 toinen katkarapu Barbien p\u00e4\u00e4lle&#8221;. Ihmiset pelaavat n\u00e4it\u00e4 lottoja s\u00e4\u00e4nn\u00f6llisesti korkeista, 50 miljoonan dollarin ja sit\u00e4 suuremmista j\u00e4ttipoteista. Molempien j\u00e4ttipottien kertoimet ovat melko suotuisat niiden kokoon [&hellip;]<\/p>\n","protected":false},"author":1,"featured_media":0,"parent":9280,"menu_order":9,"comment_status":"closed","ping_status":"closed","template":"","meta":{"footnotes":""},"class_list":["post-9667","page","type-page","status-publish","hentry"],"yoast_head":"<!-- This site is optimized with the Yoast SEO plugin v27.6 - https:\/\/yoast.com\/product\/yoast-seo-wordpress\/ -->\n<title>Osta Australian lottoliput netist\u00e4<\/title>\n<meta name=\"description\" content=\"Buying tickets online for Australian lotteries brings excitement to new levels.\" \/>\n<meta name=\"robots\" content=\"index, follow, max-snippet:-1, max-image-preview:large, max-video-preview:-1\" \/>\n<link rel=\"canonical\" href=\"https:\/\/gambling6.com\/fi\/arpajaiset\/hanki-australian-lottoliput-verkossa\/\" \/>\n<meta property=\"og:locale\" content=\"fi_FI\" \/>\n<meta property=\"og:type\" content=\"article\" \/>\n<meta property=\"og:title\" content=\"Osta Australian lottoliput netist\u00e4\" \/>\n<meta property=\"og:description\" content=\"Buying tickets online for Australian lotteries brings excitement to new levels.\" \/>\n<meta property=\"og:url\" content=\"https:\/\/gambling6.com\/fi\/arpajaiset\/hanki-australian-lottoliput-verkossa\/\" \/>\n<meta property=\"og:site_name\" content=\"Gambling6\" \/>\n<meta name=\"twitter:card\" content=\"summary_large_image\" \/>\n<meta name=\"twitter:label1\" content=\"Arvioitu lukuaika\" \/>\n\t<meta name=\"twitter:data1\" content=\"1 minuutti\" \/>\n<script type=\"application\/ld+json\" class=\"yoast-schema-graph\">{\"@context\":\"https:\\\/\\\/schema.org\",\"@graph\":[{\"@type\":\"WebPage\",\"@id\":\"https:\\\/\\\/gambling6.com\\\/fi\\\/arpajaiset\\\/hanki-australian-lottoliput-verkossa\\\/\",\"url\":\"https:\\\/\\\/gambling6.com\\\/fi\\\/arpajaiset\\\/hanki-australian-lottoliput-verkossa\\\/\",\"name\":\"Osta Australian lottoliput netist\u00e4\",\"isPartOf\":{\"@id\":\"https:\\\/\\\/gambling6.com\\\/fi\\\/#website\"},\"datePublished\":\"2025-11-11T09:29:40+00:00\",\"description\":\"Buying tickets online for Australian lotteries brings excitement to new levels.\",\"breadcrumb\":{\"@id\":\"https:\\\/\\\/gambling6.com\\\/fi\\\/arpajaiset\\\/hanki-australian-lottoliput-verkossa\\\/#breadcrumb\"},\"inLanguage\":\"fi\",\"potentialAction\":[{\"@type\":\"ReadAction\",\"target\":[\"https:\\\/\\\/gambling6.com\\\/fi\\\/arpajaiset\\\/hanki-australian-lottoliput-verkossa\\\/\"]}]},{\"@type\":\"BreadcrumbList\",\"@id\":\"https:\\\/\\\/gambling6.com\\\/fi\\\/arpajaiset\\\/hanki-australian-lottoliput-verkossa\\\/#breadcrumb\",\"itemListElement\":[{\"@type\":\"ListItem\",\"position\":1,\"name\":\"Home\",\"item\":\"https:\\\/\\\/gambling6.com\\\/fi\\\/home\\\/\"},{\"@type\":\"ListItem\",\"position\":2,\"name\":\"Arpajaiset\",\"item\":\"https:\\\/\\\/gambling6.com\\\/fi\\\/arpajaiset\\\/\"},{\"@type\":\"ListItem\",\"position\":3,\"name\":\"Hanki Australian lottoliput verkossa\"}]},{\"@type\":\"WebSite\",\"@id\":\"https:\\\/\\\/gambling6.com\\\/fi\\\/#website\",\"url\":\"https:\\\/\\\/gambling6.com\\\/fi\\\/\",\"name\":\"Gambling6\",\"description\":\"\",\"potentialAction\":[{\"@type\":\"SearchAction\",\"target\":{\"@type\":\"EntryPoint\",\"urlTemplate\":\"https:\\\/\\\/gambling6.com\\\/fi\\\/?s={search_term_string}\"},\"query-input\":{\"@type\":\"PropertyValueSpecification\",\"valueRequired\":true,\"valueName\":\"search_term_string\"}}],\"inLanguage\":\"fi\"}]}<\/script>\n<!-- \/ Yoast SEO plugin. -->","yoast_head_json":{"title":"Osta Australian lottoliput netist\u00e4","description":"Buying tickets online for Australian lotteries brings excitement to new levels.","robots":{"index":"index","follow":"follow","max-snippet":"max-snippet:-1","max-image-preview":"max-image-preview:large","max-video-preview":"max-video-preview:-1"},"canonical":"https:\/\/gambling6.com\/fi\/arpajaiset\/hanki-australian-lottoliput-verkossa\/","og_locale":"fi_FI","og_type":"article","og_title":"Osta Australian lottoliput netist\u00e4","og_description":"Buying tickets online for Australian lotteries brings excitement to new levels.","og_url":"https:\/\/gambling6.com\/fi\/arpajaiset\/hanki-australian-lottoliput-verkossa\/","og_site_name":"Gambling6","twitter_card":"summary_large_image","twitter_misc":{"Arvioitu lukuaika":"1 minuutti"},"schema":{"@context":"https:\/\/schema.org","@graph":[{"@type":"WebPage","@id":"https:\/\/gambling6.com\/fi\/arpajaiset\/hanki-australian-lottoliput-verkossa\/","url":"https:\/\/gambling6.com\/fi\/arpajaiset\/hanki-australian-lottoliput-verkossa\/","name":"Osta Australian lottoliput netist\u00e4","isPartOf":{"@id":"https:\/\/gambling6.com\/fi\/#website"},"datePublished":"2025-11-11T09:29:40+00:00","description":"Buying tickets online for Australian lotteries brings excitement to new levels.","breadcrumb":{"@id":"https:\/\/gambling6.com\/fi\/arpajaiset\/hanki-australian-lottoliput-verkossa\/#breadcrumb"},"inLanguage":"fi","potentialAction":[{"@type":"ReadAction","target":["https:\/\/gambling6.com\/fi\/arpajaiset\/hanki-australian-lottoliput-verkossa\/"]}]},{"@type":"BreadcrumbList","@id":"https:\/\/gambling6.com\/fi\/arpajaiset\/hanki-australian-lottoliput-verkossa\/#breadcrumb","itemListElement":[{"@type":"ListItem","position":1,"name":"Home","item":"https:\/\/gambling6.com\/fi\/home\/"},{"@type":"ListItem","position":2,"name":"Arpajaiset","item":"https:\/\/gambling6.com\/fi\/arpajaiset\/"},{"@type":"ListItem","position":3,"name":"Hanki Australian lottoliput verkossa"}]},{"@type":"WebSite","@id":"https:\/\/gambling6.com\/fi\/#website","url":"https:\/\/gambling6.com\/fi\/","name":"Gambling6","description":"","potentialAction":[{"@type":"SearchAction","target":{"@type":"EntryPoint","urlTemplate":"https:\/\/gambling6.com\/fi\/?s={search_term_string}"},"query-input":{"@type":"PropertyValueSpecification","valueRequired":true,"valueName":"search_term_string"}}],"inLanguage":"fi"}]}},"_links":{"self":[{"href":"https:\/\/gambling6.com\/fi\/wp-json\/wp\/v2\/pages\/9667","targetHints":{"allow":["GET"]}}],"collection":[{"href":"https:\/\/gambling6.com\/fi\/wp-json\/wp\/v2\/pages"}],"about":[{"href":"https:\/\/gambling6.com\/fi\/wp-json\/wp\/v2\/types\/page"}],"author":[{"embeddable":true,"href":"https:\/\/gambling6.com\/fi\/wp-json\/wp\/v2\/users\/1"}],"replies":[{"embeddable":true,"href":"https:\/\/gambling6.com\/fi\/wp-json\/wp\/v2\/comments?post=9667"}],"version-history":[{"count":0,"href":"https:\/\/gambling6.com\/fi\/wp-json\/wp\/v2\/pages\/9667\/revisions"}],"up":[{"embeddable":true,"href":"https:\/\/gambling6.com\/fi\/wp-json\/wp\/v2\/pages\/9280"}],"wp:attachment":[{"href":"https:\/\/gambling6.com\/fi\/wp-json\/wp\/v2\/media?parent=9667"}],"curies":[{"name":"wp","href":"https:\/\/api.w.org\/{rel}","templated":true}]}}